{"id":11593,"date":"2020-12-15T11:16:07","date_gmt":"2020-12-15T10:16:07","guid":{"rendered":"https:\/\/arteconfort.com\/producto\/non%20class\u00e9\/renoir\/"},"modified":"2022-03-16T15:56:48","modified_gmt":"2022-03-16T14:56:48","slug":"renoir","status":"publish","type":"product","link":"https:\/\/arteconfort.com\/fr\/producto\/renoir\/","title":{"rendered":"RENOIR"},"content":{"rendered":"<div class=\"wpb-content-wrapper\"><p>[vc_row][vc_column width=&#8221;1\/2&#8243;][vc_accordion collapsible=&#8221;true&#8221; active_tab=&#8221;false&#8221;][vc_accordion_tab title=&#8221;Caract\u00e9ristiques m\u00e9caniques&#8221;][vc_column_text]<strong>Dimensions<\/strong> 30x46cm<br \/>\n<strong>Mat\u00e9riau<\/strong> C\u00e9ramique et tissu<br \/>\n<b>Finition <\/b>Blanc<br \/>\n<strong>IP<\/strong> 20<br \/>\n<strong>Garantie<\/strong> 2 ans[\/vc_column_text][\/vc_accordion_tab][vc_accordion_tab title=&#8221;Caract\u00e9ristiques \u00e9lectriques&#8221;][vc_column_text]<b>Puissance <\/b>Max. 60W (Ampoule non incluse)<br \/>\n<strong>Alimentation \u00e9lectrique <\/strong>220-240Vac<br \/>\n<strong>Fr\u00e9quence<\/strong> 50Hz<br \/>\n<b>Douille <\/b>E27[\/vc_column_text][\/vc_accordion_tab][\/vc_accordion][\/vc_column][vc_column width=&#8221;1\/2&#8243;][vc_single_image image=&#8221;8518&#8243;][\/vc_column][\/vc_row]<\/p>\n<\/div>","protected":false},"excerpt":{"rendered":"<p>Avec un design simple et \u00e9l\u00e9gant, la lampe de table RENOIR illuminera votre pi\u00e8ce d&#8217;une mani\u00e8re unique. Cette lampe est compos\u00e9e d&#8217;un corps aux lignes sophistiqu\u00e9es et raffin\u00e9es en c\u00e9ramique et d&#8217;un abat-jour en lin, des mat\u00e9riaux naturels qui habilleront de mani\u00e8re chaleureuse et agr\u00e9able tout espace de votre maison.<br \/>\n<strong>Ref. RENOIRBL113<\/strong>[vc_row][vc_column offset=&#8221;vc_hidden-xs&#8221;][vc_empty_space height=&#8221;30px&#8221;][\/vc_column][\/vc_row][vc_row][vc_column][vc_row_inner][vc_column_inner][wyde_info_box icon_set=&#8221;simple_line&#8221; icon_simple_line=&#8221;sl-wrench&#8221; icon_position=&#8221;left&#8221; title=&#8221;MONTAGE ET NETTOYAGE FACILES&#8221;]Une maintenance \u00e0 moindre effort[\/wyde_info_box][vc_empty_space height=&#8221;15px&#8221;][\/vc_column_inner][\/vc_row_inner][\/vc_column][\/vc_row][vc_row][vc_column offset=&#8221;vc_hidden-xs&#8221;][vc_empty_space height=&#8221;60px&#8221;][\/vc_column][\/vc_row][vc_row][vc_column width=&#8221;1\/3&#8243;][wyde_link_button icon_set=&#8221;simple_line&#8221; icon_simple_line=&#8221;sl-settings&#8221; style=&#8221;round&#8221; title=&#8221;Instructions&#8221; link=&#8221;url:https%3A%2F%2Farteconfort.com%2Fwp-content%2Fuploads%2F2020%2F12%2Fim-RENOIR.pdf||target:%20_blank|rel:nofollow&#8221; color=&#8221;#ffffff&#8221; bg_color=&#8221;#222222&#8243;][\/vc_column][\/vc_row][vc_row][vc_column offset=&#8221;vc_hidden-xs&#8221;][vc_empty_space][\/vc_column][\/vc_row][vc_row][vc_column][vc_empty_space height=&#8221;20px&#8221;][\/vc_column][\/vc_row]<\/p>\n","protected":false},"featured_media":35531,"template":"","meta":[],"product_brand":[],"product_cat":[406],"product_tag":[],"class_list":{"0":"post-11593","1":"product","2":"type-product","3":"status-publish","4":"has-post-thumbnail","6":"product_cat-descatalogados-fr","8":"first","9":"instock","10":"shipping-taxable","11":"product-type-external"},"yoast_head":"<!-- This site is optimized with the Yoast SEO plugin v26.5 - https:\/\/yoast.com\/wordpress\/plugins\/seo\/ -->\n<title>RENOIR - Descatalogados - Arteconfort<\/title>\n<meta name=\"description\" content=\"Avec un design simple et \u00e9l\u00e9gant, la lampe de table RENOIR illuminera votre pi\u00e8ce d&#039;une mani\u00e8re unique. Cette lampe est compos\u00e9e d&#039;un corps aux lignes sophistiqu\u00e9es et raffin\u00e9es en c\u00e9ramique et d&#039;un abat-jour en lin, des mat\u00e9riaux naturels qui habilleront de mani\u00e8re chaleureuse et agr\u00e9able tout espace de votre maison. Ref. RENOIRBL113Une maintenance \u00e0 moindre effort\" \/>\n<meta name=\"robots\" content=\"index, follow, max-snippet:-1, max-image-preview:large, max-video-preview:-1\" \/>\n<link rel=\"canonical\" href=\"https:\/\/arteconfort.com\/fr\/producto\/renoir\/\" \/>\n<meta property=\"og:locale\" content=\"fr_FR\" \/>\n<meta property=\"og:type\" content=\"article\" \/>\n<meta property=\"og:title\" content=\"RENOIR - Descatalogados - Arteconfort\" \/>\n<meta property=\"og:description\" content=\"Avec un design simple et \u00e9l\u00e9gant, la lampe de table RENOIR illuminera votre pi\u00e8ce d&#039;une mani\u00e8re unique. Cette lampe est compos\u00e9e d&#039;un corps aux lignes sophistiqu\u00e9es et raffin\u00e9es en c\u00e9ramique et d&#039;un abat-jour en lin, des mat\u00e9riaux naturels qui habilleront de mani\u00e8re chaleureuse et agr\u00e9able tout espace de votre maison. Ref. RENOIRBL113Une maintenance \u00e0 moindre effort\" \/>\n<meta property=\"og:url\" content=\"https:\/\/arteconfort.com\/fr\/producto\/renoir\/\" \/>\n<meta property=\"og:site_name\" content=\"Arteconfort\" \/>\n<meta property=\"article:modified_time\" content=\"2022-03-16T14:56:48+00:00\" \/>\n<meta property=\"og:image\" content=\"https:\/\/arteconfort.com\/wp-content\/uploads\/2023\/10\/LAMPARA-RENOIR-1.webp\" \/>\n\t<meta property=\"og:image:width\" content=\"1024\" \/>\n\t<meta property=\"og:image:height\" content=\"1024\" \/>\n\t<meta property=\"og:image:type\" content=\"image\/webp\" \/>\n<meta name=\"twitter:card\" content=\"summary_large_image\" \/>\n<!-- \/ Yoast SEO plugin. -->","yoast_head_json":{"title":"RENOIR - Descatalogados - Arteconfort","description":"Avec un design simple et \u00e9l\u00e9gant, la lampe de table RENOIR illuminera votre pi\u00e8ce d'une mani\u00e8re unique. Cette lampe est compos\u00e9e d'un corps aux lignes sophistiqu\u00e9es et raffin\u00e9es en c\u00e9ramique et d'un abat-jour en lin, des mat\u00e9riaux naturels qui habilleront de mani\u00e8re chaleureuse et agr\u00e9able tout espace de votre maison. Ref. RENOIRBL113Une maintenance \u00e0 moindre effort","robots":{"index":"index","follow":"follow","max-snippet":"max-snippet:-1","max-image-preview":"max-image-preview:large","max-video-preview":"max-video-preview:-1"},"canonical":"https:\/\/arteconfort.com\/fr\/producto\/renoir\/","og_locale":"fr_FR","og_type":"article","og_title":"RENOIR - Descatalogados - Arteconfort","og_description":"Avec un design simple et \u00e9l\u00e9gant, la lampe de table RENOIR illuminera votre pi\u00e8ce d'une mani\u00e8re unique. Cette lampe est compos\u00e9e d'un corps aux lignes sophistiqu\u00e9es et raffin\u00e9es en c\u00e9ramique et d'un abat-jour en lin, des mat\u00e9riaux naturels qui habilleront de mani\u00e8re chaleureuse et agr\u00e9able tout espace de votre maison. Ref. RENOIRBL113Une maintenance \u00e0 moindre effort","og_url":"https:\/\/arteconfort.com\/fr\/producto\/renoir\/","og_site_name":"Arteconfort","article_modified_time":"2022-03-16T14:56:48+00:00","og_image":[{"width":1024,"height":1024,"url":"https:\/\/arteconfort.com\/wp-content\/uploads\/2023\/10\/LAMPARA-RENOIR-1.webp","type":"image\/webp"}],"twitter_card":"summary_large_image","schema":{"@context":"https:\/\/schema.org","@graph":[{"@type":"WebPage","@id":"https:\/\/arteconfort.com\/fr\/producto\/renoir\/","url":"https:\/\/arteconfort.com\/fr\/producto\/renoir\/","name":"RENOIR - Descatalogados - Arteconfort","isPartOf":{"@id":"https:\/\/arteconfort.com\/fr\/#website"},"primaryImageOfPage":{"@id":"https:\/\/arteconfort.com\/fr\/producto\/renoir\/#primaryimage"},"image":{"@id":"https:\/\/arteconfort.com\/fr\/producto\/renoir\/#primaryimage"},"thumbnailUrl":"https:\/\/arteconfort.com\/wp-content\/uploads\/2023\/10\/LAMPARA-RENOIR-1.webp","datePublished":"2020-12-15T10:16:07+00:00","dateModified":"2022-03-16T14:56:48+00:00","description":"Avec un design simple et \u00e9l\u00e9gant, la lampe de table RENOIR illuminera votre pi\u00e8ce d'une mani\u00e8re unique. Cette lampe est compos\u00e9e d'un corps aux lignes sophistiqu\u00e9es et raffin\u00e9es en c\u00e9ramique et d'un abat-jour en lin, des mat\u00e9riaux naturels qui habilleront de mani\u00e8re chaleureuse et agr\u00e9able tout espace de votre maison. Ref. RENOIRBL113Une maintenance \u00e0 moindre effort","breadcrumb":{"@id":"https:\/\/arteconfort.com\/fr\/producto\/renoir\/#breadcrumb"},"inLanguage":"fr-FR","potentialAction":[{"@type":"ReadAction","target":["https:\/\/arteconfort.com\/fr\/producto\/renoir\/"]}]},{"@type":"ImageObject","inLanguage":"fr-FR","@id":"https:\/\/arteconfort.com\/fr\/producto\/renoir\/#primaryimage","url":"https:\/\/arteconfort.com\/wp-content\/uploads\/2023\/10\/LAMPARA-RENOIR-1.webp","contentUrl":"https:\/\/arteconfort.com\/wp-content\/uploads\/2023\/10\/LAMPARA-RENOIR-1.webp","width":1024,"height":1024},{"@type":"BreadcrumbList","@id":"https:\/\/arteconfort.com\/fr\/producto\/renoir\/#breadcrumb","itemListElement":[{"@type":"ListItem","position":1,"name":"Inicio","item":"https:\/\/arteconfort.com\/fr\/"},{"@type":"ListItem","position":2,"name":"Boutique","item":"https:\/\/arteconfort.com\/fr\/boutique\/"},{"@type":"ListItem","position":3,"name":"RENOIR"}]},{"@type":"WebSite","@id":"https:\/\/arteconfort.com\/fr\/#website","url":"https:\/\/arteconfort.com\/fr\/","name":"Arteconfort","description":"Especialistas en productos del hogar","publisher":{"@id":"https:\/\/arteconfort.com\/fr\/#organization"},"potentialAction":[{"@type":"SearchAction","target":{"@type":"EntryPoint","urlTemplate":"https:\/\/arteconfort.com\/fr\/?s={search_term_string}"},"query-input":{"@type":"PropertyValueSpecification","valueRequired":true,"valueName":"search_term_string"}}],"inLanguage":"fr-FR"},{"@type":"Organization","@id":"https:\/\/arteconfort.com\/fr\/#organization","name":"Arteconfort","url":"https:\/\/arteconfort.com\/fr\/","logo":{"@type":"ImageObject","inLanguage":"fr-FR","@id":"https:\/\/arteconfort.com\/fr\/#\/schema\/logo\/image\/","url":"https:\/\/arteconfort.com\/wp-content\/uploads\/2019\/07\/logo-arteconfort.png","contentUrl":"https:\/\/arteconfort.com\/wp-content\/uploads\/2019\/07\/logo-arteconfort.png","width":230,"height":88,"caption":"Arteconfort"},"image":{"@id":"https:\/\/arteconfort.com\/fr\/#\/schema\/logo\/image\/"}}]}},"_links":{"self":[{"href":"https:\/\/arteconfort.com\/fr\/wp-json\/wp\/v2\/product\/11593","targetHints":{"allow":["GET"]}}],"collection":[{"href":"https:\/\/arteconfort.com\/fr\/wp-json\/wp\/v2\/product"}],"about":[{"href":"https:\/\/arteconfort.com\/fr\/wp-json\/wp\/v2\/types\/product"}],"wp:featuredmedia":[{"embeddable":true,"href":"https:\/\/arteconfort.com\/fr\/wp-json\/wp\/v2\/media\/35531"}],"wp:attachment":[{"href":"https:\/\/arteconfort.com\/fr\/wp-json\/wp\/v2\/media?parent=11593"}],"wp:term":[{"taxonomy":"product_brand","embeddable":true,"href":"https:\/\/arteconfort.com\/fr\/wp-json\/wp\/v2\/product_brand?post=11593"},{"taxonomy":"product_cat","embeddable":true,"href":"https:\/\/arteconfort.com\/fr\/wp-json\/wp\/v2\/product_cat?post=11593"},{"taxonomy":"product_tag","embeddable":true,"href":"https:\/\/arteconfort.com\/fr\/wp-json\/wp\/v2\/product_tag?post=11593"}],"curies":[{"name":"wp","href":"https:\/\/api.w.org\/{rel}","templated":true}]}}