{"id":11596,"date":"2019-08-27T10:19:55","date_gmt":"2019-08-27T08:19:55","guid":{"rendered":"https:\/\/arteconfort.com\/producto\/non%20class\u00e9\/teseo\/"},"modified":"2022-03-17T08:46:30","modified_gmt":"2022-03-17T07:46:30","slug":"teseo","status":"publish","type":"product","link":"https:\/\/arteconfort.com\/fr\/producto\/teseo\/","title":{"rendered":"TESEO"},"content":{"rendered":"<div class=\"wpb-content-wrapper\"><p>[vc_row][vc_column width=&#8221;1\/2&#8243;][vc_accordion collapsible=&#8221;true&#8221; active_tab=&#8221;false&#8221;][vc_accordion_tab title=&#8221;Caract\u00e9ristiques g\u00e9n\u00e9rales&#8221;][vc_column_text]<strong>Dimensions <\/strong>140x345x320mm<br \/>\n<b>Finition <\/b>Noir\/Blanc et argent<br \/>\n<strong>IP<\/strong> 20<br \/>\n<strong>Garantie<\/strong> 2 ans[\/vc_column_text][\/vc_accordion_tab][vc_accordion_tab title=&#8221;Caract\u00e9ristiques optiques&#8221;][vc_column_text]<strong>Dur\u00e9e<\/strong> 25.000h<br \/>\n<strong>IRC<\/strong> &gt;80<br \/>\n<strong>Angle d&#8217;ouverture <\/strong>120\u00ba<br \/>\n<strong>Convient pour l&#8217;accentuation <\/strong>Non<br \/>\n<strong>CCT<\/strong> 5000K<br \/>\n<strong>Flux lumineux <\/strong>385lm[\/vc_column_text][\/vc_accordion_tab][vc_accordion_tab title=&#8221;Caract\u00e9ristiques \u00e9lectriques&#8221;][vc_column_text]<b>Puissance <\/b>7W<br \/>\n<strong>Alimentation \u00e9lectrique\u00a0 <\/strong>220-240Vac<br \/>\n<strong>Fr\u00e9quence<\/strong> 50\/60Hz<br \/>\n<strong>Dimable<\/strong> Oui (3 niveaux)<br \/>\n<strong>Num\u00e9ro d&#8217;\u00e9clairage <\/strong>10.000<br \/>\n<strong>Temps d&#8217;allumage <\/strong>&lt;0,5s<br \/>\n<strong>Temps de chauffage <\/strong>&lt;2s[\/vc_column_text][\/vc_accordion_tab][\/vc_accordion][\/vc_column][vc_column width=&#8221;1\/2&#8243;][vc_single_image image=&#8221;6378&#8243;][\/vc_column][\/vc_row]<\/p>\n<\/div>","protected":false},"excerpt":{"rendered":"<p>Fonctionnalit\u00e9 et \u00e9l\u00e9gance sont r\u00e9unies dans le design de cette lampe flexo de type LED, avec une temp\u00e9rature r\u00e9glable en quatre intensit\u00e9s et une teinte de 5000K (lumi\u00e8re blanche). Compl\u00e9ment id\u00e9al pour les chambres, les salons et les salles \u00e0 manger.<br \/>\n<strong>Ref. modelo negro 01FLTES-007T503D12NGR20D<\/strong><br \/>\n<strong>Ref. modelo blanco y plata 01FLTES-007T503D12BYP20D<\/strong>[vc_row][vc_column offset=&#8221;vc_hidden-xs&#8221;][vc_empty_space height=&#8221;30px&#8221;][\/vc_column][\/vc_row][vc_row][vc_column][vc_row_inner][vc_column_inner][wyde_info_box icon_set=&#8221;simple_line&#8221; icon_simple_line=&#8221;sl-equalizer&#8221; icon_position=&#8221;left&#8221; title=&#8221;3 NIVEAUX DE R\u00c9GULATION&#8221;]Choisissez le niveau d&#8217;\u00e9clairage dont vous avez besoin[\/wyde_info_box][vc_empty_space height=&#8221;15px&#8221;][\/vc_column_inner][\/vc_row_inner][vc_row_inner][vc_column_inner][wyde_info_box icon_set=&#8221;simple_line&#8221; icon_simple_line=&#8221;sl-refresh&#8221; icon_position=&#8221;left&#8221; title=&#8221;T\u00caTE INCLINABLE&#8221;]Oriente la lampe pour un meilleur \u00e9clairage[\/wyde_info_box][vc_empty_space height=&#8221;15px&#8221;][\/vc_column_inner][\/vc_row_inner][\/vc_column][\/vc_row][vc_row][vc_column offset=&#8221;vc_hidden-xs&#8221;][vc_empty_space height=&#8221;60px&#8221;][\/vc_column][\/vc_row][vc_row][vc_column width=&#8221;1\/3&#8243;][wyde_link_button icon_set=&#8221;simple_line&#8221; icon_simple_line=&#8221;sl-settings&#8221; style=&#8221;round&#8221; title=&#8221;Instructions&#8221; link=&#8221;url:http%3A%2F%2Farteconfort.com%2Fwp-content%2Fuploads%2F2019%2F10%2FINSTRUCCIONES_FLEXOS_ARTESOLAR_A6_ENG_ESP_TESEO.pdf||target:%20_blank|rel:nofollow&#8221; color=&#8221;#ffffff&#8221; bg_color=&#8221;#222222&#8243;][\/vc_column][\/vc_row][vc_row][vc_column offset=&#8221;vc_hidden-xs&#8221;][vc_empty_space][\/vc_column][\/vc_row]<\/p>\n","protected":false},"featured_media":35051,"template":"","meta":[],"product_brand":[],"product_cat":[406],"product_tag":[],"class_list":{"0":"post-11596","1":"product","2":"type-product","3":"status-publish","4":"has-post-thumbnail","6":"product_cat-descatalogados-fr","8":"first","9":"instock","10":"shipping-taxable","11":"product-type-external"},"yoast_head":"<!-- This site is optimized with the Yoast SEO plugin v26.5 - https:\/\/yoast.com\/wordpress\/plugins\/seo\/ -->\n<title>TESEO - Descatalogados - Arteconfort<\/title>\n<meta name=\"description\" content=\"Fonctionnalit\u00e9 et \u00e9l\u00e9gance sont r\u00e9unies dans le design de cette lampe flexo de type LED, avec une temp\u00e9rature r\u00e9glable en quatre intensit\u00e9s et une teinte de 5000K (lumi\u00e8re blanche). Compl\u00e9ment id\u00e9al pour les chambres, les salons et les salles \u00e0 manger. Ref. modelo negro 01FLTES-007T503D12NGR20D Ref. modelo blanco y plata 01FLTES-007T503D12BYP20DChoisissez le niveau d&#039;\u00e9clairage dont vous avez besoinOriente la lampe pour un meilleur \u00e9clairage\" \/>\n<meta name=\"robots\" content=\"index, follow, max-snippet:-1, max-image-preview:large, max-video-preview:-1\" \/>\n<link rel=\"canonical\" href=\"https:\/\/arteconfort.com\/fr\/producto\/teseo\/\" \/>\n<meta property=\"og:locale\" content=\"fr_FR\" \/>\n<meta property=\"og:type\" content=\"article\" \/>\n<meta property=\"og:title\" content=\"TESEO - Descatalogados - Arteconfort\" \/>\n<meta property=\"og:description\" content=\"Fonctionnalit\u00e9 et \u00e9l\u00e9gance sont r\u00e9unies dans le design de cette lampe flexo de type LED, avec une temp\u00e9rature r\u00e9glable en quatre intensit\u00e9s et une teinte de 5000K (lumi\u00e8re blanche). Compl\u00e9ment id\u00e9al pour les chambres, les salons et les salles \u00e0 manger. Ref. modelo negro 01FLTES-007T503D12NGR20D Ref. modelo blanco y plata 01FLTES-007T503D12BYP20DChoisissez le niveau d&#039;\u00e9clairage dont vous avez besoinOriente la lampe pour un meilleur \u00e9clairage\" \/>\n<meta property=\"og:url\" content=\"https:\/\/arteconfort.com\/fr\/producto\/teseo\/\" \/>\n<meta property=\"og:site_name\" content=\"Arteconfort\" \/>\n<meta property=\"article:modified_time\" content=\"2022-03-17T07:46:30+00:00\" \/>\n<meta property=\"og:image\" content=\"https:\/\/arteconfort.com\/wp-content\/uploads\/2023\/10\/FLEXO-TESEO.webp\" \/>\n\t<meta property=\"og:image:width\" content=\"1024\" \/>\n\t<meta property=\"og:image:height\" content=\"1024\" \/>\n\t<meta property=\"og:image:type\" content=\"image\/webp\" \/>\n<meta name=\"twitter:card\" content=\"summary_large_image\" \/>\n<meta name=\"twitter:label1\" content=\"Dur\u00e9e de lecture estim\u00e9e\" \/>\n\t<meta name=\"twitter:data1\" content=\"1 minute\" \/>\n<!-- \/ Yoast SEO plugin. -->","yoast_head_json":{"title":"TESEO - Descatalogados - Arteconfort","description":"Fonctionnalit\u00e9 et \u00e9l\u00e9gance sont r\u00e9unies dans le design de cette lampe flexo de type LED, avec une temp\u00e9rature r\u00e9glable en quatre intensit\u00e9s et une teinte de 5000K (lumi\u00e8re blanche). Compl\u00e9ment id\u00e9al pour les chambres, les salons et les salles \u00e0 manger. Ref. modelo negro 01FLTES-007T503D12NGR20D Ref. modelo blanco y plata 01FLTES-007T503D12BYP20DChoisissez le niveau d'\u00e9clairage dont vous avez besoinOriente la lampe pour un meilleur \u00e9clairage","robots":{"index":"index","follow":"follow","max-snippet":"max-snippet:-1","max-image-preview":"max-image-preview:large","max-video-preview":"max-video-preview:-1"},"canonical":"https:\/\/arteconfort.com\/fr\/producto\/teseo\/","og_locale":"fr_FR","og_type":"article","og_title":"TESEO - Descatalogados - Arteconfort","og_description":"Fonctionnalit\u00e9 et \u00e9l\u00e9gance sont r\u00e9unies dans le design de cette lampe flexo de type LED, avec une temp\u00e9rature r\u00e9glable en quatre intensit\u00e9s et une teinte de 5000K (lumi\u00e8re blanche). Compl\u00e9ment id\u00e9al pour les chambres, les salons et les salles \u00e0 manger. Ref. modelo negro 01FLTES-007T503D12NGR20D Ref. modelo blanco y plata 01FLTES-007T503D12BYP20DChoisissez le niveau d'\u00e9clairage dont vous avez besoinOriente la lampe pour un meilleur \u00e9clairage","og_url":"https:\/\/arteconfort.com\/fr\/producto\/teseo\/","og_site_name":"Arteconfort","article_modified_time":"2022-03-17T07:46:30+00:00","og_image":[{"width":1024,"height":1024,"url":"https:\/\/arteconfort.com\/wp-content\/uploads\/2023\/10\/FLEXO-TESEO.webp","type":"image\/webp"}],"twitter_card":"summary_large_image","twitter_misc":{"Dur\u00e9e de lecture estim\u00e9e":"1 minute"},"schema":{"@context":"https:\/\/schema.org","@graph":[{"@type":"WebPage","@id":"https:\/\/arteconfort.com\/fr\/producto\/teseo\/","url":"https:\/\/arteconfort.com\/fr\/producto\/teseo\/","name":"TESEO - Descatalogados - Arteconfort","isPartOf":{"@id":"https:\/\/arteconfort.com\/fr\/#website"},"primaryImageOfPage":{"@id":"https:\/\/arteconfort.com\/fr\/producto\/teseo\/#primaryimage"},"image":{"@id":"https:\/\/arteconfort.com\/fr\/producto\/teseo\/#primaryimage"},"thumbnailUrl":"https:\/\/arteconfort.com\/wp-content\/uploads\/2023\/10\/FLEXO-TESEO.webp","datePublished":"2019-08-27T08:19:55+00:00","dateModified":"2022-03-17T07:46:30+00:00","description":"Fonctionnalit\u00e9 et \u00e9l\u00e9gance sont r\u00e9unies dans le design de cette lampe flexo de type LED, avec une temp\u00e9rature r\u00e9glable en quatre intensit\u00e9s et une teinte de 5000K (lumi\u00e8re blanche). Compl\u00e9ment id\u00e9al pour les chambres, les salons et les salles \u00e0 manger. Ref. modelo negro 01FLTES-007T503D12NGR20D Ref. modelo blanco y plata 01FLTES-007T503D12BYP20DChoisissez le niveau d'\u00e9clairage dont vous avez besoinOriente la lampe pour un meilleur \u00e9clairage","breadcrumb":{"@id":"https:\/\/arteconfort.com\/fr\/producto\/teseo\/#breadcrumb"},"inLanguage":"fr-FR","potentialAction":[{"@type":"ReadAction","target":["https:\/\/arteconfort.com\/fr\/producto\/teseo\/"]}]},{"@type":"ImageObject","inLanguage":"fr-FR","@id":"https:\/\/arteconfort.com\/fr\/producto\/teseo\/#primaryimage","url":"https:\/\/arteconfort.com\/wp-content\/uploads\/2023\/10\/FLEXO-TESEO.webp","contentUrl":"https:\/\/arteconfort.com\/wp-content\/uploads\/2023\/10\/FLEXO-TESEO.webp","width":1024,"height":1024},{"@type":"BreadcrumbList","@id":"https:\/\/arteconfort.com\/fr\/producto\/teseo\/#breadcrumb","itemListElement":[{"@type":"ListItem","position":1,"name":"Inicio","item":"https:\/\/arteconfort.com\/fr\/"},{"@type":"ListItem","position":2,"name":"Boutique","item":"https:\/\/arteconfort.com\/fr\/boutique\/"},{"@type":"ListItem","position":3,"name":"TESEO"}]},{"@type":"WebSite","@id":"https:\/\/arteconfort.com\/fr\/#website","url":"https:\/\/arteconfort.com\/fr\/","name":"Arteconfort","description":"Especialistas en productos del hogar","publisher":{"@id":"https:\/\/arteconfort.com\/fr\/#organization"},"potentialAction":[{"@type":"SearchAction","target":{"@type":"EntryPoint","urlTemplate":"https:\/\/arteconfort.com\/fr\/?s={search_term_string}"},"query-input":{"@type":"PropertyValueSpecification","valueRequired":true,"valueName":"search_term_string"}}],"inLanguage":"fr-FR"},{"@type":"Organization","@id":"https:\/\/arteconfort.com\/fr\/#organization","name":"Arteconfort","url":"https:\/\/arteconfort.com\/fr\/","logo":{"@type":"ImageObject","inLanguage":"fr-FR","@id":"https:\/\/arteconfort.com\/fr\/#\/schema\/logo\/image\/","url":"https:\/\/arteconfort.com\/wp-content\/uploads\/2019\/07\/logo-arteconfort.png","contentUrl":"https:\/\/arteconfort.com\/wp-content\/uploads\/2019\/07\/logo-arteconfort.png","width":230,"height":88,"caption":"Arteconfort"},"image":{"@id":"https:\/\/arteconfort.com\/fr\/#\/schema\/logo\/image\/"}}]}},"_links":{"self":[{"href":"https:\/\/arteconfort.com\/fr\/wp-json\/wp\/v2\/product\/11596","targetHints":{"allow":["GET"]}}],"collection":[{"href":"https:\/\/arteconfort.com\/fr\/wp-json\/wp\/v2\/product"}],"about":[{"href":"https:\/\/arteconfort.com\/fr\/wp-json\/wp\/v2\/types\/product"}],"wp:featuredmedia":[{"embeddable":true,"href":"https:\/\/arteconfort.com\/fr\/wp-json\/wp\/v2\/media\/35051"}],"wp:attachment":[{"href":"https:\/\/arteconfort.com\/fr\/wp-json\/wp\/v2\/media?parent=11596"}],"wp:term":[{"taxonomy":"product_brand","embeddable":true,"href":"https:\/\/arteconfort.com\/fr\/wp-json\/wp\/v2\/product_brand?post=11596"},{"taxonomy":"product_cat","embeddable":true,"href":"https:\/\/arteconfort.com\/fr\/wp-json\/wp\/v2\/product_cat?post=11596"},{"taxonomy":"product_tag","embeddable":true,"href":"https:\/\/arteconfort.com\/fr\/wp-json\/wp\/v2\/product_tag?post=11596"}],"curies":[{"name":"wp","href":"https:\/\/api.w.org\/{rel}","templated":true}]}}