{"id":12382,"date":"2021-06-02T11:19:37","date_gmt":"2021-06-02T09:19:37","guid":{"rendered":"https:\/\/arteconfort.com\/?post_type=product&#038;p=12382"},"modified":"2022-03-11T08:50:45","modified_gmt":"2022-03-11T07:50:45","slug":"mirror","status":"publish","type":"product","link":"https:\/\/arteconfort.com\/fr\/producto\/mirror\/","title":{"rendered":"MIRROR"},"content":{"rendered":"<div class=\"wpb-content-wrapper\"><p>[vc_row][vc_column][vc_row_inner][vc_column_inner width=&#8221;1\/4&#8243; offset=&#8221;vc_col-xs-6&#8243;][wyde_info_box icon_set=&#8221;simple_line&#8221; icon_simple_line=&#8221;sl-bulb&#8221; title=&#8221;M\u00c9MOIRE DE TEMP\u00c9RATURE DE COULEUR&#8221;]Cr\u00e9ez votre environnement[\/wyde_info_box][\/vc_column_inner][vc_column_inner width=&#8221;1\/4&#8243; offset=&#8221;vc_col-xs-6&#8243;][wyde_info_box icon_set=&#8221;bigmug_line&#8221; icon_bigmug_line=&#8221;bigmug-line-clone&#8221; title=&#8221;Y COMPRIS L&#8217;ADH\u00c9SIF&#8221;]Vous pouvez le coller au mur[\/wyde_info_box][\/vc_column_inner][vc_column_inner width=&#8221;1\/4&#8243; offset=&#8221;vc_col-xs-6&#8243;][wyde_info_box icon_set=&#8221;simple_line&#8221; icon_simple_line=&#8221;sl-power&#8221; title=&#8221;CHARGE USB&#8221;]Pour un chargement plus facile (fiche non incluse)[\/wyde_info_box][\/vc_column_inner][\/vc_row_inner][vc_row_inner][vc_column_inner offset=&#8221;vc_hidden-xs&#8221;][vc_empty_space height=&#8221;60px&#8221;][\/vc_column_inner][\/vc_row_inner][\/vc_column][\/vc_row][vc_row][vc_column width=&#8221;1\/2&#8243;][vc_accordion collapsible=&#8221;true&#8221; active_tab=&#8221;false&#8221;][vc_accordion_tab title=&#8221;Caract\u00e9ristiques m\u00e9caniques&#8221;][vc_column_text]<strong>Dimensions<\/strong> 4,5&#215;4,8&#215;4,5cm<em><br \/>\n<\/em><strong>Mat\u00e9riau<\/strong> Plastique<br \/>\n<strong>IP<\/strong> 44<br \/>\n<strong>Garantie<\/strong> 2 ans[\/vc_column_text][\/vc_accordion_tab][vc_accordion_tab title=&#8221;Caract\u00e9ristiques optiques&#8221;][vc_column_text]<br \/>\n<strong>Couleur de lumi\u00e8re<\/strong> R\u00e9glable sur 9 niveaux<br \/>\n<strong>Dur\u00e9e<\/strong> 10.000h<br \/>\n<b>Chargement via USB <\/b>5V 2A<br \/>\n<strong>Num\u00e9ro d&#8217;ampoules<\/strong> 10<br \/>\n<strong>Puissance<\/strong> 8,5W<br \/>\n<strong>Flux lumineux<\/strong> 700lm<br \/>\n<strong>Temp\u00e9rature de couleur<\/strong> 3000K\/4000K\/6000L<br \/>\n<strong>Angle d&#8217;ouverture<\/strong> 360\u00ba<br \/>\n<strong>Num\u00e9ro d&#8217;allumage<\/strong> 50.000[\/vc_column_text][\/vc_accordion_tab][\/vc_accordion][\/vc_column][vc_column width=&#8221;1\/2&#8243;][vc_single_image image=&#8221;10065&#8243;][\/vc_column][\/vc_row]<\/p>\n<\/div>","protected":false},"excerpt":{"rendered":"<p>Habillez vos murs avec cette lampe miroir, parfaite pour remplir votre maison de lumi\u00e8re et d&#8217;originalit\u00e9 \u00e0 tout moment de l&#8217;ann\u00e9e. En ce qui concerne l&#8217;installation, vous pouvez le coller au mur avec l&#8217;adh\u00e9sif fourni.<br \/>\n<strong>Ref. MIRRORBL115<\/strong>[vc_row][vc_column offset=&#8221;vc_hidden-xs&#8221;][vc_empty_space height=&#8221;30px&#8221;][\/vc_column][\/vc_row][vc_row][vc_column][vc_row_inner][vc_column_inner][wyde_info_box icon_set=&#8221;simple_line&#8221; icon_simple_line=&#8221;sl-eye&#8221; icon_position=&#8221;left&#8221; title=&#8221;RENDU DES COULEURS \u00c9LEV\u00c9 (&gt;90)&#8221;]Des couleurs plus r\u00e9alistes[\/wyde_info_box][vc_empty_space height=&#8221;15px&#8221;][\/vc_column_inner][\/vc_row_inner][vc_row_inner][vc_column_inner][wyde_info_box icon_set=&#8221;simple_line&#8221; icon_simple_line=&#8221;sl-bulb&#8221; icon_position=&#8221;left&#8221; title=&#8221;3 TEMP\u00c9RATURES DE COULEUR&#8221;]Aide \u00e0 r\u00e9guler les cycles circadiens[\/wyde_info_box][vc_empty_space height=&#8221;15px&#8221;][\/vc_column_inner][\/vc_row_inner][vc_row_inner][vc_column_inner][wyde_info_box icon_set=&#8221;bigmug_line&#8221; icon_bigmug_line=&#8221;bigmug-line-equalizar2&#8243; icon_position=&#8221;left&#8221; title=&#8221;LUMI\u00c8RE DIMMABLE&#8221;]9 niveaux (\u00e9chelonn\u00e9s ou progressifs)[\/wyde_info_box][vc_empty_space height=&#8221;15px&#8221;][\/vc_column_inner][\/vc_row_inner][vc_row][vc_column offset=&#8221;vc_hidden-xs&#8221;][vc_empty_space height=&#8221;60px&#8221;][\/vc_column][\/vc_row][vc_row][vc_column width=&#8221;1\/3&#8243;][wyde_link_button icon_set=&#8221;simple_line&#8221; icon_simple_line=&#8221;sl-settings&#8221; style=&#8221;round&#8221; title=&#8221;Instructions&#8221; link=&#8221;url:http%3A%2F%2Farteconfort.com%2Fwp-content%2Fuploads%2F2021%2F07%2Fim-MIRROR.pdf||target:%20_blank|rel:nofollow&#8221; color=&#8221;#ffffff&#8221; bg_color=&#8221;#222222&#8243;][\/vc_column][vc_column width=&#8221;1\/3&#8243;][\/vc_column][\/vc_row][vc_row][vc_column offset=&#8221;vc_hidden-xs&#8221;][vc_empty_space][\/vc_column][\/vc_row][vc_row][vc_column][vc_empty_space height=&#8221;20px&#8221;][\/vc_column][\/vc_row][vc_row background_mode=&#8221;color&#8221; background_color=&#8221;#f5f5f5&#8243;][vc_column text_align=&#8221;center&#8221;][vc_row_inner padding_size=&#8221;m-padding&#8221;][vc_column_inner text_align=&#8221;center&#8221;][vc_single_image alignment=&#8221;center&#8221; image=&#8221;1046&#8243;][vc_column_text]Retrouvez cette lampe LED en vente exclusivement chez LEROY MERLIN[\/vc_column_text][vc_empty_space height=&#8221;15px&#8221;][wyde_link_button icon_set=&#8221;simple_line&#8221; icon_simple_line=&#8221;sl-login&#8221; style=&#8221;outline round&#8221; title=&#8221;Se connecter \u00e0 Leroy Merlin&#8221; link=&#8221;url:https%3A%2F%2Fwww.leroymerlin.es\/fp\/89159839\/aplique-de-10-luces-para-espejo-8-5w||target:%20_blank|rel:nofollow&#8221; color=&#8221;#61b4e4&#8243; hover_color=&#8221;#ffffff&#8221;][\/vc_column_inner][\/vc_row_inner][\/vc_column][\/vc_row]<\/p>\n","protected":false},"featured_media":19689,"template":"","meta":[],"product_brand":[],"product_cat":[1047,347,363],"product_tag":[],"class_list":{"0":"post-12382","1":"product","2":"type-product","3":"status-publish","4":"has-post-thumbnail","6":"product_cat-coleccion-antigua-fr","7":"product_cat-iluminacion-fr","8":"product_cat-neon-fr","10":"first","11":"instock","12":"shipping-taxable","13":"product-type-simple"},"yoast_head":"<!-- This site is optimized with the Yoast SEO plugin v26.5 - https:\/\/yoast.com\/wordpress\/plugins\/seo\/ -->\n<title>MIRROR - colecci\u00f3n antigua, Iluminaci\u00f3n, Ne\u00f3n - Arteconfort<\/title>\n<meta name=\"description\" content=\"Habillez vos murs avec cette lampe miroir, parfaite pour remplir votre maison de lumi\u00e8re et d&#039;originalit\u00e9 \u00e0 tout moment de l&#039;ann\u00e9e. En ce qui concerne l&#039;installation, vous pouvez le coller au mur avec l&#039;adh\u00e9sif fourni. Ref. MIRRORBL115Des couleurs plus r\u00e9alistesAide \u00e0 r\u00e9guler les cycles circadiens9 niveaux (\u00e9chelonn\u00e9s ou progressifs)Retrouvez cette lampe LED en vente exclusivement chez LEROY MERLIN\" \/>\n<meta name=\"robots\" content=\"index, follow, max-snippet:-1, max-image-preview:large, max-video-preview:-1\" \/>\n<link rel=\"canonical\" href=\"https:\/\/arteconfort.com\/fr\/producto\/mirror\/\" \/>\n<meta property=\"og:locale\" content=\"fr_FR\" \/>\n<meta property=\"og:type\" content=\"article\" \/>\n<meta property=\"og:title\" content=\"MIRROR - colecci\u00f3n antigua, Iluminaci\u00f3n, Ne\u00f3n - Arteconfort\" \/>\n<meta property=\"og:description\" content=\"Habillez vos murs avec cette lampe miroir, parfaite pour remplir votre maison de lumi\u00e8re et d&#039;originalit\u00e9 \u00e0 tout moment de l&#039;ann\u00e9e. En ce qui concerne l&#039;installation, vous pouvez le coller au mur avec l&#039;adh\u00e9sif fourni. Ref. MIRRORBL115Des couleurs plus r\u00e9alistesAide \u00e0 r\u00e9guler les cycles circadiens9 niveaux (\u00e9chelonn\u00e9s ou progressifs)Retrouvez cette lampe LED en vente exclusivement chez LEROY MERLIN\" \/>\n<meta property=\"og:url\" content=\"https:\/\/arteconfort.com\/fr\/producto\/mirror\/\" \/>\n<meta property=\"og:site_name\" content=\"Arteconfort\" \/>\n<meta property=\"article:modified_time\" content=\"2022-03-11T07:50:45+00:00\" \/>\n<meta property=\"og:image\" content=\"https:\/\/arteconfort.com\/wp-content\/uploads\/2021\/06\/MIRROR-ambiente2-1.jpg\" \/>\n\t<meta property=\"og:image:width\" content=\"1024\" \/>\n\t<meta property=\"og:image:height\" content=\"1024\" \/>\n\t<meta property=\"og:image:type\" content=\"image\/jpeg\" \/>\n<meta name=\"twitter:card\" content=\"summary_large_image\" \/>\n<meta name=\"twitter:label1\" content=\"Dur\u00e9e de lecture estim\u00e9e\" \/>\n\t<meta name=\"twitter:data1\" content=\"1 minute\" \/>\n<!-- \/ Yoast SEO plugin. -->","yoast_head_json":{"title":"MIRROR - colecci\u00f3n antigua, Iluminaci\u00f3n, Ne\u00f3n - Arteconfort","description":"Habillez vos murs avec cette lampe miroir, parfaite pour remplir votre maison de lumi\u00e8re et d'originalit\u00e9 \u00e0 tout moment de l'ann\u00e9e. En ce qui concerne l'installation, vous pouvez le coller au mur avec l'adh\u00e9sif fourni. Ref. MIRRORBL115Des couleurs plus r\u00e9alistesAide \u00e0 r\u00e9guler les cycles circadiens9 niveaux (\u00e9chelonn\u00e9s ou progressifs)Retrouvez cette lampe LED en vente exclusivement chez LEROY MERLIN","robots":{"index":"index","follow":"follow","max-snippet":"max-snippet:-1","max-image-preview":"max-image-preview:large","max-video-preview":"max-video-preview:-1"},"canonical":"https:\/\/arteconfort.com\/fr\/producto\/mirror\/","og_locale":"fr_FR","og_type":"article","og_title":"MIRROR - colecci\u00f3n antigua, Iluminaci\u00f3n, Ne\u00f3n - Arteconfort","og_description":"Habillez vos murs avec cette lampe miroir, parfaite pour remplir votre maison de lumi\u00e8re et d'originalit\u00e9 \u00e0 tout moment de l'ann\u00e9e. En ce qui concerne l'installation, vous pouvez le coller au mur avec l'adh\u00e9sif fourni. Ref. MIRRORBL115Des couleurs plus r\u00e9alistesAide \u00e0 r\u00e9guler les cycles circadiens9 niveaux (\u00e9chelonn\u00e9s ou progressifs)Retrouvez cette lampe LED en vente exclusivement chez LEROY MERLIN","og_url":"https:\/\/arteconfort.com\/fr\/producto\/mirror\/","og_site_name":"Arteconfort","article_modified_time":"2022-03-11T07:50:45+00:00","og_image":[{"width":1024,"height":1024,"url":"https:\/\/arteconfort.com\/wp-content\/uploads\/2021\/06\/MIRROR-ambiente2-1.jpg","type":"image\/jpeg"}],"twitter_card":"summary_large_image","twitter_misc":{"Dur\u00e9e de lecture estim\u00e9e":"1 minute"},"schema":{"@context":"https:\/\/schema.org","@graph":[{"@type":"WebPage","@id":"https:\/\/arteconfort.com\/fr\/producto\/mirror\/","url":"https:\/\/arteconfort.com\/fr\/producto\/mirror\/","name":"MIRROR - colecci\u00f3n antigua, Iluminaci\u00f3n, Ne\u00f3n - Arteconfort","isPartOf":{"@id":"https:\/\/arteconfort.com\/fr\/#website"},"primaryImageOfPage":{"@id":"https:\/\/arteconfort.com\/fr\/producto\/mirror\/#primaryimage"},"image":{"@id":"https:\/\/arteconfort.com\/fr\/producto\/mirror\/#primaryimage"},"thumbnailUrl":"https:\/\/arteconfort.com\/wp-content\/uploads\/2021\/06\/MIRROR-ambiente2-1.jpg","datePublished":"2021-06-02T09:19:37+00:00","dateModified":"2022-03-11T07:50:45+00:00","description":"Habillez vos murs avec cette lampe miroir, parfaite pour remplir votre maison de lumi\u00e8re et d'originalit\u00e9 \u00e0 tout moment de l'ann\u00e9e. En ce qui concerne l'installation, vous pouvez le coller au mur avec l'adh\u00e9sif fourni. Ref. MIRRORBL115Des couleurs plus r\u00e9alistesAide \u00e0 r\u00e9guler les cycles circadiens9 niveaux (\u00e9chelonn\u00e9s ou progressifs)Retrouvez cette lampe LED en vente exclusivement chez LEROY MERLIN","breadcrumb":{"@id":"https:\/\/arteconfort.com\/fr\/producto\/mirror\/#breadcrumb"},"inLanguage":"fr-FR","potentialAction":[{"@type":"ReadAction","target":["https:\/\/arteconfort.com\/fr\/producto\/mirror\/"]}]},{"@type":"ImageObject","inLanguage":"fr-FR","@id":"https:\/\/arteconfort.com\/fr\/producto\/mirror\/#primaryimage","url":"https:\/\/arteconfort.com\/wp-content\/uploads\/2021\/06\/MIRROR-ambiente2-1.jpg","contentUrl":"https:\/\/arteconfort.com\/wp-content\/uploads\/2021\/06\/MIRROR-ambiente2-1.jpg","width":1024,"height":1024,"caption":"Bombillas LED de MIRROR con adhesivo"},{"@type":"BreadcrumbList","@id":"https:\/\/arteconfort.com\/fr\/producto\/mirror\/#breadcrumb","itemListElement":[{"@type":"ListItem","position":1,"name":"Inicio","item":"https:\/\/arteconfort.com\/fr\/"},{"@type":"ListItem","position":2,"name":"Boutique","item":"https:\/\/arteconfort.com\/fr\/boutique\/"},{"@type":"ListItem","position":3,"name":"MIRROR"}]},{"@type":"WebSite","@id":"https:\/\/arteconfort.com\/fr\/#website","url":"https:\/\/arteconfort.com\/fr\/","name":"Arteconfort","description":"Especialistas en productos del hogar","publisher":{"@id":"https:\/\/arteconfort.com\/fr\/#organization"},"potentialAction":[{"@type":"SearchAction","target":{"@type":"EntryPoint","urlTemplate":"https:\/\/arteconfort.com\/fr\/?s={search_term_string}"},"query-input":{"@type":"PropertyValueSpecification","valueRequired":true,"valueName":"search_term_string"}}],"inLanguage":"fr-FR"},{"@type":"Organization","@id":"https:\/\/arteconfort.com\/fr\/#organization","name":"Arteconfort","url":"https:\/\/arteconfort.com\/fr\/","logo":{"@type":"ImageObject","inLanguage":"fr-FR","@id":"https:\/\/arteconfort.com\/fr\/#\/schema\/logo\/image\/","url":"https:\/\/arteconfort.com\/wp-content\/uploads\/2019\/07\/logo-arteconfort.png","contentUrl":"https:\/\/arteconfort.com\/wp-content\/uploads\/2019\/07\/logo-arteconfort.png","width":230,"height":88,"caption":"Arteconfort"},"image":{"@id":"https:\/\/arteconfort.com\/fr\/#\/schema\/logo\/image\/"}}]}},"_links":{"self":[{"href":"https:\/\/arteconfort.com\/fr\/wp-json\/wp\/v2\/product\/12382","targetHints":{"allow":["GET"]}}],"collection":[{"href":"https:\/\/arteconfort.com\/fr\/wp-json\/wp\/v2\/product"}],"about":[{"href":"https:\/\/arteconfort.com\/fr\/wp-json\/wp\/v2\/types\/product"}],"wp:featuredmedia":[{"embeddable":true,"href":"https:\/\/arteconfort.com\/fr\/wp-json\/wp\/v2\/media\/19689"}],"wp:attachment":[{"href":"https:\/\/arteconfort.com\/fr\/wp-json\/wp\/v2\/media?parent=12382"}],"wp:term":[{"taxonomy":"product_brand","embeddable":true,"href":"https:\/\/arteconfort.com\/fr\/wp-json\/wp\/v2\/product_brand?post=12382"},{"taxonomy":"product_cat","embeddable":true,"href":"https:\/\/arteconfort.com\/fr\/wp-json\/wp\/v2\/product_cat?post=12382"},{"taxonomy":"product_tag","embeddable":true,"href":"https:\/\/arteconfort.com\/fr\/wp-json\/wp\/v2\/product_tag?post=12382"}],"curies":[{"name":"wp","href":"https:\/\/api.w.org\/{rel}","templated":true}]}}