{"id":13506,"date":"2021-09-13T08:04:19","date_gmt":"2021-09-13T06:04:19","guid":{"rendered":"https:\/\/arteconfort.com\/?post_type=product&#038;p=13506"},"modified":"2022-04-08T13:20:10","modified_gmt":"2022-04-08T11:20:10","slug":"borealis-l-color","status":"publish","type":"product","link":"https:\/\/arteconfort.com\/fr\/producto\/borealis-l-color\/","title":{"rendered":"BOREALIS L COLOR"},"content":{"rendered":"<div class=\"wpb-content-wrapper\"><p>[vc_row][vc_column][vc_row_inner][vc_column_inner width=&#8221;1\/4&#8243; offset=&#8221;vc_col-xs-6&#8243;][wyde_info_box icon_set=&#8221;bigmug_line&#8221; icon_bigmug_line=&#8221;bigmug-line-foggy-sun&#8221; title=&#8221;PANNEAU SOLAIRE AVEC UNE PLUS GRANDE SURFACE&#8221;]Am\u00e9lioration de la charge gr\u00e2ce \u00e0 l&#8217;augmentation du gain solaire et \u00e0 l&#8217;am\u00e9lioration de la qualit\u00e9 des panneaux avec une conversion \u00e9nerg\u00e9tique accrue[\/wyde_info_box][\/vc_column_inner][vc_column_inner width=&#8221;1\/4&#8243; offset=&#8221;vc_col-xs-6&#8243;][wyde_info_box icon_set=&#8221;simple_line&#8221; icon_simple_line=&#8221;sl-rocket&#8221; title=&#8221;BATTERIE \u00c0 RENDEMENT ET CAPACIT\u00c9 PLUS \u00c9LEV\u00c9S&#8221;]Pour une autonomie plus longue[\/wyde_info_box][\/vc_column_inner][vc_column_inner width=&#8221;1\/4&#8243; offset=&#8221;vc_col-xs-6&#8243;][wyde_info_box icon_set=&#8221;simple_line&#8221; icon_simple_line=&#8221;sl-power&#8221; title=&#8221;IGNITION FACILE&#8221;]Il poss\u00e8de deux boutons : ON\/OFF et changement de mode de fonctionnement[\/wyde_info_box][\/vc_column_inner][vc_column_inner width=&#8221;1\/4&#8243; offset=&#8221;vc_col-xs-6&#8243;][wyde_info_box icon_set=&#8221;simple_line&#8221; icon_simple_line=&#8221;sl-like&#8221; title=&#8221;INSTALLATION FACILE&#8221;]Il suffit de planter le panneau solaire dans le sol et de suspendre la guirlande, sans aucun raccordement \u00e9lectrique[\/wyde_info_box][\/vc_column_inner][\/vc_row_inner][vc_row_inner][vc_column_inner offset=&#8221;vc_hidden-xs&#8221;][vc_empty_space][\/vc_column_inner][\/vc_row_inner][vc_row_inner][vc_column_inner offset=&#8221;vc_hidden-xs&#8221;][vc_empty_space height=&#8221;60px&#8221;][\/vc_column_inner][\/vc_row_inner][\/vc_column][\/vc_row][vc_row][vc_column width=&#8221;1\/2&#8243;][vc_accordion collapsible=&#8221;true&#8221; active_tab=&#8221;false&#8221;][vc_accordion_tab title=&#8221;Caract\u00e9ristiques g\u00e9n\u00e9rales&#8221;][vc_column_text]<strong>Dimensions<\/strong> 8m (2m de c\u00e2ble)<br \/>\n<strong>Material<\/strong> ABS + verre<br \/>\n<strong>Ampoule<\/strong> G40 Filament LED<br \/>\n<strong>Finition<\/strong> Noire<br \/>\n<strong>IP<\/strong> 65<br \/>\n<strong>Garantie<\/strong> 3 ans[\/vc_column_text][\/vc_accordion_tab][vc_accordion_tab title=&#8221;Panneau solaire&#8221;][vc_column_text]<strong>Mat\u00e9riau<\/strong> Polycristallin<br \/>\n<strong>Type d&#8217;encapsulation<\/strong> PET<br \/>\n<strong>Tension<\/strong> 5,5 V [\/vc_column_text][\/vc_accordion_tab][vc_accordion_tab title=&#8221;Batterie&#8221;][vc_column_text]<strong>Type de batterie<\/strong>\u00a0Li-ion<br \/>\n<strong>Capacidade<\/strong> 4.400mAh<br \/>\n<strong>Temps de charge<\/strong> 8h-12h<br \/>\n<strong>Autonomie<\/strong> 8h[\/vc_column_text][\/vc_accordion_tab][vc_accordion_tab title=&#8221;LED&#8221;][vc_column_text]<strong>Num\u00e9ro de LED<\/strong> 25 + 2 gratuits<br \/>\n<strong>Angle d&#8217;ouverture<\/strong> 270\u00ba<br \/>\n<strong>Duration<\/strong> 15.000 heures<br \/>\n<strong>CCT<\/strong> Des lumi\u00e8res de diff\u00e9rentes couleurs<br \/>\n[\/vc_column_text][\/vc_accordion_tab][vc_accordion_tab title=&#8221;Modes de fonctionnement&#8221;][vc_column_text]<strong>4 modes d&#8217;allumage<\/strong>[\/vc_column_text][\/vc_accordion_tab][vc_accordion_tab title=&#8221;Sensor&#8221;][vc_column_text]<strong>Sensor<\/strong> Non[\/vc_column_text][\/vc_accordion_tab][\/vc_accordion][\/vc_column][vc_column width=&#8221;1\/2&#8243;][vc_single_image image=&#8221;13497&#8243;][\/vc_column][\/vc_row]<\/p>\n<\/div>","protected":false},"excerpt":{"rendered":"<p>Ajoutez un effet magnifique et amusant \u00e0 votre jardin ou \u00e0 votre terrasse gr\u00e2ce \u00e0 l&#8217;\u00e9clairage d\u00e9coratif de cette guirlande solaire qui comprend 25 ampoules en verre (plus 2 gratuites). Il dispose \u00e9galement de 4 modes de fonctionnement \u00e0 choisir en fonction du type d&#8217;atmosph\u00e8re que vous souhaitez donner \u00e0 votre pi\u00e8ce ext\u00e9rieure et int\u00e8gre un panneau solaire et une charge USB. L&#8217;emballage de ce produit est \u00e9cologique, c&#8217;est-\u00e0-dire qu&#8217;il ne contient pas de plastique.<br \/>\n<strong>Ref. BOREALIS25COL31<\/strong>[vc_row][vc_column offset=&#8221;vc_hidden-xs&#8221;][vc_empty_space height=&#8221;30px&#8221;][\/vc_column][\/vc_row][vc_row][vc_column][vc_row_inner][vc_column_inner][wyde_info_box icon_set=&#8221;stroke_gap&#8221; icon_stroke_gap=&#8221;sl-eye&#8221; icon_position=&#8221;left&#8221; title=&#8221;\u00c9CLAIRAGE D\u00c9CORATIF COLOR\u00c9&#8221;]Cr\u00e9ez diff\u00e9rentes atmosph\u00e8res avec cette lampe d\u00e9corative color\u00e9e[\/wyde_info_box][vc_empty_space height=&#8221;15px&#8221;][\/vc_column_inner][\/vc_row_inner][vc_row_inner][vc_column_inner][wyde_info_box icon_set=&#8221;stroke_gap&#8221; icon_stroke_gap=&#8221;sg-BatteryFull&#8221; icon_position=&#8221;left&#8221; title=&#8221;CHARGE USB&#8221;]Comprend une entr\u00e9e USB, pour \u00eatre toujours pr\u00eat \u00e0 l&#8217;emploi[\/wyde_info_box][vc_empty_space height=&#8221;15px&#8221;][\/vc_column_inner][\/vc_row_inner][vc_row_inner][vc_column_inner][wyde_info_box icon_set=&#8221;bigmug_line&#8221; icon_bigmug_line=&#8221;bigmug-line-equalizar2&#8243; icon_position=&#8221;left&#8221; title=&#8221;4 MODES D&#8217;ALLUMAGE&#8221;]Choisissez entre diff\u00e9rents modes de fonctionnement[\/wyde_info_box][vc_empty_space height=&#8221;15px&#8221;][\/vc_column_inner][\/vc_row_inner][vc_row_inner][vc_column_inner][wyde_info_box icon_set=&#8221;simple_line&#8221; icon_simple_line=&#8221;sl-wrench&#8221; icon_position=&#8221;left&#8221; title=&#8221;2 OPTIONS DE MONTAGE&#8221;]Installez le panneau solaire en suspension ou comme balise[\/wyde_info_box][vc_empty_space height=&#8221;15px&#8221;][\/vc_column_inner][\/vc_row_inner][\/vc_column][\/vc_row][vc_row][vc_column offset=&#8221;vc_hidden-xs&#8221;][vc_empty_space height=&#8221;60px&#8221;][\/vc_column][\/vc_row][vc_row][vc_column width=&#8221;1\/3&#8243;][wyde_link_button icon_set=&#8221;simple_line&#8221; icon_simple_line=&#8221;sl-settings&#8221; style=&#8221;round&#8221; title=&#8221;Instructions&#8221; link=&#8221;url:https%3A%2F%2Farteconfort.com%2Fwp-content%2Fuploads\/2021\/09\/im-BOREALIS-L-COLOR.pdf||target:%20_blank|rel:nofollow&#8221; color=&#8221;#ffffff&#8221; bg_color=&#8221;#222222&#8243;][\/vc_column][vc_row][vc_column offset=&#8221;vc_hidden-xs&#8221;][vc_empty_space][\/vc_column][\/vc_row][vc_row][vc_column][vc_empty_space height=&#8221;20px&#8221;][\/vc_column][\/vc_row][vc_row background_mode=&#8221;color&#8221; background_color=&#8221;#f5f5f5&#8243;][vc_column text_align=&#8221;center&#8221;][vc_row_inner padding_size=&#8221;m-padding&#8221;][vc_column_inner text_align=&#8221;center&#8221;][vc_single_image alignment=&#8221;center&#8221; image=&#8221;1046&#8243;][vc_column_text]Retrouvez cette couronne solaire en vente exclusivement chez LEROY MERLIN[\/vc_column_text][vc_empty_space height=&#8221;15px&#8221;][wyde_link_button icon_set=&#8221;simple_line&#8221; icon_simple_line=&#8221;sl-login&#8221; style=&#8221;outline round&#8221; title=&#8221;Se connecter \u00e0 Leroy Merlin&#8221; link=&#8221;url:https%3A%2F%2Fwww.leroymerlin.es%2Ffp%2F82762404%2Fguirnalda-solar-borealis-25-luces-2700k-de-8m-con-usb||target:%20_blank|rel:nofollow&#8221; color=&#8221;#61b4e4&#8243; hover_color=&#8221;#ffffff&#8221;][\/vc_column_inner][\/vc_row_inner][\/vc_column][\/vc_row]<\/p>\n","protected":false},"featured_media":13492,"template":"","meta":[],"product_brand":[],"product_cat":[406],"product_tag":[],"class_list":{"0":"post-13506","1":"product","2":"type-product","3":"status-publish","4":"has-post-thumbnail","6":"product_cat-descatalogados-fr","8":"first","9":"instock","10":"shipping-taxable","11":"product-type-simple"},"yoast_head":"<!-- This site is optimized with the Yoast SEO plugin v26.5 - https:\/\/yoast.com\/wordpress\/plugins\/seo\/ -->\n<title>BOREALIS L COLOR - Descatalogados - Arteconfort<\/title>\n<meta name=\"description\" content=\"Ajoutez un effet magnifique et amusant \u00e0 votre jardin ou \u00e0 votre terrasse gr\u00e2ce \u00e0 l&#039;\u00e9clairage d\u00e9coratif de cette guirlande solaire qui comprend 25 ampoules en verre (plus 2 gratuites). Il dispose \u00e9galement de 4 modes de fonctionnement \u00e0 choisir en fonction du type d&#039;atmosph\u00e8re que vous souhaitez donner \u00e0 votre pi\u00e8ce ext\u00e9rieure et int\u00e8gre un panneau solaire et une charge USB. L&#039;emballage de ce produit est \u00e9cologique, c&#039;est-\u00e0-dire qu&#039;il ne contient pas de plastique. Ref. BOREALIS25COL31Cr\u00e9ez diff\u00e9rentes atmosph\u00e8res avec cette lampe d\u00e9corative color\u00e9eComprend une entr\u00e9e USB, pour \u00eatre toujours pr\u00eat \u00e0 l&#039;emploiChoisissez entre diff\u00e9rents modes de fonctionnementInstallez le panneau solaire en suspension ou comme baliseRetrouvez cette couronne solaire en vente exclusivement chez LEROY MERLIN\" \/>\n<meta name=\"robots\" content=\"index, follow, max-snippet:-1, max-image-preview:large, max-video-preview:-1\" \/>\n<link rel=\"canonical\" href=\"https:\/\/arteconfort.com\/fr\/producto\/borealis-l-color\/\" \/>\n<meta property=\"og:locale\" content=\"fr_FR\" \/>\n<meta property=\"og:type\" content=\"article\" \/>\n<meta property=\"og:title\" content=\"BOREALIS L COLOR - Descatalogados - Arteconfort\" \/>\n<meta property=\"og:description\" content=\"Ajoutez un effet magnifique et amusant \u00e0 votre jardin ou \u00e0 votre terrasse gr\u00e2ce \u00e0 l&#039;\u00e9clairage d\u00e9coratif de cette guirlande solaire qui comprend 25 ampoules en verre (plus 2 gratuites). Il dispose \u00e9galement de 4 modes de fonctionnement \u00e0 choisir en fonction du type d&#039;atmosph\u00e8re que vous souhaitez donner \u00e0 votre pi\u00e8ce ext\u00e9rieure et int\u00e8gre un panneau solaire et une charge USB. L&#039;emballage de ce produit est \u00e9cologique, c&#039;est-\u00e0-dire qu&#039;il ne contient pas de plastique. Ref. BOREALIS25COL31Cr\u00e9ez diff\u00e9rentes atmosph\u00e8res avec cette lampe d\u00e9corative color\u00e9eComprend une entr\u00e9e USB, pour \u00eatre toujours pr\u00eat \u00e0 l&#039;emploiChoisissez entre diff\u00e9rents modes de fonctionnementInstallez le panneau solaire en suspension ou comme baliseRetrouvez cette couronne solaire en vente exclusivement chez LEROY MERLIN\" \/>\n<meta property=\"og:url\" content=\"https:\/\/arteconfort.com\/fr\/producto\/borealis-l-color\/\" \/>\n<meta property=\"og:site_name\" content=\"Arteconfort\" \/>\n<meta property=\"article:modified_time\" content=\"2022-04-08T11:20:10+00:00\" \/>\n<meta property=\"og:image\" content=\"https:\/\/arteconfort.com\/wp-content\/uploads\/2021\/09\/ambiente-BOREALIS-L-COLOR-11.jpg\" \/>\n\t<meta property=\"og:image:width\" content=\"1024\" \/>\n\t<meta property=\"og:image:height\" content=\"1024\" \/>\n\t<meta property=\"og:image:type\" content=\"image\/jpeg\" \/>\n<meta name=\"twitter:card\" content=\"summary_large_image\" \/>\n<meta name=\"twitter:label1\" content=\"Dur\u00e9e de lecture estim\u00e9e\" \/>\n\t<meta name=\"twitter:data1\" content=\"2 minutes\" \/>\n<!-- \/ Yoast SEO plugin. -->","yoast_head_json":{"title":"BOREALIS L COLOR - Descatalogados - Arteconfort","description":"Ajoutez un effet magnifique et amusant \u00e0 votre jardin ou \u00e0 votre terrasse gr\u00e2ce \u00e0 l'\u00e9clairage d\u00e9coratif de cette guirlande solaire qui comprend 25 ampoules en verre (plus 2 gratuites). Il dispose \u00e9galement de 4 modes de fonctionnement \u00e0 choisir en fonction du type d'atmosph\u00e8re que vous souhaitez donner \u00e0 votre pi\u00e8ce ext\u00e9rieure et int\u00e8gre un panneau solaire et une charge USB. L'emballage de ce produit est \u00e9cologique, c'est-\u00e0-dire qu'il ne contient pas de plastique. Ref. BOREALIS25COL31Cr\u00e9ez diff\u00e9rentes atmosph\u00e8res avec cette lampe d\u00e9corative color\u00e9eComprend une entr\u00e9e USB, pour \u00eatre toujours pr\u00eat \u00e0 l'emploiChoisissez entre diff\u00e9rents modes de fonctionnementInstallez le panneau solaire en suspension ou comme baliseRetrouvez cette couronne solaire en vente exclusivement chez LEROY MERLIN","robots":{"index":"index","follow":"follow","max-snippet":"max-snippet:-1","max-image-preview":"max-image-preview:large","max-video-preview":"max-video-preview:-1"},"canonical":"https:\/\/arteconfort.com\/fr\/producto\/borealis-l-color\/","og_locale":"fr_FR","og_type":"article","og_title":"BOREALIS L COLOR - Descatalogados - Arteconfort","og_description":"Ajoutez un effet magnifique et amusant \u00e0 votre jardin ou \u00e0 votre terrasse gr\u00e2ce \u00e0 l'\u00e9clairage d\u00e9coratif de cette guirlande solaire qui comprend 25 ampoules en verre (plus 2 gratuites). Il dispose \u00e9galement de 4 modes de fonctionnement \u00e0 choisir en fonction du type d'atmosph\u00e8re que vous souhaitez donner \u00e0 votre pi\u00e8ce ext\u00e9rieure et int\u00e8gre un panneau solaire et une charge USB. L'emballage de ce produit est \u00e9cologique, c'est-\u00e0-dire qu'il ne contient pas de plastique. Ref. BOREALIS25COL31Cr\u00e9ez diff\u00e9rentes atmosph\u00e8res avec cette lampe d\u00e9corative color\u00e9eComprend une entr\u00e9e USB, pour \u00eatre toujours pr\u00eat \u00e0 l'emploiChoisissez entre diff\u00e9rents modes de fonctionnementInstallez le panneau solaire en suspension ou comme baliseRetrouvez cette couronne solaire en vente exclusivement chez LEROY MERLIN","og_url":"https:\/\/arteconfort.com\/fr\/producto\/borealis-l-color\/","og_site_name":"Arteconfort","article_modified_time":"2022-04-08T11:20:10+00:00","og_image":[{"width":1024,"height":1024,"url":"https:\/\/arteconfort.com\/wp-content\/uploads\/2021\/09\/ambiente-BOREALIS-L-COLOR-11.jpg","type":"image\/jpeg"}],"twitter_card":"summary_large_image","twitter_misc":{"Dur\u00e9e de lecture estim\u00e9e":"2 minutes"},"schema":{"@context":"https:\/\/schema.org","@graph":[{"@type":"WebPage","@id":"https:\/\/arteconfort.com\/fr\/producto\/borealis-l-color\/","url":"https:\/\/arteconfort.com\/fr\/producto\/borealis-l-color\/","name":"BOREALIS L COLOR - Descatalogados - Arteconfort","isPartOf":{"@id":"https:\/\/arteconfort.com\/fr\/#website"},"primaryImageOfPage":{"@id":"https:\/\/arteconfort.com\/fr\/producto\/borealis-l-color\/#primaryimage"},"image":{"@id":"https:\/\/arteconfort.com\/fr\/producto\/borealis-l-color\/#primaryimage"},"thumbnailUrl":"https:\/\/arteconfort.com\/wp-content\/uploads\/2021\/09\/ambiente-BOREALIS-L-COLOR-11.jpg","datePublished":"2021-09-13T06:04:19+00:00","dateModified":"2022-04-08T11:20:10+00:00","description":"Ajoutez un effet magnifique et amusant \u00e0 votre jardin ou \u00e0 votre terrasse gr\u00e2ce \u00e0 l'\u00e9clairage d\u00e9coratif de cette guirlande solaire qui comprend 25 ampoules en verre (plus 2 gratuites). Il dispose \u00e9galement de 4 modes de fonctionnement \u00e0 choisir en fonction du type d'atmosph\u00e8re que vous souhaitez donner \u00e0 votre pi\u00e8ce ext\u00e9rieure et int\u00e8gre un panneau solaire et une charge USB. L'emballage de ce produit est \u00e9cologique, c'est-\u00e0-dire qu'il ne contient pas de plastique. Ref. BOREALIS25COL31Cr\u00e9ez diff\u00e9rentes atmosph\u00e8res avec cette lampe d\u00e9corative color\u00e9eComprend une entr\u00e9e USB, pour \u00eatre toujours pr\u00eat \u00e0 l'emploiChoisissez entre diff\u00e9rents modes de fonctionnementInstallez le panneau solaire en suspension ou comme baliseRetrouvez cette couronne solaire en vente exclusivement chez LEROY MERLIN","breadcrumb":{"@id":"https:\/\/arteconfort.com\/fr\/producto\/borealis-l-color\/#breadcrumb"},"inLanguage":"fr-FR","potentialAction":[{"@type":"ReadAction","target":["https:\/\/arteconfort.com\/fr\/producto\/borealis-l-color\/"]}]},{"@type":"ImageObject","inLanguage":"fr-FR","@id":"https:\/\/arteconfort.com\/fr\/producto\/borealis-l-color\/#primaryimage","url":"https:\/\/arteconfort.com\/wp-content\/uploads\/2021\/09\/ambiente-BOREALIS-L-COLOR-11.jpg","contentUrl":"https:\/\/arteconfort.com\/wp-content\/uploads\/2021\/09\/ambiente-BOREALIS-L-COLOR-11.jpg","width":1024,"height":1024,"caption":"Ambiente guirnalda solar BOREALIS COLOR L encendida sobre \u00e1rbol"},{"@type":"BreadcrumbList","@id":"https:\/\/arteconfort.com\/fr\/producto\/borealis-l-color\/#breadcrumb","itemListElement":[{"@type":"ListItem","position":1,"name":"Inicio","item":"https:\/\/arteconfort.com\/fr\/"},{"@type":"ListItem","position":2,"name":"Boutique","item":"https:\/\/arteconfort.com\/fr\/boutique\/"},{"@type":"ListItem","position":3,"name":"BOREALIS L COLOR"}]},{"@type":"WebSite","@id":"https:\/\/arteconfort.com\/fr\/#website","url":"https:\/\/arteconfort.com\/fr\/","name":"Arteconfort","description":"Especialistas en productos del hogar","publisher":{"@id":"https:\/\/arteconfort.com\/fr\/#organization"},"potentialAction":[{"@type":"SearchAction","target":{"@type":"EntryPoint","urlTemplate":"https:\/\/arteconfort.com\/fr\/?s={search_term_string}"},"query-input":{"@type":"PropertyValueSpecification","valueRequired":true,"valueName":"search_term_string"}}],"inLanguage":"fr-FR"},{"@type":"Organization","@id":"https:\/\/arteconfort.com\/fr\/#organization","name":"Arteconfort","url":"https:\/\/arteconfort.com\/fr\/","logo":{"@type":"ImageObject","inLanguage":"fr-FR","@id":"https:\/\/arteconfort.com\/fr\/#\/schema\/logo\/image\/","url":"https:\/\/arteconfort.com\/wp-content\/uploads\/2019\/07\/logo-arteconfort.png","contentUrl":"https:\/\/arteconfort.com\/wp-content\/uploads\/2019\/07\/logo-arteconfort.png","width":230,"height":88,"caption":"Arteconfort"},"image":{"@id":"https:\/\/arteconfort.com\/fr\/#\/schema\/logo\/image\/"}}]}},"_links":{"self":[{"href":"https:\/\/arteconfort.com\/fr\/wp-json\/wp\/v2\/product\/13506","targetHints":{"allow":["GET"]}}],"collection":[{"href":"https:\/\/arteconfort.com\/fr\/wp-json\/wp\/v2\/product"}],"about":[{"href":"https:\/\/arteconfort.com\/fr\/wp-json\/wp\/v2\/types\/product"}],"wp:featuredmedia":[{"embeddable":true,"href":"https:\/\/arteconfort.com\/fr\/wp-json\/wp\/v2\/media\/13492"}],"wp:attachment":[{"href":"https:\/\/arteconfort.com\/fr\/wp-json\/wp\/v2\/media?parent=13506"}],"wp:term":[{"taxonomy":"product_brand","embeddable":true,"href":"https:\/\/arteconfort.com\/fr\/wp-json\/wp\/v2\/product_brand?post=13506"},{"taxonomy":"product_cat","embeddable":true,"href":"https:\/\/arteconfort.com\/fr\/wp-json\/wp\/v2\/product_cat?post=13506"},{"taxonomy":"product_tag","embeddable":true,"href":"https:\/\/arteconfort.com\/fr\/wp-json\/wp\/v2\/product_tag?post=13506"}],"curies":[{"name":"wp","href":"https:\/\/api.w.org\/{rel}","templated":true}]}}