{"id":13546,"date":"2021-09-13T11:29:17","date_gmt":"2021-09-13T09:29:17","guid":{"rendered":"https:\/\/arteconfort.com\/?post_type=product&#038;p=13546"},"modified":"2022-04-21T10:34:01","modified_gmt":"2022-04-21T08:34:01","slug":"enif-warm","status":"publish","type":"product","link":"https:\/\/arteconfort.com\/fr\/producto\/enif-warm\/","title":{"rendered":"ENIF WARM"},"content":{"rendered":"<div class=\"wpb-content-wrapper\"><p>[vc_row][vc_column][vc_row_inner][vc_column_inner width=&#8221;1\/4&#8243; offset=&#8221;vc_col-xs-6&#8243;][wyde_info_box icon_set=&#8221;bigmug_line&#8221; icon_bigmug_line=&#8221;bigmug-line-foggy-sun&#8221; title=&#8221;CAPACIT\u00c9 \u00c9LEV\u00c9E DE LA BATTERIE&#8221;]Pour une autonomie plus longue[\/wyde_info_box][\/vc_column_inner][vc_column_inner width=&#8221;1\/4&#8243; offset=&#8221;vc_col-xs-6&#8243;][wyde_info_box icon_set=&#8221;simple_line&#8221; icon_simple_line=&#8221;sl-bulb&#8221; title=&#8221;TEMP\u00c9RATURE DE COULEUR 3000K&#8221;]Aide \u00e0 r\u00e9guler les cycles circadiens[\/wyde_info_box][\/vc_column_inner][vc_column_inner width=&#8221;1\/4&#8243; offset=&#8221;vc_col-xs-6&#8243;][wyde_info_box icon_set=&#8221;simple_line&#8221; icon_simple_line=&#8221;sl-power&#8221; title=&#8221;ALLUMAGE FACILE&#8221;]Il poss\u00e8de deux boutons : ON\/OFF et changement de mode de fonctionnement[\/wyde_info_box][\/vc_column_inner][vc_column_inner width=&#8221;1\/4&#8243; offset=&#8221;vc_col-xs-6&#8243;][wyde_info_box icon_set=&#8221;simple_line&#8221; icon_simple_line=&#8221;sl-like&#8221; title=&#8221;INSTALLATION FACILE&#8221;]Il suffit de coller le panneau solaire dans le sol et de suspendre la guirlande, sans connexions \u00e9lectriques[\/wyde_info_box][\/vc_column_inner][\/vc_row_inner][vc_row_inner][vc_column_inner offset=&#8221;vc_hidden-xs&#8221;][vc_empty_space][\/vc_column_inner][\/vc_row_inner][vc_row_inner][vc_column_inner offset=&#8221;vc_hidden-xs&#8221;][vc_empty_space height=&#8221;60px&#8221;][\/vc_column_inner][\/vc_row_inner][\/vc_column][vc_row][vc_column width=&#8221;1\/2&#8243;][vc_accordion collapsible=&#8221;true&#8221; active_tab=&#8221;false&#8221;][vc_accordion_tab title=&#8221;Caracter\u00edsticas generales&#8221;][vc_column_text]<strong>Dimensions<\/strong> 6,5m<br \/>\n<strong>Material<\/strong> ABS<br \/>\n<strong>Finition <\/strong>Mai vert<br \/>\n<strong>IP<\/strong> 65<br \/>\n<b>Garantie <\/b>3 ans[\/vc_column_text][\/vc_accordion_tab][vc_accordion_tab title=&#8221;Panneau solaire&#8221;][vc_column_text]<strong>Mat\u00e9riau<\/strong> Polycristallin<br \/>\n<strong>Type d&#8217;encapsulation<\/strong> Type de silicone<br \/>\n<strong>Tension<\/strong> 2V[\/vc_column_text][\/vc_accordion_tab][vc_accordion_tab title=&#8221;Batterie&#8221;][vc_column_text]<strong>Type de batterie\u00a0<\/strong>AA Ni-MH<br \/>\n<strong>Tension de charge<\/strong> 1,2V<br \/>\n<strong>Capacit\u00e9<\/strong> 600mAh<br \/>\n<strong>Temps de charge<\/strong> 8h<br \/>\n<strong>Autonomie<\/strong> 8h[\/vc_column_text][\/vc_accordion_tab][vc_accordion_tab title=&#8221;LED&#8221;][vc_column_text]<strong>Num\u00e9ro de LEDs<\/strong>\u00a030<br \/>\n<strong>Type de LED<\/strong> SMD<br \/>\n<strong>Angle d&#8217;ouverture<\/strong> 360\u00ba<br \/>\n<b>Vie utile <\/b>15.000 horas<br \/>\n<strong>CCT<\/strong> 3000K[\/vc_column_text][\/vc_accordion_tab][vc_accordion_tab title=&#8221;Modes de fonctionnement&#8221;][vc_column_text]<strong>8 modes d&#8217;allumage<\/strong>[\/vc_column_text][\/vc_accordion_tab][vc_accordion_tab title=&#8221;Sensor&#8221;][vc_column_text]<strong>Sensor<\/strong> No[\/vc_column_text][\/vc_accordion_tab][\/vc_accordion][\/vc_column][vc_column width=&#8221;1\/2&#8243;][vc_single_image image=&#8221;13537&#8243;][\/vc_column][\/vc_row]<\/p>\n<\/div>","protected":false},"excerpt":{"rendered":"<p>Cr\u00e9ez vos propres atmosph\u00e8res dans votre jardin ou sur votre terrasse avec la guirlande solaire d&#8217;ext\u00e9rieur ENIF WARM et apportez une touche chaleureuse et intime \u00e0 vos pi\u00e8ces avec les 8 modes de fonctionnement diff\u00e9rents en blanc chaud, gr\u00e2ce \u00e0 ses 30 ampoules en forme de goutte d&#8217;eau. En outre, vous pouvez choisir de le placer comme balise ou suspendu. L&#8217;emballage de ce produit est \u00e9cologique, c&#8217;est-\u00e0-dire qu&#8217;il ne contient pas de plastique.<br \/>\n<strong>Ref. ENIFWARM31<\/strong>[vc_row][vc_column offset=&#8221;vc_hidden-xs&#8221;][vc_empty_space height=&#8221;30px&#8221;][\/vc_column][\/vc_row][vc_row][vc_column][vc_row_inner][vc_column_inner][wyde_info_box icon_set=&#8221;bigmug_line&#8221; icon_bigmug_line=&#8221;bigmug-line-equalizar2&#8243; icon_position=&#8221;left&#8221; title=&#8221;8 MODES D&#8217;ALLUMAGE&#8221;]Choisissez le mode de fonctionnement de votre choix[\/wyde_info_box][vc_empty_space height=&#8221;15px&#8221;][\/vc_column_inner][\/vc_row_inner][vc_row_inner][vc_column_inner][wyde_info_box icon_set=&#8221;simple_line&#8221; icon_simple_line=&#8221;sl-eye&#8221; icon_position=&#8221;left&#8221; title=&#8221;\u00c9CLAIRAGE D\u00c9CORATIF&#8221;]Cr\u00e9ez une ambiance chaleureuse unique gr\u00e2ce \u00e0 la lumi\u00e8re d\u00e9corative blanc chaud[\/wyde_info_box][vc_empty_space height=&#8221;15px&#8221;][\/vc_column_inner][\/vc_row_inner][vc_row_inner][vc_column_inner][wyde_info_box icon_set=&#8221;simple_line&#8221; icon_simple_line=&#8221;sl-wrench&#8221; icon_position=&#8221;left&#8221; title=&#8221;2 OPTIONS DE MONTAGE&#8221;]Installez le panneau solaire en suspension ou comme balise[\/wyde_info_box][vc_empty_space height=&#8221;15px&#8221;][\/vc_column_inner][\/vc_row_inner][\/vc_column][\/vc_row][vc_row][vc_column offset=&#8221;vc_hidden-xs&#8221;][vc_empty_space height=&#8221;60px&#8221;][\/vc_column][\/vc_row][vc_row][vc_column width=&#8221;1\/3&#8243;][wyde_link_button icon_set=&#8221;simple_line&#8221; icon_simple_line=&#8221;sl-settings&#8221; style=&#8221;round&#8221; title=&#8221;Instructions&#8221; link=&#8221;url:http%3A%2F%2Farteconfort.com%2Fwp-content%2Fuploads\/2021\/09\/im-ENIF-WARM.pdf||target:%20_blank|rel:nofollow&#8221; color=&#8221;#ffffff&#8221; bg_color=&#8221;#222222&#8243;][\/vc_column][vc_row][vc_column offset=&#8221;vc_hidden-xs&#8221;][vc_empty_space][\/vc_column][\/vc_row][vc_row][vc_column][vc_empty_space height=&#8221;20px&#8221;][\/vc_column][\/vc_row][vc_row background_mode=&#8221;color&#8221; background_color=&#8221;#f5f5f5&#8243;][vc_column text_align=&#8221;center&#8221;][vc_row_inner padding_size=&#8221;m-padding&#8221;][vc_column_inner text_align=&#8221;center&#8221;][vc_single_image alignment=&#8221;center&#8221; image=&#8221;1046&#8243;][vc_column_text]Retrouvez cette couronne solaire en vente exclusivement chez LEROY MERLIN[\/vc_column_text][vc_empty_space height=&#8221;15px&#8221;][wyde_link_button icon_set=&#8221;simple_line&#8221; icon_simple_line=&#8221;sl-login&#8221; style=&#8221;outline round&#8221; title=&#8221;Se connecter \u00e0 Leroy Merlin&#8221; link=&#8221;url:http%3A%2F%2Fwww.leroymerlin.es%2Ffp%2F82051929%2Fguirnalda-solar-arte-lagrima-enif||target:%20_blank|rel:nofollow&#8221; color=&#8221;#61b4e4&#8243; hover_color=&#8221;#ffffff&#8221;][\/vc_column_inner][\/vc_row_inner][\/vc_column][\/vc_row]<\/p>\n","protected":false},"featured_media":51575,"template":"","meta":[],"product_brand":[],"product_cat":[340,336],"product_tag":[],"class_list":{"0":"post-13546","1":"product","2":"type-product","3":"status-publish","4":"has-post-thumbnail","6":"product_cat-iluminacion-solar-de-pared-fr","7":"product_cat-solar-fr","9":"first","10":"instock","11":"shipping-taxable","12":"product-type-external"},"yoast_head":"<!-- This site is optimized with the Yoast SEO plugin v26.5 - https:\/\/yoast.com\/wordpress\/plugins\/seo\/ -->\n<title>ENIF WARM - Pared, Solar - Arteconfort<\/title>\n<meta name=\"description\" content=\"Cr\u00e9ez vos propres atmosph\u00e8res dans votre jardin ou sur votre terrasse avec la guirlande solaire d&#039;ext\u00e9rieur ENIF WARM et apportez une touche chaleureuse et intime \u00e0 vos pi\u00e8ces avec les 8 modes de fonctionnement diff\u00e9rents en blanc chaud, gr\u00e2ce \u00e0 ses 30 ampoules en forme de goutte d&#039;eau. En outre, vous pouvez choisir de le placer comme balise ou suspendu. L&#039;emballage de ce produit est \u00e9cologique, c&#039;est-\u00e0-dire qu&#039;il ne contient pas de plastique. Ref. ENIFWARM31Choisissez le mode de fonctionnement de votre choixCr\u00e9ez une ambiance chaleureuse unique gr\u00e2ce \u00e0 la lumi\u00e8re d\u00e9corative blanc chaudInstallez le panneau solaire en suspension ou comme baliseRetrouvez cette couronne solaire en vente exclusivement chez LEROY MERLIN\" \/>\n<meta name=\"robots\" content=\"index, follow, max-snippet:-1, max-image-preview:large, max-video-preview:-1\" \/>\n<link rel=\"canonical\" href=\"https:\/\/arteconfort.com\/fr\/producto\/enif-warm\/\" \/>\n<meta property=\"og:locale\" content=\"fr_FR\" \/>\n<meta property=\"og:type\" content=\"article\" \/>\n<meta property=\"og:title\" content=\"ENIF WARM - Pared, Solar - Arteconfort\" \/>\n<meta property=\"og:description\" content=\"Cr\u00e9ez vos propres atmosph\u00e8res dans votre jardin ou sur votre terrasse avec la guirlande solaire d&#039;ext\u00e9rieur ENIF WARM et apportez une touche chaleureuse et intime \u00e0 vos pi\u00e8ces avec les 8 modes de fonctionnement diff\u00e9rents en blanc chaud, gr\u00e2ce \u00e0 ses 30 ampoules en forme de goutte d&#039;eau. En outre, vous pouvez choisir de le placer comme balise ou suspendu. L&#039;emballage de ce produit est \u00e9cologique, c&#039;est-\u00e0-dire qu&#039;il ne contient pas de plastique. Ref. ENIFWARM31Choisissez le mode de fonctionnement de votre choixCr\u00e9ez une ambiance chaleureuse unique gr\u00e2ce \u00e0 la lumi\u00e8re d\u00e9corative blanc chaudInstallez le panneau solaire en suspension ou comme baliseRetrouvez cette couronne solaire en vente exclusivement chez LEROY MERLIN\" \/>\n<meta property=\"og:url\" content=\"https:\/\/arteconfort.com\/fr\/producto\/enif-warm\/\" \/>\n<meta property=\"og:site_name\" content=\"Arteconfort\" \/>\n<meta property=\"article:modified_time\" content=\"2022-04-21T08:34:01+00:00\" \/>\n<meta property=\"og:image\" content=\"https:\/\/arteconfort.com\/wp-content\/uploads\/2025\/10\/ambiente-ENIF-WARM-7.webp\" \/>\n\t<meta property=\"og:image:width\" content=\"1024\" \/>\n\t<meta property=\"og:image:height\" content=\"1024\" \/>\n\t<meta property=\"og:image:type\" content=\"image\/webp\" \/>\n<meta name=\"twitter:card\" content=\"summary_large_image\" \/>\n<meta name=\"twitter:label1\" content=\"Dur\u00e9e de lecture estim\u00e9e\" \/>\n\t<meta name=\"twitter:data1\" content=\"2 minutes\" \/>\n<!-- \/ Yoast SEO plugin. -->","yoast_head_json":{"title":"ENIF WARM - Pared, Solar - Arteconfort","description":"Cr\u00e9ez vos propres atmosph\u00e8res dans votre jardin ou sur votre terrasse avec la guirlande solaire d'ext\u00e9rieur ENIF WARM et apportez une touche chaleureuse et intime \u00e0 vos pi\u00e8ces avec les 8 modes de fonctionnement diff\u00e9rents en blanc chaud, gr\u00e2ce \u00e0 ses 30 ampoules en forme de goutte d'eau. En outre, vous pouvez choisir de le placer comme balise ou suspendu. L'emballage de ce produit est \u00e9cologique, c'est-\u00e0-dire qu'il ne contient pas de plastique. Ref. ENIFWARM31Choisissez le mode de fonctionnement de votre choixCr\u00e9ez une ambiance chaleureuse unique gr\u00e2ce \u00e0 la lumi\u00e8re d\u00e9corative blanc chaudInstallez le panneau solaire en suspension ou comme baliseRetrouvez cette couronne solaire en vente exclusivement chez LEROY MERLIN","robots":{"index":"index","follow":"follow","max-snippet":"max-snippet:-1","max-image-preview":"max-image-preview:large","max-video-preview":"max-video-preview:-1"},"canonical":"https:\/\/arteconfort.com\/fr\/producto\/enif-warm\/","og_locale":"fr_FR","og_type":"article","og_title":"ENIF WARM - Pared, Solar - Arteconfort","og_description":"Cr\u00e9ez vos propres atmosph\u00e8res dans votre jardin ou sur votre terrasse avec la guirlande solaire d'ext\u00e9rieur ENIF WARM et apportez une touche chaleureuse et intime \u00e0 vos pi\u00e8ces avec les 8 modes de fonctionnement diff\u00e9rents en blanc chaud, gr\u00e2ce \u00e0 ses 30 ampoules en forme de goutte d'eau. En outre, vous pouvez choisir de le placer comme balise ou suspendu. L'emballage de ce produit est \u00e9cologique, c'est-\u00e0-dire qu'il ne contient pas de plastique. Ref. ENIFWARM31Choisissez le mode de fonctionnement de votre choixCr\u00e9ez une ambiance chaleureuse unique gr\u00e2ce \u00e0 la lumi\u00e8re d\u00e9corative blanc chaudInstallez le panneau solaire en suspension ou comme baliseRetrouvez cette couronne solaire en vente exclusivement chez LEROY MERLIN","og_url":"https:\/\/arteconfort.com\/fr\/producto\/enif-warm\/","og_site_name":"Arteconfort","article_modified_time":"2022-04-21T08:34:01+00:00","og_image":[{"width":1024,"height":1024,"url":"https:\/\/arteconfort.com\/wp-content\/uploads\/2025\/10\/ambiente-ENIF-WARM-7.webp","type":"image\/webp"}],"twitter_card":"summary_large_image","twitter_misc":{"Dur\u00e9e de lecture estim\u00e9e":"2 minutes"},"schema":{"@context":"https:\/\/schema.org","@graph":[{"@type":"WebPage","@id":"https:\/\/arteconfort.com\/fr\/producto\/enif-warm\/","url":"https:\/\/arteconfort.com\/fr\/producto\/enif-warm\/","name":"ENIF WARM - Pared, Solar - Arteconfort","isPartOf":{"@id":"https:\/\/arteconfort.com\/fr\/#website"},"primaryImageOfPage":{"@id":"https:\/\/arteconfort.com\/fr\/producto\/enif-warm\/#primaryimage"},"image":{"@id":"https:\/\/arteconfort.com\/fr\/producto\/enif-warm\/#primaryimage"},"thumbnailUrl":"https:\/\/arteconfort.com\/wp-content\/uploads\/2025\/10\/ambiente-ENIF-WARM-7.webp","datePublished":"2021-09-13T09:29:17+00:00","dateModified":"2022-04-21T08:34:01+00:00","description":"Cr\u00e9ez vos propres atmosph\u00e8res dans votre jardin ou sur votre terrasse avec la guirlande solaire d'ext\u00e9rieur ENIF WARM et apportez une touche chaleureuse et intime \u00e0 vos pi\u00e8ces avec les 8 modes de fonctionnement diff\u00e9rents en blanc chaud, gr\u00e2ce \u00e0 ses 30 ampoules en forme de goutte d'eau. En outre, vous pouvez choisir de le placer comme balise ou suspendu. L'emballage de ce produit est \u00e9cologique, c'est-\u00e0-dire qu'il ne contient pas de plastique. Ref. ENIFWARM31Choisissez le mode de fonctionnement de votre choixCr\u00e9ez une ambiance chaleureuse unique gr\u00e2ce \u00e0 la lumi\u00e8re d\u00e9corative blanc chaudInstallez le panneau solaire en suspension ou comme baliseRetrouvez cette couronne solaire en vente exclusivement chez LEROY MERLIN","breadcrumb":{"@id":"https:\/\/arteconfort.com\/fr\/producto\/enif-warm\/#breadcrumb"},"inLanguage":"fr-FR","potentialAction":[{"@type":"ReadAction","target":["https:\/\/arteconfort.com\/fr\/producto\/enif-warm\/"]}]},{"@type":"ImageObject","inLanguage":"fr-FR","@id":"https:\/\/arteconfort.com\/fr\/producto\/enif-warm\/#primaryimage","url":"https:\/\/arteconfort.com\/wp-content\/uploads\/2025\/10\/ambiente-ENIF-WARM-7.webp","contentUrl":"https:\/\/arteconfort.com\/wp-content\/uploads\/2025\/10\/ambiente-ENIF-WARM-7.webp","width":1024,"height":1024},{"@type":"BreadcrumbList","@id":"https:\/\/arteconfort.com\/fr\/producto\/enif-warm\/#breadcrumb","itemListElement":[{"@type":"ListItem","position":1,"name":"Inicio","item":"https:\/\/arteconfort.com\/fr\/"},{"@type":"ListItem","position":2,"name":"Boutique","item":"https:\/\/arteconfort.com\/fr\/boutique\/"},{"@type":"ListItem","position":3,"name":"ENIF WARM"}]},{"@type":"WebSite","@id":"https:\/\/arteconfort.com\/fr\/#website","url":"https:\/\/arteconfort.com\/fr\/","name":"Arteconfort","description":"Especialistas en productos del hogar","publisher":{"@id":"https:\/\/arteconfort.com\/fr\/#organization"},"potentialAction":[{"@type":"SearchAction","target":{"@type":"EntryPoint","urlTemplate":"https:\/\/arteconfort.com\/fr\/?s={search_term_string}"},"query-input":{"@type":"PropertyValueSpecification","valueRequired":true,"valueName":"search_term_string"}}],"inLanguage":"fr-FR"},{"@type":"Organization","@id":"https:\/\/arteconfort.com\/fr\/#organization","name":"Arteconfort","url":"https:\/\/arteconfort.com\/fr\/","logo":{"@type":"ImageObject","inLanguage":"fr-FR","@id":"https:\/\/arteconfort.com\/fr\/#\/schema\/logo\/image\/","url":"https:\/\/arteconfort.com\/wp-content\/uploads\/2019\/07\/logo-arteconfort.png","contentUrl":"https:\/\/arteconfort.com\/wp-content\/uploads\/2019\/07\/logo-arteconfort.png","width":230,"height":88,"caption":"Arteconfort"},"image":{"@id":"https:\/\/arteconfort.com\/fr\/#\/schema\/logo\/image\/"}}]}},"_links":{"self":[{"href":"https:\/\/arteconfort.com\/fr\/wp-json\/wp\/v2\/product\/13546","targetHints":{"allow":["GET"]}}],"collection":[{"href":"https:\/\/arteconfort.com\/fr\/wp-json\/wp\/v2\/product"}],"about":[{"href":"https:\/\/arteconfort.com\/fr\/wp-json\/wp\/v2\/types\/product"}],"wp:featuredmedia":[{"embeddable":true,"href":"https:\/\/arteconfort.com\/fr\/wp-json\/wp\/v2\/media\/51575"}],"wp:attachment":[{"href":"https:\/\/arteconfort.com\/fr\/wp-json\/wp\/v2\/media?parent=13546"}],"wp:term":[{"taxonomy":"product_brand","embeddable":true,"href":"https:\/\/arteconfort.com\/fr\/wp-json\/wp\/v2\/product_brand?post=13546"},{"taxonomy":"product_cat","embeddable":true,"href":"https:\/\/arteconfort.com\/fr\/wp-json\/wp\/v2\/product_cat?post=13546"},{"taxonomy":"product_tag","embeddable":true,"href":"https:\/\/arteconfort.com\/fr\/wp-json\/wp\/v2\/product_tag?post=13546"}],"curies":[{"name":"wp","href":"https:\/\/api.w.org\/{rel}","templated":true}]}}