{"id":13622,"date":"2021-09-13T12:23:32","date_gmt":"2021-09-13T10:23:32","guid":{"rendered":"https:\/\/arteconfort.com\/?post_type=product&#038;p=13622"},"modified":"2022-09-27T09:42:45","modified_gmt":"2022-09-27T07:42:45","slug":"orion","status":"publish","type":"product","link":"https:\/\/arteconfort.com\/fr\/producto\/orion\/","title":{"rendered":"ORI\u00d3N"},"content":{"rendered":"<div class=\"wpb-content-wrapper\"><p>[vc_row][vc_column][vc_row_inner][vc_column_inner width=&#8221;1\/4&#8243; offset=&#8221;vc_col-xs-6&#8243;][wyde_info_box icon_set=&#8221;simple_line&#8221; icon_simple_line=&#8221;sl-logout&#8221; title=&#8221;IP 65&#8243;]Pour une utilisation ext\u00e9rieure dans toutes les conditions m\u00e9t\u00e9orologiques[\/wyde_info_box][\/vc_column_inner][vc_column_inner width=&#8221;1\/4&#8243; offset=&#8221;vc_col-xs-6&#8243;][wyde_info_box icon_set=&#8221;bigmug_line&#8221; icon_bigmug_line=&#8221;bigmug-line-video&#8221; title=&#8221;SURFACE DE PROJECTION JUSQU&#8217;\u00c0 40M2&#8243;]Vous pouvez utiliser le projecteur dans une distance maximale de 40m2[\/wyde_info_box][\/vc_column_inner][vc_column_inner width=&#8221;1\/4&#8243; offset=&#8221;vc_col-xs-6&#8243;][wyde_info_box icon_set=&#8221;simple_line&#8221; icon_simple_line=&#8221;bigmug-line-clock&#8221; title=&#8221;DUR\u00c9E DE VIE DE 2 000 HEURES&#8221;]Pour une vie plus longue[\/wyde_info_box][\/vc_column_inner][\/vc_row_inner][vc_row_inner][vc_column_inner offset=&#8221;vc_hidden-xs&#8221;][vc_empty_space height=&#8221;60px&#8221;][\/vc_column_inner][\/vc_row_inner][\/vc_column][\/vc_row][vc_row][vc_column width=&#8221;1\/2&#8243;][vc_accordion collapsible=&#8221;true&#8221; active_tab=&#8221;false&#8221;][vc_accordion_tab title=&#8221;Caract\u00e9ristiques m\u00e9caniques&#8221;][vc_column_text]<strong>Dimensions<\/strong> 29x13x9cm<em><br \/>\n<\/em><strong>Mat\u00e9riau<\/strong> ABS<br \/>\n<strong>Finition<\/strong> Noir<br \/>\n<strong>IP<\/strong> 65<br \/>\n<strong>Garantie<\/strong> 2 ans[\/vc_column_text][\/vc_accordion_tab][vc_accordion_tab title=&#8221;Caract\u00e9ristiques optiques&#8221;][vc_column_text]<br \/>\n<strong>Vie utile<\/strong> 2.000h<br \/>\n<b>Num\u00e9ro de LEDs <\/b>4<br \/>\n<strong>Tension <\/strong>100-240Vac 50\/60Hz<br \/>\n<strong>Puissance<\/strong> 6W<strong><br \/>\nAngle d&#8217;ouverture<\/strong> 120\u00ba<br \/>\n<strong>Nombre d&#8217;allumages<\/strong> 2.000[\/vc_column_text][\/vc_accordion_tab][vc_accordion_tab title=&#8221;Commande&#8221;][vc_column_text]<strong>Batteries incluses<\/strong> Oui<br \/>\n<strong>Type de batterie<\/strong> CR2025[\/vc_column_text][\/vc_accordion_tab][\/vc_accordion][\/vc_column][vc_column width=&#8221;1\/2&#8243;][vc_single_image image=&#8221;13558&#8243;][\/vc_column][\/vc_row]<\/p>\n<\/div>","protected":false},"excerpt":{"rendered":"<p>D\u00e9corez le mur de votre fa\u00e7ade avec le projecteur ORION pendant les moments les plus sp\u00e9ciaux de l&#8217;ann\u00e9e : No\u00ebl, la Saint-Valentin, les anniversaires, Halloween, etc. et faites de vos ext\u00e9rieurs le centre d&#8217;attention. Le produit comprend 6 cartes avec diff\u00e9rents mod\u00e8les et une t\u00e9l\u00e9commande. De plus, l&#8217;emballage est \u00e9cologique, c&#8217;est-\u00e0-dire qu&#8217;il ne comprend pas de plastique.<br \/>\n<strong>Ref. ORIONNG115<\/strong>[vc_row][vc_column offset=&#8221;vc_hidden-xs&#8221;][vc_empty_space height=&#8221;30px&#8221;][\/vc_column][\/vc_row][vc_row][vc_column][vc_row_inner][vc_column_inner][wyde_info_box icon_set=&#8221;simple_line&#8221; icon_simple_line=&#8221;sl-bulb&#8221; icon_position=&#8221;left&#8221; title=&#8221;4 LEDs&#8221;]D\u00e9corez vos pi\u00e8ces tout en \u00e9conomisant de l&#8217;\u00e9nergie[\/wyde_info_box][vc_empty_space height=&#8221;15px&#8221;][\/vc_column_inner][\/vc_row_inner][vc_row_inner][vc_column_inner][wyde_info_box icon_set=&#8221;simple_line&#8221; icon_simple_line=&#8221;bigmug-line-images&#8221; icon_position=&#8221;left&#8221; title=&#8221;6 CARTES AVEC DIFF\u00c9RENTS MOD\u00c8LES&#8221;]Choisir le plus adapt\u00e9 \u00e0 la p\u00e9riode de l&#8217;ann\u00e9e[\/wyde_info_box][vc_empty_space height=&#8221;15px&#8221;][vc_row_inner][vc_column_inner][wyde_info_box icon_set=&#8221;simple_line&#8221; icon_simple_line=&#8221;sl-power&#8221; icon_position=&#8221;left&#8221; title=&#8221;BOUCHON INCLUS&#8221;]Pour un chargement plus facile[\/wyde_info_box][vc_empty_space height=&#8221;15px&#8221;][vc_row_inner][vc_column_inner][wyde_info_box icon_set=&#8221;simple_line&#8221; icon_simple_line=&#8221;sl-mouse&#8221; icon_position=&#8221;left&#8221; title=&#8221;T\u00c9L\u00c9COMMANDE INCLUSE&#8221;]Jusqu&#8217;\u00e0 15 m\u00e8tres[\/wyde_info_box][vc_empty_space height=&#8221;15px&#8221;][\/vc_column_inner][\/vc_row_inner][vc_row][vc_column offset=&#8221;vc_hidden-xs&#8221;][vc_empty_space height=&#8221;60px&#8221;][\/vc_column][\/vc_row][vc_row][vc_column width=&#8221;1\/3&#8243;][wyde_link_button icon_set=&#8221;simple_line&#8221; icon_simple_line=&#8221;sl-settings&#8221; style=&#8221;round&#8221; title=&#8221;Instructions&#8221; link=&#8221;url:http%3A%2F%2Farteconfort.com%2Fwp-content\/uploads\/2021\/09\/im-ORION.pdf||target:%20_blank|rel:nofollow&#8221; color=&#8221;#ffffff&#8221; bg_color=&#8221;#222222&#8243;][\/vc_column][vc_column width=&#8221;1\/3&#8243;][\/vc_column][\/vc_row][vc_row][vc_column offset=&#8221;vc_hidden-xs&#8221;][vc_empty_space][\/vc_column][\/vc_row]<\/p>\n","protected":false},"featured_media":19718,"template":"","meta":[],"product_brand":[],"product_cat":[406],"product_tag":[],"class_list":{"0":"post-13622","1":"product","2":"type-product","3":"status-publish","4":"has-post-thumbnail","6":"product_cat-descatalogados-fr","8":"first","9":"instock","10":"shipping-taxable","11":"product-type-simple"},"yoast_head":"<!-- This site is optimized with the Yoast SEO plugin v26.5 - https:\/\/yoast.com\/wordpress\/plugins\/seo\/ -->\n<title>ORI\u00d3N - Descatalogados - Arteconfort<\/title>\n<meta name=\"description\" content=\"D\u00e9corez le mur de votre fa\u00e7ade avec le projecteur ORION pendant les moments les plus sp\u00e9ciaux de l&#039;ann\u00e9e : No\u00ebl, la Saint-Valentin, les anniversaires, Halloween, etc. et faites de vos ext\u00e9rieurs le centre d&#039;attention. Le produit comprend 6 cartes avec diff\u00e9rents mod\u00e8les et une t\u00e9l\u00e9commande. De plus, l&#039;emballage est \u00e9cologique, c&#039;est-\u00e0-dire qu&#039;il ne comprend pas de plastique. Ref. ORIONNG115D\u00e9corez vos pi\u00e8ces tout en \u00e9conomisant de l&#039;\u00e9nergieChoisir le plus adapt\u00e9 \u00e0 la p\u00e9riode de l&#039;ann\u00e9ePour un chargement plus facileJusqu&#039;\u00e0 15 m\u00e8tres\" \/>\n<meta name=\"robots\" content=\"index, follow, max-snippet:-1, max-image-preview:large, max-video-preview:-1\" \/>\n<link rel=\"canonical\" href=\"https:\/\/arteconfort.com\/fr\/producto\/orion\/\" \/>\n<meta property=\"og:locale\" content=\"fr_FR\" \/>\n<meta property=\"og:type\" content=\"article\" \/>\n<meta property=\"og:title\" content=\"ORI\u00d3N - Descatalogados - Arteconfort\" \/>\n<meta property=\"og:description\" content=\"D\u00e9corez le mur de votre fa\u00e7ade avec le projecteur ORION pendant les moments les plus sp\u00e9ciaux de l&#039;ann\u00e9e : No\u00ebl, la Saint-Valentin, les anniversaires, Halloween, etc. et faites de vos ext\u00e9rieurs le centre d&#039;attention. Le produit comprend 6 cartes avec diff\u00e9rents mod\u00e8les et une t\u00e9l\u00e9commande. De plus, l&#039;emballage est \u00e9cologique, c&#039;est-\u00e0-dire qu&#039;il ne comprend pas de plastique. Ref. ORIONNG115D\u00e9corez vos pi\u00e8ces tout en \u00e9conomisant de l&#039;\u00e9nergieChoisir le plus adapt\u00e9 \u00e0 la p\u00e9riode de l&#039;ann\u00e9ePour un chargement plus facileJusqu&#039;\u00e0 15 m\u00e8tres\" \/>\n<meta property=\"og:url\" content=\"https:\/\/arteconfort.com\/fr\/producto\/orion\/\" \/>\n<meta property=\"og:site_name\" content=\"Arteconfort\" \/>\n<meta property=\"article:modified_time\" content=\"2022-09-27T07:42:45+00:00\" \/>\n<meta property=\"og:image\" content=\"https:\/\/arteconfort.com\/wp-content\/uploads\/2021\/09\/ORION-pack-1.jpg\" \/>\n\t<meta property=\"og:image:width\" content=\"1024\" \/>\n\t<meta property=\"og:image:height\" content=\"1024\" \/>\n\t<meta property=\"og:image:type\" content=\"image\/jpeg\" \/>\n<meta name=\"twitter:card\" content=\"summary_large_image\" \/>\n<meta name=\"twitter:label1\" content=\"Dur\u00e9e de lecture estim\u00e9e\" \/>\n\t<meta name=\"twitter:data1\" content=\"1 minute\" \/>\n<!-- \/ Yoast SEO plugin. -->","yoast_head_json":{"title":"ORI\u00d3N - Descatalogados - Arteconfort","description":"D\u00e9corez le mur de votre fa\u00e7ade avec le projecteur ORION pendant les moments les plus sp\u00e9ciaux de l'ann\u00e9e : No\u00ebl, la Saint-Valentin, les anniversaires, Halloween, etc. et faites de vos ext\u00e9rieurs le centre d'attention. Le produit comprend 6 cartes avec diff\u00e9rents mod\u00e8les et une t\u00e9l\u00e9commande. De plus, l'emballage est \u00e9cologique, c'est-\u00e0-dire qu'il ne comprend pas de plastique. Ref. ORIONNG115D\u00e9corez vos pi\u00e8ces tout en \u00e9conomisant de l'\u00e9nergieChoisir le plus adapt\u00e9 \u00e0 la p\u00e9riode de l'ann\u00e9ePour un chargement plus facileJusqu'\u00e0 15 m\u00e8tres","robots":{"index":"index","follow":"follow","max-snippet":"max-snippet:-1","max-image-preview":"max-image-preview:large","max-video-preview":"max-video-preview:-1"},"canonical":"https:\/\/arteconfort.com\/fr\/producto\/orion\/","og_locale":"fr_FR","og_type":"article","og_title":"ORI\u00d3N - Descatalogados - Arteconfort","og_description":"D\u00e9corez le mur de votre fa\u00e7ade avec le projecteur ORION pendant les moments les plus sp\u00e9ciaux de l'ann\u00e9e : No\u00ebl, la Saint-Valentin, les anniversaires, Halloween, etc. et faites de vos ext\u00e9rieurs le centre d'attention. Le produit comprend 6 cartes avec diff\u00e9rents mod\u00e8les et une t\u00e9l\u00e9commande. De plus, l'emballage est \u00e9cologique, c'est-\u00e0-dire qu'il ne comprend pas de plastique. Ref. ORIONNG115D\u00e9corez vos pi\u00e8ces tout en \u00e9conomisant de l'\u00e9nergieChoisir le plus adapt\u00e9 \u00e0 la p\u00e9riode de l'ann\u00e9ePour un chargement plus facileJusqu'\u00e0 15 m\u00e8tres","og_url":"https:\/\/arteconfort.com\/fr\/producto\/orion\/","og_site_name":"Arteconfort","article_modified_time":"2022-09-27T07:42:45+00:00","og_image":[{"width":1024,"height":1024,"url":"https:\/\/arteconfort.com\/wp-content\/uploads\/2021\/09\/ORION-pack-1.jpg","type":"image\/jpeg"}],"twitter_card":"summary_large_image","twitter_misc":{"Dur\u00e9e de lecture estim\u00e9e":"1 minute"},"schema":{"@context":"https:\/\/schema.org","@graph":[{"@type":"WebPage","@id":"https:\/\/arteconfort.com\/fr\/producto\/orion\/","url":"https:\/\/arteconfort.com\/fr\/producto\/orion\/","name":"ORI\u00d3N - Descatalogados - Arteconfort","isPartOf":{"@id":"https:\/\/arteconfort.com\/fr\/#website"},"primaryImageOfPage":{"@id":"https:\/\/arteconfort.com\/fr\/producto\/orion\/#primaryimage"},"image":{"@id":"https:\/\/arteconfort.com\/fr\/producto\/orion\/#primaryimage"},"thumbnailUrl":"https:\/\/arteconfort.com\/wp-content\/uploads\/2021\/09\/ORION-pack-1.jpg","datePublished":"2021-09-13T10:23:32+00:00","dateModified":"2022-09-27T07:42:45+00:00","description":"D\u00e9corez le mur de votre fa\u00e7ade avec le projecteur ORION pendant les moments les plus sp\u00e9ciaux de l'ann\u00e9e : No\u00ebl, la Saint-Valentin, les anniversaires, Halloween, etc. et faites de vos ext\u00e9rieurs le centre d'attention. Le produit comprend 6 cartes avec diff\u00e9rents mod\u00e8les et une t\u00e9l\u00e9commande. De plus, l'emballage est \u00e9cologique, c'est-\u00e0-dire qu'il ne comprend pas de plastique. Ref. ORIONNG115D\u00e9corez vos pi\u00e8ces tout en \u00e9conomisant de l'\u00e9nergieChoisir le plus adapt\u00e9 \u00e0 la p\u00e9riode de l'ann\u00e9ePour un chargement plus facileJusqu'\u00e0 15 m\u00e8tres","breadcrumb":{"@id":"https:\/\/arteconfort.com\/fr\/producto\/orion\/#breadcrumb"},"inLanguage":"fr-FR","potentialAction":[{"@type":"ReadAction","target":["https:\/\/arteconfort.com\/fr\/producto\/orion\/"]}]},{"@type":"ImageObject","inLanguage":"fr-FR","@id":"https:\/\/arteconfort.com\/fr\/producto\/orion\/#primaryimage","url":"https:\/\/arteconfort.com\/wp-content\/uploads\/2021\/09\/ORION-pack-1.jpg","contentUrl":"https:\/\/arteconfort.com\/wp-content\/uploads\/2021\/09\/ORION-pack-1.jpg","width":1024,"height":1024,"caption":"Pack ORI\u00d3N"},{"@type":"BreadcrumbList","@id":"https:\/\/arteconfort.com\/fr\/producto\/orion\/#breadcrumb","itemListElement":[{"@type":"ListItem","position":1,"name":"Inicio","item":"https:\/\/arteconfort.com\/fr\/"},{"@type":"ListItem","position":2,"name":"Boutique","item":"https:\/\/arteconfort.com\/fr\/boutique\/"},{"@type":"ListItem","position":3,"name":"ORI\u00d3N"}]},{"@type":"WebSite","@id":"https:\/\/arteconfort.com\/fr\/#website","url":"https:\/\/arteconfort.com\/fr\/","name":"Arteconfort","description":"Especialistas en productos del hogar","publisher":{"@id":"https:\/\/arteconfort.com\/fr\/#organization"},"potentialAction":[{"@type":"SearchAction","target":{"@type":"EntryPoint","urlTemplate":"https:\/\/arteconfort.com\/fr\/?s={search_term_string}"},"query-input":{"@type":"PropertyValueSpecification","valueRequired":true,"valueName":"search_term_string"}}],"inLanguage":"fr-FR"},{"@type":"Organization","@id":"https:\/\/arteconfort.com\/fr\/#organization","name":"Arteconfort","url":"https:\/\/arteconfort.com\/fr\/","logo":{"@type":"ImageObject","inLanguage":"fr-FR","@id":"https:\/\/arteconfort.com\/fr\/#\/schema\/logo\/image\/","url":"https:\/\/arteconfort.com\/wp-content\/uploads\/2019\/07\/logo-arteconfort.png","contentUrl":"https:\/\/arteconfort.com\/wp-content\/uploads\/2019\/07\/logo-arteconfort.png","width":230,"height":88,"caption":"Arteconfort"},"image":{"@id":"https:\/\/arteconfort.com\/fr\/#\/schema\/logo\/image\/"}}]}},"_links":{"self":[{"href":"https:\/\/arteconfort.com\/fr\/wp-json\/wp\/v2\/product\/13622","targetHints":{"allow":["GET"]}}],"collection":[{"href":"https:\/\/arteconfort.com\/fr\/wp-json\/wp\/v2\/product"}],"about":[{"href":"https:\/\/arteconfort.com\/fr\/wp-json\/wp\/v2\/types\/product"}],"wp:featuredmedia":[{"embeddable":true,"href":"https:\/\/arteconfort.com\/fr\/wp-json\/wp\/v2\/media\/19718"}],"wp:attachment":[{"href":"https:\/\/arteconfort.com\/fr\/wp-json\/wp\/v2\/media?parent=13622"}],"wp:term":[{"taxonomy":"product_brand","embeddable":true,"href":"https:\/\/arteconfort.com\/fr\/wp-json\/wp\/v2\/product_brand?post=13622"},{"taxonomy":"product_cat","embeddable":true,"href":"https:\/\/arteconfort.com\/fr\/wp-json\/wp\/v2\/product_cat?post=13622"},{"taxonomy":"product_tag","embeddable":true,"href":"https:\/\/arteconfort.com\/fr\/wp-json\/wp\/v2\/product_tag?post=13622"}],"curies":[{"name":"wp","href":"https:\/\/api.w.org\/{rel}","templated":true}]}}