{"id":13702,"date":"2021-09-13T14:04:02","date_gmt":"2021-09-13T12:04:02","guid":{"rendered":"https:\/\/arteconfort.com\/?post_type=product&#038;p=13702"},"modified":"2022-04-21T10:59:07","modified_gmt":"2022-04-21T08:59:07","slug":"indus","status":"publish","type":"product","link":"https:\/\/arteconfort.com\/fr\/producto\/indus\/","title":{"rendered":"INDUS"},"content":{"rendered":"<div class=\"wpb-content-wrapper\"><p>[vc_row][vc_column][vc_row_inner][vc_column_inner width=&#8221;1\/4&#8243; offset=&#8221;vc_col-xs-6&#8243;][wyde_info_box icon_set=&#8221;bigmug_line&#8221; icon_bigmug_line=&#8221;bigmug-line-foggy-sun&#8221; title=&#8221;BATTERIE \u00c0 RENDEMENT ET CAPACIT\u00c9 PLUS \u00c9LEV\u00c9S&#8221;]Pour une autonomie plus longue[\/wyde_info_box][\/vc_column_inner][vc_column_inner width=&#8221;1\/4&#8243; offset=&#8221;vc_col-xs-6&#8243;][wyde_info_box icon_set=&#8221;simple_line&#8221; icon_simple_line=&#8221;sl-bulb&#8221; title=&#8221;TEMP\u00c9RATURE DE COULEUR 3000K&#8221;]Aide \u00e0 r\u00e9guler les cycles circadiens[\/wyde_info_box][\/vc_column_inner][vc_column_inner width=&#8221;1\/4&#8243; offset=&#8221;vc_col-xs-6&#8243;][wyde_info_box icon_set=&#8221;simple_line&#8221; icon_simple_line=&#8221;sl-power&#8221; title=&#8221;IGNITION FACILE&#8221;]Il poss\u00e8de deux boutons : ON\/OFF et changement de mode de fonctionnement[\/wyde_info_box][\/vc_column_inner][vc_column_inner width=&#8221;1\/4&#8243; offset=&#8221;vc_col-xs-6&#8243;][wyde_info_box icon_set=&#8221;simple_line&#8221; icon_simple_line=&#8221;sl-like&#8221; title=&#8221;INSTALLATION FACILE&#8221;]Il suffit de planter le panneau solaire dans le sol et de suspendre la guirlande, sans aucun raccordement \u00e9lectrique[\/wyde_info_box][\/vc_column_inner][\/vc_row_inner][vc_row_inner][vc_column_inner offset=&#8221;vc_hidden-xs&#8221;][vc_empty_space][\/vc_column_inner][\/vc_row_inner][vc_row_inner][vc_column_inner offset=&#8221;vc_hidden-xs&#8221;][vc_empty_space height=&#8221;60px&#8221;][\/vc_column_inner][\/vc_row_inner][\/vc_column][vc_row][vc_column width=&#8221;1\/2&#8243;][vc_accordion collapsible=&#8221;true&#8221; active_tab=&#8221;false&#8221;][vc_accordion_tab title=&#8221;Caract\u00e9ristiques g\u00e9n\u00e9rales&#8221;][vc_column_text]<strong>Dimensions<\/strong> 9,5m<br \/>\n<strong>Mat\u00e9riau<\/strong> ABS<br \/>\n<strong>Finition<\/strong> Argent\/Transparent<br \/>\n<strong>IP<\/strong> 65<br \/>\n<strong>Garantie<\/strong> 3 ans[\/vc_column_text][\/vc_accordion_tab][vc_accordion_tab title=&#8221;Panneau solaire&#8221;][vc_column_text]<strong>Mat\u00e9riau<\/strong> \u00a0Polycristallin<br \/>\n<strong>Type d&#8217;encapsulation<\/strong> Silicone<br \/>\n<strong>Tension<\/strong> 2V[\/vc_column_text][\/vc_accordion_tab][vc_accordion_tab title=&#8221;Batterie&#8221;][vc_column_text]<strong>Type de batterie<\/strong>\u00a0AA Ni-MH<br \/>\n<strong>Tension de charge<\/strong> 1,2V<br \/>\n<strong>Capacit\u00e9<\/strong> 600mAh<br \/>\n<strong>Temps de charge<\/strong> 8-12h<br \/>\n<strong>Autonomie<\/strong> 8h[\/vc_column_text][\/vc_accordion_tab][vc_accordion_tab title=&#8221;LED&#8221;][vc_column_text]<strong>Num\u00e9ro de LEDs<\/strong> 50<br \/>\n<strong>Type de LED<\/strong> SMD<br \/>\n<strong>Angle d&#8217;ouverture<\/strong> 360\u00ba<br \/>\n<strong>Duration<\/strong> 15.000 heures<br \/>\n<strong>CCT<\/strong> 3000k[\/vc_column_text][\/vc_accordion_tab][vc_accordion_tab title=&#8221;Modes de fonctionnement&#8221;][vc_column_text]<strong>8 modes d&#8217;allumage<\/strong>[\/vc_column_text][\/vc_accordion_tab][vc_accordion_tab title=&#8221;Sensor&#8221;][vc_column_text]<strong>Sensor<\/strong> Non[\/vc_column_text][\/vc_accordion_tab][\/vc_accordion][\/vc_column][vc_column width=&#8221;1\/2&#8243;][vc_single_image image=&#8221;13637&#8243;][\/vc_column][\/vc_row]<\/p>\n<\/div>","protected":false},"excerpt":{"rendered":"<p>D\u00e9corez vos pi\u00e8ces ext\u00e9rieures \u00e0 tout moment de l&#8217;ann\u00e9e avec cette guirlande solaire de 50 ampoules LED, apportant une touche intime et unique \u00e0 vos environnements, gr\u00e2ce au ton blanc chaud de la lumi\u00e8re. Il int\u00e8gre 8 modes de fonctionnement diff\u00e9rents avec une autonomie de 8 heures. En outre, vous pouvez choisir de les placer comme balise ou en suspension. L&#8217;emballage de ce produit est \u00e9cologique, c&#8217;est-\u00e0-dire qu&#8217;il ne contient pas de plastique.<br \/>\n<strong>Ref. INDUSTR31<\/strong>[vc_row][vc_column offset=&#8221;vc_hidden-xs&#8221;][vc_empty_space height=&#8221;30px&#8221;][\/vc_column][\/vc_row][vc_row][vc_column][vc_row_inner][vc_column_inner][wyde_info_box icon_set=&#8221;bigmug_line&#8221; icon_bigmug_line=&#8221;bigmug-line-equalizar2&#8243; icon_position=&#8221;left&#8221; title=&#8221;8 MODES D&#8217;ALLUMAGE&#8221;]Choisissez le mode de fonctionnement de votre choix[\/wyde_info_box][vc_empty_space height=&#8221;15px&#8221;][\/vc_column_inner][\/vc_row_inner][vc_row_inner][vc_column_inner][wyde_info_box icon_set=&#8221;simple_line&#8221; icon_simple_line=&#8221;sl-eye&#8221; icon_position=&#8221;left&#8221; title=&#8221;\u00c9CLAIRAGE D\u00c9CORATIF&#8221;]Cr\u00e9ez une ambiance chaleureuse unique avec une lumi\u00e8re d\u00e9corative dans un ton blanc chaud[\/wyde_info_box][vc_empty_space height=&#8221;15px&#8221;][\/vc_column_inner][\/vc_row_inner][vc_row_inner][vc_column_inner][wyde_info_box icon_set=&#8221;simple_line&#8221; icon_simple_line=&#8221;sl-wrench&#8221; icon_position=&#8221;left&#8221; title=&#8221;2 OPTIONS DE MONTAGE&#8221;]Installez le panneau solaire en suspension ou comme balise[\/wyde_info_box][vc_empty_space height=&#8221;15px&#8221;][\/vc_column_inner][\/vc_row_inner][\/vc_column][\/vc_row][vc_row][vc_column offset=&#8221;vc_hidden-xs&#8221;][vc_empty_space height=&#8221;60px&#8221;][\/vc_column][\/vc_row][vc_row][vc_column width=&#8221;1\/3&#8243;][wyde_link_button icon_set=&#8221;simple_line&#8221; icon_simple_line=&#8221;sl-settings&#8221; style=&#8221;round&#8221; title=&#8221;Instructions&#8221; link=&#8221;url:http%3A%2F%2Farteconfort.com%2Fwp-content\/uploads\/2021\/09\/im-INDUS.pdf||target:%20_blank|rel:nofollow&#8221; color=&#8221;#ffffff&#8221; bg_color=&#8221;#222222&#8243;][\/vc_column][vc_row][vc_column offset=&#8221;vc_hidden-xs&#8221;][vc_empty_space][\/vc_column][\/vc_row][vc_row][vc_column][vc_empty_space height=&#8221;20px&#8221;][\/vc_column][\/vc_row][vc_row background_mode=&#8221;color&#8221; background_color=&#8221;#f5f5f5&#8243;][vc_column text_align=&#8221;center&#8221;][vc_row_inner padding_size=&#8221;m-padding&#8221;][vc_column_inner text_align=&#8221;center&#8221;][vc_single_image alignment=&#8221;center&#8221; image=&#8221;1046&#8243;][vc_column_text]Retrouvez cette couronne solaire en vente exclusivement chez LEROY MERLIN[\/vc_column_text][vc_empty_space height=&#8221;15px&#8221;][wyde_link_button icon_set=&#8221;simple_line&#8221; icon_simple_line=&#8221;sl-login&#8221; style=&#8221;outline round&#8221; title=&#8221;Connectez-vous \u00e0 Leroy Merlin&#8221; link=&#8221;url:https%3A%2F%2Fwww.leroymerlin.es%2Ffp%2F82925994%2Fguirnalda-solar-indus-de-950-cm-50-luces-ip65||target:%20_blank|rel:nofollow&#8221; color=&#8221;#61b4e4&#8243; hover_color=&#8221;#ffffff&#8221;][\/vc_column_inner][\/vc_row_inner][\/vc_column][\/vc_row]<\/p>\n","protected":false},"featured_media":31936,"template":"","meta":[],"product_brand":[],"product_cat":[406],"product_tag":[],"class_list":{"0":"post-13702","1":"product","2":"type-product","3":"status-publish","4":"has-post-thumbnail","6":"product_cat-descatalogados-fr","8":"first","9":"instock","10":"shipping-taxable","11":"product-type-external"},"yoast_head":"<!-- This site is optimized with the Yoast SEO plugin v26.5 - https:\/\/yoast.com\/wordpress\/plugins\/seo\/ -->\n<title>INDUS - Descatalogados - Arteconfort<\/title>\n<meta name=\"description\" content=\"D\u00e9corez vos pi\u00e8ces ext\u00e9rieures \u00e0 tout moment de l&#039;ann\u00e9e avec cette guirlande solaire de 50 ampoules LED, apportant une touche intime et unique \u00e0 vos environnements, gr\u00e2ce au ton blanc chaud de la lumi\u00e8re. Il int\u00e8gre 8 modes de fonctionnement diff\u00e9rents avec une autonomie de 8 heures. En outre, vous pouvez choisir de les placer comme balise ou en suspension. L&#039;emballage de ce produit est \u00e9cologique, c&#039;est-\u00e0-dire qu&#039;il ne contient pas de plastique. Ref. INDUSTR31Choisissez le mode de fonctionnement de votre choixCr\u00e9ez une ambiance chaleureuse unique avec une lumi\u00e8re d\u00e9corative dans un ton blanc chaudInstallez le panneau solaire en suspension ou comme baliseRetrouvez cette couronne solaire en vente exclusivement chez LEROY MERLIN\" \/>\n<meta name=\"robots\" content=\"index, follow, max-snippet:-1, max-image-preview:large, max-video-preview:-1\" \/>\n<link rel=\"canonical\" href=\"https:\/\/arteconfort.com\/fr\/producto\/indus\/\" \/>\n<meta property=\"og:locale\" content=\"fr_FR\" \/>\n<meta property=\"og:type\" content=\"article\" \/>\n<meta property=\"og:title\" content=\"INDUS - Descatalogados - Arteconfort\" \/>\n<meta property=\"og:description\" content=\"D\u00e9corez vos pi\u00e8ces ext\u00e9rieures \u00e0 tout moment de l&#039;ann\u00e9e avec cette guirlande solaire de 50 ampoules LED, apportant une touche intime et unique \u00e0 vos environnements, gr\u00e2ce au ton blanc chaud de la lumi\u00e8re. Il int\u00e8gre 8 modes de fonctionnement diff\u00e9rents avec une autonomie de 8 heures. En outre, vous pouvez choisir de les placer comme balise ou en suspension. L&#039;emballage de ce produit est \u00e9cologique, c&#039;est-\u00e0-dire qu&#039;il ne contient pas de plastique. Ref. INDUSTR31Choisissez le mode de fonctionnement de votre choixCr\u00e9ez une ambiance chaleureuse unique avec une lumi\u00e8re d\u00e9corative dans un ton blanc chaudInstallez le panneau solaire en suspension ou comme baliseRetrouvez cette couronne solaire en vente exclusivement chez LEROY MERLIN\" \/>\n<meta property=\"og:url\" content=\"https:\/\/arteconfort.com\/fr\/producto\/indus\/\" \/>\n<meta property=\"og:site_name\" content=\"Arteconfort\" \/>\n<meta property=\"article:modified_time\" content=\"2022-04-21T08:59:07+00:00\" \/>\n<meta property=\"og:image\" content=\"https:\/\/arteconfort.com\/wp-content\/uploads\/2023\/10\/INDUS-pack.webp\" \/>\n\t<meta property=\"og:image:width\" content=\"1024\" \/>\n\t<meta property=\"og:image:height\" content=\"1024\" \/>\n\t<meta property=\"og:image:type\" content=\"image\/webp\" \/>\n<meta name=\"twitter:card\" content=\"summary_large_image\" \/>\n<meta name=\"twitter:label1\" content=\"Dur\u00e9e de lecture estim\u00e9e\" \/>\n\t<meta name=\"twitter:data1\" content=\"2 minutes\" \/>\n<!-- \/ Yoast SEO plugin. -->","yoast_head_json":{"title":"INDUS - Descatalogados - Arteconfort","description":"D\u00e9corez vos pi\u00e8ces ext\u00e9rieures \u00e0 tout moment de l'ann\u00e9e avec cette guirlande solaire de 50 ampoules LED, apportant une touche intime et unique \u00e0 vos environnements, gr\u00e2ce au ton blanc chaud de la lumi\u00e8re. Il int\u00e8gre 8 modes de fonctionnement diff\u00e9rents avec une autonomie de 8 heures. En outre, vous pouvez choisir de les placer comme balise ou en suspension. L'emballage de ce produit est \u00e9cologique, c'est-\u00e0-dire qu'il ne contient pas de plastique. Ref. INDUSTR31Choisissez le mode de fonctionnement de votre choixCr\u00e9ez une ambiance chaleureuse unique avec une lumi\u00e8re d\u00e9corative dans un ton blanc chaudInstallez le panneau solaire en suspension ou comme baliseRetrouvez cette couronne solaire en vente exclusivement chez LEROY MERLIN","robots":{"index":"index","follow":"follow","max-snippet":"max-snippet:-1","max-image-preview":"max-image-preview:large","max-video-preview":"max-video-preview:-1"},"canonical":"https:\/\/arteconfort.com\/fr\/producto\/indus\/","og_locale":"fr_FR","og_type":"article","og_title":"INDUS - Descatalogados - Arteconfort","og_description":"D\u00e9corez vos pi\u00e8ces ext\u00e9rieures \u00e0 tout moment de l'ann\u00e9e avec cette guirlande solaire de 50 ampoules LED, apportant une touche intime et unique \u00e0 vos environnements, gr\u00e2ce au ton blanc chaud de la lumi\u00e8re. Il int\u00e8gre 8 modes de fonctionnement diff\u00e9rents avec une autonomie de 8 heures. En outre, vous pouvez choisir de les placer comme balise ou en suspension. L'emballage de ce produit est \u00e9cologique, c'est-\u00e0-dire qu'il ne contient pas de plastique. Ref. INDUSTR31Choisissez le mode de fonctionnement de votre choixCr\u00e9ez une ambiance chaleureuse unique avec une lumi\u00e8re d\u00e9corative dans un ton blanc chaudInstallez le panneau solaire en suspension ou comme baliseRetrouvez cette couronne solaire en vente exclusivement chez LEROY MERLIN","og_url":"https:\/\/arteconfort.com\/fr\/producto\/indus\/","og_site_name":"Arteconfort","article_modified_time":"2022-04-21T08:59:07+00:00","og_image":[{"width":1024,"height":1024,"url":"https:\/\/arteconfort.com\/wp-content\/uploads\/2023\/10\/INDUS-pack.webp","type":"image\/webp"}],"twitter_card":"summary_large_image","twitter_misc":{"Dur\u00e9e de lecture estim\u00e9e":"2 minutes"},"schema":{"@context":"https:\/\/schema.org","@graph":[{"@type":"WebPage","@id":"https:\/\/arteconfort.com\/fr\/producto\/indus\/","url":"https:\/\/arteconfort.com\/fr\/producto\/indus\/","name":"INDUS - Descatalogados - Arteconfort","isPartOf":{"@id":"https:\/\/arteconfort.com\/fr\/#website"},"primaryImageOfPage":{"@id":"https:\/\/arteconfort.com\/fr\/producto\/indus\/#primaryimage"},"image":{"@id":"https:\/\/arteconfort.com\/fr\/producto\/indus\/#primaryimage"},"thumbnailUrl":"https:\/\/arteconfort.com\/wp-content\/uploads\/2023\/10\/INDUS-pack.webp","datePublished":"2021-09-13T12:04:02+00:00","dateModified":"2022-04-21T08:59:07+00:00","description":"D\u00e9corez vos pi\u00e8ces ext\u00e9rieures \u00e0 tout moment de l'ann\u00e9e avec cette guirlande solaire de 50 ampoules LED, apportant une touche intime et unique \u00e0 vos environnements, gr\u00e2ce au ton blanc chaud de la lumi\u00e8re. Il int\u00e8gre 8 modes de fonctionnement diff\u00e9rents avec une autonomie de 8 heures. En outre, vous pouvez choisir de les placer comme balise ou en suspension. L'emballage de ce produit est \u00e9cologique, c'est-\u00e0-dire qu'il ne contient pas de plastique. Ref. INDUSTR31Choisissez le mode de fonctionnement de votre choixCr\u00e9ez une ambiance chaleureuse unique avec une lumi\u00e8re d\u00e9corative dans un ton blanc chaudInstallez le panneau solaire en suspension ou comme baliseRetrouvez cette couronne solaire en vente exclusivement chez LEROY MERLIN","breadcrumb":{"@id":"https:\/\/arteconfort.com\/fr\/producto\/indus\/#breadcrumb"},"inLanguage":"fr-FR","potentialAction":[{"@type":"ReadAction","target":["https:\/\/arteconfort.com\/fr\/producto\/indus\/"]}]},{"@type":"ImageObject","inLanguage":"fr-FR","@id":"https:\/\/arteconfort.com\/fr\/producto\/indus\/#primaryimage","url":"https:\/\/arteconfort.com\/wp-content\/uploads\/2023\/10\/INDUS-pack.webp","contentUrl":"https:\/\/arteconfort.com\/wp-content\/uploads\/2023\/10\/INDUS-pack.webp","width":1024,"height":1024,"caption":"Guirnalda solar INDUS"},{"@type":"BreadcrumbList","@id":"https:\/\/arteconfort.com\/fr\/producto\/indus\/#breadcrumb","itemListElement":[{"@type":"ListItem","position":1,"name":"Inicio","item":"https:\/\/arteconfort.com\/fr\/"},{"@type":"ListItem","position":2,"name":"Boutique","item":"https:\/\/arteconfort.com\/fr\/boutique\/"},{"@type":"ListItem","position":3,"name":"INDUS"}]},{"@type":"WebSite","@id":"https:\/\/arteconfort.com\/fr\/#website","url":"https:\/\/arteconfort.com\/fr\/","name":"Arteconfort","description":"Especialistas en productos del hogar","publisher":{"@id":"https:\/\/arteconfort.com\/fr\/#organization"},"potentialAction":[{"@type":"SearchAction","target":{"@type":"EntryPoint","urlTemplate":"https:\/\/arteconfort.com\/fr\/?s={search_term_string}"},"query-input":{"@type":"PropertyValueSpecification","valueRequired":true,"valueName":"search_term_string"}}],"inLanguage":"fr-FR"},{"@type":"Organization","@id":"https:\/\/arteconfort.com\/fr\/#organization","name":"Arteconfort","url":"https:\/\/arteconfort.com\/fr\/","logo":{"@type":"ImageObject","inLanguage":"fr-FR","@id":"https:\/\/arteconfort.com\/fr\/#\/schema\/logo\/image\/","url":"https:\/\/arteconfort.com\/wp-content\/uploads\/2019\/07\/logo-arteconfort.png","contentUrl":"https:\/\/arteconfort.com\/wp-content\/uploads\/2019\/07\/logo-arteconfort.png","width":230,"height":88,"caption":"Arteconfort"},"image":{"@id":"https:\/\/arteconfort.com\/fr\/#\/schema\/logo\/image\/"}}]}},"_links":{"self":[{"href":"https:\/\/arteconfort.com\/fr\/wp-json\/wp\/v2\/product\/13702","targetHints":{"allow":["GET"]}}],"collection":[{"href":"https:\/\/arteconfort.com\/fr\/wp-json\/wp\/v2\/product"}],"about":[{"href":"https:\/\/arteconfort.com\/fr\/wp-json\/wp\/v2\/types\/product"}],"wp:featuredmedia":[{"embeddable":true,"href":"https:\/\/arteconfort.com\/fr\/wp-json\/wp\/v2\/media\/31936"}],"wp:attachment":[{"href":"https:\/\/arteconfort.com\/fr\/wp-json\/wp\/v2\/media?parent=13702"}],"wp:term":[{"taxonomy":"product_brand","embeddable":true,"href":"https:\/\/arteconfort.com\/fr\/wp-json\/wp\/v2\/product_brand?post=13702"},{"taxonomy":"product_cat","embeddable":true,"href":"https:\/\/arteconfort.com\/fr\/wp-json\/wp\/v2\/product_cat?post=13702"},{"taxonomy":"product_tag","embeddable":true,"href":"https:\/\/arteconfort.com\/fr\/wp-json\/wp\/v2\/product_tag?post=13702"}],"curies":[{"name":"wp","href":"https:\/\/api.w.org\/{rel}","templated":true}]}}