{"id":14622,"date":"2021-09-13T15:22:16","date_gmt":"2021-09-13T13:22:16","guid":{"rendered":"https:\/\/arteconfort.com\/?post_type=product&#038;p=14622"},"modified":"2022-04-21T11:50:41","modified_gmt":"2022-04-21T09:50:41","slug":"lirida","status":"publish","type":"product","link":"https:\/\/arteconfort.com\/fr\/producto\/lirida\/","title":{"rendered":"L\u00cdRIDA"},"content":{"rendered":"<div class=\"wpb-content-wrapper\"><p>[vc_row][vc_column][vc_row_inner][vc_column_inner width=&#8221;1\/4&#8243; offset=&#8221;vc_col-xs-6&#8243;][wyde_info_box icon_set=&#8221;bigmug_line&#8221; icon_bigmug_line=&#8221;bigmug-line-foggy-sun&#8221; title=&#8221;BATTERIE \u00c0 RENDEMENT ET CAPACIT\u00c9 PLUS \u00c9LEV\u00c9S&#8221;]Pour une autonomie plus longue[\/wyde_info_box][\/vc_column_inner][vc_column_inner width=&#8221;1\/4&#8243; offset=&#8221;vc_col-xs-6&#8243;][wyde_info_box icon_set=&#8221;simple_line&#8221; icon_simple_line=&#8221;sl-bulb&#8221; title=&#8221;TEMP\u00c9RATURE DE COULEUR 3000K&#8221;]Aide \u00e0 r\u00e9guler les cycles circadiens[\/wyde_info_box][\/vc_column_inner][vc_column_inner width=&#8221;1\/4&#8243; offset=&#8221;vc_col-xs-6&#8243;][wyde_info_box icon_set=&#8221;simple_line&#8221; icon_simple_line=&#8221;sl-power&#8221; title=&#8221;ALLUMAGE FACILE&#8221;]Il poss\u00e8de deux boutons : ON\/OFF et changement de mode de fonctionnement[\/wyde_info_box][\/vc_column_inner][vc_column_inner width=&#8221;1\/4&#8243; offset=&#8221;vc_col-xs-6&#8243;][wyde_info_box icon_set=&#8221;simple_line&#8221; icon_simple_line=&#8221;sl-like&#8221; title=&#8221;INSTALLATION FACILE&#8221;]Il suffit de planter le panneau solaire dans le sol et de suspendre la guirlande, sans aucun raccordement \u00e9lectrique[\/wyde_info_box][\/vc_column_inner][\/vc_row_inner][vc_row_inner][vc_column_inner offset=&#8221;vc_hidden-xs&#8221;][vc_empty_space][\/vc_column_inner][\/vc_row_inner][vc_row_inner][vc_column_inner offset=&#8221;vc_hidden-xs&#8221;][vc_empty_space height=&#8221;60px&#8221;][\/vc_column_inner][\/vc_row_inner][\/vc_column][vc_row][vc_column width=&#8221;1\/2&#8243;][vc_accordion collapsible=&#8221;true&#8221; active_tab=&#8221;false&#8221;][vc_accordion_tab title=&#8221;Caract\u00e9ristiques g\u00e9n\u00e9rales&#8221;][vc_column_text]<strong>Dimensions<\/strong> 2&#215;3 metros<br \/>\n<strong>Mat\u00e9riau<\/strong> ABS<br \/>\n<strong>Finition<\/strong> Transparent<br \/>\n<strong>IP<\/strong> 65<br \/>\n<strong>Garantie<\/strong> 3 a\u00f1os[\/vc_column_text][\/vc_accordion_tab][vc_accordion_tab title=&#8221;Panneau solaire&#8221;][vc_column_text]<strong>Mat\u00e9riau<\/strong> Polycristallin<br \/>\n<strong>Type d&#8217;encapsulation<\/strong> Silicone<br \/>\n<strong>Tension<\/strong> 5,5V[\/vc_column_text][\/vc_accordion_tab][vc_accordion_tab title=&#8221;Batterie&#8221;][vc_column_text]<strong>Type de batterie\u00a0<\/strong>AA Ni-MH<br \/>\n<strong>Tension de charge<\/strong> 3,7V<br \/>\n<strong>Capacit\u00e9<\/strong> 600mAh<br \/>\n<strong>Temps de charge<\/strong> 8-12h<br \/>\n<strong>Autonomie<\/strong> 8h[\/vc_column_text][\/vc_accordion_tab][vc_accordion_tab title=&#8221;LED&#8221;][vc_column_text]<strong>Num\u00e9ro de LEDs<\/strong> 204<br \/>\n<strong>Type de LED<\/strong> SMD<br \/>\n<strong>Angle d&#8217;ouverture<\/strong> 120\u00ba<br \/>\n<strong>Vie utile<\/strong> 15.000 heures<br \/>\n<strong>CCT<\/strong> 3000k[\/vc_column_text][\/vc_accordion_tab][vc_accordion_tab title=&#8221;Modes de fonctionnement&#8221;][vc_column_text]<strong>8 modes d&#8217;allumage<\/strong>[\/vc_column_text][\/vc_accordion_tab][vc_accordion_tab title=&#8221;Sensor&#8221;][vc_column_text]<strong>Sensor<\/strong> Non[\/vc_column_text][\/vc_accordion_tab][\/vc_accordion][\/vc_column][vc_column width=&#8221;1\/2&#8243;][vc_single_image image=&#8221;13668&#8243;][\/vc_column][\/vc_row]<\/p>\n<\/div>","protected":false},"excerpt":{"rendered":"<p>Donnez vie \u00e0 vos espaces ext\u00e9rieurs avec la guirlande solaire L\u00cdRIDA, dot\u00e9e de 204 lumi\u00e8res LED, id\u00e9ale pour mettre en valeur des zones sp\u00e9cifiques de votre jardin ou de votre terrasse. Il int\u00e8gre 8 modes de fonctionnement diff\u00e9rents avec une autonomie de 8 heures. En outre, vous pouvez choisir de le placer comme balise ou suspendu. L&#8217;emballage de ce produit est \u00e9cologique, c&#8217;est-\u00e0-dire qu&#8217;il ne contient pas de plastique.<br \/>\n<strong>Ref. INDUSTR31<\/strong>[vc_row][vc_column offset=&#8221;vc_hidden-xs&#8221;][vc_empty_space height=&#8221;30px&#8221;][\/vc_column][\/vc_row][vc_row][vc_column][vc_row_inner][vc_column_inner][wyde_info_box icon_set=&#8221;bigmug_line&#8221; icon_bigmug_line=&#8221;bigmug-line-equalizar2&#8243; icon_position=&#8221;left&#8221; title=&#8221;8 MODES D&#8217;ALLUMAGE&#8221;]Choisissez le mode de fonctionnement de votre choix[\/wyde_info_box][vc_empty_space height=&#8221;15px&#8221;][\/vc_column_inner][\/vc_row_inner][vc_row_inner][vc_column_inner][wyde_info_box icon_set=&#8221;simple_line&#8221; icon_simple_line=&#8221;sl-eye&#8221; icon_position=&#8221;left&#8221; title=&#8221;\u00c9CLAIRAGE D\u00c9CORATIF&#8221;]Cr\u00e9ez une ambiance chaleureuse unique gr\u00e2ce \u00e0 la lumi\u00e8re d\u00e9corative blanc chaud[\/wyde_info_box][vc_empty_space height=&#8221;15px&#8221;][\/vc_column_inner][\/vc_row_inner][vc_row_inner][vc_column_inner][wyde_info_box icon_set=&#8221;simple_line&#8221; icon_simple_line=&#8221;sl-wrench&#8221; icon_position=&#8221;left&#8221; title=&#8221;2 OPTIONS DE MONTAGE&#8221;]Installez le panneau solaire en suspension ou comme balise[\/wyde_info_box][vc_empty_space height=&#8221;15px&#8221;][\/vc_column_inner][\/vc_row_inner][\/vc_column][\/vc_row][vc_row][vc_column offset=&#8221;vc_hidden-xs&#8221;][vc_empty_space height=&#8221;60px&#8221;][\/vc_column][\/vc_row][vc_row][vc_column width=&#8221;1\/3&#8243;][wyde_link_button icon_set=&#8221;simple_line&#8221; icon_simple_line=&#8221;sl-settings&#8221; style=&#8221;round&#8221; title=&#8221;Instructions&#8221; link=&#8221;url:http%3A%2F%2Farteconfort.com%2Fwp-content\/uploads\/2021\/09\/im-LIRIDA.pdf||target:%20_blank|rel:nofollow&#8221; color=&#8221;#ffffff&#8221; bg_color=&#8221;#222222&#8243;][\/vc_column][vc_row][vc_column offset=&#8221;vc_hidden-xs&#8221;][vc_empty_space][\/vc_column][\/vc_row][vc_row][vc_column][vc_empty_space height=&#8221;20px&#8221;][\/vc_column][\/vc_row][vc_row background_mode=&#8221;color&#8221; background_color=&#8221;#f5f5f5&#8243;][vc_column text_align=&#8221;center&#8221;][vc_row_inner padding_size=&#8221;m-padding&#8221;][vc_column_inner text_align=&#8221;center&#8221;][vc_single_image alignment=&#8221;center&#8221; image=&#8221;1046&#8243;][vc_column_text]Retrouvez cette couronne solaire en vente exclusivement chez LEROY MERLIN[\/vc_column_text][vc_empty_space height=&#8221;15px&#8221;][wyde_link_button icon_set=&#8221;simple_line&#8221; icon_simple_line=&#8221;sl-login&#8221; style=&#8221;outline round&#8221; title=&#8221;Connectez-vous \u00e0 Leroy Merlin&#8221; link=&#8221;url:http%3A%2F%2Fwww.leroymerlin.es%2Ffp%2F82051929%2Fguirnalda-solar-arte-lagrima-enif||target:%20_blank|rel:nofollow&#8221; color=&#8221;#61b4e4&#8243; hover_color=&#8221;#ffffff&#8221;][\/vc_column_inner][\/vc_row_inner][\/vc_column][\/vc_row]<\/p>\n","protected":false},"featured_media":51581,"template":"","meta":[],"product_brand":[],"product_cat":[1047,340,336],"product_tag":[],"class_list":{"0":"post-14622","1":"product","2":"type-product","3":"status-publish","4":"has-post-thumbnail","6":"product_cat-coleccion-antigua-fr","7":"product_cat-iluminacion-solar-de-pared-fr","8":"product_cat-solar-fr","10":"first","11":"instock","12":"shipping-taxable","13":"product-type-external"},"yoast_head":"<!-- This site is optimized with the Yoast SEO plugin v26.5 - https:\/\/yoast.com\/wordpress\/plugins\/seo\/ -->\n<title>L\u00cdRIDA - colecci\u00f3n antigua, Pared, Solar - Arteconfort<\/title>\n<meta name=\"description\" content=\"Donnez vie \u00e0 vos espaces ext\u00e9rieurs avec la guirlande solaire L\u00cdRIDA, dot\u00e9e de 204 lumi\u00e8res LED, id\u00e9ale pour mettre en valeur des zones sp\u00e9cifiques de votre jardin ou de votre terrasse. Il int\u00e8gre 8 modes de fonctionnement diff\u00e9rents avec une autonomie de 8 heures. En outre, vous pouvez choisir de le placer comme balise ou suspendu. L&#039;emballage de ce produit est \u00e9cologique, c&#039;est-\u00e0-dire qu&#039;il ne contient pas de plastique. Ref. INDUSTR31Choisissez le mode de fonctionnement de votre choixCr\u00e9ez une ambiance chaleureuse unique gr\u00e2ce \u00e0 la lumi\u00e8re d\u00e9corative blanc chaudInstallez le panneau solaire en suspension ou comme baliseRetrouvez cette couronne solaire en vente exclusivement chez LEROY MERLIN\" \/>\n<meta name=\"robots\" content=\"index, follow, max-snippet:-1, max-image-preview:large, max-video-preview:-1\" \/>\n<link rel=\"canonical\" href=\"https:\/\/arteconfort.com\/fr\/producto\/lirida\/\" \/>\n<meta property=\"og:locale\" content=\"fr_FR\" \/>\n<meta property=\"og:type\" content=\"article\" \/>\n<meta property=\"og:title\" content=\"L\u00cdRIDA - colecci\u00f3n antigua, Pared, Solar - Arteconfort\" \/>\n<meta property=\"og:description\" content=\"Donnez vie \u00e0 vos espaces ext\u00e9rieurs avec la guirlande solaire L\u00cdRIDA, dot\u00e9e de 204 lumi\u00e8res LED, id\u00e9ale pour mettre en valeur des zones sp\u00e9cifiques de votre jardin ou de votre terrasse. Il int\u00e8gre 8 modes de fonctionnement diff\u00e9rents avec une autonomie de 8 heures. En outre, vous pouvez choisir de le placer comme balise ou suspendu. L&#039;emballage de ce produit est \u00e9cologique, c&#039;est-\u00e0-dire qu&#039;il ne contient pas de plastique. Ref. INDUSTR31Choisissez le mode de fonctionnement de votre choixCr\u00e9ez une ambiance chaleureuse unique gr\u00e2ce \u00e0 la lumi\u00e8re d\u00e9corative blanc chaudInstallez le panneau solaire en suspension ou comme baliseRetrouvez cette couronne solaire en vente exclusivement chez LEROY MERLIN\" \/>\n<meta property=\"og:url\" content=\"https:\/\/arteconfort.com\/fr\/producto\/lirida\/\" \/>\n<meta property=\"og:site_name\" content=\"Arteconfort\" \/>\n<meta property=\"article:modified_time\" content=\"2022-04-21T09:50:41+00:00\" \/>\n<meta property=\"og:image\" content=\"https:\/\/arteconfort.com\/wp-content\/uploads\/2025\/10\/ambiente-LIRIDA-1.webp\" \/>\n\t<meta property=\"og:image:width\" content=\"1024\" \/>\n\t<meta property=\"og:image:height\" content=\"1024\" \/>\n\t<meta property=\"og:image:type\" content=\"image\/webp\" \/>\n<meta name=\"twitter:card\" content=\"summary_large_image\" \/>\n<meta name=\"twitter:label1\" content=\"Dur\u00e9e de lecture estim\u00e9e\" \/>\n\t<meta name=\"twitter:data1\" content=\"2 minutes\" \/>\n<!-- \/ Yoast SEO plugin. -->","yoast_head_json":{"title":"L\u00cdRIDA - colecci\u00f3n antigua, Pared, Solar - Arteconfort","description":"Donnez vie \u00e0 vos espaces ext\u00e9rieurs avec la guirlande solaire L\u00cdRIDA, dot\u00e9e de 204 lumi\u00e8res LED, id\u00e9ale pour mettre en valeur des zones sp\u00e9cifiques de votre jardin ou de votre terrasse. Il int\u00e8gre 8 modes de fonctionnement diff\u00e9rents avec une autonomie de 8 heures. En outre, vous pouvez choisir de le placer comme balise ou suspendu. L'emballage de ce produit est \u00e9cologique, c'est-\u00e0-dire qu'il ne contient pas de plastique. Ref. INDUSTR31Choisissez le mode de fonctionnement de votre choixCr\u00e9ez une ambiance chaleureuse unique gr\u00e2ce \u00e0 la lumi\u00e8re d\u00e9corative blanc chaudInstallez le panneau solaire en suspension ou comme baliseRetrouvez cette couronne solaire en vente exclusivement chez LEROY MERLIN","robots":{"index":"index","follow":"follow","max-snippet":"max-snippet:-1","max-image-preview":"max-image-preview:large","max-video-preview":"max-video-preview:-1"},"canonical":"https:\/\/arteconfort.com\/fr\/producto\/lirida\/","og_locale":"fr_FR","og_type":"article","og_title":"L\u00cdRIDA - colecci\u00f3n antigua, Pared, Solar - Arteconfort","og_description":"Donnez vie \u00e0 vos espaces ext\u00e9rieurs avec la guirlande solaire L\u00cdRIDA, dot\u00e9e de 204 lumi\u00e8res LED, id\u00e9ale pour mettre en valeur des zones sp\u00e9cifiques de votre jardin ou de votre terrasse. Il int\u00e8gre 8 modes de fonctionnement diff\u00e9rents avec une autonomie de 8 heures. En outre, vous pouvez choisir de le placer comme balise ou suspendu. L'emballage de ce produit est \u00e9cologique, c'est-\u00e0-dire qu'il ne contient pas de plastique. Ref. INDUSTR31Choisissez le mode de fonctionnement de votre choixCr\u00e9ez une ambiance chaleureuse unique gr\u00e2ce \u00e0 la lumi\u00e8re d\u00e9corative blanc chaudInstallez le panneau solaire en suspension ou comme baliseRetrouvez cette couronne solaire en vente exclusivement chez LEROY MERLIN","og_url":"https:\/\/arteconfort.com\/fr\/producto\/lirida\/","og_site_name":"Arteconfort","article_modified_time":"2022-04-21T09:50:41+00:00","og_image":[{"width":1024,"height":1024,"url":"https:\/\/arteconfort.com\/wp-content\/uploads\/2025\/10\/ambiente-LIRIDA-1.webp","type":"image\/webp"}],"twitter_card":"summary_large_image","twitter_misc":{"Dur\u00e9e de lecture estim\u00e9e":"2 minutes"},"schema":{"@context":"https:\/\/schema.org","@graph":[{"@type":"WebPage","@id":"https:\/\/arteconfort.com\/fr\/producto\/lirida\/","url":"https:\/\/arteconfort.com\/fr\/producto\/lirida\/","name":"L\u00cdRIDA - colecci\u00f3n antigua, Pared, Solar - Arteconfort","isPartOf":{"@id":"https:\/\/arteconfort.com\/fr\/#website"},"primaryImageOfPage":{"@id":"https:\/\/arteconfort.com\/fr\/producto\/lirida\/#primaryimage"},"image":{"@id":"https:\/\/arteconfort.com\/fr\/producto\/lirida\/#primaryimage"},"thumbnailUrl":"https:\/\/arteconfort.com\/wp-content\/uploads\/2025\/10\/ambiente-LIRIDA-1.webp","datePublished":"2021-09-13T13:22:16+00:00","dateModified":"2022-04-21T09:50:41+00:00","description":"Donnez vie \u00e0 vos espaces ext\u00e9rieurs avec la guirlande solaire L\u00cdRIDA, dot\u00e9e de 204 lumi\u00e8res LED, id\u00e9ale pour mettre en valeur des zones sp\u00e9cifiques de votre jardin ou de votre terrasse. Il int\u00e8gre 8 modes de fonctionnement diff\u00e9rents avec une autonomie de 8 heures. En outre, vous pouvez choisir de le placer comme balise ou suspendu. L'emballage de ce produit est \u00e9cologique, c'est-\u00e0-dire qu'il ne contient pas de plastique. Ref. INDUSTR31Choisissez le mode de fonctionnement de votre choixCr\u00e9ez une ambiance chaleureuse unique gr\u00e2ce \u00e0 la lumi\u00e8re d\u00e9corative blanc chaudInstallez le panneau solaire en suspension ou comme baliseRetrouvez cette couronne solaire en vente exclusivement chez LEROY MERLIN","breadcrumb":{"@id":"https:\/\/arteconfort.com\/fr\/producto\/lirida\/#breadcrumb"},"inLanguage":"fr-FR","potentialAction":[{"@type":"ReadAction","target":["https:\/\/arteconfort.com\/fr\/producto\/lirida\/"]}]},{"@type":"ImageObject","inLanguage":"fr-FR","@id":"https:\/\/arteconfort.com\/fr\/producto\/lirida\/#primaryimage","url":"https:\/\/arteconfort.com\/wp-content\/uploads\/2025\/10\/ambiente-LIRIDA-1.webp","contentUrl":"https:\/\/arteconfort.com\/wp-content\/uploads\/2025\/10\/ambiente-LIRIDA-1.webp","width":1024,"height":1024},{"@type":"BreadcrumbList","@id":"https:\/\/arteconfort.com\/fr\/producto\/lirida\/#breadcrumb","itemListElement":[{"@type":"ListItem","position":1,"name":"Inicio","item":"https:\/\/arteconfort.com\/fr\/"},{"@type":"ListItem","position":2,"name":"Boutique","item":"https:\/\/arteconfort.com\/fr\/boutique\/"},{"@type":"ListItem","position":3,"name":"L\u00cdRIDA"}]},{"@type":"WebSite","@id":"https:\/\/arteconfort.com\/fr\/#website","url":"https:\/\/arteconfort.com\/fr\/","name":"Arteconfort","description":"Especialistas en productos del hogar","publisher":{"@id":"https:\/\/arteconfort.com\/fr\/#organization"},"potentialAction":[{"@type":"SearchAction","target":{"@type":"EntryPoint","urlTemplate":"https:\/\/arteconfort.com\/fr\/?s={search_term_string}"},"query-input":{"@type":"PropertyValueSpecification","valueRequired":true,"valueName":"search_term_string"}}],"inLanguage":"fr-FR"},{"@type":"Organization","@id":"https:\/\/arteconfort.com\/fr\/#organization","name":"Arteconfort","url":"https:\/\/arteconfort.com\/fr\/","logo":{"@type":"ImageObject","inLanguage":"fr-FR","@id":"https:\/\/arteconfort.com\/fr\/#\/schema\/logo\/image\/","url":"https:\/\/arteconfort.com\/wp-content\/uploads\/2019\/07\/logo-arteconfort.png","contentUrl":"https:\/\/arteconfort.com\/wp-content\/uploads\/2019\/07\/logo-arteconfort.png","width":230,"height":88,"caption":"Arteconfort"},"image":{"@id":"https:\/\/arteconfort.com\/fr\/#\/schema\/logo\/image\/"}}]}},"_links":{"self":[{"href":"https:\/\/arteconfort.com\/fr\/wp-json\/wp\/v2\/product\/14622","targetHints":{"allow":["GET"]}}],"collection":[{"href":"https:\/\/arteconfort.com\/fr\/wp-json\/wp\/v2\/product"}],"about":[{"href":"https:\/\/arteconfort.com\/fr\/wp-json\/wp\/v2\/types\/product"}],"wp:featuredmedia":[{"embeddable":true,"href":"https:\/\/arteconfort.com\/fr\/wp-json\/wp\/v2\/media\/51581"}],"wp:attachment":[{"href":"https:\/\/arteconfort.com\/fr\/wp-json\/wp\/v2\/media?parent=14622"}],"wp:term":[{"taxonomy":"product_brand","embeddable":true,"href":"https:\/\/arteconfort.com\/fr\/wp-json\/wp\/v2\/product_brand?post=14622"},{"taxonomy":"product_cat","embeddable":true,"href":"https:\/\/arteconfort.com\/fr\/wp-json\/wp\/v2\/product_cat?post=14622"},{"taxonomy":"product_tag","embeddable":true,"href":"https:\/\/arteconfort.com\/fr\/wp-json\/wp\/v2\/product_tag?post=14622"}],"curies":[{"name":"wp","href":"https:\/\/api.w.org\/{rel}","templated":true}]}}