{"id":16813,"date":"2021-10-25T14:09:19","date_gmt":"2021-10-25T12:09:19","guid":{"rendered":"https:\/\/arteconfort.com\/producto\/non%20class\u00e9\/perseo\/"},"modified":"2022-04-21T13:07:55","modified_gmt":"2022-04-21T11:07:55","slug":"perseo","status":"publish","type":"product","link":"https:\/\/arteconfort.com\/fr\/producto\/perseo\/","title":{"rendered":"PERSEO"},"content":{"rendered":"<div class=\"wpb-content-wrapper\"><p>[vc_row][vc_column][vc_row_inner][vc_column_inner width=&#8221;1\/4&#8243; offset=&#8221;vc_col-xs-6&#8243;][wyde_info_box icon_set=&#8221;bigmug_line&#8221; icon_bigmug_line=&#8221;bigmug-line-foggy-sun&#8221; title=&#8221;PANNEAU SOLAIRE AVEC UNE PLUS GRANDE SURFACE&#8221;]Am\u00e9lioration de la charge gr\u00e2ce \u00e0 l\u2019augmentation du gain solaire et de la qualit\u00e9 du panneau en augmentant la conversion d\u2019\u00e9nergie [\/wyde_info_box][\/vc_column_inner][vc_column_inner width=&#8221;1\/4&#8243; offset=&#8221;vc_col-xs-6&#8243;][wyde_info_box icon_set=&#8221;simple_line&#8221; icon_simple_line=&#8221;sl-rocket&#8221; title=&#8221;BATTERIE \u00c0 RENDEMENT ET CAPACIT\u00c9 SUP\u00c9RIEURS&#8221;]Pour une autonomie plus durable[\/wyde_info_box][\/vc_column_inner][vc_column_inner width=&#8221;1\/4&#8243; offset=&#8221;vc_col-xs-6&#8243;][wyde_info_box icon_set=&#8221;simple_line&#8221; icon_simple_line=&#8221;sl-power&#8221; title=&#8221;IGNITION FACILE&#8221;]Il poss\u00e8de deux boutons : ON\/OFF et changement de mode de fonctionnement[\/wyde_info_box][\/vc_column_inner][vc_column_inner width=&#8221;1\/4&#8243; offset=&#8221;vc_col-xs-6&#8243;][wyde_info_box icon_set=&#8221;simple_line&#8221; icon_simple_line=&#8221;sl-like&#8221; title=&#8221;INSTALLATION FACILE&#8221;]Il vous suffit d&#8217;installer l&#8217;applique solaire, sans raccordement \u00e9lectrique[\/wyde_info_box][\/vc_column_inner][\/vc_row_inner][vc_row_inner][vc_column_inner offset=&#8221;vc_hidden-xs&#8221;][vc_empty_space][\/vc_column_inner][\/vc_row_inner][vc_row_inner][vc_column_inner offset=&#8221;vc_hidden-xs&#8221;][vc_empty_space height=&#8221;60px&#8221;][\/vc_column_inner][\/vc_row_inner][\/vc_column][\/vc_row][vc_row][vc_column width=&#8221;1\/2&#8243;][vc_accordion collapsible=&#8221;true&#8221; active_tab=&#8221;false&#8221;][vc_accordion_tab title=&#8221;Caract\u00e9ristiques g\u00e9n\u00e9rales&#8221;][vc_column_text]<strong>Dimensions<\/strong> 11,7&#215;16,9x6cm<br \/>\n<strong>Mat\u00e9riau<\/strong> ABS et PC<br \/>\n<strong>Finition<\/strong> noire<br \/>\n<strong>IP<\/strong> 65<br \/>\n<strong>Garantie<\/strong> 3 ans[\/vc_column_text][\/vc_accordion_tab][vc_accordion_tab title=&#8221;Panneau solaire&#8221;][vc_column_text]<strong>Mat\u00e9riau<\/strong> polycristallin<br \/>\n<strong>Type d&#8217;encapsulation<\/strong> PET[\/vc_column_text][\/vc_accordion_tab][vc_accordion_tab title=&#8221;Batterie&#8221;][vc_column_text]<strong>Type de batterie<\/strong> LiFePO4 18650<br \/>\n<strong>Tension de charge<\/strong> 3.2V<br \/>\n<strong>Capacit\u00e9<\/strong> 1.500mAh<br \/>\n<strong>Temps de charge<\/strong> 8-12h<br \/>\n<strong>Autonomie<\/strong> 12h[\/vc_column_text][\/vc_accordion_tab][vc_accordion_tab title=&#8221;LED&#8221;][vc_column_text]<strong>Type de LED<\/strong> SMD<br \/>\n<strong>Angle d&#8217;ouverture<\/strong> de 120\u00ba.<br \/>\n<strong>CCT<\/strong> 6000K<br \/>\n<strong>Puissance<\/strong> 1W<br \/>\n<strong>Flux lumineux<\/strong> 200lm[\/vc_column_text][\/vc_accordion_tab][vc_accordion_tab title=&#8221;Modes de fonctionnement&#8221;][vc_column_text]<strong>Mode 1<\/strong> Allumage \u00e0 100lm (Autonomie 8-12h)<br \/>\n<strong>Mode 2<\/strong> Allum\u00e9 \u00e0 200lm (Autonomie 8-9h)<br \/>\n<strong>Mode 3<\/strong> RGB (Autonomie 12h)[\/vc_column_text][\/vc_accordion_tab][vc_accordion_tab title=&#8221;Capteur &#8220;][vc_column_text]<strong>Capteur<\/strong> No[\/vc_column_text][\/vc_accordion_tab][\/vc_accordion][\/vc_column][vc_column width=&#8221;1\/2&#8243;][vc_single_image image=&#8221;15333&#8243;][\/vc_column][\/vc_row]<\/p>\n<\/div>","protected":false},"excerpt":{"rendered":"<p>L&#8217;applique solaire PERSEO se caract\u00e9rise par un design discret, offrant la possibilit\u00e9 d&#8217;\u00e9clairer vos pi\u00e8ces avec une lumi\u00e8re color\u00e9e. En outre, il int\u00e8gre un panneau de haute qualit\u00e9 et une batterie plus performante offrant 12 heures de lumi\u00e8re continue.<br \/>\n<strong>Ref. PERSEONG31<\/strong>[vc_row][vc_column offset=&#8221;vc_hidden-xs&#8221;][vc_empty_space height=&#8221;30px&#8221;][\/vc_column][\/vc_row][vc_row][vc_column][vc_row_inner][vc_column_inner][wyde_info_box icon_set=&#8221;stroke_gap&#8221; icon_stroke_gap=&#8221;sl-eye&#8221; icon_position=&#8221;left&#8221; title=&#8221;\u00c9CLAIRAGE D\u00c9CORATIF COLOR\u00c9&#8221;]Cr\u00e9ez diff\u00e9rentes atmosph\u00e8res avec cette lampe d\u00e9corative color\u00e9e[\/wyde_info_box][vc_empty_space height=&#8221;15px&#8221;][\/vc_column_inner][\/vc_row_inner][vc_row_inner][vc_column_inner][wyde_info_box icon_set=&#8221;stroke_gap&#8221; icon_stroke_gap=&#8221;sg-Bulb&#8221; icon_position=&#8221;left&#8221; title=&#8221;LUMINOSIT\u00c9 IMPORTANTE&#8221;]Permet d&#8217;\u00e9clairer de grandes surfaces du jardin[\/wyde_info_box][vc_empty_space height=&#8221;15px&#8221;][\/vc_column_inner][\/vc_row_inner][vc_row_inner][vc_column_inner][wyde_info_box icon_set=&#8221;bigmug_line&#8221; icon_bigmug_line=&#8221;bigmug-line-equalizar2&#8243; icon_position=&#8221;left&#8221; title=&#8221;3 MODES D&#8217;IGNITION&#8221;]Choisissez entre diff\u00e9rents modes de fonctionnement[\/wyde_info_box][vc_empty_space height=&#8221;15px&#8221;][\/vc_column_inner][\/vc_row_inner][\/vc_column][\/vc_row][vc_row][vc_column offset=&#8221;vc_hidden-xs&#8221;][vc_empty_space height=&#8221;60px&#8221;][\/vc_column][\/vc_row][vc_row][vc_column width=&#8221;1\/3&#8243;][wyde_link_button icon_set=&#8221;simple_line&#8221; icon_simple_line=&#8221;sl-settings&#8221; style=&#8221;round&#8221; title=&#8221;Instructions&#8221; link=&#8221;url:http%3A%2F%2Farteconfort.com%2Fwp-content%2Fuploads\/2021\/11\/im-PERSEO.pdf||target:%20_blank|rel:nofollow&#8221; color=&#8221;#ffffff&#8221; bg_color=&#8221;#222222&#8243;][\/vc_column][\/vc_row][vc_row][vc_column offset=&#8221;vc_hidden-xs&#8221;][vc_empty_space][\/vc_column][\/vc_row]<\/p>\n","protected":false},"featured_media":34021,"template":"","meta":[],"product_brand":[],"product_cat":[406],"product_tag":[],"class_list":{"0":"post-16813","1":"product","2":"type-product","3":"status-publish","4":"has-post-thumbnail","6":"product_cat-descatalogados-fr","8":"first","9":"instock","10":"shipping-taxable","11":"product-type-external"},"yoast_head":"<!-- This site is optimized with the Yoast SEO plugin v26.5 - https:\/\/yoast.com\/wordpress\/plugins\/seo\/ -->\n<title>PERSEO - Descatalogados - Arteconfort<\/title>\n<meta name=\"description\" content=\"L&#039;applique solaire PERSEO se caract\u00e9rise par un design discret, offrant la possibilit\u00e9 d&#039;\u00e9clairer vos pi\u00e8ces avec une lumi\u00e8re color\u00e9e. En outre, il int\u00e8gre un panneau de haute qualit\u00e9 et une batterie plus performante offrant 12 heures de lumi\u00e8re continue. Ref. PERSEONG31Cr\u00e9ez diff\u00e9rentes atmosph\u00e8res avec cette lampe d\u00e9corative color\u00e9ePermet d&#039;\u00e9clairer de grandes surfaces du jardinChoisissez entre diff\u00e9rents modes de fonctionnement\" \/>\n<meta name=\"robots\" content=\"index, follow, max-snippet:-1, max-image-preview:large, max-video-preview:-1\" \/>\n<link rel=\"canonical\" href=\"https:\/\/arteconfort.com\/fr\/producto\/perseo\/\" \/>\n<meta property=\"og:locale\" content=\"fr_FR\" \/>\n<meta property=\"og:type\" content=\"article\" \/>\n<meta property=\"og:title\" content=\"PERSEO - Descatalogados - Arteconfort\" \/>\n<meta property=\"og:description\" content=\"L&#039;applique solaire PERSEO se caract\u00e9rise par un design discret, offrant la possibilit\u00e9 d&#039;\u00e9clairer vos pi\u00e8ces avec une lumi\u00e8re color\u00e9e. En outre, il int\u00e8gre un panneau de haute qualit\u00e9 et une batterie plus performante offrant 12 heures de lumi\u00e8re continue. Ref. PERSEONG31Cr\u00e9ez diff\u00e9rentes atmosph\u00e8res avec cette lampe d\u00e9corative color\u00e9ePermet d&#039;\u00e9clairer de grandes surfaces du jardinChoisissez entre diff\u00e9rents modes de fonctionnement\" \/>\n<meta property=\"og:url\" content=\"https:\/\/arteconfort.com\/fr\/producto\/perseo\/\" \/>\n<meta property=\"og:site_name\" content=\"Arteconfort\" \/>\n<meta property=\"article:modified_time\" content=\"2022-04-21T11:07:55+00:00\" \/>\n<meta property=\"og:image\" content=\"https:\/\/arteconfort.com\/wp-content\/uploads\/2023\/10\/PERSEO5.webp\" \/>\n\t<meta property=\"og:image:width\" content=\"1024\" \/>\n\t<meta property=\"og:image:height\" content=\"1024\" \/>\n\t<meta property=\"og:image:type\" content=\"image\/webp\" \/>\n<meta name=\"twitter:card\" content=\"summary_large_image\" \/>\n<meta name=\"twitter:label1\" content=\"Dur\u00e9e de lecture estim\u00e9e\" \/>\n\t<meta name=\"twitter:data1\" content=\"2 minutes\" \/>\n<!-- \/ Yoast SEO plugin. -->","yoast_head_json":{"title":"PERSEO - Descatalogados - Arteconfort","description":"L'applique solaire PERSEO se caract\u00e9rise par un design discret, offrant la possibilit\u00e9 d'\u00e9clairer vos pi\u00e8ces avec une lumi\u00e8re color\u00e9e. En outre, il int\u00e8gre un panneau de haute qualit\u00e9 et une batterie plus performante offrant 12 heures de lumi\u00e8re continue. Ref. PERSEONG31Cr\u00e9ez diff\u00e9rentes atmosph\u00e8res avec cette lampe d\u00e9corative color\u00e9ePermet d'\u00e9clairer de grandes surfaces du jardinChoisissez entre diff\u00e9rents modes de fonctionnement","robots":{"index":"index","follow":"follow","max-snippet":"max-snippet:-1","max-image-preview":"max-image-preview:large","max-video-preview":"max-video-preview:-1"},"canonical":"https:\/\/arteconfort.com\/fr\/producto\/perseo\/","og_locale":"fr_FR","og_type":"article","og_title":"PERSEO - Descatalogados - Arteconfort","og_description":"L'applique solaire PERSEO se caract\u00e9rise par un design discret, offrant la possibilit\u00e9 d'\u00e9clairer vos pi\u00e8ces avec une lumi\u00e8re color\u00e9e. En outre, il int\u00e8gre un panneau de haute qualit\u00e9 et une batterie plus performante offrant 12 heures de lumi\u00e8re continue. Ref. PERSEONG31Cr\u00e9ez diff\u00e9rentes atmosph\u00e8res avec cette lampe d\u00e9corative color\u00e9ePermet d'\u00e9clairer de grandes surfaces du jardinChoisissez entre diff\u00e9rents modes de fonctionnement","og_url":"https:\/\/arteconfort.com\/fr\/producto\/perseo\/","og_site_name":"Arteconfort","article_modified_time":"2022-04-21T11:07:55+00:00","og_image":[{"width":1024,"height":1024,"url":"https:\/\/arteconfort.com\/wp-content\/uploads\/2023\/10\/PERSEO5.webp","type":"image\/webp"}],"twitter_card":"summary_large_image","twitter_misc":{"Dur\u00e9e de lecture estim\u00e9e":"2 minutes"},"schema":{"@context":"https:\/\/schema.org","@graph":[{"@type":"WebPage","@id":"https:\/\/arteconfort.com\/fr\/producto\/perseo\/","url":"https:\/\/arteconfort.com\/fr\/producto\/perseo\/","name":"PERSEO - Descatalogados - Arteconfort","isPartOf":{"@id":"https:\/\/arteconfort.com\/fr\/#website"},"primaryImageOfPage":{"@id":"https:\/\/arteconfort.com\/fr\/producto\/perseo\/#primaryimage"},"image":{"@id":"https:\/\/arteconfort.com\/fr\/producto\/perseo\/#primaryimage"},"thumbnailUrl":"https:\/\/arteconfort.com\/wp-content\/uploads\/2023\/10\/PERSEO5.webp","datePublished":"2021-10-25T12:09:19+00:00","dateModified":"2022-04-21T11:07:55+00:00","description":"L'applique solaire PERSEO se caract\u00e9rise par un design discret, offrant la possibilit\u00e9 d'\u00e9clairer vos pi\u00e8ces avec une lumi\u00e8re color\u00e9e. En outre, il int\u00e8gre un panneau de haute qualit\u00e9 et une batterie plus performante offrant 12 heures de lumi\u00e8re continue. Ref. PERSEONG31Cr\u00e9ez diff\u00e9rentes atmosph\u00e8res avec cette lampe d\u00e9corative color\u00e9ePermet d'\u00e9clairer de grandes surfaces du jardinChoisissez entre diff\u00e9rents modes de fonctionnement","breadcrumb":{"@id":"https:\/\/arteconfort.com\/fr\/producto\/perseo\/#breadcrumb"},"inLanguage":"fr-FR","potentialAction":[{"@type":"ReadAction","target":["https:\/\/arteconfort.com\/fr\/producto\/perseo\/"]}]},{"@type":"ImageObject","inLanguage":"fr-FR","@id":"https:\/\/arteconfort.com\/fr\/producto\/perseo\/#primaryimage","url":"https:\/\/arteconfort.com\/wp-content\/uploads\/2023\/10\/PERSEO5.webp","contentUrl":"https:\/\/arteconfort.com\/wp-content\/uploads\/2023\/10\/PERSEO5.webp","width":1024,"height":1024,"caption":"Aplique de pared PERSEO de perfil"},{"@type":"BreadcrumbList","@id":"https:\/\/arteconfort.com\/fr\/producto\/perseo\/#breadcrumb","itemListElement":[{"@type":"ListItem","position":1,"name":"Inicio","item":"https:\/\/arteconfort.com\/fr\/"},{"@type":"ListItem","position":2,"name":"Boutique","item":"https:\/\/arteconfort.com\/fr\/boutique\/"},{"@type":"ListItem","position":3,"name":"PERSEO"}]},{"@type":"WebSite","@id":"https:\/\/arteconfort.com\/fr\/#website","url":"https:\/\/arteconfort.com\/fr\/","name":"Arteconfort","description":"Especialistas en productos del hogar","publisher":{"@id":"https:\/\/arteconfort.com\/fr\/#organization"},"potentialAction":[{"@type":"SearchAction","target":{"@type":"EntryPoint","urlTemplate":"https:\/\/arteconfort.com\/fr\/?s={search_term_string}"},"query-input":{"@type":"PropertyValueSpecification","valueRequired":true,"valueName":"search_term_string"}}],"inLanguage":"fr-FR"},{"@type":"Organization","@id":"https:\/\/arteconfort.com\/fr\/#organization","name":"Arteconfort","url":"https:\/\/arteconfort.com\/fr\/","logo":{"@type":"ImageObject","inLanguage":"fr-FR","@id":"https:\/\/arteconfort.com\/fr\/#\/schema\/logo\/image\/","url":"https:\/\/arteconfort.com\/wp-content\/uploads\/2019\/07\/logo-arteconfort.png","contentUrl":"https:\/\/arteconfort.com\/wp-content\/uploads\/2019\/07\/logo-arteconfort.png","width":230,"height":88,"caption":"Arteconfort"},"image":{"@id":"https:\/\/arteconfort.com\/fr\/#\/schema\/logo\/image\/"}}]}},"_links":{"self":[{"href":"https:\/\/arteconfort.com\/fr\/wp-json\/wp\/v2\/product\/16813","targetHints":{"allow":["GET"]}}],"collection":[{"href":"https:\/\/arteconfort.com\/fr\/wp-json\/wp\/v2\/product"}],"about":[{"href":"https:\/\/arteconfort.com\/fr\/wp-json\/wp\/v2\/types\/product"}],"wp:featuredmedia":[{"embeddable":true,"href":"https:\/\/arteconfort.com\/fr\/wp-json\/wp\/v2\/media\/34021"}],"wp:attachment":[{"href":"https:\/\/arteconfort.com\/fr\/wp-json\/wp\/v2\/media?parent=16813"}],"wp:term":[{"taxonomy":"product_brand","embeddable":true,"href":"https:\/\/arteconfort.com\/fr\/wp-json\/wp\/v2\/product_brand?post=16813"},{"taxonomy":"product_cat","embeddable":true,"href":"https:\/\/arteconfort.com\/fr\/wp-json\/wp\/v2\/product_cat?post=16813"},{"taxonomy":"product_tag","embeddable":true,"href":"https:\/\/arteconfort.com\/fr\/wp-json\/wp\/v2\/product_tag?post=16813"}],"curies":[{"name":"wp","href":"https:\/\/api.w.org\/{rel}","templated":true}]}}