{"id":16834,"date":"2021-10-25T14:09:47","date_gmt":"2022-02-22T10:30:11","guid":{"rendered":"https:\/\/arteconfort.com\/producto\/non%20class\u00e9\/seth-duo\/"},"modified":"2022-04-21T13:19:47","modified_gmt":"2022-04-21T11:19:47","slug":"seth-duo","status":"publish","type":"product","link":"https:\/\/arteconfort.com\/fr\/producto\/seth-duo\/","title":{"rendered":"SETH DUO"},"content":{"rendered":"<div class=\"wpb-content-wrapper\"><p>[vc_row][vc_column][vc_row_inner][vc_column_inner width=&#8221;1\/4&#8243; offset=&#8221;vc_col-xs-6&#8243;][wyde_info_box icon_set=&#8221;bigmug_line&#8221; icon_bigmug_line=&#8221;bigmug-line-wrench&#8221; title=&#8221;2 MODES D&#8217;INSTALLATION&#8221;]Ancr\u00e9e au sol comme une balise ou viss\u00e9e au mur comme une applique murale[\/wyde_info_box][\/vc_column_inner][vc_column_inner width=&#8221;1\/4&#8243; offset=&#8221;vc_col-xs-6&#8243;][wyde_info_box icon_set=&#8221;simple_line&#8221; icon_simple_line=&#8221;sl-rocket&#8221; title=&#8221;BATTERIE \u00c0 RENDEMENT ET CAPACIT\u00c9 SUP\u00c9RIEURS&#8221;]Pour une autonomie plus durable[\/wyde_info_box][\/vc_column_inner][vc_column_inner width=&#8221;1\/4&#8243; offset=&#8221;vc_col-xs-6&#8243;][wyde_info_box icon_set=&#8221;bigmug_line&#8221; icon_bigmug_line=&#8221;bigmug-line-foggy-sun&#8221; title=&#8221;PANNEAU SOLAIRE AVEC UNE PLUS GRANDE SURFACE&#8221;]Am\u00e9lioration de la charge gr\u00e2ce \u00e0 l\u2019augmentation du gain solaire et de la qualit\u00e9 du panneau en augmentant la conversion d\u2019\u00e9nergie[\/wyde_info_box][\/vc_column_inner][\/vc_row_inner][\/vc_column][\/vc_row][vc_row][vc_column width=&#8221;1\/2&#8243;][vc_accordion collapsible=&#8221;true&#8221; active_tab=&#8221;false&#8221;][vc_accordion_tab title=&#8221;Caract\u00e9ristiques g\u00e9n\u00e9rales&#8221;][vc_column_text]<strong>Dimensions<\/strong> 28,5x33x14,7cm<br \/>\n<strong>Mat\u00e9riau<\/strong> ABS et PC<br \/>\n<strong>Finition<\/strong> Noire<br \/>\n<strong>IP<\/strong> 65<br \/>\n<strong>Garantie<\/strong> 3 ans[\/vc_column_text][\/vc_accordion_tab][vc_accordion_tab title=&#8221;Panneau solaire&#8221;][vc_column_text]<strong>Mat\u00e9riau<\/strong> polycristallin<br \/>\n<strong>Type d&#8217;encapsulation<\/strong> PET<br \/>\n<strong>Puissance<\/strong> 2W[\/vc_column_text][\/vc_accordion_tab][vc_accordion_tab title=&#8221;Batterie&#8221;][vc_column_text]<strong>Type de batterie<\/strong> LiFePO4 22650<br \/>\n<strong>Tension de charge<\/strong> 3.2V<br \/>\n<strong>Capacit\u00e9<\/strong> 2.200mAh<br \/>\n<strong>Temps de charge<\/strong> 8h-12h<br \/>\n<strong>Autonomie<\/strong> 12h[\/vc_column_text][\/vc_accordion_tab][vc_accordion_tab title=&#8221;LED&#8221;][vc_column_text]<strong>Angle d&#8217;ouverture<\/strong>\u00a0 120\u00ba<br \/>\n<strong>CCT<\/strong> 6000K<br \/>\n<strong>Flux lumineux<\/strong> 600lm[\/vc_column_text][\/vc_accordion_tab][vc_accordion_tab title=&#8221;Modes de fonctionnement&#8221;][vc_column_text]<strong>Mode 1<\/strong> Il passe de 30lm au repos \u00e0 600lm lorsqu&#8217;il d\u00e9tecte une pr\u00e9sence. Il retourne en veille apr\u00e8s 60s (Autonomie 8-12h).<br \/>\n<strong>Mode 2<\/strong> Fonctionne toujours \u00e0 200lm (Autonomie 8h)[\/vc_column_text][\/vc_accordion_tab][vc_accordion_tab title=&#8221;Capteur &#8220;][vc_column_text]<strong>Capteur<\/strong> Oui<br \/>\n<strong>Distance de d\u00e9tection<\/strong> 8m<br \/>\n<strong>Politesse temps<\/strong> 60s[\/vc_column_text][\/vc_accordion_tab][\/vc_accordion][\/vc_column][vc_column width=&#8221;1\/2&#8243;][vc_single_image image=&#8221;16130&#8243;][\/vc_column][\/vc_row]<\/p>\n<\/div>","protected":false},"excerpt":{"rendered":"<p>La balise solaire SETH DUO se caract\u00e9rise par un design moderne et discret qui offre un flux lumineux \u00e9lev\u00e9 sans augmenter la facture d&#8217;\u00e9lectricit\u00e9. Il int\u00e8gre \u00e9galement un d\u00e9tecteur de mouvement, avec une port\u00e9e de d\u00e9tection allant jusqu&#8217;\u00e0 8 m\u00e8tres, et offre un panneau de haute qualit\u00e9 et une batterie plus performante qui peut fournir jusqu&#8217;\u00e0 12 heures de lumi\u00e8re continue.<br \/>\n<strong>Ref. SETHDUONG33<\/strong>[vc_row][vc_column offset=&#8221;vc_hidden-xs&#8221;][vc_empty_space height=&#8221;30px&#8221;][\/vc_column][\/vc_row][vc_row][vc_column][vc_row_inner][vc_column_inner][wyde_info_box icon_set=&#8221;stroke_gap&#8221; icon_stroke_gap=&#8221;sg-Antenna2&#8243; icon_position=&#8221;left&#8221; title=&#8221;D\u00c9TECTEUR DE PR\u00c9SENCE&#8221;]D\u00e9tection de mouvement et allumage automatique de la lumi\u00e8re[\/wyde_info_box][vc_empty_space height=&#8221;15px&#8221;][\/vc_column_inner][\/vc_row_inner][vc_row_inner][vc_column_inner][wyde_info_box icon_set=&#8221;stroke_gap&#8221; icon_stroke_gap=&#8221;sg-Bulb&#8221; icon_position=&#8221;left&#8221; title=&#8221;LUMINOSIT\u00c9 IMPORTANTE&#8221;]Permet d\u2019\u00e9clairer de grandes surfaces du jardin[\/wyde_info_box][vc_empty_space height=&#8221;15px&#8221;][\/vc_column_inner][\/vc_row_inner][vc_row_inner][vc_column_inner][wyde_info_box icon_set=&#8221;bigmug_line&#8221; icon_bigmug_line=&#8221;bigmug-line-equalizar2&#8243; icon_position=&#8221;left&#8221; title=&#8221;2 MODES D&#8217;IGNITION&#8221;]Choisissez entre diff\u00e9rents modes de fonctionnement, avec ou sans d\u00e9tecteur de pr\u00e9sence[\/wyde_info_box][vc_empty_space height=&#8221;15px&#8221;][\/vc_column_inner][\/vc_row_inner][\/vc_column][\/vc_row][vc_row][vc_column offset=&#8221;vc_hidden-xs&#8221;][vc_empty_space height=&#8221;60px&#8221;][\/vc_column][\/vc_row][vc_row][vc_column width=&#8221;1\/3&#8243;][wyde_link_button icon_set=&#8221;simple_line&#8221; icon_simple_line=&#8221;sl-settings&#8221; style=&#8221;round&#8221; title=&#8221;Instructions&#8221; link=&#8221;url:http%3A%2F%2Farteconfort.com%2Fwp-content%2Fuploads\/2021\/11\/im-SETH-DUO.pdf||target:%20_blank|rel:nofollow&#8221; color=&#8221;#ffffff&#8221; bg_color=&#8221;#222222&#8243;][\/vc_column][\/vc_row][vc_row][vc_column offset=&#8221;vc_hidden-xs&#8221;][vc_empty_space][\/vc_column][\/vc_row]<\/p>\n","protected":false},"featured_media":41321,"template":"","meta":[],"product_brand":[],"product_cat":[336,337],"product_tag":[],"class_list":{"0":"post-16834","1":"product","2":"type-product","3":"status-publish","4":"has-post-thumbnail","6":"product_cat-solar-fr","7":"product_cat-iluminacion-solar-de-suelo-fr","9":"first","10":"instock","11":"shipping-taxable","12":"product-type-external"},"yoast_head":"<!-- This site is optimized with the Yoast SEO plugin v26.5 - https:\/\/yoast.com\/wordpress\/plugins\/seo\/ -->\n<title>SETH DUO - Solar, Suelo - Arteconfort<\/title>\n<meta name=\"description\" content=\"La balise solaire SETH DUO se caract\u00e9rise par un design moderne et discret qui offre un flux lumineux \u00e9lev\u00e9 sans augmenter la facture d&#039;\u00e9lectricit\u00e9. Il int\u00e8gre \u00e9galement un d\u00e9tecteur de mouvement, avec une port\u00e9e de d\u00e9tection allant jusqu&#039;\u00e0 8 m\u00e8tres, et offre un panneau de haute qualit\u00e9 et une batterie plus performante qui peut fournir jusqu&#039;\u00e0 12 heures de lumi\u00e8re continue. Ref. SETHDUONG33D\u00e9tection de mouvement et allumage automatique de la lumi\u00e8rePermet d\u2019\u00e9clairer de grandes surfaces du jardinChoisissez entre diff\u00e9rents modes de fonctionnement, avec ou sans d\u00e9tecteur de pr\u00e9sence\" \/>\n<meta name=\"robots\" content=\"index, follow, max-snippet:-1, max-image-preview:large, max-video-preview:-1\" \/>\n<link rel=\"canonical\" href=\"https:\/\/arteconfort.com\/fr\/producto\/seth-duo\/\" \/>\n<meta property=\"og:locale\" content=\"fr_FR\" \/>\n<meta property=\"og:type\" content=\"article\" \/>\n<meta property=\"og:title\" content=\"SETH DUO - Solar, Suelo - Arteconfort\" \/>\n<meta property=\"og:description\" content=\"La balise solaire SETH DUO se caract\u00e9rise par un design moderne et discret qui offre un flux lumineux \u00e9lev\u00e9 sans augmenter la facture d&#039;\u00e9lectricit\u00e9. Il int\u00e8gre \u00e9galement un d\u00e9tecteur de mouvement, avec une port\u00e9e de d\u00e9tection allant jusqu&#039;\u00e0 8 m\u00e8tres, et offre un panneau de haute qualit\u00e9 et une batterie plus performante qui peut fournir jusqu&#039;\u00e0 12 heures de lumi\u00e8re continue. Ref. SETHDUONG33D\u00e9tection de mouvement et allumage automatique de la lumi\u00e8rePermet d\u2019\u00e9clairer de grandes surfaces du jardinChoisissez entre diff\u00e9rents modes de fonctionnement, avec ou sans d\u00e9tecteur de pr\u00e9sence\" \/>\n<meta property=\"og:url\" content=\"https:\/\/arteconfort.com\/fr\/producto\/seth-duo\/\" \/>\n<meta property=\"og:site_name\" content=\"Arteconfort\" \/>\n<meta property=\"article:modified_time\" content=\"2022-04-21T11:19:47+00:00\" \/>\n<meta property=\"og:image\" content=\"https:\/\/arteconfort.com\/wp-content\/uploads\/2024\/06\/solar-SETH-DUO-115614.webp\" \/>\n\t<meta property=\"og:image:width\" content=\"1024\" \/>\n\t<meta property=\"og:image:height\" content=\"1024\" \/>\n\t<meta property=\"og:image:type\" content=\"image\/webp\" \/>\n<meta name=\"twitter:card\" content=\"summary_large_image\" \/>\n<meta name=\"twitter:label1\" content=\"Dur\u00e9e de lecture estim\u00e9e\" \/>\n\t<meta name=\"twitter:data1\" content=\"2 minutes\" \/>\n<!-- \/ Yoast SEO plugin. -->","yoast_head_json":{"title":"SETH DUO - Solar, Suelo - Arteconfort","description":"La balise solaire SETH DUO se caract\u00e9rise par un design moderne et discret qui offre un flux lumineux \u00e9lev\u00e9 sans augmenter la facture d'\u00e9lectricit\u00e9. Il int\u00e8gre \u00e9galement un d\u00e9tecteur de mouvement, avec une port\u00e9e de d\u00e9tection allant jusqu'\u00e0 8 m\u00e8tres, et offre un panneau de haute qualit\u00e9 et une batterie plus performante qui peut fournir jusqu'\u00e0 12 heures de lumi\u00e8re continue. Ref. SETHDUONG33D\u00e9tection de mouvement et allumage automatique de la lumi\u00e8rePermet d\u2019\u00e9clairer de grandes surfaces du jardinChoisissez entre diff\u00e9rents modes de fonctionnement, avec ou sans d\u00e9tecteur de pr\u00e9sence","robots":{"index":"index","follow":"follow","max-snippet":"max-snippet:-1","max-image-preview":"max-image-preview:large","max-video-preview":"max-video-preview:-1"},"canonical":"https:\/\/arteconfort.com\/fr\/producto\/seth-duo\/","og_locale":"fr_FR","og_type":"article","og_title":"SETH DUO - Solar, Suelo - Arteconfort","og_description":"La balise solaire SETH DUO se caract\u00e9rise par un design moderne et discret qui offre un flux lumineux \u00e9lev\u00e9 sans augmenter la facture d'\u00e9lectricit\u00e9. Il int\u00e8gre \u00e9galement un d\u00e9tecteur de mouvement, avec une port\u00e9e de d\u00e9tection allant jusqu'\u00e0 8 m\u00e8tres, et offre un panneau de haute qualit\u00e9 et une batterie plus performante qui peut fournir jusqu'\u00e0 12 heures de lumi\u00e8re continue. Ref. SETHDUONG33D\u00e9tection de mouvement et allumage automatique de la lumi\u00e8rePermet d\u2019\u00e9clairer de grandes surfaces du jardinChoisissez entre diff\u00e9rents modes de fonctionnement, avec ou sans d\u00e9tecteur de pr\u00e9sence","og_url":"https:\/\/arteconfort.com\/fr\/producto\/seth-duo\/","og_site_name":"Arteconfort","article_modified_time":"2022-04-21T11:19:47+00:00","og_image":[{"width":1024,"height":1024,"url":"https:\/\/arteconfort.com\/wp-content\/uploads\/2024\/06\/solar-SETH-DUO-115614.webp","type":"image\/webp"}],"twitter_card":"summary_large_image","twitter_misc":{"Dur\u00e9e de lecture estim\u00e9e":"2 minutes"},"schema":{"@context":"https:\/\/schema.org","@graph":[{"@type":"WebPage","@id":"https:\/\/arteconfort.com\/fr\/producto\/seth-duo\/","url":"https:\/\/arteconfort.com\/fr\/producto\/seth-duo\/","name":"SETH DUO - Solar, Suelo - Arteconfort","isPartOf":{"@id":"https:\/\/arteconfort.com\/fr\/#website"},"primaryImageOfPage":{"@id":"https:\/\/arteconfort.com\/fr\/producto\/seth-duo\/#primaryimage"},"image":{"@id":"https:\/\/arteconfort.com\/fr\/producto\/seth-duo\/#primaryimage"},"thumbnailUrl":"https:\/\/arteconfort.com\/wp-content\/uploads\/2024\/06\/solar-SETH-DUO-115614.webp","datePublished":"2022-02-22T10:30:11+00:00","dateModified":"2022-04-21T11:19:47+00:00","description":"La balise solaire SETH DUO se caract\u00e9rise par un design moderne et discret qui offre un flux lumineux \u00e9lev\u00e9 sans augmenter la facture d'\u00e9lectricit\u00e9. Il int\u00e8gre \u00e9galement un d\u00e9tecteur de mouvement, avec une port\u00e9e de d\u00e9tection allant jusqu'\u00e0 8 m\u00e8tres, et offre un panneau de haute qualit\u00e9 et une batterie plus performante qui peut fournir jusqu'\u00e0 12 heures de lumi\u00e8re continue. Ref. SETHDUONG33D\u00e9tection de mouvement et allumage automatique de la lumi\u00e8rePermet d\u2019\u00e9clairer de grandes surfaces du jardinChoisissez entre diff\u00e9rents modes de fonctionnement, avec ou sans d\u00e9tecteur de pr\u00e9sence","breadcrumb":{"@id":"https:\/\/arteconfort.com\/fr\/producto\/seth-duo\/#breadcrumb"},"inLanguage":"fr-FR","potentialAction":[{"@type":"ReadAction","target":["https:\/\/arteconfort.com\/fr\/producto\/seth-duo\/"]}]},{"@type":"ImageObject","inLanguage":"fr-FR","@id":"https:\/\/arteconfort.com\/fr\/producto\/seth-duo\/#primaryimage","url":"https:\/\/arteconfort.com\/wp-content\/uploads\/2024\/06\/solar-SETH-DUO-115614.webp","contentUrl":"https:\/\/arteconfort.com\/wp-content\/uploads\/2024\/06\/solar-SETH-DUO-115614.webp","width":1024,"height":1024,"caption":"Aplique solar SETH DUO principal"},{"@type":"BreadcrumbList","@id":"https:\/\/arteconfort.com\/fr\/producto\/seth-duo\/#breadcrumb","itemListElement":[{"@type":"ListItem","position":1,"name":"Inicio","item":"https:\/\/arteconfort.com\/fr\/"},{"@type":"ListItem","position":2,"name":"Boutique","item":"https:\/\/arteconfort.com\/fr\/boutique\/"},{"@type":"ListItem","position":3,"name":"SETH DUO"}]},{"@type":"WebSite","@id":"https:\/\/arteconfort.com\/fr\/#website","url":"https:\/\/arteconfort.com\/fr\/","name":"Arteconfort","description":"Especialistas en productos del hogar","publisher":{"@id":"https:\/\/arteconfort.com\/fr\/#organization"},"potentialAction":[{"@type":"SearchAction","target":{"@type":"EntryPoint","urlTemplate":"https:\/\/arteconfort.com\/fr\/?s={search_term_string}"},"query-input":{"@type":"PropertyValueSpecification","valueRequired":true,"valueName":"search_term_string"}}],"inLanguage":"fr-FR"},{"@type":"Organization","@id":"https:\/\/arteconfort.com\/fr\/#organization","name":"Arteconfort","url":"https:\/\/arteconfort.com\/fr\/","logo":{"@type":"ImageObject","inLanguage":"fr-FR","@id":"https:\/\/arteconfort.com\/fr\/#\/schema\/logo\/image\/","url":"https:\/\/arteconfort.com\/wp-content\/uploads\/2019\/07\/logo-arteconfort.png","contentUrl":"https:\/\/arteconfort.com\/wp-content\/uploads\/2019\/07\/logo-arteconfort.png","width":230,"height":88,"caption":"Arteconfort"},"image":{"@id":"https:\/\/arteconfort.com\/fr\/#\/schema\/logo\/image\/"}}]}},"_links":{"self":[{"href":"https:\/\/arteconfort.com\/fr\/wp-json\/wp\/v2\/product\/16834","targetHints":{"allow":["GET"]}}],"collection":[{"href":"https:\/\/arteconfort.com\/fr\/wp-json\/wp\/v2\/product"}],"about":[{"href":"https:\/\/arteconfort.com\/fr\/wp-json\/wp\/v2\/types\/product"}],"wp:featuredmedia":[{"embeddable":true,"href":"https:\/\/arteconfort.com\/fr\/wp-json\/wp\/v2\/media\/41321"}],"wp:attachment":[{"href":"https:\/\/arteconfort.com\/fr\/wp-json\/wp\/v2\/media?parent=16834"}],"wp:term":[{"taxonomy":"product_brand","embeddable":true,"href":"https:\/\/arteconfort.com\/fr\/wp-json\/wp\/v2\/product_brand?post=16834"},{"taxonomy":"product_cat","embeddable":true,"href":"https:\/\/arteconfort.com\/fr\/wp-json\/wp\/v2\/product_cat?post=16834"},{"taxonomy":"product_tag","embeddable":true,"href":"https:\/\/arteconfort.com\/fr\/wp-json\/wp\/v2\/product_tag?post=16834"}],"curies":[{"name":"wp","href":"https:\/\/api.w.org\/{rel}","templated":true}]}}