{"id":16853,"date":"2022-02-22T15:08:54","date_gmt":"2022-02-22T14:08:54","guid":{"rendered":"https:\/\/arteconfort.com\/?post_type=product&#038;p=16853"},"modified":"2022-04-21T10:08:25","modified_gmt":"2022-04-21T08:08:25","slug":"carina","status":"publish","type":"product","link":"https:\/\/arteconfort.com\/fr\/producto\/carina\/","title":{"rendered":"CARINA"},"content":{"rendered":"<div class=\"wpb-content-wrapper\"><p>[vc_row][vc_column][vc_row_inner][vc_column_inner width=&#8221;1\/4&#8243; offset=&#8221;vc_col-xs-6&#8243;][wyde_info_box icon_set=&#8221;bigmug_line&#8221; icon_bigmug_line=&#8221;bigmug-line-foggy-sun&#8221; title=&#8221;PANNEAU SOLAIRE AVEC UNE PLUS GRANDE SURFACE&#8221;]Am\u00e9lioration de la charge gr\u00e2ce \u00e0 l\u2019augmentation du gain solaire et de la qualit\u00e9 du panneau en augmentant la conversion d\u2019\u00e9nergie[\/wyde_info_box][\/vc_column_inner][vc_column_inner width=&#8221;1\/4&#8243; offset=&#8221;vc_col-xs-6&#8243;][wyde_info_box icon_set=&#8221;simple_line&#8221; icon_simple_line=&#8221;sl-rocket&#8221; title=&#8221;BATTERIE \u00c0 RENDEMENT ET CAPACIT\u00c9 SUP\u00c9RIEURS&#8221;]Pour une autonomie plus durable[\/wyde_info_box][\/vc_column_inner][vc_column_inner width=&#8221;1\/4&#8243; offset=&#8221;vc_col-xs-6&#8243;][wyde_info_box icon_set=&#8221;simple_line&#8221; icon_simple_line=&#8221;sl-like&#8221; title=&#8221;INSTALLATION FACILE&#8221;]Tout ce que vous avez \u00e0 faire est de l&#8217;accrocher[\/wyde_info_box][\/vc_column_inner][vc_column_inner width=&#8221;1\/4&#8243; offset=&#8221;vc_col-xs-6&#8243;][wyde_info_box icon_set=&#8221;simple_line&#8221; icon_simple_line=&#8221;sl-power&#8221; title=&#8221;IGNITION FACILE&#8221;]Allumage par pression de 2 secondes et changement de mode d&#8217;\u00e9clairage par pression de bouton[\/wyde_info_box][\/vc_column_inner][\/vc_row_inner][vc_row_inner][vc_column_inner offset=&#8221;vc_hidden-xs&#8221;][vc_empty_space height=&#8221;60px&#8221;][\/vc_column_inner][\/vc_row_inner][\/vc_column][\/vc_row][vc_row][vc_column width=&#8221;1\/2&#8243;][vc_accordion collapsible=&#8221;true&#8221; active_tab=&#8221;false&#8221;][vc_accordion_tab title=&#8221;Caract\u00e9ristiques g\u00e9n\u00e9rales&#8221;][vc_column_text]<strong>Dimensions<\/strong> 11&#215;4,5x11cm<br \/>\n<strong>Mat\u00e9riau<\/strong> ABS<br \/>\n<strong>Finition<\/strong> Noire<br \/>\n<strong>IP<\/strong> 54<br \/>\n<strong>Garantie<\/strong> 3 ans[\/vc_column_text][\/vc_accordion_tab][vc_accordion_tab title=&#8221;Panneau solaire&#8221;][vc_column_text]<strong>Mat\u00e9riau<\/strong> Monocristallin<br \/>\n<strong>Type d&#8217;encapsulation<\/strong> PET[\/vc_column_text][\/vc_accordion_tab][vc_accordion_tab title=&#8221;Batterie&#8221;][vc_column_text]<strong>Type de batterie<\/strong> Li-ion 52345<br \/>\n<strong>Tension de charge<\/strong> 3.7V<br \/>\n<strong>Capacit\u00e9<\/strong> 1000mAh<br \/>\n<strong>Temps de charge<\/strong> 8-12h<br \/>\n<strong>Autonomie<\/strong> 5h[\/vc_column_text][\/vc_accordion_tab][vc_accordion_tab title=&#8221;LED&#8221;][vc_column_text]<br \/>\n<strong>Angle d&#8217;ouverture<\/strong> 120\u00ba<br \/>\n<strong>CCT<\/strong> 6000K<br \/>\n<strong>Puissance<\/strong> 2,5W<br \/>\n<strong>Flux lumineux<\/strong> 400lm[\/vc_column_text][\/vc_accordion_tab][vc_accordion_tab title=&#8221;Modes de fonctionnement&#8221;][vc_column_text]<strong>Mode 1<\/strong> Il passe de 20lm au repos \u00e0 400lm lorsqu&#8217;il d\u00e9tecte une pr\u00e9sence. Retour en veille apr\u00e8s 12&#8221; (autonomie de 500 ON-OFF).<br \/>\n<strong>Mode 2<\/strong> Il passe de 0lm \u00e0 400lm lorsqu&#8217;il d\u00e9tecte une pr\u00e9sence. Retour en veille apr\u00e8s 12&#8221; (Autonomie 500 ON-OFF)<br \/>\n<strong>Mode 3<\/strong> fonctionne toujours \u00e0 120lm (Autonomie 5h)<br \/>\n<strong>Mode 4<\/strong> Fonctionne toujours \u00e0 200lm (Autonomie 4h)[\/vc_column_text][\/vc_accordion_tab][vc_accordion_tab title=&#8221;Capteur &#8220;][vc_column_text]<strong>Capteur<\/strong> Oui (micro-ondes)<br \/>\n<strong>Distance de d\u00e9tection<\/strong> 5m<br \/>\n<strong>Temps de politesse<\/strong> 12s[\/vc_column_text][\/vc_accordion_tab][\/vc_accordion][\/vc_column][vc_column width=&#8221;1\/2&#8243;][vc_single_image image=&#8221;16849&#8243;][\/vc_column][\/vc_row]<\/p>\n<\/div>","protected":false},"excerpt":{"rendered":"<p>L&#8217;applique solaire CARINA se caract\u00e9rise par un design noir discret et moderne, offrant un flux lumineux \u00e9lev\u00e9. De plus, il int\u00e8gre un capteur de micro-ondes et, gr\u00e2ce \u00e0 son panneau de haute qualit\u00e9 et \u00e0 sa batterie plus performante, il peut fournir jusqu&#8217;\u00e0 5 heures de lumi\u00e8re continue.<br \/>\n<strong>Ref. CARINANG31<\/strong>[vc_row][vc_column offset=&#8221;vc_hidden-xs&#8221;][vc_empty_space height=&#8221;30px&#8221;][\/vc_column][\/vc_row][vc_row][vc_column][vc_row_inner][vc_column_inner][wyde_info_box icon_set=&#8221;stroke_gap&#8221; icon_stroke_gap=&#8221;sg-Antenna2&#8243; icon_position=&#8221;left&#8221; title=&#8221;D\u00c9TECTEUR DE PR\u00c9SENCE \u00c0 MICRO-ONDES&#8221;]D\u00e9tection de mouvement et allumage automatique de la lumi\u00e8re[\/wyde_info_box][vc_empty_space height=&#8221;15px&#8221;][\/vc_column_inner][\/vc_row_inner][vc_row_inner][vc_column_inner][wyde_info_box icon_set=&#8221;stroke_gap&#8221; icon_stroke_gap=&#8221;sg-Bulb&#8221; icon_position=&#8221;left&#8221; title=&#8221;LUMINOSIT\u00c9 IMPORTANTE&#8221;]Permet d\u2019\u00e9clairer de grandes surfaces du jardin[\/wyde_info_box][vc_empty_space height=&#8221;15px&#8221;][\/vc_column_inner][\/vc_row_inner][vc_row_inner][vc_column_inner][wyde_info_box icon_set=&#8221;bigmug_line&#8221; icon_bigmug_line=&#8221;bigmug-line-equalizar2&#8243; icon_position=&#8221;left&#8221; title=&#8221;4 MODES D&#8217;IGNITION&#8221;]Choisissez entre diff\u00e9rents modes de fonctionnement[\/wyde_info_box][vc_empty_space height=&#8221;15px&#8221;][\/vc_column_inner][\/vc_row_inner][\/vc_column][\/vc_row][vc_row][vc_column offset=&#8221;vc_hidden-xs&#8221;][vc_empty_space height=&#8221;60px&#8221;][\/vc_column][\/vc_row][vc_row][vc_column width=&#8221;1\/3&#8243;][wyde_link_button icon_set=&#8221;simple_line&#8221; icon_simple_line=&#8221;sl-settings&#8221; style=&#8221;round&#8221; title=&#8221;Instructions&#8221; link=&#8221;url:https%3A%2F%2Farteconfort.com%2Fwp-content%2Fuploads%2F2022%2F02%2Fim-CARINA.pdf||target:%20_blank|rel:nofollow&#8221; color=&#8221;#ffffff&#8221; bg_color=&#8221;#222222&#8243;][\/vc_column][\/vc_row][vc_row][vc_column offset=&#8221;vc_hidden-xs&#8221;][vc_empty_space][\/vc_column][\/vc_row]<\/p>\n","protected":false},"featured_media":31306,"template":"","meta":[],"product_brand":[],"product_cat":[406],"product_tag":[],"class_list":{"0":"post-16853","1":"product","2":"type-product","3":"status-publish","4":"has-post-thumbnail","6":"product_cat-descatalogados-fr","8":"first","9":"instock","10":"shipping-taxable","11":"product-type-external"},"yoast_head":"<!-- This site is optimized with the Yoast SEO plugin v26.5 - https:\/\/yoast.com\/wordpress\/plugins\/seo\/ -->\n<title>CARINA - Descatalogados - Arteconfort<\/title>\n<meta name=\"description\" content=\"L&#039;applique solaire CARINA se caract\u00e9rise par un design noir discret et moderne, offrant un flux lumineux \u00e9lev\u00e9. De plus, il int\u00e8gre un capteur de micro-ondes et, gr\u00e2ce \u00e0 son panneau de haute qualit\u00e9 et \u00e0 sa batterie plus performante, il peut fournir jusqu&#039;\u00e0 5 heures de lumi\u00e8re continue. Ref. CARINANG31D\u00e9tection de mouvement et allumage automatique de la lumi\u00e8rePermet d\u2019\u00e9clairer de grandes surfaces du jardinChoisissez entre diff\u00e9rents modes de fonctionnement\" \/>\n<meta name=\"robots\" content=\"index, follow, max-snippet:-1, max-image-preview:large, max-video-preview:-1\" \/>\n<link rel=\"canonical\" href=\"https:\/\/arteconfort.com\/fr\/producto\/carina\/\" \/>\n<meta property=\"og:locale\" content=\"fr_FR\" \/>\n<meta property=\"og:type\" content=\"article\" \/>\n<meta property=\"og:title\" content=\"CARINA - Descatalogados - Arteconfort\" \/>\n<meta property=\"og:description\" content=\"L&#039;applique solaire CARINA se caract\u00e9rise par un design noir discret et moderne, offrant un flux lumineux \u00e9lev\u00e9. De plus, il int\u00e8gre un capteur de micro-ondes et, gr\u00e2ce \u00e0 son panneau de haute qualit\u00e9 et \u00e0 sa batterie plus performante, il peut fournir jusqu&#039;\u00e0 5 heures de lumi\u00e8re continue. Ref. CARINANG31D\u00e9tection de mouvement et allumage automatique de la lumi\u00e8rePermet d\u2019\u00e9clairer de grandes surfaces du jardinChoisissez entre diff\u00e9rents modes de fonctionnement\" \/>\n<meta property=\"og:url\" content=\"https:\/\/arteconfort.com\/fr\/producto\/carina\/\" \/>\n<meta property=\"og:site_name\" content=\"Arteconfort\" \/>\n<meta property=\"article:modified_time\" content=\"2022-04-21T08:08:25+00:00\" \/>\n<meta property=\"og:image\" content=\"https:\/\/arteconfort.com\/wp-content\/uploads\/2023\/10\/CARINA.webp\" \/>\n\t<meta property=\"og:image:width\" content=\"1024\" \/>\n\t<meta property=\"og:image:height\" content=\"1024\" \/>\n\t<meta property=\"og:image:type\" content=\"image\/webp\" \/>\n<meta name=\"twitter:card\" content=\"summary_large_image\" \/>\n<meta name=\"twitter:label1\" content=\"Dur\u00e9e de lecture estim\u00e9e\" \/>\n\t<meta name=\"twitter:data1\" content=\"2 minutes\" \/>\n<!-- \/ Yoast SEO plugin. -->","yoast_head_json":{"title":"CARINA - Descatalogados - Arteconfort","description":"L'applique solaire CARINA se caract\u00e9rise par un design noir discret et moderne, offrant un flux lumineux \u00e9lev\u00e9. De plus, il int\u00e8gre un capteur de micro-ondes et, gr\u00e2ce \u00e0 son panneau de haute qualit\u00e9 et \u00e0 sa batterie plus performante, il peut fournir jusqu'\u00e0 5 heures de lumi\u00e8re continue. Ref. CARINANG31D\u00e9tection de mouvement et allumage automatique de la lumi\u00e8rePermet d\u2019\u00e9clairer de grandes surfaces du jardinChoisissez entre diff\u00e9rents modes de fonctionnement","robots":{"index":"index","follow":"follow","max-snippet":"max-snippet:-1","max-image-preview":"max-image-preview:large","max-video-preview":"max-video-preview:-1"},"canonical":"https:\/\/arteconfort.com\/fr\/producto\/carina\/","og_locale":"fr_FR","og_type":"article","og_title":"CARINA - Descatalogados - Arteconfort","og_description":"L'applique solaire CARINA se caract\u00e9rise par un design noir discret et moderne, offrant un flux lumineux \u00e9lev\u00e9. De plus, il int\u00e8gre un capteur de micro-ondes et, gr\u00e2ce \u00e0 son panneau de haute qualit\u00e9 et \u00e0 sa batterie plus performante, il peut fournir jusqu'\u00e0 5 heures de lumi\u00e8re continue. Ref. CARINANG31D\u00e9tection de mouvement et allumage automatique de la lumi\u00e8rePermet d\u2019\u00e9clairer de grandes surfaces du jardinChoisissez entre diff\u00e9rents modes de fonctionnement","og_url":"https:\/\/arteconfort.com\/fr\/producto\/carina\/","og_site_name":"Arteconfort","article_modified_time":"2022-04-21T08:08:25+00:00","og_image":[{"width":1024,"height":1024,"url":"https:\/\/arteconfort.com\/wp-content\/uploads\/2023\/10\/CARINA.webp","type":"image\/webp"}],"twitter_card":"summary_large_image","twitter_misc":{"Dur\u00e9e de lecture estim\u00e9e":"2 minutes"},"schema":{"@context":"https:\/\/schema.org","@graph":[{"@type":"WebPage","@id":"https:\/\/arteconfort.com\/fr\/producto\/carina\/","url":"https:\/\/arteconfort.com\/fr\/producto\/carina\/","name":"CARINA - Descatalogados - Arteconfort","isPartOf":{"@id":"https:\/\/arteconfort.com\/fr\/#website"},"primaryImageOfPage":{"@id":"https:\/\/arteconfort.com\/fr\/producto\/carina\/#primaryimage"},"image":{"@id":"https:\/\/arteconfort.com\/fr\/producto\/carina\/#primaryimage"},"thumbnailUrl":"https:\/\/arteconfort.com\/wp-content\/uploads\/2023\/10\/CARINA.webp","datePublished":"2022-02-22T14:08:54+00:00","dateModified":"2022-04-21T08:08:25+00:00","description":"L'applique solaire CARINA se caract\u00e9rise par un design noir discret et moderne, offrant un flux lumineux \u00e9lev\u00e9. De plus, il int\u00e8gre un capteur de micro-ondes et, gr\u00e2ce \u00e0 son panneau de haute qualit\u00e9 et \u00e0 sa batterie plus performante, il peut fournir jusqu'\u00e0 5 heures de lumi\u00e8re continue. Ref. CARINANG31D\u00e9tection de mouvement et allumage automatique de la lumi\u00e8rePermet d\u2019\u00e9clairer de grandes surfaces du jardinChoisissez entre diff\u00e9rents modes de fonctionnement","breadcrumb":{"@id":"https:\/\/arteconfort.com\/fr\/producto\/carina\/#breadcrumb"},"inLanguage":"fr-FR","potentialAction":[{"@type":"ReadAction","target":["https:\/\/arteconfort.com\/fr\/producto\/carina\/"]}]},{"@type":"ImageObject","inLanguage":"fr-FR","@id":"https:\/\/arteconfort.com\/fr\/producto\/carina\/#primaryimage","url":"https:\/\/arteconfort.com\/wp-content\/uploads\/2023\/10\/CARINA.webp","contentUrl":"https:\/\/arteconfort.com\/wp-content\/uploads\/2023\/10\/CARINA.webp","width":1024,"height":1024,"caption":"Aplique solar de pared CARINA"},{"@type":"BreadcrumbList","@id":"https:\/\/arteconfort.com\/fr\/producto\/carina\/#breadcrumb","itemListElement":[{"@type":"ListItem","position":1,"name":"Inicio","item":"https:\/\/arteconfort.com\/fr\/"},{"@type":"ListItem","position":2,"name":"Boutique","item":"https:\/\/arteconfort.com\/fr\/boutique\/"},{"@type":"ListItem","position":3,"name":"CARINA"}]},{"@type":"WebSite","@id":"https:\/\/arteconfort.com\/fr\/#website","url":"https:\/\/arteconfort.com\/fr\/","name":"Arteconfort","description":"Especialistas en productos del hogar","publisher":{"@id":"https:\/\/arteconfort.com\/fr\/#organization"},"potentialAction":[{"@type":"SearchAction","target":{"@type":"EntryPoint","urlTemplate":"https:\/\/arteconfort.com\/fr\/?s={search_term_string}"},"query-input":{"@type":"PropertyValueSpecification","valueRequired":true,"valueName":"search_term_string"}}],"inLanguage":"fr-FR"},{"@type":"Organization","@id":"https:\/\/arteconfort.com\/fr\/#organization","name":"Arteconfort","url":"https:\/\/arteconfort.com\/fr\/","logo":{"@type":"ImageObject","inLanguage":"fr-FR","@id":"https:\/\/arteconfort.com\/fr\/#\/schema\/logo\/image\/","url":"https:\/\/arteconfort.com\/wp-content\/uploads\/2019\/07\/logo-arteconfort.png","contentUrl":"https:\/\/arteconfort.com\/wp-content\/uploads\/2019\/07\/logo-arteconfort.png","width":230,"height":88,"caption":"Arteconfort"},"image":{"@id":"https:\/\/arteconfort.com\/fr\/#\/schema\/logo\/image\/"}}]}},"_links":{"self":[{"href":"https:\/\/arteconfort.com\/fr\/wp-json\/wp\/v2\/product\/16853","targetHints":{"allow":["GET"]}}],"collection":[{"href":"https:\/\/arteconfort.com\/fr\/wp-json\/wp\/v2\/product"}],"about":[{"href":"https:\/\/arteconfort.com\/fr\/wp-json\/wp\/v2\/types\/product"}],"wp:featuredmedia":[{"embeddable":true,"href":"https:\/\/arteconfort.com\/fr\/wp-json\/wp\/v2\/media\/31306"}],"wp:attachment":[{"href":"https:\/\/arteconfort.com\/fr\/wp-json\/wp\/v2\/media?parent=16853"}],"wp:term":[{"taxonomy":"product_brand","embeddable":true,"href":"https:\/\/arteconfort.com\/fr\/wp-json\/wp\/v2\/product_brand?post=16853"},{"taxonomy":"product_cat","embeddable":true,"href":"https:\/\/arteconfort.com\/fr\/wp-json\/wp\/v2\/product_cat?post=16853"},{"taxonomy":"product_tag","embeddable":true,"href":"https:\/\/arteconfort.com\/fr\/wp-json\/wp\/v2\/product_tag?post=16853"}],"curies":[{"name":"wp","href":"https:\/\/api.w.org\/{rel}","templated":true}]}}