{"id":16900,"date":"2021-10-25T14:02:41","date_gmt":"2021-10-25T12:02:41","guid":{"rendered":"https:\/\/arteconfort.com\/?post_type=product&#038;p=16900"},"modified":"2023-04-24T11:22:23","modified_gmt":"2023-04-24T09:22:23","slug":"era-l","status":"publish","type":"product","link":"https:\/\/arteconfort.com\/fr\/producto\/era-l\/","title":{"rendered":"ERA L"},"content":{"rendered":"<div class=\"wpb-content-wrapper\"><p>[vc_row][vc_column][vc_row_inner][vc_column_inner width=&#8221;1\/4&#8243; offset=&#8221;vc_col-xs-6&#8243;][wyde_info_box icon_set=&#8221;bigmug_line&#8221; icon_bigmug_line=&#8221;bigmug-line-foggy-sun&#8221; title=&#8221;PANNEAU SOLAIRE AVEC UNE PLUS GRANDE SURFACE<br \/>\n&#8220;]Am\u00e9lioration de la charge gr\u00e2ce \u00e0 l&#8217;augmentation du gain solaire et de la qualit\u00e9 du panneau en augmentant la conversion d&#8217;\u00e9nergie[\/wyde_info_box][\/vc_column_inner][vc_column_inner width=&#8221;1\/4&#8243; offset=&#8221;vc_col-xs-6&#8243;][wyde_info_box icon_set=&#8221;simple_line&#8221; icon_simple_line=&#8221;sl-rocket&#8221; title=&#8221;BATTERIE \u00c0 RENDEMENT ET CAPACIT\u00c9 PLUS \u00c9LEV\u00c9S&#8221;]Pour une autonomie plus durable[\/wyde_info_box][\/vc_column_inner][\/vc_row_inner][vc_row_inner][vc_column_inner offset=&#8221;vc_hidden-xs&#8221;][vc_empty_space height=&#8221;60px&#8221;][\/vc_column_inner][\/vc_row_inner][\/vc_column][\/vc_row][vc_row][vc_column width=&#8221;1\/2&#8243;][vc_accordion collapsible=&#8221;true&#8221; active_tab=&#8221;false&#8221;][vc_accordion_tab title=&#8221;Caract\u00e9ristiques g\u00e9n\u00e9rales&#8221;][vc_column_text]<strong>Dimensions<\/strong> 12,8&#215;7,7&#215;3,1cm<br \/>\n<strong>Mat\u00e9riau<\/strong> Acier inoxydable<br \/>\n<strong>Finition<\/strong> Argent<br \/>\n<strong>IP<\/strong> 44<br \/>\n<strong>Garantie<\/strong> 3 ans[\/vc_column_text][\/vc_accordion_tab][vc_accordion_tab title=&#8221;Panneau solaire&#8221;][vc_column_text]<strong>Mat\u00e9riau<\/strong> Monocristallin<br \/>\n<strong>Type d&#8217;encapsulation<\/strong> PET<br \/>\n[\/vc_column_text][\/vc_accordion_tab][vc_accordion_tab title=&#8221;Batterie&#8221;][vc_column_text]<strong>Type de batterie<\/strong> Ni-MH AA<br \/>\n<strong>Tension de charge<\/strong> 1.3V<br \/>\n<strong>Capacit\u00e9<\/strong> 1300mAh<br \/>\n<strong>Temps de charge<\/strong> 8-12h<br \/>\n<strong>Autonomie<\/strong> 8h[\/vc_column_text][\/vc_accordion_tab][vc_accordion_tab title=&#8221;LED&#8221;][vc_column_text]<strong>Type de LED<\/strong> SMD<br \/>\n<strong>Puissance<\/strong> 1.8W<br \/>\n<strong>CCT<\/strong> 6000K<br \/>\n<strong>Flux lumineux<\/strong> 40lm[\/vc_column_text][\/vc_accordion_tab][vc_accordion_tab title=&#8221;Modes de fonctionnement&#8221;][vc_column_text]<strong>Mode 1<\/strong> Activ\u00e9 \u00e0 40lm.[\/vc_column_text][\/vc_accordion_tab][vc_accordion_tab title=&#8221;Capteur &#8220;][vc_column_text]<strong>Capteur<\/strong> No[\/vc_column_text][\/vc_accordion_tab][\/vc_accordion][\/vc_column][vc_column width=&#8221;1\/2&#8243;][vc_single_image image=&#8221;15233&#8243;][\/vc_column][\/vc_row]<\/p>\n<\/div>","protected":false},"excerpt":{"rendered":"<p>L&#8217;applique solaire ERA L est parfaite pour l&#8217;\u00e9clairage des escaliers de votre jardin ou de votre terrasse. Gr\u00e2ce \u00e0 son panneau de haute qualit\u00e9 et \u00e0 sa plus grande surface, elle permet d&#8217;am\u00e9liorer l&#8217;ensoleillement et d&#8217;offrir plus d&#8217;heures de lumi\u00e8re. Ce mod\u00e8le est fabriqu\u00e9 en acier inoxydable, ce qui emp\u00eache la corrosion, et a un indice de protection de 44.<br \/>\n<strong>Ref. ERALPL31<\/strong>[vc_row][vc_column offset=&#8221;vc_hidden-xs&#8221;][vc_empty_space height=&#8221;30px&#8221;][\/vc_column][\/vc_row][vc_row][vc_column][vc_row_inner][vc_column_inner][wyde_info_box icon_set=&#8221;simple_line&#8221; icon_simple_line=&#8221;sl-home&#8221; icon_position=&#8221;left&#8221; title=&#8221;UTILISATION SUR LES ESCALIERS&#8221;]Parfait pour le marquage des marches[\/wyde_info_box][vc_empty_space height=&#8221;15px&#8221;][\/vc_column_inner][\/vc_row_inner][vc_row_inner][vc_column_inner][wyde_info_box icon_set=&#8221;simple_line&#8221; icon_simple_line=&#8221;sl-graph&#8221; icon_position=&#8221;left&#8221; title=&#8221;AUGMENTATION DE L&#8217;INCLINAISON DU PANNEAU&#8221;]Optimise la charge due \u00e0 l&#8217;angle d&#8217;inclinaison[\/wyde_info_box][vc_empty_space height=&#8221;15px&#8221;][\/vc_column_inner][\/vc_row_inner][vc_row_inner][vc_column_inner][wyde_info_box icon_set=&#8221;simple_line&#8221; icon_simple_line=&#8221;sl-chemistry&#8221; icon_position=&#8221;left&#8221; title=&#8221;ANTI-CORROSIF&#8221;]Corps en acier inoxydable[\/wyde_info_box][vc_empty_space height=&#8221;15px&#8221;][\/vc_column_inner][\/vc_row_inner][\/vc_column][\/vc_row][vc_row][vc_column offset=&#8221;vc_hidden-xs&#8221;][vc_empty_space height=&#8221;60px&#8221;][\/vc_column][\/vc_row][vc_row][vc_column width=&#8221;1\/3&#8243;][wyde_link_button icon_set=&#8221;simple_line&#8221; icon_simple_line=&#8221;sl-settings&#8221; style=&#8221;round&#8221; title=&#8221;Instructions&#8221; link=&#8221;url:http%3A%2F%2Farteconfort.com%2Fwp-content%2Fuploads\/2021\/11\/im-ERA-L.pdf||target:%20_blank|rel:nofollow&#8221; color=&#8221;#ffffff&#8221; bg_color=&#8221;#222222&#8243;][\/vc_column][vc_column offset=&#8221;vc_hidden-xs&#8221;][vc_empty_space][\/vc_column][\/vc_row][vc_row][vc_column][vc_empty_space height=&#8221;20px&#8221;][\/vc_column][\/vc_row][vc_row background_mode=&#8221;color&#8221; background_color=&#8221;#f5f5f5&#8243;][vc_column text_align=&#8221;center&#8221;][vc_row_inner padding_size=&#8221;m-padding&#8221;][vc_column_inner text_align=&#8221;center&#8221;][vc_single_image alignment=&#8221;center&#8221; image=&#8221;1046&#8243;][vc_column_text]Retrouvez ce projecteur solaire en vente exclusivement chez LEROY MERLIN[\/vc_column_text][vc_empty_space height=&#8221;15px&#8221;][wyde_link_button icon_set=&#8221;simple_line&#8221; icon_simple_line=&#8221;sl-login&#8221; style=&#8221;outline round&#8221; title=&#8221;\u00c0cces \u00e0 Leroy Merlin&#8221; link=&#8221;url:https%3A%2F%2Fwww.leroymerlin.es%2Ffp%2F83424582%2Faplique-solar-led-era-grande-6000k-gris||target:%20_blank|rel:nofollow&#8221; color=&#8221;#61b4e4&#8243; hover_color=&#8221;#ffffff&#8221;][\/vc_column_inner][\/vc_row_inner][\/vc_column][\/vc_row]<\/p>\n","protected":false},"featured_media":31831,"template":"","meta":[],"product_brand":[],"product_cat":[340,336],"product_tag":[],"class_list":{"0":"post-16900","1":"product","2":"type-product","3":"status-publish","4":"has-post-thumbnail","6":"product_cat-iluminacion-solar-de-pared-fr","7":"product_cat-solar-fr","9":"first","10":"instock","11":"shipping-taxable","12":"product-type-simple"},"yoast_head":"<!-- This site is optimized with the Yoast SEO plugin v26.5 - https:\/\/yoast.com\/wordpress\/plugins\/seo\/ -->\n<title>ERA L - Pared, Solar - Arteconfort<\/title>\n<meta name=\"description\" content=\"L&#039;applique solaire ERA L est parfaite pour l&#039;\u00e9clairage des escaliers de votre jardin ou de votre terrasse. Gr\u00e2ce \u00e0 son panneau de haute qualit\u00e9 et \u00e0 sa plus grande surface, elle permet d&#039;am\u00e9liorer l&#039;ensoleillement et d&#039;offrir plus d&#039;heures de lumi\u00e8re. Ce mod\u00e8le est fabriqu\u00e9 en acier inoxydable, ce qui emp\u00eache la corrosion, et a un indice de protection de 44. Ref. ERALPL31Parfait pour le marquage des marchesOptimise la charge due \u00e0 l&#039;angle d&#039;inclinaisonCorps en acier inoxydableRetrouvez ce projecteur solaire en vente exclusivement chez LEROY MERLIN\" \/>\n<meta name=\"robots\" content=\"index, follow, max-snippet:-1, max-image-preview:large, max-video-preview:-1\" \/>\n<link rel=\"canonical\" href=\"https:\/\/arteconfort.com\/fr\/producto\/era-l\/\" \/>\n<meta property=\"og:locale\" content=\"fr_FR\" \/>\n<meta property=\"og:type\" content=\"article\" \/>\n<meta property=\"og:title\" content=\"ERA L - Pared, Solar - Arteconfort\" \/>\n<meta property=\"og:description\" content=\"L&#039;applique solaire ERA L est parfaite pour l&#039;\u00e9clairage des escaliers de votre jardin ou de votre terrasse. Gr\u00e2ce \u00e0 son panneau de haute qualit\u00e9 et \u00e0 sa plus grande surface, elle permet d&#039;am\u00e9liorer l&#039;ensoleillement et d&#039;offrir plus d&#039;heures de lumi\u00e8re. Ce mod\u00e8le est fabriqu\u00e9 en acier inoxydable, ce qui emp\u00eache la corrosion, et a un indice de protection de 44. Ref. ERALPL31Parfait pour le marquage des marchesOptimise la charge due \u00e0 l&#039;angle d&#039;inclinaisonCorps en acier inoxydableRetrouvez ce projecteur solaire en vente exclusivement chez LEROY MERLIN\" \/>\n<meta property=\"og:url\" content=\"https:\/\/arteconfort.com\/fr\/producto\/era-l\/\" \/>\n<meta property=\"og:site_name\" content=\"Arteconfort\" \/>\n<meta property=\"article:modified_time\" content=\"2023-04-24T09:22:23+00:00\" \/>\n<meta property=\"og:image\" content=\"https:\/\/arteconfort.com\/wp-content\/uploads\/2023\/10\/ERA-L.webp\" \/>\n\t<meta property=\"og:image:width\" content=\"1024\" \/>\n\t<meta property=\"og:image:height\" content=\"1024\" \/>\n\t<meta property=\"og:image:type\" content=\"image\/webp\" \/>\n<meta name=\"twitter:card\" content=\"summary_large_image\" \/>\n<meta name=\"twitter:label1\" content=\"Dur\u00e9e de lecture estim\u00e9e\" \/>\n\t<meta name=\"twitter:data1\" content=\"1 minute\" \/>\n<!-- \/ Yoast SEO plugin. -->","yoast_head_json":{"title":"ERA L - Pared, Solar - Arteconfort","description":"L'applique solaire ERA L est parfaite pour l'\u00e9clairage des escaliers de votre jardin ou de votre terrasse. Gr\u00e2ce \u00e0 son panneau de haute qualit\u00e9 et \u00e0 sa plus grande surface, elle permet d'am\u00e9liorer l'ensoleillement et d'offrir plus d'heures de lumi\u00e8re. Ce mod\u00e8le est fabriqu\u00e9 en acier inoxydable, ce qui emp\u00eache la corrosion, et a un indice de protection de 44. Ref. ERALPL31Parfait pour le marquage des marchesOptimise la charge due \u00e0 l'angle d'inclinaisonCorps en acier inoxydableRetrouvez ce projecteur solaire en vente exclusivement chez LEROY MERLIN","robots":{"index":"index","follow":"follow","max-snippet":"max-snippet:-1","max-image-preview":"max-image-preview:large","max-video-preview":"max-video-preview:-1"},"canonical":"https:\/\/arteconfort.com\/fr\/producto\/era-l\/","og_locale":"fr_FR","og_type":"article","og_title":"ERA L - Pared, Solar - Arteconfort","og_description":"L'applique solaire ERA L est parfaite pour l'\u00e9clairage des escaliers de votre jardin ou de votre terrasse. Gr\u00e2ce \u00e0 son panneau de haute qualit\u00e9 et \u00e0 sa plus grande surface, elle permet d'am\u00e9liorer l'ensoleillement et d'offrir plus d'heures de lumi\u00e8re. Ce mod\u00e8le est fabriqu\u00e9 en acier inoxydable, ce qui emp\u00eache la corrosion, et a un indice de protection de 44. Ref. ERALPL31Parfait pour le marquage des marchesOptimise la charge due \u00e0 l'angle d'inclinaisonCorps en acier inoxydableRetrouvez ce projecteur solaire en vente exclusivement chez LEROY MERLIN","og_url":"https:\/\/arteconfort.com\/fr\/producto\/era-l\/","og_site_name":"Arteconfort","article_modified_time":"2023-04-24T09:22:23+00:00","og_image":[{"width":1024,"height":1024,"url":"https:\/\/arteconfort.com\/wp-content\/uploads\/2023\/10\/ERA-L.webp","type":"image\/webp"}],"twitter_card":"summary_large_image","twitter_misc":{"Dur\u00e9e de lecture estim\u00e9e":"1 minute"},"schema":{"@context":"https:\/\/schema.org","@graph":[{"@type":"WebPage","@id":"https:\/\/arteconfort.com\/fr\/producto\/era-l\/","url":"https:\/\/arteconfort.com\/fr\/producto\/era-l\/","name":"ERA L - Pared, Solar - Arteconfort","isPartOf":{"@id":"https:\/\/arteconfort.com\/fr\/#website"},"primaryImageOfPage":{"@id":"https:\/\/arteconfort.com\/fr\/producto\/era-l\/#primaryimage"},"image":{"@id":"https:\/\/arteconfort.com\/fr\/producto\/era-l\/#primaryimage"},"thumbnailUrl":"https:\/\/arteconfort.com\/wp-content\/uploads\/2023\/10\/ERA-L.webp","datePublished":"2021-10-25T12:02:41+00:00","dateModified":"2023-04-24T09:22:23+00:00","description":"L'applique solaire ERA L est parfaite pour l'\u00e9clairage des escaliers de votre jardin ou de votre terrasse. Gr\u00e2ce \u00e0 son panneau de haute qualit\u00e9 et \u00e0 sa plus grande surface, elle permet d'am\u00e9liorer l'ensoleillement et d'offrir plus d'heures de lumi\u00e8re. Ce mod\u00e8le est fabriqu\u00e9 en acier inoxydable, ce qui emp\u00eache la corrosion, et a un indice de protection de 44. Ref. ERALPL31Parfait pour le marquage des marchesOptimise la charge due \u00e0 l'angle d'inclinaisonCorps en acier inoxydableRetrouvez ce projecteur solaire en vente exclusivement chez LEROY MERLIN","breadcrumb":{"@id":"https:\/\/arteconfort.com\/fr\/producto\/era-l\/#breadcrumb"},"inLanguage":"fr-FR","potentialAction":[{"@type":"ReadAction","target":["https:\/\/arteconfort.com\/fr\/producto\/era-l\/"]}]},{"@type":"ImageObject","inLanguage":"fr-FR","@id":"https:\/\/arteconfort.com\/fr\/producto\/era-l\/#primaryimage","url":"https:\/\/arteconfort.com\/wp-content\/uploads\/2023\/10\/ERA-L.webp","contentUrl":"https:\/\/arteconfort.com\/wp-content\/uploads\/2023\/10\/ERA-L.webp","width":1024,"height":1024,"caption":"Aplique de pared ERA L"},{"@type":"BreadcrumbList","@id":"https:\/\/arteconfort.com\/fr\/producto\/era-l\/#breadcrumb","itemListElement":[{"@type":"ListItem","position":1,"name":"Inicio","item":"https:\/\/arteconfort.com\/fr\/"},{"@type":"ListItem","position":2,"name":"Boutique","item":"https:\/\/arteconfort.com\/fr\/boutique\/"},{"@type":"ListItem","position":3,"name":"ERA L"}]},{"@type":"WebSite","@id":"https:\/\/arteconfort.com\/fr\/#website","url":"https:\/\/arteconfort.com\/fr\/","name":"Arteconfort","description":"Especialistas en productos del hogar","publisher":{"@id":"https:\/\/arteconfort.com\/fr\/#organization"},"potentialAction":[{"@type":"SearchAction","target":{"@type":"EntryPoint","urlTemplate":"https:\/\/arteconfort.com\/fr\/?s={search_term_string}"},"query-input":{"@type":"PropertyValueSpecification","valueRequired":true,"valueName":"search_term_string"}}],"inLanguage":"fr-FR"},{"@type":"Organization","@id":"https:\/\/arteconfort.com\/fr\/#organization","name":"Arteconfort","url":"https:\/\/arteconfort.com\/fr\/","logo":{"@type":"ImageObject","inLanguage":"fr-FR","@id":"https:\/\/arteconfort.com\/fr\/#\/schema\/logo\/image\/","url":"https:\/\/arteconfort.com\/wp-content\/uploads\/2019\/07\/logo-arteconfort.png","contentUrl":"https:\/\/arteconfort.com\/wp-content\/uploads\/2019\/07\/logo-arteconfort.png","width":230,"height":88,"caption":"Arteconfort"},"image":{"@id":"https:\/\/arteconfort.com\/fr\/#\/schema\/logo\/image\/"}}]}},"_links":{"self":[{"href":"https:\/\/arteconfort.com\/fr\/wp-json\/wp\/v2\/product\/16900","targetHints":{"allow":["GET"]}}],"collection":[{"href":"https:\/\/arteconfort.com\/fr\/wp-json\/wp\/v2\/product"}],"about":[{"href":"https:\/\/arteconfort.com\/fr\/wp-json\/wp\/v2\/types\/product"}],"wp:featuredmedia":[{"embeddable":true,"href":"https:\/\/arteconfort.com\/fr\/wp-json\/wp\/v2\/media\/31831"}],"wp:attachment":[{"href":"https:\/\/arteconfort.com\/fr\/wp-json\/wp\/v2\/media?parent=16900"}],"wp:term":[{"taxonomy":"product_brand","embeddable":true,"href":"https:\/\/arteconfort.com\/fr\/wp-json\/wp\/v2\/product_brand?post=16900"},{"taxonomy":"product_cat","embeddable":true,"href":"https:\/\/arteconfort.com\/fr\/wp-json\/wp\/v2\/product_cat?post=16900"},{"taxonomy":"product_tag","embeddable":true,"href":"https:\/\/arteconfort.com\/fr\/wp-json\/wp\/v2\/product_tag?post=16900"}],"curies":[{"name":"wp","href":"https:\/\/api.w.org\/{rel}","templated":true}]}}