{"id":17593,"date":"2021-10-25T13:57:40","date_gmt":"2021-10-25T11:57:40","guid":{"rendered":"https:\/\/arteconfort.com\/?post_type=product&#038;p=17593"},"modified":"2022-04-21T11:23:20","modified_gmt":"2022-04-21T09:23:20","slug":"jano-sobremuro","status":"publish","type":"product","link":"https:\/\/arteconfort.com\/fr\/producto\/jano-sobremuro\/","title":{"rendered":"JANO SOBREMURO"},"content":{"rendered":"<div class=\"wpb-content-wrapper\"><p>[vc_row][vc_column][vc_row_inner][vc_column_inner width=&#8221;1\/4&#8243; offset=&#8221;vc_col-xs-6&#8243;][wyde_info_box icon_set=&#8221;bigmug_line&#8221; icon_bigmug_line=&#8221;bigmug-line-foggy-sun&#8221; title=&#8221;PANNEAU SOLAIRE AVEC UNE PLUS GRANDE SURFACE<br \/>\n&#8220;]Am\u00e9lioration de la charge gr\u00e2ce \u00e0 une meilleure captation du soleil et \u00e0 la qualit\u00e9 des panneaux pour une meilleure conversion de l&#8217;\u00e9nergie[\/wyde_info_box][\/vc_column_inner][vc_column_inner width=&#8221;1\/4&#8243; offset=&#8221;vc_col-xs-6&#8243;][wyde_info_box icon_set=&#8221;simple_line&#8221; icon_simple_line=&#8221;sl-rocket&#8221; title=&#8221;UNE BATTERIE PLUS EFFICACE ET DE PLUS GRANDE CAPACIT\u00c9&#8221;]Pour une autonomie plus durable[\/wyde_info_box][\/vc_column_inner][vc_column_inner width=&#8221;1\/4&#8243; offset=&#8221;vc_col-xs-6&#8243;][wyde_info_box icon_set=&#8221;simple_line&#8221; icon_simple_line=&#8221;sl-like&#8221; title=&#8221;INSTALLATION FACILE&#8221;]Vissez la plaque d&#8217;installation au mur et fixez l&#8217;applique murale[\/wyde_info_box][\/vc_column_inner][vc_column_inner width=&#8221;1\/4&#8243; offset=&#8221;vc_col-xs-6&#8243;][wyde_info_box icon_set=&#8221;simple_line&#8221; icon_simple_line=&#8221;sl-power&#8221; title=&#8221;FACILE \u00c0 METTRE EN MARCHE&#8221;]Allumage par pression longue de 2 secondes[\/wyde_info_box][\/vc_column_inner][\/vc_row_inner][vc_row_inner][vc_column_inner offset=&#8221;vc_hidden-xs&#8221;][vc_empty_space height=&#8221;60px&#8221;][\/vc_column_inner][\/vc_row_inner][\/vc_column][\/vc_row][vc_row][vc_column width=&#8221;1\/2&#8243;][vc_accordion collapsible=&#8221;true&#8221; active_tab=&#8221;false&#8221;][vc_accordion_tab title=&#8221;Caract\u00e9ristiques g\u00e9n\u00e9rales&#8221;][vc_column_text]<strong>Dimensions<\/strong> 16,2&#215;17,9&#215;16,2cm<br \/>\n<strong>Mat\u00e9riau<\/strong> ABS et PC<br \/>\n<strong>Finition<\/strong> Noire<br \/>\n<strong>IP<\/strong> 64<br \/>\n<strong>Garantie<\/strong> 3 ans[\/vc_column_text][\/vc_accordion_tab][vc_accordion_tab title=&#8221;Panneau solaire&#8221;][vc_column_text]<strong>Mat\u00e9riau<\/strong> Polycristallin<br \/>\n<strong>Type d&#8217;encapsulation<\/strong> Verre<br \/>\n<strong>Puissance<\/strong> 6,7W[\/vc_column_text][\/vc_accordion_tab][vc_accordion_tab title=&#8221;Batterie&#8221;][vc_column_text]<strong>Type de batterie<\/strong> Li-ion 18650<br \/>\n<strong>Tension de charge<\/strong> 3.7V<br \/>\n<strong>Capacit\u00e9<\/strong> (X2) 2,000mAh<br \/>\n<strong>Temps de charge<\/strong> 8h<br \/>\n<strong>Autonomie<\/strong> 8h[\/vc_column_text][\/vc_accordion_tab][vc_accordion_tab title=&#8221;LED&#8221;][vc_column_text]<strong>Type de LED<\/strong> SMD OSRAM<br \/>\n<strong>Angle d&#8217;ouverture<\/strong> 180\u00ba<br \/>\n<strong>CCT<\/strong> 4000K<br \/>\n<strong>Flux lumineux<\/strong> 1.000lm[\/vc_column_text][\/vc_accordion_tab][vc_accordion_tab title=&#8221;Modes de fonctionnement&#8221;][vc_column_text]<strong>Mode 1<\/strong> Activ\u00e9 \u00e0 100lm. Passe \u00e0 1 000 lm lorsqu&#8217;une pr\u00e9sence est d\u00e9tect\u00e9e. Retour au mode veille apr\u00e8s 60&#8243;.<br \/>\n<strong>Mode 2<\/strong> Off. S&#8217;allume \u00e0 1 000 lm lorsqu&#8217;une pr\u00e9sence est d\u00e9tect\u00e9e. Retour au mode veille apr\u00e8s 60&#8243;.<br \/>\n<strong>Mode 3<\/strong> Fix\u00e9 \u00e0 300lm pendant 4 heures, diminue le flux pendant les 2 heures suivantes.<br \/>\n<strong>Mode 4<\/strong> Fix\u00e9 \u00e0 1 000 ml pendant 1,5 heure. [\/vc_column_text][\/vc_accordion_tab][vc_accordion_tab title=&#8221;Capteur &#8220;][vc_column_text]<strong>Capteur<\/strong> Oui<br \/>\n<strong>Distance de d\u00e9tection<\/strong> Jusqu&#8217;\u00e0 5m<br \/>\n<strong>Angle de d\u00e9tection<\/strong> 120\u00ba<br \/>\n<strong>Heure de courtoisie<\/strong> 60s[\/vc_column_text][\/vc_accordion_tab][\/vc_accordion][\/vc_column][vc_column width=&#8221;1\/2&#8243;][vc_single_image image=&#8221;16215&#8243;][\/vc_column][\/vc_row]<\/p>\n<\/div>","protected":false},"excerpt":{"rendered":"<p>L&#8217;applique solaire JANO se caract\u00e9rise par un design \u00e9l\u00e9gant, id\u00e9al pour \u00e9clairer n&#8217;importe quelle zone de votre terrasse ou de votre jardin. L&#8217;applique JANO int\u00e8gre un panneau de haute qualit\u00e9 qui lui permet de capter la lumi\u00e8re du soleil de mani\u00e8re plus efficace. Il dispose \u00e9galement d&#8217;un d\u00e9tecteur de mouvement et d&#8217;une programmation avec 4 modes d&#8217;\u00e9clairage diff\u00e9rents.<br \/>\n<strong>Ref. JANONG32 <\/strong>[vc_row][vc_column offset=&#8221;vc_hidden-xs&#8221;][vc_empty_space height=&#8221;30px&#8221;][\/vc_column][\/vc_row][vc_row][vc_column][vc_row_inner][vc_column_inner][wyde_info_box icon_set=&#8221;stroke_gap&#8221; icon_stroke_gap=&#8221;sg-Antenna2&#8243; icon_position=&#8221;left&#8221; title=&#8221;D\u00c9TECTEUR DE PR\u00c9SENCE&#8221;]D\u00e9tection de mouvement et allumage automatique de la lumi\u00e8re[\/wyde_info_box][vc_empty_space height=&#8221;15px&#8221;][\/vc_column_inner][\/vc_row_inner][vc_row_inner][vc_column_inner][wyde_info_box icon_set=&#8221;stroke_gap&#8221; icon_stroke_gap=&#8221;sg-Bulb&#8221; icon_position=&#8221;left&#8221; title=&#8221;LUMINOSIT\u00c9 IMPORTANTE&#8221;]Permet d&#8217;\u00e9clairer de grandes surfaces du jardin[\/wyde_info_box][vc_empty_space height=&#8221;15px&#8221;][\/vc_column_inner][\/vc_row_inner][vc_row_inner][vc_column_inner][wyde_info_box icon_set=&#8221;bigmug_line&#8221; icon_bigmug_line=&#8221;bigmug-line-equalizar2&#8243; icon_position=&#8221;left&#8221; title=&#8221;4 MODES DE COMMUTATION&#8221;]Choisissez entre diff\u00e9rents modes de fonctionnement, avec ou sans d\u00e9tecteur de pr\u00e9sence[\/wyde_info_box][vc_empty_space height=&#8221;15px&#8221;][\/vc_column_inner][\/vc_row_inner][\/vc_column][\/vc_row][vc_row][vc_column offset=&#8221;vc_hidden-xs&#8221;][vc_empty_space height=&#8221;60px&#8221;][\/vc_column][\/vc_row][vc_row][vc_column width=&#8221;1\/3&#8243;][wyde_link_button icon_set=&#8221;simple_line&#8221; icon_simple_line=&#8221;sl-settings&#8221; style=&#8221;round&#8221; title=&#8221;Instructions&#8221; link=&#8221;url:https%3A%2F%2Farteconfort.com%2Fwp-content%2Fuploads%2F2022%2F02%2Fim-JANO-SOBREMURO.pdf||target:%20_blank|rel:nofollow&#8221; color=&#8221;#ffffff&#8221; bg_color=&#8221;#222222&#8243;][\/vc_column][\/vc_row][vc_row][vc_column offset=&#8221;vc_hidden-xs&#8221;][vc_empty_space][\/vc_column][\/vc_row][vc_row][vc_column][vc_empty_space height=&#8221;20px&#8221;][\/vc_column][\/vc_row][vc_row background_mode=&#8221;color&#8221; background_color=&#8221;#f5f5f5&#8243;][vc_column text_align=&#8221;center&#8221;][vc_row_inner padding_size=&#8221;m-padding&#8221;][vc_column_inner text_align=&#8221;center&#8221;][vc_single_image alignment=&#8221;center&#8221; image=&#8221;1046&#8243;][vc_column_text]Retrouvez cette applique solaire en vente exclusivement chez LEROY MERLIN[\/vc_column_text][vc_empty_space height=&#8221;15px&#8221;][wyde_link_button icon_set=&#8221;simple_line&#8221; icon_simple_line=&#8221;sl-login&#8221; style=&#8221;outline round&#8221; title=&#8221;Acc\u00e8s \u00e0 Leroy Merlin&#8221; link=&#8221;url:https%3A%2F%2Fwww.leroymerlin.es%2Ffp%2F83424641%2Fsobremuro-solar-jano-4000k-17-9-cm-de-alto||target:%20_blank|rel:nofollow&#8221; color=&#8221;#61b4e4&#8243; hover_color=&#8221;#ffffff&#8221;][\/vc_column_inner][\/vc_row_inner][\/vc_column][\/vc_row]<\/p>\n","protected":false},"featured_media":15880,"template":"","meta":[],"product_brand":[],"product_cat":[1047,352,336],"product_tag":[],"class_list":{"0":"post-17593","1":"product","2":"type-product","3":"status-publish","4":"has-post-thumbnail","6":"product_cat-coleccion-antigua-fr","7":"product_cat-iluminacion-solar-de-sobremuro-fr","8":"product_cat-solar-fr","10":"first","11":"instock","12":"shipping-taxable","13":"product-type-simple"},"yoast_head":"<!-- This site is optimized with the Yoast SEO plugin v26.5 - https:\/\/yoast.com\/wordpress\/plugins\/seo\/ -->\n<title>JANO SOBREMURO - colecci\u00f3n antigua, Sobremuro, Solar - Arteconfort<\/title>\n<meta name=\"description\" content=\"L&#039;applique solaire JANO se caract\u00e9rise par un design \u00e9l\u00e9gant, id\u00e9al pour \u00e9clairer n&#039;importe quelle zone de votre terrasse ou de votre jardin. L&#039;applique JANO int\u00e8gre un panneau de haute qualit\u00e9 qui lui permet de capter la lumi\u00e8re du soleil de mani\u00e8re plus efficace. Il dispose \u00e9galement d&#039;un d\u00e9tecteur de mouvement et d&#039;une programmation avec 4 modes d&#039;\u00e9clairage diff\u00e9rents. Ref. JANONG32 D\u00e9tection de mouvement et allumage automatique de la lumi\u00e8rePermet d&#039;\u00e9clairer de grandes surfaces du jardinChoisissez entre diff\u00e9rents modes de fonctionnement, avec ou sans d\u00e9tecteur de pr\u00e9senceRetrouvez cette applique solaire en vente exclusivement chez LEROY MERLIN\" \/>\n<meta name=\"robots\" content=\"index, follow, max-snippet:-1, max-image-preview:large, max-video-preview:-1\" \/>\n<link rel=\"canonical\" href=\"https:\/\/arteconfort.com\/fr\/producto\/jano-sobremuro\/\" \/>\n<meta property=\"og:locale\" content=\"fr_FR\" \/>\n<meta property=\"og:type\" content=\"article\" \/>\n<meta property=\"og:title\" content=\"JANO SOBREMURO - colecci\u00f3n antigua, Sobremuro, Solar - Arteconfort\" \/>\n<meta property=\"og:description\" content=\"L&#039;applique solaire JANO se caract\u00e9rise par un design \u00e9l\u00e9gant, id\u00e9al pour \u00e9clairer n&#039;importe quelle zone de votre terrasse ou de votre jardin. L&#039;applique JANO int\u00e8gre un panneau de haute qualit\u00e9 qui lui permet de capter la lumi\u00e8re du soleil de mani\u00e8re plus efficace. Il dispose \u00e9galement d&#039;un d\u00e9tecteur de mouvement et d&#039;une programmation avec 4 modes d&#039;\u00e9clairage diff\u00e9rents. Ref. JANONG32 D\u00e9tection de mouvement et allumage automatique de la lumi\u00e8rePermet d&#039;\u00e9clairer de grandes surfaces du jardinChoisissez entre diff\u00e9rents modes de fonctionnement, avec ou sans d\u00e9tecteur de pr\u00e9senceRetrouvez cette applique solaire en vente exclusivement chez LEROY MERLIN\" \/>\n<meta property=\"og:url\" content=\"https:\/\/arteconfort.com\/fr\/producto\/jano-sobremuro\/\" \/>\n<meta property=\"og:site_name\" content=\"Arteconfort\" \/>\n<meta property=\"article:modified_time\" content=\"2022-04-21T09:23:20+00:00\" \/>\n<meta property=\"og:image\" content=\"https:\/\/arteconfort.com\/wp-content\/uploads\/2021\/10\/JANO-SOBREMURO.jpg\" \/>\n\t<meta property=\"og:image:width\" content=\"1024\" \/>\n\t<meta property=\"og:image:height\" content=\"1024\" \/>\n\t<meta property=\"og:image:type\" content=\"image\/jpeg\" \/>\n<meta name=\"twitter:card\" content=\"summary_large_image\" \/>\n<meta name=\"twitter:label1\" content=\"Dur\u00e9e de lecture estim\u00e9e\" \/>\n\t<meta name=\"twitter:data1\" content=\"2 minutes\" \/>\n<!-- \/ Yoast SEO plugin. -->","yoast_head_json":{"title":"JANO SOBREMURO - colecci\u00f3n antigua, Sobremuro, Solar - Arteconfort","description":"L'applique solaire JANO se caract\u00e9rise par un design \u00e9l\u00e9gant, id\u00e9al pour \u00e9clairer n'importe quelle zone de votre terrasse ou de votre jardin. L'applique JANO int\u00e8gre un panneau de haute qualit\u00e9 qui lui permet de capter la lumi\u00e8re du soleil de mani\u00e8re plus efficace. Il dispose \u00e9galement d'un d\u00e9tecteur de mouvement et d'une programmation avec 4 modes d'\u00e9clairage diff\u00e9rents. Ref. JANONG32 D\u00e9tection de mouvement et allumage automatique de la lumi\u00e8rePermet d'\u00e9clairer de grandes surfaces du jardinChoisissez entre diff\u00e9rents modes de fonctionnement, avec ou sans d\u00e9tecteur de pr\u00e9senceRetrouvez cette applique solaire en vente exclusivement chez LEROY MERLIN","robots":{"index":"index","follow":"follow","max-snippet":"max-snippet:-1","max-image-preview":"max-image-preview:large","max-video-preview":"max-video-preview:-1"},"canonical":"https:\/\/arteconfort.com\/fr\/producto\/jano-sobremuro\/","og_locale":"fr_FR","og_type":"article","og_title":"JANO SOBREMURO - colecci\u00f3n antigua, Sobremuro, Solar - Arteconfort","og_description":"L'applique solaire JANO se caract\u00e9rise par un design \u00e9l\u00e9gant, id\u00e9al pour \u00e9clairer n'importe quelle zone de votre terrasse ou de votre jardin. L'applique JANO int\u00e8gre un panneau de haute qualit\u00e9 qui lui permet de capter la lumi\u00e8re du soleil de mani\u00e8re plus efficace. Il dispose \u00e9galement d'un d\u00e9tecteur de mouvement et d'une programmation avec 4 modes d'\u00e9clairage diff\u00e9rents. Ref. JANONG32 D\u00e9tection de mouvement et allumage automatique de la lumi\u00e8rePermet d'\u00e9clairer de grandes surfaces du jardinChoisissez entre diff\u00e9rents modes de fonctionnement, avec ou sans d\u00e9tecteur de pr\u00e9senceRetrouvez cette applique solaire en vente exclusivement chez LEROY MERLIN","og_url":"https:\/\/arteconfort.com\/fr\/producto\/jano-sobremuro\/","og_site_name":"Arteconfort","article_modified_time":"2022-04-21T09:23:20+00:00","og_image":[{"width":1024,"height":1024,"url":"https:\/\/arteconfort.com\/wp-content\/uploads\/2021\/10\/JANO-SOBREMURO.jpg","type":"image\/jpeg"}],"twitter_card":"summary_large_image","twitter_misc":{"Dur\u00e9e de lecture estim\u00e9e":"2 minutes"},"schema":{"@context":"https:\/\/schema.org","@graph":[{"@type":"WebPage","@id":"https:\/\/arteconfort.com\/fr\/producto\/jano-sobremuro\/","url":"https:\/\/arteconfort.com\/fr\/producto\/jano-sobremuro\/","name":"JANO SOBREMURO - colecci\u00f3n antigua, Sobremuro, Solar - Arteconfort","isPartOf":{"@id":"https:\/\/arteconfort.com\/fr\/#website"},"primaryImageOfPage":{"@id":"https:\/\/arteconfort.com\/fr\/producto\/jano-sobremuro\/#primaryimage"},"image":{"@id":"https:\/\/arteconfort.com\/fr\/producto\/jano-sobremuro\/#primaryimage"},"thumbnailUrl":"https:\/\/arteconfort.com\/wp-content\/uploads\/2021\/10\/JANO-SOBREMURO.jpg","datePublished":"2021-10-25T11:57:40+00:00","dateModified":"2022-04-21T09:23:20+00:00","description":"L'applique solaire JANO se caract\u00e9rise par un design \u00e9l\u00e9gant, id\u00e9al pour \u00e9clairer n'importe quelle zone de votre terrasse ou de votre jardin. L'applique JANO int\u00e8gre un panneau de haute qualit\u00e9 qui lui permet de capter la lumi\u00e8re du soleil de mani\u00e8re plus efficace. Il dispose \u00e9galement d'un d\u00e9tecteur de mouvement et d'une programmation avec 4 modes d'\u00e9clairage diff\u00e9rents. Ref. JANONG32 D\u00e9tection de mouvement et allumage automatique de la lumi\u00e8rePermet d'\u00e9clairer de grandes surfaces du jardinChoisissez entre diff\u00e9rents modes de fonctionnement, avec ou sans d\u00e9tecteur de pr\u00e9senceRetrouvez cette applique solaire en vente exclusivement chez LEROY MERLIN","breadcrumb":{"@id":"https:\/\/arteconfort.com\/fr\/producto\/jano-sobremuro\/#breadcrumb"},"inLanguage":"fr-FR","potentialAction":[{"@type":"ReadAction","target":["https:\/\/arteconfort.com\/fr\/producto\/jano-sobremuro\/"]}]},{"@type":"ImageObject","inLanguage":"fr-FR","@id":"https:\/\/arteconfort.com\/fr\/producto\/jano-sobremuro\/#primaryimage","url":"https:\/\/arteconfort.com\/wp-content\/uploads\/2021\/10\/JANO-SOBREMURO.jpg","contentUrl":"https:\/\/arteconfort.com\/wp-content\/uploads\/2021\/10\/JANO-SOBREMURO.jpg","width":1024,"height":1024,"caption":"JANO lave-mur"},{"@type":"BreadcrumbList","@id":"https:\/\/arteconfort.com\/fr\/producto\/jano-sobremuro\/#breadcrumb","itemListElement":[{"@type":"ListItem","position":1,"name":"Inicio","item":"https:\/\/arteconfort.com\/fr\/"},{"@type":"ListItem","position":2,"name":"Boutique","item":"https:\/\/arteconfort.com\/fr\/boutique\/"},{"@type":"ListItem","position":3,"name":"JANO SOBREMURO"}]},{"@type":"WebSite","@id":"https:\/\/arteconfort.com\/fr\/#website","url":"https:\/\/arteconfort.com\/fr\/","name":"Arteconfort","description":"Especialistas en productos del hogar","publisher":{"@id":"https:\/\/arteconfort.com\/fr\/#organization"},"potentialAction":[{"@type":"SearchAction","target":{"@type":"EntryPoint","urlTemplate":"https:\/\/arteconfort.com\/fr\/?s={search_term_string}"},"query-input":{"@type":"PropertyValueSpecification","valueRequired":true,"valueName":"search_term_string"}}],"inLanguage":"fr-FR"},{"@type":"Organization","@id":"https:\/\/arteconfort.com\/fr\/#organization","name":"Arteconfort","url":"https:\/\/arteconfort.com\/fr\/","logo":{"@type":"ImageObject","inLanguage":"fr-FR","@id":"https:\/\/arteconfort.com\/fr\/#\/schema\/logo\/image\/","url":"https:\/\/arteconfort.com\/wp-content\/uploads\/2019\/07\/logo-arteconfort.png","contentUrl":"https:\/\/arteconfort.com\/wp-content\/uploads\/2019\/07\/logo-arteconfort.png","width":230,"height":88,"caption":"Arteconfort"},"image":{"@id":"https:\/\/arteconfort.com\/fr\/#\/schema\/logo\/image\/"}}]}},"_links":{"self":[{"href":"https:\/\/arteconfort.com\/fr\/wp-json\/wp\/v2\/product\/17593","targetHints":{"allow":["GET"]}}],"collection":[{"href":"https:\/\/arteconfort.com\/fr\/wp-json\/wp\/v2\/product"}],"about":[{"href":"https:\/\/arteconfort.com\/fr\/wp-json\/wp\/v2\/types\/product"}],"wp:featuredmedia":[{"embeddable":true,"href":"https:\/\/arteconfort.com\/fr\/wp-json\/wp\/v2\/media\/15880"}],"wp:attachment":[{"href":"https:\/\/arteconfort.com\/fr\/wp-json\/wp\/v2\/media?parent=17593"}],"wp:term":[{"taxonomy":"product_brand","embeddable":true,"href":"https:\/\/arteconfort.com\/fr\/wp-json\/wp\/v2\/product_brand?post=17593"},{"taxonomy":"product_cat","embeddable":true,"href":"https:\/\/arteconfort.com\/fr\/wp-json\/wp\/v2\/product_cat?post=17593"},{"taxonomy":"product_tag","embeddable":true,"href":"https:\/\/arteconfort.com\/fr\/wp-json\/wp\/v2\/product_tag?post=17593"}],"curies":[{"name":"wp","href":"https:\/\/api.w.org\/{rel}","templated":true}]}}