{"id":21774,"date":"2021-10-25T13:34:49","date_gmt":"2021-10-25T11:34:49","guid":{"rendered":"https:\/\/arteconfort.com\/?post_type=product&#038;p=21774"},"modified":"2025-06-06T13:26:11","modified_gmt":"2025-06-06T11:26:11","slug":"nairobi","status":"publish","type":"product","link":"https:\/\/arteconfort.com\/fr\/producto\/nairobi\/","title":{"rendered":"NAIROBI"},"content":{"rendered":"<div class=\"wpb-content-wrapper\"><p>[vc_row][vc_column][vc_empty_space height=&#8221;60px&#8221;][vc_row_inner][vc_column_inner width=&#8221;1\/3&#8243;][wyde_info_box icon_set=&#8221;simple_line&#8221; icon_simple_line=&#8221;sl-energy&#8221; icon_position=&#8221;left&#8221; title=&#8221;CARACTERISTIQUES PHYSIQUES ET ELECTRIQUES&#8221;][\/wyde_info_box][vc_empty_space height=&#8221;10px&#8221;][vc_column_text]Hauteur: 21,5cm<br \/>\nLargeur: 59 cm<br \/>\nProfondeur: 49 cm<br \/>\nPoids: 3 kg<br \/>\nMat\u00e9riau du corps: M\u00e9tal<br \/>\nMat\u00e9riau de la lame: ABS<br \/>\nFinition du corps: Blanc<br \/>\nFinition des lames: <strong>Transparent<\/strong><br \/>\nNombre de lames: 7<br \/>\nLames r\u00e9versibles: <strong>Non<\/strong><br \/>\nMoteur: <strong>DC<\/strong><br \/>\nVoltage: <strong>230Vac<\/strong><br \/>\nPuissance de vitesse: <strong>5W-6,1W-12,1W-15,8W-21,1W-25W<\/strong><br \/>\nRPM des vitesses: <strong>580-670-760-870-970-1070<\/strong><br \/>\nBruit \u00e9mis par les vitesses:<strong> &#8211;<\/strong><br \/>\nD\u00e9bit d&#8217;air des vitesses: <strong>174m<sup>2<\/sup>-198m<sup>2<\/sup>-228m<sup>2<\/sup>-252m<sup>2<\/sup>-288m<sup>2<\/sup>-318m<sup>2<\/sup><\/strong><br \/>\nSurface maximale recommand\u00e9e: <strong>&lt;8m<sup>2<\/sup><\/strong><br \/>\nIP: <strong>20<\/strong><br \/>\nInclinaison maximale du plafond: <strong>Non adapt\u00e9<\/strong><br \/>\nDistance de s\u00e9curit\u00e9: <strong>2,2 m<\/strong><br \/>\nIsolation \u00e9lectrique: <strong>Classe I<\/strong><br \/>\nAccessoires: <strong>&#8211;<\/strong><br \/>\nGarantie: <strong>3<\/strong> <strong>ans<\/strong>[\/vc_column_text][\/vc_column_inner][vc_column_inner width=&#8221;1\/3&#8243;][wyde_info_box icon_set=&#8221;simple_line&#8221; icon_simple_line=&#8221;sl-mouse&#8221; icon_position=&#8221;left&#8221; title=&#8221;CONTR\u00d4LE ET FONCTIONS&#8221;][\/wyde_info_box][vc_empty_space height=&#8221;10px&#8221;][vc_column_text]Contr\u00f4le: <strong>Oui<\/strong><br \/>\nPiles: <strong>2xAAA<\/strong><br \/>\nNombre de vitesses:<strong> 6<\/strong><br \/>\nProgrammation: <strong>1h-2h<\/strong><br \/>\nMode brise: <strong>Oui<\/strong><br \/>\nMode \u00e9t\u00e9\/hiver: <strong>Non<\/strong><br \/>\nThermostat: <strong>Non<\/strong><br \/>\nM\u00e9moire \u00e0 la mise sous tension: <strong>Oui<\/strong><br \/>\nConnexion Wi-Fi: <strong>Non<\/strong><br \/>\nConnexion Bluetooth: <strong>Non<\/strong>[\/vc_column_text][\/vc_column_inner][vc_column_inner width=&#8221;1\/3&#8243;][wyde_info_box icon_set=&#8221;stroke_gap&#8221; icon_stroke_gap=&#8221;sg-Bulb&#8221; icon_position=&#8221;left&#8221; title=&#8221;\u00c9CLAIRAGE&#8221;][\/wyde_info_box][vc_empty_space height=&#8221;10px&#8221;][vc_column_text]Flux lumineux: <strong>3.120lm<\/strong><br \/>\nPuissance des LED: <strong>40W<\/strong><br \/>\nTemp\u00e9rature de couleur: <strong>Oui<\/strong><br \/>\nChangement de temp\u00e9rature de couleur: <strong>3000K-4000K-5500K<\/strong><br \/>\nGradation: <strong>&#8211;<\/strong><br \/>\nAngle d&#8217;ouverture: <strong>160\u00ba<\/strong><br \/>\nDur\u00e9e de vie moyenne: <strong>25.000h<\/strong><br \/>\nNombre d&#8217;allumages: <strong>15.000<\/strong><br \/>\nM\u00e9moire de temp\u00e9rature de couleur: <strong>Oui<\/strong><br \/>\nLabel d&#8217;efficacit\u00e9 \u00e9nerg\u00e9tique: <strong>G<\/strong>[\/vc_column_text][\/vc_column_inner][\/vc_row_inner][vc_empty_space height=&#8221;60px&#8221;][\/vc_column][\/vc_row][vc_row vertical_align=&#8221;middle&#8221; padding_size=&#8221;no-padding&#8221; background_mode=&#8221;color&#8221; background_color=&#8221;#f5f5f5&#8243;][vc_column text_align=&#8221;center&#8221; padding_size=&#8221;no-padding&#8221;][vc_row_inner vertical_align=&#8221;middle&#8221; padding_size=&#8221;no-padding&#8221; css=&#8221;.vc_custom_1664367242377{padding-top: 30px !important;padding-right: 60px !important;padding-bottom: 30px !important;padding-left: 60px !important;}&#8221;][vc_column_inner padding_size=&#8221;no-padding&#8221; width=&#8221;2\/3&#8243;][wyde_heading style=&#8221;2&#8243; title_tag=&#8221;h3&#8243; title=&#8221;Pi\u00e8ces d\u00e9tach\u00e9es disponibles pour le ventilateur NAIROBI&#8221; heading_color=&#8221;#000000&#8243;][vc_column_text]Vous pouvez acheter la pi\u00e8ce de rechange pour votre ventilateur dans le m\u00eame magasin o\u00f9 vous avez achet\u00e9 votre ventilateur ou dans un autre magasin de la m\u00eame cha\u00eene.[\/vc_column_text][vc_empty_space][wyde_info_box icon=&#8221;fa fa-check&#8221; icon_position=&#8221;left&#8221; title=&#8221;TULIPE L\u00c9G\u00c8RE&#8221;][\/wyde_info_box][wyde_info_box icon=&#8221;fa fa-check&#8221; icon_position=&#8221;left&#8221; title=&#8221;AFFICHAGE LED&#8221;][\/wyde_info_box][wyde_info_box icon=&#8221;fa fa-check&#8221; icon_position=&#8221;left&#8221; title=&#8221;T\u00c9L\u00c9COMMANDE&#8221;][\/wyde_info_box][wyde_info_box icon=&#8221;fa fa-check&#8221; icon_position=&#8221;left&#8221; title=&#8221;CONTROLLER&#8221;][\/wyde_info_box][vc_empty_space height=&#8221;20px&#8221;][\/vc_column_inner][vc_column_inner text_align=&#8221;center&#8221; width=&#8221;1\/3&#8243; background_color=&#8221;#ffffff&#8221;][vc_empty_space height=&#8221;20px&#8221;][vc_column_text]<em>Si vous avez des questions, vous pouvez nous contacter via le formulaire de contact:<\/em>[\/vc_column_text][vc_empty_space height=&#8221;20px&#8221;][wyde_link_button icon_set=&#8221;simple_line&#8221; icon_simple_line=&#8221;sl-bubbles&#8221; style=&#8221;outline round&#8221; title=&#8221;Consultez&#8221; link=&#8221;url:https%3A%2F%2Farteconfort.com%2Fcontacto%2F|||&#8221; color=&#8221;#61b4e4&#8243; hover_color=&#8221;#ffffff&#8221;][vc_empty_space height=&#8221;40px&#8221;][vc_single_image alignment=&#8221;center&#8221; image=&#8221;24269&#8243;][\/vc_column_inner][\/vc_row_inner][\/vc_column][\/vc_row]<\/p>\n<\/div>","protected":false},"excerpt":{"rendered":"<p>Ventilateur de plafond NAIROBI avec lumi\u00e8re LED int\u00e9gr\u00e9e et m\u00e9moire de temp\u00e9rature de couleur. Il poss\u00e8de un corps en m\u00e9tal, 7 lames transparentes et est facile \u00e0 installer. Il est dot\u00e9 d&#8217;un moteur \u00e0 courant continu (CC) tr\u00e8s efficace qui r\u00e9duit la consommation d&#8217;\u00e9nergie tout en g\u00e9n\u00e9rant une atmosph\u00e8re agr\u00e9able gr\u00e2ce \u00e0 son fonctionnement silencieux. Il comprend une t\u00e9l\u00e9commande permettant de contr\u00f4ler et de modifier les modes de programmation (1h-2h), la temp\u00e9rature des couleurs (3000K-4000K-5500K), les vitesses (6) et le mode breeze (sensation cr\u00e9\u00e9e par des vitesses constamment changeantes). Ce mod\u00e8le \u00e9l\u00e9gant peut \u00eatre utilis\u00e9 dans des pi\u00e8ces plus petites que 8m<sup>2.<\/sup><br \/>\n<strong>Ref. NAIROBIBL21<\/strong><\/p>\n<ul style=\"list-style-type: circle; padding-left: 80px;\">\n<li>Ventilateur pour petites pi\u00e8ces<\/li>\n<li>Concentration du flux d&#8217;air<\/li>\n<li>\u00c9clairage LED avec m\u00e9moire de temp\u00e9rature de couleur<\/li>\n<\/ul>\n<p>[vc_row][vc_column width=&#8221;1\/3&#8243;][wyde_link_button icon_set=&#8221;simple_line&#8221; icon_simple_line=&#8221;sl-settings&#8221; style=&#8221;round&#8221; title=&#8221;Instructions&#8221; link=&#8221;url:https%3A%2F%2Farteconfort.com%2Fwp-content%2Fuploads%2F2024%2F06%2Fim-NAIROBI-v3.pdf||target:%20_blank|rel:nofollow&#8221; color=&#8221;#ffffff&#8221; bg_color=&#8221;#222222&#8243;][\/vc_column][\/vc_row]<\/p>\n","protected":false},"featured_media":32776,"template":"","meta":[],"product_brand":[],"product_cat":[354,1047,355],"product_tag":[],"class_list":{"0":"post-21774","1":"product","2":"type-product","3":"status-publish","4":"has-post-thumbnail","6":"product_cat-climatizacion-fr","7":"product_cat-coleccion-antigua-fr","8":"product_cat-ventiladores-de-techo-fr","10":"first","11":"instock","12":"shipping-taxable","13":"product-type-external"},"yoast_head":"<!-- This site is optimized with the Yoast SEO plugin v26.5 - https:\/\/yoast.com\/wordpress\/plugins\/seo\/ -->\n<title>NAIROBI - Climatizaci\u00f3n, colecci\u00f3n antigua, Ventiladores de techo - Arteconfort<\/title>\n<meta name=\"description\" content=\"Ventilateur de plafond NAIROBI avec lumi\u00e8re LED int\u00e9gr\u00e9e et m\u00e9moire de temp\u00e9rature de couleur. Il poss\u00e8de un corps en m\u00e9tal, 7 lames transparentes et est facile \u00e0 installer. Il est dot\u00e9 d&#039;un moteur \u00e0 courant continu (CC) tr\u00e8s efficace qui r\u00e9duit la consommation d&#039;\u00e9nergie tout en g\u00e9n\u00e9rant une atmosph\u00e8re agr\u00e9able gr\u00e2ce \u00e0 son fonctionnement silencieux. Il comprend une t\u00e9l\u00e9commande permettant de contr\u00f4ler et de modifier les modes de programmation (1h-2h), la temp\u00e9rature des couleurs (3000K-4000K-5500K), les vitesses (6) et le mode breeze (sensation cr\u00e9\u00e9e par des vitesses constamment changeantes). Ce mod\u00e8le \u00e9l\u00e9gant peut \u00eatre utilis\u00e9 dans des pi\u00e8ces plus petites que 8m2. Ref. NAIROBIBL21   Ventilateur pour petites pi\u00e8ces  Concentration du flux d&#039;air  \u00c9clairage LED avec m\u00e9moire de temp\u00e9rature de couleur\" \/>\n<meta name=\"robots\" content=\"index, follow, max-snippet:-1, max-image-preview:large, max-video-preview:-1\" \/>\n<link rel=\"canonical\" href=\"https:\/\/arteconfort.com\/fr\/producto\/nairobi\/\" \/>\n<meta property=\"og:locale\" content=\"fr_FR\" \/>\n<meta property=\"og:type\" content=\"article\" \/>\n<meta property=\"og:title\" content=\"NAIROBI - Climatizaci\u00f3n, colecci\u00f3n antigua, Ventiladores de techo - Arteconfort\" \/>\n<meta property=\"og:description\" content=\"Ventilateur de plafond NAIROBI avec lumi\u00e8re LED int\u00e9gr\u00e9e et m\u00e9moire de temp\u00e9rature de couleur. Il poss\u00e8de un corps en m\u00e9tal, 7 lames transparentes et est facile \u00e0 installer. Il est dot\u00e9 d&#039;un moteur \u00e0 courant continu (CC) tr\u00e8s efficace qui r\u00e9duit la consommation d&#039;\u00e9nergie tout en g\u00e9n\u00e9rant une atmosph\u00e8re agr\u00e9able gr\u00e2ce \u00e0 son fonctionnement silencieux. Il comprend une t\u00e9l\u00e9commande permettant de contr\u00f4ler et de modifier les modes de programmation (1h-2h), la temp\u00e9rature des couleurs (3000K-4000K-5500K), les vitesses (6) et le mode breeze (sensation cr\u00e9\u00e9e par des vitesses constamment changeantes). Ce mod\u00e8le \u00e9l\u00e9gant peut \u00eatre utilis\u00e9 dans des pi\u00e8ces plus petites que 8m2. Ref. NAIROBIBL21   Ventilateur pour petites pi\u00e8ces  Concentration du flux d&#039;air  \u00c9clairage LED avec m\u00e9moire de temp\u00e9rature de couleur\" \/>\n<meta property=\"og:url\" content=\"https:\/\/arteconfort.com\/fr\/producto\/nairobi\/\" \/>\n<meta property=\"og:site_name\" content=\"Arteconfort\" \/>\n<meta property=\"article:modified_time\" content=\"2025-06-06T11:26:11+00:00\" \/>\n<meta property=\"og:image\" content=\"https:\/\/arteconfort.com\/wp-content\/uploads\/2023\/10\/NAIROBI.webp\" \/>\n\t<meta property=\"og:image:width\" content=\"1024\" \/>\n\t<meta property=\"og:image:height\" content=\"1024\" \/>\n\t<meta property=\"og:image:type\" content=\"image\/webp\" \/>\n<meta name=\"twitter:card\" content=\"summary_large_image\" \/>\n<meta name=\"twitter:label1\" content=\"Dur\u00e9e de lecture estim\u00e9e\" \/>\n\t<meta name=\"twitter:data1\" content=\"2 minutes\" \/>\n<!-- \/ Yoast SEO plugin. -->","yoast_head_json":{"title":"NAIROBI - Climatizaci\u00f3n, colecci\u00f3n antigua, Ventiladores de techo - Arteconfort","description":"Ventilateur de plafond NAIROBI avec lumi\u00e8re LED int\u00e9gr\u00e9e et m\u00e9moire de temp\u00e9rature de couleur. Il poss\u00e8de un corps en m\u00e9tal, 7 lames transparentes et est facile \u00e0 installer. Il est dot\u00e9 d'un moteur \u00e0 courant continu (CC) tr\u00e8s efficace qui r\u00e9duit la consommation d'\u00e9nergie tout en g\u00e9n\u00e9rant une atmosph\u00e8re agr\u00e9able gr\u00e2ce \u00e0 son fonctionnement silencieux. Il comprend une t\u00e9l\u00e9commande permettant de contr\u00f4ler et de modifier les modes de programmation (1h-2h), la temp\u00e9rature des couleurs (3000K-4000K-5500K), les vitesses (6) et le mode breeze (sensation cr\u00e9\u00e9e par des vitesses constamment changeantes). Ce mod\u00e8le \u00e9l\u00e9gant peut \u00eatre utilis\u00e9 dans des pi\u00e8ces plus petites que 8m2. Ref. NAIROBIBL21   Ventilateur pour petites pi\u00e8ces  Concentration du flux d'air  \u00c9clairage LED avec m\u00e9moire de temp\u00e9rature de couleur","robots":{"index":"index","follow":"follow","max-snippet":"max-snippet:-1","max-image-preview":"max-image-preview:large","max-video-preview":"max-video-preview:-1"},"canonical":"https:\/\/arteconfort.com\/fr\/producto\/nairobi\/","og_locale":"fr_FR","og_type":"article","og_title":"NAIROBI - Climatizaci\u00f3n, colecci\u00f3n antigua, Ventiladores de techo - Arteconfort","og_description":"Ventilateur de plafond NAIROBI avec lumi\u00e8re LED int\u00e9gr\u00e9e et m\u00e9moire de temp\u00e9rature de couleur. Il poss\u00e8de un corps en m\u00e9tal, 7 lames transparentes et est facile \u00e0 installer. Il est dot\u00e9 d'un moteur \u00e0 courant continu (CC) tr\u00e8s efficace qui r\u00e9duit la consommation d'\u00e9nergie tout en g\u00e9n\u00e9rant une atmosph\u00e8re agr\u00e9able gr\u00e2ce \u00e0 son fonctionnement silencieux. Il comprend une t\u00e9l\u00e9commande permettant de contr\u00f4ler et de modifier les modes de programmation (1h-2h), la temp\u00e9rature des couleurs (3000K-4000K-5500K), les vitesses (6) et le mode breeze (sensation cr\u00e9\u00e9e par des vitesses constamment changeantes). Ce mod\u00e8le \u00e9l\u00e9gant peut \u00eatre utilis\u00e9 dans des pi\u00e8ces plus petites que 8m2. Ref. NAIROBIBL21   Ventilateur pour petites pi\u00e8ces  Concentration du flux d'air  \u00c9clairage LED avec m\u00e9moire de temp\u00e9rature de couleur","og_url":"https:\/\/arteconfort.com\/fr\/producto\/nairobi\/","og_site_name":"Arteconfort","article_modified_time":"2025-06-06T11:26:11+00:00","og_image":[{"width":1024,"height":1024,"url":"https:\/\/arteconfort.com\/wp-content\/uploads\/2023\/10\/NAIROBI.webp","type":"image\/webp"}],"twitter_card":"summary_large_image","twitter_misc":{"Dur\u00e9e de lecture estim\u00e9e":"2 minutes"},"schema":{"@context":"https:\/\/schema.org","@graph":[{"@type":"WebPage","@id":"https:\/\/arteconfort.com\/fr\/producto\/nairobi\/","url":"https:\/\/arteconfort.com\/fr\/producto\/nairobi\/","name":"NAIROBI - Climatizaci\u00f3n, colecci\u00f3n antigua, Ventiladores de techo - Arteconfort","isPartOf":{"@id":"https:\/\/arteconfort.com\/fr\/#website"},"primaryImageOfPage":{"@id":"https:\/\/arteconfort.com\/fr\/producto\/nairobi\/#primaryimage"},"image":{"@id":"https:\/\/arteconfort.com\/fr\/producto\/nairobi\/#primaryimage"},"thumbnailUrl":"https:\/\/arteconfort.com\/wp-content\/uploads\/2023\/10\/NAIROBI.webp","datePublished":"2021-10-25T11:34:49+00:00","dateModified":"2025-06-06T11:26:11+00:00","description":"Ventilateur de plafond NAIROBI avec lumi\u00e8re LED int\u00e9gr\u00e9e et m\u00e9moire de temp\u00e9rature de couleur. Il poss\u00e8de un corps en m\u00e9tal, 7 lames transparentes et est facile \u00e0 installer. Il est dot\u00e9 d'un moteur \u00e0 courant continu (CC) tr\u00e8s efficace qui r\u00e9duit la consommation d'\u00e9nergie tout en g\u00e9n\u00e9rant une atmosph\u00e8re agr\u00e9able gr\u00e2ce \u00e0 son fonctionnement silencieux. Il comprend une t\u00e9l\u00e9commande permettant de contr\u00f4ler et de modifier les modes de programmation (1h-2h), la temp\u00e9rature des couleurs (3000K-4000K-5500K), les vitesses (6) et le mode breeze (sensation cr\u00e9\u00e9e par des vitesses constamment changeantes). Ce mod\u00e8le \u00e9l\u00e9gant peut \u00eatre utilis\u00e9 dans des pi\u00e8ces plus petites que 8m2. Ref. NAIROBIBL21 Ventilateur pour petites pi\u00e8ces Concentration du flux d'air \u00c9clairage LED avec m\u00e9moire de temp\u00e9rature de couleur","breadcrumb":{"@id":"https:\/\/arteconfort.com\/fr\/producto\/nairobi\/#breadcrumb"},"inLanguage":"fr-FR","potentialAction":[{"@type":"ReadAction","target":["https:\/\/arteconfort.com\/fr\/producto\/nairobi\/"]}]},{"@type":"ImageObject","inLanguage":"fr-FR","@id":"https:\/\/arteconfort.com\/fr\/producto\/nairobi\/#primaryimage","url":"https:\/\/arteconfort.com\/wp-content\/uploads\/2023\/10\/NAIROBI.webp","contentUrl":"https:\/\/arteconfort.com\/wp-content\/uploads\/2023\/10\/NAIROBI.webp","width":1024,"height":1024},{"@type":"BreadcrumbList","@id":"https:\/\/arteconfort.com\/fr\/producto\/nairobi\/#breadcrumb","itemListElement":[{"@type":"ListItem","position":1,"name":"Inicio","item":"https:\/\/arteconfort.com\/fr\/"},{"@type":"ListItem","position":2,"name":"Boutique","item":"https:\/\/arteconfort.com\/fr\/boutique\/"},{"@type":"ListItem","position":3,"name":"NAIROBI"}]},{"@type":"WebSite","@id":"https:\/\/arteconfort.com\/fr\/#website","url":"https:\/\/arteconfort.com\/fr\/","name":"Arteconfort","description":"Especialistas en productos del hogar","publisher":{"@id":"https:\/\/arteconfort.com\/fr\/#organization"},"potentialAction":[{"@type":"SearchAction","target":{"@type":"EntryPoint","urlTemplate":"https:\/\/arteconfort.com\/fr\/?s={search_term_string}"},"query-input":{"@type":"PropertyValueSpecification","valueRequired":true,"valueName":"search_term_string"}}],"inLanguage":"fr-FR"},{"@type":"Organization","@id":"https:\/\/arteconfort.com\/fr\/#organization","name":"Arteconfort","url":"https:\/\/arteconfort.com\/fr\/","logo":{"@type":"ImageObject","inLanguage":"fr-FR","@id":"https:\/\/arteconfort.com\/fr\/#\/schema\/logo\/image\/","url":"https:\/\/arteconfort.com\/wp-content\/uploads\/2019\/07\/logo-arteconfort.png","contentUrl":"https:\/\/arteconfort.com\/wp-content\/uploads\/2019\/07\/logo-arteconfort.png","width":230,"height":88,"caption":"Arteconfort"},"image":{"@id":"https:\/\/arteconfort.com\/fr\/#\/schema\/logo\/image\/"}}]}},"_links":{"self":[{"href":"https:\/\/arteconfort.com\/fr\/wp-json\/wp\/v2\/product\/21774","targetHints":{"allow":["GET"]}}],"collection":[{"href":"https:\/\/arteconfort.com\/fr\/wp-json\/wp\/v2\/product"}],"about":[{"href":"https:\/\/arteconfort.com\/fr\/wp-json\/wp\/v2\/types\/product"}],"wp:featuredmedia":[{"embeddable":true,"href":"https:\/\/arteconfort.com\/fr\/wp-json\/wp\/v2\/media\/32776"}],"wp:attachment":[{"href":"https:\/\/arteconfort.com\/fr\/wp-json\/wp\/v2\/media?parent=21774"}],"wp:term":[{"taxonomy":"product_brand","embeddable":true,"href":"https:\/\/arteconfort.com\/fr\/wp-json\/wp\/v2\/product_brand?post=21774"},{"taxonomy":"product_cat","embeddable":true,"href":"https:\/\/arteconfort.com\/fr\/wp-json\/wp\/v2\/product_cat?post=21774"},{"taxonomy":"product_tag","embeddable":true,"href":"https:\/\/arteconfort.com\/fr\/wp-json\/wp\/v2\/product_tag?post=21774"}],"curies":[{"name":"wp","href":"https:\/\/api.w.org\/{rel}","templated":true}]}}