{"id":21795,"date":"2021-10-25T13:32:18","date_gmt":"2022-03-28T08:06:13","guid":{"rendered":"https:\/\/arteconfort.com\/?post_type=product&#038;p=21795"},"modified":"2023-06-21T14:14:17","modified_gmt":"2023-06-21T12:14:17","slug":"vigo","status":"publish","type":"product","link":"https:\/\/arteconfort.com\/fr\/producto\/vigo\/","title":{"rendered":"VIGO"},"content":{"rendered":"<div class=\"wpb-content-wrapper\"><p>[vc_row][vc_column][vc_row_inner][vc_column_inner width=&#8221;1\/4&#8243; offset=&#8221;vc_col-xs-6&#8243;][wyde_info_box icon_set=&#8221;simple_line&#8221; icon_simple_line=&#8221;sl-power&#8221; title=&#8221;M\u00c9MOIRE DES PR\u00c9F\u00c9RENCES DE CONTR\u00d4LE&#8221;]Pour faciliter l&#8217;utilisation[\/wyde_info_box][\/vc_column_inner][vc_column_inner width=&#8221;1\/4&#8243; offset=&#8221;vc_col-xs-6&#8243;][wyde_info_box icon_set=&#8221;simple_line&#8221; icon_simple_line=&#8221;sl-mouse&#8221; title=&#8221;CONTR\u00d4LE INCLUS&#8221;]Pour une plus grande facilit\u00e9 d&#8217;utilisation[\/wyde_info_box][\/vc_column_inner][vc_column_inner width=&#8221;1\/4&#8243; offset=&#8221;vc_col-xs-6&#8243;][wyde_info_box icon_set=&#8221;bigmug_line&#8221; icon_bigmug_line=&#8221;sl-bulb&#8221; title=&#8221;M\u00c9MOIRE DE TEMP\u00c9RATURE DE COULEUR&#8221;]Cr\u00e9ez votre propre ambiance[\/wyde_info_box][\/vc_column_inner][vc_column_inner width=&#8221;1\/4&#8243; offset=&#8221;vc_col-xs-6&#8243;][wyde_info_box icon_set=&#8221;simple_line&#8221; icon_simple_line=&#8221;sl-wrench&#8221; title=&#8221;INSTALLATION FACILE&#8221;]Montez votre ventilateur en quelques \u00e9tapes seulement[\/wyde_info_box][\/vc_column_inner][\/vc_row_inner][vc_row_inner][vc_column_inner offset=&#8221;vc_hidden-xs&#8221;][vc_empty_space][\/vc_column_inner][\/vc_row_inner][vc_row_inner][vc_column_inner width=&#8221;1\/4&#8243; offset=&#8221;vc_col-xs-6&#8243;][wyde_info_box icon_set=&#8221;simple_line&#8221; icon_simple_line=&#8221;sl-home&#8221; title=&#8221;CONVIENT AUX PLAFONDS INCLIN\u00c9S&#8221;]Jusqu&#8217;\u00e0 15\u00b0 d&#8217;inclinaison[\/wyde_info_box][\/vc_column_inner][vc_column_inner width=&#8221;1\/4&#8243; offset=&#8221;vc_col-xs-6&#8243;][wyde_info_box icon_set=&#8221;simple_line&#8221; icon_simple_line=&#8221;sl-volume-off&#8221; title=&#8221;PAS DE BIP SONORE AU NIVEAU DE LA COMMANDE&#8221;]Pour ne pas interrompre votre repos[\/wyde_info_box][\/vc_column_inner][vc_column_inner width=&#8221;1\/4&#8243; offset=&#8221;vc_col-xs-6&#8243;][wyde_info_box icon_set=&#8221;simple_line&#8221; icon_simple_line=&#8221;sl-clock&#8221; title=&#8221;PROGRAMMABLE&#8221;] 9 niveaux par p\u00e9riodes de 1h[\/wyde_info_box][\/vc_column_inner][vc_column_inner width=&#8221;1\/4&#8243; offset=&#8221;vc_col-xs-6&#8243;][wyde_info_box icon_set=&#8221;simple_line&#8221; icon_simple_line=&#8221;sl-speedometer&#8221; title=&#8221;6 VITESSE&#8221;]Large gamme de vitesses[\/wyde_info_box][\/vc_column_inner][\/vc_row_inner][vc_row_inner][vc_column_inner offset=&#8221;vc_hidden-xs&#8221;][vc_empty_space height=&#8221;60px&#8221;][\/vc_column_inner][\/vc_row_inner][\/vc_column][\/vc_row][vc_row][vc_column width=&#8221;1\/2&#8243;][vc_accordion collapsible=&#8221;true&#8221; active_tab=&#8221;false&#8221;][vc_accordion_tab title=&#8221;Caract\u00e9ristiques m\u00e9caniques&#8221;][vc_column_text]<strong>Hauteur<\/strong> 35cm<br \/>\n<strong>Diam\u00e8tre<\/strong> 132cm<br \/>\n<strong>Poids<\/strong> 6,4 kg<br \/>\n<strong>Mat\u00e9riau<\/strong> M\u00e9tal et verre<br \/>\n<strong>Finition<\/strong> Blanche<br \/>\n<strong>Bruit \u00e9mis<\/strong> 20dBs \u00e0 la vitesse 1<br \/>\n<strong>Distance de s\u00e9curit\u00e9<\/strong> 2,3m<br \/>\n<strong>Surface recommand\u00e9e<\/strong> 25m2<br \/>\n<strong>Inclinaison maximale du plafond<\/strong> 15\u00ba<br \/>\n<strong>IP<\/strong> 20<br \/>\n<strong>Isolation \u00e9lectrique<\/strong> Classe I<br \/>\n<strong>Nombre de vitesses<\/strong> 6<br \/>\n<strong>Puissance des vitesses<\/strong> 4,2W\/6,4W\/10,5W\/15,6W\/22,2W\/29w<br \/>\n<strong>RPM des vitesses<\/strong> 100\/125\/150\/175\/200\/220<br \/>\n<strong>Accessoires<\/strong> Stabilisateur et fixation suppl\u00e9mentaire de 25 cm<br \/>\n<strong>Garantie<\/strong> 3 ans[\/vc_column_text][\/vc_accordion_tab][vc_accordion_tab title=&#8221;Lames&#8221;][vc_column_text]<strong>Mat\u00e9riau<\/strong> ABS<br \/>\n<strong>Finition<\/strong> Bois gris<br \/>\n<strong>R\u00e9versible<\/strong> Non<br \/>\n<strong>Nombre de lames<\/strong> 4<br \/>\n<strong>Fonction hiver\/\u00e9t\u00e9<\/strong> Oui[\/vc_column_text][\/vc_accordion_tab][vc_accordion_tab title=&#8221;Caract\u00e9ristiques \u00e9lectriques&#8221;][vc_column_text]<strong>Type de moteur<\/strong> DC<br \/>\n<strong>Puissance<\/strong> 29W[\/vc_column_text][\/vc_accordion_tab][vc_accordion_tab title=&#8221;T\u00e9l\u00e9commande&#8221;][vc_column_text]<strong>Piles incluses<\/strong> Oui<br \/>\n<strong>Type de pile<\/strong> AAA x2<br \/>\n<strong>Pr\u00e9f\u00e9rence de contr\u00f4le<\/strong> Oui<br \/>\n<strong>Arr\u00eat automatique<\/strong> Oui<br \/>\n<strong>Temps programmable<\/strong> 9 niveaux par p\u00e9riodes de 1h[\/vc_column_text][\/vc_accordion_tab][\/vc_accordion][\/vc_column][vc_column width=&#8221;1\/2&#8243;][vc_single_image image=&#8221;21786&#8243;][\/vc_column][\/vc_row]<\/p>\n<\/div>","protected":false},"excerpt":{"rendered":"<p>Le ventilateur de plafond VIGO est un excellent moyen de climatiser vos pi\u00e8ces, tout en ajoutant une touche distinctive \u00e0 vos pi\u00e8ces. Ce mod\u00e8le int\u00e8gre un moteur \u00e0 courant continu contr\u00f4l\u00e9 par t\u00e9l\u00e9commande, avec piles incluses, et est programmable en 6 vitesses de rotation. Il est \u00e9galement dot\u00e9 d&#8217;une lumi\u00e8re r\u00e9glable et d&#8217;une r\u00e9gulation de la temp\u00e9rature des couleurs pour favoriser nos rythmes circadiens.<br \/>\n<strong>Ref. VIGOBL21<\/strong>[vc_row][vc_column offset=&#8221;vc_hidden-xs&#8221;][vc_empty_space height=&#8221;30px&#8221;][\/vc_column][\/vc_row][vc_row][vc_column][vc_row_inner][vc_column_inner][wyde_info_box icon_set=&#8221;simple_line&#8221; icon_simple_line=&#8221;sl-loop&#8221; icon_position=&#8221;left&#8221; title=&#8221;PI\u00c8CE JUSQU&#8217;\u00c0 25M2<sup>2<\/sup>&#8220;]Taille de la pi\u00e8ce recommand\u00e9e[\/wyde_info_box][vc_empty_space height=&#8221;15px&#8221;][\/vc_column_inner][\/vc_row_inner][vc_row_inner][vc_column_inner][wyde_info_box icon_set=&#8221;simple_line&#8221; icon_simple_line=&#8221;sl-volume-2&#8243; icon_position=&#8221;left&#8221; title=&#8221;MAX. 20DBS (BRUIT \u00c9MIS \u00c0 LA VITESSE 1)&#8221;]Ventilateur de plafond silencieux pour dormir[\/wyde_info_box][vc_empty_space height=&#8221;15px&#8221;][\/vc_column_inner][\/vc_row_inner][vc_row_inner][vc_column_inner][wyde_info_box icon_set=&#8221;simple_line&#8221; icon_simple_line=&#8221;sl-settings&#8221; icon_position=&#8221;left&#8221; title=&#8221;MOTEUR DC&#8221;]Haute efficacit\u00e9[\/wyde_info_box][vc_empty_space height=&#8221;15px&#8221;][\/vc_column_inner][\/vc_row_inner][\/vc_column][\/vc_row][vc_row][vc_column offset=&#8221;vc_hidden-xs&#8221;][vc_empty_space height=&#8221;60px&#8221;][\/vc_column][\/vc_row][vc_row][vc_column width=&#8221;1\/3&#8243;][wyde_link_button icon_set=&#8221;simple_line&#8221; icon_simple_line=&#8221;sl-settings&#8221; style=&#8221;round&#8221; title=&#8221;Instructions&#8221; link=&#8221;url:https%3A%2F%2Farteconfort.com%2Fwp-content%2Fuploads%2F2022%2F02%2Fim-VIGO.pdf||target:%20_blank|rel:nofollow&#8221; color=&#8221;#ffffff&#8221; bg_color=&#8221;#222222&#8243;][\/vc_column][\/vc_row]<\/p>\n","protected":false},"featured_media":34171,"template":"","meta":[],"product_brand":[],"product_cat":[406],"product_tag":[],"class_list":{"0":"post-21795","1":"product","2":"type-product","3":"status-publish","4":"has-post-thumbnail","6":"product_cat-descatalogados-fr","8":"first","9":"instock","10":"shipping-taxable","11":"product-type-external"},"yoast_head":"<!-- This site is optimized with the Yoast SEO plugin v26.5 - https:\/\/yoast.com\/wordpress\/plugins\/seo\/ -->\n<title>VIGO - Descatalogados - Arteconfort<\/title>\n<meta name=\"description\" content=\"Le ventilateur de plafond VIGO est un excellent moyen de climatiser vos pi\u00e8ces, tout en ajoutant une touche distinctive \u00e0 vos pi\u00e8ces. Ce mod\u00e8le int\u00e8gre un moteur \u00e0 courant continu contr\u00f4l\u00e9 par t\u00e9l\u00e9commande, avec piles incluses, et est programmable en 6 vitesses de rotation. Il est \u00e9galement dot\u00e9 d&#039;une lumi\u00e8re r\u00e9glable et d&#039;une r\u00e9gulation de la temp\u00e9rature des couleurs pour favoriser nos rythmes circadiens. Ref. VIGOBL21Taille de la pi\u00e8ce recommand\u00e9eVentilateur de plafond silencieux pour dormirHaute efficacit\u00e9\" \/>\n<meta name=\"robots\" content=\"index, follow, max-snippet:-1, max-image-preview:large, max-video-preview:-1\" \/>\n<link rel=\"canonical\" href=\"https:\/\/arteconfort.com\/fr\/producto\/vigo\/\" \/>\n<meta property=\"og:locale\" content=\"fr_FR\" \/>\n<meta property=\"og:type\" content=\"article\" \/>\n<meta property=\"og:title\" content=\"VIGO - Descatalogados - Arteconfort\" \/>\n<meta property=\"og:description\" content=\"Le ventilateur de plafond VIGO est un excellent moyen de climatiser vos pi\u00e8ces, tout en ajoutant une touche distinctive \u00e0 vos pi\u00e8ces. Ce mod\u00e8le int\u00e8gre un moteur \u00e0 courant continu contr\u00f4l\u00e9 par t\u00e9l\u00e9commande, avec piles incluses, et est programmable en 6 vitesses de rotation. Il est \u00e9galement dot\u00e9 d&#039;une lumi\u00e8re r\u00e9glable et d&#039;une r\u00e9gulation de la temp\u00e9rature des couleurs pour favoriser nos rythmes circadiens. Ref. VIGOBL21Taille de la pi\u00e8ce recommand\u00e9eVentilateur de plafond silencieux pour dormirHaute efficacit\u00e9\" \/>\n<meta property=\"og:url\" content=\"https:\/\/arteconfort.com\/fr\/producto\/vigo\/\" \/>\n<meta property=\"og:site_name\" content=\"Arteconfort\" \/>\n<meta property=\"article:modified_time\" content=\"2023-06-21T12:14:17+00:00\" \/>\n<meta property=\"og:image\" content=\"https:\/\/arteconfort.com\/wp-content\/uploads\/2023\/10\/VIGO-1.webp\" \/>\n\t<meta property=\"og:image:width\" content=\"1024\" \/>\n\t<meta property=\"og:image:height\" content=\"1024\" \/>\n\t<meta property=\"og:image:type\" content=\"image\/webp\" \/>\n<meta name=\"twitter:card\" content=\"summary_large_image\" \/>\n<meta name=\"twitter:label1\" content=\"Dur\u00e9e de lecture estim\u00e9e\" \/>\n\t<meta name=\"twitter:data1\" content=\"3 minutes\" \/>\n<!-- \/ Yoast SEO plugin. -->","yoast_head_json":{"title":"VIGO - Descatalogados - Arteconfort","description":"Le ventilateur de plafond VIGO est un excellent moyen de climatiser vos pi\u00e8ces, tout en ajoutant une touche distinctive \u00e0 vos pi\u00e8ces. Ce mod\u00e8le int\u00e8gre un moteur \u00e0 courant continu contr\u00f4l\u00e9 par t\u00e9l\u00e9commande, avec piles incluses, et est programmable en 6 vitesses de rotation. Il est \u00e9galement dot\u00e9 d'une lumi\u00e8re r\u00e9glable et d'une r\u00e9gulation de la temp\u00e9rature des couleurs pour favoriser nos rythmes circadiens. Ref. VIGOBL21Taille de la pi\u00e8ce recommand\u00e9eVentilateur de plafond silencieux pour dormirHaute efficacit\u00e9","robots":{"index":"index","follow":"follow","max-snippet":"max-snippet:-1","max-image-preview":"max-image-preview:large","max-video-preview":"max-video-preview:-1"},"canonical":"https:\/\/arteconfort.com\/fr\/producto\/vigo\/","og_locale":"fr_FR","og_type":"article","og_title":"VIGO - Descatalogados - Arteconfort","og_description":"Le ventilateur de plafond VIGO est un excellent moyen de climatiser vos pi\u00e8ces, tout en ajoutant une touche distinctive \u00e0 vos pi\u00e8ces. Ce mod\u00e8le int\u00e8gre un moteur \u00e0 courant continu contr\u00f4l\u00e9 par t\u00e9l\u00e9commande, avec piles incluses, et est programmable en 6 vitesses de rotation. Il est \u00e9galement dot\u00e9 d'une lumi\u00e8re r\u00e9glable et d'une r\u00e9gulation de la temp\u00e9rature des couleurs pour favoriser nos rythmes circadiens. Ref. VIGOBL21Taille de la pi\u00e8ce recommand\u00e9eVentilateur de plafond silencieux pour dormirHaute efficacit\u00e9","og_url":"https:\/\/arteconfort.com\/fr\/producto\/vigo\/","og_site_name":"Arteconfort","article_modified_time":"2023-06-21T12:14:17+00:00","og_image":[{"width":1024,"height":1024,"url":"https:\/\/arteconfort.com\/wp-content\/uploads\/2023\/10\/VIGO-1.webp","type":"image\/webp"}],"twitter_card":"summary_large_image","twitter_misc":{"Dur\u00e9e de lecture estim\u00e9e":"3 minutes"},"schema":{"@context":"https:\/\/schema.org","@graph":[{"@type":"WebPage","@id":"https:\/\/arteconfort.com\/fr\/producto\/vigo\/","url":"https:\/\/arteconfort.com\/fr\/producto\/vigo\/","name":"VIGO - Descatalogados - Arteconfort","isPartOf":{"@id":"https:\/\/arteconfort.com\/fr\/#website"},"primaryImageOfPage":{"@id":"https:\/\/arteconfort.com\/fr\/producto\/vigo\/#primaryimage"},"image":{"@id":"https:\/\/arteconfort.com\/fr\/producto\/vigo\/#primaryimage"},"thumbnailUrl":"https:\/\/arteconfort.com\/wp-content\/uploads\/2023\/10\/VIGO-1.webp","datePublished":"2022-03-28T08:06:13+00:00","dateModified":"2023-06-21T12:14:17+00:00","description":"Le ventilateur de plafond VIGO est un excellent moyen de climatiser vos pi\u00e8ces, tout en ajoutant une touche distinctive \u00e0 vos pi\u00e8ces. Ce mod\u00e8le int\u00e8gre un moteur \u00e0 courant continu contr\u00f4l\u00e9 par t\u00e9l\u00e9commande, avec piles incluses, et est programmable en 6 vitesses de rotation. Il est \u00e9galement dot\u00e9 d'une lumi\u00e8re r\u00e9glable et d'une r\u00e9gulation de la temp\u00e9rature des couleurs pour favoriser nos rythmes circadiens. Ref. VIGOBL21Taille de la pi\u00e8ce recommand\u00e9eVentilateur de plafond silencieux pour dormirHaute efficacit\u00e9","breadcrumb":{"@id":"https:\/\/arteconfort.com\/fr\/producto\/vigo\/#breadcrumb"},"inLanguage":"fr-FR","potentialAction":[{"@type":"ReadAction","target":["https:\/\/arteconfort.com\/fr\/producto\/vigo\/"]}]},{"@type":"ImageObject","inLanguage":"fr-FR","@id":"https:\/\/arteconfort.com\/fr\/producto\/vigo\/#primaryimage","url":"https:\/\/arteconfort.com\/wp-content\/uploads\/2023\/10\/VIGO-1.webp","contentUrl":"https:\/\/arteconfort.com\/wp-content\/uploads\/2023\/10\/VIGO-1.webp","width":1024,"height":1024},{"@type":"BreadcrumbList","@id":"https:\/\/arteconfort.com\/fr\/producto\/vigo\/#breadcrumb","itemListElement":[{"@type":"ListItem","position":1,"name":"Inicio","item":"https:\/\/arteconfort.com\/fr\/"},{"@type":"ListItem","position":2,"name":"Boutique","item":"https:\/\/arteconfort.com\/fr\/boutique\/"},{"@type":"ListItem","position":3,"name":"VIGO"}]},{"@type":"WebSite","@id":"https:\/\/arteconfort.com\/fr\/#website","url":"https:\/\/arteconfort.com\/fr\/","name":"Arteconfort","description":"Especialistas en productos del hogar","publisher":{"@id":"https:\/\/arteconfort.com\/fr\/#organization"},"potentialAction":[{"@type":"SearchAction","target":{"@type":"EntryPoint","urlTemplate":"https:\/\/arteconfort.com\/fr\/?s={search_term_string}"},"query-input":{"@type":"PropertyValueSpecification","valueRequired":true,"valueName":"search_term_string"}}],"inLanguage":"fr-FR"},{"@type":"Organization","@id":"https:\/\/arteconfort.com\/fr\/#organization","name":"Arteconfort","url":"https:\/\/arteconfort.com\/fr\/","logo":{"@type":"ImageObject","inLanguage":"fr-FR","@id":"https:\/\/arteconfort.com\/fr\/#\/schema\/logo\/image\/","url":"https:\/\/arteconfort.com\/wp-content\/uploads\/2019\/07\/logo-arteconfort.png","contentUrl":"https:\/\/arteconfort.com\/wp-content\/uploads\/2019\/07\/logo-arteconfort.png","width":230,"height":88,"caption":"Arteconfort"},"image":{"@id":"https:\/\/arteconfort.com\/fr\/#\/schema\/logo\/image\/"}}]}},"_links":{"self":[{"href":"https:\/\/arteconfort.com\/fr\/wp-json\/wp\/v2\/product\/21795","targetHints":{"allow":["GET"]}}],"collection":[{"href":"https:\/\/arteconfort.com\/fr\/wp-json\/wp\/v2\/product"}],"about":[{"href":"https:\/\/arteconfort.com\/fr\/wp-json\/wp\/v2\/types\/product"}],"wp:featuredmedia":[{"embeddable":true,"href":"https:\/\/arteconfort.com\/fr\/wp-json\/wp\/v2\/media\/34171"}],"wp:attachment":[{"href":"https:\/\/arteconfort.com\/fr\/wp-json\/wp\/v2\/media?parent=21795"}],"wp:term":[{"taxonomy":"product_brand","embeddable":true,"href":"https:\/\/arteconfort.com\/fr\/wp-json\/wp\/v2\/product_brand?post=21795"},{"taxonomy":"product_cat","embeddable":true,"href":"https:\/\/arteconfort.com\/fr\/wp-json\/wp\/v2\/product_cat?post=21795"},{"taxonomy":"product_tag","embeddable":true,"href":"https:\/\/arteconfort.com\/fr\/wp-json\/wp\/v2\/product_tag?post=21795"}],"curies":[{"name":"wp","href":"https:\/\/api.w.org\/{rel}","templated":true}]}}