{"id":24365,"date":"2022-10-10T15:44:37","date_gmt":"2022-10-10T13:44:37","guid":{"rendered":"https:\/\/arteconfort.com\/?post_type=product&#038;p=24365"},"modified":"2023-07-18T11:13:56","modified_gmt":"2023-07-18T09:13:56","slug":"denver","status":"publish","type":"product","link":"https:\/\/arteconfort.com\/fr\/producto\/denver\/","title":{"rendered":"Denver"},"content":{"rendered":"<div class=\"wpb-content-wrapper\"><p>[vc_row][vc_column][vc_empty_space height=&#8221;60px&#8221;][vc_row_inner][vc_column_inner width=&#8221;1\/3&#8243;][wyde_info_box icon_set=&#8221;simple_line&#8221; icon_simple_line=&#8221;sl-energy&#8221; icon_position=&#8221;left&#8221; title=&#8221;CARACTERISTIQUES PHYSIQUES ET ELECTRIQUES&#8221;][\/wyde_info_box][vc_empty_space height=&#8221;10px&#8221;][vc_column_text]Hauteur: <strong>44cm<\/strong><br \/>\nDiam\u00e8tre: <strong>112 cm<\/strong><br \/>\nPoids: <strong>&#8211;<\/strong><br \/>\nMat\u00e9riau du corps: <strong>M\u00e9tal<\/strong><br \/>\nMat\u00e9riau de la lame: <strong>ABS<\/strong><br \/>\nFinition du corps: <strong>Blanc brillant<\/strong><br \/>\nFinition des lames: <strong>Blanc brillant<\/strong><br \/>\nNombre de lames: <strong>3<\/strong><br \/>\nLames r\u00e9versibles: <strong>Non<\/strong><br \/>\nMoteur: <strong>DC<\/strong><br \/>\nVoltage: <strong>&#8211;<\/strong><br \/>\nPuissance de vitesse: <strong>3,8W-5,1W-7W-9,6W-14,5W-21,9W<\/strong><br \/>\nRPM des vitesses: <strong>91-108-123-140-162-186<\/strong><br \/>\nBruit \u00e9mis par les vitesses: <strong>&#8211;<\/strong><br \/>\nD\u00e9bit d&#8217;air des vitesses: <strong>&#8211;<\/strong><br \/>\nSurface maximale recommand\u00e9e:<strong> &lt;20m<sup>2<\/sup><\/strong><br \/>\nIP: <strong>20<\/strong><br \/>\nInclinaison maximale du plafond: <strong>20\u00ba<\/strong><br \/>\nDistance de s\u00e9curit\u00e9: <strong>2,3m<\/strong><br \/>\nIsolation \u00e9lectrique: <strong>Classe I<\/strong><br \/>\nAccessoires: <strong>Stabilisateur et poteau suppl\u00e9mentaire de 25 cm<\/strong><br \/>\nGarantie: <strong>3 ans<\/strong>[\/vc_column_text][\/vc_column_inner][vc_column_inner width=&#8221;1\/3&#8243;][wyde_info_box icon_set=&#8221;simple_line&#8221; icon_simple_line=&#8221;sl-mouse&#8221; icon_position=&#8221;left&#8221; title=&#8221;CONTR\u00d4LE ET FONCTIONS&#8221;][\/wyde_info_box][vc_empty_space height=&#8221;10px&#8221;][vc_column_text]Contr\u00f4le: <strong>Oui<\/strong><br \/>\nPiles: <strong>23A (non incluses)<\/strong><br \/>\nNombre de vitesses:<strong> 6<\/strong><br \/>\nProgrammation:<strong> 1h-2h-4h-8h<\/strong><br \/>\nMode brise: <strong>Non<\/strong><br \/>\nMode \u00e9t\u00e9\/hiver: <strong>Oui<\/strong><br \/>\nThermostat: <strong>Non<\/strong><br \/>\nM\u00e9moire de mise sous tension:<strong> &#8211;<\/strong><br \/>\nConnexion Wi-Fi: <strong>Non<\/strong><br \/>\nConnexion Bluetooth: <strong>Oui<\/strong>[\/vc_column_text][\/vc_column_inner][vc_column_inner width=&#8221;1\/3&#8243;][wyde_info_box icon_set=&#8221;stroke_gap&#8221; icon_stroke_gap=&#8221;sg-Bulb&#8221; icon_position=&#8221;left&#8221; title=&#8221;\u00c9CLAIRAGE&#8221;][\/wyde_info_box][vc_empty_space height=&#8221;10px&#8221;][vc_column_text]Flux lumineux: <strong>1.600lm<\/strong><br \/>\nPuissance des LED: <strong>18W<\/strong><br \/>\nTemp\u00e9rature de couleur: <strong>Oui<\/strong><br \/>\nChangement de temp\u00e9rature de couleur: <strong>3000K-4000K-6000K<\/strong><br \/>\nGradation: <strong>&#8211;<\/strong><br \/>\nAngle d&#8217;ouverture: <strong>120\u00ba<\/strong><br \/>\nDur\u00e9e de vie moyenne: <strong>&#8211;<\/strong><br \/>\nNombre d&#8217;allumages: <strong>&#8211;<\/strong><br \/>\nM\u00e9moire de temp\u00e9rature de couleur: <strong>Oui<\/strong><br \/>\nLabel d&#8217;efficacit\u00e9 \u00e9nerg\u00e9tique: <strong>&#8211;<\/strong>[\/vc_column_text][\/vc_column_inner][\/vc_row_inner][\/vc_column][\/vc_row]<\/p>\n<\/div>","protected":false},"excerpt":{"rendered":"<p>Ventilateur de plafond Denver avec \u00e9clairage LED int\u00e9gr\u00e9 et m\u00e9moire de temp\u00e9rature de couleur. Il a un corps en m\u00e9tal et 3 lames blanches brillantes, il est facile \u00e0 installer et convient aux plafonds inclin\u00e9s (jusqu&#8217;\u00e0 20\u00ba). Il est \u00e9quip\u00e9 d&#8217;un moteur \u00e0 courant continu (CC) tr\u00e8s efficace, d&#8217;une t\u00e9l\u00e9commande permettant de contr\u00f4ler et de modifier les modes de programmation (1h-2h-4h-8h), la temp\u00e9rature des couleurs (3000K-4000K-6000K), les vitesses (6) et le mode hiver-\u00e9t\u00e9. Ce mod\u00e8le \u00e9l\u00e9gant peut \u00eatre utilis\u00e9 dans des pi\u00e8ces de moins de 20m<sup>2<\/sup>.<br \/>\n<strong>Ref. CDENVE-022P3SMDDC002PYR1D<\/strong><\/p>\n<ul style=\"list-style-type: circle; padding-left: 80px;\">\n<li>Ventilateur pour les pi\u00e8ces de taille moyenne<\/li>\n<li>Grand d\u00e9bit d&#8217;air<\/li>\n<li>\u00c9clairage LED avec m\u00e9moire de temp\u00e9rature de couleur<\/li>\n<\/ul>\n<p>[vc_row][vc_column width=&#8221;1\/3&#8243;][wyde_link_button icon_set=&#8221;simple_line&#8221; icon_simple_line=&#8221;sl-settings&#8221; style=&#8221;round&#8221; title=&#8221;Instructions&#8221; link=&#8221;url:http%3A%2F%2Farteconfort.com%2Fwp-content%2Fuploads%2F2019%2F10%2FINSTRUCCIONES_2018_DENVER.pdf||target:%20_blank|rel:nofollow&#8221; color=&#8221;#ffffff&#8221; bg_color=&#8221;#222222&#8243;][\/vc_column][vc_column width=&#8221;1\/3&#8243;][wyde_link_button icon_set=&#8221;simple_line&#8221; icon_simple_line=&#8221;sl-social-youtube&#8221; style=&#8221;outline round&#8221; title=&#8221;Vid\u00e9o&#8221; link=&#8221;url:https%3A%2F%2Fwww.youtube.com%2Fwatch%3Fv%3DQjsRbCfcD-I||target:%20_blank|rel:nofollow&#8221; color=&#8221;#222222&#8243; hover_color=&#8221;#ffffff&#8221;][\/vc_column][\/vc_row]<\/p>\n","protected":false},"featured_media":37092,"template":"","meta":[],"product_brand":[],"product_cat":[406],"product_tag":[],"class_list":{"0":"post-24365","1":"product","2":"type-product","3":"status-publish","4":"has-post-thumbnail","6":"product_cat-descatalogados-fr","8":"first","9":"instock","10":"shipping-taxable","11":"product-type-simple"},"yoast_head":"<!-- This site is optimized with the Yoast SEO plugin v26.5 - https:\/\/yoast.com\/wordpress\/plugins\/seo\/ -->\n<title>Denver - Descatalogados - Arteconfort<\/title>\n<meta name=\"description\" content=\"Ventilateur de plafond Denver avec \u00e9clairage LED int\u00e9gr\u00e9 et m\u00e9moire de temp\u00e9rature de couleur. Il a un corps en m\u00e9tal et 3 lames blanches brillantes, il est facile \u00e0 installer et convient aux plafonds inclin\u00e9s (jusqu&#039;\u00e0 20\u00ba). Il est \u00e9quip\u00e9 d&#039;un moteur \u00e0 courant continu (CC) tr\u00e8s efficace, d&#039;une t\u00e9l\u00e9commande permettant de contr\u00f4ler et de modifier les modes de programmation (1h-2h-4h-8h), la temp\u00e9rature des couleurs (3000K-4000K-6000K), les vitesses (6) et le mode hiver-\u00e9t\u00e9. Ce mod\u00e8le \u00e9l\u00e9gant peut \u00eatre utilis\u00e9 dans des pi\u00e8ces de moins de 20m2. Ref. CDENVE-022P3SMDDC002PYR1D   Ventilateur pour les pi\u00e8ces de taille moyenne  Grand d\u00e9bit d&#039;air  \u00c9clairage LED avec m\u00e9moire de temp\u00e9rature de couleur\" \/>\n<meta name=\"robots\" content=\"index, follow, max-snippet:-1, max-image-preview:large, max-video-preview:-1\" \/>\n<link rel=\"canonical\" href=\"https:\/\/arteconfort.com\/fr\/producto\/denver\/\" \/>\n<meta property=\"og:locale\" content=\"fr_FR\" \/>\n<meta property=\"og:type\" content=\"article\" \/>\n<meta property=\"og:title\" content=\"Denver - Descatalogados - Arteconfort\" \/>\n<meta property=\"og:description\" content=\"Ventilateur de plafond Denver avec \u00e9clairage LED int\u00e9gr\u00e9 et m\u00e9moire de temp\u00e9rature de couleur. Il a un corps en m\u00e9tal et 3 lames blanches brillantes, il est facile \u00e0 installer et convient aux plafonds inclin\u00e9s (jusqu&#039;\u00e0 20\u00ba). Il est \u00e9quip\u00e9 d&#039;un moteur \u00e0 courant continu (CC) tr\u00e8s efficace, d&#039;une t\u00e9l\u00e9commande permettant de contr\u00f4ler et de modifier les modes de programmation (1h-2h-4h-8h), la temp\u00e9rature des couleurs (3000K-4000K-6000K), les vitesses (6) et le mode hiver-\u00e9t\u00e9. Ce mod\u00e8le \u00e9l\u00e9gant peut \u00eatre utilis\u00e9 dans des pi\u00e8ces de moins de 20m2. Ref. CDENVE-022P3SMDDC002PYR1D   Ventilateur pour les pi\u00e8ces de taille moyenne  Grand d\u00e9bit d&#039;air  \u00c9clairage LED avec m\u00e9moire de temp\u00e9rature de couleur\" \/>\n<meta property=\"og:url\" content=\"https:\/\/arteconfort.com\/fr\/producto\/denver\/\" \/>\n<meta property=\"og:site_name\" content=\"Arteconfort\" \/>\n<meta property=\"article:modified_time\" content=\"2023-07-18T09:13:56+00:00\" \/>\n<meta property=\"og:image\" content=\"https:\/\/arteconfort.com\/wp-content\/uploads\/2019\/08\/DENVER-1.webp\" \/>\n\t<meta property=\"og:image:width\" content=\"1024\" \/>\n\t<meta property=\"og:image:height\" content=\"1024\" \/>\n\t<meta property=\"og:image:type\" content=\"image\/webp\" \/>\n<meta name=\"twitter:card\" content=\"summary_large_image\" \/>\n<meta name=\"twitter:label1\" content=\"Dur\u00e9e de lecture estim\u00e9e\" \/>\n\t<meta name=\"twitter:data1\" content=\"2 minutes\" \/>\n<!-- \/ Yoast SEO plugin. -->","yoast_head_json":{"title":"Denver - Descatalogados - Arteconfort","description":"Ventilateur de plafond Denver avec \u00e9clairage LED int\u00e9gr\u00e9 et m\u00e9moire de temp\u00e9rature de couleur. Il a un corps en m\u00e9tal et 3 lames blanches brillantes, il est facile \u00e0 installer et convient aux plafonds inclin\u00e9s (jusqu'\u00e0 20\u00ba). Il est \u00e9quip\u00e9 d'un moteur \u00e0 courant continu (CC) tr\u00e8s efficace, d'une t\u00e9l\u00e9commande permettant de contr\u00f4ler et de modifier les modes de programmation (1h-2h-4h-8h), la temp\u00e9rature des couleurs (3000K-4000K-6000K), les vitesses (6) et le mode hiver-\u00e9t\u00e9. Ce mod\u00e8le \u00e9l\u00e9gant peut \u00eatre utilis\u00e9 dans des pi\u00e8ces de moins de 20m2. Ref. CDENVE-022P3SMDDC002PYR1D   Ventilateur pour les pi\u00e8ces de taille moyenne  Grand d\u00e9bit d'air  \u00c9clairage LED avec m\u00e9moire de temp\u00e9rature de couleur","robots":{"index":"index","follow":"follow","max-snippet":"max-snippet:-1","max-image-preview":"max-image-preview:large","max-video-preview":"max-video-preview:-1"},"canonical":"https:\/\/arteconfort.com\/fr\/producto\/denver\/","og_locale":"fr_FR","og_type":"article","og_title":"Denver - Descatalogados - Arteconfort","og_description":"Ventilateur de plafond Denver avec \u00e9clairage LED int\u00e9gr\u00e9 et m\u00e9moire de temp\u00e9rature de couleur. Il a un corps en m\u00e9tal et 3 lames blanches brillantes, il est facile \u00e0 installer et convient aux plafonds inclin\u00e9s (jusqu'\u00e0 20\u00ba). Il est \u00e9quip\u00e9 d'un moteur \u00e0 courant continu (CC) tr\u00e8s efficace, d'une t\u00e9l\u00e9commande permettant de contr\u00f4ler et de modifier les modes de programmation (1h-2h-4h-8h), la temp\u00e9rature des couleurs (3000K-4000K-6000K), les vitesses (6) et le mode hiver-\u00e9t\u00e9. Ce mod\u00e8le \u00e9l\u00e9gant peut \u00eatre utilis\u00e9 dans des pi\u00e8ces de moins de 20m2. Ref. CDENVE-022P3SMDDC002PYR1D   Ventilateur pour les pi\u00e8ces de taille moyenne  Grand d\u00e9bit d'air  \u00c9clairage LED avec m\u00e9moire de temp\u00e9rature de couleur","og_url":"https:\/\/arteconfort.com\/fr\/producto\/denver\/","og_site_name":"Arteconfort","article_modified_time":"2023-07-18T09:13:56+00:00","og_image":[{"width":1024,"height":1024,"url":"https:\/\/arteconfort.com\/wp-content\/uploads\/2019\/08\/DENVER-1.webp","type":"image\/webp"}],"twitter_card":"summary_large_image","twitter_misc":{"Dur\u00e9e de lecture estim\u00e9e":"2 minutes"},"schema":{"@context":"https:\/\/schema.org","@graph":[{"@type":"WebPage","@id":"https:\/\/arteconfort.com\/fr\/producto\/denver\/","url":"https:\/\/arteconfort.com\/fr\/producto\/denver\/","name":"Denver - Descatalogados - Arteconfort","isPartOf":{"@id":"https:\/\/arteconfort.com\/fr\/#website"},"primaryImageOfPage":{"@id":"https:\/\/arteconfort.com\/fr\/producto\/denver\/#primaryimage"},"image":{"@id":"https:\/\/arteconfort.com\/fr\/producto\/denver\/#primaryimage"},"thumbnailUrl":"https:\/\/arteconfort.com\/wp-content\/uploads\/2019\/08\/DENVER-1.webp","datePublished":"2022-10-10T13:44:37+00:00","dateModified":"2023-07-18T09:13:56+00:00","description":"Ventilateur de plafond Denver avec \u00e9clairage LED int\u00e9gr\u00e9 et m\u00e9moire de temp\u00e9rature de couleur. Il a un corps en m\u00e9tal et 3 lames blanches brillantes, il est facile \u00e0 installer et convient aux plafonds inclin\u00e9s (jusqu'\u00e0 20\u00ba). Il est \u00e9quip\u00e9 d'un moteur \u00e0 courant continu (CC) tr\u00e8s efficace, d'une t\u00e9l\u00e9commande permettant de contr\u00f4ler et de modifier les modes de programmation (1h-2h-4h-8h), la temp\u00e9rature des couleurs (3000K-4000K-6000K), les vitesses (6) et le mode hiver-\u00e9t\u00e9. Ce mod\u00e8le \u00e9l\u00e9gant peut \u00eatre utilis\u00e9 dans des pi\u00e8ces de moins de 20m2. Ref. CDENVE-022P3SMDDC002PYR1D Ventilateur pour les pi\u00e8ces de taille moyenne Grand d\u00e9bit d'air \u00c9clairage LED avec m\u00e9moire de temp\u00e9rature de couleur","breadcrumb":{"@id":"https:\/\/arteconfort.com\/fr\/producto\/denver\/#breadcrumb"},"inLanguage":"fr-FR","potentialAction":[{"@type":"ReadAction","target":["https:\/\/arteconfort.com\/fr\/producto\/denver\/"]}]},{"@type":"ImageObject","inLanguage":"fr-FR","@id":"https:\/\/arteconfort.com\/fr\/producto\/denver\/#primaryimage","url":"https:\/\/arteconfort.com\/wp-content\/uploads\/2019\/08\/DENVER-1.webp","contentUrl":"https:\/\/arteconfort.com\/wp-content\/uploads\/2019\/08\/DENVER-1.webp","width":1024,"height":1024},{"@type":"BreadcrumbList","@id":"https:\/\/arteconfort.com\/fr\/producto\/denver\/#breadcrumb","itemListElement":[{"@type":"ListItem","position":1,"name":"Inicio","item":"https:\/\/arteconfort.com\/fr\/"},{"@type":"ListItem","position":2,"name":"Boutique","item":"https:\/\/arteconfort.com\/fr\/boutique\/"},{"@type":"ListItem","position":3,"name":"Denver"}]},{"@type":"WebSite","@id":"https:\/\/arteconfort.com\/fr\/#website","url":"https:\/\/arteconfort.com\/fr\/","name":"Arteconfort","description":"Especialistas en productos del hogar","publisher":{"@id":"https:\/\/arteconfort.com\/fr\/#organization"},"potentialAction":[{"@type":"SearchAction","target":{"@type":"EntryPoint","urlTemplate":"https:\/\/arteconfort.com\/fr\/?s={search_term_string}"},"query-input":{"@type":"PropertyValueSpecification","valueRequired":true,"valueName":"search_term_string"}}],"inLanguage":"fr-FR"},{"@type":"Organization","@id":"https:\/\/arteconfort.com\/fr\/#organization","name":"Arteconfort","url":"https:\/\/arteconfort.com\/fr\/","logo":{"@type":"ImageObject","inLanguage":"fr-FR","@id":"https:\/\/arteconfort.com\/fr\/#\/schema\/logo\/image\/","url":"https:\/\/arteconfort.com\/wp-content\/uploads\/2019\/07\/logo-arteconfort.png","contentUrl":"https:\/\/arteconfort.com\/wp-content\/uploads\/2019\/07\/logo-arteconfort.png","width":230,"height":88,"caption":"Arteconfort"},"image":{"@id":"https:\/\/arteconfort.com\/fr\/#\/schema\/logo\/image\/"}}]}},"_links":{"self":[{"href":"https:\/\/arteconfort.com\/fr\/wp-json\/wp\/v2\/product\/24365","targetHints":{"allow":["GET"]}}],"collection":[{"href":"https:\/\/arteconfort.com\/fr\/wp-json\/wp\/v2\/product"}],"about":[{"href":"https:\/\/arteconfort.com\/fr\/wp-json\/wp\/v2\/types\/product"}],"wp:featuredmedia":[{"embeddable":true,"href":"https:\/\/arteconfort.com\/fr\/wp-json\/wp\/v2\/media\/37092"}],"wp:attachment":[{"href":"https:\/\/arteconfort.com\/fr\/wp-json\/wp\/v2\/media?parent=24365"}],"wp:term":[{"taxonomy":"product_brand","embeddable":true,"href":"https:\/\/arteconfort.com\/fr\/wp-json\/wp\/v2\/product_brand?post=24365"},{"taxonomy":"product_cat","embeddable":true,"href":"https:\/\/arteconfort.com\/fr\/wp-json\/wp\/v2\/product_cat?post=24365"},{"taxonomy":"product_tag","embeddable":true,"href":"https:\/\/arteconfort.com\/fr\/wp-json\/wp\/v2\/product_tag?post=24365"}],"curies":[{"name":"wp","href":"https:\/\/api.w.org\/{rel}","templated":true}]}}