{"id":25152,"date":"2023-02-28T10:11:34","date_gmt":"2023-02-28T09:11:34","guid":{"rendered":"https:\/\/arteconfort.com\/producto\/non%20class\u00e9\/katia\/"},"modified":"2023-06-16T08:02:35","modified_gmt":"2023-06-16T06:02:35","slug":"katia","status":"publish","type":"product","link":"https:\/\/arteconfort.com\/fr\/producto\/katia\/","title":{"rendered":"KATIA"},"content":{"rendered":"<div class=\"wpb-content-wrapper\"><p>[vc_row][vc_column][vc_empty_space height=&#8221;60px&#8221;][vc_row_inner][vc_column_inner width=&#8221;1\/3&#8243;][wyde_info_box icon_set=&#8221;simple_line&#8221; icon_simple_line=&#8221;sl-energy&#8221; icon_position=&#8221;left&#8221; title=&#8221;CARACT\u00c9RISTIQUES PHYSIQUES ET \u00c9LECTRIQUES&#8221;][\/wyde_info_box][vc_empty_space height=&#8221;10px&#8221;][vc_column_text]Dimensions du panneau: <strong>16,5cm x 11cm<\/strong><br \/>\nLongueur de la guirlande: <b>10m+2m de cable<\/b><br \/>\nMat\u00e9riau du corps: <strong>ABS\u00a0<\/strong><br \/>\nFinition du corps: <strong>Noir<\/strong><br \/>\nIP: <strong>65<\/strong><br \/>\nCircuit prot\u00e9g\u00e9: <strong>Oui <\/strong><br \/>\nPas de bouchons: <strong>Oui<\/strong><br \/>\nSans fil: <strong>Non<\/strong><br \/>\nIsolation \u00e9lectrique: <strong>Clase III<\/strong><br \/>\nContr\u00f4le: <strong>&#8211;<\/strong><br \/>\nPiles: <strong>&#8211;<\/strong><br \/>\nType d&#8217;\u00e9clairage: <strong>D\u00e9coratif<\/strong><br \/>\nSensor: <strong>&#8211;<\/strong><br \/>\nDistance de d\u00e9tection: <strong>&#8211;<\/strong><br \/>\nTemps de courtoisie: <strong>&#8211;<\/strong><br \/>\nProduit ajustable: <strong>&#8211;<\/strong><br \/>\nAccessoires: <strong>Brochette<\/strong><br \/>\nGarantie: <strong>3 ann\u00e9es <\/strong>[\/vc_column_text][\/vc_column_inner][vc_column_inner width=&#8221;1\/3&#8243;][wyde_info_box icon_set=&#8221;simple_line&#8221; icon_simple_line=&#8221;sl-mouse&#8221; icon_position=&#8221;left&#8221; title=&#8221;PANNEAU SOLAIRE ET BATTERIE&#8221;][\/wyde_info_box][vc_empty_space height=&#8221;10px&#8221;][vc_column_text]<br \/>\nType de panneau solaire: <strong>Polycristallin<\/strong><br \/>\nType d&#8217;encapsulation: <strong>PET<\/strong><br \/>\nTemps de charge de la batterie: <strong>8h<\/strong><br \/>\nType de batterie: <strong>Li-ion 18650<\/strong><br \/>\nTension de charge: <strong>3,7V<\/strong><br \/>\nCapacit\u00e9: <strong>2.200mAh<\/strong><br \/>\nAutonomie maximale: <strong>12h<\/strong><br \/>\n[\/vc_column_text][\/vc_column_inner][vc_column_inner width=&#8221;1\/3&#8243;][wyde_info_box icon_set=&#8221;stroke_gap&#8221; icon_stroke_gap=&#8221;sg-Bulb&#8221; icon_position=&#8221;left&#8221; title=&#8221;\u00c9CLAIRAGE&#8221;][\/wyde_info_box][vc_empty_space height=&#8221;10px&#8221;][vc_column_text]<br \/>\nFlux lumineux: <strong>&#8211;<\/strong><br \/>\nPuissance de la LED: <strong>&#8211;<\/strong><br \/>\nTemp\u00e9rature de couleur: <strong>2.700K<\/strong><br \/>\nLED OSRAM: <strong>Non<\/strong><br \/>\nAngle d&#8217;ouverture: <strong>270\u00ba<\/strong><br \/>\nDur\u00e9e de vie: <strong>&#8211;<\/strong><br \/>\nNombre d&#8217;allumages: <strong>&#8211;<\/strong><br \/>\nModes de fonctionnement: <strong>4 modes<\/strong><br \/>\n*Autonomie avec une charge de batterie de 100%<br \/>\n[\/vc_column_text][\/vc_column_inner][\/vc_row_inner][vc_empty_space height=&#8221;60px&#8221;][\/vc_column][\/vc_row][vc_row vertical_align=&#8221;middle&#8221; padding_size=&#8221;no-padding&#8221; background_mode=&#8221;color&#8221; background_color=&#8221;#f5f5f5&#8243;][vc_column text_align=&#8221;center&#8221; offset=&#8221;vc_hidden-md vc_hidden-sm vc_hidden-xs&#8221;][vc_row_inner vertical_align=&#8221;middle&#8221; padding_size=&#8221;no-padding&#8221;][vc_column_inner text_align=&#8221;center&#8221; width=&#8221;1\/3&#8243;][vc_single_image alignment=&#8221;center&#8221; image=&#8221;24197&#8243;][\/vc_column_inner][vc_column_inner width=&#8221;1\/3&#8243;][vc_column_text]Trouvez cette applique en vente exclusivement chez <strong>BAUHAUS<\/strong>[\/vc_column_text][\/vc_column_inner][vc_column_inner width=&#8221;1\/3&#8243;][wyde_link_button icon_set=&#8221;simple_line&#8221; icon_simple_line=&#8221;sl-login&#8221; style=&#8221;outline round&#8221; title=&#8221;Acc\u00e8s Bauhaus&#8221; link=&#8221;url:https%3A%2F%2Fwww.bauhaus.es%2Fguirnaldas-luminosas%2Fguirnalda-luminosa-solar-katia%2Fp%2F30458387||target:%20_blank|rel:nofollow&#8221; color=&#8221;#61b4e4&#8243; hover_color=&#8221;#ffffff&#8221;][\/vc_column_inner][\/vc_row_inner][\/vc_column][\/vc_row][vc_row vertical_align=&#8221;middle&#8221; padding_size=&#8221;no-padding&#8221; background_mode=&#8221;color&#8221; background_color=&#8221;#f5f5f5&#8243;][vc_column text_align=&#8221;center&#8221; padding_size=&#8221;no-padding&#8221; offset=&#8221;vc_hidden-lg&#8221;][vc_row_inner vertical_align=&#8221;middle&#8221; padding_size=&#8221;no-padding&#8221; css=&#8221;.vc_custom_1664367242377{padding-top: 30px !important;padding-right: 60px !important;padding-bottom: 30px !important;padding-left: 60px !important;}&#8221;][vc_column_inner padding_size=&#8221;no-padding&#8221; width=&#8221;1\/2&#8243;][vc_single_image alignment=&#8221;center&#8221; image=&#8221;24197&#8243;][\/vc_column_inner][vc_column_inner text_align=&#8221;center&#8221; width=&#8221;1\/2&#8243;][vc_column_text]Trouvez cette applique en vente exclusivement chez <strong>BAUHAUS<\/strong>[\/vc_column_text][vc_empty_space height=&#8221;10px&#8221;][wyde_link_button icon_set=&#8221;simple_line&#8221; icon_simple_line=&#8221;sl-login&#8221; style=&#8221;outline round&#8221; title=&#8221;Acc\u00e8s Bauhaus&#8221; link=&#8221;url:https%3A%2F%2Fwww.bauhaus.es%2Fguirnaldas-luminosas%2Fguirnalda-luminosa-solar-katia%2Fp%2F30458387||target:%20_blank|rel:nofollow&#8221; color=&#8221;#61b4e4&#8243; hover_color=&#8221;#ffffff&#8221;][\/vc_column_inner][\/vc_row_inner][\/vc_column][\/vc_row]<\/p>\n<\/div>","protected":false},"excerpt":{"rendered":"<p>La guirlande solaire KATIA se caract\u00e9rise par un design moderne, en forme d&#8217;ampoule, ainsi que par une lumi\u00e8re indirecte et poss\u00e8de une grande capacit\u00e9 de charge et de stockage. Ce mod\u00e8le dispose de 4 modes d&#8217;\u00e9clairage, ce qui en fait un excellent choix pour d\u00e9corer tout environnement avec un \u00e9clairage d&#8217;ambiance.<br \/>\n<strong>Ref: KATIANG31<\/strong><\/p>\n<ul style=\"list-style-type: circle; padding-left: 80px;\">\n<li>Guirlande solaire d\u00e9corative<\/li>\n<li>4 modes de fonctionnement<\/li>\n<\/ul>\n<p>[vc_row vertical_align=&#8221;middle&#8221; padding_size=&#8221;no-padding&#8221; background_mode=&#8221;color&#8221; background_color=&#8221;#f5f5f5&#8243;][vc_column text_align=&#8221;center&#8221; offset=&#8221;vc_hidden-md vc_hidden-sm vc_hidden-xs&#8221;][vc_row_inner vertical_align=&#8221;middle&#8221; padding_size=&#8221;no-padding&#8221; css=&#8221;.vc_custom_1664435191461{padding-top: 30px !important;padding-right: 60px !important;padding-bottom: 30px !important;padding-left: 60px !important;}&#8221;][vc_column_inner width=&#8221;1\/2&#8243;][vc_single_image image=&#8221;24200&#8243;][\/vc_column_inner][vc_column_inner width=&#8221;1\/2&#8243;][vc_column_text]Trouvez cette applique en vente exclusivement chez <strong>BAUHAUS<\/strong>[\/vc_column_text][vc_empty_space height=&#8221;10px&#8221;][wyde_link_button icon_set=&#8221;simple_line&#8221; icon_simple_line=&#8221;sl-login&#8221; style=&#8221;outline round&#8221; title=&#8221;Obtenez votre KATIA&#8221; link=&#8221;url:https%3A%2F%2Fwww.bauhaus.es%2Fguirnaldas-luminosas%2Fguirnalda-luminosa-solar-katia%2Fp%2F30458387||target:%20_blank|rel:nofollow&#8221; color=&#8221;#61b4e4&#8243; hover_color=&#8221;#ffffff&#8221;][\/vc_column_inner][\/vc_row_inner][\/vc_column][\/vc_row][vc_row vertical_align=&#8221;middle&#8221; padding_size=&#8221;no-padding&#8221; background_mode=&#8221;color&#8221; background_color=&#8221;#f5f5f5&#8243;][vc_column text_align=&#8221;center&#8221; padding_size=&#8221;no-padding&#8221; offset=&#8221;vc_hidden-lg&#8221;][vc_row_inner vertical_align=&#8221;middle&#8221; padding_size=&#8221;no-padding&#8221; css=&#8221;.vc_custom_1664367242377{padding-top: 30px !important;padding-right: 60px !important;padding-bottom: 30px !important;padding-left: 60px !important;}&#8221;][vc_column_inner padding_size=&#8221;no-padding&#8221; width=&#8221;1\/2&#8243;][vc_single_image alignment=&#8221;center&#8221; image=&#8221;24200&#8243;][\/vc_column_inner][vc_column_inner text_align=&#8221;center&#8221; width=&#8221;1\/2&#8243;][vc_column_text]Trouvez cette applique en vente exclusivement chez <strong>BAUHAUS<\/strong>[\/vc_column_text][vc_empty_space height=&#8221;10px&#8221;][wyde_link_button icon_set=&#8221;simple_line&#8221; icon_simple_line=&#8221;sl-login&#8221; style=&#8221;outline round&#8221; title=&#8221;Obtenez votre KATIA&#8221; link=&#8221;url:https%3A%2F%2Fwww.bauhaus.es%2Fguirnaldas-luminosas%2Fguirnalda-luminosa-solar-katia%2Fp%2F30458387||target:%20_blank|rel:nofollow&#8221; color=&#8221;#61b4e4&#8243; hover_color=&#8221;#ffffff&#8221;][\/vc_column_inner][\/vc_row_inner][\/vc_column][\/vc_row][vc_row][vc_column offset=&#8221;vc_hidden-xs&#8221;][vc_empty_space height=&#8221;60px&#8221;][\/vc_column][\/vc_row][vc_row][vc_column width=&#8221;1\/3&#8243;][wyde_link_button icon_set=&#8221;simple_line&#8221; icon_simple_line=&#8221;sl-settings&#8221; style=&#8221;round&#8221; title=&#8221;Instructions&#8221; link=&#8221;url:https%3A%2F%2Farteconfort.com%2Fwp-content%2Fuploads%2F2023%2F02%2Fim-KATIA.pdf||target:%20_blank|rel:nofollow&#8221; color=&#8221;#ffffff&#8221; bg_color=&#8221;#222222&#8243;][\/vc_column][\/vc_row]<\/p>\n","protected":false},"featured_media":32531,"template":"","meta":[],"product_brand":[],"product_cat":[406],"product_tag":[],"class_list":{"0":"post-25152","1":"product","2":"type-product","3":"status-publish","4":"has-post-thumbnail","6":"product_cat-descatalogados-fr","8":"first","9":"instock","10":"shipping-taxable","11":"product-type-simple"},"yoast_head":"<!-- This site is optimized with the Yoast SEO plugin v26.5 - https:\/\/yoast.com\/wordpress\/plugins\/seo\/ -->\n<title>KATIA - Descatalogados - Arteconfort<\/title>\n<meta name=\"description\" content=\"La guirlande solaire KATIA se caract\u00e9rise par un design moderne, en forme d&#039;ampoule, ainsi que par une lumi\u00e8re indirecte et poss\u00e8de une grande capacit\u00e9 de charge et de stockage. Ce mod\u00e8le dispose de 4 modes d&#039;\u00e9clairage, ce qui en fait un excellent choix pour d\u00e9corer tout environnement avec un \u00e9clairage d&#039;ambiance. Ref: KATIANG31   Guirlande solaire d\u00e9corative  4 modes de fonctionnement  Trouvez cette applique en vente exclusivement chez BAUHAUSTrouvez cette applique en vente exclusivement chez BAUHAUS\" \/>\n<meta name=\"robots\" content=\"index, follow, max-snippet:-1, max-image-preview:large, max-video-preview:-1\" \/>\n<link rel=\"canonical\" href=\"https:\/\/arteconfort.com\/fr\/producto\/katia\/\" \/>\n<meta property=\"og:locale\" content=\"fr_FR\" \/>\n<meta property=\"og:type\" content=\"article\" \/>\n<meta property=\"og:title\" content=\"KATIA - Descatalogados - Arteconfort\" \/>\n<meta property=\"og:description\" content=\"La guirlande solaire KATIA se caract\u00e9rise par un design moderne, en forme d&#039;ampoule, ainsi que par une lumi\u00e8re indirecte et poss\u00e8de une grande capacit\u00e9 de charge et de stockage. Ce mod\u00e8le dispose de 4 modes d&#039;\u00e9clairage, ce qui en fait un excellent choix pour d\u00e9corer tout environnement avec un \u00e9clairage d&#039;ambiance. Ref: KATIANG31   Guirlande solaire d\u00e9corative  4 modes de fonctionnement  Trouvez cette applique en vente exclusivement chez BAUHAUSTrouvez cette applique en vente exclusivement chez BAUHAUS\" \/>\n<meta property=\"og:url\" content=\"https:\/\/arteconfort.com\/fr\/producto\/katia\/\" \/>\n<meta property=\"og:site_name\" content=\"Arteconfort\" \/>\n<meta property=\"article:modified_time\" content=\"2023-06-16T06:02:35+00:00\" \/>\n<meta property=\"og:image\" content=\"https:\/\/arteconfort.com\/wp-content\/uploads\/2023\/10\/KATIA-ambiente.webp\" \/>\n\t<meta property=\"og:image:width\" content=\"1024\" \/>\n\t<meta property=\"og:image:height\" content=\"1024\" \/>\n\t<meta property=\"og:image:type\" content=\"image\/webp\" \/>\n<meta name=\"twitter:card\" content=\"summary_large_image\" \/>\n<meta name=\"twitter:label1\" content=\"Dur\u00e9e de lecture estim\u00e9e\" \/>\n\t<meta name=\"twitter:data1\" content=\"3 minutes\" \/>\n<!-- \/ Yoast SEO plugin. -->","yoast_head_json":{"title":"KATIA - Descatalogados - Arteconfort","description":"La guirlande solaire KATIA se caract\u00e9rise par un design moderne, en forme d'ampoule, ainsi que par une lumi\u00e8re indirecte et poss\u00e8de une grande capacit\u00e9 de charge et de stockage. Ce mod\u00e8le dispose de 4 modes d'\u00e9clairage, ce qui en fait un excellent choix pour d\u00e9corer tout environnement avec un \u00e9clairage d'ambiance. Ref: KATIANG31   Guirlande solaire d\u00e9corative  4 modes de fonctionnement  Trouvez cette applique en vente exclusivement chez BAUHAUSTrouvez cette applique en vente exclusivement chez BAUHAUS","robots":{"index":"index","follow":"follow","max-snippet":"max-snippet:-1","max-image-preview":"max-image-preview:large","max-video-preview":"max-video-preview:-1"},"canonical":"https:\/\/arteconfort.com\/fr\/producto\/katia\/","og_locale":"fr_FR","og_type":"article","og_title":"KATIA - Descatalogados - Arteconfort","og_description":"La guirlande solaire KATIA se caract\u00e9rise par un design moderne, en forme d'ampoule, ainsi que par une lumi\u00e8re indirecte et poss\u00e8de une grande capacit\u00e9 de charge et de stockage. Ce mod\u00e8le dispose de 4 modes d'\u00e9clairage, ce qui en fait un excellent choix pour d\u00e9corer tout environnement avec un \u00e9clairage d'ambiance. Ref: KATIANG31   Guirlande solaire d\u00e9corative  4 modes de fonctionnement  Trouvez cette applique en vente exclusivement chez BAUHAUSTrouvez cette applique en vente exclusivement chez BAUHAUS","og_url":"https:\/\/arteconfort.com\/fr\/producto\/katia\/","og_site_name":"Arteconfort","article_modified_time":"2023-06-16T06:02:35+00:00","og_image":[{"width":1024,"height":1024,"url":"https:\/\/arteconfort.com\/wp-content\/uploads\/2023\/10\/KATIA-ambiente.webp","type":"image\/webp"}],"twitter_card":"summary_large_image","twitter_misc":{"Dur\u00e9e de lecture estim\u00e9e":"3 minutes"},"schema":{"@context":"https:\/\/schema.org","@graph":[{"@type":"WebPage","@id":"https:\/\/arteconfort.com\/fr\/producto\/katia\/","url":"https:\/\/arteconfort.com\/fr\/producto\/katia\/","name":"KATIA - Descatalogados - Arteconfort","isPartOf":{"@id":"https:\/\/arteconfort.com\/fr\/#website"},"primaryImageOfPage":{"@id":"https:\/\/arteconfort.com\/fr\/producto\/katia\/#primaryimage"},"image":{"@id":"https:\/\/arteconfort.com\/fr\/producto\/katia\/#primaryimage"},"thumbnailUrl":"https:\/\/arteconfort.com\/wp-content\/uploads\/2023\/10\/KATIA-ambiente.webp","datePublished":"2023-02-28T09:11:34+00:00","dateModified":"2023-06-16T06:02:35+00:00","description":"La guirlande solaire KATIA se caract\u00e9rise par un design moderne, en forme d'ampoule, ainsi que par une lumi\u00e8re indirecte et poss\u00e8de une grande capacit\u00e9 de charge et de stockage. Ce mod\u00e8le dispose de 4 modes d'\u00e9clairage, ce qui en fait un excellent choix pour d\u00e9corer tout environnement avec un \u00e9clairage d'ambiance. Ref: KATIANG31 Guirlande solaire d\u00e9corative 4 modes de fonctionnement Trouvez cette applique en vente exclusivement chez BAUHAUSTrouvez cette applique en vente exclusivement chez BAUHAUS","breadcrumb":{"@id":"https:\/\/arteconfort.com\/fr\/producto\/katia\/#breadcrumb"},"inLanguage":"fr-FR","potentialAction":[{"@type":"ReadAction","target":["https:\/\/arteconfort.com\/fr\/producto\/katia\/"]}]},{"@type":"ImageObject","inLanguage":"fr-FR","@id":"https:\/\/arteconfort.com\/fr\/producto\/katia\/#primaryimage","url":"https:\/\/arteconfort.com\/wp-content\/uploads\/2023\/10\/KATIA-ambiente.webp","contentUrl":"https:\/\/arteconfort.com\/wp-content\/uploads\/2023\/10\/KATIA-ambiente.webp","width":1024,"height":1024,"caption":"Guirnalda solar KATIA"},{"@type":"BreadcrumbList","@id":"https:\/\/arteconfort.com\/fr\/producto\/katia\/#breadcrumb","itemListElement":[{"@type":"ListItem","position":1,"name":"Inicio","item":"https:\/\/arteconfort.com\/fr\/"},{"@type":"ListItem","position":2,"name":"Boutique","item":"https:\/\/arteconfort.com\/fr\/boutique\/"},{"@type":"ListItem","position":3,"name":"KATIA"}]},{"@type":"WebSite","@id":"https:\/\/arteconfort.com\/fr\/#website","url":"https:\/\/arteconfort.com\/fr\/","name":"Arteconfort","description":"Especialistas en productos del hogar","publisher":{"@id":"https:\/\/arteconfort.com\/fr\/#organization"},"potentialAction":[{"@type":"SearchAction","target":{"@type":"EntryPoint","urlTemplate":"https:\/\/arteconfort.com\/fr\/?s={search_term_string}"},"query-input":{"@type":"PropertyValueSpecification","valueRequired":true,"valueName":"search_term_string"}}],"inLanguage":"fr-FR"},{"@type":"Organization","@id":"https:\/\/arteconfort.com\/fr\/#organization","name":"Arteconfort","url":"https:\/\/arteconfort.com\/fr\/","logo":{"@type":"ImageObject","inLanguage":"fr-FR","@id":"https:\/\/arteconfort.com\/fr\/#\/schema\/logo\/image\/","url":"https:\/\/arteconfort.com\/wp-content\/uploads\/2019\/07\/logo-arteconfort.png","contentUrl":"https:\/\/arteconfort.com\/wp-content\/uploads\/2019\/07\/logo-arteconfort.png","width":230,"height":88,"caption":"Arteconfort"},"image":{"@id":"https:\/\/arteconfort.com\/fr\/#\/schema\/logo\/image\/"}}]}},"_links":{"self":[{"href":"https:\/\/arteconfort.com\/fr\/wp-json\/wp\/v2\/product\/25152","targetHints":{"allow":["GET"]}}],"collection":[{"href":"https:\/\/arteconfort.com\/fr\/wp-json\/wp\/v2\/product"}],"about":[{"href":"https:\/\/arteconfort.com\/fr\/wp-json\/wp\/v2\/types\/product"}],"wp:featuredmedia":[{"embeddable":true,"href":"https:\/\/arteconfort.com\/fr\/wp-json\/wp\/v2\/media\/32531"}],"wp:attachment":[{"href":"https:\/\/arteconfort.com\/fr\/wp-json\/wp\/v2\/media?parent=25152"}],"wp:term":[{"taxonomy":"product_brand","embeddable":true,"href":"https:\/\/arteconfort.com\/fr\/wp-json\/wp\/v2\/product_brand?post=25152"},{"taxonomy":"product_cat","embeddable":true,"href":"https:\/\/arteconfort.com\/fr\/wp-json\/wp\/v2\/product_cat?post=25152"},{"taxonomy":"product_tag","embeddable":true,"href":"https:\/\/arteconfort.com\/fr\/wp-json\/wp\/v2\/product_tag?post=25152"}],"curies":[{"name":"wp","href":"https:\/\/api.w.org\/{rel}","templated":true}]}}