{"id":25267,"date":"2023-02-08T09:36:45","date_gmt":"2023-02-08T08:36:45","guid":{"rendered":"https:\/\/arteconfort.com\/producto\/non%20class\u00e9\/elisa\/"},"modified":"2023-10-18T12:50:45","modified_gmt":"2023-10-18T10:50:45","slug":"elisa","status":"publish","type":"product","link":"https:\/\/arteconfort.com\/fr\/producto\/elisa\/","title":{"rendered":"ELISA"},"content":{"rendered":"<div class=\"wpb-content-wrapper\"><p>[vc_row][vc_column][vc_empty_space height=&#8221;60px&#8221;][vc_row_inner][vc_column_inner width=&#8221;1\/3&#8243;][wyde_info_box icon_set=&#8221;simple_line&#8221; icon_simple_line=&#8221;sl-energy&#8221; icon_position=&#8221;left&#8221; title=&#8221;ARACT\u00c9RISTIQUES PHYSIQUES ET \u00c9LECTRIQUES&#8221;][\/wyde_info_box][vc_empty_space height=&#8221;10px&#8221;][vc_column_text]Haut: <strong>13,5cm<\/strong><br \/>\nDiam\u00e8tre: <strong>27<\/strong><strong>cm<\/strong><br \/>\nPoids: <strong>&#8211;<\/strong>\u00a0<strong>kg<\/strong><br \/>\nMat\u00e9riau du corps: <strong>PC et ABS\u00a0<\/strong><br \/>\nMat\u00e9riau de la lame: <strong>ABS<\/strong><br \/>\nFinition du corps: <strong>Noir et blanc<\/strong><br \/>\nFinition de la lame: <strong>Blanc<\/strong><br \/>\nNombre de lames: <strong>3<\/strong><br \/>\nLames r\u00e9versibles: <strong>No<\/strong><br \/>\nMotor: <strong>DC<\/strong><br \/>\nTension: <strong>10Vdc<\/strong><br \/>\nPiles: <strong>1x LI-ON 3,7V 8.000mAh 18650<\/strong><br \/>\nTemps de charge: <strong>1,5h<\/strong><br \/>\nAutonomie maximale du ventilateur: <strong>13h<\/strong><br \/>\nPuissance de vitesse: <strong>2W-3W-4W-5W<\/strong><br \/>\nRPM de vitesses: <strong>1800-2100-2500-3000<\/strong><br \/>\nBruit \u00e9mis par les vitesses: <strong>45dBs-50dBs-55dBs-58dBs<\/strong><br \/>\nVitesses d&#8217;\u00e9coulement de l&#8217;air: <strong>6m<sup>3<\/sup>\/h- 9m<sup>3<\/sup>\/h- 10,2m<sup>3<\/sup>\/h- 10,8m<sup>3<\/sup>\/h<\/strong><br \/>\nAutonomie de vitesse: <strong>13h-9h-7h-5,5h<\/strong><br \/>\nSurface maximale recommand\u00e9e: <strong>&lt;13m<sup>2<\/sup><\/strong><br \/>\nIP: <strong>20<\/strong><br \/>\nPente maximale du toit: <strong>&#8211;<\/strong><br \/>\nDistance de s\u00e9curit\u00e9: <strong>&#8211;<\/strong><br \/>\nIsolation \u00e9lectrique: <strong>Classe III<\/strong><br \/>\nAccesorios: <strong>Cable USB tipo C (1m)<\/strong><br \/>\nAccessoires: <strong>3 ann\u00e9es<\/strong>[\/vc_column_text][\/vc_column_inner][vc_column_inner width=&#8221;1\/3&#8243;][wyde_info_box icon_set=&#8221;simple_line&#8221; icon_simple_line=&#8221;sl-mouse&#8221; icon_position=&#8221;left&#8221; title=&#8221;CONTR\u00d4LE ET FONCTIONS&#8221;][\/wyde_info_box][vc_empty_space height=&#8221;10px&#8221;][vc_column_text]Commande: <strong>Oui<\/strong><br \/>\nPiles: <strong>1xCR2025 (Inclus)<\/strong><br \/>\nNombre de vitesses: <strong>4<\/strong><br \/>\nProgrammation: <strong>Jusqu&#8217;\u00e0 8h<\/strong><br \/>\nMode brise: <strong>Non<\/strong><br \/>\nMode \u00e9t\u00e9\/hiver: <strong>Non<\/strong><br \/>\nThermostat: <strong>Non<\/strong><br \/>\nM\u00e9moire d&#8217;allumage: <strong>Oui<\/strong><br \/>\nAPP: <strong>Non<\/strong><br \/>\nConnexion Wi-Fi: <strong>Non<\/strong><br \/>\nConnexion Bluetooth: <strong>Non<\/strong>[\/vc_column_text][\/vc_column_inner][vc_column_inner width=&#8221;1\/3&#8243;][wyde_info_box icon_set=&#8221;stroke_gap&#8221; icon_stroke_gap=&#8221;sg-Bulb&#8221; icon_position=&#8221;left&#8221; title=&#8221;\u00c9CLAIRAGE&#8221;][\/wyde_info_box][vc_empty_space height=&#8221;10px&#8221;][vc_column_text]Eyeprotect: <strong>&#8211;<\/strong><br \/>\nFlux lumineux: <strong>250lm<\/strong><br \/>\nPuissance de la LED: <strong>2W<\/strong><br \/>\nAutonomie des LED: <strong>240h-90h-60h-32h-23h-16h-14h<\/strong><br \/>\nTemp\u00e9rature de couleur: <strong>Oui<\/strong><br \/>\nChangement de temp\u00e9rature des couleurs: <strong>4.000K<\/strong><br \/>\nGradation: <strong>Jusqu&#8217;\u00e0 7 niveaux<\/strong><br \/>\nAngle d&#8217;ouverture: <strong>120\u00ba<\/strong><br \/>\nDur\u00e9e de vie: <strong>20.000h<\/strong><br \/>\nNombre d&#8217;allumages: <strong>&#8211;<\/strong><br \/>\nM\u00e9moire de temp\u00e9rature de couleur: <strong>&#8211;<\/strong><br \/>\nEtiqueta eficiencia energ\u00e9tica: <strong>&#8211;<\/strong>[\/vc_column_text][\/vc_column_inner][\/vc_row_inner][vc_empty_space height=&#8221;60px&#8221;][\/vc_column][\/vc_row][vc_row vertical_align=&#8221;middle&#8221; padding_size=&#8221;no-padding&#8221; background_mode=&#8221;color&#8221; background_color=&#8221;#f5f5f5&#8243;][vc_column text_align=&#8221;center&#8221; padding_size=&#8221;no-padding&#8221;][vc_row_inner vertical_align=&#8221;middle&#8221; padding_size=&#8221;no-padding&#8221; css=&#8221;.vc_custom_1664367242377{padding-top: 30px !important;padding-right: 60px !important;padding-bottom: 30px !important;padding-left: 60px !important;}&#8221;][vc_column_inner padding_size=&#8221;no-padding&#8221; width=&#8221;2\/3&#8243;][wyde_heading style=&#8221;2&#8243; title_tag=&#8221;h3&#8243; title=&#8221;Pi\u00e8ces de rechange disponibles pour le ventilateu ELISA&#8221; heading_color=&#8221;#000000&#8243;][vc_column_text]Vous pouvez acheter la pi\u00e8ce de rechange pour votre ventilateur dans le m\u00eame magasin o\u00f9 vous avez achet\u00e9 votre ventilateur ou dans un autre magasin de la m\u00eame cha\u00eene.[\/vc_column_text][vc_empty_space][wyde_info_box icon=&#8221;fa fa-check&#8221; icon_position=&#8221;left&#8221; title=&#8221;T\u00c9L\u00c9COMMANDE&#8221;][\/wyde_info_box][vc_empty_space height=&#8221;20px&#8221;][\/vc_column_inner][vc_column_inner text_align=&#8221;center&#8221; width=&#8221;1\/3&#8243; background_color=&#8221;#ffffff&#8221;][vc_empty_space height=&#8221;20px&#8221;][vc_column_text]<em>Si vous avez des questions, vous pouvez nous contacter via le formulaire de contact:<\/em>[\/vc_column_text][vc_empty_space height=&#8221;20px&#8221;][wyde_link_button icon_set=&#8221;simple_line&#8221; icon_simple_line=&#8221;sl-bubbles&#8221; style=&#8221;outline round&#8221; title=&#8221;Voir&#8221; link=&#8221;url:https%3A%2F%2Farteconfort.com%2Fcontacto%2F|||&#8221; color=&#8221;#61b4e4&#8243; hover_color=&#8221;#ffffff&#8221;][vc_empty_space height=&#8221;40px&#8221;][vc_single_image alignment=&#8221;center&#8221; image=&#8221;24269&#8243;][\/vc_column_inner][\/vc_row_inner][\/vc_column][\/vc_row][vc_row][vc_column][vc_empty_space height=&#8221;80px&#8221;][\/vc_column][\/vc_row][vc_row vertical_align=&#8221;middle&#8221; padding_size=&#8221;no-padding&#8221; background_mode=&#8221;color&#8221; background_color=&#8221;#f5f5f5&#8243;][vc_column text_align=&#8221;center&#8221; offset=&#8221;vc_hidden-md vc_hidden-sm vc_hidden-xs&#8221;][vc_row_inner vertical_align=&#8221;middle&#8221; padding_size=&#8221;no-padding&#8221;][vc_column_inner text_align=&#8221;center&#8221; width=&#8221;1\/3&#8243;][vc_single_image alignment=&#8221;center&#8221; image=&#8221;24167&#8243;][\/vc_column_inner][vc_column_inner width=&#8221;1\/3&#8243;][vc_column_text]Vous trouverez ce ventilateur en vente exclusivement \u00e0 <strong>LEROY MERLIN<\/strong>[\/vc_column_text][\/vc_column_inner][vc_column_inner width=&#8221;1\/3&#8243;][wyde_link_button icon_set=&#8221;simple_line&#8221; icon_simple_line=&#8221;sl-login&#8221; style=&#8221;outline round&#8221; title=&#8221;Acc\u00e8s Leroy Merlin&#8221; link=&#8221;url:https%3A%2F%2Fwww.leroymerlin.es%2Fproductos%2Fmarcas%2Farteconfort%2Fventiladores-arteconfort%2Fventilador-portatil-con-luz-motor-dc-elisa-blanco-27-cm-250-lm-86536471.html||target:%20_blank|rel:nofollow&#8221; color=&#8221;#61b4e4&#8243; hover_color=&#8221;#ffffff&#8221;][\/vc_column_inner][\/vc_row_inner][\/vc_column][\/vc_row][vc_row vertical_align=&#8221;middle&#8221; padding_size=&#8221;no-padding&#8221; background_mode=&#8221;color&#8221; background_color=&#8221;#f5f5f5&#8243;][vc_column text_align=&#8221;center&#8221; padding_size=&#8221;no-padding&#8221; offset=&#8221;vc_hidden-lg&#8221;][vc_row_inner vertical_align=&#8221;middle&#8221; padding_size=&#8221;no-padding&#8221; css=&#8221;.vc_custom_1664367242377{padding-top: 30px !important;padding-right: 60px !important;padding-bottom: 30px !important;padding-left: 60px !important;}&#8221;][vc_column_inner padding_size=&#8221;no-padding&#8221; width=&#8221;1\/2&#8243;][vc_single_image alignment=&#8221;center&#8221; image=&#8221;24167&#8243;][\/vc_column_inner][vc_column_inner text_align=&#8221;center&#8221; width=&#8221;1\/2&#8243;][vc_column_text]Vous trouverez ce ventilateur en vente exclusivement \u00e0 <strong>LEROY MERLIN<\/strong>[\/vc_column_text][vc_empty_space height=&#8221;10px&#8221;][wyde_link_button icon_set=&#8221;simple_line&#8221; icon_simple_line=&#8221;sl-login&#8221; style=&#8221;outline round&#8221; title=&#8221;Acc\u00e8s Leroy Merlin&#8221; link=&#8221;url:https%3A%2F%2Fwww.leroymerlin.es%2Fproductos%2Fmarcas%2Farteconfort%2Fventiladores-arteconfort%2Fventilador-portatil-con-luz-motor-dc-elisa-blanco-27-cm-250-lm-86536471.html||target:%20_blank|rel:nofollow&#8221; color=&#8221;#61b4e4&#8243; hover_color=&#8221;#ffffff&#8221;][\/vc_column_inner][\/vc_row_inner][\/vc_column][\/vc_row]<\/p>\n<\/div>","protected":false},"excerpt":{"rendered":"<p>Ventilateur portable ELISA cr\u00e9\u00e9 avec un design compact et ultra-l\u00e9ger, avec une lumi\u00e8re LED int\u00e9gr\u00e9e. Il poss\u00e8de un corps blanc et 3 pales en ABS qui peuvent \u00eatre d\u00e9mont\u00e9es pour cr\u00e9er une lampe portable. Il dispose d&#8217;un moteur DC (courant continu) tr\u00e8s efficace qui r\u00e9duit la consommation d&#8217;\u00e9nergie tout en cr\u00e9ant une atmosph\u00e8re agr\u00e9able gr\u00e2ce \u00e0 son fonctionnement silencieux. Comprend une t\u00e9l\u00e9commande pour contr\u00f4ler et modifier les modes de programmation jusqu&#8217;\u00e0 8 heures, les vitesses (4) et l&#8217;intensit\u00e9 lumineuse (jusqu&#8217;\u00e0 7 niveaux). Ce mod\u00e8le \u00e9l\u00e9gant peut \u00eatre utilis\u00e9 dans des pi\u00e8ces de moins de 13m2. Comprend un c\u00e2ble USB de type C pour la recharge. Classe III.<br \/>\n<strong>Ref: ELISABL21<\/strong><\/p>\n<ul style=\"list-style-type: circle; padding-left: 80px;\">\n<li>Ventilateur portable et lampe 250lm<\/li>\n<li>13h d&#8217;autonomie<\/li>\n<li>M\u00e9moire d&#8217;allumage<\/li>\n<\/ul>\n<p>[vc_row vertical_align=&#8221;middle&#8221; padding_size=&#8221;no-padding&#8221; background_mode=&#8221;color&#8221; background_color=&#8221;#f5f5f5&#8243;][vc_column text_align=&#8221;center&#8221; offset=&#8221;vc_hidden-md vc_hidden-sm vc_hidden-xs&#8221;][vc_row_inner vertical_align=&#8221;middle&#8221; padding_size=&#8221;no-padding&#8221; css=&#8221;.vc_custom_1664435191461{padding-top: 30px !important;padding-right: 60px !important;padding-bottom: 30px !important;padding-left: 60px !important;}&#8221;][vc_column_inner width=&#8221;1\/2&#8243;][vc_single_image image=&#8221;24179&#8243;][\/vc_column_inner][vc_column_inner width=&#8221;1\/2&#8243;][vc_column_text]Vous trouverez ce ventilateur en vente exclusivement \u00e0 <strong>LEROY MERLIN<\/strong>[\/vc_column_text][vc_empty_space height=&#8221;10px&#8221;][wyde_link_button icon_set=&#8221;simple_line&#8221; icon_simple_line=&#8221;sl-login&#8221; style=&#8221;outline round&#8221; title=&#8221;Obtenez votre ELISA&#8221; link=&#8221;url:https%3A%2F%2Fwww.leroymerlin.es%2Fproductos%2Fmarcas%2Farteconfort%2Fventiladores-arteconfort%2Fventilador-portatil-con-luz-motor-dc-elisa-blanco-27-cm-250-lm-86536471.html||target:%20_blank|rel:nofollow&#8221; color=&#8221;#61b4e4&#8243; hover_color=&#8221;#ffffff&#8221;][\/vc_column_inner][\/vc_row_inner][\/vc_column][\/vc_row][vc_row vertical_align=&#8221;middle&#8221; padding_size=&#8221;no-padding&#8221; background_mode=&#8221;color&#8221; background_color=&#8221;#f5f5f5&#8243;][vc_column text_align=&#8221;center&#8221; padding_size=&#8221;no-padding&#8221; offset=&#8221;vc_hidden-lg&#8221;][vc_row_inner vertical_align=&#8221;middle&#8221; padding_size=&#8221;no-padding&#8221; css=&#8221;.vc_custom_1664367242377{padding-top: 30px !important;padding-right: 60px !important;padding-bottom: 30px !important;padding-left: 60px !important;}&#8221;][vc_column_inner padding_size=&#8221;no-padding&#8221; width=&#8221;1\/2&#8243;][vc_single_image alignment=&#8221;center&#8221; image=&#8221;24179&#8243;][\/vc_column_inner][vc_column_inner text_align=&#8221;center&#8221; width=&#8221;1\/2&#8243;][vc_column_text]Vous trouverez ce ventilateur en vente exclusivement \u00e0 <strong>LEROY MERLIN<\/strong>[\/vc_column_text][vc_empty_space height=&#8221;10px&#8221;][wyde_link_button icon_set=&#8221;simple_line&#8221; icon_simple_line=&#8221;sl-login&#8221; style=&#8221;outline round&#8221; title=&#8221;Obtenez votre ELISA&#8221; link=&#8221;url:https%3A%2F%2Fwww.leroymerlin.es%2Fproductos%2Fmarcas%2Farteconfort%2Fventiladores-arteconfort%2Fventilador-portatil-con-luz-motor-dc-elisa-blanco-27-cm-250-lm-86536471.html||target:%20_blank|rel:nofollow&#8221; color=&#8221;#61b4e4&#8243; hover_color=&#8221;#ffffff&#8221;][\/vc_column_inner][\/vc_row_inner][\/vc_column][\/vc_row][vc_row][vc_column offset=&#8221;vc_hidden-xs&#8221;][vc_empty_space height=&#8221;60px&#8221;][\/vc_column][\/vc_row][vc_row][vc_column width=&#8221;1\/3&#8243;][wyde_link_button icon_set=&#8221;simple_line&#8221; icon_simple_line=&#8221;sl-settings&#8221; style=&#8221;round&#8221; title=&#8221;Instructions&#8221; link=&#8221;url:https%3A%2F%2Farteconfort.com%2Fwp-content%2Fuploads%2F2023%2F02%2Fim-ELISA-v1.pdf||target:%20_blank|rel:nofollow&#8221; color=&#8221;#ffffff&#8221; bg_color=&#8221;#222222&#8243;][\/vc_column][\/vc_row]<\/p>\n","protected":false},"featured_media":41346,"template":"","meta":[],"product_brand":[],"product_cat":[354,1047,355],"product_tag":[],"class_list":{"0":"post-25267","1":"product","2":"type-product","3":"status-publish","4":"has-post-thumbnail","6":"product_cat-climatizacion-fr","7":"product_cat-coleccion-antigua-fr","8":"product_cat-ventiladores-de-techo-fr","10":"first","11":"instock","12":"shipping-taxable","13":"product-type-simple"},"yoast_head":"<!-- This site is optimized with the Yoast SEO plugin v26.5 - https:\/\/yoast.com\/wordpress\/plugins\/seo\/ -->\n<title>ELISA - Climatizaci\u00f3n, colecci\u00f3n antigua, Ventiladores de techo - Arteconfort<\/title>\n<meta name=\"description\" content=\"Ventilateur portable ELISA cr\u00e9\u00e9 avec un design compact et ultra-l\u00e9ger, avec une lumi\u00e8re LED int\u00e9gr\u00e9e. Il poss\u00e8de un corps blanc et 3 pales en ABS qui peuvent \u00eatre d\u00e9mont\u00e9es pour cr\u00e9er une lampe portable. Il dispose d&#039;un moteur DC (courant continu) tr\u00e8s efficace qui r\u00e9duit la consommation d&#039;\u00e9nergie tout en cr\u00e9ant une atmosph\u00e8re agr\u00e9able gr\u00e2ce \u00e0 son fonctionnement silencieux. Comprend une t\u00e9l\u00e9commande pour contr\u00f4ler et modifier les modes de programmation jusqu&#039;\u00e0 8 heures, les vitesses (4) et l&#039;intensit\u00e9 lumineuse (jusqu&#039;\u00e0 7 niveaux). Ce mod\u00e8le \u00e9l\u00e9gant peut \u00eatre utilis\u00e9 dans des pi\u00e8ces de moins de 13m2. Comprend un c\u00e2ble USB de type C pour la recharge. Classe III. Ref: ELISABL21   Ventilateur portable et lampe 250lm  13h d&#039;autonomie  M\u00e9moire d&#039;allumage  Vous trouverez ce ventilateur en vente exclusivement \u00e0 LEROY MERLINVous trouverez ce ventilateur en vente exclusivement \u00e0 LEROY MERLIN\" \/>\n<meta name=\"robots\" content=\"index, follow, max-snippet:-1, max-image-preview:large, max-video-preview:-1\" \/>\n<link rel=\"canonical\" href=\"https:\/\/arteconfort.com\/fr\/producto\/elisa\/\" \/>\n<meta property=\"og:locale\" content=\"fr_FR\" \/>\n<meta property=\"og:type\" content=\"article\" \/>\n<meta property=\"og:title\" content=\"ELISA - Climatizaci\u00f3n, colecci\u00f3n antigua, Ventiladores de techo - Arteconfort\" \/>\n<meta property=\"og:description\" content=\"Ventilateur portable ELISA cr\u00e9\u00e9 avec un design compact et ultra-l\u00e9ger, avec une lumi\u00e8re LED int\u00e9gr\u00e9e. Il poss\u00e8de un corps blanc et 3 pales en ABS qui peuvent \u00eatre d\u00e9mont\u00e9es pour cr\u00e9er une lampe portable. Il dispose d&#039;un moteur DC (courant continu) tr\u00e8s efficace qui r\u00e9duit la consommation d&#039;\u00e9nergie tout en cr\u00e9ant une atmosph\u00e8re agr\u00e9able gr\u00e2ce \u00e0 son fonctionnement silencieux. Comprend une t\u00e9l\u00e9commande pour contr\u00f4ler et modifier les modes de programmation jusqu&#039;\u00e0 8 heures, les vitesses (4) et l&#039;intensit\u00e9 lumineuse (jusqu&#039;\u00e0 7 niveaux). Ce mod\u00e8le \u00e9l\u00e9gant peut \u00eatre utilis\u00e9 dans des pi\u00e8ces de moins de 13m2. Comprend un c\u00e2ble USB de type C pour la recharge. Classe III. Ref: ELISABL21   Ventilateur portable et lampe 250lm  13h d&#039;autonomie  M\u00e9moire d&#039;allumage  Vous trouverez ce ventilateur en vente exclusivement \u00e0 LEROY MERLINVous trouverez ce ventilateur en vente exclusivement \u00e0 LEROY MERLIN\" \/>\n<meta property=\"og:url\" content=\"https:\/\/arteconfort.com\/fr\/producto\/elisa\/\" \/>\n<meta property=\"og:site_name\" content=\"Arteconfort\" \/>\n<meta property=\"article:modified_time\" content=\"2023-10-18T10:50:45+00:00\" \/>\n<meta property=\"og:image\" content=\"https:\/\/arteconfort.com\/wp-content\/uploads\/2024\/06\/ventilador-ELISA-mando-86536471-p-01.webp\" \/>\n\t<meta property=\"og:image:width\" content=\"1024\" \/>\n\t<meta property=\"og:image:height\" content=\"1024\" \/>\n\t<meta property=\"og:image:type\" content=\"image\/webp\" \/>\n<meta name=\"twitter:card\" content=\"summary_large_image\" \/>\n<meta name=\"twitter:label1\" content=\"Dur\u00e9e de lecture estim\u00e9e\" \/>\n\t<meta name=\"twitter:data1\" content=\"2 minutes\" \/>\n<!-- \/ Yoast SEO plugin. -->","yoast_head_json":{"title":"ELISA - Climatizaci\u00f3n, colecci\u00f3n antigua, Ventiladores de techo - Arteconfort","description":"Ventilateur portable ELISA cr\u00e9\u00e9 avec un design compact et ultra-l\u00e9ger, avec une lumi\u00e8re LED int\u00e9gr\u00e9e. Il poss\u00e8de un corps blanc et 3 pales en ABS qui peuvent \u00eatre d\u00e9mont\u00e9es pour cr\u00e9er une lampe portable. Il dispose d'un moteur DC (courant continu) tr\u00e8s efficace qui r\u00e9duit la consommation d'\u00e9nergie tout en cr\u00e9ant une atmosph\u00e8re agr\u00e9able gr\u00e2ce \u00e0 son fonctionnement silencieux. Comprend une t\u00e9l\u00e9commande pour contr\u00f4ler et modifier les modes de programmation jusqu'\u00e0 8 heures, les vitesses (4) et l'intensit\u00e9 lumineuse (jusqu'\u00e0 7 niveaux). Ce mod\u00e8le \u00e9l\u00e9gant peut \u00eatre utilis\u00e9 dans des pi\u00e8ces de moins de 13m2. Comprend un c\u00e2ble USB de type C pour la recharge. Classe III. Ref: ELISABL21   Ventilateur portable et lampe 250lm  13h d'autonomie  M\u00e9moire d'allumage  Vous trouverez ce ventilateur en vente exclusivement \u00e0 LEROY MERLINVous trouverez ce ventilateur en vente exclusivement \u00e0 LEROY MERLIN","robots":{"index":"index","follow":"follow","max-snippet":"max-snippet:-1","max-image-preview":"max-image-preview:large","max-video-preview":"max-video-preview:-1"},"canonical":"https:\/\/arteconfort.com\/fr\/producto\/elisa\/","og_locale":"fr_FR","og_type":"article","og_title":"ELISA - Climatizaci\u00f3n, colecci\u00f3n antigua, Ventiladores de techo - Arteconfort","og_description":"Ventilateur portable ELISA cr\u00e9\u00e9 avec un design compact et ultra-l\u00e9ger, avec une lumi\u00e8re LED int\u00e9gr\u00e9e. Il poss\u00e8de un corps blanc et 3 pales en ABS qui peuvent \u00eatre d\u00e9mont\u00e9es pour cr\u00e9er une lampe portable. Il dispose d'un moteur DC (courant continu) tr\u00e8s efficace qui r\u00e9duit la consommation d'\u00e9nergie tout en cr\u00e9ant une atmosph\u00e8re agr\u00e9able gr\u00e2ce \u00e0 son fonctionnement silencieux. Comprend une t\u00e9l\u00e9commande pour contr\u00f4ler et modifier les modes de programmation jusqu'\u00e0 8 heures, les vitesses (4) et l'intensit\u00e9 lumineuse (jusqu'\u00e0 7 niveaux). Ce mod\u00e8le \u00e9l\u00e9gant peut \u00eatre utilis\u00e9 dans des pi\u00e8ces de moins de 13m2. Comprend un c\u00e2ble USB de type C pour la recharge. Classe III. Ref: ELISABL21   Ventilateur portable et lampe 250lm  13h d'autonomie  M\u00e9moire d'allumage  Vous trouverez ce ventilateur en vente exclusivement \u00e0 LEROY MERLINVous trouverez ce ventilateur en vente exclusivement \u00e0 LEROY MERLIN","og_url":"https:\/\/arteconfort.com\/fr\/producto\/elisa\/","og_site_name":"Arteconfort","article_modified_time":"2023-10-18T10:50:45+00:00","og_image":[{"width":1024,"height":1024,"url":"https:\/\/arteconfort.com\/wp-content\/uploads\/2024\/06\/ventilador-ELISA-mando-86536471-p-01.webp","type":"image\/webp"}],"twitter_card":"summary_large_image","twitter_misc":{"Dur\u00e9e de lecture estim\u00e9e":"2 minutes"},"schema":{"@context":"https:\/\/schema.org","@graph":[{"@type":"WebPage","@id":"https:\/\/arteconfort.com\/fr\/producto\/elisa\/","url":"https:\/\/arteconfort.com\/fr\/producto\/elisa\/","name":"ELISA - Climatizaci\u00f3n, colecci\u00f3n antigua, Ventiladores de techo - Arteconfort","isPartOf":{"@id":"https:\/\/arteconfort.com\/fr\/#website"},"primaryImageOfPage":{"@id":"https:\/\/arteconfort.com\/fr\/producto\/elisa\/#primaryimage"},"image":{"@id":"https:\/\/arteconfort.com\/fr\/producto\/elisa\/#primaryimage"},"thumbnailUrl":"https:\/\/arteconfort.com\/wp-content\/uploads\/2024\/06\/ventilador-ELISA-mando-86536471-p-01.webp","datePublished":"2023-02-08T08:36:45+00:00","dateModified":"2023-10-18T10:50:45+00:00","description":"Ventilateur portable ELISA cr\u00e9\u00e9 avec un design compact et ultra-l\u00e9ger, avec une lumi\u00e8re LED int\u00e9gr\u00e9e. Il poss\u00e8de un corps blanc et 3 pales en ABS qui peuvent \u00eatre d\u00e9mont\u00e9es pour cr\u00e9er une lampe portable. Il dispose d'un moteur DC (courant continu) tr\u00e8s efficace qui r\u00e9duit la consommation d'\u00e9nergie tout en cr\u00e9ant une atmosph\u00e8re agr\u00e9able gr\u00e2ce \u00e0 son fonctionnement silencieux. Comprend une t\u00e9l\u00e9commande pour contr\u00f4ler et modifier les modes de programmation jusqu'\u00e0 8 heures, les vitesses (4) et l'intensit\u00e9 lumineuse (jusqu'\u00e0 7 niveaux). Ce mod\u00e8le \u00e9l\u00e9gant peut \u00eatre utilis\u00e9 dans des pi\u00e8ces de moins de 13m2. Comprend un c\u00e2ble USB de type C pour la recharge. Classe III. Ref: ELISABL21 Ventilateur portable et lampe 250lm 13h d'autonomie M\u00e9moire d'allumage Vous trouverez ce ventilateur en vente exclusivement \u00e0 LEROY MERLINVous trouverez ce ventilateur en vente exclusivement \u00e0 LEROY MERLIN","breadcrumb":{"@id":"https:\/\/arteconfort.com\/fr\/producto\/elisa\/#breadcrumb"},"inLanguage":"fr-FR","potentialAction":[{"@type":"ReadAction","target":["https:\/\/arteconfort.com\/fr\/producto\/elisa\/"]}]},{"@type":"ImageObject","inLanguage":"fr-FR","@id":"https:\/\/arteconfort.com\/fr\/producto\/elisa\/#primaryimage","url":"https:\/\/arteconfort.com\/wp-content\/uploads\/2024\/06\/ventilador-ELISA-mando-86536471-p-01.webp","contentUrl":"https:\/\/arteconfort.com\/wp-content\/uploads\/2024\/06\/ventilador-ELISA-mando-86536471-p-01.webp","width":1024,"height":1024,"caption":"Ventilador ELISA con mando"},{"@type":"BreadcrumbList","@id":"https:\/\/arteconfort.com\/fr\/producto\/elisa\/#breadcrumb","itemListElement":[{"@type":"ListItem","position":1,"name":"Inicio","item":"https:\/\/arteconfort.com\/fr\/"},{"@type":"ListItem","position":2,"name":"Boutique","item":"https:\/\/arteconfort.com\/fr\/boutique\/"},{"@type":"ListItem","position":3,"name":"ELISA"}]},{"@type":"WebSite","@id":"https:\/\/arteconfort.com\/fr\/#website","url":"https:\/\/arteconfort.com\/fr\/","name":"Arteconfort","description":"Especialistas en productos del hogar","publisher":{"@id":"https:\/\/arteconfort.com\/fr\/#organization"},"potentialAction":[{"@type":"SearchAction","target":{"@type":"EntryPoint","urlTemplate":"https:\/\/arteconfort.com\/fr\/?s={search_term_string}"},"query-input":{"@type":"PropertyValueSpecification","valueRequired":true,"valueName":"search_term_string"}}],"inLanguage":"fr-FR"},{"@type":"Organization","@id":"https:\/\/arteconfort.com\/fr\/#organization","name":"Arteconfort","url":"https:\/\/arteconfort.com\/fr\/","logo":{"@type":"ImageObject","inLanguage":"fr-FR","@id":"https:\/\/arteconfort.com\/fr\/#\/schema\/logo\/image\/","url":"https:\/\/arteconfort.com\/wp-content\/uploads\/2019\/07\/logo-arteconfort.png","contentUrl":"https:\/\/arteconfort.com\/wp-content\/uploads\/2019\/07\/logo-arteconfort.png","width":230,"height":88,"caption":"Arteconfort"},"image":{"@id":"https:\/\/arteconfort.com\/fr\/#\/schema\/logo\/image\/"}}]}},"_links":{"self":[{"href":"https:\/\/arteconfort.com\/fr\/wp-json\/wp\/v2\/product\/25267","targetHints":{"allow":["GET"]}}],"collection":[{"href":"https:\/\/arteconfort.com\/fr\/wp-json\/wp\/v2\/product"}],"about":[{"href":"https:\/\/arteconfort.com\/fr\/wp-json\/wp\/v2\/types\/product"}],"wp:featuredmedia":[{"embeddable":true,"href":"https:\/\/arteconfort.com\/fr\/wp-json\/wp\/v2\/media\/41346"}],"wp:attachment":[{"href":"https:\/\/arteconfort.com\/fr\/wp-json\/wp\/v2\/media?parent=25267"}],"wp:term":[{"taxonomy":"product_brand","embeddable":true,"href":"https:\/\/arteconfort.com\/fr\/wp-json\/wp\/v2\/product_brand?post=25267"},{"taxonomy":"product_cat","embeddable":true,"href":"https:\/\/arteconfort.com\/fr\/wp-json\/wp\/v2\/product_cat?post=25267"},{"taxonomy":"product_tag","embeddable":true,"href":"https:\/\/arteconfort.com\/fr\/wp-json\/wp\/v2\/product_tag?post=25267"}],"curies":[{"name":"wp","href":"https:\/\/api.w.org\/{rel}","templated":true}]}}