{"id":25393,"date":"2023-02-08T09:59:18","date_gmt":"2023-02-08T08:59:18","guid":{"rendered":"https:\/\/arteconfort.com\/producto\/non%20class\u00e9\/nerea\/"},"modified":"2025-06-06T13:55:14","modified_gmt":"2025-06-06T11:55:14","slug":"nerea","status":"publish","type":"product","link":"https:\/\/arteconfort.com\/fr\/producto\/nerea\/","title":{"rendered":"NEREA"},"content":{"rendered":"<div class=\"wpb-content-wrapper\"><p>[vc_row][vc_column][vc_empty_space height=&#8221;60px&#8221;][vc_row_inner][vc_column_inner width=&#8221;1\/3&#8243;][wyde_info_box icon_set=&#8221;simple_line&#8221; icon_simple_line=&#8221;sl-energy&#8221; icon_position=&#8221;left&#8221; title=&#8221;CARACT\u00c9RISTIQUES PHYSIQUES ET \u00c9LECTRIQUES&#8221;][\/wyde_info_box][vc_empty_space height=&#8221;10px&#8221;][vc_column_text]Haut: <strong>39cm<\/strong><br \/>\nDiam\u00e8tre: <strong>107<\/strong><strong>cm<\/strong><br \/>\nPoids: <strong>9,4<\/strong><strong>kg<\/strong><br \/>\nMat\u00e9riau du corps: <strong>Metal<\/strong><br \/>\nMat\u00e9riau de la lame: <strong>Pc<\/strong><br \/>\nFinition du corps: <strong>Blanc et bois<\/strong><br \/>\nFinition de la lame: <strong>Transparent<\/strong><br \/>\nNombre de lames: <strong>4<\/strong><br \/>\nLames r\u00e9versibles: <strong>Non<\/strong><br \/>\nMotor: <strong>DC<\/strong><br \/>\nTension: <strong>230Vac<\/strong><br \/>\nPuissance de vitesse: <strong>5W-8W-11W-16W-22W-28W<\/strong><br \/>\nRPM de vitesses: <strong>140-155-170-200-220-240<\/strong><br \/>\nBruit \u00e9mis par les vitesses: <strong>18dBs-21dBs-23dBs-27dBs-32dBs-37dBs<\/strong><br \/>\nVitesses d&#8217;\u00e9coulement de l&#8217;air: <strong>4.320m<sup>3<\/sup>\/h- 5.280m<sup>3<\/sup>\/h- 6.000m<sup>3<\/sup>\/h- 7.320m<sup>3<\/sup>\/h- 8.280m<sup>3<\/sup>\/h- 9.300m<sup>3<\/sup>\/h<\/strong><br \/>\nSurface maximale recommand\u00e9e: <strong>13-20m<sup>2<\/sup><\/strong><br \/>\nIP: <strong>20<\/strong><br \/>\nPente maximale du toit: <strong>15\u00ba<\/strong><br \/>\nDistance de s\u00e9curit\u00e9: <strong>2,5m<\/strong><br \/>\nIsolation \u00e9lectrique: <strong>Classe I<\/strong><br \/>\nAccessoires: <strong>Stabilisateur et tige de selle suppl\u00e9mentaire<\/strong><br \/>\nGarantie: <strong>Moteur 8 ans &#8211; Autres composants 3 ans<\/strong>[\/vc_column_text][\/vc_column_inner][vc_column_inner width=&#8221;1\/3&#8243;][wyde_info_box icon_set=&#8221;simple_line&#8221; icon_simple_line=&#8221;sl-mouse&#8221; icon_position=&#8221;left&#8221; title=&#8221;CONTR\u00d4LE ET FONCTIONS&#8221;][\/wyde_info_box][vc_empty_space height=&#8221;10px&#8221;][vc_column_text]Commande: <strong>Oui<\/strong><br \/>\nPiles: <strong>2xAAA (Non inclus)<\/strong><br \/>\nFonction antivol: <strong>Oui<\/strong><br \/>\nNombre de vitesses: <strong>6<\/strong><br \/>\nProgrammation: <strong>1h-2h-4h<\/strong><br \/>\nMode brise: <strong>Oui<\/strong><br \/>\nMode \u00e9t\u00e9\/hiver: <strong>Oui<\/strong><br \/>\nThermostat: <strong>Non<\/strong><br \/>\nM\u00e9moire d&#8217;allumage: <strong>Oui<\/strong><br \/>\nAPP: <strong>Non<\/strong><br \/>\nConnexion Wi-Fi: <strong>Non<\/strong><br \/>\nConnexion Bluetooth: <strong>Non<\/strong>[\/vc_column_text][\/vc_column_inner][vc_column_inner width=&#8221;1\/3&#8243;][wyde_info_box icon_set=&#8221;stroke_gap&#8221; icon_stroke_gap=&#8221;sg-Bulb&#8221; icon_position=&#8221;left&#8221; title=&#8221;\u00c9CLAIRAGE&#8221;][\/wyde_info_box][vc_empty_space height=&#8221;10px&#8221;][vc_column_text]Eyeprotect: <strong>Groupe 0 (exempt)<\/strong><br \/>\nFlux lumineux A: <strong>4.100lm\u00a0<\/strong><br \/>\nFlux lumineux B: <strong>900lm\u00a0<\/strong><br \/>\nPuissance de la LED A: <strong>32W<\/strong><br \/>\nPuissance de la LED B: <strong>12W<\/strong><br \/>\nTemp\u00e9rature de couleur: <strong>Oui<\/strong><br \/>\nChangement de temp\u00e9rature des couleurs: <strong>3.000K-4.000K-6.000K<\/strong><br \/>\nGradation: <strong>Dimable<\/strong><br \/>\nAngle d&#8217;ouverture: <strong>120\u00ba<\/strong><br \/>\nDur\u00e9e de vie: <strong>20.000h<\/strong><br \/>\nNombre d&#8217;allumages: <strong>10.000<\/strong><br \/>\nM\u00e9moire de temp\u00e9rature de couleur: <strong>Oui<\/strong><br \/>\nLabel d&#8217;efficacit\u00e9 \u00e9nerg\u00e9tique: <strong>E<\/strong>[\/vc_column_text][\/vc_column_inner][\/vc_row_inner][vc_empty_space height=&#8221;60px&#8221;][\/vc_column][\/vc_row][vc_row vertical_align=&#8221;middle&#8221; padding_size=&#8221;no-padding&#8221; background_mode=&#8221;color&#8221; background_color=&#8221;#f5f5f5&#8243;][vc_column text_align=&#8221;center&#8221; padding_size=&#8221;no-padding&#8221;][vc_row_inner vertical_align=&#8221;middle&#8221; padding_size=&#8221;no-padding&#8221; css=&#8221;.vc_custom_1664367242377{padding-top: 30px !important;padding-right: 60px !important;padding-bottom: 30px !important;padding-left: 60px !important;}&#8221;][vc_column_inner padding_size=&#8221;no-padding&#8221; width=&#8221;2\/3&#8243;][wyde_heading style=&#8221;2&#8243; title_tag=&#8221;h3&#8243; title=&#8221;Pi\u00e8ces de rechange disponibles pour le ventilateur NEREA&#8221; heading_color=&#8221;#000000&#8243;][vc_column_text]Vous pouvez acheter la pi\u00e8ce de rechange pour votre ventilateur dans le m\u00eame magasin o\u00f9 vous avez achet\u00e9 votre ventilateur ou dans un autre magasin de la m\u00eame cha\u00eene.[\/vc_column_text][vc_empty_space][wyde_info_box icon=&#8221;fa fa-check&#8221; icon_position=&#8221;left&#8221; title=&#8221;AMPOULE D&#8217;\u00c9CLAIRAGE&#8221;][\/wyde_info_box][wyde_info_box icon=&#8221;fa fa-check&#8221; icon_position=&#8221;left&#8221; title=&#8221;AFFICHAGE LED&#8221;][\/wyde_info_box][wyde_info_box icon=&#8221;fa fa-check&#8221; icon_position=&#8221;left&#8221; title=&#8221;T\u00c9L\u00c9COMMANDE&#8221;][\/wyde_info_box][wyde_info_box icon=&#8221;fa fa-check&#8221; icon_position=&#8221;left&#8221; title=&#8221;CONTR\u00d4LEUR DE VENTILATEUR&#8221;][\/wyde_info_box][wyde_info_box icon=&#8221;fa fa-check&#8221; icon_position=&#8221;left&#8221; title=&#8221;CONTR\u00d4LEUR DE LED&#8221;][\/wyde_info_box][vc_empty_space height=&#8221;20px&#8221;][\/vc_column_inner][vc_column_inner text_align=&#8221;center&#8221; width=&#8221;1\/3&#8243; background_color=&#8221;#ffffff&#8221;][vc_empty_space height=&#8221;20px&#8221;][vc_column_text]<em>Si vous avez des questions, vous pouvez nous contacter via le formulaire de contact:<\/em>[\/vc_column_text][vc_empty_space height=&#8221;20px&#8221;][wyde_link_button icon_set=&#8221;simple_line&#8221; icon_simple_line=&#8221;sl-bubbles&#8221; style=&#8221;outline round&#8221; title=&#8221;Voir&#8221; link=&#8221;url:https%3A%2F%2Farteconfort.com%2Fcontacto%2F|||&#8221; color=&#8221;#61b4e4&#8243; hover_color=&#8221;#ffffff&#8221;][vc_empty_space height=&#8221;40px&#8221;][vc_single_image alignment=&#8221;center&#8221; image=&#8221;24269&#8243;][\/vc_column_inner][\/vc_row_inner][\/vc_column][\/vc_row][vc_row][vc_column][vc_empty_space height=&#8221;80px&#8221;][\/vc_column][\/vc_row][vc_row vertical_align=&#8221;middle&#8221; padding_size=&#8221;no-padding&#8221; background_mode=&#8221;color&#8221; background_color=&#8221;#f5f5f5&#8243;][vc_column text_align=&#8221;center&#8221; offset=&#8221;vc_hidden-md vc_hidden-sm vc_hidden-xs&#8221;][vc_row_inner vertical_align=&#8221;middle&#8221; padding_size=&#8221;no-padding&#8221;][vc_column_inner text_align=&#8221;center&#8221; width=&#8221;1\/3&#8243;][vc_single_image alignment=&#8221;center&#8221; image=&#8221;24167&#8243;][\/vc_column_inner][vc_column_inner width=&#8221;1\/3&#8243;][vc_column_text]Vous trouverez ce ventilateur en vente exclusivement \u00e0 <strong>LEROY MERLIN<\/strong>[\/vc_column_text][\/vc_column_inner][vc_column_inner width=&#8221;1\/3&#8243;][wyde_link_button icon_set=&#8221;simple_line&#8221; icon_simple_line=&#8221;sl-login&#8221; style=&#8221;outline round&#8221; title=&#8221;Acc\u00e8s a Leroy Merlin&#8221; link=&#8221;url:https%3A%2F%2Fwww.leroymerlin.es%2Fproductos%2Fmarcas%2Farteconfort%2Fventiladores-arteconfort%2Fventilador-de-techo-con-luz-motor-dc-nerea-blanco-107-cm-color-luz-regulable-86536531.html||target:%20_blank|rel:nofollow&#8221; color=&#8221;#61b4e4&#8243; hover_color=&#8221;#ffffff&#8221;][\/vc_column_inner][\/vc_row_inner][\/vc_column][\/vc_row][vc_row vertical_align=&#8221;middle&#8221; padding_size=&#8221;no-padding&#8221; background_mode=&#8221;color&#8221; background_color=&#8221;#f5f5f5&#8243;][vc_column text_align=&#8221;center&#8221; padding_size=&#8221;no-padding&#8221; offset=&#8221;vc_hidden-lg&#8221;][vc_row_inner vertical_align=&#8221;middle&#8221; padding_size=&#8221;no-padding&#8221; css=&#8221;.vc_custom_1664367242377{padding-top: 30px !important;padding-right: 60px !important;padding-bottom: 30px !important;padding-left: 60px !important;}&#8221;][vc_column_inner padding_size=&#8221;no-padding&#8221; width=&#8221;1\/2&#8243;][vc_single_image alignment=&#8221;center&#8221; image=&#8221;24167&#8243;][\/vc_column_inner][vc_column_inner text_align=&#8221;center&#8221; width=&#8221;1\/2&#8243;][vc_column_text]Vous trouverez ce ventilateur en vente exclusivement \u00e0 <strong>LEROY MERLIN<\/strong>[\/vc_column_text][vc_empty_space height=&#8221;10px&#8221;][wyde_link_button icon_set=&#8221;simple_line&#8221; icon_simple_line=&#8221;sl-login&#8221; style=&#8221;outline round&#8221; title=&#8221;Acc\u00e8s a Leroy Merlin&#8221; link=&#8221;url:https%3A%2F%2Fwww.leroymerlin.es%2Fproductos%2Fmarcas%2Farteconfort%2Fventiladores-arteconfort%2Fventilador-de-techo-con-luz-motor-dc-nerea-blanco-107-cm-color-luz-regulable-86536531.html||target:%20_blank|rel:nofollow&#8221; color=&#8221;#61b4e4&#8243; hover_color=&#8221;#ffffff&#8221;][\/vc_column_inner][\/vc_row_inner][\/vc_column][\/vc_row]<\/p>\n<\/div>","protected":false},"excerpt":{"rendered":"<p>Ventilateur NEREA \u00e0 pales r\u00e9tractables ou repliables \u00e0 double \u00e9clairage, avec module LED int\u00e9gr\u00e9 et m\u00e9moire de temp\u00e9rature de couleur. Son corps est blanc et bois et poss\u00e8de 4 pales transparentes r\u00e9tractables, il est facile \u00e0 installer. Il est \u00e9quip\u00e9 d&#8217;un moteur DC (courant continu) \u00e0 haute efficacit\u00e9 qui r\u00e9duit la consommation d&#8217;\u00e9nergie tout en g\u00e9n\u00e9rant une atmosph\u00e8re agr\u00e9able gr\u00e2ce \u00e0 son fonctionnement silencieux. Il est dot\u00e9 d&#8217;une t\u00e9l\u00e9commande qui permet de contr\u00f4ler et de modifier les modes de programmation (1h-2h-4h), la temp\u00e9rature de couleur (3.000K-4.000K-6.000K), les vitesses (6), l&#8217;intensit\u00e9 lumineuse (jusqu&#8217;\u00e0 8 niveaux), le mode brise (sensation cr\u00e9\u00e9e par le changement constant des vitesses) et le mode hiver-\u00e9t\u00e9. Ce mod\u00e8le \u00e9l\u00e9gant peut \u00eatre utilis\u00e9 dans des pi\u00e8ces de 13m<sup>2<\/sup> \u00e0 20m<sup>2<\/sup>.<br \/>\n<strong>Ref: YANGBLMAD21<\/strong><\/p>\n<ul style=\"list-style-type: circle; padding-left: 80px;\">\n<li>Ventilateur avec mode antivol<\/li>\n<li>Eyeprotect: LED sans lumi\u00e8re bleue<\/li>\n<li>Double \u00e9clairage \u00e0 fonctionnement individuel<\/li>\n<\/ul>\n<p>[vc_row vertical_align=&#8221;middle&#8221; padding_size=&#8221;no-padding&#8221; background_mode=&#8221;color&#8221; background_color=&#8221;#f5f5f5&#8243;][vc_column text_align=&#8221;center&#8221; offset=&#8221;vc_hidden-md vc_hidden-sm vc_hidden-xs&#8221;][vc_row_inner vertical_align=&#8221;middle&#8221; padding_size=&#8221;no-padding&#8221; css=&#8221;.vc_custom_1664435191461{padding-top: 30px !important;padding-right: 60px !important;padding-bottom: 30px !important;padding-left: 60px !important;}&#8221;][vc_column_inner width=&#8221;1\/2&#8243;][vc_single_image image=&#8221;24179&#8243;][\/vc_column_inner][vc_column_inner width=&#8221;1\/2&#8243;][vc_column_text]Vous trouverez ce ventilateur en vente exclusivement \u00e0 <strong>LEROY MERLIN<\/strong>[\/vc_column_text][vc_empty_space height=&#8221;10px&#8221;][wyde_link_button icon_set=&#8221;simple_line&#8221; icon_simple_line=&#8221;sl-login&#8221; style=&#8221;outline round&#8221; title=&#8221;Obtenez votre NEREA&#8221; link=&#8221;url:https%3A%2F%2Fwww.leroymerlin.es%2Fproductos%2Fmarcas%2Farteconfort%2Fventiladores-arteconfort%2Fventilador-de-techo-con-luz-motor-dc-nerea-blanco-107-cm-color-luz-regulable-86536531.html||target:%20_blank|rel:nofollow&#8221; color=&#8221;#61b4e4&#8243; hover_color=&#8221;#ffffff&#8221;][\/vc_column_inner][\/vc_row_inner][\/vc_column][\/vc_row][vc_row vertical_align=&#8221;middle&#8221; padding_size=&#8221;no-padding&#8221; background_mode=&#8221;color&#8221; background_color=&#8221;#f5f5f5&#8243;][vc_column text_align=&#8221;center&#8221; padding_size=&#8221;no-padding&#8221; offset=&#8221;vc_hidden-lg&#8221;][vc_row_inner vertical_align=&#8221;middle&#8221; padding_size=&#8221;no-padding&#8221; css=&#8221;.vc_custom_1664367242377{padding-top: 30px !important;padding-right: 60px !important;padding-bottom: 30px !important;padding-left: 60px !important;}&#8221;][vc_column_inner padding_size=&#8221;no-padding&#8221; width=&#8221;1\/2&#8243;][vc_single_image alignment=&#8221;center&#8221; image=&#8221;24179&#8243;][\/vc_column_inner][vc_column_inner text_align=&#8221;center&#8221; width=&#8221;1\/2&#8243;][vc_column_text]Vous trouverez ce ventilateur en vente exclusivement \u00e0 <strong>LEROY MERLIN<\/strong>[\/vc_column_text][vc_empty_space height=&#8221;10px&#8221;][wyde_link_button icon_set=&#8221;simple_line&#8221; icon_simple_line=&#8221;sl-login&#8221; style=&#8221;outline round&#8221; title=&#8221;Obtenez votre NEREA&#8221; link=&#8221;url:https%3A%2F%2Fwww.leroymerlin.es%2Fproductos%2Fmarcas%2Farteconfort%2Fventiladores-arteconfort%2Fventilador-de-techo-con-luz-motor-dc-nerea-blanco-107-cm-color-luz-regulable-86536531.html||target:%20_blank|rel:nofollow&#8221; color=&#8221;#61b4e4&#8243; hover_color=&#8221;#ffffff&#8221;][\/vc_column_inner][\/vc_row_inner][\/vc_column][\/vc_row][vc_row][vc_column offset=&#8221;vc_hidden-xs&#8221;][vc_empty_space height=&#8221;60px&#8221;][\/vc_column][\/vc_row][vc_row][vc_column width=&#8221;1\/3&#8243;][wyde_link_button icon_set=&#8221;simple_line&#8221; icon_simple_line=&#8221;sl-settings&#8221; style=&#8221;round&#8221; title=&#8221;Instructions&#8221; link=&#8221;url:https%3A%2F%2Farteconfort.com%2Fwp-content%2Fuploads%2F2024%2F06%2Fim-NEREA-v5.pdf||target:%20_blank|rel:nofollow&#8221; color=&#8221;#ffffff&#8221; bg_color=&#8221;#222222&#8243;][\/vc_column][\/vc_row]<\/p>\n","protected":false},"featured_media":33181,"template":"","meta":[],"product_brand":[],"product_cat":[354,1047,355],"product_tag":[],"class_list":{"0":"post-25393","1":"product","2":"type-product","3":"status-publish","4":"has-post-thumbnail","6":"product_cat-climatizacion-fr","7":"product_cat-coleccion-antigua-fr","8":"product_cat-ventiladores-de-techo-fr","10":"first","11":"instock","12":"shipping-taxable","13":"product-type-simple"},"yoast_head":"<!-- This site is optimized with the Yoast SEO plugin v26.5 - https:\/\/yoast.com\/wordpress\/plugins\/seo\/ -->\n<title>NEREA - Climatizaci\u00f3n, colecci\u00f3n antigua, Ventiladores de techo - Arteconfort<\/title>\n<meta name=\"description\" content=\"Ventilateur NEREA \u00e0 pales r\u00e9tractables ou repliables \u00e0 double \u00e9clairage, avec module LED int\u00e9gr\u00e9 et m\u00e9moire de temp\u00e9rature de couleur. Son corps est blanc et bois et poss\u00e8de 4 pales transparentes r\u00e9tractables, il est facile \u00e0 installer. Il est \u00e9quip\u00e9 d&#039;un moteur DC (courant continu) \u00e0 haute efficacit\u00e9 qui r\u00e9duit la consommation d&#039;\u00e9nergie tout en g\u00e9n\u00e9rant une atmosph\u00e8re agr\u00e9able gr\u00e2ce \u00e0 son fonctionnement silencieux. Il est dot\u00e9 d&#039;une t\u00e9l\u00e9commande qui permet de contr\u00f4ler et de modifier les modes de programmation (1h-2h-4h), la temp\u00e9rature de couleur (3.000K-4.000K-6.000K), les vitesses (6), l&#039;intensit\u00e9 lumineuse (jusqu&#039;\u00e0 8 niveaux), le mode brise (sensation cr\u00e9\u00e9e par le changement constant des vitesses) et le mode hiver-\u00e9t\u00e9. Ce mod\u00e8le \u00e9l\u00e9gant peut \u00eatre utilis\u00e9 dans des pi\u00e8ces de 13m2 \u00e0 20m2. Ref: YANGBLMAD21   Ventilateur avec mode antivol  Eyeprotect: LED sans lumi\u00e8re bleue  Double \u00e9clairage \u00e0 fonctionnement individuel  Vous trouverez ce ventilateur en vente exclusivement \u00e0 LEROY MERLINVous trouverez ce ventilateur en vente exclusivement \u00e0 LEROY MERLIN\" \/>\n<meta name=\"robots\" content=\"index, follow, max-snippet:-1, max-image-preview:large, max-video-preview:-1\" \/>\n<link rel=\"canonical\" href=\"https:\/\/arteconfort.com\/fr\/producto\/nerea\/\" \/>\n<meta property=\"og:locale\" content=\"fr_FR\" \/>\n<meta property=\"og:type\" content=\"article\" \/>\n<meta property=\"og:title\" content=\"NEREA - Climatizaci\u00f3n, colecci\u00f3n antigua, Ventiladores de techo - Arteconfort\" \/>\n<meta property=\"og:description\" content=\"Ventilateur NEREA \u00e0 pales r\u00e9tractables ou repliables \u00e0 double \u00e9clairage, avec module LED int\u00e9gr\u00e9 et m\u00e9moire de temp\u00e9rature de couleur. Son corps est blanc et bois et poss\u00e8de 4 pales transparentes r\u00e9tractables, il est facile \u00e0 installer. Il est \u00e9quip\u00e9 d&#039;un moteur DC (courant continu) \u00e0 haute efficacit\u00e9 qui r\u00e9duit la consommation d&#039;\u00e9nergie tout en g\u00e9n\u00e9rant une atmosph\u00e8re agr\u00e9able gr\u00e2ce \u00e0 son fonctionnement silencieux. Il est dot\u00e9 d&#039;une t\u00e9l\u00e9commande qui permet de contr\u00f4ler et de modifier les modes de programmation (1h-2h-4h), la temp\u00e9rature de couleur (3.000K-4.000K-6.000K), les vitesses (6), l&#039;intensit\u00e9 lumineuse (jusqu&#039;\u00e0 8 niveaux), le mode brise (sensation cr\u00e9\u00e9e par le changement constant des vitesses) et le mode hiver-\u00e9t\u00e9. Ce mod\u00e8le \u00e9l\u00e9gant peut \u00eatre utilis\u00e9 dans des pi\u00e8ces de 13m2 \u00e0 20m2. Ref: YANGBLMAD21   Ventilateur avec mode antivol  Eyeprotect: LED sans lumi\u00e8re bleue  Double \u00e9clairage \u00e0 fonctionnement individuel  Vous trouverez ce ventilateur en vente exclusivement \u00e0 LEROY MERLINVous trouverez ce ventilateur en vente exclusivement \u00e0 LEROY MERLIN\" \/>\n<meta property=\"og:url\" content=\"https:\/\/arteconfort.com\/fr\/producto\/nerea\/\" \/>\n<meta property=\"og:site_name\" content=\"Arteconfort\" \/>\n<meta property=\"article:modified_time\" content=\"2025-06-06T11:55:14+00:00\" \/>\n<meta property=\"og:image\" content=\"https:\/\/arteconfort.com\/wp-content\/uploads\/2023\/10\/NEREA-mando.webp\" \/>\n\t<meta property=\"og:image:width\" content=\"1024\" \/>\n\t<meta property=\"og:image:height\" content=\"1024\" \/>\n\t<meta property=\"og:image:type\" content=\"image\/webp\" \/>\n<meta name=\"twitter:card\" content=\"summary_large_image\" \/>\n<meta name=\"twitter:label1\" content=\"Dur\u00e9e de lecture estim\u00e9e\" \/>\n\t<meta name=\"twitter:data1\" content=\"3 minutes\" \/>\n<!-- \/ Yoast SEO plugin. -->","yoast_head_json":{"title":"NEREA - Climatizaci\u00f3n, colecci\u00f3n antigua, Ventiladores de techo - Arteconfort","description":"Ventilateur NEREA \u00e0 pales r\u00e9tractables ou repliables \u00e0 double \u00e9clairage, avec module LED int\u00e9gr\u00e9 et m\u00e9moire de temp\u00e9rature de couleur. Son corps est blanc et bois et poss\u00e8de 4 pales transparentes r\u00e9tractables, il est facile \u00e0 installer. Il est \u00e9quip\u00e9 d'un moteur DC (courant continu) \u00e0 haute efficacit\u00e9 qui r\u00e9duit la consommation d'\u00e9nergie tout en g\u00e9n\u00e9rant une atmosph\u00e8re agr\u00e9able gr\u00e2ce \u00e0 son fonctionnement silencieux. Il est dot\u00e9 d'une t\u00e9l\u00e9commande qui permet de contr\u00f4ler et de modifier les modes de programmation (1h-2h-4h), la temp\u00e9rature de couleur (3.000K-4.000K-6.000K), les vitesses (6), l'intensit\u00e9 lumineuse (jusqu'\u00e0 8 niveaux), le mode brise (sensation cr\u00e9\u00e9e par le changement constant des vitesses) et le mode hiver-\u00e9t\u00e9. Ce mod\u00e8le \u00e9l\u00e9gant peut \u00eatre utilis\u00e9 dans des pi\u00e8ces de 13m2 \u00e0 20m2. Ref: YANGBLMAD21   Ventilateur avec mode antivol  Eyeprotect: LED sans lumi\u00e8re bleue  Double \u00e9clairage \u00e0 fonctionnement individuel  Vous trouverez ce ventilateur en vente exclusivement \u00e0 LEROY MERLINVous trouverez ce ventilateur en vente exclusivement \u00e0 LEROY MERLIN","robots":{"index":"index","follow":"follow","max-snippet":"max-snippet:-1","max-image-preview":"max-image-preview:large","max-video-preview":"max-video-preview:-1"},"canonical":"https:\/\/arteconfort.com\/fr\/producto\/nerea\/","og_locale":"fr_FR","og_type":"article","og_title":"NEREA - Climatizaci\u00f3n, colecci\u00f3n antigua, Ventiladores de techo - Arteconfort","og_description":"Ventilateur NEREA \u00e0 pales r\u00e9tractables ou repliables \u00e0 double \u00e9clairage, avec module LED int\u00e9gr\u00e9 et m\u00e9moire de temp\u00e9rature de couleur. Son corps est blanc et bois et poss\u00e8de 4 pales transparentes r\u00e9tractables, il est facile \u00e0 installer. Il est \u00e9quip\u00e9 d'un moteur DC (courant continu) \u00e0 haute efficacit\u00e9 qui r\u00e9duit la consommation d'\u00e9nergie tout en g\u00e9n\u00e9rant une atmosph\u00e8re agr\u00e9able gr\u00e2ce \u00e0 son fonctionnement silencieux. Il est dot\u00e9 d'une t\u00e9l\u00e9commande qui permet de contr\u00f4ler et de modifier les modes de programmation (1h-2h-4h), la temp\u00e9rature de couleur (3.000K-4.000K-6.000K), les vitesses (6), l'intensit\u00e9 lumineuse (jusqu'\u00e0 8 niveaux), le mode brise (sensation cr\u00e9\u00e9e par le changement constant des vitesses) et le mode hiver-\u00e9t\u00e9. Ce mod\u00e8le \u00e9l\u00e9gant peut \u00eatre utilis\u00e9 dans des pi\u00e8ces de 13m2 \u00e0 20m2. Ref: YANGBLMAD21   Ventilateur avec mode antivol  Eyeprotect: LED sans lumi\u00e8re bleue  Double \u00e9clairage \u00e0 fonctionnement individuel  Vous trouverez ce ventilateur en vente exclusivement \u00e0 LEROY MERLINVous trouverez ce ventilateur en vente exclusivement \u00e0 LEROY MERLIN","og_url":"https:\/\/arteconfort.com\/fr\/producto\/nerea\/","og_site_name":"Arteconfort","article_modified_time":"2025-06-06T11:55:14+00:00","og_image":[{"width":1024,"height":1024,"url":"https:\/\/arteconfort.com\/wp-content\/uploads\/2023\/10\/NEREA-mando.webp","type":"image\/webp"}],"twitter_card":"summary_large_image","twitter_misc":{"Dur\u00e9e de lecture estim\u00e9e":"3 minutes"},"schema":{"@context":"https:\/\/schema.org","@graph":[{"@type":"WebPage","@id":"https:\/\/arteconfort.com\/fr\/producto\/nerea\/","url":"https:\/\/arteconfort.com\/fr\/producto\/nerea\/","name":"NEREA - Climatizaci\u00f3n, colecci\u00f3n antigua, Ventiladores de techo - Arteconfort","isPartOf":{"@id":"https:\/\/arteconfort.com\/fr\/#website"},"primaryImageOfPage":{"@id":"https:\/\/arteconfort.com\/fr\/producto\/nerea\/#primaryimage"},"image":{"@id":"https:\/\/arteconfort.com\/fr\/producto\/nerea\/#primaryimage"},"thumbnailUrl":"https:\/\/arteconfort.com\/wp-content\/uploads\/2023\/10\/NEREA-mando.webp","datePublished":"2023-02-08T08:59:18+00:00","dateModified":"2025-06-06T11:55:14+00:00","description":"Ventilateur NEREA \u00e0 pales r\u00e9tractables ou repliables \u00e0 double \u00e9clairage, avec module LED int\u00e9gr\u00e9 et m\u00e9moire de temp\u00e9rature de couleur. Son corps est blanc et bois et poss\u00e8de 4 pales transparentes r\u00e9tractables, il est facile \u00e0 installer. Il est \u00e9quip\u00e9 d'un moteur DC (courant continu) \u00e0 haute efficacit\u00e9 qui r\u00e9duit la consommation d'\u00e9nergie tout en g\u00e9n\u00e9rant une atmosph\u00e8re agr\u00e9able gr\u00e2ce \u00e0 son fonctionnement silencieux. Il est dot\u00e9 d'une t\u00e9l\u00e9commande qui permet de contr\u00f4ler et de modifier les modes de programmation (1h-2h-4h), la temp\u00e9rature de couleur (3.000K-4.000K-6.000K), les vitesses (6), l'intensit\u00e9 lumineuse (jusqu'\u00e0 8 niveaux), le mode brise (sensation cr\u00e9\u00e9e par le changement constant des vitesses) et le mode hiver-\u00e9t\u00e9. Ce mod\u00e8le \u00e9l\u00e9gant peut \u00eatre utilis\u00e9 dans des pi\u00e8ces de 13m2 \u00e0 20m2. Ref: YANGBLMAD21 Ventilateur avec mode antivol Eyeprotect: LED sans lumi\u00e8re bleue Double \u00e9clairage \u00e0 fonctionnement individuel Vous trouverez ce ventilateur en vente exclusivement \u00e0 LEROY MERLINVous trouverez ce ventilateur en vente exclusivement \u00e0 LEROY MERLIN","breadcrumb":{"@id":"https:\/\/arteconfort.com\/fr\/producto\/nerea\/#breadcrumb"},"inLanguage":"fr-FR","potentialAction":[{"@type":"ReadAction","target":["https:\/\/arteconfort.com\/fr\/producto\/nerea\/"]}]},{"@type":"ImageObject","inLanguage":"fr-FR","@id":"https:\/\/arteconfort.com\/fr\/producto\/nerea\/#primaryimage","url":"https:\/\/arteconfort.com\/wp-content\/uploads\/2023\/10\/NEREA-mando.webp","contentUrl":"https:\/\/arteconfort.com\/wp-content\/uploads\/2023\/10\/NEREA-mando.webp","width":1024,"height":1024},{"@type":"BreadcrumbList","@id":"https:\/\/arteconfort.com\/fr\/producto\/nerea\/#breadcrumb","itemListElement":[{"@type":"ListItem","position":1,"name":"Inicio","item":"https:\/\/arteconfort.com\/fr\/"},{"@type":"ListItem","position":2,"name":"Boutique","item":"https:\/\/arteconfort.com\/fr\/boutique\/"},{"@type":"ListItem","position":3,"name":"NEREA"}]},{"@type":"WebSite","@id":"https:\/\/arteconfort.com\/fr\/#website","url":"https:\/\/arteconfort.com\/fr\/","name":"Arteconfort","description":"Especialistas en productos del hogar","publisher":{"@id":"https:\/\/arteconfort.com\/fr\/#organization"},"potentialAction":[{"@type":"SearchAction","target":{"@type":"EntryPoint","urlTemplate":"https:\/\/arteconfort.com\/fr\/?s={search_term_string}"},"query-input":{"@type":"PropertyValueSpecification","valueRequired":true,"valueName":"search_term_string"}}],"inLanguage":"fr-FR"},{"@type":"Organization","@id":"https:\/\/arteconfort.com\/fr\/#organization","name":"Arteconfort","url":"https:\/\/arteconfort.com\/fr\/","logo":{"@type":"ImageObject","inLanguage":"fr-FR","@id":"https:\/\/arteconfort.com\/fr\/#\/schema\/logo\/image\/","url":"https:\/\/arteconfort.com\/wp-content\/uploads\/2019\/07\/logo-arteconfort.png","contentUrl":"https:\/\/arteconfort.com\/wp-content\/uploads\/2019\/07\/logo-arteconfort.png","width":230,"height":88,"caption":"Arteconfort"},"image":{"@id":"https:\/\/arteconfort.com\/fr\/#\/schema\/logo\/image\/"}}]}},"_links":{"self":[{"href":"https:\/\/arteconfort.com\/fr\/wp-json\/wp\/v2\/product\/25393","targetHints":{"allow":["GET"]}}],"collection":[{"href":"https:\/\/arteconfort.com\/fr\/wp-json\/wp\/v2\/product"}],"about":[{"href":"https:\/\/arteconfort.com\/fr\/wp-json\/wp\/v2\/types\/product"}],"wp:featuredmedia":[{"embeddable":true,"href":"https:\/\/arteconfort.com\/fr\/wp-json\/wp\/v2\/media\/33181"}],"wp:attachment":[{"href":"https:\/\/arteconfort.com\/fr\/wp-json\/wp\/v2\/media?parent=25393"}],"wp:term":[{"taxonomy":"product_brand","embeddable":true,"href":"https:\/\/arteconfort.com\/fr\/wp-json\/wp\/v2\/product_brand?post=25393"},{"taxonomy":"product_cat","embeddable":true,"href":"https:\/\/arteconfort.com\/fr\/wp-json\/wp\/v2\/product_cat?post=25393"},{"taxonomy":"product_tag","embeddable":true,"href":"https:\/\/arteconfort.com\/fr\/wp-json\/wp\/v2\/product_tag?post=25393"}],"curies":[{"name":"wp","href":"https:\/\/api.w.org\/{rel}","templated":true}]}}