{"id":25466,"date":"2023-02-16T13:47:24","date_gmt":"2023-02-16T12:47:24","guid":{"rendered":"https:\/\/arteconfort.com\/producto\/non%20class\u00e9\/mara\/"},"modified":"2023-06-15T15:38:42","modified_gmt":"2023-06-15T13:38:42","slug":"mara","status":"publish","type":"product","link":"https:\/\/arteconfort.com\/fr\/producto\/mara\/","title":{"rendered":"MARA"},"content":{"rendered":"<div class=\"wpb-content-wrapper\"><p>[vc_row][vc_column][vc_empty_space height=&#8221;60px&#8221;][vc_row_inner][vc_column_inner width=&#8221;1\/3&#8243;][wyde_info_box icon_set=&#8221;simple_line&#8221; icon_simple_line=&#8221;sl-energy&#8221; icon_position=&#8221;left&#8221; title=&#8221;CARACT\u00c9RISTIQUES PHYSIQUES ET \u00c9LECTRIQUES&#8221;][\/wyde_info_box][vc_empty_space height=&#8221;10px&#8221;][vc_column_text]Largeur: <strong>15,3cm<\/strong><br \/>\nHaut: <strong>13,5<\/strong><strong>cm<\/strong><br \/>\nComprimento: <b>15,5cm<\/b><br \/>\nMat\u00e9riau du corps: <strong>ABS + PC<\/strong><br \/>\nFinition du corps: <strong>Gris et blanc<\/strong><br \/>\nIP: <strong>54<\/strong><br \/>\nCircuit prot\u00e9g\u00e9: <strong>Oui<\/strong><br \/>\nPas de bouchons: <strong>Oui<\/strong><br \/>\nSans fil: <strong>Oui<\/strong><br \/>\nIsolation \u00e9lectrique: <strong>Classe III<\/strong><br \/>\nContr\u00f4le: <strong>&#8211;<\/strong><br \/>\nPiles: <strong>&#8211;<\/strong><br \/>\nType d&#8217;\u00e9clairage: <strong>Directa<\/strong><br \/>\nSensor: <strong>Non<\/strong><br \/>\nDistance de d\u00e9tection: <strong>&#8211;<\/strong><br \/>\nTemps de courtoisie: <strong>&#8211;<\/strong><br \/>\nProduit ajustable: <strong>&#8211;<\/strong><br \/>\nAccessoires: <strong>C\u00e2ble USB Type-C (5V 1A)<\/strong><br \/>\nGarantie: <strong>3 ann\u00e9es <\/strong>[\/vc_column_text][\/vc_column_inner][vc_column_inner width=&#8221;1\/3&#8243;][wyde_info_box icon_set=&#8221;simple_line&#8221; icon_simple_line=&#8221;sl-mouse&#8221; icon_position=&#8221;left&#8221; title=&#8221;PANNEAU SOLAIRE ET BATTERIE&#8221;][\/wyde_info_box][vc_empty_space height=&#8221;10px&#8221;][vc_column_text]<br \/>\nType de panneau solaire: <strong>Polycristallin<\/strong><br \/>\nType d&#8217;encapsulation: <strong>Verre<\/strong><br \/>\nTemps de charge de la batterie: <strong>12h<\/strong><br \/>\nTemps de charge de la batterie USB: <strong>2h<\/strong><br \/>\nType de batterie: <strong>Li-on 18650<\/strong><br \/>\nTension de chargea: <strong>3,7V<\/strong><br \/>\nCapacit\u00e9: <strong>2.200mAh<\/strong><br \/>\nAutonomie maximale: <strong>8h<\/strong><br \/>\n[\/vc_column_text][\/vc_column_inner][vc_column_inner width=&#8221;1\/3&#8243;][wyde_info_box icon_set=&#8221;stroke_gap&#8221; icon_stroke_gap=&#8221;sg-Bulb&#8221; icon_position=&#8221;left&#8221; title=&#8221;\u00c9CLAIRAGE&#8221;][\/wyde_info_box][vc_empty_space height=&#8221;10px&#8221;][vc_column_text]<br \/>\nFlux lumineux: <strong>400lm<\/strong><br \/>\nPuissance de la LED: <strong>3,8W<\/strong><br \/>\nTemp\u00e9rature de couleur: <strong>4.000K<\/strong><br \/>\nLED OSRAM: <strong>Non<\/strong><br \/>\nAngle d&#8217;ouverture: <strong>120\u00ba<\/strong><br \/>\nDur\u00e9e de vie: <strong>25.000h<\/strong><br \/>\nNombre d&#8217;allumages: <strong>15.000<\/strong><br \/>\nModes de fonctionnement:<br \/>\n<strong>Mode 1:<\/strong> Fixe 25%: actes fix\u00e9s \u00e0 100lm &#8211; 8h d&#8217;autonomie<br \/>\n<strong>Mode 2:<\/strong> Fixe 50%: actes fix\u00e9s \u00e0 200lm &#8211; 4h d&#8217;autonomie<br \/>\n<strong>Mode 3:<\/strong> Fixe 75%: actes fix\u00e9s \u00e0 300lm &#8211; 3h d&#8217;autonomie<br \/>\n<strong>Mode 4:<\/strong> Fixe 100%: actes fix\u00e9s \u00e0 400lm &#8211; autonomie de 2h<br \/>\n*Autonomie avec une charge de batterie de 100<br \/>\n[\/vc_column_text][\/vc_column_inner][\/vc_row_inner][vc_empty_space height=&#8221;60px&#8221;][\/vc_column][\/vc_row][vc_row vertical_align=&#8221;middle&#8221; padding_size=&#8221;no-padding&#8221; background_mode=&#8221;color&#8221; background_color=&#8221;#f5f5f5&#8243;][vc_column text_align=&#8221;center&#8221; offset=&#8221;vc_hidden-md vc_hidden-sm vc_hidden-xs&#8221;][vc_row_inner vertical_align=&#8221;middle&#8221; padding_size=&#8221;no-padding&#8221;][vc_column_inner text_align=&#8221;center&#8221; width=&#8221;1\/3&#8243;][vc_single_image alignment=&#8221;center&#8221; image=&#8221;24167&#8243;][\/vc_column_inner][vc_column_inner width=&#8221;1\/3&#8243;][vc_column_text]Cette lampe solaire est exclusivement en vente sur <strong>LEROY MERLIN<\/strong>[\/vc_column_text][\/vc_column_inner][vc_column_inner width=&#8221;1\/3&#8243;][wyde_link_button icon_set=&#8221;simple_line&#8221; icon_simple_line=&#8221;sl-login&#8221; style=&#8221;outline round&#8221; title=&#8221;Acc\u00e8s Leroy Merlin&#8221; link=&#8221;url:https%3A%2F%2Fwww.leroymerlin.es%2Fproductos%2Filuminacion%2Filuminacion-exterior%2Filuminacion-solar%2Filuminacion-solar-con-detector%2Fsobremesa-solar-mara-400-lm-blanco-neutro-86142983.html%3Fsrc%3Dclk||target:%20_blank|rel:nofollow&#8221; color=&#8221;#61b4e4&#8243; hover_color=&#8221;#ffffff&#8221;][\/vc_column_inner][\/vc_row_inner][\/vc_column][\/vc_row][vc_row vertical_align=&#8221;middle&#8221; padding_size=&#8221;no-padding&#8221; background_mode=&#8221;color&#8221; background_color=&#8221;#f5f5f5&#8243;][vc_column text_align=&#8221;center&#8221; padding_size=&#8221;no-padding&#8221; offset=&#8221;vc_hidden-lg&#8221;][vc_row_inner vertical_align=&#8221;middle&#8221; padding_size=&#8221;no-padding&#8221; css=&#8221;.vc_custom_1664367242377{padding-top: 30px !important;padding-right: 60px !important;padding-bottom: 30px !important;padding-left: 60px !important;}&#8221;][vc_column_inner padding_size=&#8221;no-padding&#8221; width=&#8221;1\/2&#8243;][vc_single_image alignment=&#8221;center&#8221; image=&#8221;24167&#8243;][\/vc_column_inner][vc_column_inner text_align=&#8221;center&#8221; width=&#8221;1\/2&#8243;][vc_column_text]Cette lampe solaire est exclusivement en vente sur <strong>LEROY MERLIN<\/strong>[\/vc_column_text][vc_empty_space height=&#8221;10px&#8221;][wyde_link_button icon_set=&#8221;simple_line&#8221; icon_simple_line=&#8221;sl-login&#8221; style=&#8221;outline round&#8221; title=&#8221;Acc\u00e8s Leroy Merlin&#8221; link=&#8221;url:https%3A%2F%2Fwww.leroymerlin.es%2Fproductos%2Filuminacion%2Filuminacion-exterior%2Filuminacion-solar%2Filuminacion-solar-con-detector%2Fsobremesa-solar-mara-400-lm-blanco-neutro-86142983.html%3Fsrc%3Dclk||target:%20_blank|rel:nofollow&#8221; color=&#8221;#61b4e4&#8243; hover_color=&#8221;#ffffff&#8221;][\/vc_column_inner][\/vc_row_inner][\/vc_column][\/vc_row]<\/p>\n<\/div>","protected":false},"excerpt":{"rendered":"<p>La lampe solaire d&#8217;ext\u00e9rieur MARA se caract\u00e9rise par un design discret et moderne, ainsi que par une lumi\u00e8re indirecte. Elle dispose d&#8217;une grande capacit\u00e9 de charge et de stockage et d&#8217;un flux lumineux \u00e9lev\u00e9. Ce mod\u00e8le dispose de 4 modes d&#8217;\u00e9clairage, ce qui en fait un choix id\u00e9al pour \u00e9clairer n&#8217;importe quel environnement.<br \/>\n<strong>Ref: MARAGR35<\/strong><\/p>\n<ul style=\"list-style-type: circle; padding-left: 80px;\">\n<li>Lampe solaire avec mode int\u00e9rieur et ext\u00e9rieur<\/li>\n<li>Chargement solaire et USB Type-C (c\u00e2ble inclus)<\/li>\n<\/ul>\n<p>[vc_row vertical_align=&#8221;middle&#8221; padding_size=&#8221;no-padding&#8221; background_mode=&#8221;color&#8221; background_color=&#8221;#f5f5f5&#8243;][vc_column text_align=&#8221;center&#8221; offset=&#8221;vc_hidden-md vc_hidden-sm vc_hidden-xs&#8221;][vc_row_inner vertical_align=&#8221;middle&#8221; padding_size=&#8221;no-padding&#8221; css=&#8221;.vc_custom_1664435191461{padding-top: 30px !important;padding-right: 60px !important;padding-bottom: 30px !important;padding-left: 60px !important;}&#8221;][vc_column_inner width=&#8221;1\/2&#8243;][vc_single_image image=&#8221;24179&#8243;][\/vc_column_inner][vc_column_inner width=&#8221;1\/2&#8243;][vc_column_text]Cette lampe solaire est exclusivement en vente sur <strong>LEROY MERLIN<\/strong>[\/vc_column_text][vc_empty_space height=&#8221;10px&#8221;][wyde_link_button icon_set=&#8221;simple_line&#8221; icon_simple_line=&#8221;sl-login&#8221; style=&#8221;outline round&#8221; title=&#8221;Obtenez votre MARA&#8221; link=&#8221;url:https%3A%2F%2Fwww.leroymerlin.es%2Fproductos%2Filuminacion%2Filuminacion-exterior%2Filuminacion-solar%2Filuminacion-solar-con-detector%2Fsobremesa-solar-mara-400-lm-blanco-neutro-86142983.html%3Fsrc%3Dclk||target:%20_blank|rel:nofollow&#8221; color=&#8221;#61b4e4&#8243; hover_color=&#8221;#ffffff&#8221;][\/vc_column_inner][\/vc_row_inner][\/vc_column][\/vc_row][vc_row vertical_align=&#8221;middle&#8221; padding_size=&#8221;no-padding&#8221; background_mode=&#8221;color&#8221; background_color=&#8221;#f5f5f5&#8243;][vc_column text_align=&#8221;center&#8221; padding_size=&#8221;no-padding&#8221; offset=&#8221;vc_hidden-lg&#8221;][vc_row_inner vertical_align=&#8221;middle&#8221; padding_size=&#8221;no-padding&#8221; css=&#8221;.vc_custom_1664367242377{padding-top: 30px !important;padding-right: 60px !important;padding-bottom: 30px !important;padding-left: 60px !important;}&#8221;][vc_column_inner padding_size=&#8221;no-padding&#8221; width=&#8221;1\/2&#8243;][vc_single_image alignment=&#8221;center&#8221; image=&#8221;24165&#8243;][\/vc_column_inner][vc_column_inner text_align=&#8221;center&#8221; width=&#8221;1\/2&#8243;][vc_column_text]Cette lampe solaire est exclusivement en vente sur <strong>LEROY MERLIN<\/strong>[\/vc_column_text][vc_empty_space height=&#8221;10px&#8221;][wyde_link_button icon_set=&#8221;simple_line&#8221; icon_simple_line=&#8221;sl-login&#8221; style=&#8221;outline round&#8221; title=&#8221;Obtenez votre MARA&#8221; link=&#8221;url:https%3A%2F%2Fwww.leroymerlin.es%2Fproductos%2Filuminacion%2Filuminacion-exterior%2Filuminacion-solar%2Filuminacion-solar-con-detector%2Fsobremesa-solar-mara-400-lm-blanco-neutro-86142983.html%3Fsrc%3Dclk||target:%20_blank|rel:nofollow&#8221; color=&#8221;#61b4e4&#8243; hover_color=&#8221;#ffffff&#8221;][\/vc_column_inner][\/vc_row_inner][\/vc_column][\/vc_row][vc_row][vc_column offset=&#8221;vc_hidden-xs&#8221;][vc_empty_space height=&#8221;60px&#8221;][\/vc_column][\/vc_row][vc_row][vc_column width=&#8221;1\/3&#8243;][wyde_link_button icon_set=&#8221;simple_line&#8221; icon_simple_line=&#8221;sl-settings&#8221; style=&#8221;round&#8221; title=&#8221;Instructions&#8221; link=&#8221;url:https%3A%2F%2Farteconfort.com%2Fwp-content%2Fuploads%2F2023%2F02%2Fim-MARA-v1.pdf||target:%20_blank|rel:nofollow&#8221; color=&#8221;#ffffff&#8221; bg_color=&#8221;#222222&#8243;][\/vc_column][\/vc_row]<\/p>\n","protected":false},"featured_media":36021,"template":"","meta":[],"product_brand":[],"product_cat":[1047,344,336],"product_tag":[],"class_list":{"0":"post-25466","1":"product","2":"type-product","3":"status-publish","4":"has-post-thumbnail","6":"product_cat-coleccion-antigua-fr","7":"product_cat-iluminacion-solar-sobre-mesa-fr","8":"product_cat-solar-fr","10":"first","11":"instock","12":"shipping-taxable","13":"product-type-simple"},"yoast_head":"<!-- This site is optimized with the Yoast SEO plugin v26.5 - https:\/\/yoast.com\/wordpress\/plugins\/seo\/ -->\n<title>MARA - colecci\u00f3n antigua, Sobre mesa, Solar - Arteconfort<\/title>\n<meta name=\"description\" content=\"La lampe solaire d&#039;ext\u00e9rieur MARA se caract\u00e9rise par un design discret et moderne, ainsi que par une lumi\u00e8re indirecte. Elle dispose d&#039;une grande capacit\u00e9 de charge et de stockage et d&#039;un flux lumineux \u00e9lev\u00e9. Ce mod\u00e8le dispose de 4 modes d&#039;\u00e9clairage, ce qui en fait un choix id\u00e9al pour \u00e9clairer n&#039;importe quel environnement. Ref: MARAGR35   Lampe solaire avec mode int\u00e9rieur et ext\u00e9rieur  Chargement solaire et USB Type-C (c\u00e2ble inclus)  Cette lampe solaire est exclusivement en vente sur LEROY MERLINCette lampe solaire est exclusivement en vente sur LEROY MERLIN\" \/>\n<meta name=\"robots\" content=\"index, follow, max-snippet:-1, max-image-preview:large, max-video-preview:-1\" \/>\n<link rel=\"canonical\" href=\"https:\/\/arteconfort.com\/fr\/producto\/mara\/\" \/>\n<meta property=\"og:locale\" content=\"fr_FR\" \/>\n<meta property=\"og:type\" content=\"article\" \/>\n<meta property=\"og:title\" content=\"MARA - colecci\u00f3n antigua, Sobre mesa, Solar - Arteconfort\" \/>\n<meta property=\"og:description\" content=\"La lampe solaire d&#039;ext\u00e9rieur MARA se caract\u00e9rise par un design discret et moderne, ainsi que par une lumi\u00e8re indirecte. Elle dispose d&#039;une grande capacit\u00e9 de charge et de stockage et d&#039;un flux lumineux \u00e9lev\u00e9. Ce mod\u00e8le dispose de 4 modes d&#039;\u00e9clairage, ce qui en fait un choix id\u00e9al pour \u00e9clairer n&#039;importe quel environnement. Ref: MARAGR35   Lampe solaire avec mode int\u00e9rieur et ext\u00e9rieur  Chargement solaire et USB Type-C (c\u00e2ble inclus)  Cette lampe solaire est exclusivement en vente sur LEROY MERLINCette lampe solaire est exclusivement en vente sur LEROY MERLIN\" \/>\n<meta property=\"og:url\" content=\"https:\/\/arteconfort.com\/fr\/producto\/mara\/\" \/>\n<meta property=\"og:site_name\" content=\"Arteconfort\" \/>\n<meta property=\"article:modified_time\" content=\"2023-06-15T13:38:42+00:00\" \/>\n<meta property=\"og:image\" content=\"https:\/\/arteconfort.com\/wp-content\/uploads\/2023\/10\/MARA.webp\" \/>\n\t<meta property=\"og:image:width\" content=\"1024\" \/>\n\t<meta property=\"og:image:height\" content=\"1024\" \/>\n\t<meta property=\"og:image:type\" content=\"image\/webp\" \/>\n<meta name=\"twitter:card\" content=\"summary_large_image\" \/>\n<meta name=\"twitter:label1\" content=\"Dur\u00e9e de lecture estim\u00e9e\" \/>\n\t<meta name=\"twitter:data1\" content=\"3 minutes\" \/>\n<!-- \/ Yoast SEO plugin. -->","yoast_head_json":{"title":"MARA - colecci\u00f3n antigua, Sobre mesa, Solar - Arteconfort","description":"La lampe solaire d'ext\u00e9rieur MARA se caract\u00e9rise par un design discret et moderne, ainsi que par une lumi\u00e8re indirecte. Elle dispose d'une grande capacit\u00e9 de charge et de stockage et d'un flux lumineux \u00e9lev\u00e9. Ce mod\u00e8le dispose de 4 modes d'\u00e9clairage, ce qui en fait un choix id\u00e9al pour \u00e9clairer n'importe quel environnement. Ref: MARAGR35   Lampe solaire avec mode int\u00e9rieur et ext\u00e9rieur  Chargement solaire et USB Type-C (c\u00e2ble inclus)  Cette lampe solaire est exclusivement en vente sur LEROY MERLINCette lampe solaire est exclusivement en vente sur LEROY MERLIN","robots":{"index":"index","follow":"follow","max-snippet":"max-snippet:-1","max-image-preview":"max-image-preview:large","max-video-preview":"max-video-preview:-1"},"canonical":"https:\/\/arteconfort.com\/fr\/producto\/mara\/","og_locale":"fr_FR","og_type":"article","og_title":"MARA - colecci\u00f3n antigua, Sobre mesa, Solar - Arteconfort","og_description":"La lampe solaire d'ext\u00e9rieur MARA se caract\u00e9rise par un design discret et moderne, ainsi que par une lumi\u00e8re indirecte. Elle dispose d'une grande capacit\u00e9 de charge et de stockage et d'un flux lumineux \u00e9lev\u00e9. Ce mod\u00e8le dispose de 4 modes d'\u00e9clairage, ce qui en fait un choix id\u00e9al pour \u00e9clairer n'importe quel environnement. Ref: MARAGR35   Lampe solaire avec mode int\u00e9rieur et ext\u00e9rieur  Chargement solaire et USB Type-C (c\u00e2ble inclus)  Cette lampe solaire est exclusivement en vente sur LEROY MERLINCette lampe solaire est exclusivement en vente sur LEROY MERLIN","og_url":"https:\/\/arteconfort.com\/fr\/producto\/mara\/","og_site_name":"Arteconfort","article_modified_time":"2023-06-15T13:38:42+00:00","og_image":[{"width":1024,"height":1024,"url":"https:\/\/arteconfort.com\/wp-content\/uploads\/2023\/10\/MARA.webp","type":"image\/webp"}],"twitter_card":"summary_large_image","twitter_misc":{"Dur\u00e9e de lecture estim\u00e9e":"3 minutes"},"schema":{"@context":"https:\/\/schema.org","@graph":[{"@type":"WebPage","@id":"https:\/\/arteconfort.com\/fr\/producto\/mara\/","url":"https:\/\/arteconfort.com\/fr\/producto\/mara\/","name":"MARA - colecci\u00f3n antigua, Sobre mesa, Solar - Arteconfort","isPartOf":{"@id":"https:\/\/arteconfort.com\/fr\/#website"},"primaryImageOfPage":{"@id":"https:\/\/arteconfort.com\/fr\/producto\/mara\/#primaryimage"},"image":{"@id":"https:\/\/arteconfort.com\/fr\/producto\/mara\/#primaryimage"},"thumbnailUrl":"https:\/\/arteconfort.com\/wp-content\/uploads\/2023\/10\/MARA.webp","datePublished":"2023-02-16T12:47:24+00:00","dateModified":"2023-06-15T13:38:42+00:00","description":"La lampe solaire d'ext\u00e9rieur MARA se caract\u00e9rise par un design discret et moderne, ainsi que par une lumi\u00e8re indirecte. Elle dispose d'une grande capacit\u00e9 de charge et de stockage et d'un flux lumineux \u00e9lev\u00e9. Ce mod\u00e8le dispose de 4 modes d'\u00e9clairage, ce qui en fait un choix id\u00e9al pour \u00e9clairer n'importe quel environnement. Ref: MARAGR35 Lampe solaire avec mode int\u00e9rieur et ext\u00e9rieur Chargement solaire et USB Type-C (c\u00e2ble inclus) Cette lampe solaire est exclusivement en vente sur LEROY MERLINCette lampe solaire est exclusivement en vente sur LEROY MERLIN","breadcrumb":{"@id":"https:\/\/arteconfort.com\/fr\/producto\/mara\/#breadcrumb"},"inLanguage":"fr-FR","potentialAction":[{"@type":"ReadAction","target":["https:\/\/arteconfort.com\/fr\/producto\/mara\/"]}]},{"@type":"ImageObject","inLanguage":"fr-FR","@id":"https:\/\/arteconfort.com\/fr\/producto\/mara\/#primaryimage","url":"https:\/\/arteconfort.com\/wp-content\/uploads\/2023\/10\/MARA.webp","contentUrl":"https:\/\/arteconfort.com\/wp-content\/uploads\/2023\/10\/MARA.webp","width":1024,"height":1024,"caption":"L\u00e1mpara solar de sobremesa MARA"},{"@type":"BreadcrumbList","@id":"https:\/\/arteconfort.com\/fr\/producto\/mara\/#breadcrumb","itemListElement":[{"@type":"ListItem","position":1,"name":"Inicio","item":"https:\/\/arteconfort.com\/fr\/"},{"@type":"ListItem","position":2,"name":"Boutique","item":"https:\/\/arteconfort.com\/fr\/boutique\/"},{"@type":"ListItem","position":3,"name":"MARA"}]},{"@type":"WebSite","@id":"https:\/\/arteconfort.com\/fr\/#website","url":"https:\/\/arteconfort.com\/fr\/","name":"Arteconfort","description":"Especialistas en productos del hogar","publisher":{"@id":"https:\/\/arteconfort.com\/fr\/#organization"},"potentialAction":[{"@type":"SearchAction","target":{"@type":"EntryPoint","urlTemplate":"https:\/\/arteconfort.com\/fr\/?s={search_term_string}"},"query-input":{"@type":"PropertyValueSpecification","valueRequired":true,"valueName":"search_term_string"}}],"inLanguage":"fr-FR"},{"@type":"Organization","@id":"https:\/\/arteconfort.com\/fr\/#organization","name":"Arteconfort","url":"https:\/\/arteconfort.com\/fr\/","logo":{"@type":"ImageObject","inLanguage":"fr-FR","@id":"https:\/\/arteconfort.com\/fr\/#\/schema\/logo\/image\/","url":"https:\/\/arteconfort.com\/wp-content\/uploads\/2019\/07\/logo-arteconfort.png","contentUrl":"https:\/\/arteconfort.com\/wp-content\/uploads\/2019\/07\/logo-arteconfort.png","width":230,"height":88,"caption":"Arteconfort"},"image":{"@id":"https:\/\/arteconfort.com\/fr\/#\/schema\/logo\/image\/"}}]}},"_links":{"self":[{"href":"https:\/\/arteconfort.com\/fr\/wp-json\/wp\/v2\/product\/25466","targetHints":{"allow":["GET"]}}],"collection":[{"href":"https:\/\/arteconfort.com\/fr\/wp-json\/wp\/v2\/product"}],"about":[{"href":"https:\/\/arteconfort.com\/fr\/wp-json\/wp\/v2\/types\/product"}],"wp:featuredmedia":[{"embeddable":true,"href":"https:\/\/arteconfort.com\/fr\/wp-json\/wp\/v2\/media\/36021"}],"wp:attachment":[{"href":"https:\/\/arteconfort.com\/fr\/wp-json\/wp\/v2\/media?parent=25466"}],"wp:term":[{"taxonomy":"product_brand","embeddable":true,"href":"https:\/\/arteconfort.com\/fr\/wp-json\/wp\/v2\/product_brand?post=25466"},{"taxonomy":"product_cat","embeddable":true,"href":"https:\/\/arteconfort.com\/fr\/wp-json\/wp\/v2\/product_cat?post=25466"},{"taxonomy":"product_tag","embeddable":true,"href":"https:\/\/arteconfort.com\/fr\/wp-json\/wp\/v2\/product_tag?post=25466"}],"curies":[{"name":"wp","href":"https:\/\/api.w.org\/{rel}","templated":true}]}}