{"id":43591,"date":"2025-01-28T13:41:24","date_gmt":"2025-01-28T12:41:24","guid":{"rendered":"https:\/\/arteconfort.com\/?post_type=product&#038;p=43591"},"modified":"2025-06-13T11:48:08","modified_gmt":"2025-06-13T09:48:08","slug":"clario","status":"publish","type":"product","link":"https:\/\/arteconfort.com\/fr\/producto\/clario\/","title":{"rendered":"CLARIO"},"content":{"rendered":"<div class=\"wpb-content-wrapper\"><p>[vc_row][vc_column][vc_empty_space height=&#8221;60px&#8221;][vc_row_inner][vc_column_inner width=&#8221;1\/3&#8243;][wyde_info_box icon_set=&#8221;simple_line&#8221; icon_simple_line=&#8221;sl-energy&#8221; icon_position=&#8221;left&#8221; title=&#8221;CARACT\u00c9RISTIQUES PHYSIQUES ET \u00c9LECTRIQUES&#8221;][\/wyde_info_box][vc_empty_space height=&#8221;10px&#8221;][vc_column_text]Largeur: <strong>13cm<\/strong><br \/>\nHauteur: <strong>13,7<\/strong><strong>cm<\/strong><br \/>\nProfondeur: <b>15,2cm<\/b><br \/>\nMat\u00e9riau du corps: <strong>ABS<\/strong><br \/>\nFinition du corps: <strong>Noir<\/strong><br \/>\nIP: <strong>54<\/strong><br \/>\nCircuit prot\u00e9g\u00e9: <strong>Oui<\/strong><br \/>\nPas de prises: <strong>Oui<\/strong><br \/>\nSans fil: <strong>&#8211;<\/strong><br \/>\nIsolation \u00e9lectrique: <strong>Classe III<\/strong><br \/>\nT\u00e9l\u00e9commande: <strong>Non<\/strong><br \/>\nPiles: <strong>Non<\/strong><br \/>\nType d&#8217;\u00e9clairage: <strong>Direct<\/strong><br \/>\nCapteur: <strong>PIR<\/strong><br \/>\nDistance de d\u00e9tection: <strong>4-5m<\/strong><br \/>\nTemps de courtoisie: <strong>30s<\/strong><br \/>\nProduit orientable: <strong>Non<\/strong><br \/>\nAccessoires: <strong>&#8211;<\/strong><br \/>\nGarantie: <strong>3 ans<\/strong>[\/vc_column_text][\/vc_column_inner][vc_column_inner width=&#8221;1\/3&#8243;][wyde_info_box icon_set=&#8221;simple_line&#8221; icon_simple_line=&#8221;sl-mouse&#8221; icon_position=&#8221;left&#8221; title=&#8221;PANNEAU SOLAIRE ET BATTERIE&#8221;][\/wyde_info_box][vc_empty_space height=&#8221;10px&#8221;][vc_column_text]<br \/>\nType de panneau solaire: <strong>Monocristallin<\/strong><br \/>\nType d&#8217;encapsulation: <strong>Verre<\/strong><br \/>\nTemps de charge de la batterie: <strong>7h<\/strong><br \/>\nType de batterie: <strong>Li-on 18.650<\/strong><br \/>\nTension de charge: <strong>3,7V<\/strong><br \/>\nCapacit\u00e9: <strong>2.000mAh<\/strong><br \/>\nAutonomie maximale: <strong>15h<\/strong><br \/>\n[\/vc_column_text][\/vc_column_inner][vc_column_inner width=&#8221;1\/3&#8243;][wyde_info_box icon_set=&#8221;stroke_gap&#8221; icon_stroke_gap=&#8221;sg-Bulb&#8221; icon_position=&#8221;left&#8221; title=&#8221;\u00c9CLAIRAGE&#8221;][\/wyde_info_box][vc_empty_space height=&#8221;10px&#8221;][vc_column_text]<br \/>\nFlux lumineux maximal: <strong>1.000lm<\/strong><br \/>\nPuissance LED: <strong>7W<\/strong><br \/>\nTemp\u00e9rature de couleur: <strong>4.000K<\/strong><br \/>\nAngle d&#8217;ouverture: <strong>120\u00ba<\/strong><br \/>\nDur\u00e9e de demi-vie: <strong>40.000h<\/strong><br \/>\nNombre d&#8217;allumages: <strong>10.000<\/strong><br \/>\nModes de fonctionnement:<br \/>\n<strong>Mode 1:<\/strong> Fixe 25% 250lm 5h<br \/>\n<strong>Mode 2:<\/strong> Capteur 10-100% 100-1000lm 15h<br \/>\n<strong>Mode 3:<\/strong> Capteur 0-100% 0-1000lm 180 ON-OFF<br \/>\n<strong>Mode 4:<\/strong> Fixe 100% 1000lm 2h<br \/>\n*Autonomie avec batterie charg\u00e9e \u00e0 100%<br \/>\n[\/vc_column_text][\/vc_column_inner][\/vc_row_inner][vc_empty_space height=&#8221;60px&#8221;][\/vc_column][\/vc_row][vc_row vertical_align=&#8221;middle&#8221; padding_size=&#8221;no-padding&#8221; background_mode=&#8221;color&#8221; background_color=&#8221;#f5f5f5&#8243;][vc_column text_align=&#8221;center&#8221; padding_size=&#8221;no-padding&#8221;][vc_row_inner vertical_align=&#8221;middle&#8221; padding_size=&#8221;no-padding&#8221; css=&#8221;.vc_custom_1664367242377{padding-top: 30px !important;padding-right: 60px !important;padding-bottom: 30px !important;padding-left: 60px !important;}&#8221;][vc_column_inner padding_size=&#8221;no-padding&#8221; width=&#8221;2\/3&#8243;][wyde_heading style=&#8221;2&#8243; title_tag=&#8221;h3&#8243; title=&#8221;Pi\u00e8ces d\u00e9tach\u00e9es disponibles pour l&#8217;applique solaire CLARIO&#8221; heading_color=&#8221;#000000&#8243;][vc_column_text]Vous pouvez acheter la pi\u00e8ce de rechange pour votre lampe solaire dans le m\u00eame magasin que celui o\u00f9 vous avez achet\u00e9 votre lampe solaire ou dans un autre magasin de la m\u00eame cha\u00eene.[\/vc_column_text][vc_empty_space][wyde_info_box icon=&#8221;fa fa-check&#8221; icon_position=&#8221;left&#8221; title=&#8221;BATTERIE&#8221;][\/wyde_info_box][vc_empty_space height=&#8221;20px&#8221;][\/vc_column_inner][vc_column_inner text_align=&#8221;center&#8221; width=&#8221;1\/3&#8243; background_color=&#8221;#ffffff&#8221;][vc_empty_space height=&#8221;20px&#8221;][vc_column_text]<em>Si vous avez des questions, vous pouvez nous contacter via le formulaire de contact:<\/em>[\/vc_column_text][vc_empty_space height=&#8221;20px&#8221;][wyde_link_button icon_set=&#8221;simple_line&#8221; icon_simple_line=&#8221;sl-bubbles&#8221; style=&#8221;outline round&#8221; title=&#8221;Consulter&#8221; link=&#8221;url:https%3A%2F%2Farteconfort.com%2Fcontacto%2F|||&#8221; color=&#8221;#61b4e4&#8243; hover_color=&#8221;#ffffff&#8221;][vc_empty_space height=&#8221;40px&#8221;][vc_single_image alignment=&#8221;center&#8221; image=&#8221;24269&#8243;][\/vc_column_inner][\/vc_row_inner][\/vc_column][\/vc_row][vc_row][vc_column][vc_empty_space height=&#8221;80px&#8221;][\/vc_column][\/vc_row][vc_row vertical_align=&#8221;middle&#8221; padding_size=&#8221;no-padding&#8221; background_mode=&#8221;color&#8221; background_color=&#8221;#f5f5f5&#8243;][vc_column text_align=&#8221;center&#8221; offset=&#8221;vc_hidden-md vc_hidden-sm vc_hidden-xs&#8221;][vc_row_inner vertical_align=&#8221;middle&#8221; padding_size=&#8221;no-padding&#8221;][vc_column_inner text_align=&#8221;center&#8221; width=&#8221;1\/3&#8243;][vc_single_image alignment=&#8221;center&#8221; image=&#8221;24197&#8243;][\/vc_column_inner][vc_column_inner width=&#8221;1\/3&#8243;][vc_column_text]Retrouvez ce ventilateur en vente exclusivement chez <strong>BAUHAUS<\/strong>[\/vc_column_text][\/vc_column_inner][vc_column_inner width=&#8221;1\/3&#8243;][wyde_link_button icon_set=&#8221;simple_line&#8221; icon_simple_line=&#8221;sl-login&#8221; style=&#8221;outline round&#8221; title=&#8221;Acc\u00e8s Bauhaus&#8221; link=&#8221;url:https%3A%2F%2Fwww.bauhaus.es%2Fapliques-de-exterior%2Farte-confort-aplique-solar-led-para-exterior-clario%2Fp%2F32143926||target:%20_blank|rel:nofollow&#8221; color=&#8221;#61b4e4&#8243; hover_color=&#8221;#ffffff&#8221;][\/vc_column_inner][\/vc_row_inner][\/vc_column][\/vc_row][vc_row vertical_align=&#8221;middle&#8221; padding_size=&#8221;no-padding&#8221; background_mode=&#8221;color&#8221; background_color=&#8221;#f5f5f5&#8243;][vc_column text_align=&#8221;center&#8221; padding_size=&#8221;no-padding&#8221; offset=&#8221;vc_hidden-lg&#8221;][vc_row_inner vertical_align=&#8221;middle&#8221; padding_size=&#8221;no-padding&#8221; css=&#8221;.vc_custom_1664367242377{padding-top: 30px !important;padding-right: 60px !important;padding-bottom: 30px !important;padding-left: 60px !important;}&#8221;][vc_column_inner padding_size=&#8221;no-padding&#8221; width=&#8221;1\/2&#8243;][vc_single_image alignment=&#8221;center&#8221; image=&#8221;24197&#8243;][\/vc_column_inner][vc_column_inner text_align=&#8221;center&#8221; width=&#8221;1\/2&#8243;][vc_column_text]Retrouvez ce ventilateur en vente exclusivement chez <strong>BAUHAUS<\/strong>[\/vc_column_text][vc_empty_space height=&#8221;10px&#8221;][wyde_link_button icon_set=&#8221;simple_line&#8221; icon_simple_line=&#8221;sl-login&#8221; style=&#8221;outline round&#8221; title=&#8221;Acc\u00e8s Bauhaus&#8221; link=&#8221;url:https%3A%2F%2Fwww.bauhaus.es%2Fapliques-de-exterior%2Farte-confort-aplique-solar-led-para-exterior-clario%2Fp%2F32143926||target:%20_blank|rel:nofollow&#8221; color=&#8221;#61b4e4&#8243; hover_color=&#8221;#ffffff&#8221;][\/vc_column_inner][\/vc_row_inner][\/vc_column][\/vc_row]<\/p>\n<\/div>","protected":false},"excerpt":{"rendered":"<p>L&#8217;applique solaire CLARIO offre un \u00e9clairage blanc neutre intense avec quatre modes de fonctionnement, dont deux par capteur PIR. Elle est tr\u00e8s facile \u00e0 installer gr\u00e2ce \u00e0 son syst\u00e8me de rail. Sa batterie est rempla\u00e7able lorsqu&#8217;elle ne fonctionne plus correctement.<br \/>\n<strong>Ref: CLARIONG31<br \/>\n<\/strong><\/p>\n<ul style=\"list-style-type: circle; padding-left: 80px;\">\n<li>4 modes de fonctionnement<\/li>\n<li>IP54<\/li>\n<li>Eclairage direct<\/li>\n<\/ul>\n<p>[vc_row vertical_align=&#8221;middle&#8221; padding_size=&#8221;no-padding&#8221; background_mode=&#8221;color&#8221; background_color=&#8221;#f5f5f5&#8243;][vc_column text_align=&#8221;center&#8221; offset=&#8221;vc_hidden-md vc_hidden-sm vc_hidden-xs&#8221;][vc_row_inner vertical_align=&#8221;middle&#8221; padding_size=&#8221;no-padding&#8221; css=&#8221;.vc_custom_1664435191461{padding-top: 30px !important;padding-right: 60px !important;padding-bottom: 30px !important;padding-left: 60px !important;}&#8221;][vc_column_inner width=&#8221;1\/2&#8243;][vc_single_image image=&#8221;24200&#8243;][\/vc_column_inner][vc_column_inner width=&#8221;1\/2&#8243;][vc_column_text]Retrouvez ce ventilateur en vente exclusivement chez <strong>BAUHAUS<\/strong>[\/vc_column_text][vc_empty_space height=&#8221;10px&#8221;][wyde_link_button icon_set=&#8221;simple_line&#8221; icon_simple_line=&#8221;sl-login&#8221; style=&#8221;outline round&#8221; title=&#8221;Acc\u00e8s Bauhaus&#8221; link=&#8221;url:https%3A%2F%2Fwww.bauhaus.es%2Fapliques-de-exterior%2Farte-confort-aplique-solar-led-para-exterior-clario%2Fp%2F32143926||target:%20_blank|rel:nofollow&#8221; color=&#8221;#61b4e4&#8243; hover_color=&#8221;#ffffff&#8221;][\/vc_column_inner][\/vc_row_inner][\/vc_column][\/vc_row][vc_row vertical_align=&#8221;middle&#8221; padding_size=&#8221;no-padding&#8221; background_mode=&#8221;color&#8221; background_color=&#8221;#f5f5f5&#8243;][vc_column text_align=&#8221;center&#8221; padding_size=&#8221;no-padding&#8221; offset=&#8221;vc_hidden-lg&#8221;][vc_row_inner vertical_align=&#8221;middle&#8221; padding_size=&#8221;no-padding&#8221; css=&#8221;.vc_custom_1664367242377{padding-top: 30px !important;padding-right: 60px !important;padding-bottom: 30px !important;padding-left: 60px !important;}&#8221;][vc_column_inner padding_size=&#8221;no-padding&#8221; width=&#8221;1\/2&#8243;][vc_single_image alignment=&#8221;center&#8221; image=&#8221;24195&#8243;][\/vc_column_inner][vc_column_inner text_align=&#8221;center&#8221; width=&#8221;1\/2&#8243;][vc_column_text]Retrouvez ce ventilateur en vente exclusivement chez <strong>BAUHAUS<\/strong>[\/vc_column_text][vc_empty_space height=&#8221;10px&#8221;][wyde_link_button icon_set=&#8221;simple_line&#8221; icon_simple_line=&#8221;sl-login&#8221; style=&#8221;outline round&#8221; title=&#8221;Acc\u00e8s Bauhaus&#8221; link=&#8221;url:https%3A%2F%2Fwww.bauhaus.es%2Fapliques-de-exterior%2Farte-confort-aplique-solar-led-para-exterior-clario%2Fp%2F32143926||target:%20_blank|rel:nofollow&#8221; color=&#8221;#61b4e4&#8243; hover_color=&#8221;#ffffff&#8221;][\/vc_column_inner][\/vc_row_inner][\/vc_column][\/vc_row][vc_row][vc_column offset=&#8221;vc_hidden-xs&#8221;][vc_empty_space height=&#8221;60px&#8221;][\/vc_column][\/vc_row][vc_row][vc_column width=&#8221;1\/3&#8243;][wyde_link_button icon_set=&#8221;simple_line&#8221; icon_simple_line=&#8221;sl-settings&#8221; style=&#8221;round&#8221; title=&#8221;Instructions&#8221; link=&#8221;url:https%3A%2F%2Farteconfort.com%2Fwp-content%2Fuploads%2F2025%2F01%2Fim-CLARIO-v2-contornos.pdf||target:%20_blank|rel:nofollow&#8221; color=&#8221;#ffffff&#8221; bg_color=&#8221;#222222&#8243;][\/vc_column][vc_column width=&#8221;1\/3&#8243;][wyde_link_button icon_set=&#8221;simple_line&#8221; icon_simple_line=&#8221;sl-social-youtube&#8221; style=&#8221;outline round&#8221; title=&#8221;Vid\u00e9o&#8221; link=&#8221;url:https%3A%2F%2Fwww.youtube.com%2Fwatch%3Fv%3DL-nfLCWZQIU|target:_blank|rel:nofollow&#8221; color=&#8221;#222222&#8243; hover_color=&#8221;#ffffff&#8221;][\/vc_column][\/vc_row][vc_row][vc_column][vc_empty_space][\/vc_column][\/vc_row]<\/p>\n","protected":false},"featured_media":44282,"template":"","meta":[],"product_brand":[],"product_cat":[340,336],"product_tag":[],"class_list":{"0":"post-43591","1":"product","2":"type-product","3":"status-publish","4":"has-post-thumbnail","6":"product_cat-iluminacion-solar-de-pared-fr","7":"product_cat-solar-fr","9":"first","10":"instock","11":"shipping-taxable","12":"product-type-simple"},"yoast_head":"<!-- This site is optimized with the Yoast SEO plugin v26.5 - https:\/\/yoast.com\/wordpress\/plugins\/seo\/ -->\n<title>CLARIO - Pared, Solar - Arteconfort<\/title>\n<meta name=\"description\" content=\"L&#039;applique solaire CLARIO offre un \u00e9clairage blanc neutre intense avec quatre modes de fonctionnement, dont deux par capteur PIR. Elle est tr\u00e8s facile \u00e0 installer gr\u00e2ce \u00e0 son syst\u00e8me de rail. Sa batterie est rempla\u00e7able lorsqu&#039;elle ne fonctionne plus correctement. Ref: CLARIONG31    4 modes de fonctionnement  IP54  Eclairage direct  Retrouvez ce ventilateur en vente exclusivement chez BAUHAUSRetrouvez ce ventilateur en vente exclusivement chez BAUHAUS\" \/>\n<meta name=\"robots\" content=\"index, follow, max-snippet:-1, max-image-preview:large, max-video-preview:-1\" \/>\n<link rel=\"canonical\" href=\"https:\/\/arteconfort.com\/fr\/producto\/clario\/\" \/>\n<meta property=\"og:locale\" content=\"fr_FR\" \/>\n<meta property=\"og:type\" content=\"article\" \/>\n<meta property=\"og:title\" content=\"CLARIO - Pared, Solar - Arteconfort\" \/>\n<meta property=\"og:description\" content=\"L&#039;applique solaire CLARIO offre un \u00e9clairage blanc neutre intense avec quatre modes de fonctionnement, dont deux par capteur PIR. Elle est tr\u00e8s facile \u00e0 installer gr\u00e2ce \u00e0 son syst\u00e8me de rail. Sa batterie est rempla\u00e7able lorsqu&#039;elle ne fonctionne plus correctement. Ref: CLARIONG31    4 modes de fonctionnement  IP54  Eclairage direct  Retrouvez ce ventilateur en vente exclusivement chez BAUHAUSRetrouvez ce ventilateur en vente exclusivement chez BAUHAUS\" \/>\n<meta property=\"og:url\" content=\"https:\/\/arteconfort.com\/fr\/producto\/clario\/\" \/>\n<meta property=\"og:site_name\" content=\"Arteconfort\" \/>\n<meta property=\"article:modified_time\" content=\"2025-06-13T09:48:08+00:00\" \/>\n<meta property=\"og:image\" content=\"https:\/\/arteconfort.com\/wp-content\/uploads\/2025\/03\/CLARIO.webp\" \/>\n\t<meta property=\"og:image:width\" content=\"1024\" \/>\n\t<meta property=\"og:image:height\" content=\"1024\" \/>\n\t<meta property=\"og:image:type\" content=\"image\/webp\" \/>\n<meta name=\"twitter:card\" content=\"summary_large_image\" \/>\n<meta name=\"twitter:label1\" content=\"Dur\u00e9e de lecture estim\u00e9e\" \/>\n\t<meta name=\"twitter:data1\" content=\"2 minutes\" \/>\n<!-- \/ Yoast SEO plugin. -->","yoast_head_json":{"title":"CLARIO - Pared, Solar - Arteconfort","description":"L'applique solaire CLARIO offre un \u00e9clairage blanc neutre intense avec quatre modes de fonctionnement, dont deux par capteur PIR. Elle est tr\u00e8s facile \u00e0 installer gr\u00e2ce \u00e0 son syst\u00e8me de rail. Sa batterie est rempla\u00e7able lorsqu'elle ne fonctionne plus correctement. Ref: CLARIONG31    4 modes de fonctionnement  IP54  Eclairage direct  Retrouvez ce ventilateur en vente exclusivement chez BAUHAUSRetrouvez ce ventilateur en vente exclusivement chez BAUHAUS","robots":{"index":"index","follow":"follow","max-snippet":"max-snippet:-1","max-image-preview":"max-image-preview:large","max-video-preview":"max-video-preview:-1"},"canonical":"https:\/\/arteconfort.com\/fr\/producto\/clario\/","og_locale":"fr_FR","og_type":"article","og_title":"CLARIO - Pared, Solar - Arteconfort","og_description":"L'applique solaire CLARIO offre un \u00e9clairage blanc neutre intense avec quatre modes de fonctionnement, dont deux par capteur PIR. Elle est tr\u00e8s facile \u00e0 installer gr\u00e2ce \u00e0 son syst\u00e8me de rail. Sa batterie est rempla\u00e7able lorsqu'elle ne fonctionne plus correctement. Ref: CLARIONG31    4 modes de fonctionnement  IP54  Eclairage direct  Retrouvez ce ventilateur en vente exclusivement chez BAUHAUSRetrouvez ce ventilateur en vente exclusivement chez BAUHAUS","og_url":"https:\/\/arteconfort.com\/fr\/producto\/clario\/","og_site_name":"Arteconfort","article_modified_time":"2025-06-13T09:48:08+00:00","og_image":[{"width":1024,"height":1024,"url":"https:\/\/arteconfort.com\/wp-content\/uploads\/2025\/03\/CLARIO.webp","type":"image\/webp"}],"twitter_card":"summary_large_image","twitter_misc":{"Dur\u00e9e de lecture estim\u00e9e":"2 minutes"},"schema":{"@context":"https:\/\/schema.org","@graph":[{"@type":"WebPage","@id":"https:\/\/arteconfort.com\/fr\/producto\/clario\/","url":"https:\/\/arteconfort.com\/fr\/producto\/clario\/","name":"CLARIO - Pared, Solar - Arteconfort","isPartOf":{"@id":"https:\/\/arteconfort.com\/fr\/#website"},"primaryImageOfPage":{"@id":"https:\/\/arteconfort.com\/fr\/producto\/clario\/#primaryimage"},"image":{"@id":"https:\/\/arteconfort.com\/fr\/producto\/clario\/#primaryimage"},"thumbnailUrl":"https:\/\/arteconfort.com\/wp-content\/uploads\/2025\/03\/CLARIO.webp","datePublished":"2025-01-28T12:41:24+00:00","dateModified":"2025-06-13T09:48:08+00:00","description":"L'applique solaire CLARIO offre un \u00e9clairage blanc neutre intense avec quatre modes de fonctionnement, dont deux par capteur PIR. Elle est tr\u00e8s facile \u00e0 installer gr\u00e2ce \u00e0 son syst\u00e8me de rail. Sa batterie est rempla\u00e7able lorsqu'elle ne fonctionne plus correctement. Ref: CLARIONG31 4 modes de fonctionnement IP54 Eclairage direct Retrouvez ce ventilateur en vente exclusivement chez BAUHAUSRetrouvez ce ventilateur en vente exclusivement chez BAUHAUS","breadcrumb":{"@id":"https:\/\/arteconfort.com\/fr\/producto\/clario\/#breadcrumb"},"inLanguage":"fr-FR","potentialAction":[{"@type":"ReadAction","target":["https:\/\/arteconfort.com\/fr\/producto\/clario\/"]}]},{"@type":"ImageObject","inLanguage":"fr-FR","@id":"https:\/\/arteconfort.com\/fr\/producto\/clario\/#primaryimage","url":"https:\/\/arteconfort.com\/wp-content\/uploads\/2025\/03\/CLARIO.webp","contentUrl":"https:\/\/arteconfort.com\/wp-content\/uploads\/2025\/03\/CLARIO.webp","width":1024,"height":1024},{"@type":"BreadcrumbList","@id":"https:\/\/arteconfort.com\/fr\/producto\/clario\/#breadcrumb","itemListElement":[{"@type":"ListItem","position":1,"name":"Inicio","item":"https:\/\/arteconfort.com\/fr\/"},{"@type":"ListItem","position":2,"name":"Boutique","item":"https:\/\/arteconfort.com\/fr\/boutique\/"},{"@type":"ListItem","position":3,"name":"CLARIO"}]},{"@type":"WebSite","@id":"https:\/\/arteconfort.com\/fr\/#website","url":"https:\/\/arteconfort.com\/fr\/","name":"Arteconfort","description":"Especialistas en productos del hogar","publisher":{"@id":"https:\/\/arteconfort.com\/fr\/#organization"},"potentialAction":[{"@type":"SearchAction","target":{"@type":"EntryPoint","urlTemplate":"https:\/\/arteconfort.com\/fr\/?s={search_term_string}"},"query-input":{"@type":"PropertyValueSpecification","valueRequired":true,"valueName":"search_term_string"}}],"inLanguage":"fr-FR"},{"@type":"Organization","@id":"https:\/\/arteconfort.com\/fr\/#organization","name":"Arteconfort","url":"https:\/\/arteconfort.com\/fr\/","logo":{"@type":"ImageObject","inLanguage":"fr-FR","@id":"https:\/\/arteconfort.com\/fr\/#\/schema\/logo\/image\/","url":"https:\/\/arteconfort.com\/wp-content\/uploads\/2019\/07\/logo-arteconfort.png","contentUrl":"https:\/\/arteconfort.com\/wp-content\/uploads\/2019\/07\/logo-arteconfort.png","width":230,"height":88,"caption":"Arteconfort"},"image":{"@id":"https:\/\/arteconfort.com\/fr\/#\/schema\/logo\/image\/"}}]}},"_links":{"self":[{"href":"https:\/\/arteconfort.com\/fr\/wp-json\/wp\/v2\/product\/43591","targetHints":{"allow":["GET"]}}],"collection":[{"href":"https:\/\/arteconfort.com\/fr\/wp-json\/wp\/v2\/product"}],"about":[{"href":"https:\/\/arteconfort.com\/fr\/wp-json\/wp\/v2\/types\/product"}],"wp:featuredmedia":[{"embeddable":true,"href":"https:\/\/arteconfort.com\/fr\/wp-json\/wp\/v2\/media\/44282"}],"wp:attachment":[{"href":"https:\/\/arteconfort.com\/fr\/wp-json\/wp\/v2\/media?parent=43591"}],"wp:term":[{"taxonomy":"product_brand","embeddable":true,"href":"https:\/\/arteconfort.com\/fr\/wp-json\/wp\/v2\/product_brand?post=43591"},{"taxonomy":"product_cat","embeddable":true,"href":"https:\/\/arteconfort.com\/fr\/wp-json\/wp\/v2\/product_cat?post=43591"},{"taxonomy":"product_tag","embeddable":true,"href":"https:\/\/arteconfort.com\/fr\/wp-json\/wp\/v2\/product_tag?post=43591"}],"curies":[{"name":"wp","href":"https:\/\/api.w.org\/{rel}","templated":true}]}}