{"id":44094,"date":"2025-02-24T16:00:15","date_gmt":"2025-02-24T15:00:15","guid":{"rendered":"https:\/\/arteconfort.com\/?post_type=product&#038;p=44094"},"modified":"2025-06-16T12:54:09","modified_gmt":"2025-06-16T10:54:09","slug":"rigel","status":"publish","type":"product","link":"https:\/\/arteconfort.com\/fr\/producto\/rigel\/","title":{"rendered":"RIGEL"},"content":{"rendered":"<div class=\"wpb-content-wrapper\"><p>[vc_row][vc_column][vc_empty_space height=&#8221;60px&#8221;][vc_row_inner][vc_column_inner width=&#8221;1\/3&#8243;][wyde_info_box icon_set=&#8221;simple_line&#8221; icon_simple_line=&#8221;sl-energy&#8221; icon_position=&#8221;left&#8221; title=&#8221;CARACT\u00c9RISTIQUES PHYSIQUES ET \u00c9LECTRIQUES&#8221;][\/wyde_info_box][vc_empty_space height=&#8221;10px&#8221;][vc_column_text]Largeur: <strong>14cm<\/strong><br \/>\nHauteur: <strong>5,1<\/strong><strong>cm<\/strong><br \/>\nProfondeur: <b>5,8cm<\/b><br \/>\nMat\u00e9riau du corps: <strong>ABS<\/strong><br \/>\nFinition du corps: <strong>Noir<\/strong><br \/>\nIP: <strong>44<\/strong><br \/>\nCircuit prot\u00e9g\u00e9: <strong>Oui<\/strong><br \/>\nPas de prises: <strong>Oui<\/strong><br \/>\nSans fil: <strong>Oui<\/strong><br \/>\nIsolation \u00e9lectrique: <strong>Classe III<\/strong><br \/>\nT\u00e9l\u00e9commande: <strong>Non<\/strong><br \/>\nPiles: <strong>Non<\/strong><br \/>\nType d&#8217;\u00e9clairage: <strong>Direct<\/strong><br \/>\nSensor: <strong>&#8211;<\/strong><br \/>\nDistance de d\u00e9tection: <strong>&#8211;<\/strong><br \/>\nTemps de courtoisie: <strong>&#8211;<\/strong><br \/>\nProduit orientable: <strong>&#8211;<\/strong><br \/>\nAccessoires: <strong>&#8211;<\/strong><br \/>\nGarantie: <strong>3 ans<\/strong>[\/vc_column_text][\/vc_column_inner][vc_column_inner width=&#8221;1\/3&#8243;][wyde_info_box icon_set=&#8221;simple_line&#8221; icon_simple_line=&#8221;sl-mouse&#8221; icon_position=&#8221;left&#8221; title=&#8221;PANNEAU SOLAIRE ET BATTERIE&#8221;][\/wyde_info_box][vc_empty_space height=&#8221;10px&#8221;][vc_column_text]<br \/>\nType de panneau solaire: <strong>Monocristallin<\/strong><br \/>\nType d&#8217;encapsulation: <strong>PET<\/strong><br \/>\nTemps de charge de la batterie: <strong>8h<\/strong><br \/>\nType de batterie: <strong>Li-on 18.650<\/strong><br \/>\nTension de charge: <strong>3,7V<\/strong><br \/>\nCapacit\u00e9: <strong>1.500mAh<\/strong><br \/>\nAutonomie maximale: <strong>12h<\/strong><br \/>\n[\/vc_column_text][\/vc_column_inner][vc_column_inner width=&#8221;1\/3&#8243;][wyde_info_box icon_set=&#8221;stroke_gap&#8221; icon_stroke_gap=&#8221;sg-Bulb&#8221; icon_position=&#8221;left&#8221; title=&#8221;\u00c9CLAIRAGE&#8221;][\/wyde_info_box][vc_empty_space height=&#8221;10px&#8221;][vc_column_text]<br \/>\nFlux lumineux maximal: <strong>50lm<\/strong><br \/>\nPuissance LED: <strong>6W<\/strong><br \/>\nTemp\u00e9rature de couleur: <strong>3.000K<\/strong><br \/>\nAngle d&#8217;ouverture: <strong>120\u00ba<\/strong><br \/>\nDur\u00e9e de demi-vie: <strong>10.000h<\/strong><br \/>\nNombre d&#8217;allumages: <strong>10.000<\/strong><br \/>\nModes de fonctionnement:<br \/>\n<strong>Mode 1:<\/strong> Fixe 60% 30lm 12h<br \/>\n<strong>Mode 2:<\/strong> Fixe 100% 50lm 8h<br \/>\n*Autonomie avec batterie charg\u00e9e \u00e0 100%<br \/>\n[\/vc_column_text][\/vc_column_inner][\/vc_row_inner][vc_empty_space height=&#8221;60px&#8221;][\/vc_column][\/vc_row][vc_row vertical_align=&#8221;middle&#8221; padding_size=&#8221;no-padding&#8221; background_mode=&#8221;color&#8221; background_color=&#8221;#f5f5f5&#8243;][vc_column text_align=&#8221;center&#8221; padding_size=&#8221;no-padding&#8221;][vc_row_inner vertical_align=&#8221;middle&#8221; padding_size=&#8221;no-padding&#8221; css=&#8221;.vc_custom_1664367242377{padding-top: 30px !important;padding-right: 60px !important;padding-bottom: 30px !important;padding-left: 60px !important;}&#8221;][vc_column_inner padding_size=&#8221;no-padding&#8221; width=&#8221;2\/3&#8243;][wyde_heading style=&#8221;2&#8243; title_tag=&#8221;h3&#8243; title=&#8221;Pi\u00e8ces de rechange disponibles pour l&#8217;applique solaire RIGEL&#8221; heading_color=&#8221;#000000&#8243;][vc_column_text]Vous pouvez acheter la pi\u00e8ce de rechange pour votre lampe solaire dans le m\u00eame magasin que celui o\u00f9 vous avez achet\u00e9 votre lampe solaire ou dans un autre magasin de la m\u00eame cha\u00eene.[\/vc_column_text][vc_empty_space][wyde_info_box icon=&#8221;fa fa-check&#8221; icon_position=&#8221;left&#8221; title=&#8221;BATTERIE&#8221;][\/wyde_info_box][vc_empty_space height=&#8221;20px&#8221;][\/vc_column_inner][vc_column_inner text_align=&#8221;center&#8221; width=&#8221;1\/3&#8243; background_color=&#8221;#ffffff&#8221;][vc_empty_space height=&#8221;20px&#8221;][vc_column_text]<em>Si vous avez des questions, vous pouvez nous contacter via le formulaire de contact:<\/em>[\/vc_column_text][vc_empty_space height=&#8221;20px&#8221;][wyde_link_button icon_set=&#8221;simple_line&#8221; icon_simple_line=&#8221;sl-bubbles&#8221; style=&#8221;outline round&#8221; title=&#8221;Consulter&#8221; link=&#8221;url:https%3A%2F%2Farteconfort.com%2Fcontacto%2F|||&#8221; color=&#8221;#61b4e4&#8243; hover_color=&#8221;#ffffff&#8221;][vc_empty_space height=&#8221;40px&#8221;][vc_single_image alignment=&#8221;center&#8221; image=&#8221;24269&#8243;][\/vc_column_inner][\/vc_row_inner][\/vc_column][\/vc_row][vc_row][vc_column][vc_empty_space height=&#8221;80px&#8221;][\/vc_column][\/vc_row][vc_row vertical_align=&#8221;middle&#8221; padding_size=&#8221;no-padding&#8221; background_mode=&#8221;color&#8221; background_color=&#8221;#f5f5f5&#8243;][vc_column text_align=&#8221;center&#8221; offset=&#8221;vc_hidden-md vc_hidden-sm vc_hidden-xs&#8221;][vc_row_inner vertical_align=&#8221;middle&#8221; padding_size=&#8221;no-padding&#8221;][vc_column_inner text_align=&#8221;center&#8221; width=&#8221;1\/3&#8243;][vc_single_image alignment=&#8221;center&#8221; image=&#8221;24197&#8243;][\/vc_column_inner][vc_column_inner width=&#8221;1\/3&#8243;][vc_column_text]Retrouvez cette applique solaire en vente exclusivement chez <strong>BAUHAUS<\/strong>[\/vc_column_text][\/vc_column_inner][vc_column_inner width=&#8221;1\/3&#8243;][wyde_link_button icon_set=&#8221;simple_line&#8221; icon_simple_line=&#8221;sl-login&#8221; style=&#8221;outline round&#8221; title=&#8221;Applique individuelle&#8221; link=&#8221;url:https%3A%2F%2Fwww.bauhaus.es%2Fapliques-de-exterior%2Farte-confort-aplique-solar-led-para-exterior-rigel%2Fp%2F32139624||target:%20_blank|rel:nofollow&#8221; color=&#8221;#61b4e4&#8243; hover_color=&#8221;#ffffff&#8221;][wyde_link_button icon_set=&#8221;simple_line&#8221; icon_simple_line=&#8221;sl-login&#8221; style=&#8221;outline round&#8221; title=&#8221;Pack 2 appliques&#8221; link=&#8221;url:https%3A%2F%2Fwww.bauhaus.es%2Fapliques-de-exterior%2Farte-confort-aplique-solar-para-exterior-rigel-pack-x2%2Fp%2F32108624||target:%20_blank|rel:nofollow&#8221; color=&#8221;#61b4e4&#8243; hover_color=&#8221;#ffffff&#8221;][\/vc_column_inner][\/vc_row_inner][\/vc_column][\/vc_row][vc_row vertical_align=&#8221;middle&#8221; padding_size=&#8221;no-padding&#8221; background_mode=&#8221;color&#8221; background_color=&#8221;#f5f5f5&#8243;][vc_column text_align=&#8221;center&#8221; padding_size=&#8221;no-padding&#8221; offset=&#8221;vc_hidden-lg&#8221;][vc_row_inner vertical_align=&#8221;middle&#8221; padding_size=&#8221;no-padding&#8221; css=&#8221;.vc_custom_1664367242377{padding-top: 30px !important;padding-right: 60px !important;padding-bottom: 30px !important;padding-left: 60px !important;}&#8221;][vc_column_inner padding_size=&#8221;no-padding&#8221; width=&#8221;1\/2&#8243;][vc_single_image alignment=&#8221;center&#8221; image=&#8221;24197&#8243;][\/vc_column_inner][vc_column_inner text_align=&#8221;center&#8221; width=&#8221;1\/2&#8243;][vc_column_text]Retrouvez cette applique solaire en vente exclusivement chez <strong>BAUHAUS<\/strong>[\/vc_column_text][vc_empty_space height=&#8221;10px&#8221;][wyde_link_button icon_set=&#8221;simple_line&#8221; icon_simple_line=&#8221;sl-login&#8221; style=&#8221;outline round&#8221; title=&#8221;Aplique individual&#8221; link=&#8221;url:https%3A%2F%2Fwww.bauhaus.es%2Fapliques-de-exterior%2Farte-confort-aplique-solar-led-para-exterior-rigel%2Fp%2F32139624||target:%20_blank|rel:nofollow&#8221; color=&#8221;#61b4e4&#8243; hover_color=&#8221;#ffffff&#8221;][wyde_link_button icon_set=&#8221;simple_line&#8221; icon_simple_line=&#8221;sl-login&#8221; style=&#8221;outline round&#8221; title=&#8221;Pack 2 apliques&#8221; link=&#8221;url:https%3A%2F%2Fwww.bauhaus.es%2Fapliques-de-exterior%2Farte-confort-aplique-solar-para-exterior-rigel-pack-x2%2Fp%2F32108624||target:%20_blank|rel:nofollow&#8221; color=&#8221;#61b4e4&#8243; hover_color=&#8221;#ffffff&#8221;][\/vc_column_inner][\/vc_row_inner][\/vc_column][\/vc_row]<\/p>\n<\/div>","protected":false},"excerpt":{"rendered":"<p>L&#8217;applique solaire RIGEL est compos\u00e9e de 3 spots LED. Elle est tr\u00e8s facile \u00e0 installer gr\u00e2ce \u00e0 son gabarit permettant de placer facilement les r\u00e9f\u00e9rences des vis. Son autonomie allant jusqu&#8217;\u00e0 12 heures \u00e0 charge maximale de la batterie permet deux modes de fonctionnement sans capteur avec lumi\u00e8re fixe. Design discret et simple pour un \u00e9clairage ext\u00e9rieur chaleureux.<br \/>\n<strong>Ref: RIGELNG31<br \/>\n<\/strong><\/p>\n<ul style=\"list-style-type: circle; padding-left: 80px;\">\n<li>2 modes de fonctionnement<\/li>\n<li>IP44<\/li>\n<li>Eclairage direct<\/li>\n<\/ul>\n<p>[vc_row vertical_align=&#8221;middle&#8221; padding_size=&#8221;no-padding&#8221; background_mode=&#8221;color&#8221; background_color=&#8221;#f5f5f5&#8243;][vc_column text_align=&#8221;center&#8221; offset=&#8221;vc_hidden-md vc_hidden-sm vc_hidden-xs&#8221;][vc_row_inner vertical_align=&#8221;middle&#8221; padding_size=&#8221;no-padding&#8221; css=&#8221;.vc_custom_1664435191461{padding-top: 30px !important;padding-right: 60px !important;padding-bottom: 30px !important;padding-left: 60px !important;}&#8221;][vc_column_inner width=&#8221;1\/2&#8243;][vc_single_image image=&#8221;24200&#8243;][\/vc_column_inner][vc_column_inner width=&#8221;1\/2&#8243;][vc_column_text]Retrouvez cette applique solaire en vente exclusivement chez <strong>BAUHAUS<\/strong>[\/vc_column_text][vc_empty_space height=&#8221;10px&#8221;][wyde_link_button icon_set=&#8221;simple_line&#8221; icon_simple_line=&#8221;sl-login&#8221; style=&#8221;outline round&#8221; title=&#8221;Applique individuelle&#8221; link=&#8221;url:https%3A%2F%2Fwww.bauhaus.es%2Fapliques-de-exterior%2Farte-confort-aplique-solar-led-para-exterior-rigel%2Fp%2F32139624||target:%20_blank|rel:nofollow&#8221; color=&#8221;#61b4e4&#8243; hover_color=&#8221;#ffffff&#8221;][wyde_link_button icon_set=&#8221;simple_line&#8221; icon_simple_line=&#8221;sl-login&#8221; style=&#8221;outline round&#8221; title=&#8221;Pack 2 appliques&#8221; link=&#8221;url:https%3A%2F%2Fwww.bauhaus.es%2Fapliques-de-exterior%2Farte-confort-aplique-solar-para-exterior-rigel-pack-x2%2Fp%2F32108624||target:%20_blank|rel:nofollow&#8221; color=&#8221;#61b4e4&#8243; hover_color=&#8221;#ffffff&#8221;][\/vc_column_inner][\/vc_row_inner][\/vc_column][\/vc_row][vc_row vertical_align=&#8221;middle&#8221; padding_size=&#8221;no-padding&#8221; background_mode=&#8221;color&#8221; background_color=&#8221;#f5f5f5&#8243;][vc_column text_align=&#8221;center&#8221; padding_size=&#8221;no-padding&#8221; offset=&#8221;vc_hidden-lg&#8221;][vc_row_inner vertical_align=&#8221;middle&#8221; padding_size=&#8221;no-padding&#8221; css=&#8221;.vc_custom_1664367242377{padding-top: 30px !important;padding-right: 60px !important;padding-bottom: 30px !important;padding-left: 60px !important;}&#8221;][vc_column_inner padding_size=&#8221;no-padding&#8221; width=&#8221;1\/2&#8243;][vc_single_image alignment=&#8221;center&#8221; image=&#8221;24195&#8243;][\/vc_column_inner][vc_column_inner text_align=&#8221;center&#8221; width=&#8221;1\/2&#8243;][vc_column_inner width=&#8221;1\/2&#8243;][vc_column_text]Retrouvez cette applique solaire en vente exclusivement chez <strong>BAUHAUS<\/strong>[\/vc_column_text][vc_empty_space height=&#8221;10px&#8221;][wyde_link_button icon_set=&#8221;simple_line&#8221; icon_simple_line=&#8221;sl-login&#8221; style=&#8221;outline round&#8221; title=&#8221;Aplique individuelle&#8221; link=&#8221;url:https%3A%2F%2Fwww.bauhaus.es%2Fapliques-de-exterior%2Farte-confort-aplique-solar-led-para-exterior-rigel%2Fp%2F32139624||target:%20_blank|rel:nofollow&#8221; color=&#8221;#61b4e4&#8243; hover_color=&#8221;#ffffff&#8221;][wyde_link_button icon_set=&#8221;simple_line&#8221; icon_simple_line=&#8221;sl-login&#8221; style=&#8221;outline round&#8221; title=&#8221;Pack 2 appliques&#8221; link=&#8221;url:https%3A%2F%2Fwww.bauhaus.es%2Fapliques-de-exterior%2Farte-confort-aplique-solar-para-exterior-rigel-pack-x2%2Fp%2F32108624||target:%20_blank|rel:nofollow&#8221; color=&#8221;#61b4e4&#8243; hover_color=&#8221;#ffffff&#8221;][\/vc_column_inner][\/vc_row_inner][\/vc_column][\/vc_row][vc_row][vc_column offset=&#8221;vc_hidden-xs&#8221;][vc_empty_space height=&#8221;60px&#8221;][\/vc_column][\/vc_row][vc_row][vc_column width=&#8221;1\/3&#8243;][wyde_link_button icon_set=&#8221;simple_line&#8221; icon_simple_line=&#8221;sl-settings&#8221; style=&#8221;round&#8221; title=&#8221;Instructions&#8221; link=&#8221;url:https%3A%2F%2Farteconfort.com%2Fwp-content%2Fuploads%2F2025%2F01%2Fim-RIGEL-v1-contornos.pdf||target:%20_blank|rel:nofollow&#8221; color=&#8221;#ffffff&#8221; bg_color=&#8221;#222222&#8243;][\/vc_column][vc_column width=&#8221;1\/3&#8243;][wyde_link_button icon_set=&#8221;simple_line&#8221; icon_simple_line=&#8221;sl-social-youtube&#8221; style=&#8221;outline round&#8221; title=&#8221;Vid\u00e9o&#8221; link=&#8221;url:https%3A%2F%2Fwww.youtube.com%2Fwatch%3Fv%3D0uCaAOGZT34|target:_blank|rel:nofollow&#8221; color=&#8221;#222222&#8243; hover_color=&#8221;#ffffff&#8221;][\/vc_column][\/vc_row][vc_row][vc_column][vc_empty_space][\/vc_column][\/vc_row]<\/p>\n","protected":false},"featured_media":43525,"template":"","meta":[],"product_brand":[],"product_cat":[340,336],"product_tag":[],"class_list":{"0":"post-44094","1":"product","2":"type-product","3":"status-publish","4":"has-post-thumbnail","6":"product_cat-iluminacion-solar-de-pared-fr","7":"product_cat-solar-fr","9":"first","10":"instock","11":"shipping-taxable","12":"product-type-simple"},"yoast_head":"<!-- This site is optimized with the Yoast SEO plugin v26.5 - https:\/\/yoast.com\/wordpress\/plugins\/seo\/ -->\n<title>RIGEL - Pared, Solar - Arteconfort<\/title>\n<meta name=\"description\" content=\"L&#039;applique solaire RIGEL est compos\u00e9e de 3 spots LED. Elle est tr\u00e8s facile \u00e0 installer gr\u00e2ce \u00e0 son gabarit permettant de placer facilement les r\u00e9f\u00e9rences des vis. Son autonomie allant jusqu&#039;\u00e0 12 heures \u00e0 charge maximale de la batterie permet deux modes de fonctionnement sans capteur avec lumi\u00e8re fixe. Design discret et simple pour un \u00e9clairage ext\u00e9rieur chaleureux. Ref: RIGELNG31    2 modes de fonctionnement  IP44  Eclairage direct  Retrouvez cette applique solaire en vente exclusivement chez BAUHAUSRetrouvez cette applique solaire en vente exclusivement chez BAUHAUS\" \/>\n<meta name=\"robots\" content=\"index, follow, max-snippet:-1, max-image-preview:large, max-video-preview:-1\" \/>\n<link rel=\"canonical\" href=\"https:\/\/arteconfort.com\/fr\/producto\/rigel\/\" \/>\n<meta property=\"og:locale\" content=\"fr_FR\" \/>\n<meta property=\"og:type\" content=\"article\" \/>\n<meta property=\"og:title\" content=\"RIGEL - Pared, Solar - Arteconfort\" \/>\n<meta property=\"og:description\" content=\"L&#039;applique solaire RIGEL est compos\u00e9e de 3 spots LED. Elle est tr\u00e8s facile \u00e0 installer gr\u00e2ce \u00e0 son gabarit permettant de placer facilement les r\u00e9f\u00e9rences des vis. Son autonomie allant jusqu&#039;\u00e0 12 heures \u00e0 charge maximale de la batterie permet deux modes de fonctionnement sans capteur avec lumi\u00e8re fixe. Design discret et simple pour un \u00e9clairage ext\u00e9rieur chaleureux. Ref: RIGELNG31    2 modes de fonctionnement  IP44  Eclairage direct  Retrouvez cette applique solaire en vente exclusivement chez BAUHAUSRetrouvez cette applique solaire en vente exclusivement chez BAUHAUS\" \/>\n<meta property=\"og:url\" content=\"https:\/\/arteconfort.com\/fr\/producto\/rigel\/\" \/>\n<meta property=\"og:site_name\" content=\"Arteconfort\" \/>\n<meta property=\"article:modified_time\" content=\"2025-06-16T10:54:09+00:00\" \/>\n<meta property=\"og:image\" content=\"https:\/\/arteconfort.com\/wp-content\/uploads\/2025\/01\/RIGEL.webp\" \/>\n\t<meta property=\"og:image:width\" content=\"1024\" \/>\n\t<meta property=\"og:image:height\" content=\"1025\" \/>\n\t<meta property=\"og:image:type\" content=\"image\/webp\" \/>\n<meta name=\"twitter:card\" content=\"summary_large_image\" \/>\n<meta name=\"twitter:label1\" content=\"Dur\u00e9e de lecture estim\u00e9e\" \/>\n\t<meta name=\"twitter:data1\" content=\"2 minutes\" \/>\n<!-- \/ Yoast SEO plugin. -->","yoast_head_json":{"title":"RIGEL - Pared, Solar - Arteconfort","description":"L'applique solaire RIGEL est compos\u00e9e de 3 spots LED. Elle est tr\u00e8s facile \u00e0 installer gr\u00e2ce \u00e0 son gabarit permettant de placer facilement les r\u00e9f\u00e9rences des vis. Son autonomie allant jusqu'\u00e0 12 heures \u00e0 charge maximale de la batterie permet deux modes de fonctionnement sans capteur avec lumi\u00e8re fixe. Design discret et simple pour un \u00e9clairage ext\u00e9rieur chaleureux. Ref: RIGELNG31    2 modes de fonctionnement  IP44  Eclairage direct  Retrouvez cette applique solaire en vente exclusivement chez BAUHAUSRetrouvez cette applique solaire en vente exclusivement chez BAUHAUS","robots":{"index":"index","follow":"follow","max-snippet":"max-snippet:-1","max-image-preview":"max-image-preview:large","max-video-preview":"max-video-preview:-1"},"canonical":"https:\/\/arteconfort.com\/fr\/producto\/rigel\/","og_locale":"fr_FR","og_type":"article","og_title":"RIGEL - Pared, Solar - Arteconfort","og_description":"L'applique solaire RIGEL est compos\u00e9e de 3 spots LED. Elle est tr\u00e8s facile \u00e0 installer gr\u00e2ce \u00e0 son gabarit permettant de placer facilement les r\u00e9f\u00e9rences des vis. Son autonomie allant jusqu'\u00e0 12 heures \u00e0 charge maximale de la batterie permet deux modes de fonctionnement sans capteur avec lumi\u00e8re fixe. Design discret et simple pour un \u00e9clairage ext\u00e9rieur chaleureux. Ref: RIGELNG31    2 modes de fonctionnement  IP44  Eclairage direct  Retrouvez cette applique solaire en vente exclusivement chez BAUHAUSRetrouvez cette applique solaire en vente exclusivement chez BAUHAUS","og_url":"https:\/\/arteconfort.com\/fr\/producto\/rigel\/","og_site_name":"Arteconfort","article_modified_time":"2025-06-16T10:54:09+00:00","og_image":[{"width":1024,"height":1025,"url":"https:\/\/arteconfort.com\/wp-content\/uploads\/2025\/01\/RIGEL.webp","type":"image\/webp"}],"twitter_card":"summary_large_image","twitter_misc":{"Dur\u00e9e de lecture estim\u00e9e":"2 minutes"},"schema":{"@context":"https:\/\/schema.org","@graph":[{"@type":"WebPage","@id":"https:\/\/arteconfort.com\/fr\/producto\/rigel\/","url":"https:\/\/arteconfort.com\/fr\/producto\/rigel\/","name":"RIGEL - Pared, Solar - Arteconfort","isPartOf":{"@id":"https:\/\/arteconfort.com\/fr\/#website"},"primaryImageOfPage":{"@id":"https:\/\/arteconfort.com\/fr\/producto\/rigel\/#primaryimage"},"image":{"@id":"https:\/\/arteconfort.com\/fr\/producto\/rigel\/#primaryimage"},"thumbnailUrl":"https:\/\/arteconfort.com\/wp-content\/uploads\/2025\/01\/RIGEL.webp","datePublished":"2025-02-24T15:00:15+00:00","dateModified":"2025-06-16T10:54:09+00:00","description":"L'applique solaire RIGEL est compos\u00e9e de 3 spots LED. Elle est tr\u00e8s facile \u00e0 installer gr\u00e2ce \u00e0 son gabarit permettant de placer facilement les r\u00e9f\u00e9rences des vis. Son autonomie allant jusqu'\u00e0 12 heures \u00e0 charge maximale de la batterie permet deux modes de fonctionnement sans capteur avec lumi\u00e8re fixe. Design discret et simple pour un \u00e9clairage ext\u00e9rieur chaleureux. Ref: RIGELNG31 2 modes de fonctionnement IP44 Eclairage direct Retrouvez cette applique solaire en vente exclusivement chez BAUHAUSRetrouvez cette applique solaire en vente exclusivement chez BAUHAUS","breadcrumb":{"@id":"https:\/\/arteconfort.com\/fr\/producto\/rigel\/#breadcrumb"},"inLanguage":"fr-FR","potentialAction":[{"@type":"ReadAction","target":["https:\/\/arteconfort.com\/fr\/producto\/rigel\/"]}]},{"@type":"ImageObject","inLanguage":"fr-FR","@id":"https:\/\/arteconfort.com\/fr\/producto\/rigel\/#primaryimage","url":"https:\/\/arteconfort.com\/wp-content\/uploads\/2025\/01\/RIGEL.webp","contentUrl":"https:\/\/arteconfort.com\/wp-content\/uploads\/2025\/01\/RIGEL.webp","width":1024,"height":1025},{"@type":"BreadcrumbList","@id":"https:\/\/arteconfort.com\/fr\/producto\/rigel\/#breadcrumb","itemListElement":[{"@type":"ListItem","position":1,"name":"Inicio","item":"https:\/\/arteconfort.com\/fr\/"},{"@type":"ListItem","position":2,"name":"Boutique","item":"https:\/\/arteconfort.com\/fr\/boutique\/"},{"@type":"ListItem","position":3,"name":"RIGEL"}]},{"@type":"WebSite","@id":"https:\/\/arteconfort.com\/fr\/#website","url":"https:\/\/arteconfort.com\/fr\/","name":"Arteconfort","description":"Especialistas en productos del hogar","publisher":{"@id":"https:\/\/arteconfort.com\/fr\/#organization"},"potentialAction":[{"@type":"SearchAction","target":{"@type":"EntryPoint","urlTemplate":"https:\/\/arteconfort.com\/fr\/?s={search_term_string}"},"query-input":{"@type":"PropertyValueSpecification","valueRequired":true,"valueName":"search_term_string"}}],"inLanguage":"fr-FR"},{"@type":"Organization","@id":"https:\/\/arteconfort.com\/fr\/#organization","name":"Arteconfort","url":"https:\/\/arteconfort.com\/fr\/","logo":{"@type":"ImageObject","inLanguage":"fr-FR","@id":"https:\/\/arteconfort.com\/fr\/#\/schema\/logo\/image\/","url":"https:\/\/arteconfort.com\/wp-content\/uploads\/2019\/07\/logo-arteconfort.png","contentUrl":"https:\/\/arteconfort.com\/wp-content\/uploads\/2019\/07\/logo-arteconfort.png","width":230,"height":88,"caption":"Arteconfort"},"image":{"@id":"https:\/\/arteconfort.com\/fr\/#\/schema\/logo\/image\/"}}]}},"_links":{"self":[{"href":"https:\/\/arteconfort.com\/fr\/wp-json\/wp\/v2\/product\/44094","targetHints":{"allow":["GET"]}}],"collection":[{"href":"https:\/\/arteconfort.com\/fr\/wp-json\/wp\/v2\/product"}],"about":[{"href":"https:\/\/arteconfort.com\/fr\/wp-json\/wp\/v2\/types\/product"}],"wp:featuredmedia":[{"embeddable":true,"href":"https:\/\/arteconfort.com\/fr\/wp-json\/wp\/v2\/media\/43525"}],"wp:attachment":[{"href":"https:\/\/arteconfort.com\/fr\/wp-json\/wp\/v2\/media?parent=44094"}],"wp:term":[{"taxonomy":"product_brand","embeddable":true,"href":"https:\/\/arteconfort.com\/fr\/wp-json\/wp\/v2\/product_brand?post=44094"},{"taxonomy":"product_cat","embeddable":true,"href":"https:\/\/arteconfort.com\/fr\/wp-json\/wp\/v2\/product_cat?post=44094"},{"taxonomy":"product_tag","embeddable":true,"href":"https:\/\/arteconfort.com\/fr\/wp-json\/wp\/v2\/product_tag?post=44094"}],"curies":[{"name":"wp","href":"https:\/\/api.w.org\/{rel}","templated":true}]}}