{"id":48146,"date":"2025-04-22T09:38:20","date_gmt":"2025-04-22T07:38:20","guid":{"rendered":"https:\/\/arteconfort.com\/producto\/non%20class\u00e9\/luni-m\/"},"modified":"2025-06-06T13:57:18","modified_gmt":"2025-06-06T11:57:18","slug":"luni-m","status":"publish","type":"product","link":"https:\/\/arteconfort.com\/fr\/producto\/luni-m\/","title":{"rendered":"LUNI M"},"content":{"rendered":"<div class=\"wpb-content-wrapper\"><p>[vc_row][vc_column][vc_empty_space height=&#8221;60px&#8221;][vc_row_inner][vc_column_inner width=&#8221;1\/3&#8243;][wyde_info_box icon_set=&#8221;simple_line&#8221; icon_simple_line=&#8221;sl-energy&#8221; icon_position=&#8221;left&#8221; title=&#8221;CARACT\u00c9RISTIQUES PHYSIQUES ET \u00c9LECTRIQUES&#8221;][\/wyde_info_box][vc_empty_space height=&#8221;10px&#8221;][vc_column_text]Hauteur: <strong>32,5\/45cm<\/strong><br \/>\nDiam\u00e8tre: <strong>107cm<\/strong><br \/>\nPoids: <strong>4,4kg<\/strong><br \/>\nMat\u00e9riau du corps: <strong>Acier PP<\/strong><br \/>\nMat\u00e9riau des lames: <strong>PC<\/strong><br \/>\nFinition du corps: <strong>Blanc<\/strong><br \/>\nFinition des lames: <strong>Transparent<\/strong><br \/>\nNombre des lames: <strong>3<\/strong><br \/>\nLames r\u00e9versibles: <strong>Non<\/strong><br \/>\nMoteur: <strong>DC<\/strong><br \/>\nTension: <strong>230Vac<\/strong><br \/>\nPuissance de la vitesse: <strong>7,1W-11,4W-14W-19,2W-22,6W-29W<\/strong><br \/>\nVitesses TR\/MIN: <strong>146-166-175-188-203-213<\/strong><br \/>\nBruit \u00e9mis par les vitesses: <strong>33dBs-36dBs-39dBs-42dBs-45dBs-50dBs<\/strong><br \/>\nD\u00e9bit d&#8217;air des vitesses: <strong>4.390m<sup>3<\/sup>\/h-5.260m<sup>3<\/sup>\/h-5.860m<sup>3<\/sup>\/h-6.500m<sup>3<\/sup>\/h-6.850m<sup>3<\/sup>\/h-7.380m<sup>3<\/sup>\/h<\/strong><br \/>\nSurface maximal recommand\u00e8e: <strong>&lt;20m<sup>2<\/sup><\/strong><br \/>\nIP: <strong>20<\/strong><br \/>\nInclinaison maximale du plafond: <strong>15\u00ba<\/strong><br \/>\nDistance de s\u00e9curit\u00e9: <strong>2,3m<\/strong><br \/>\nIsolation \u00e9lectrique: <strong>Classe I<\/strong><br \/>\nAccessoires: <strong>2 poteaux de 12,5cm et 25cm chacun<\/strong><br \/>\nGarantie: <strong>3 ans<\/strong>[\/vc_column_text][\/vc_column_inner][vc_column_inner width=&#8221;1\/3&#8243;][wyde_info_box icon_set=&#8221;simple_line&#8221; icon_simple_line=&#8221;sl-mouse&#8221; icon_position=&#8221;left&#8221; title=&#8221;CONTR\u00d4LE ET FONCTIONS&#8221;][\/wyde_info_box][vc_empty_space height=&#8221;10px&#8221;][vc_column_text]T\u00e9l\u00e9commande: <strong>Oui<\/strong><br \/>\nPiles: <strong>2xAAA (Non incluses)<\/strong><br \/>\nNombre des vitesses: <strong>6<\/strong><br \/>\nProgrammation: <strong>1h-2h-4h<\/strong><br \/>\nMode brise: <strong>Oui<\/strong><br \/>\nMode \u00e9t\u00e9\/hiver: <strong>Oui<\/strong><br \/>\nThermostat: <strong>Non<\/strong><br \/>\nM\u00e9moire d&#8217;allumage: <strong>Oui<\/strong><br \/>\nAPP: <strong>Non<\/strong><br \/>\nConexion Wi-Fi: <strong>Non<\/strong><br \/>\nConexion bluetooth: <strong>Non<\/strong>[\/vc_column_text][\/vc_column_inner][vc_column_inner width=&#8221;1\/3&#8243;][wyde_info_box icon_set=&#8221;stroke_gap&#8221; icon_stroke_gap=&#8221;sg-Bulb&#8221; icon_position=&#8221;left&#8221; title=&#8221;\u00c9CLAIRAGE&#8221;][\/wyde_info_box][vc_empty_space height=&#8221;10px&#8221;][vc_column_text]<br \/>\nFlux lumineaux: <strong>3.300lm<\/strong><br \/>\nPuissance LED: <strong>30W<\/strong><br \/>\nTemp\u00e9rature de couleur: <strong>Oui<\/strong><br \/>\nChangement de temp\u00e9rature de couleur: <strong>3.000K-4.000K-6.500K<\/strong><br \/>\nGradation: <strong>8 niveaux &#8211; dimmable<\/strong><br \/>\nAngle d&#8217;ouverture: <strong>120\u00ba<\/strong><br \/>\nDur\u00e9e de vie moyenne: <strong>20.000h<\/strong><br \/>\nNombre d&#8217;allumages: <strong>15.000<\/strong><br \/>\nM\u00e9moire de temp\u00e9rature de couleur: <strong>Oui<br \/>\n<\/strong>Label d&#8217;efficacit\u00e9 \u00e9nerg\u00e9tique: <strong>F<\/strong>[\/vc_column_text][\/vc_column_inner][\/vc_row_inner][vc_empty_space height=&#8221;60px&#8221;][\/vc_column][\/vc_row][vc_row vertical_align=&#8221;middle&#8221; padding_size=&#8221;no-padding&#8221; background_mode=&#8221;color&#8221; background_color=&#8221;#f5f5f5&#8243;][vc_column text_align=&#8221;center&#8221; padding_size=&#8221;no-padding&#8221;][vc_row_inner vertical_align=&#8221;middle&#8221; padding_size=&#8221;no-padding&#8221; css=&#8221;.vc_custom_1664367242377{padding-top: 30px !important;padding-right: 60px !important;padding-bottom: 30px !important;padding-left: 60px !important;}&#8221;][vc_column_inner padding_size=&#8221;no-padding&#8221; width=&#8221;2\/3&#8243;][wyde_heading style=&#8221;2&#8243; title_tag=&#8221;h3&#8243; title=&#8221;Pi\u00e8ces de rechange disponibles pour le ventilateur LUNI M&#8221; heading_color=&#8221;#000000&#8243;][vc_column_text]Vous pouvez acheter la pi\u00e8ce de rechange de votre ventilateur dans le m\u00eame magasin que celui o\u00f9 vous avez achet\u00e9 votre ventilateur ou dans un autre magasin de la m\u00eame cha\u00eene.[\/vc_column_text][vc_empty_space][wyde_info_box icon=&#8221;fa fa-check&#8221; icon_position=&#8221;left&#8221; title=&#8221;AMPOULE&#8221;][\/wyde_info_box][wyde_info_box icon=&#8221;fa fa-check&#8221; icon_position=&#8221;left&#8221; title=&#8221;CARTE LED + CONTR\u00d4LEUR&#8221;][\/wyde_info_box][wyde_info_box icon=&#8221;fa fa-check&#8221; icon_position=&#8221;left&#8221; title=&#8221;T\u00c9L\u00c9COMANDE&#8221;][\/wyde_info_box][vc_empty_space height=&#8221;20px&#8221;][\/vc_column_inner][vc_column_inner text_align=&#8221;center&#8221; width=&#8221;1\/3&#8243; background_color=&#8221;#ffffff&#8221;][vc_empty_space height=&#8221;20px&#8221;][vc_column_text]<em>Si vous avez questions, vous pouvez nous contacter via le formulaire de contact:<\/em>[\/vc_column_text][vc_empty_space height=&#8221;20px&#8221;][wyde_link_button icon_set=&#8221;simple_line&#8221; icon_simple_line=&#8221;sl-bubbles&#8221; style=&#8221;outline round&#8221; title=&#8221;Consulter&#8221; link=&#8221;url:https%3A%2F%2Farteconfort.com%2Fcontacto%2F|||&#8221; color=&#8221;#61b4e4&#8243; hover_color=&#8221;#ffffff&#8221;][vc_empty_space height=&#8221;40px&#8221;][vc_single_image alignment=&#8221;center&#8221; image=&#8221;24269&#8243;][\/vc_column_inner][\/vc_row_inner][\/vc_column][\/vc_row][vc_row][vc_column][vc_empty_space height=&#8221;80px&#8221;][\/vc_column][\/vc_row]<\/p>\n<\/div>","protected":false},"excerpt":{"rendered":"<p>Le ventilateur de plafond LUNI M \u00e0 pales encastr\u00e9es ou r\u00e9tractables est dot\u00e9 d&#8217;une lumi\u00e8re LED et d&#8217;une m\u00e9moire de temp\u00e9rature de couleur. Il se compose d&#8217;un corps en acier et PP blanc avec un d\u00e9tail de design sous forme d&#8217;ondulations dans le plafond. Il est facile \u00e0 installer et convient aux plafonds jusqu&#8217;\u00e0 15\u00ba d&#8217;inclinaison. Il comprend une t\u00e9l\u00e9commande et un moteur \u00e0 courant continu \u00e0 haut rendement et plus silencieux. Ses lames peuvent \u00eatre r\u00e9gl\u00e9es sur 6 niveaux et son \u00e9clairage LED de diff\u00e9rentes intensit\u00e9s se gradue en trois temp\u00e9ratures diff\u00e9rentes.<br \/>\n<strong>Ref.: LUNIMBL21<\/strong><\/p>\n<ul style=\"list-style-type: circle; padding-left: 80px;\">\n<li>Ventilateur \u00e0 pales r\u00e9tractables<\/li>\n<li>Large flux d&#8217;air<\/li>\n<li>6 vitesses et intensit\u00e9 lumineuse graduelle<\/li>\n<\/ul>\n<p>[vc_row][vc_column offset=&#8221;vc_hidden-xs&#8221;][vc_empty_space height=&#8221;60px&#8221;][\/vc_column][\/vc_row][vc_row][vc_column width=&#8221;1\/3&#8243;][wyde_link_button icon_set=&#8221;simple_line&#8221; icon_simple_line=&#8221;sl-settings&#8221; style=&#8221;round&#8221; title=&#8221;Instructions&#8221; link=&#8221;url:https%3A%2F%2Farteconfort.com%2Fwp-content%2Fuploads%2F2025%2F04%2Fim-LUNI-FTv1-v1-contornos.pdf||target:%20_blank|rel:nofollow&#8221; color=&#8221;#ffffff&#8221; bg_color=&#8221;#222222&#8243;][\/vc_column][\/vc_row]<\/p>\n","protected":false},"featured_media":47237,"template":"","meta":[],"product_brand":[],"product_cat":[354,355],"product_tag":[],"class_list":{"0":"post-48146","1":"product","2":"type-product","3":"status-publish","4":"has-post-thumbnail","6":"product_cat-climatizacion-fr","7":"product_cat-ventiladores-de-techo-fr","9":"first","10":"instock","11":"shipping-taxable","12":"product-type-simple"},"yoast_head":"<!-- This site is optimized with the Yoast SEO plugin v26.5 - https:\/\/yoast.com\/wordpress\/plugins\/seo\/ -->\n<title>LUNI M - Climatizaci\u00f3n, Ventiladores de techo - Arteconfort<\/title>\n<meta name=\"description\" content=\"Le ventilateur de plafond LUNI M \u00e0 pales encastr\u00e9es ou r\u00e9tractables est dot\u00e9 d&#039;une lumi\u00e8re LED et d&#039;une m\u00e9moire de temp\u00e9rature de couleur. Il se compose d&#039;un corps en acier et PP blanc avec un d\u00e9tail de design sous forme d&#039;ondulations dans le plafond. Il est facile \u00e0 installer et convient aux plafonds jusqu&#039;\u00e0 15\u00ba d&#039;inclinaison. Il comprend une t\u00e9l\u00e9commande et un moteur \u00e0 courant continu \u00e0 haut rendement et plus silencieux. Ses lames peuvent \u00eatre r\u00e9gl\u00e9es sur 6 niveaux et son \u00e9clairage LED de diff\u00e9rentes intensit\u00e9s se gradue en trois temp\u00e9ratures diff\u00e9rentes. Ref.: LUNIMBL21   Ventilateur \u00e0 pales r\u00e9tractables  Large flux d&#039;air  6 vitesses et intensit\u00e9 lumineuse graduelle\" \/>\n<meta name=\"robots\" content=\"index, follow, max-snippet:-1, max-image-preview:large, max-video-preview:-1\" \/>\n<link rel=\"canonical\" href=\"https:\/\/arteconfort.com\/fr\/producto\/luni-m\/\" \/>\n<meta property=\"og:locale\" content=\"fr_FR\" \/>\n<meta property=\"og:type\" content=\"article\" \/>\n<meta property=\"og:title\" content=\"LUNI M - Climatizaci\u00f3n, Ventiladores de techo - Arteconfort\" \/>\n<meta property=\"og:description\" content=\"Le ventilateur de plafond LUNI M \u00e0 pales encastr\u00e9es ou r\u00e9tractables est dot\u00e9 d&#039;une lumi\u00e8re LED et d&#039;une m\u00e9moire de temp\u00e9rature de couleur. Il se compose d&#039;un corps en acier et PP blanc avec un d\u00e9tail de design sous forme d&#039;ondulations dans le plafond. Il est facile \u00e0 installer et convient aux plafonds jusqu&#039;\u00e0 15\u00ba d&#039;inclinaison. Il comprend une t\u00e9l\u00e9commande et un moteur \u00e0 courant continu \u00e0 haut rendement et plus silencieux. Ses lames peuvent \u00eatre r\u00e9gl\u00e9es sur 6 niveaux et son \u00e9clairage LED de diff\u00e9rentes intensit\u00e9s se gradue en trois temp\u00e9ratures diff\u00e9rentes. Ref.: LUNIMBL21   Ventilateur \u00e0 pales r\u00e9tractables  Large flux d&#039;air  6 vitesses et intensit\u00e9 lumineuse graduelle\" \/>\n<meta property=\"og:url\" content=\"https:\/\/arteconfort.com\/fr\/producto\/luni-m\/\" \/>\n<meta property=\"og:site_name\" content=\"Arteconfort\" \/>\n<meta property=\"article:modified_time\" content=\"2025-06-06T11:57:18+00:00\" \/>\n<meta property=\"og:image\" content=\"https:\/\/arteconfort.com\/wp-content\/uploads\/2025\/04\/LUNI-M-mando.webp\" \/>\n\t<meta property=\"og:image:width\" content=\"1024\" \/>\n\t<meta property=\"og:image:height\" content=\"1024\" \/>\n\t<meta property=\"og:image:type\" content=\"image\/webp\" \/>\n<meta name=\"twitter:card\" content=\"summary_large_image\" \/>\n<meta name=\"twitter:label1\" content=\"Dur\u00e9e de lecture estim\u00e9e\" \/>\n\t<meta name=\"twitter:data1\" content=\"2 minutes\" \/>\n<!-- \/ Yoast SEO plugin. -->","yoast_head_json":{"title":"LUNI M - Climatizaci\u00f3n, Ventiladores de techo - Arteconfort","description":"Le ventilateur de plafond LUNI M \u00e0 pales encastr\u00e9es ou r\u00e9tractables est dot\u00e9 d'une lumi\u00e8re LED et d'une m\u00e9moire de temp\u00e9rature de couleur. Il se compose d'un corps en acier et PP blanc avec un d\u00e9tail de design sous forme d'ondulations dans le plafond. Il est facile \u00e0 installer et convient aux plafonds jusqu'\u00e0 15\u00ba d'inclinaison. Il comprend une t\u00e9l\u00e9commande et un moteur \u00e0 courant continu \u00e0 haut rendement et plus silencieux. Ses lames peuvent \u00eatre r\u00e9gl\u00e9es sur 6 niveaux et son \u00e9clairage LED de diff\u00e9rentes intensit\u00e9s se gradue en trois temp\u00e9ratures diff\u00e9rentes. Ref.: LUNIMBL21   Ventilateur \u00e0 pales r\u00e9tractables  Large flux d'air  6 vitesses et intensit\u00e9 lumineuse graduelle","robots":{"index":"index","follow":"follow","max-snippet":"max-snippet:-1","max-image-preview":"max-image-preview:large","max-video-preview":"max-video-preview:-1"},"canonical":"https:\/\/arteconfort.com\/fr\/producto\/luni-m\/","og_locale":"fr_FR","og_type":"article","og_title":"LUNI M - Climatizaci\u00f3n, Ventiladores de techo - Arteconfort","og_description":"Le ventilateur de plafond LUNI M \u00e0 pales encastr\u00e9es ou r\u00e9tractables est dot\u00e9 d'une lumi\u00e8re LED et d'une m\u00e9moire de temp\u00e9rature de couleur. Il se compose d'un corps en acier et PP blanc avec un d\u00e9tail de design sous forme d'ondulations dans le plafond. Il est facile \u00e0 installer et convient aux plafonds jusqu'\u00e0 15\u00ba d'inclinaison. Il comprend une t\u00e9l\u00e9commande et un moteur \u00e0 courant continu \u00e0 haut rendement et plus silencieux. Ses lames peuvent \u00eatre r\u00e9gl\u00e9es sur 6 niveaux et son \u00e9clairage LED de diff\u00e9rentes intensit\u00e9s se gradue en trois temp\u00e9ratures diff\u00e9rentes. Ref.: LUNIMBL21   Ventilateur \u00e0 pales r\u00e9tractables  Large flux d'air  6 vitesses et intensit\u00e9 lumineuse graduelle","og_url":"https:\/\/arteconfort.com\/fr\/producto\/luni-m\/","og_site_name":"Arteconfort","article_modified_time":"2025-06-06T11:57:18+00:00","og_image":[{"width":1024,"height":1024,"url":"https:\/\/arteconfort.com\/wp-content\/uploads\/2025\/04\/LUNI-M-mando.webp","type":"image\/webp"}],"twitter_card":"summary_large_image","twitter_misc":{"Dur\u00e9e de lecture estim\u00e9e":"2 minutes"},"schema":{"@context":"https:\/\/schema.org","@graph":[{"@type":"WebPage","@id":"https:\/\/arteconfort.com\/fr\/producto\/luni-m\/","url":"https:\/\/arteconfort.com\/fr\/producto\/luni-m\/","name":"LUNI M - Climatizaci\u00f3n, Ventiladores de techo - Arteconfort","isPartOf":{"@id":"https:\/\/arteconfort.com\/fr\/#website"},"primaryImageOfPage":{"@id":"https:\/\/arteconfort.com\/fr\/producto\/luni-m\/#primaryimage"},"image":{"@id":"https:\/\/arteconfort.com\/fr\/producto\/luni-m\/#primaryimage"},"thumbnailUrl":"https:\/\/arteconfort.com\/wp-content\/uploads\/2025\/04\/LUNI-M-mando.webp","datePublished":"2025-04-22T07:38:20+00:00","dateModified":"2025-06-06T11:57:18+00:00","description":"Le ventilateur de plafond LUNI M \u00e0 pales encastr\u00e9es ou r\u00e9tractables est dot\u00e9 d'une lumi\u00e8re LED et d'une m\u00e9moire de temp\u00e9rature de couleur. Il se compose d'un corps en acier et PP blanc avec un d\u00e9tail de design sous forme d'ondulations dans le plafond. Il est facile \u00e0 installer et convient aux plafonds jusqu'\u00e0 15\u00ba d'inclinaison. Il comprend une t\u00e9l\u00e9commande et un moteur \u00e0 courant continu \u00e0 haut rendement et plus silencieux. Ses lames peuvent \u00eatre r\u00e9gl\u00e9es sur 6 niveaux et son \u00e9clairage LED de diff\u00e9rentes intensit\u00e9s se gradue en trois temp\u00e9ratures diff\u00e9rentes. Ref.: LUNIMBL21 Ventilateur \u00e0 pales r\u00e9tractables Large flux d'air 6 vitesses et intensit\u00e9 lumineuse graduelle","breadcrumb":{"@id":"https:\/\/arteconfort.com\/fr\/producto\/luni-m\/#breadcrumb"},"inLanguage":"fr-FR","potentialAction":[{"@type":"ReadAction","target":["https:\/\/arteconfort.com\/fr\/producto\/luni-m\/"]}]},{"@type":"ImageObject","inLanguage":"fr-FR","@id":"https:\/\/arteconfort.com\/fr\/producto\/luni-m\/#primaryimage","url":"https:\/\/arteconfort.com\/wp-content\/uploads\/2025\/04\/LUNI-M-mando.webp","contentUrl":"https:\/\/arteconfort.com\/wp-content\/uploads\/2025\/04\/LUNI-M-mando.webp","width":1024,"height":1024},{"@type":"BreadcrumbList","@id":"https:\/\/arteconfort.com\/fr\/producto\/luni-m\/#breadcrumb","itemListElement":[{"@type":"ListItem","position":1,"name":"Inicio","item":"https:\/\/arteconfort.com\/fr\/"},{"@type":"ListItem","position":2,"name":"Boutique","item":"https:\/\/arteconfort.com\/fr\/boutique\/"},{"@type":"ListItem","position":3,"name":"LUNI M"}]},{"@type":"WebSite","@id":"https:\/\/arteconfort.com\/fr\/#website","url":"https:\/\/arteconfort.com\/fr\/","name":"Arteconfort","description":"Especialistas en productos del hogar","publisher":{"@id":"https:\/\/arteconfort.com\/fr\/#organization"},"potentialAction":[{"@type":"SearchAction","target":{"@type":"EntryPoint","urlTemplate":"https:\/\/arteconfort.com\/fr\/?s={search_term_string}"},"query-input":{"@type":"PropertyValueSpecification","valueRequired":true,"valueName":"search_term_string"}}],"inLanguage":"fr-FR"},{"@type":"Organization","@id":"https:\/\/arteconfort.com\/fr\/#organization","name":"Arteconfort","url":"https:\/\/arteconfort.com\/fr\/","logo":{"@type":"ImageObject","inLanguage":"fr-FR","@id":"https:\/\/arteconfort.com\/fr\/#\/schema\/logo\/image\/","url":"https:\/\/arteconfort.com\/wp-content\/uploads\/2019\/07\/logo-arteconfort.png","contentUrl":"https:\/\/arteconfort.com\/wp-content\/uploads\/2019\/07\/logo-arteconfort.png","width":230,"height":88,"caption":"Arteconfort"},"image":{"@id":"https:\/\/arteconfort.com\/fr\/#\/schema\/logo\/image\/"}}]}},"_links":{"self":[{"href":"https:\/\/arteconfort.com\/fr\/wp-json\/wp\/v2\/product\/48146","targetHints":{"allow":["GET"]}}],"collection":[{"href":"https:\/\/arteconfort.com\/fr\/wp-json\/wp\/v2\/product"}],"about":[{"href":"https:\/\/arteconfort.com\/fr\/wp-json\/wp\/v2\/types\/product"}],"wp:featuredmedia":[{"embeddable":true,"href":"https:\/\/arteconfort.com\/fr\/wp-json\/wp\/v2\/media\/47237"}],"wp:attachment":[{"href":"https:\/\/arteconfort.com\/fr\/wp-json\/wp\/v2\/media?parent=48146"}],"wp:term":[{"taxonomy":"product_brand","embeddable":true,"href":"https:\/\/arteconfort.com\/fr\/wp-json\/wp\/v2\/product_brand?post=48146"},{"taxonomy":"product_cat","embeddable":true,"href":"https:\/\/arteconfort.com\/fr\/wp-json\/wp\/v2\/product_cat?post=48146"},{"taxonomy":"product_tag","embeddable":true,"href":"https:\/\/arteconfort.com\/fr\/wp-json\/wp\/v2\/product_tag?post=48146"}],"curies":[{"name":"wp","href":"https:\/\/api.w.org\/{rel}","templated":true}]}}