{"id":48186,"date":"2025-06-03T12:14:06","date_gmt":"2025-06-03T10:14:06","guid":{"rendered":"https:\/\/arteconfort.com\/producto\/non%20class\u00e9\/helios\/"},"modified":"2025-06-09T10:17:24","modified_gmt":"2025-06-09T08:17:24","slug":"helios","status":"publish","type":"product","link":"https:\/\/arteconfort.com\/fr\/producto\/helios\/","title":{"rendered":"HELIOS"},"content":{"rendered":"<div class=\"wpb-content-wrapper\"><p>[vc_row][vc_column][vc_empty_space height=&#8221;60px&#8221;][vc_row_inner][vc_column_inner width=&#8221;1\/3&#8243;][wyde_info_box icon_set=&#8221;simple_line&#8221; icon_simple_line=&#8221;sl-energy&#8221; icon_position=&#8221;left&#8221; title=&#8221;CARACT\u00c9RISTIQUES PHYSIQUES ET \u00c9LECTRIQUES&#8221;][\/wyde_info_box][vc_empty_space height=&#8221;10px&#8221;][vc_column_text]Hauteur: <strong>33\/45,7cm<\/strong><br \/>\nDiam\u00e8tre: <strong>112cm<\/strong><br \/>\nPoids: <strong>5,86kg<\/strong><br \/>\nMat\u00e9riau du corpes: <strong>Fer<\/strong><br \/>\nMat\u00e9riau des lames: <strong>PC<\/strong><br \/>\nFinition du corps: <strong>Bois<\/strong><br \/>\nFinition des lames: <strong>Transparent<\/strong><br \/>\nNombre des lames: <strong>3<\/strong><br \/>\nLames r\u00e9versibles: <strong>No<\/strong><br \/>\nMoteur: <strong>DC<\/strong><br \/>\nTension: <strong>230Vac<\/strong><br \/>\nPuissance de la vitesse: <strong>6,6W-10,4W-14,9W-20,9W-28-35,3W<\/strong><br \/>\nVitesses TR\/MIN: <strong>136-154-177-196-210-223<\/strong><br \/>\nBruit \u00e9mis par les vitesses: <strong>36dBs-38dBs-40dBs-42dBs-44dBs-44dBs-45dBs<\/strong><br \/>\nD\u00e9bit d&#8217;air des vitesses: <strong>4.300m<sup>3<\/sup>\/h-4.900m<sup>3<\/sup>\/h-5.600m<sup>3<\/sup>\/h-6.200m<sup>3<\/sup>\/h-6.700m<sup>3<\/sup>\/h-7.200m<sup>3<\/sup>\/h<\/strong><br \/>\nSurface maximel recommand\u00e8e: <strong>&lt;20m<sup>2<\/sup><\/strong><br \/>\nIP: <strong>20<\/strong><br \/>\nInclinaison maximale du plafond: <strong>15\u00ba<\/strong><br \/>\nDistance de s\u00e9curit\u00e9: <strong>2,3m<\/strong><br \/>\nIsolation \u00e9lectrique: <strong>Classe I<\/strong><br \/>\nAccessoires: <strong>2 poteaux de 12,7cm et 25,4cm chacun<\/strong><br \/>\nGarantie: <strong>3 ans<\/strong>[\/vc_column_text][\/vc_column_inner][vc_column_inner width=&#8221;1\/3&#8243;][wyde_info_box icon_set=&#8221;simple_line&#8221; icon_simple_line=&#8221;sl-mouse&#8221; icon_position=&#8221;left&#8221; title=&#8221;CONTR\u00d4LE ET FONCTIONS&#8221;][\/wyde_info_box][vc_empty_space height=&#8221;10px&#8221;][vc_column_text]T\u00e9l\u00e9commande: <strong>Oui<\/strong><br \/>\nPiles: <strong>2xAAA (Non incluses)<\/strong><br \/>\nNombre des vitesses: <strong>6<\/strong><br \/>\nProgrammation: <strong>1h-2h-4h<\/strong><br \/>\nMode brise: <strong>Oui<\/strong><br \/>\nMode \u00e9t\u00e9\/hiver: <strong>Oui<\/strong><br \/>\nThermostat: <strong>Non<\/strong><br \/>\nM\u00e9moire d&#8217;allumage: <strong>Oui<\/strong><br \/>\nAPP: <strong>Non<\/strong><br \/>\nConexion Wi-Fi: <strong>Non<\/strong><br \/>\nConexion bluetooth: <strong>Non<\/strong>[\/vc_column_text][\/vc_column_inner][vc_column_inner width=&#8221;1\/3&#8243;][wyde_info_box icon_set=&#8221;stroke_gap&#8221; icon_stroke_gap=&#8221;sg-Bulb&#8221; icon_position=&#8221;left&#8221; title=&#8221;\u00c9CLAIRAGE&#8221;][\/wyde_info_box][vc_empty_space height=&#8221;10px&#8221;][vc_column_text]<br \/>\nFlux lumineaux: <strong>3.500lm (principal) 200lm (secundaire)<\/strong><br \/>\nPuissance LED: <strong>30W (principal) 2W (secundaire)<\/strong><br \/>\nTemp\u00e9rature de couleur: <strong>Oui<\/strong><br \/>\nChangement de temp\u00e9rature de couleur: <strong>3.000K-4.000K-6.500K<\/strong><br \/>\nGradation: <strong>Dimmable<\/strong><br \/>\nAngle d&#8217;ouverture: <strong>120\u00ba<\/strong><br \/>\nDur\u00e9e de vie moyenne: <strong>20.000h<\/strong><br \/>\nNombre d&#8217;allumages: <strong>10.000<\/strong><br \/>\nMemoria de temperatura de color: <strong>S\u00ed<\/strong><br \/>\nLabel d&#8217;efficacit\u00e9 \u00e9nerg\u00e9tique: <strong>F<\/strong>[\/vc_column_text][\/vc_column_inner][\/vc_row_inner][vc_empty_space height=&#8221;60px&#8221;][\/vc_column][\/vc_row][vc_row vertical_align=&#8221;middle&#8221; padding_size=&#8221;no-padding&#8221; background_mode=&#8221;color&#8221; background_color=&#8221;#f5f5f5&#8243;][vc_column text_align=&#8221;center&#8221; padding_size=&#8221;no-padding&#8221;][vc_row_inner vertical_align=&#8221;middle&#8221; padding_size=&#8221;no-padding&#8221; css=&#8221;.vc_custom_1664367242377{padding-top: 30px !important;padding-right: 60px !important;padding-bottom: 30px !important;padding-left: 60px !important;}&#8221;][vc_column_inner padding_size=&#8221;no-padding&#8221; width=&#8221;2\/3&#8243;][wyde_heading style=&#8221;2&#8243; title_tag=&#8221;h3&#8243; title=&#8221;Pi\u00e8ces de rechange disponibles pour le ventilateur HELIOS&#8221; heading_color=&#8221;#000000&#8243;][vc_column_text]Vous pouvez acheter la pi\u00e8ce de rechange de votre ventilateur dans le m\u00eame magasin que celui o\u00f9 vous avez achet\u00e9 votre ventilateur ou dans un autre magasin de la m\u00eame cha\u00eene.[\/vc_column_text][vc_empty_space][wyde_info_box icon=&#8221;fa fa-check&#8221; icon_position=&#8221;left&#8221; title=&#8221;AMPOULE&#8221;][\/wyde_info_box][wyde_info_box icon=&#8221;fa fa-check&#8221; icon_position=&#8221;left&#8221; title=&#8221;CARTE LED PRINCIPAL&#8221;][\/wyde_info_box][wyde_info_box icon=&#8221;fa fa-check&#8221; icon_position=&#8221;left&#8221; title=&#8221;CARTE LED SECUNDAIRE&#8221;][\/wyde_info_box][wyde_info_box icon=&#8221;fa fa-check&#8221; icon_position=&#8221;left&#8221; title=&#8221;T\u00c9L\u00c9COMMANDE&#8221;][\/wyde_info_box][wyde_info_box icon=&#8221;fa fa-check&#8221; icon_position=&#8221;left&#8221; title=&#8221;CONTR\u00d4LEUR&#8221;][\/wyde_info_box][vc_empty_space height=&#8221;20px&#8221;][\/vc_column_inner][vc_column_inner text_align=&#8221;center&#8221; width=&#8221;1\/3&#8243; background_color=&#8221;#ffffff&#8221;][vc_empty_space height=&#8221;20px&#8221;][vc_column_text]<em>Si vous avez questions, vous pouvez nous contacter via le formulaire de contact:<\/em>[\/vc_column_text][vc_empty_space height=&#8221;20px&#8221;][wyde_link_button icon_set=&#8221;simple_line&#8221; icon_simple_line=&#8221;sl-bubbles&#8221; style=&#8221;outline round&#8221; title=&#8221;Consulter&#8221; link=&#8221;url:https%3A%2F%2Farteconfort.com%2Fcontacto%2F|||&#8221; color=&#8221;#61b4e4&#8243; hover_color=&#8221;#ffffff&#8221;][vc_empty_space height=&#8221;40px&#8221;][vc_single_image alignment=&#8221;center&#8221; image=&#8221;24269&#8243;][\/vc_column_inner][\/vc_row_inner][\/vc_column][\/vc_row][vc_row][vc_column][vc_empty_space height=&#8221;80px&#8221;][\/vc_column][\/vc_row][vc_row][vc_column][vc_empty_space height=&#8221;80px&#8221;][\/vc_column][\/vc_row][vc_row vertical_align=&#8221;middle&#8221; padding_size=&#8221;no-padding&#8221; background_mode=&#8221;color&#8221; background_color=&#8221;#f5f5f5&#8243;][vc_column text_align=&#8221;center&#8221; offset=&#8221;vc_hidden-md vc_hidden-sm vc_hidden-xs&#8221;][vc_row_inner vertical_align=&#8221;middle&#8221; padding_size=&#8221;no-padding&#8221;][vc_column_inner text_align=&#8221;center&#8221; width=&#8221;1\/3&#8243;][vc_single_image alignment=&#8221;center&#8221; image=&#8221;47692&#8243;][\/vc_column_inner][vc_column_inner width=&#8221;1\/3&#8243;][vc_column_text]Retrouvez ce ventilateur en vente exclusivement chez <strong>BRICODEPOT<\/strong>[\/vc_column_text][\/vc_column_inner][vc_column_inner width=&#8221;1\/3&#8243;][wyde_link_button icon_set=&#8221;simple_line&#8221; icon_simple_line=&#8221;sl-login&#8221; style=&#8221;outline round&#8221; title=&#8221;Acc\u00e8s Bricodepot&#8221; link=&#8221;url:https%3A%2F%2Fwww.bricodepot.es%2Fventilador-de-techo-retractil-blancomadera-nogal-con-motor-dc-106-cm-helios-arteconfort-8435486150512%3FqueryID%3Ddc462a50e94471c740c2d7229c92ecf3%26objectID%3D485925%26indexName%3Dpro_ES_products||target:%20_blank|rel:nofollow&#8221; color=&#8221;#61b4e4&#8243; hover_color=&#8221;#ffffff&#8221;][\/vc_column_inner][\/vc_row_inner][\/vc_column][\/vc_row][vc_row vertical_align=&#8221;middle&#8221; padding_size=&#8221;no-padding&#8221; background_mode=&#8221;color&#8221; background_color=&#8221;#f5f5f5&#8243;][vc_column text_align=&#8221;center&#8221; padding_size=&#8221;no-padding&#8221; offset=&#8221;vc_hidden-lg&#8221;][vc_row_inner vertical_align=&#8221;middle&#8221; padding_size=&#8221;no-padding&#8221; css=&#8221;.vc_custom_1664367242377{padding-top: 30px !important;padding-right: 60px !important;padding-bottom: 30px !important;padding-left: 60px !important;}&#8221;][vc_column_inner padding_size=&#8221;no-padding&#8221; width=&#8221;1\/2&#8243;][vc_single_image alignment=&#8221;center&#8221; image=&#8221;47692&#8243;][\/vc_column_inner][vc_column_inner text_align=&#8221;center&#8221; width=&#8221;1\/2&#8243;][vc_column_text]Retrouvez ce ventilateur en vente exclusivement chez <strong>BRICODEPOT<\/strong>[\/vc_column_text][vc_empty_space height=&#8221;10px&#8221;][wyde_link_button icon_set=&#8221;simple_line&#8221; icon_simple_line=&#8221;sl-login&#8221; style=&#8221;outline round&#8221; title=&#8221;Acc\u00e8s Bricodepot&#8221; link=&#8221;url:https%3A%2F%2Fwww.bricodepot.es%2Fventilador-de-techo-retractil-blancomadera-nogal-con-motor-dc-106-cm-helios-arteconfort-8435486150512%3FqueryID%3Ddc462a50e94471c740c2d7229c92ecf3%26objectID%3D485925%26indexName%3Dpro_ES_products||target:%20_blank|rel:nofollow&#8221; color=&#8221;#61b4e4&#8243; hover_color=&#8221;#ffffff&#8221;][\/vc_column_inner][\/vc_row_inner][\/vc_column][\/vc_row]<\/p>\n<\/div>","protected":false},"excerpt":{"rendered":"<p>Le ventilateur de plafond \u00e0 pales encastr\u00e9es ou r\u00e9tractables HELIOS int\u00e8gre un \u00e9clairage \u00e0 LED et une m\u00e9moire de temp\u00e9rature de couleur, ainsi qu&#8217;un second \u00e9clairage z\u00e9nithal \u00e0 LED chaudes. Son corps est en fer avec une finition en bois peint. Il est facile \u00e0 installer sur des plafonds avec une inclinaison allant jusqu&#8217;\u00e0 15\u00ba. Il est \u00e9quip\u00e9 d&#8217;une t\u00e9l\u00e9commande et d&#8217;un moteur \u00e0 courant continu tr\u00e8s efficace et silencieux. Ses pales sont r\u00e9glables sur 6 niveaux et son \u00e9clairage led de diff\u00e9rentes intensit\u00e9s se fait graduellement en trois temp\u00e9ratures diff\u00e9rentes.<br \/>\n<strong>Ref.: HELIOSBL21<\/strong><\/p>\n<ul style=\"list-style-type: circle; padding-left: 80px;\">\n<li>Ventilateur \u00e0 pales r\u00e9tractables avec double \u00e9clairage<\/li>\n<li>Large d\u00e9bit d&#8217;air<\/li>\n<li>6 vitesses et intensit\u00e9 lumineuse progressive<\/li>\n<\/ul>\n<p>[vc_row vertical_align=&#8221;middle&#8221; padding_size=&#8221;no-padding&#8221; background_mode=&#8221;color&#8221; background_color=&#8221;#f5f5f5&#8243;][vc_column text_align=&#8221;center&#8221; offset=&#8221;vc_hidden-md vc_hidden-sm vc_hidden-xs&#8221;][vc_row_inner vertical_align=&#8221;middle&#8221; padding_size=&#8221;no-padding&#8221; css=&#8221;.vc_custom_1664435191461{padding-top: 30px !important;padding-right: 60px !important;padding-bottom: 30px !important;padding-left: 60px !important;}&#8221;][vc_column_inner width=&#8221;1\/2&#8243;][vc_single_image image=&#8221;47696&#8243;][\/vc_column_inner][vc_column_inner width=&#8221;1\/2&#8243;][vc_column_text]Retrouvez ce ventilateur en vente exclusivement chez <strong>BRICODEPOT<\/strong>[\/vc_column_text][vc_empty_space height=&#8221;10px&#8221;][wyde_link_button icon_set=&#8221;simple_line&#8221; icon_simple_line=&#8221;sl-login&#8221; style=&#8221;outline round&#8221; title=&#8221;Acc\u00e8s Bricodepot&#8221; link=&#8221;url:https%3A%2F%2Fwww.bricodepot.es%2Fventilador-de-techo-retractil-blancomadera-nogal-con-motor-dc-106-cm-helios-arteconfort-8435486150512%3FqueryID%3Ddc462a50e94471c740c2d7229c92ecf3%26objectID%3D485925%26indexName%3Dpro_ES_products||target:%20_blank|rel:nofollow&#8221; color=&#8221;#61b4e4&#8243; hover_color=&#8221;#ffffff&#8221;][\/vc_column_inner][\/vc_row_inner][\/vc_column][\/vc_row][vc_row vertical_align=&#8221;middle&#8221; padding_size=&#8221;no-padding&#8221; background_mode=&#8221;color&#8221; background_color=&#8221;#f5f5f5&#8243;][vc_column text_align=&#8221;center&#8221; padding_size=&#8221;no-padding&#8221; offset=&#8221;vc_hidden-lg&#8221;][vc_row_inner vertical_align=&#8221;middle&#8221; padding_size=&#8221;no-padding&#8221; css=&#8221;.vc_custom_1664367242377{padding-top: 30px !important;padding-right: 60px !important;padding-bottom: 30px !important;padding-left: 60px !important;}&#8221;][vc_column_inner padding_size=&#8221;no-padding&#8221; width=&#8221;1\/2&#8243;][vc_single_image alignment=&#8221;center&#8221; image=&#8221;47696&#8243;][\/vc_column_inner][vc_column_inner text_align=&#8221;center&#8221; width=&#8221;1\/2&#8243;][vc_column_text]Retrouvez ce ventilateur en vente exclusivement chez <strong>BRICODEPOT<\/strong>[\/vc_column_text][vc_empty_space height=&#8221;10px&#8221;][wyde_link_button icon_set=&#8221;simple_line&#8221; icon_simple_line=&#8221;sl-login&#8221; style=&#8221;outline round&#8221; title=&#8221;Acc\u00e8s Bricodepot&#8221; link=&#8221;url:https%3A%2F%2Fwww.bricodepot.es%2Fventilador-de-techo-retractil-blancomadera-nogal-con-motor-dc-106-cm-helios-arteconfort-8435486150512%3FqueryID%3Ddc462a50e94471c740c2d7229c92ecf3%26objectID%3D485925%26indexName%3Dpro_ES_products||target:%20_blank|rel:nofollow&#8221; color=&#8221;#61b4e4&#8243; hover_color=&#8221;#ffffff&#8221;][\/vc_column_inner][\/vc_row_inner][\/vc_column][\/vc_row][vc_row][vc_column offset=&#8221;vc_hidden-xs&#8221;][vc_empty_space height=&#8221;60px&#8221;][\/vc_column][\/vc_row][vc_row][vc_column width=&#8221;1\/3&#8243;][wyde_link_button icon_set=&#8221;simple_line&#8221; icon_simple_line=&#8221;sl-settings&#8221; style=&#8221;round&#8221; title=&#8221;Instructions&#8221; link=&#8221;url:https%3A%2F%2Farteconfort.com%2Fwp-content%2Fuploads%2F2025%2F06%2Fim-HELIOS-FTv1-v1-contornos.pdf||target:%20_blank|rel:nofollow&#8221; color=&#8221;#ffffff&#8221; bg_color=&#8221;#222222&#8243;][\/vc_column][\/vc_row]<\/p>\n","protected":false},"featured_media":47856,"template":"","meta":[],"product_brand":[],"product_cat":[354,355],"product_tag":[],"class_list":{"0":"post-48186","1":"product","2":"type-product","3":"status-publish","4":"has-post-thumbnail","6":"product_cat-climatizacion-fr","7":"product_cat-ventiladores-de-techo-fr","9":"first","10":"instock","11":"shipping-taxable","12":"product-type-simple"},"yoast_head":"<!-- This site is optimized with the Yoast SEO plugin v26.5 - https:\/\/yoast.com\/wordpress\/plugins\/seo\/ -->\n<title>HELIOS - Climatizaci\u00f3n, Ventiladores de techo - Arteconfort<\/title>\n<meta name=\"description\" content=\"Le ventilateur de plafond \u00e0 pales encastr\u00e9es ou r\u00e9tractables HELIOS int\u00e8gre un \u00e9clairage \u00e0 LED et une m\u00e9moire de temp\u00e9rature de couleur, ainsi qu&#039;un second \u00e9clairage z\u00e9nithal \u00e0 LED chaudes. Son corps est en fer avec une finition en bois peint. Il est facile \u00e0 installer sur des plafonds avec une inclinaison allant jusqu&#039;\u00e0 15\u00ba. Il est \u00e9quip\u00e9 d&#039;une t\u00e9l\u00e9commande et d&#039;un moteur \u00e0 courant continu tr\u00e8s efficace et silencieux. Ses pales sont r\u00e9glables sur 6 niveaux et son \u00e9clairage led de diff\u00e9rentes intensit\u00e9s se fait graduellement en trois temp\u00e9ratures diff\u00e9rentes. Ref.: HELIOSBL21   Ventilateur \u00e0 pales r\u00e9tractables avec double \u00e9clairage  Large d\u00e9bit d&#039;air  6 vitesses et intensit\u00e9 lumineuse progressive  Retrouvez ce ventilateur en vente exclusivement chez BRICODEPOTRetrouvez ce ventilateur en vente exclusivement chez BRICODEPOT\" \/>\n<meta name=\"robots\" content=\"index, follow, max-snippet:-1, max-image-preview:large, max-video-preview:-1\" \/>\n<link rel=\"canonical\" href=\"https:\/\/arteconfort.com\/fr\/producto\/helios\/\" \/>\n<meta property=\"og:locale\" content=\"fr_FR\" \/>\n<meta property=\"og:type\" content=\"article\" \/>\n<meta property=\"og:title\" content=\"HELIOS - Climatizaci\u00f3n, Ventiladores de techo - Arteconfort\" \/>\n<meta property=\"og:description\" content=\"Le ventilateur de plafond \u00e0 pales encastr\u00e9es ou r\u00e9tractables HELIOS int\u00e8gre un \u00e9clairage \u00e0 LED et une m\u00e9moire de temp\u00e9rature de couleur, ainsi qu&#039;un second \u00e9clairage z\u00e9nithal \u00e0 LED chaudes. Son corps est en fer avec une finition en bois peint. Il est facile \u00e0 installer sur des plafonds avec une inclinaison allant jusqu&#039;\u00e0 15\u00ba. Il est \u00e9quip\u00e9 d&#039;une t\u00e9l\u00e9commande et d&#039;un moteur \u00e0 courant continu tr\u00e8s efficace et silencieux. Ses pales sont r\u00e9glables sur 6 niveaux et son \u00e9clairage led de diff\u00e9rentes intensit\u00e9s se fait graduellement en trois temp\u00e9ratures diff\u00e9rentes. Ref.: HELIOSBL21   Ventilateur \u00e0 pales r\u00e9tractables avec double \u00e9clairage  Large d\u00e9bit d&#039;air  6 vitesses et intensit\u00e9 lumineuse progressive  Retrouvez ce ventilateur en vente exclusivement chez BRICODEPOTRetrouvez ce ventilateur en vente exclusivement chez BRICODEPOT\" \/>\n<meta property=\"og:url\" content=\"https:\/\/arteconfort.com\/fr\/producto\/helios\/\" \/>\n<meta property=\"og:site_name\" content=\"Arteconfort\" \/>\n<meta property=\"article:modified_time\" content=\"2025-06-09T08:17:24+00:00\" \/>\n<meta property=\"og:image\" content=\"https:\/\/arteconfort.com\/wp-content\/uploads\/2025\/06\/HELIOS-Producto-Mando.webp\" \/>\n\t<meta property=\"og:image:width\" content=\"1024\" \/>\n\t<meta property=\"og:image:height\" content=\"1024\" \/>\n\t<meta property=\"og:image:type\" content=\"image\/webp\" \/>\n<meta name=\"twitter:card\" content=\"summary_large_image\" \/>\n<meta name=\"twitter:label1\" content=\"Dur\u00e9e de lecture estim\u00e9e\" \/>\n\t<meta name=\"twitter:data1\" content=\"2 minutes\" \/>\n<!-- \/ Yoast SEO plugin. -->","yoast_head_json":{"title":"HELIOS - Climatizaci\u00f3n, Ventiladores de techo - Arteconfort","description":"Le ventilateur de plafond \u00e0 pales encastr\u00e9es ou r\u00e9tractables HELIOS int\u00e8gre un \u00e9clairage \u00e0 LED et une m\u00e9moire de temp\u00e9rature de couleur, ainsi qu'un second \u00e9clairage z\u00e9nithal \u00e0 LED chaudes. Son corps est en fer avec une finition en bois peint. Il est facile \u00e0 installer sur des plafonds avec une inclinaison allant jusqu'\u00e0 15\u00ba. Il est \u00e9quip\u00e9 d'une t\u00e9l\u00e9commande et d'un moteur \u00e0 courant continu tr\u00e8s efficace et silencieux. Ses pales sont r\u00e9glables sur 6 niveaux et son \u00e9clairage led de diff\u00e9rentes intensit\u00e9s se fait graduellement en trois temp\u00e9ratures diff\u00e9rentes. Ref.: HELIOSBL21   Ventilateur \u00e0 pales r\u00e9tractables avec double \u00e9clairage  Large d\u00e9bit d'air  6 vitesses et intensit\u00e9 lumineuse progressive  Retrouvez ce ventilateur en vente exclusivement chez BRICODEPOTRetrouvez ce ventilateur en vente exclusivement chez BRICODEPOT","robots":{"index":"index","follow":"follow","max-snippet":"max-snippet:-1","max-image-preview":"max-image-preview:large","max-video-preview":"max-video-preview:-1"},"canonical":"https:\/\/arteconfort.com\/fr\/producto\/helios\/","og_locale":"fr_FR","og_type":"article","og_title":"HELIOS - Climatizaci\u00f3n, Ventiladores de techo - Arteconfort","og_description":"Le ventilateur de plafond \u00e0 pales encastr\u00e9es ou r\u00e9tractables HELIOS int\u00e8gre un \u00e9clairage \u00e0 LED et une m\u00e9moire de temp\u00e9rature de couleur, ainsi qu'un second \u00e9clairage z\u00e9nithal \u00e0 LED chaudes. Son corps est en fer avec une finition en bois peint. Il est facile \u00e0 installer sur des plafonds avec une inclinaison allant jusqu'\u00e0 15\u00ba. Il est \u00e9quip\u00e9 d'une t\u00e9l\u00e9commande et d'un moteur \u00e0 courant continu tr\u00e8s efficace et silencieux. Ses pales sont r\u00e9glables sur 6 niveaux et son \u00e9clairage led de diff\u00e9rentes intensit\u00e9s se fait graduellement en trois temp\u00e9ratures diff\u00e9rentes. Ref.: HELIOSBL21   Ventilateur \u00e0 pales r\u00e9tractables avec double \u00e9clairage  Large d\u00e9bit d'air  6 vitesses et intensit\u00e9 lumineuse progressive  Retrouvez ce ventilateur en vente exclusivement chez BRICODEPOTRetrouvez ce ventilateur en vente exclusivement chez BRICODEPOT","og_url":"https:\/\/arteconfort.com\/fr\/producto\/helios\/","og_site_name":"Arteconfort","article_modified_time":"2025-06-09T08:17:24+00:00","og_image":[{"width":1024,"height":1024,"url":"https:\/\/arteconfort.com\/wp-content\/uploads\/2025\/06\/HELIOS-Producto-Mando.webp","type":"image\/webp"}],"twitter_card":"summary_large_image","twitter_misc":{"Dur\u00e9e de lecture estim\u00e9e":"2 minutes"},"schema":{"@context":"https:\/\/schema.org","@graph":[{"@type":"WebPage","@id":"https:\/\/arteconfort.com\/fr\/producto\/helios\/","url":"https:\/\/arteconfort.com\/fr\/producto\/helios\/","name":"HELIOS - Climatizaci\u00f3n, Ventiladores de techo - Arteconfort","isPartOf":{"@id":"https:\/\/arteconfort.com\/fr\/#website"},"primaryImageOfPage":{"@id":"https:\/\/arteconfort.com\/fr\/producto\/helios\/#primaryimage"},"image":{"@id":"https:\/\/arteconfort.com\/fr\/producto\/helios\/#primaryimage"},"thumbnailUrl":"https:\/\/arteconfort.com\/wp-content\/uploads\/2025\/06\/HELIOS-Producto-Mando.webp","datePublished":"2025-06-03T10:14:06+00:00","dateModified":"2025-06-09T08:17:24+00:00","description":"Le ventilateur de plafond \u00e0 pales encastr\u00e9es ou r\u00e9tractables HELIOS int\u00e8gre un \u00e9clairage \u00e0 LED et une m\u00e9moire de temp\u00e9rature de couleur, ainsi qu'un second \u00e9clairage z\u00e9nithal \u00e0 LED chaudes. Son corps est en fer avec une finition en bois peint. Il est facile \u00e0 installer sur des plafonds avec une inclinaison allant jusqu'\u00e0 15\u00ba. Il est \u00e9quip\u00e9 d'une t\u00e9l\u00e9commande et d'un moteur \u00e0 courant continu tr\u00e8s efficace et silencieux. Ses pales sont r\u00e9glables sur 6 niveaux et son \u00e9clairage led de diff\u00e9rentes intensit\u00e9s se fait graduellement en trois temp\u00e9ratures diff\u00e9rentes. Ref.: HELIOSBL21 Ventilateur \u00e0 pales r\u00e9tractables avec double \u00e9clairage Large d\u00e9bit d'air 6 vitesses et intensit\u00e9 lumineuse progressive Retrouvez ce ventilateur en vente exclusivement chez BRICODEPOTRetrouvez ce ventilateur en vente exclusivement chez BRICODEPOT","breadcrumb":{"@id":"https:\/\/arteconfort.com\/fr\/producto\/helios\/#breadcrumb"},"inLanguage":"fr-FR","potentialAction":[{"@type":"ReadAction","target":["https:\/\/arteconfort.com\/fr\/producto\/helios\/"]}]},{"@type":"ImageObject","inLanguage":"fr-FR","@id":"https:\/\/arteconfort.com\/fr\/producto\/helios\/#primaryimage","url":"https:\/\/arteconfort.com\/wp-content\/uploads\/2025\/06\/HELIOS-Producto-Mando.webp","contentUrl":"https:\/\/arteconfort.com\/wp-content\/uploads\/2025\/06\/HELIOS-Producto-Mando.webp","width":1024,"height":1024},{"@type":"BreadcrumbList","@id":"https:\/\/arteconfort.com\/fr\/producto\/helios\/#breadcrumb","itemListElement":[{"@type":"ListItem","position":1,"name":"Inicio","item":"https:\/\/arteconfort.com\/fr\/"},{"@type":"ListItem","position":2,"name":"Boutique","item":"https:\/\/arteconfort.com\/fr\/boutique\/"},{"@type":"ListItem","position":3,"name":"HELIOS"}]},{"@type":"WebSite","@id":"https:\/\/arteconfort.com\/fr\/#website","url":"https:\/\/arteconfort.com\/fr\/","name":"Arteconfort","description":"Especialistas en productos del hogar","publisher":{"@id":"https:\/\/arteconfort.com\/fr\/#organization"},"potentialAction":[{"@type":"SearchAction","target":{"@type":"EntryPoint","urlTemplate":"https:\/\/arteconfort.com\/fr\/?s={search_term_string}"},"query-input":{"@type":"PropertyValueSpecification","valueRequired":true,"valueName":"search_term_string"}}],"inLanguage":"fr-FR"},{"@type":"Organization","@id":"https:\/\/arteconfort.com\/fr\/#organization","name":"Arteconfort","url":"https:\/\/arteconfort.com\/fr\/","logo":{"@type":"ImageObject","inLanguage":"fr-FR","@id":"https:\/\/arteconfort.com\/fr\/#\/schema\/logo\/image\/","url":"https:\/\/arteconfort.com\/wp-content\/uploads\/2019\/07\/logo-arteconfort.png","contentUrl":"https:\/\/arteconfort.com\/wp-content\/uploads\/2019\/07\/logo-arteconfort.png","width":230,"height":88,"caption":"Arteconfort"},"image":{"@id":"https:\/\/arteconfort.com\/fr\/#\/schema\/logo\/image\/"}}]}},"_links":{"self":[{"href":"https:\/\/arteconfort.com\/fr\/wp-json\/wp\/v2\/product\/48186","targetHints":{"allow":["GET"]}}],"collection":[{"href":"https:\/\/arteconfort.com\/fr\/wp-json\/wp\/v2\/product"}],"about":[{"href":"https:\/\/arteconfort.com\/fr\/wp-json\/wp\/v2\/types\/product"}],"wp:featuredmedia":[{"embeddable":true,"href":"https:\/\/arteconfort.com\/fr\/wp-json\/wp\/v2\/media\/47856"}],"wp:attachment":[{"href":"https:\/\/arteconfort.com\/fr\/wp-json\/wp\/v2\/media?parent=48186"}],"wp:term":[{"taxonomy":"product_brand","embeddable":true,"href":"https:\/\/arteconfort.com\/fr\/wp-json\/wp\/v2\/product_brand?post=48186"},{"taxonomy":"product_cat","embeddable":true,"href":"https:\/\/arteconfort.com\/fr\/wp-json\/wp\/v2\/product_cat?post=48186"},{"taxonomy":"product_tag","embeddable":true,"href":"https:\/\/arteconfort.com\/fr\/wp-json\/wp\/v2\/product_tag?post=48186"}],"curies":[{"name":"wp","href":"https:\/\/api.w.org\/{rel}","templated":true}]}}