{"id":48199,"date":"2025-04-03T11:02:56","date_gmt":"2025-04-03T09:02:56","guid":{"rendered":"https:\/\/arteconfort.com\/producto\/non%20class\u00e9\/cartagena\/"},"modified":"2025-06-09T14:12:07","modified_gmt":"2025-06-09T12:12:07","slug":"cartagena","status":"publish","type":"product","link":"https:\/\/arteconfort.com\/fr\/producto\/cartagena\/","title":{"rendered":"CARTAGENA"},"content":{"rendered":"<div class=\"wpb-content-wrapper\"><p>[vc_row][vc_column][vc_empty_space height=&#8221;60px&#8221;][vc_row_inner][vc_column_inner width=&#8221;1\/3&#8243;][wyde_info_box icon_set=&#8221;simple_line&#8221; icon_simple_line=&#8221;sl-energy&#8221; icon_position=&#8221;left&#8221; title=&#8221;CARACT\u00c9RISTIQUES PHYSIQUES ET \u00c9LECTRIQUES&#8221;][\/wyde_info_box][vc_empty_space height=&#8221;10px&#8221;][vc_column_text]Hauteur: <strong>32,3\/44,8cm<\/strong><br \/>\nDiam\u00e8tre: <strong>91cm<\/strong><br \/>\nPoids: <strong>4,21kg<\/strong><br \/>\nMat\u00e9riau du corps: <strong>PC<\/strong><br \/>\nMat\u00e9riau des lames: <strong>ABS<\/strong><br \/>\nFinition du corps: <strong>Blanc<\/strong><br \/>\nFinition\u00a0 des lames: <strong>Transparent<\/strong><br \/>\nNombre des lames: <strong>3<\/strong><br \/>\nLames r\u00e9versibles: <strong>Non<\/strong><br \/>\nMoteur: <strong>DC<\/strong><br \/>\nTension: <strong>230Vac<\/strong><br \/>\nPuissance de la vitesse: <strong>6,3W-10,5W-14W-18W-23W-28W<\/strong><br \/>\nVitesses TR\/MIN: <strong>154-180-200-220-240-252<\/strong><br \/>\nBruit \u00e9mis par les vitesses: <strong>30dBs-32dBs-36dBs-40dBs-43dBs-48dBs<\/strong><br \/>\nD\u00e9bit d&#8217;air des vitesses: <strong>3.000m<sup>3<\/sup>\/h-3.900m<sup>3<\/sup>\/h-4.320m<sup>3<\/sup>\/h-4.800m<sup>3<\/sup>\/h-5.400m<sup>3<\/sup>\/h-6.240m<sup>3<\/sup>\/h<\/strong><br \/>\nSurface maximale recommand\u00e8e: <strong>&lt;13m<sup>2<\/sup><\/strong><br \/>\nIP: <strong>20<\/strong><br \/>\nInclinaison mazimale du plafond: <strong>10\u00ba<\/strong><br \/>\nDistance de s\u00e9curit\u00e9: <strong>2,3m<\/strong><br \/>\nIsolation \u00e9lectrique: <strong>Classe I<\/strong><br \/>\nAccessoires: <strong>2 poteaux de 12,5cm et 25cm chacun<\/strong><br \/>\nGarantie: <strong>3 ans<\/strong>[\/vc_column_text][\/vc_column_inner][vc_column_inner width=&#8221;1\/3&#8243;][wyde_info_box icon_set=&#8221;simple_line&#8221; icon_simple_line=&#8221;sl-mouse&#8221; icon_position=&#8221;left&#8221; title=&#8221;CONTR\u00d4LE ET FONCTIONS&#8221;][\/wyde_info_box][vc_empty_space height=&#8221;10px&#8221;][vc_column_text]T\u00e9l\u00e9commande: <strong>Oui<\/strong><br \/>\nPiles: <strong>2xAAA (Non incluses)<\/strong><br \/>\nNombre des vitesses: <strong>6<\/strong><br \/>\nProgrammation: <strong>1h-2h-4h<\/strong><br \/>\nMode brise: <strong>Oui<\/strong><br \/>\nMode \u00e9t\u00e9\/hiver: <strong>Oui<\/strong><br \/>\nThermostat: <strong>Non<\/strong><br \/>\nM\u00e9moire d&#8217;allumage: <strong>Oui<\/strong><br \/>\nAPP: <strong>Non<\/strong><br \/>\nConexion Wi-Fi: <strong>Non<\/strong><br \/>\nConexion bluetooth: <strong>Non<\/strong>[\/vc_column_text][\/vc_column_inner][vc_column_inner width=&#8221;1\/3&#8243;][wyde_info_box icon_set=&#8221;stroke_gap&#8221; icon_stroke_gap=&#8221;sg-Bulb&#8221; icon_position=&#8221;left&#8221; title=&#8221;\u00c9CLAIRAGE&#8221;][\/wyde_info_box][vc_empty_space height=&#8221;10px&#8221;][vc_column_text]<br \/>\nFlux lumineaux: <strong>4.400lm<\/strong><br \/>\nPuissance LED: <strong>20W &#8211; 2,5W (RGB)<\/strong><br \/>\nTemp\u00e9rature de couleur: <strong>Oui<\/strong><br \/>\nChangement de temp\u00e9rature de couleur: <strong>3.000K-4.000K-6.500K<\/strong><br \/>\nGradation: <strong>Dimmable<\/strong><br \/>\nAngle d&#8217;ouverture: <strong>120\u00ba<\/strong><br \/>\nDur\u00e9e de vie moyenne: <strong>20.000h<\/strong><br \/>\nNombre d&#8217;allumages: <strong>10.000<\/strong><br \/>\nMemoria de temperatura de color: <strong>S\u00ed<\/strong><br \/>\nLabel d&#8217;efficacit\u00e9 \u00e9nerg\u00e9tique: <strong>E<\/strong>[\/vc_column_text][\/vc_column_inner][\/vc_row_inner][vc_empty_space height=&#8221;60px&#8221;][\/vc_column][\/vc_row][vc_row vertical_align=&#8221;middle&#8221; padding_size=&#8221;no-padding&#8221; background_mode=&#8221;color&#8221; background_color=&#8221;#f5f5f5&#8243;][vc_column text_align=&#8221;center&#8221; padding_size=&#8221;no-padding&#8221;][vc_row_inner vertical_align=&#8221;middle&#8221; padding_size=&#8221;no-padding&#8221; css=&#8221;.vc_custom_1664367242377{padding-top: 30px !important;padding-right: 60px !important;padding-bottom: 30px !important;padding-left: 60px !important;}&#8221;][vc_column_inner padding_size=&#8221;no-padding&#8221; width=&#8221;2\/3&#8243;][wyde_heading style=&#8221;2&#8243; title_tag=&#8221;h3&#8243; title=&#8221;Pi\u00e8ces de rechange disponibles pour le ventilateur CARTAGENA&#8221; heading_color=&#8221;#000000&#8243;][vc_column_text]Vous pouvez acheter la pi\u00e8ce de rechange de votre ventilateur dans le m\u00eame magasin que celui o\u00f9 vous avez achet\u00e9 votre ventilateur ou dans un autre magasin de la m\u00eame cha\u00eene.[\/vc_column_text][vc_empty_space][wyde_info_box icon=&#8221;fa fa-check&#8221; icon_position=&#8221;left&#8221; title=&#8221;AMPOULE&#8221;][\/wyde_info_box][wyde_info_box icon=&#8221;fa fa-check&#8221; icon_position=&#8221;left&#8221; title=&#8221;CARTE LED&#8221;][\/wyde_info_box][wyde_info_box icon=&#8221;fa fa-check&#8221; icon_position=&#8221;left&#8221; title=&#8221;T\u00c9L\u00c9COMMANDE&#8221;][\/wyde_info_box][wyde_info_box icon=&#8221;fa fa-check&#8221; icon_position=&#8221;left&#8221; title=&#8221;CONTR\u00d4LEUR&#8221;][\/wyde_info_box][vc_empty_space height=&#8221;20px&#8221;][\/vc_column_inner][vc_column_inner text_align=&#8221;center&#8221; width=&#8221;1\/3&#8243; background_color=&#8221;#ffffff&#8221;][vc_empty_space height=&#8221;20px&#8221;][vc_column_text]<em>Si vous avez questions, vous pouvez nous contacter via le formulaire de contact:<\/em>[\/vc_column_text][vc_empty_space height=&#8221;20px&#8221;][wyde_link_button icon_set=&#8221;simple_line&#8221; icon_simple_line=&#8221;sl-bubbles&#8221; style=&#8221;outline round&#8221; title=&#8221;Consulter&#8221; link=&#8221;url:https%3A%2F%2Farteconfort.com%2Fcontacto%2F|||&#8221; color=&#8221;#61b4e4&#8243; hover_color=&#8221;#ffffff&#8221;][vc_empty_space height=&#8221;40px&#8221;][vc_single_image alignment=&#8221;center&#8221; image=&#8221;24269&#8243;][\/vc_column_inner][\/vc_row_inner][\/vc_column][\/vc_row][vc_row][vc_column][vc_empty_space height=&#8221;80px&#8221;][\/vc_column][\/vc_row][vc_row vertical_align=&#8221;middle&#8221; padding_size=&#8221;no-padding&#8221; background_mode=&#8221;color&#8221; background_color=&#8221;#f5f5f5&#8243;][vc_column text_align=&#8221;center&#8221; offset=&#8221;vc_hidden-md vc_hidden-sm vc_hidden-xs&#8221;][vc_row_inner vertical_align=&#8221;middle&#8221; padding_size=&#8221;no-padding&#8221;][vc_column_inner text_align=&#8221;center&#8221; width=&#8221;1\/3&#8243;][vc_single_image alignment=&#8221;center&#8221; image=&#8221;24197&#8243;][\/vc_column_inner][vc_column_inner width=&#8221;1\/3&#8243;][vc_column_text]Retrouvez ce ventilateur en vente exclusivement chez <strong>BAUHAUS<\/strong>[\/vc_column_text][\/vc_column_inner][vc_column_inner width=&#8221;1\/3&#8243;][wyde_link_button icon_set=&#8221;simple_line&#8221; icon_simple_line=&#8221;sl-login&#8221; style=&#8221;outline round&#8221; title=&#8221;Acc\u00e8s Bauhaus&#8221; link=&#8221;url:https%3A%2F%2Fwww.bauhaus.es%2Fventiladores-de-techo%2Farte-confort-ventilador-de-techo-cartagena%2Fp%2F32468249||target:%20_blank|rel:nofollow&#8221; color=&#8221;#61b4e4&#8243; hover_color=&#8221;#ffffff&#8221;][\/vc_column_inner][\/vc_row_inner][\/vc_column][\/vc_row][vc_row vertical_align=&#8221;middle&#8221; padding_size=&#8221;no-padding&#8221; background_mode=&#8221;color&#8221; background_color=&#8221;#f5f5f5&#8243;][vc_column text_align=&#8221;center&#8221; padding_size=&#8221;no-padding&#8221; offset=&#8221;vc_hidden-lg&#8221;][vc_row_inner vertical_align=&#8221;middle&#8221; padding_size=&#8221;no-padding&#8221; css=&#8221;.vc_custom_1664367242377{padding-top: 30px !important;padding-right: 60px !important;padding-bottom: 30px !important;padding-left: 60px !important;}&#8221;][vc_column_inner padding_size=&#8221;no-padding&#8221; width=&#8221;1\/2&#8243;][vc_single_image alignment=&#8221;center&#8221; image=&#8221;24197&#8243;][\/vc_column_inner][vc_column_inner text_align=&#8221;center&#8221; width=&#8221;1\/2&#8243;][vc_column_text]Retrouvez ce ventilateur en vente exclusivement chez <strong>BAUHAUS<\/strong>[\/vc_column_text][vc_empty_space height=&#8221;10px&#8221;][wyde_link_button icon_set=&#8221;simple_line&#8221; icon_simple_line=&#8221;sl-login&#8221; style=&#8221;outline round&#8221; title=&#8221;Acc\u00e8s Bauhaus&#8221; link=&#8221;url:https%3A%2F%2Fwww.bauhaus.es%2Fventiladores-de-techo%2Farte-confort-ventilador-de-techo-cartagena%2Fp%2F32468249||target:%20_blank|rel:nofollow&#8221; color=&#8221;#61b4e4&#8243; hover_color=&#8221;#ffffff&#8221;][\/vc_column_inner][\/vc_row_inner][\/vc_column][\/vc_row]<\/p>\n<\/div>","protected":false},"excerpt":{"rendered":"<p>Le ventilateur de plafond CARTAGENA incorpore une lumi\u00e8re LED, un halo lumineux RGB et une m\u00e9moire de temp\u00e9rature de couleur. Son corps est en ABS, il est facile \u00e0 installer et convient aux plafonds et aux surfaces jusqu&#8217;\u00e0 10\u00ba d&#8217;inclinaison. Il est \u00e9quip\u00e9 d&#8217;une t\u00e9l\u00e9commande et d&#8217;un moteur \u00e0 courant continu, tr\u00e8s efficace et plus silencieux&#8230; . Ses lames peuvent \u00eatre r\u00e9gl\u00e9es sur 6 niveaux et son \u00e9clairage LED de diff\u00e9rentes intensit\u00e9s graduellement.<br \/>\n<strong>Ref.: CARTAGENARGBBL21<\/strong><\/p>\n<ul style=\"list-style-type: circle; padding-left: 80px;\">\n<li>Ventilateur avec lumi\u00e8re RGB<\/li>\n<li>Grand d\u00e9bit d&#8217;air<\/li>\n<li>6 vitesses et intensit\u00e9 lumineuse progressive<\/li>\n<\/ul>\n<p>[vc_row vertical_align=&#8221;middle&#8221; padding_size=&#8221;no-padding&#8221; background_mode=&#8221;color&#8221; background_color=&#8221;#f5f5f5&#8243;][vc_column text_align=&#8221;center&#8221; offset=&#8221;vc_hidden-md vc_hidden-sm vc_hidden-xs&#8221;][vc_row_inner vertical_align=&#8221;middle&#8221; padding_size=&#8221;no-padding&#8221; css=&#8221;.vc_custom_1664435191461{padding-top: 30px !important;padding-right: 60px !important;padding-bottom: 30px !important;padding-left: 60px !important;}&#8221;][vc_column_inner width=&#8221;1\/2&#8243;][vc_single_image image=&#8221;24200&#8243;][\/vc_column_inner][vc_column_inner width=&#8221;1\/2&#8243;][vc_column_text]Retrouvez ce ventilateur en vente exclusivement chez <strong>BAUHAUS<\/strong>[\/vc_column_text][vc_empty_space height=&#8221;10px&#8221;][wyde_link_button icon_set=&#8221;simple_line&#8221; icon_simple_line=&#8221;sl-login&#8221; style=&#8221;outline round&#8221; title=&#8221;Acc\u00e8s Bauhaus&#8221; link=&#8221;url:https%3A%2F%2Fwww.bauhaus.es%2Fventiladores-de-techo%2Farte-confort-ventilador-de-techo-cartagena%2Fp%2F32468249||target:%20_blank|rel:nofollow&#8221; color=&#8221;#61b4e4&#8243; hover_color=&#8221;#ffffff&#8221;][\/vc_column_inner][\/vc_row_inner][\/vc_column][\/vc_row][vc_row vertical_align=&#8221;middle&#8221; padding_size=&#8221;no-padding&#8221; background_mode=&#8221;color&#8221; background_color=&#8221;#f5f5f5&#8243;][vc_column text_align=&#8221;center&#8221; padding_size=&#8221;no-padding&#8221; offset=&#8221;vc_hidden-lg&#8221;][vc_row_inner vertical_align=&#8221;middle&#8221; padding_size=&#8221;no-padding&#8221; css=&#8221;.vc_custom_1664367242377{padding-top: 30px !important;padding-right: 60px !important;padding-bottom: 30px !important;padding-left: 60px !important;}&#8221;][vc_column_inner padding_size=&#8221;no-padding&#8221; width=&#8221;1\/2&#8243;][vc_single_image alignment=&#8221;center&#8221; image=&#8221;24200&#8243;][\/vc_column_inner][vc_column_inner text_align=&#8221;center&#8221; width=&#8221;1\/2&#8243;][vc_column_text]Retrouvez ce ventilateur en vente exclusivement chez <strong>BAUHAUS<\/strong>[\/vc_column_text][vc_empty_space height=&#8221;10px&#8221;][wyde_link_button icon_set=&#8221;simple_line&#8221; icon_simple_line=&#8221;sl-login&#8221; style=&#8221;outline round&#8221; title=&#8221;Acc\u00e8s Bauhaus&#8221; link=&#8221;url:https%3A%2F%2Fwww.bauhaus.es%2Fventiladores-de-techo%2Farte-confort-ventilador-de-techo-cartagena%2Fp%2F32468249||target:%20_blank|rel:nofollow&#8221; color=&#8221;#61b4e4&#8243; hover_color=&#8221;#ffffff&#8221;][\/vc_column_inner][\/vc_row_inner][\/vc_column][\/vc_row][vc_row][vc_column offset=&#8221;vc_hidden-xs&#8221;][vc_empty_space height=&#8221;60px&#8221;][\/vc_column][\/vc_row][vc_row][vc_column width=&#8221;1\/3&#8243;][wyde_link_button icon_set=&#8221;simple_line&#8221; icon_simple_line=&#8221;sl-settings&#8221; style=&#8221;round&#8221; title=&#8221;Instructionss&#8221; link=&#8221;url:https%3A%2F%2Farteconfort.com%2Fwp-content%2Fuploads%2F2025%2F04%2Fim-CARTAGENA-v3-FTv5-contornos.pdf||target:%20_blank|rel:nofollow&#8221; color=&#8221;#ffffff&#8221; bg_color=&#8221;#222222&#8243;][\/vc_column][\/vc_row]<\/p>\n","protected":false},"featured_media":46093,"template":"","meta":[],"product_brand":[],"product_cat":[354,355],"product_tag":[],"class_list":{"0":"post-48199","1":"product","2":"type-product","3":"status-publish","4":"has-post-thumbnail","6":"product_cat-climatizacion-fr","7":"product_cat-ventiladores-de-techo-fr","9":"first","10":"instock","11":"shipping-taxable","12":"product-type-simple"},"yoast_head":"<!-- This site is optimized with the Yoast SEO plugin v26.5 - https:\/\/yoast.com\/wordpress\/plugins\/seo\/ -->\n<title>CARTAGENA - Climatizaci\u00f3n, Ventiladores de techo - Arteconfort<\/title>\n<meta name=\"description\" content=\"Le ventilateur de plafond CARTAGENA incorpore une lumi\u00e8re LED, un halo lumineux RGB et une m\u00e9moire de temp\u00e9rature de couleur. Son corps est en ABS, il est facile \u00e0 installer et convient aux plafonds et aux surfaces jusqu&#039;\u00e0 10\u00ba d&#039;inclinaison. Il est \u00e9quip\u00e9 d&#039;une t\u00e9l\u00e9commande et d&#039;un moteur \u00e0 courant continu, tr\u00e8s efficace et plus silencieux... . Ses lames peuvent \u00eatre r\u00e9gl\u00e9es sur 6 niveaux et son \u00e9clairage LED de diff\u00e9rentes intensit\u00e9s graduellement. Ref.: CARTAGENARGBBL21   Ventilateur avec lumi\u00e8re RGB  Grand d\u00e9bit d&#039;air  6 vitesses et intensit\u00e9 lumineuse progressive  Retrouvez ce ventilateur en vente exclusivement chez BAUHAUSRetrouvez ce ventilateur en vente exclusivement chez BAUHAUS\" \/>\n<meta name=\"robots\" content=\"index, follow, max-snippet:-1, max-image-preview:large, max-video-preview:-1\" \/>\n<link rel=\"canonical\" href=\"https:\/\/arteconfort.com\/fr\/producto\/cartagena\/\" \/>\n<meta property=\"og:locale\" content=\"fr_FR\" \/>\n<meta property=\"og:type\" content=\"article\" \/>\n<meta property=\"og:title\" content=\"CARTAGENA - Climatizaci\u00f3n, Ventiladores de techo - Arteconfort\" \/>\n<meta property=\"og:description\" content=\"Le ventilateur de plafond CARTAGENA incorpore une lumi\u00e8re LED, un halo lumineux RGB et une m\u00e9moire de temp\u00e9rature de couleur. Son corps est en ABS, il est facile \u00e0 installer et convient aux plafonds et aux surfaces jusqu&#039;\u00e0 10\u00ba d&#039;inclinaison. Il est \u00e9quip\u00e9 d&#039;une t\u00e9l\u00e9commande et d&#039;un moteur \u00e0 courant continu, tr\u00e8s efficace et plus silencieux... . Ses lames peuvent \u00eatre r\u00e9gl\u00e9es sur 6 niveaux et son \u00e9clairage LED de diff\u00e9rentes intensit\u00e9s graduellement. Ref.: CARTAGENARGBBL21   Ventilateur avec lumi\u00e8re RGB  Grand d\u00e9bit d&#039;air  6 vitesses et intensit\u00e9 lumineuse progressive  Retrouvez ce ventilateur en vente exclusivement chez BAUHAUSRetrouvez ce ventilateur en vente exclusivement chez BAUHAUS\" \/>\n<meta property=\"og:url\" content=\"https:\/\/arteconfort.com\/fr\/producto\/cartagena\/\" \/>\n<meta property=\"og:site_name\" content=\"Arteconfort\" \/>\n<meta property=\"article:modified_time\" content=\"2025-06-09T12:12:07+00:00\" \/>\n<meta property=\"og:image\" content=\"https:\/\/arteconfort.com\/wp-content\/uploads\/2025\/04\/CARTAGENA-Blanco-mando.webp\" \/>\n\t<meta property=\"og:image:width\" content=\"1024\" \/>\n\t<meta property=\"og:image:height\" content=\"1024\" \/>\n\t<meta property=\"og:image:type\" content=\"image\/webp\" \/>\n<meta name=\"twitter:card\" content=\"summary_large_image\" \/>\n<meta name=\"twitter:label1\" content=\"Dur\u00e9e de lecture estim\u00e9e\" \/>\n\t<meta name=\"twitter:data1\" content=\"2 minutes\" \/>\n<!-- \/ Yoast SEO plugin. -->","yoast_head_json":{"title":"CARTAGENA - Climatizaci\u00f3n, Ventiladores de techo - Arteconfort","description":"Le ventilateur de plafond CARTAGENA incorpore une lumi\u00e8re LED, un halo lumineux RGB et une m\u00e9moire de temp\u00e9rature de couleur. Son corps est en ABS, il est facile \u00e0 installer et convient aux plafonds et aux surfaces jusqu'\u00e0 10\u00ba d'inclinaison. Il est \u00e9quip\u00e9 d'une t\u00e9l\u00e9commande et d'un moteur \u00e0 courant continu, tr\u00e8s efficace et plus silencieux... . Ses lames peuvent \u00eatre r\u00e9gl\u00e9es sur 6 niveaux et son \u00e9clairage LED de diff\u00e9rentes intensit\u00e9s graduellement. Ref.: CARTAGENARGBBL21   Ventilateur avec lumi\u00e8re RGB  Grand d\u00e9bit d'air  6 vitesses et intensit\u00e9 lumineuse progressive  Retrouvez ce ventilateur en vente exclusivement chez BAUHAUSRetrouvez ce ventilateur en vente exclusivement chez BAUHAUS","robots":{"index":"index","follow":"follow","max-snippet":"max-snippet:-1","max-image-preview":"max-image-preview:large","max-video-preview":"max-video-preview:-1"},"canonical":"https:\/\/arteconfort.com\/fr\/producto\/cartagena\/","og_locale":"fr_FR","og_type":"article","og_title":"CARTAGENA - Climatizaci\u00f3n, Ventiladores de techo - Arteconfort","og_description":"Le ventilateur de plafond CARTAGENA incorpore une lumi\u00e8re LED, un halo lumineux RGB et une m\u00e9moire de temp\u00e9rature de couleur. Son corps est en ABS, il est facile \u00e0 installer et convient aux plafonds et aux surfaces jusqu'\u00e0 10\u00ba d'inclinaison. Il est \u00e9quip\u00e9 d'une t\u00e9l\u00e9commande et d'un moteur \u00e0 courant continu, tr\u00e8s efficace et plus silencieux... . Ses lames peuvent \u00eatre r\u00e9gl\u00e9es sur 6 niveaux et son \u00e9clairage LED de diff\u00e9rentes intensit\u00e9s graduellement. Ref.: CARTAGENARGBBL21   Ventilateur avec lumi\u00e8re RGB  Grand d\u00e9bit d'air  6 vitesses et intensit\u00e9 lumineuse progressive  Retrouvez ce ventilateur en vente exclusivement chez BAUHAUSRetrouvez ce ventilateur en vente exclusivement chez BAUHAUS","og_url":"https:\/\/arteconfort.com\/fr\/producto\/cartagena\/","og_site_name":"Arteconfort","article_modified_time":"2025-06-09T12:12:07+00:00","og_image":[{"width":1024,"height":1024,"url":"https:\/\/arteconfort.com\/wp-content\/uploads\/2025\/04\/CARTAGENA-Blanco-mando.webp","type":"image\/webp"}],"twitter_card":"summary_large_image","twitter_misc":{"Dur\u00e9e de lecture estim\u00e9e":"2 minutes"},"schema":{"@context":"https:\/\/schema.org","@graph":[{"@type":"WebPage","@id":"https:\/\/arteconfort.com\/fr\/producto\/cartagena\/","url":"https:\/\/arteconfort.com\/fr\/producto\/cartagena\/","name":"CARTAGENA - Climatizaci\u00f3n, Ventiladores de techo - Arteconfort","isPartOf":{"@id":"https:\/\/arteconfort.com\/fr\/#website"},"primaryImageOfPage":{"@id":"https:\/\/arteconfort.com\/fr\/producto\/cartagena\/#primaryimage"},"image":{"@id":"https:\/\/arteconfort.com\/fr\/producto\/cartagena\/#primaryimage"},"thumbnailUrl":"https:\/\/arteconfort.com\/wp-content\/uploads\/2025\/04\/CARTAGENA-Blanco-mando.webp","datePublished":"2025-04-03T09:02:56+00:00","dateModified":"2025-06-09T12:12:07+00:00","description":"Le ventilateur de plafond CARTAGENA incorpore une lumi\u00e8re LED, un halo lumineux RGB et une m\u00e9moire de temp\u00e9rature de couleur. Son corps est en ABS, il est facile \u00e0 installer et convient aux plafonds et aux surfaces jusqu'\u00e0 10\u00ba d'inclinaison. Il est \u00e9quip\u00e9 d'une t\u00e9l\u00e9commande et d'un moteur \u00e0 courant continu, tr\u00e8s efficace et plus silencieux... . Ses lames peuvent \u00eatre r\u00e9gl\u00e9es sur 6 niveaux et son \u00e9clairage LED de diff\u00e9rentes intensit\u00e9s graduellement. Ref.: CARTAGENARGBBL21 Ventilateur avec lumi\u00e8re RGB Grand d\u00e9bit d'air 6 vitesses et intensit\u00e9 lumineuse progressive Retrouvez ce ventilateur en vente exclusivement chez BAUHAUSRetrouvez ce ventilateur en vente exclusivement chez BAUHAUS","breadcrumb":{"@id":"https:\/\/arteconfort.com\/fr\/producto\/cartagena\/#breadcrumb"},"inLanguage":"fr-FR","potentialAction":[{"@type":"ReadAction","target":["https:\/\/arteconfort.com\/fr\/producto\/cartagena\/"]}]},{"@type":"ImageObject","inLanguage":"fr-FR","@id":"https:\/\/arteconfort.com\/fr\/producto\/cartagena\/#primaryimage","url":"https:\/\/arteconfort.com\/wp-content\/uploads\/2025\/04\/CARTAGENA-Blanco-mando.webp","contentUrl":"https:\/\/arteconfort.com\/wp-content\/uploads\/2025\/04\/CARTAGENA-Blanco-mando.webp","width":1024,"height":1024},{"@type":"BreadcrumbList","@id":"https:\/\/arteconfort.com\/fr\/producto\/cartagena\/#breadcrumb","itemListElement":[{"@type":"ListItem","position":1,"name":"Inicio","item":"https:\/\/arteconfort.com\/fr\/"},{"@type":"ListItem","position":2,"name":"Boutique","item":"https:\/\/arteconfort.com\/fr\/boutique\/"},{"@type":"ListItem","position":3,"name":"CARTAGENA"}]},{"@type":"WebSite","@id":"https:\/\/arteconfort.com\/fr\/#website","url":"https:\/\/arteconfort.com\/fr\/","name":"Arteconfort","description":"Especialistas en productos del hogar","publisher":{"@id":"https:\/\/arteconfort.com\/fr\/#organization"},"potentialAction":[{"@type":"SearchAction","target":{"@type":"EntryPoint","urlTemplate":"https:\/\/arteconfort.com\/fr\/?s={search_term_string}"},"query-input":{"@type":"PropertyValueSpecification","valueRequired":true,"valueName":"search_term_string"}}],"inLanguage":"fr-FR"},{"@type":"Organization","@id":"https:\/\/arteconfort.com\/fr\/#organization","name":"Arteconfort","url":"https:\/\/arteconfort.com\/fr\/","logo":{"@type":"ImageObject","inLanguage":"fr-FR","@id":"https:\/\/arteconfort.com\/fr\/#\/schema\/logo\/image\/","url":"https:\/\/arteconfort.com\/wp-content\/uploads\/2019\/07\/logo-arteconfort.png","contentUrl":"https:\/\/arteconfort.com\/wp-content\/uploads\/2019\/07\/logo-arteconfort.png","width":230,"height":88,"caption":"Arteconfort"},"image":{"@id":"https:\/\/arteconfort.com\/fr\/#\/schema\/logo\/image\/"}}]}},"_links":{"self":[{"href":"https:\/\/arteconfort.com\/fr\/wp-json\/wp\/v2\/product\/48199","targetHints":{"allow":["GET"]}}],"collection":[{"href":"https:\/\/arteconfort.com\/fr\/wp-json\/wp\/v2\/product"}],"about":[{"href":"https:\/\/arteconfort.com\/fr\/wp-json\/wp\/v2\/types\/product"}],"wp:featuredmedia":[{"embeddable":true,"href":"https:\/\/arteconfort.com\/fr\/wp-json\/wp\/v2\/media\/46093"}],"wp:attachment":[{"href":"https:\/\/arteconfort.com\/fr\/wp-json\/wp\/v2\/media?parent=48199"}],"wp:term":[{"taxonomy":"product_brand","embeddable":true,"href":"https:\/\/arteconfort.com\/fr\/wp-json\/wp\/v2\/product_brand?post=48199"},{"taxonomy":"product_cat","embeddable":true,"href":"https:\/\/arteconfort.com\/fr\/wp-json\/wp\/v2\/product_cat?post=48199"},{"taxonomy":"product_tag","embeddable":true,"href":"https:\/\/arteconfort.com\/fr\/wp-json\/wp\/v2\/product_tag?post=48199"}],"curies":[{"name":"wp","href":"https:\/\/api.w.org\/{rel}","templated":true}]}}