{"id":48211,"date":"2025-04-03T14:04:42","date_gmt":"2025-04-03T12:04:42","guid":{"rendered":"https:\/\/arteconfort.com\/producto\/non%20class\u00e9\/laos\/"},"modified":"2025-06-10T09:17:51","modified_gmt":"2025-06-10T07:17:51","slug":"laos","status":"publish","type":"product","link":"https:\/\/arteconfort.com\/fr\/producto\/laos\/","title":{"rendered":"LAOS"},"content":{"rendered":"<div class=\"wpb-content-wrapper\"><p>[vc_row][vc_column][vc_empty_space height=&#8221;60px&#8221;][vc_row_inner][vc_column_inner width=&#8221;1\/3&#8243;][wyde_info_box icon_set=&#8221;simple_line&#8221; icon_simple_line=&#8221;sl-energy&#8221; icon_position=&#8221;left&#8221; title=&#8221;CARACT\u00c9RISTIQUES PHYSIQUES ET \u00c9LECTRIQUES&#8221;][\/wyde_info_box][vc_empty_space height=&#8221;10px&#8221;][vc_column_text]Hauteur: <strong>14,2cm<\/strong><br \/>\nDiam\u00e8tre: <strong>57,7cm<\/strong><br \/>\nPoids: <strong>2,1kg<\/strong><br \/>\nMat\u00e9riau du corps: <strong>ABS<\/strong><br \/>\nMat\u00e9riau des lames: <strong>ABS<\/strong><br \/>\nFinition du corps: <strong>Blanc<\/strong><br \/>\nFinition des lames: <strong>Transparent<\/strong><br \/>\nNombre des lames: <strong>8<\/strong><br \/>\nLames r\u00e9versibles: <strong>No<\/strong><br \/>\nMoteur: <strong>DC<\/strong><br \/>\nTension: <strong>230Vac<\/strong><br \/>\nPuissance de la vitesse: <strong>5,4W-7,2W-10W-14W-19W-22W<\/strong><br \/>\nVitesses TR\/MIN: <strong>450-550-650-750-850-900<\/strong><br \/>\nBruit \u00e9mis par les vitesses: <strong>37,5dBs-43dBs-48dBs-52,5dBs-54,6dBs-56dBs<\/strong><br \/>\nD\u00e9bit d&#8217;air pas les vitesses: <strong>1.239m<sup>3<\/sup>\/h-1.649m<sup>3<\/sup>\/h-2.002m<sup>3<\/sup>\/h-2.254m<sup>3<\/sup>\/h-2.630m<sup>3<\/sup>\/h-2.840m<sup>3<\/sup>\/h<\/strong><br \/>\nSurface maximale recommand\u00e8e: <strong>&lt;13m<sup>2<\/sup><\/strong><br \/>\nIP: <strong>20<\/strong><br \/>\nInclinaison maximale du plafond: <strong>&#8211;<\/strong><br \/>\nDistance de s\u00e9curit\u00e9: <strong>2,3m<\/strong><br \/>\nIsolation \u00e9lectrique: <strong>Classe I<\/strong><br \/>\nAccessoires: <strong>&#8211;<\/strong><br \/>\nGarantie: <strong>3 ans<\/strong>[\/vc_column_text][\/vc_column_inner][vc_column_inner width=&#8221;1\/3&#8243;][wyde_info_box icon_set=&#8221;simple_line&#8221; icon_simple_line=&#8221;sl-mouse&#8221; icon_position=&#8221;left&#8221; title=&#8221;CONTR\u00d4LE ET FONCTIONS&#8221;][\/wyde_info_box][vc_empty_space height=&#8221;10px&#8221;][vc_column_text]T\u00e9l\u00e9commande: <strong>Oui<\/strong><br \/>\nPiles: <strong>2xAAA (Non incluses)<\/strong><br \/>\nNombre des vitesses: <strong>6<\/strong><br \/>\nProgrammation: <strong>1h-2h-4h<\/strong><br \/>\nMode brise: <strong>Oui<\/strong><br \/>\nMode \u00e9t\u00e9\/hiver: <strong>Oui<\/strong><br \/>\nThermostat: <strong>Non<\/strong><br \/>\nM\u00e9moire d&#8217;allumage: <strong>Oui<\/strong><br \/>\nAPP: <strong>Non<\/strong><br \/>\nConexion Wi-Fi: <strong>Non<\/strong><br \/>\nConexion bluetooth: <strong>Non<\/strong>[\/vc_column_text][\/vc_column_inner][vc_column_inner width=&#8221;1\/3&#8243;][wyde_info_box icon_set=&#8221;stroke_gap&#8221; icon_stroke_gap=&#8221;sg-Bulb&#8221; icon_position=&#8221;left&#8221; title=&#8221;\u00c9CLAIRAGE&#8221;][\/wyde_info_box][vc_empty_space height=&#8221;10px&#8221;][vc_column_text]<br \/>\nFlux lumineaux: <strong>6.200lm<\/strong><br \/>\nPuissance LED: <strong>57W &#8211; 2,5W (RGB)<\/strong><br \/>\nTemp\u00e9rature de couleur: <strong>Oui<\/strong><br \/>\nChangement de temp\u00e9rature de couleur: <strong>de 3.000K a 6.500K<\/strong><br \/>\nGradation: <strong>Dimmable<\/strong><br \/>\nAngle d&#8217;ouverture: <strong>120\u00ba<\/strong><br \/>\nDur\u00e9e de demi-vie: <strong>25.000h<\/strong><br \/>\nNombre d&#8217;allumages: <strong>12.500<\/strong><br \/>\nM\u00e9moire de la temp\u00e9rature de couleur: <strong>Oui<\/strong><br \/>\nLabel d&#8217;efficacit\u00e9 \u00e9nerg\u00e9tique: <strong>F<\/strong>[\/vc_column_text][\/vc_column_inner][\/vc_row_inner][vc_empty_space height=&#8221;60px&#8221;][\/vc_column][\/vc_row][vc_row vertical_align=&#8221;middle&#8221; padding_size=&#8221;no-padding&#8221; background_mode=&#8221;color&#8221; background_color=&#8221;#f5f5f5&#8243;][vc_column text_align=&#8221;center&#8221; padding_size=&#8221;no-padding&#8221;][vc_row_inner vertical_align=&#8221;middle&#8221; padding_size=&#8221;no-padding&#8221; css=&#8221;.vc_custom_1664367242377{padding-top: 30px !important;padding-right: 60px !important;padding-bottom: 30px !important;padding-left: 60px !important;}&#8221;][vc_column_inner padding_size=&#8221;no-padding&#8221; width=&#8221;2\/3&#8243;][wyde_heading style=&#8221;2&#8243; title_tag=&#8221;h3&#8243; title=&#8221;Pi\u00e8ces de rechange disponibles pour le ventilateur LAOS&#8221; heading_color=&#8221;#000000&#8243;][vc_column_text]Vous pouvez acheter la pi\u00e8ce de rechange de votre ventilateur dans le m\u00eame magasin que celui o\u00f9 vous avez achet\u00e9 votre ventilateur ou dans un autre magasin de la m\u00eame cha\u00eene.[\/vc_column_text][vc_empty_space][wyde_info_box icon=&#8221;fa fa-check&#8221; icon_position=&#8221;left&#8221; title=&#8221;AMPOULE&#8221;][\/wyde_info_box][wyde_info_box icon=&#8221;fa fa-check&#8221; icon_position=&#8221;left&#8221; title=&#8221;CARTE LED&#8221;][\/wyde_info_box][wyde_info_box icon=&#8221;fa fa-check&#8221; icon_position=&#8221;left&#8221; title=&#8221;T\u00c9L\u00c9COMMANDE&#8221;][\/wyde_info_box][wyde_info_box icon=&#8221;fa fa-check&#8221; icon_position=&#8221;left&#8221; title=&#8221;CONTR\u00d4LEUR&#8221;][\/wyde_info_box][vc_empty_space height=&#8221;20px&#8221;][\/vc_column_inner][vc_column_inner text_align=&#8221;center&#8221; width=&#8221;1\/3&#8243; background_color=&#8221;#ffffff&#8221;][vc_empty_space height=&#8221;20px&#8221;][vc_column_text]<em>Si vous avez questions, vous pouvez nous contacter via le formulaire de contact:<\/em>[\/vc_column_text][vc_empty_space height=&#8221;20px&#8221;][wyde_link_button icon_set=&#8221;simple_line&#8221; icon_simple_line=&#8221;sl-bubbles&#8221; style=&#8221;outline round&#8221; title=&#8221;Consulter&#8221; link=&#8221;url:https%3A%2F%2Farteconfort.com%2Fcontacto%2F|||&#8221; color=&#8221;#61b4e4&#8243; hover_color=&#8221;#ffffff&#8221;][vc_empty_space height=&#8221;40px&#8221;][vc_single_image alignment=&#8221;center&#8221; image=&#8221;24269&#8243;][\/vc_column_inner][\/vc_row_inner][\/vc_column][\/vc_row][vc_row][vc_column][vc_empty_space height=&#8221;80px&#8221;][\/vc_column][\/vc_row][vc_row vertical_align=&#8221;middle&#8221; padding_size=&#8221;no-padding&#8221; background_mode=&#8221;color&#8221; background_color=&#8221;#f5f5f5&#8243;][vc_column text_align=&#8221;center&#8221; offset=&#8221;vc_hidden-md vc_hidden-sm vc_hidden-xs&#8221;][vc_row_inner vertical_align=&#8221;middle&#8221; padding_size=&#8221;no-padding&#8221;][vc_column_inner text_align=&#8221;center&#8221; width=&#8221;1\/3&#8243;][vc_single_image alignment=&#8221;center&#8221; image=&#8221;24197&#8243;][\/vc_column_inner][vc_column_inner width=&#8221;1\/3&#8243;][vc_column_text]Retrouvez ce ventilateur en vente exclusivement chez <strong>BAUHAUS<\/strong>[\/vc_column_text][\/vc_column_inner][vc_column_inner width=&#8221;1\/3&#8243;][wyde_link_button icon_set=&#8221;simple_line&#8221; icon_simple_line=&#8221;sl-login&#8221; style=&#8221;outline round&#8221; title=&#8221;Acc\u00e8s Bauhaus&#8221; link=&#8221;url:https%3A%2F%2Fwww.bauhaus.es%2Fventiladores-de-techo%2Farte-confort-ventilador-de-techo-laos%2Fp%2F32483206||target:%20_blank|rel:nofollow&#8221; color=&#8221;#61b4e4&#8243; hover_color=&#8221;#ffffff&#8221;][\/vc_column_inner][\/vc_row_inner][\/vc_column][\/vc_row][vc_row vertical_align=&#8221;middle&#8221; padding_size=&#8221;no-padding&#8221; background_mode=&#8221;color&#8221; background_color=&#8221;#f5f5f5&#8243;][vc_column text_align=&#8221;center&#8221; padding_size=&#8221;no-padding&#8221; offset=&#8221;vc_hidden-lg&#8221;][vc_row_inner vertical_align=&#8221;middle&#8221; padding_size=&#8221;no-padding&#8221; css=&#8221;.vc_custom_1664367242377{padding-top: 30px !important;padding-right: 60px !important;padding-bottom: 30px !important;padding-left: 60px !important;}&#8221;][vc_column_inner padding_size=&#8221;no-padding&#8221; width=&#8221;1\/2&#8243;][vc_single_image alignment=&#8221;center&#8221; image=&#8221;24197&#8243;][\/vc_column_inner][vc_column_inner text_align=&#8221;center&#8221; width=&#8221;1\/2&#8243;][vc_column_text]Retrouvez ce ventilateur en vente exclusivement chez <strong>BAUHAUS<\/strong>[\/vc_column_text][vc_empty_space height=&#8221;10px&#8221;][wyde_link_button icon_set=&#8221;simple_line&#8221; icon_simple_line=&#8221;sl-login&#8221; style=&#8221;outline round&#8221; title=&#8221;Acc\u00e8s Bauhaus&#8221; link=&#8221;url:https%3A%2F%2Fwww.bauhaus.es%2Fventiladores-de-techo%2Farte-confort-ventilador-de-techo-laos%2Fp%2F32483206||target:%20_blank|rel:nofollow&#8221; color=&#8221;#61b4e4&#8243; hover_color=&#8221;#ffffff&#8221;][\/vc_column_inner][\/vc_row_inner][\/vc_column][\/vc_row]<\/p>\n<\/div>","protected":false},"excerpt":{"rendered":"<p>Le ventilateur de plafond LAOS est dot\u00e9 d&#8217;un \u00e9clairage LED, d&#8217;un halo lumineux RVB int\u00e9gr\u00e9 et d&#8217;une m\u00e9moire de temp\u00e9rature de couleur. Dot\u00e9 d&#8217;un corps en ABS, il est facile \u00e0 installer dans les petites pi\u00e8ces de moins de 13 m2. Il est \u00e9quip\u00e9 d&#8217;une t\u00e9l\u00e9commande et d&#8217;un moteur \u00e0 courant continu tr\u00e8s efficace et silencieux. Ses lames peuvent \u00eatre r\u00e9gl\u00e9es sur 6 niveaux et son \u00e9clairage LED sur diff\u00e9rentes intensit\u00e9s de mani\u00e8re progressive.<br \/>\n<strong>Ref.: LAOSRGBBL21<\/strong><\/p>\n<ul style=\"list-style-type: circle; padding-left: 80px;\">\n<li>Ventilateur avec lumi\u00e8re RGB<\/li>\n<li>Flux d&#8217;air concentr\u00e9<\/li>\n<li>6 vitesses et intensit\u00e9 lumineuse graduelle<\/li>\n<\/ul>\n<p>[vc_row vertical_align=&#8221;middle&#8221; padding_size=&#8221;no-padding&#8221; background_mode=&#8221;color&#8221; background_color=&#8221;#f5f5f5&#8243;][vc_column text_align=&#8221;center&#8221; offset=&#8221;vc_hidden-md vc_hidden-sm vc_hidden-xs&#8221;][vc_row_inner vertical_align=&#8221;middle&#8221; padding_size=&#8221;no-padding&#8221; css=&#8221;.vc_custom_1664435191461{padding-top: 30px !important;padding-right: 60px !important;padding-bottom: 30px !important;padding-left: 60px !important;}&#8221;][vc_column_inner width=&#8221;1\/2&#8243;][vc_single_image image=&#8221;24200&#8243;][\/vc_column_inner][vc_column_inner width=&#8221;1\/2&#8243;][vc_column_text]Retrouvez ce ventilateur en vente exclusivement chez <strong>BAUHAUS<\/strong>[\/vc_column_text][vc_empty_space height=&#8221;10px&#8221;][wyde_link_button icon_set=&#8221;simple_line&#8221; icon_simple_line=&#8221;sl-login&#8221; style=&#8221;outline round&#8221; title=&#8221;Acc\u00e8s Bauhaus&#8221; link=&#8221;url:https%3A%2F%2Fwww.bauhaus.es%2Fventiladores-de-techo%2Farte-confort-ventilador-de-techo-laos%2Fp%2F32483206||target:%20_blank|rel:nofollow&#8221; color=&#8221;#61b4e4&#8243; hover_color=&#8221;#ffffff&#8221;][\/vc_column_inner][\/vc_row_inner][\/vc_column][\/vc_row][vc_row vertical_align=&#8221;middle&#8221; padding_size=&#8221;no-padding&#8221; background_mode=&#8221;color&#8221; background_color=&#8221;#f5f5f5&#8243;][vc_column text_align=&#8221;center&#8221; padding_size=&#8221;no-padding&#8221; offset=&#8221;vc_hidden-lg&#8221;][vc_row_inner vertical_align=&#8221;middle&#8221; padding_size=&#8221;no-padding&#8221; css=&#8221;.vc_custom_1664367242377{padding-top: 30px !important;padding-right: 60px !important;padding-bottom: 30px !important;padding-left: 60px !important;}&#8221;][vc_column_inner padding_size=&#8221;no-padding&#8221; width=&#8221;1\/2&#8243;][vc_single_image alignment=&#8221;center&#8221; image=&#8221;24200&#8243;][\/vc_column_inner][vc_column_inner text_align=&#8221;center&#8221; width=&#8221;1\/2&#8243;][vc_column_text]Retrouvez ce ventilateur en vente exclusivement chez <strong>BAUHAUS<\/strong>[\/vc_column_text][vc_empty_space height=&#8221;10px&#8221;][wyde_link_button icon_set=&#8221;simple_line&#8221; icon_simple_line=&#8221;sl-login&#8221; style=&#8221;outline round&#8221; title=&#8221;Acc\u00e8s Bauhaus&#8221; link=&#8221;url:https%3A%2F%2Fwww.bauhaus.es%2Fventiladores-de-techo%2Farte-confort-ventilador-de-techo-laos%2Fp%2F32483206||target:%20_blank|rel:nofollow&#8221; color=&#8221;#61b4e4&#8243; hover_color=&#8221;#ffffff&#8221;][\/vc_column_inner][\/vc_row_inner][\/vc_column][\/vc_row][vc_row][vc_column offset=&#8221;vc_hidden-xs&#8221;][vc_empty_space height=&#8221;60px&#8221;][\/vc_column][\/vc_row][vc_row][vc_column width=&#8221;1\/3&#8243;][wyde_link_button icon_set=&#8221;simple_line&#8221; icon_simple_line=&#8221;sl-settings&#8221; style=&#8221;round&#8221; title=&#8221;Instructions&#8221; link=&#8221;url:https%3A%2F%2Farteconfort.com%2Fwp-content%2Fuploads%2F2025%2F04%2Fim-LAOS-v3-FTv6-contornos-1.pdf||target:%20_blank|rel:nofollow&#8221; color=&#8221;#ffffff&#8221; bg_color=&#8221;#222222&#8243;][\/vc_column][\/vc_row]<\/p>\n","protected":false},"featured_media":46257,"template":"","meta":[],"product_brand":[],"product_cat":[354,355],"product_tag":[],"class_list":{"0":"post-48211","1":"product","2":"type-product","3":"status-publish","4":"has-post-thumbnail","6":"product_cat-climatizacion-fr","7":"product_cat-ventiladores-de-techo-fr","9":"first","10":"instock","11":"shipping-taxable","12":"product-type-simple"},"yoast_head":"<!-- This site is optimized with the Yoast SEO plugin v26.5 - https:\/\/yoast.com\/wordpress\/plugins\/seo\/ -->\n<title>LAOS - Climatizaci\u00f3n, Ventiladores de techo - Arteconfort<\/title>\n<meta name=\"description\" content=\"Le ventilateur de plafond LAOS est dot\u00e9 d&#039;un \u00e9clairage LED, d&#039;un halo lumineux RVB int\u00e9gr\u00e9 et d&#039;une m\u00e9moire de temp\u00e9rature de couleur. Dot\u00e9 d&#039;un corps en ABS, il est facile \u00e0 installer dans les petites pi\u00e8ces de moins de 13 m2. Il est \u00e9quip\u00e9 d&#039;une t\u00e9l\u00e9commande et d&#039;un moteur \u00e0 courant continu tr\u00e8s efficace et silencieux. Ses lames peuvent \u00eatre r\u00e9gl\u00e9es sur 6 niveaux et son \u00e9clairage LED sur diff\u00e9rentes intensit\u00e9s de mani\u00e8re progressive. Ref.: LAOSRGBBL21   Ventilateur avec lumi\u00e8re RGB  Flux d&#039;air concentr\u00e9  6 vitesses et intensit\u00e9 lumineuse graduelle  Retrouvez ce ventilateur en vente exclusivement chez BAUHAUSRetrouvez ce ventilateur en vente exclusivement chez BAUHAUS\" \/>\n<meta name=\"robots\" content=\"index, follow, max-snippet:-1, max-image-preview:large, max-video-preview:-1\" \/>\n<link rel=\"canonical\" href=\"https:\/\/arteconfort.com\/fr\/producto\/laos\/\" \/>\n<meta property=\"og:locale\" content=\"fr_FR\" \/>\n<meta property=\"og:type\" content=\"article\" \/>\n<meta property=\"og:title\" content=\"LAOS - Climatizaci\u00f3n, Ventiladores de techo - Arteconfort\" \/>\n<meta property=\"og:description\" content=\"Le ventilateur de plafond LAOS est dot\u00e9 d&#039;un \u00e9clairage LED, d&#039;un halo lumineux RVB int\u00e9gr\u00e9 et d&#039;une m\u00e9moire de temp\u00e9rature de couleur. Dot\u00e9 d&#039;un corps en ABS, il est facile \u00e0 installer dans les petites pi\u00e8ces de moins de 13 m2. Il est \u00e9quip\u00e9 d&#039;une t\u00e9l\u00e9commande et d&#039;un moteur \u00e0 courant continu tr\u00e8s efficace et silencieux. Ses lames peuvent \u00eatre r\u00e9gl\u00e9es sur 6 niveaux et son \u00e9clairage LED sur diff\u00e9rentes intensit\u00e9s de mani\u00e8re progressive. Ref.: LAOSRGBBL21   Ventilateur avec lumi\u00e8re RGB  Flux d&#039;air concentr\u00e9  6 vitesses et intensit\u00e9 lumineuse graduelle  Retrouvez ce ventilateur en vente exclusivement chez BAUHAUSRetrouvez ce ventilateur en vente exclusivement chez BAUHAUS\" \/>\n<meta property=\"og:url\" content=\"https:\/\/arteconfort.com\/fr\/producto\/laos\/\" \/>\n<meta property=\"og:site_name\" content=\"Arteconfort\" \/>\n<meta property=\"article:modified_time\" content=\"2025-06-10T07:17:51+00:00\" \/>\n<meta property=\"og:image\" content=\"https:\/\/arteconfort.com\/wp-content\/uploads\/2025\/04\/LAOS-mando.webp\" \/>\n\t<meta property=\"og:image:width\" content=\"1024\" \/>\n\t<meta property=\"og:image:height\" content=\"1024\" \/>\n\t<meta property=\"og:image:type\" content=\"image\/webp\" \/>\n<meta name=\"twitter:card\" content=\"summary_large_image\" \/>\n<meta name=\"twitter:label1\" content=\"Dur\u00e9e de lecture estim\u00e9e\" \/>\n\t<meta name=\"twitter:data1\" content=\"2 minutes\" \/>\n<!-- \/ Yoast SEO plugin. -->","yoast_head_json":{"title":"LAOS - Climatizaci\u00f3n, Ventiladores de techo - Arteconfort","description":"Le ventilateur de plafond LAOS est dot\u00e9 d'un \u00e9clairage LED, d'un halo lumineux RVB int\u00e9gr\u00e9 et d'une m\u00e9moire de temp\u00e9rature de couleur. Dot\u00e9 d'un corps en ABS, il est facile \u00e0 installer dans les petites pi\u00e8ces de moins de 13 m2. Il est \u00e9quip\u00e9 d'une t\u00e9l\u00e9commande et d'un moteur \u00e0 courant continu tr\u00e8s efficace et silencieux. Ses lames peuvent \u00eatre r\u00e9gl\u00e9es sur 6 niveaux et son \u00e9clairage LED sur diff\u00e9rentes intensit\u00e9s de mani\u00e8re progressive. Ref.: LAOSRGBBL21   Ventilateur avec lumi\u00e8re RGB  Flux d'air concentr\u00e9  6 vitesses et intensit\u00e9 lumineuse graduelle  Retrouvez ce ventilateur en vente exclusivement chez BAUHAUSRetrouvez ce ventilateur en vente exclusivement chez BAUHAUS","robots":{"index":"index","follow":"follow","max-snippet":"max-snippet:-1","max-image-preview":"max-image-preview:large","max-video-preview":"max-video-preview:-1"},"canonical":"https:\/\/arteconfort.com\/fr\/producto\/laos\/","og_locale":"fr_FR","og_type":"article","og_title":"LAOS - Climatizaci\u00f3n, Ventiladores de techo - Arteconfort","og_description":"Le ventilateur de plafond LAOS est dot\u00e9 d'un \u00e9clairage LED, d'un halo lumineux RVB int\u00e9gr\u00e9 et d'une m\u00e9moire de temp\u00e9rature de couleur. Dot\u00e9 d'un corps en ABS, il est facile \u00e0 installer dans les petites pi\u00e8ces de moins de 13 m2. Il est \u00e9quip\u00e9 d'une t\u00e9l\u00e9commande et d'un moteur \u00e0 courant continu tr\u00e8s efficace et silencieux. Ses lames peuvent \u00eatre r\u00e9gl\u00e9es sur 6 niveaux et son \u00e9clairage LED sur diff\u00e9rentes intensit\u00e9s de mani\u00e8re progressive. Ref.: LAOSRGBBL21   Ventilateur avec lumi\u00e8re RGB  Flux d'air concentr\u00e9  6 vitesses et intensit\u00e9 lumineuse graduelle  Retrouvez ce ventilateur en vente exclusivement chez BAUHAUSRetrouvez ce ventilateur en vente exclusivement chez BAUHAUS","og_url":"https:\/\/arteconfort.com\/fr\/producto\/laos\/","og_site_name":"Arteconfort","article_modified_time":"2025-06-10T07:17:51+00:00","og_image":[{"width":1024,"height":1024,"url":"https:\/\/arteconfort.com\/wp-content\/uploads\/2025\/04\/LAOS-mando.webp","type":"image\/webp"}],"twitter_card":"summary_large_image","twitter_misc":{"Dur\u00e9e de lecture estim\u00e9e":"2 minutes"},"schema":{"@context":"https:\/\/schema.org","@graph":[{"@type":"WebPage","@id":"https:\/\/arteconfort.com\/fr\/producto\/laos\/","url":"https:\/\/arteconfort.com\/fr\/producto\/laos\/","name":"LAOS - Climatizaci\u00f3n, Ventiladores de techo - Arteconfort","isPartOf":{"@id":"https:\/\/arteconfort.com\/fr\/#website"},"primaryImageOfPage":{"@id":"https:\/\/arteconfort.com\/fr\/producto\/laos\/#primaryimage"},"image":{"@id":"https:\/\/arteconfort.com\/fr\/producto\/laos\/#primaryimage"},"thumbnailUrl":"https:\/\/arteconfort.com\/wp-content\/uploads\/2025\/04\/LAOS-mando.webp","datePublished":"2025-04-03T12:04:42+00:00","dateModified":"2025-06-10T07:17:51+00:00","description":"Le ventilateur de plafond LAOS est dot\u00e9 d'un \u00e9clairage LED, d'un halo lumineux RVB int\u00e9gr\u00e9 et d'une m\u00e9moire de temp\u00e9rature de couleur. Dot\u00e9 d'un corps en ABS, il est facile \u00e0 installer dans les petites pi\u00e8ces de moins de 13 m2. Il est \u00e9quip\u00e9 d'une t\u00e9l\u00e9commande et d'un moteur \u00e0 courant continu tr\u00e8s efficace et silencieux. Ses lames peuvent \u00eatre r\u00e9gl\u00e9es sur 6 niveaux et son \u00e9clairage LED sur diff\u00e9rentes intensit\u00e9s de mani\u00e8re progressive. Ref.: LAOSRGBBL21 Ventilateur avec lumi\u00e8re RGB Flux d'air concentr\u00e9 6 vitesses et intensit\u00e9 lumineuse graduelle Retrouvez ce ventilateur en vente exclusivement chez BAUHAUSRetrouvez ce ventilateur en vente exclusivement chez BAUHAUS","breadcrumb":{"@id":"https:\/\/arteconfort.com\/fr\/producto\/laos\/#breadcrumb"},"inLanguage":"fr-FR","potentialAction":[{"@type":"ReadAction","target":["https:\/\/arteconfort.com\/fr\/producto\/laos\/"]}]},{"@type":"ImageObject","inLanguage":"fr-FR","@id":"https:\/\/arteconfort.com\/fr\/producto\/laos\/#primaryimage","url":"https:\/\/arteconfort.com\/wp-content\/uploads\/2025\/04\/LAOS-mando.webp","contentUrl":"https:\/\/arteconfort.com\/wp-content\/uploads\/2025\/04\/LAOS-mando.webp","width":1024,"height":1024},{"@type":"BreadcrumbList","@id":"https:\/\/arteconfort.com\/fr\/producto\/laos\/#breadcrumb","itemListElement":[{"@type":"ListItem","position":1,"name":"Inicio","item":"https:\/\/arteconfort.com\/fr\/"},{"@type":"ListItem","position":2,"name":"Boutique","item":"https:\/\/arteconfort.com\/fr\/boutique\/"},{"@type":"ListItem","position":3,"name":"LAOS"}]},{"@type":"WebSite","@id":"https:\/\/arteconfort.com\/fr\/#website","url":"https:\/\/arteconfort.com\/fr\/","name":"Arteconfort","description":"Especialistas en productos del hogar","publisher":{"@id":"https:\/\/arteconfort.com\/fr\/#organization"},"potentialAction":[{"@type":"SearchAction","target":{"@type":"EntryPoint","urlTemplate":"https:\/\/arteconfort.com\/fr\/?s={search_term_string}"},"query-input":{"@type":"PropertyValueSpecification","valueRequired":true,"valueName":"search_term_string"}}],"inLanguage":"fr-FR"},{"@type":"Organization","@id":"https:\/\/arteconfort.com\/fr\/#organization","name":"Arteconfort","url":"https:\/\/arteconfort.com\/fr\/","logo":{"@type":"ImageObject","inLanguage":"fr-FR","@id":"https:\/\/arteconfort.com\/fr\/#\/schema\/logo\/image\/","url":"https:\/\/arteconfort.com\/wp-content\/uploads\/2019\/07\/logo-arteconfort.png","contentUrl":"https:\/\/arteconfort.com\/wp-content\/uploads\/2019\/07\/logo-arteconfort.png","width":230,"height":88,"caption":"Arteconfort"},"image":{"@id":"https:\/\/arteconfort.com\/fr\/#\/schema\/logo\/image\/"}}]}},"_links":{"self":[{"href":"https:\/\/arteconfort.com\/fr\/wp-json\/wp\/v2\/product\/48211","targetHints":{"allow":["GET"]}}],"collection":[{"href":"https:\/\/arteconfort.com\/fr\/wp-json\/wp\/v2\/product"}],"about":[{"href":"https:\/\/arteconfort.com\/fr\/wp-json\/wp\/v2\/types\/product"}],"wp:featuredmedia":[{"embeddable":true,"href":"https:\/\/arteconfort.com\/fr\/wp-json\/wp\/v2\/media\/46257"}],"wp:attachment":[{"href":"https:\/\/arteconfort.com\/fr\/wp-json\/wp\/v2\/media?parent=48211"}],"wp:term":[{"taxonomy":"product_brand","embeddable":true,"href":"https:\/\/arteconfort.com\/fr\/wp-json\/wp\/v2\/product_brand?post=48211"},{"taxonomy":"product_cat","embeddable":true,"href":"https:\/\/arteconfort.com\/fr\/wp-json\/wp\/v2\/product_cat?post=48211"},{"taxonomy":"product_tag","embeddable":true,"href":"https:\/\/arteconfort.com\/fr\/wp-json\/wp\/v2\/product_tag?post=48211"}],"curies":[{"name":"wp","href":"https:\/\/api.w.org\/{rel}","templated":true}]}}