{"id":47493,"date":"2025-05-22T10:44:27","date_gmt":"2025-05-22T08:44:27","guid":{"rendered":"https:\/\/arteconfort.com\/canale-etico\/"},"modified":"2025-05-23T11:48:51","modified_gmt":"2025-05-23T09:48:51","slug":"canale-etico","status":"publish","type":"page","link":"https:\/\/arteconfort.com\/it\/canale-etico\/","title":{"rendered":"Canale etico"},"content":{"rendered":"<div class=\"wpb-content-wrapper\"><p>[vc_row][vc_column][vc_column_text]Questo Canale Etico consente di segnalare in modo rapido e semplice qualsiasi comportamento o situazione che violi le leggi o le normative vigenti, nonch\u00e9 le politiche di Arteconfort Hotel, S.L., come il nostro <a href=\"https:\/\/arteconfort.com\/wp-content\/uploads\/2025\/03\/SG-AH-CON-002-Codigo-de-Conducta-Arteconfort-Rev00.pdf\" target=\"_blank\" rel=\"noopener\">Codice di Condotta <\/a>o il <a href=\"https:\/\/arteconfort.com\/wp-content\/uploads\/2025\/03\/SG-AH-CON-003-Codigo-de-Conducta-Proveedores-y-subcontratas-Rev00.pdf\" target=\"_blank\" rel=\"noopener\">Codice di Condotta per i Partner fornitori e i subappaltatori<\/a>.<\/p>\n<p>Per presentare un reclamo, cliccare qui sotto su &#8220;Presentare un reclamo&#8221;.[\/vc_column_text][vc_empty_space height=&#8221;60px&#8221;][\/vc_column][\/vc_row][vc_row css=&#8221;.vc_custom_1747740351621{border-top-width: 1px !important;border-right-width: 1px !important;border-bottom-width: 1px !important;border-left-width: 1px !important;border-left-style: solid !important;border-right-style: solid !important;border-top-style: solid !important;border-bottom-style: solid !important;border-color: #000000 !important;}&#8221;][vc_column text_align=&#8221;center&#8221;]\n<div class=\"wpcf7 no-js\" id=\"wpcf7-f47515-o1\" lang=\"it-IT\" dir=\"ltr\" data-wpcf7-id=\"47515\">\n<div class=\"screen-reader-response\"><p role=\"status\" aria-live=\"polite\" aria-atomic=\"true\"><\/p> <ul><\/ul><\/div>\n<form action=\"\/it\/wp-json\/wp\/v2\/pages\/47493#wpcf7-f47515-o1\" method=\"post\" class=\"wpcf7-form init wpcf7-acceptance-as-validation\" aria-label=\"Modulo di contatto\" novalidate=\"novalidate\" data-status=\"init\">\n<fieldset class=\"hidden-fields-container\"><input type=\"hidden\" name=\"_wpcf7\" value=\"47515\" \/><input type=\"hidden\" name=\"_wpcf7_version\" value=\"6.1.4\" \/><input type=\"hidden\" name=\"_wpcf7_locale\" value=\"it_IT\" \/><input type=\"hidden\" name=\"_wpcf7_unit_tag\" value=\"wpcf7-f47515-o1\" \/><input type=\"hidden\" name=\"_wpcf7_container_post\" value=\"0\" \/><input type=\"hidden\" name=\"_wpcf7_posted_data_hash\" value=\"\" \/><input type=\"hidden\" name=\"_wpcf7cf_hidden_group_fields\" value=\"[]\" \/><input type=\"hidden\" name=\"_wpcf7cf_hidden_groups\" value=\"[]\" \/><input type=\"hidden\" name=\"_wpcf7cf_visible_groups\" value=\"[]\" \/><input type=\"hidden\" name=\"_wpcf7cf_repeaters\" value=\"[]\" \/><input type=\"hidden\" name=\"_wpcf7cf_steps\" value=\"{}\" \/><input type=\"hidden\" name=\"_wpcf7cf_options\" value=\"{&quot;form_id&quot;:47515,&quot;conditions&quot;:[],&quot;settings&quot;:{&quot;animation&quot;:&quot;yes&quot;,&quot;animation_intime&quot;:200,&quot;animation_outtime&quot;:200,&quot;conditions_ui&quot;:&quot;normal&quot;,&quot;notice_dismissed&quot;:true,&quot;notice_dismissed_rollback-cf7-5.8.1&quot;:true,&quot;notice_dismissed_rollback-cf7-5.9.2&quot;:true,&quot;notice_dismissed_update-cf7-6.0.5&quot;:true}}\" \/>\n<\/fieldset>\n<p><span class=\"wpcf7-form-control-wrap\" data-name=\"acceptance-542\"><span class=\"wpcf7-form-control wpcf7-acceptance\"><span class=\"wpcf7-list-item\"><label><input type=\"checkbox\" name=\"acceptance-542\" value=\"1\" aria-invalid=\"false\" \/><span class=\"wpcf7-list-item-label\">Ho letto e accetto <a href=\"https:\/\/arteconfort.com\/politica-de-privacidad\/\" target=\"_blank\">l'informativa sulla privacy<\/a> (obbligatorio)<\/span><\/label><\/span><\/span><\/span>\n<\/p>\n<p><input class=\"wpcf7-form-control wpcf7-submit has-spinner enviar-canal-etico w-link-button large round\" type=\"submit\" value=\"FARE UN RECLAMO\" \/>\n<\/p><div class=\"wpcf7-response-output\" aria-hidden=\"true\"><\/div>\n<\/form>\n<\/div>\n[\/vc_column][\/vc_row][vc_row][vc_column text_align=&#8221;center&#8221;][vc_empty_space height=&#8221;60px&#8221;][vc_single_image image=&#8221;47494&#8243;][vc_empty_space height=&#8221;60px&#8221;][\/vc_column][\/vc_row][vc_row][vc_column][wyde_heading style=&#8221;2&#8243; title_tag=&#8221;h4&#8243; subheading_tag=&#8221;span&#8221; text_align=&#8221;center&#8221; title=&#8221;Il nostro impegno&#8221;][vc_column_text]Arteconfort si impegna a operare secondo i pi\u00f9 alti standard etici. Il Codice di Condotta Arteconfort definisce le nostre responsabilit\u00e0 personali e condivise per il rispetto di questi rigorosi standard etici e contribuisce a promuovere una cultura in cui trasparenza, onest\u00e0 e correttezza sono la norma.<\/p>\n<p>Contiene il nostro impegno a rispettare le leggi anticoncussione e corruzione, a competere lealmente e a non tollerare alcuna forma di schiavit\u00f9 moderna. \u00c8 sostenuta da una serie di cinque politiche di integrit\u00e0 fondamentali (anticoncussione e corruzione, whistleblowing, concorrenza leale, sanzioni e prevenzione dell&#8217;evasione fiscale), che definiscono la visione di come vogliamo comportarci e rispettare le leggi e i regolamenti applicabili in tutto il Gruppo.<\/p>\n<p>Vogliamo che vi sentiate a vostro agio nel rivolgervi al vostro supervisore o alla direzione in situazioni in cui ritenete che si siano verificate violazioni delle politiche o degli standard.<\/p>\n<p>Se, in determinate situazioni, preferite fare una segnalazione anonima, vi invitiamo a utilizzare questa hotline, ospitata da Factorial, un fornitore di servizi di hotline di terze parti. Vi incoraggiamo a segnalare qualsiasi violazione, come definito nel nostro <a href=\"https:\/\/arteconfort.com\/wp-content\/uploads\/2025\/03\/SG-AH-CON-002-Codigo-de-Conducta-Arteconfort-Rev00.pdf\" target=\"_blank\" rel=\"noopener\">Codice di Condotta<\/a>, nonch\u00e9 a cercare indicazioni sulle politiche e sulle procedure e a condividere suggerimenti e storie positive.<\/p>\n<p>Factorial ci invier\u00e0 le informazioni da voi fornite in modo completamente confidenziale e anonimo, se lo richiedete. Vi garantiamo che terremo conto dei vostri commenti.<\/p>\n<p>Una volta completato il rapporto, vi verr\u00e0 assegnato un codice univoco chiamato \u201cchiave di rapporto\u201d. Annotate la chiave di segnalazione e la password e conservatele in un luogo sicuro. Dopo <strong>5-6 giorni<\/strong> lavorativi, utilizzate la chiave di segnalazione e la password per verificare la presenza di commenti o domande sul vostro rapporto.[\/vc_column_text][vc_empty_space height=&#8221;60px&#8221;][\/vc_column][\/vc_row][vc_row css=&#8221;.vc_custom_1740054409611{padding: 60px !important;border: 1px solid #222222 !important;}&#8221;][vc_column][vc_column_text]<strong>NOTA:<\/strong><\/p>\n<ul>\n<li>Questo non \u00e8 un servizio per la gestione delle domande o dei reclami dei clienti. A tal fine, vi preghiamo di contattarci tramite il<a href=\"https:\/\/arteconfort.com\/it\/contatto\/\">modulo di contatto<\/a>.<\/li>\n<li>Saranno adottate le misure e le sanzioni previste dalla normativa vigente nei confronti di coloro che formulano accuse false o che tentano di danneggiare la reputazione dell&#8217;azienda o dei suoi dipendenti.<\/li>\n<li>Questo non \u00e8 un servizio di assistenza di emergenza o per segnalare eventi che rappresentano una minaccia immediata per la vita o la propriet\u00e0. Si prega di contattare le autorit\u00e0 locali.<\/li>\n<li>Si noti che i reclami presentati potrebbero non ricevere una risposta immediata.<\/li>\n<li>Questa pagina web \u00e8 ospitata sui server sicuri di Factorial e non fa parte del sito web o della intranet di Arteconfort Hotel, S.L..<\/li>\n<li>Tutti i rapporti sono strettamente confidenziali.<\/li>\n<li>Per ulteriori informazioni al riguardo, consultare la sezione del menu <a href=\"https:\/\/arteconfort.com\/politica-de-privacidad\/\" target=\"_blank\" rel=\"noopener\">Informativa sulla privacy<\/a>.<\/li>\n<\/ul>\n<p>[\/vc_column_text][\/vc_column][\/vc_row]<\/p>\n<\/div>","protected":false},"excerpt":{"rendered":"<p>[vc_row][vc_column][vc_column_text]Questo Canale Etico consente di segnalare in modo rapido e semplice qualsiasi comportamento o situazione che violi le leggi o le normative vigenti, nonch\u00e9 le politiche di Arteconfort Hotel, S.L., come il nostro Codice di Condotta o il Codice di Condotta per i Partner fornitori e i subappaltatori. Per presentare un reclamo, cliccare qui sotto [&hellip;]<\/p>\n","protected":false},"author":1,"featured_media":0,"parent":0,"menu_order":0,"comment_status":"closed","ping_status":"closed","template":"","meta":{"footnotes":""},"class_list":["post-47493","page","type-page","status-publish","hentry"],"yoast_head":"<!-- This site is optimized with the Yoast SEO plugin v26.5 - https:\/\/yoast.com\/wordpress\/plugins\/seo\/ -->\n<title>Canale etico - Arteconfort<\/title>\n<meta name=\"description\" content=\"Questo Canale Etico consente di segnalare in modo rapido e semplice qualsiasi comportamento o situazione che violi le leggi o le normative vigenti, nonch\u00e9\" \/>\n<meta name=\"robots\" content=\"noindex, follow\" \/>\n<meta property=\"og:locale\" content=\"it_IT\" \/>\n<meta property=\"og:type\" content=\"article\" \/>\n<meta property=\"og:title\" content=\"Canale etico - Arteconfort\" \/>\n<meta property=\"og:description\" content=\"Questo Canale Etico consente di segnalare in modo rapido e semplice qualsiasi comportamento o situazione che violi le leggi o le normative vigenti, nonch\u00e9\" \/>\n<meta property=\"og:url\" content=\"https:\/\/arteconfort.com\/it\/canale-etico\/\" \/>\n<meta property=\"og:site_name\" content=\"Arteconfort\" \/>\n<meta property=\"article:modified_time\" content=\"2025-05-23T09:48:51+00:00\" \/>\n<meta name=\"twitter:card\" content=\"summary_large_image\" \/>\n<meta name=\"twitter:label1\" content=\"Tempo di lettura stimato\" \/>\n\t<meta name=\"twitter:data1\" content=\"3 minuti\" \/>\n<!-- \/ Yoast SEO plugin. -->","yoast_head_json":{"title":"Canale etico - Arteconfort","description":"Questo Canale Etico consente di segnalare in modo rapido e semplice qualsiasi comportamento o situazione che violi le leggi o le normative vigenti, nonch\u00e9","robots":{"index":"noindex","follow":"follow"},"og_locale":"it_IT","og_type":"article","og_title":"Canale etico - Arteconfort","og_description":"Questo Canale Etico consente di segnalare in modo rapido e semplice qualsiasi comportamento o situazione che violi le leggi o le normative vigenti, nonch\u00e9","og_url":"https:\/\/arteconfort.com\/it\/canale-etico\/","og_site_name":"Arteconfort","article_modified_time":"2025-05-23T09:48:51+00:00","twitter_card":"summary_large_image","twitter_misc":{"Tempo di lettura stimato":"3 minuti"},"schema":{"@context":"https:\/\/schema.org","@graph":[{"@type":"WebPage","@id":"https:\/\/arteconfort.com\/it\/canale-etico\/","url":"https:\/\/arteconfort.com\/it\/canale-etico\/","name":"Canale etico - Arteconfort","isPartOf":{"@id":"https:\/\/arteconfort.com\/it\/#website"},"datePublished":"2025-05-22T08:44:27+00:00","dateModified":"2025-05-23T09:48:51+00:00","description":"Questo Canale Etico consente di segnalare in modo rapido e semplice qualsiasi comportamento o situazione che violi le leggi o le normative vigenti, nonch\u00e9","breadcrumb":{"@id":"https:\/\/arteconfort.com\/it\/canale-etico\/#breadcrumb"},"inLanguage":"it-IT","potentialAction":[{"@type":"ReadAction","target":["https:\/\/arteconfort.com\/it\/canale-etico\/"]}]},{"@type":"BreadcrumbList","@id":"https:\/\/arteconfort.com\/it\/canale-etico\/#breadcrumb","itemListElement":[{"@type":"ListItem","position":1,"name":"Inicio","item":"https:\/\/arteconfort.com\/it\/"},{"@type":"ListItem","position":2,"name":"Canale etico"}]},{"@type":"WebSite","@id":"https:\/\/arteconfort.com\/it\/#website","url":"https:\/\/arteconfort.com\/it\/","name":"Arteconfort","description":"Especialistas en productos del hogar","publisher":{"@id":"https:\/\/arteconfort.com\/it\/#organization"},"potentialAction":[{"@type":"SearchAction","target":{"@type":"EntryPoint","urlTemplate":"https:\/\/arteconfort.com\/it\/?s={search_term_string}"},"query-input":{"@type":"PropertyValueSpecification","valueRequired":true,"valueName":"search_term_string"}}],"inLanguage":"it-IT"},{"@type":"Organization","@id":"https:\/\/arteconfort.com\/it\/#organization","name":"Arteconfort","url":"https:\/\/arteconfort.com\/it\/","logo":{"@type":"ImageObject","inLanguage":"it-IT","@id":"https:\/\/arteconfort.com\/it\/#\/schema\/logo\/image\/","url":"https:\/\/arteconfort.com\/wp-content\/uploads\/2019\/07\/logo-arteconfort.png","contentUrl":"https:\/\/arteconfort.com\/wp-content\/uploads\/2019\/07\/logo-arteconfort.png","width":230,"height":88,"caption":"Arteconfort"},"image":{"@id":"https:\/\/arteconfort.com\/it\/#\/schema\/logo\/image\/"}}]}},"_links":{"self":[{"href":"https:\/\/arteconfort.com\/it\/wp-json\/wp\/v2\/pages\/47493","targetHints":{"allow":["GET"]}}],"collection":[{"href":"https:\/\/arteconfort.com\/it\/wp-json\/wp\/v2\/pages"}],"about":[{"href":"https:\/\/arteconfort.com\/it\/wp-json\/wp\/v2\/types\/page"}],"author":[{"embeddable":true,"href":"https:\/\/arteconfort.com\/it\/wp-json\/wp\/v2\/users\/1"}],"replies":[{"embeddable":true,"href":"https:\/\/arteconfort.com\/it\/wp-json\/wp\/v2\/comments?post=47493"}],"version-history":[{"count":0,"href":"https:\/\/arteconfort.com\/it\/wp-json\/wp\/v2\/pages\/47493\/revisions"}],"wp:attachment":[{"href":"https:\/\/arteconfort.com\/it\/wp-json\/wp\/v2\/media?parent=47493"}],"curies":[{"name":"wp","href":"https:\/\/api.w.org\/{rel}","templated":true}]}}