{"id":46905,"date":"2021-10-25T13:39:24","date_gmt":"2021-10-25T11:39:24","guid":{"rendered":"https:\/\/arteconfort.com\/producto\/senza-categoria\/winglet\/"},"modified":"2025-04-21T10:44:46","modified_gmt":"2025-04-21T08:44:46","slug":"winglet","status":"publish","type":"product","link":"https:\/\/arteconfort.com\/it\/producto\/winglet\/","title":{"rendered":"WINGLET"},"content":{"rendered":"<div class=\"wpb-content-wrapper\"><p>[vc_row][vc_column][vc_empty_space height=&#8221;60px&#8221;][vc_row_inner][vc_column_inner width=&#8221;1\/3&#8243;][wyde_info_box icon_set=&#8221;simple_line&#8221; icon_simple_line=&#8221;sl-energy&#8221; icon_position=&#8221;left&#8221; title=&#8221;CARATTERISTICHE FISICHE ED ELETTRICHE&#8221;][\/wyde_info_box][vc_empty_space height=&#8221;10px&#8221;][vc_column_text]Altezza: <strong>36cm<\/strong><br \/>\nDiametro: <strong>132<\/strong> <strong>cm<\/strong><br \/>\nPeso: <strong>6,3<\/strong> <strong>kg<\/strong><br \/>\nMateriale del corpo: <strong>ABS<\/strong><br \/>\nMateriale della lama: <strong>ABS<\/strong><br \/>\nFinitura del corpo: <strong>Bianco<\/strong><br \/>\nFinitura della lama: <strong>Bianco<\/strong><br \/>\nNumero di lame: <strong>3<\/strong><br \/>\nLame reversibili: <strong>No<\/strong><br \/>\nMotore: <strong>DC<\/strong><br \/>\nTensione: <strong>230Vac<\/strong><br \/>\nPotenza della velocit\u00e0: <strong>4,8W-7,1W-11W-16,6W-24W-30W<\/strong><br \/>\nNumero di giri: <strong>82-98-120-137-155-166<\/strong><br \/>\nEmissione di rumore della velocit\u00e0: <strong>27dBs-30dBs-35dBs-38dBs-42dBs-45dBs<\/strong><br \/>\nVelocit\u00e0 del flusso d&#8217;aria: <strong>3.300m<sup>3<\/sup>\/h-4.320m<sup>3<\/sup>\/h-5.100m<sup>3<\/sup>\/h-5.940m<sup>3<\/sup>\/h-7.320m<sup>3<\/sup>\/h-9.780m<sup>3<\/sup>\/h<\/strong><br \/>\nSuperficie massima consigliata: <strong>&gt;20m<sup>2<\/sup><\/strong><br \/>\nIP: <strong>20<\/strong><br \/>\nInclinazione massima del soffitto: <strong>15\u00ba<\/strong><br \/>\nDistanza di sicurezza: <strong>2,3m<\/strong><br \/>\nIsolamento elettrico: <strong>Classe I<\/strong><br \/>\nAccesorios: <strong>Stabilizzatore<\/strong><br \/>\nGaranzia: <strong>Motore 8 anni &#8211; Altri componenti 3 anni<\/strong>[\/vc_column_text][\/vc_column_inner][vc_column_inner width=&#8221;1\/3&#8243;][wyde_info_box icon_set=&#8221;simple_line&#8221; icon_simple_line=&#8221;sl-mouse&#8221; icon_position=&#8221;left&#8221; title=&#8221;CONTROLLO E FUNZIONI&#8221;][\/wyde_info_box][vc_empty_space height=&#8221;10px&#8221;][vc_column_text]Controllo: <strong>S\u00ec<\/strong><br \/>\nBatterie: <strong>2xAAA (Non incluse)<\/strong><br \/>\nNumero di velocit\u00e0: <strong>6<\/strong><br \/>\nProgrammazione: <strong>Fino a 9 ore<\/strong><br \/>\nModalit\u00e0 brezza: <strong>S\u00ec<\/strong><br \/>\nModalit\u00e0 estate\/inverno: <strong>S\u00ec<\/strong><br \/>\nTermostato: <strong>No<\/strong><br \/>\nMemoria di accensione: <strong>S\u00ec<\/strong><br \/>\nConnessione Wi-Fi: <strong>No<\/strong><br \/>\nConnessione bluetooth: <strong>No<\/strong>[\/vc_column_text][\/vc_column_inner][vc_column_inner width=&#8221;1\/3&#8243;][wyde_info_box icon_set=&#8221;stroke_gap&#8221; icon_stroke_gap=&#8221;sg-Bulb&#8221; icon_position=&#8221;left&#8221; title=&#8221;ILLUMINAZIONE&#8221;][\/wyde_info_box][vc_empty_space height=&#8221;10px&#8221;][vc_column_text]Flusso luminoso: <strong>2.500lm<\/strong><br \/>\nPotencia LED: <strong>20W LED OSRAM<\/strong><br \/>\nTemperatura colore: <strong>S\u00ec<\/strong><br \/>\nVariazione della temperatura colore: <strong>3.000K-4.000K-5.700K<\/strong><br \/>\nDimmerazione: <strong>8 livelli<\/strong><br \/>\nAngolo di apertura: <strong>160\u00ba<\/strong><br \/>\nVita media: <strong>30.000h<\/strong><br \/>\nNumero di accensioni: <strong>20.000<\/strong><br \/>\nMemoria della temperatura colore: <strong>S\u00ec<\/strong><br \/>\nEtichetta di efficienza energetica: <strong>E<\/strong>[\/vc_column_text][\/vc_column_inner][\/vc_row_inner][vc_empty_space height=&#8221;60px&#8221;][\/vc_column][\/vc_row][vc_row vertical_align=&#8221;middle&#8221; padding_size=&#8221;no-padding&#8221; background_mode=&#8221;color&#8221; background_color=&#8221;#f5f5f5&#8243;][vc_column text_align=&#8221;center&#8221; padding_size=&#8221;no-padding&#8221;][vc_row_inner vertical_align=&#8221;middle&#8221; padding_size=&#8221;no-padding&#8221; css=&#8221;.vc_custom_1664367242377{padding-top: 30px !important;padding-right: 60px !important;padding-bottom: 30px !important;padding-left: 60px !important;}&#8221;][vc_column_inner padding_size=&#8221;no-padding&#8221; width=&#8221;2\/3&#8243;][wyde_heading style=&#8221;2&#8243; title_tag=&#8221;h3&#8243; title=&#8221;Ricambi disponibili per il ventilatore WINGLET&#8221; heading_color=&#8221;#000000&#8243;][vc_column_text]Il pezzo di ricambio per il ventilatore pu\u00f2 essere acquistato presso lo stesso negozio in cui \u00e8 stato acquistato il ventilatore o presso un altro negozio della stessa catena.[\/vc_column_text][vc_empty_space][wyde_info_box icon=&#8221;fa fa-check&#8221; icon_position=&#8221;left&#8221; title=&#8221;LAMPADINA&#8221;][\/wyde_info_box][wyde_info_box icon=&#8221;fa fa-check&#8221; icon_position=&#8221;left&#8221; title=&#8221;PIATTO LED&#8221;][\/wyde_info_box][wyde_info_box icon=&#8221;fa fa-check&#8221; icon_position=&#8221;left&#8221; title=&#8221;CONTROLLO REMOTO&#8221;][\/wyde_info_box][wyde_info_box icon=&#8221;fa fa-check&#8221; icon_position=&#8221;left&#8221; title=&#8221;CONTROLLORE&#8221;][\/wyde_info_box][vc_empty_space height=&#8221;20px&#8221;][\/vc_column_inner][vc_column_inner text_align=&#8221;center&#8221; width=&#8221;1\/3&#8243; background_color=&#8221;#ffffff&#8221;][vc_empty_space height=&#8221;20px&#8221;][vc_column_text]<em>Per qualsiasi domanda potete contattarci attraverso il modulo di contatto:<\/em>[\/vc_column_text][vc_empty_space height=&#8221;20px&#8221;][wyde_link_button icon_set=&#8221;simple_line&#8221; icon_simple_line=&#8221;sl-bubbles&#8221; style=&#8221;outline round&#8221; title=&#8221;Consulta&#8221; link=&#8221;url:https%3A%2F%2Farteconfort.com%2Fcontacto%2F|||&#8221; color=&#8221;#61b4e4&#8243; hover_color=&#8221;#ffffff&#8221;][vc_empty_space height=&#8221;40px&#8221;][vc_single_image alignment=&#8221;center&#8221; image=&#8221;24267&#8243;][\/vc_column_inner][\/vc_row_inner][\/vc_column][\/vc_row][vc_row][vc_column][vc_video media_url=&#8221;https:\/\/www.youtube.com\/watch?v=rA-HfV9XCfs&#8221;][\/vc_column][\/vc_row][vc_row padding_size=&#8221;no-padding&#8221;][vc_column padding_size=&#8221;no-padding&#8221;][vc_empty_space height=&#8221;80px&#8221;][wyde_heading style=&#8221;2&#8243; subheading_tag=&#8221;h5&#8243; text_align=&#8221;center&#8221; title=&#8221;Cosa dicono le persone del ventilatore WINGLET&#8221; subheading=&#8221;(Fuente de las opiniones leroymerlin.es)&#8221; heading_color=&#8221;#000000&#8243; subheading_color=&#8221;#bbbbbb&#8221;][\/vc_column][\/vc_row][vc_row padding_size=&#8221;no-padding&#8221;][vc_column padding_size=&#8221;m-padding&#8221; width=&#8221;1\/3&#8243; el_class=&#8221;comentarios-producto&#8221;][vc_row_inner][vc_column_inner text_align=&#8221;center&#8221; padding_size=&#8221;s-padding&#8221; css=&#8221;.vc_custom_1664188928661{border: 1px solid #cccccc !important;}&#8221;][vc_column_text]\u2605\u2605\u2605\u2605\u2605<\/p>\n<p><em>\u201cMi piace tutto, il suo design, le sue funzioni, le sue luci, la sua bassa rumorosit\u00e0.\u201d<\/em>[\/vc_column_text][vc_column_text]<\/p>\n<p style=\"text-align: center;\"><strong>Nandosaiyajin<\/strong><\/p>\n<p>[\/vc_column_text][\/vc_column_inner][\/vc_row_inner][\/vc_column][vc_column padding_size=&#8221;m-padding&#8221; width=&#8221;1\/3&#8243; el_class=&#8221;comentarios-producto&#8221;][vc_row_inner][vc_column_inner text_align=&#8221;center&#8221; padding_size=&#8221;s-padding&#8221; css=&#8221;.vc_custom_1664188994351{border: 1px solid #cccccc !important;}&#8221;][vc_column_text]\u2605\u2605\u2605\u2605\u2605<\/p>\n<p><em>\u201cMolto silenzioso, buon flusso d&#8217;aria ed elegante\u201d<\/em>[\/vc_column_text][vc_column_text]<br \/>\n<strong>Richard 68<\/strong><br \/>\n[\/vc_column_text][\/vc_column_inner][\/vc_row_inner][\/vc_column][vc_column padding_size=&#8221;m-padding&#8221; width=&#8221;1\/3&#8243; el_class=&#8221;comentarios-producto&#8221;][vc_row_inner][vc_column_inner text_align=&#8221;center&#8221; padding_size=&#8221;s-padding&#8221; css=&#8221;.vc_custom_1664188963265{border: 1px solid #cccccc !important;}&#8221;][vc_column_text]\u2605\u2605\u2605\u2605\u2605<\/p>\n<p><em>\u201cMolto silenzioso per poter riposare e non avere caldo.\u201d<\/em>[\/vc_column_text][vc_column_text]<\/p>\n<p style=\"text-align: center;\"><strong>Xongo<\/strong><\/p>\n<p>[\/vc_column_text][\/vc_column_inner][\/vc_row_inner][\/vc_column][\/vc_row]<\/p>\n<\/div>","protected":false},"excerpt":{"rendered":"<p>Ventilatore da soffitto ad alette con luce LED integrata e memoria della temperatura colore. Ha un corpo in metallo ABS e 3 pale bianche, \u00e8 facile da installare e adatto a soffitti inclinati (fino a 15\u00ba). \u00c8 dotato di un motore DC (corrente continua) ad alta efficienza che riduce il consumo energetico e genera un&#8217;atmosfera piacevole grazie al suo funzionamento silenzioso. Include un telecomando per controllare e modificare le modalit\u00e0 di programmazione (fino a 9 ore), la temperatura del colore (3000K-4000K-5500K), le velocit\u00e0 (6), l&#8217;intensit\u00e0 luminosa (fino a 8 livelli), la modalit\u00e0 brezza (sensazione creata dal continuo cambiamento di velocit\u00e0) e la modalit\u00e0 inverno-estate. Questo elegante modello pu\u00f2 essere utilizzato in stanze di dimensioni inferiori a 40m<sup>2<\/sup>.<br \/>\n<strong>Ref: WINGLETBL21<\/strong><\/p>\n<ul style=\"list-style-type: circle; padding-left: 80px;\">\n<li>Ventilatore per stanze grandi<\/li>\n<li>Ampio flusso d&#8217;aria<\/li>\n<li>Illuminazione a LED con memoria della temperatura di colore<\/li>\n<\/ul>\n<p>[vc_row][vc_column width=&#8221;1\/3&#8243;][wyde_link_button icon_set=&#8221;simple_line&#8221; icon_simple_line=&#8221;sl-settings&#8221; style=&#8221;round&#8221; title=&#8221;Istruzioni&#8221; link=&#8221;url:https%3A%2F%2Farteconfort.com%2Fwp-content%2Fuploads%2F2024%2F06%2Fim-WINGLET-v2.pdf||target:%20_blank|rel:nofollow&#8221; color=&#8221;#ffffff&#8221; bg_color=&#8221;#222222&#8243;][\/vc_column][vc_column width=&#8221;1\/3&#8243;][wyde_link_button icon_set=&#8221;simple_line&#8221; icon_simple_line=&#8221;sl-social-youtube&#8221; style=&#8221;outline round&#8221; title=&#8221;Video&#8221; link=&#8221;url:https%3A%2F%2Fwww.youtube.com%2Fwatch%3Fv%3DrA-HfV9XCfs||target:%20_blank|rel:nofollow&#8221; color=&#8221;#222222&#8243; hover_color=&#8221;#ffffff&#8221;][\/vc_column][\/vc_row]<\/p>\n","protected":false},"featured_media":46906,"template":"","meta":[],"product_brand":[],"product_cat":[1482,1486,1481],"product_tag":[],"class_list":{"0":"post-46905","1":"product","2":"type-product","3":"status-publish","4":"has-post-thumbnail","6":"product_cat-climatizzazione","7":"product_cat-vecchia-collezione","8":"product_cat-ventilatori-a-soffitto","10":"first","11":"instock","12":"shipping-taxable","13":"product-type-simple"},"yoast_head":"<!-- This site is optimized with the Yoast SEO plugin v26.5 - https:\/\/yoast.com\/wordpress\/plugins\/seo\/ -->\n<title>WINGLET - Climatizzazione, Vecchia collezione, Ventilatori a soffitto - Arteconfort<\/title>\n<meta name=\"description\" content=\"Ventilatore da soffitto ad alette con luce LED integrata e memoria della temperatura colore. Ha un corpo in metallo ABS e 3 pale bianche, \u00e8 facile da installare e adatto a soffitti inclinati (fino a 15\u00ba). \u00c8 dotato di un motore DC (corrente continua) ad alta efficienza che riduce il consumo energetico e genera un&#039;atmosfera piacevole grazie al suo funzionamento silenzioso. Include un telecomando per controllare e modificare le modalit\u00e0 di programmazione (fino a 9 ore), la temperatura del colore (3000K-4000K-5500K), le velocit\u00e0 (6), l&#039;intensit\u00e0 luminosa (fino a 8 livelli), la modalit\u00e0 brezza (sensazione creata dal continuo cambiamento di velocit\u00e0) e la modalit\u00e0 inverno-estate. Questo elegante modello pu\u00f2 essere utilizzato in stanze di dimensioni inferiori a 40m2. Ref: WINGLETBL21   Ventilatore per stanze grandi  Ampio flusso d&#039;aria  Illuminazione a LED con memoria della temperatura di colore\" \/>\n<meta name=\"robots\" content=\"index, follow, max-snippet:-1, max-image-preview:large, max-video-preview:-1\" \/>\n<link rel=\"canonical\" href=\"https:\/\/arteconfort.com\/it\/producto\/winglet\/\" \/>\n<meta property=\"og:locale\" content=\"it_IT\" \/>\n<meta property=\"og:type\" content=\"article\" \/>\n<meta property=\"og:title\" content=\"WINGLET - Climatizzazione, Vecchia collezione, Ventilatori a soffitto - Arteconfort\" \/>\n<meta property=\"og:description\" content=\"Ventilatore da soffitto ad alette con luce LED integrata e memoria della temperatura colore. Ha un corpo in metallo ABS e 3 pale bianche, \u00e8 facile da installare e adatto a soffitti inclinati (fino a 15\u00ba). \u00c8 dotato di un motore DC (corrente continua) ad alta efficienza che riduce il consumo energetico e genera un&#039;atmosfera piacevole grazie al suo funzionamento silenzioso. Include un telecomando per controllare e modificare le modalit\u00e0 di programmazione (fino a 9 ore), la temperatura del colore (3000K-4000K-5500K), le velocit\u00e0 (6), l&#039;intensit\u00e0 luminosa (fino a 8 livelli), la modalit\u00e0 brezza (sensazione creata dal continuo cambiamento di velocit\u00e0) e la modalit\u00e0 inverno-estate. Questo elegante modello pu\u00f2 essere utilizzato in stanze di dimensioni inferiori a 40m2. Ref: WINGLETBL21   Ventilatore per stanze grandi  Ampio flusso d&#039;aria  Illuminazione a LED con memoria della temperatura di colore\" \/>\n<meta property=\"og:url\" content=\"https:\/\/arteconfort.com\/it\/producto\/winglet\/\" \/>\n<meta property=\"og:site_name\" content=\"Arteconfort\" \/>\n<meta property=\"article:modified_time\" content=\"2025-04-21T08:44:46+00:00\" \/>\n<meta property=\"og:image\" content=\"https:\/\/arteconfort.com\/wp-content\/uploads\/2024\/06\/ventilador-WINGLET-foto-mando-a-distancia.webp\" \/>\n\t<meta property=\"og:image:width\" content=\"1024\" \/>\n\t<meta property=\"og:image:height\" content=\"1024\" \/>\n\t<meta property=\"og:image:type\" content=\"image\/webp\" \/>\n<meta name=\"twitter:card\" content=\"summary_large_image\" \/>\n<meta name=\"twitter:label1\" content=\"Tempo di lettura stimato\" \/>\n\t<meta name=\"twitter:data1\" content=\"3 minuti\" \/>\n<!-- \/ Yoast SEO plugin. -->","yoast_head_json":{"title":"WINGLET - Climatizzazione, Vecchia collezione, Ventilatori a soffitto - Arteconfort","description":"Ventilatore da soffitto ad alette con luce LED integrata e memoria della temperatura colore. Ha un corpo in metallo ABS e 3 pale bianche, \u00e8 facile da installare e adatto a soffitti inclinati (fino a 15\u00ba). \u00c8 dotato di un motore DC (corrente continua) ad alta efficienza che riduce il consumo energetico e genera un'atmosfera piacevole grazie al suo funzionamento silenzioso. Include un telecomando per controllare e modificare le modalit\u00e0 di programmazione (fino a 9 ore), la temperatura del colore (3000K-4000K-5500K), le velocit\u00e0 (6), l'intensit\u00e0 luminosa (fino a 8 livelli), la modalit\u00e0 brezza (sensazione creata dal continuo cambiamento di velocit\u00e0) e la modalit\u00e0 inverno-estate. Questo elegante modello pu\u00f2 essere utilizzato in stanze di dimensioni inferiori a 40m2. Ref: WINGLETBL21   Ventilatore per stanze grandi  Ampio flusso d'aria  Illuminazione a LED con memoria della temperatura di colore","robots":{"index":"index","follow":"follow","max-snippet":"max-snippet:-1","max-image-preview":"max-image-preview:large","max-video-preview":"max-video-preview:-1"},"canonical":"https:\/\/arteconfort.com\/it\/producto\/winglet\/","og_locale":"it_IT","og_type":"article","og_title":"WINGLET - Climatizzazione, Vecchia collezione, Ventilatori a soffitto - Arteconfort","og_description":"Ventilatore da soffitto ad alette con luce LED integrata e memoria della temperatura colore. Ha un corpo in metallo ABS e 3 pale bianche, \u00e8 facile da installare e adatto a soffitti inclinati (fino a 15\u00ba). \u00c8 dotato di un motore DC (corrente continua) ad alta efficienza che riduce il consumo energetico e genera un'atmosfera piacevole grazie al suo funzionamento silenzioso. Include un telecomando per controllare e modificare le modalit\u00e0 di programmazione (fino a 9 ore), la temperatura del colore (3000K-4000K-5500K), le velocit\u00e0 (6), l'intensit\u00e0 luminosa (fino a 8 livelli), la modalit\u00e0 brezza (sensazione creata dal continuo cambiamento di velocit\u00e0) e la modalit\u00e0 inverno-estate. Questo elegante modello pu\u00f2 essere utilizzato in stanze di dimensioni inferiori a 40m2. Ref: WINGLETBL21   Ventilatore per stanze grandi  Ampio flusso d'aria  Illuminazione a LED con memoria della temperatura di colore","og_url":"https:\/\/arteconfort.com\/it\/producto\/winglet\/","og_site_name":"Arteconfort","article_modified_time":"2025-04-21T08:44:46+00:00","og_image":[{"width":1024,"height":1024,"url":"https:\/\/arteconfort.com\/wp-content\/uploads\/2024\/06\/ventilador-WINGLET-foto-mando-a-distancia.webp","type":"image\/webp"}],"twitter_card":"summary_large_image","twitter_misc":{"Tempo di lettura stimato":"3 minuti"},"schema":{"@context":"https:\/\/schema.org","@graph":[{"@type":"WebPage","@id":"https:\/\/arteconfort.com\/it\/producto\/winglet\/","url":"https:\/\/arteconfort.com\/it\/producto\/winglet\/","name":"WINGLET - Climatizzazione, Vecchia collezione, Ventilatori a soffitto - Arteconfort","isPartOf":{"@id":"https:\/\/arteconfort.com\/it\/#website"},"primaryImageOfPage":{"@id":"https:\/\/arteconfort.com\/it\/producto\/winglet\/#primaryimage"},"image":{"@id":"https:\/\/arteconfort.com\/it\/producto\/winglet\/#primaryimage"},"thumbnailUrl":"https:\/\/arteconfort.com\/wp-content\/uploads\/2024\/06\/ventilador-WINGLET-foto-mando-a-distancia.webp","datePublished":"2021-10-25T11:39:24+00:00","dateModified":"2025-04-21T08:44:46+00:00","description":"Ventilatore da soffitto ad alette con luce LED integrata e memoria della temperatura colore. Ha un corpo in metallo ABS e 3 pale bianche, \u00e8 facile da installare e adatto a soffitti inclinati (fino a 15\u00ba). \u00c8 dotato di un motore DC (corrente continua) ad alta efficienza che riduce il consumo energetico e genera un'atmosfera piacevole grazie al suo funzionamento silenzioso. Include un telecomando per controllare e modificare le modalit\u00e0 di programmazione (fino a 9 ore), la temperatura del colore (3000K-4000K-5500K), le velocit\u00e0 (6), l'intensit\u00e0 luminosa (fino a 8 livelli), la modalit\u00e0 brezza (sensazione creata dal continuo cambiamento di velocit\u00e0) e la modalit\u00e0 inverno-estate. Questo elegante modello pu\u00f2 essere utilizzato in stanze di dimensioni inferiori a 40m2. Ref: WINGLETBL21 Ventilatore per stanze grandi Ampio flusso d'aria Illuminazione a LED con memoria della temperatura di colore","breadcrumb":{"@id":"https:\/\/arteconfort.com\/it\/producto\/winglet\/#breadcrumb"},"inLanguage":"it-IT","potentialAction":[{"@type":"ReadAction","target":["https:\/\/arteconfort.com\/it\/producto\/winglet\/"]}]},{"@type":"ImageObject","inLanguage":"it-IT","@id":"https:\/\/arteconfort.com\/it\/producto\/winglet\/#primaryimage","url":"https:\/\/arteconfort.com\/wp-content\/uploads\/2024\/06\/ventilador-WINGLET-foto-mando-a-distancia.webp","contentUrl":"https:\/\/arteconfort.com\/wp-content\/uploads\/2024\/06\/ventilador-WINGLET-foto-mando-a-distancia.webp","width":1024,"height":1024},{"@type":"BreadcrumbList","@id":"https:\/\/arteconfort.com\/it\/producto\/winglet\/#breadcrumb","itemListElement":[{"@type":"ListItem","position":1,"name":"Inicio","item":"https:\/\/arteconfort.com\/it\/"},{"@type":"ListItem","position":2,"name":"Tienda","item":"https:\/\/arteconfort.com\/?page_id=36319"},{"@type":"ListItem","position":3,"name":"WINGLET"}]},{"@type":"WebSite","@id":"https:\/\/arteconfort.com\/it\/#website","url":"https:\/\/arteconfort.com\/it\/","name":"Arteconfort","description":"Especialistas en productos del hogar","publisher":{"@id":"https:\/\/arteconfort.com\/it\/#organization"},"potentialAction":[{"@type":"SearchAction","target":{"@type":"EntryPoint","urlTemplate":"https:\/\/arteconfort.com\/it\/?s={search_term_string}"},"query-input":{"@type":"PropertyValueSpecification","valueRequired":true,"valueName":"search_term_string"}}],"inLanguage":"it-IT"},{"@type":"Organization","@id":"https:\/\/arteconfort.com\/it\/#organization","name":"Arteconfort","url":"https:\/\/arteconfort.com\/it\/","logo":{"@type":"ImageObject","inLanguage":"it-IT","@id":"https:\/\/arteconfort.com\/it\/#\/schema\/logo\/image\/","url":"https:\/\/arteconfort.com\/wp-content\/uploads\/2019\/07\/logo-arteconfort.png","contentUrl":"https:\/\/arteconfort.com\/wp-content\/uploads\/2019\/07\/logo-arteconfort.png","width":230,"height":88,"caption":"Arteconfort"},"image":{"@id":"https:\/\/arteconfort.com\/it\/#\/schema\/logo\/image\/"}}]}},"_links":{"self":[{"href":"https:\/\/arteconfort.com\/it\/wp-json\/wp\/v2\/product\/46905","targetHints":{"allow":["GET"]}}],"collection":[{"href":"https:\/\/arteconfort.com\/it\/wp-json\/wp\/v2\/product"}],"about":[{"href":"https:\/\/arteconfort.com\/it\/wp-json\/wp\/v2\/types\/product"}],"wp:featuredmedia":[{"embeddable":true,"href":"https:\/\/arteconfort.com\/it\/wp-json\/wp\/v2\/media\/46906"}],"wp:attachment":[{"href":"https:\/\/arteconfort.com\/it\/wp-json\/wp\/v2\/media?parent=46905"}],"wp:term":[{"taxonomy":"product_brand","embeddable":true,"href":"https:\/\/arteconfort.com\/it\/wp-json\/wp\/v2\/product_brand?post=46905"},{"taxonomy":"product_cat","embeddable":true,"href":"https:\/\/arteconfort.com\/it\/wp-json\/wp\/v2\/product_cat?post=46905"},{"taxonomy":"product_tag","embeddable":true,"href":"https:\/\/arteconfort.com\/it\/wp-json\/wp\/v2\/product_tag?post=46905"}],"curies":[{"name":"wp","href":"https:\/\/api.w.org\/{rel}","templated":true}]}}