{"id":47214,"date":"2025-04-21T15:03:34","date_gmt":"2025-04-23T11:28:59","guid":{"rendered":"https:\/\/arteconfort.com\/producto\/senza-categoria\/acan-m\/"},"modified":"2025-04-23T13:32:36","modified_gmt":"2025-04-23T11:32:36","slug":"acan-m","status":"publish","type":"product","link":"https:\/\/arteconfort.com\/it\/producto\/acan-m\/","title":{"rendered":"ACAN M"},"content":{"rendered":"<div class=\"wpb-content-wrapper\"><p>[vc_row][vc_column][vc_empty_space height=&#8221;60px&#8221;][vc_row_inner][vc_column_inner width=&#8221;1\/3&#8243;][wyde_info_box icon_set=&#8221;simple_line&#8221; icon_simple_line=&#8221;sl-energy&#8221; icon_position=&#8221;left&#8221; title=&#8221;CARATTERISTICHE FISICHE ED ELETTRICHE&#8221;][\/wyde_info_box][vc_empty_space height=&#8221;10px&#8221;][vc_column_text]Altezza: <strong>28,5\/41cm<\/strong><br \/>\nDi\u00e1metro: <strong>107cm<\/strong><br \/>\nPeso: <strong>5,1kg<\/strong><br \/>\nMateriale del corpo: <strong>Metallo e PP<\/strong><br \/>\nMateriale della lama: <strong>PC<\/strong><br \/>\nFinitura del corpo: <strong>Bianco<\/strong><br \/>\nFinitura della lama: <strong>Trasparente<\/strong><br \/>\nNumero di lame: <strong>3<\/strong><br \/>\nLame reversibili: <strong>No<\/strong><br \/>\nMotore: <strong>DC<\/strong><br \/>\nTensione: <strong>230Vac<\/strong><br \/>\nPotenza velocit\u00e0: <strong>7,1W-11,4W-14W-19,2W-22,6W-29W<\/strong><br \/>\nVelocit\u00e0 RPM: <strong>146-166-175-188-203-213<\/strong><br \/>\nEmissione di rumore velocit\u00e0: <strong>33dBs-36dBs-39dBs-42dBs-45dBs-50dBs<\/strong><br \/>\nFlusso d&#8217;aria velocit\u00e0: <strong>4.390m<sup>3<\/sup>\/h-5.260m<sup>3<\/sup>\/h-5.860m<sup>3<\/sup>\/h-6.500m<sup>3<\/sup>\/h-6.850m<sup>3<\/sup>\/h-7.380m<sup>3<\/sup>\/h<\/strong><br \/>\nSuperficie massima consigliata: <strong>&lt;20m<sup>2<\/sup><\/strong><br \/>\nIP: <strong>20<\/strong><br \/>\nInclinazione massima del soffitto: <strong>15\u00ba<\/strong><br \/>\nDistanza di sicurezza: <strong>2,3m<\/strong><br \/>\nIsolamento elettrico: <strong>Classe I<\/strong><br \/>\nAccessori: <strong>2 montanti da 12,5 cm e 25 cm ciascuno<\/strong><br \/>\nGaranzia: <strong>3 anni<\/strong>[\/vc_column_text][\/vc_column_inner][vc_column_inner width=&#8221;1\/3&#8243;][wyde_info_box icon_set=&#8221;simple_line&#8221; icon_simple_line=&#8221;sl-mouse&#8221; icon_position=&#8221;left&#8221; title=&#8221;CONTROLLO E FUNZIONI&#8221;][\/wyde_info_box][vc_empty_space height=&#8221;10px&#8221;][vc_column_text]Controllo: <strong>S\u00ec<\/strong><br \/>\nBatterie: <strong>2xAAA (non incluse)<\/strong><br \/>\nNumero di velocit\u00e0: <strong>6<\/strong><br \/>\nProgrammazione: <strong>1h-2h-4h<\/strong><br \/>\nModalit\u00e0 brezza: <strong>S\u00ec<\/strong><br \/>\nModalit\u00e0 estate\/inverno: <strong>S\u00ec<\/strong><br \/>\nTermostato: <strong>No<\/strong><br \/>\nMemoria di accensione: <strong>S\u00ec<\/strong><br \/>\nAPP: <strong>No<\/strong><br \/>\nConnessione Wi-Fi: <strong>No<\/strong><br \/>\nConnessione bluetooth: <strong>No<\/strong>[\/vc_column_text][\/vc_column_inner][vc_column_inner width=&#8221;1\/3&#8243;][wyde_info_box icon_set=&#8221;stroke_gap&#8221; icon_stroke_gap=&#8221;sg-Bulb&#8221; icon_position=&#8221;left&#8221; title=&#8221;ILLUMINAZIONE&#8221;][\/wyde_info_box][vc_empty_space height=&#8221;10px&#8221;][vc_column_text]Flusso luminoso: <strong>3.800lm+400lm<\/strong><br \/>\nPotenza LED: <strong>32W+5W<\/strong><br \/>\nTemperatura colore: <strong>S\u00ec<\/strong><br \/>\nVariazione della temperatura colore: <strong>3.000K-4.000K-6.500K<\/strong><br \/>\nDimmerazione: <strong>Dimable<\/strong><br \/>\nAngolo di apertura: <strong>120\u00ba<\/strong><br \/>\nVita media: <strong>20.000h<\/strong><br \/>\nNumero di accensioni: <strong>15.000<\/strong><br \/>\nMemoria della temperatura colore: <strong>S\u00ec<\/strong><br \/>\nEtichetta di efficienza energetica: <strong>F<\/strong>[\/vc_column_text][\/vc_column_inner][\/vc_row_inner][vc_empty_space height=&#8221;60px&#8221;][\/vc_column][\/vc_row][vc_row vertical_align=&#8221;middle&#8221; padding_size=&#8221;no-padding&#8221; background_mode=&#8221;color&#8221; background_color=&#8221;#f5f5f5&#8243;][vc_column text_align=&#8221;center&#8221; padding_size=&#8221;no-padding&#8221;][vc_row_inner vertical_align=&#8221;middle&#8221; padding_size=&#8221;no-padding&#8221; css=&#8221;.vc_custom_1664367242377{padding-top: 30px !important;padding-right: 60px !important;padding-bottom: 30px !important;padding-left: 60px !important;}&#8221;][vc_column_inner padding_size=&#8221;no-padding&#8221; width=&#8221;2\/3&#8243;][wyde_heading style=&#8221;2&#8243; title_tag=&#8221;h3&#8243; title=&#8221;Ricambi disponibili per il ventilatore ACAN S&#8221; heading_color=&#8221;#000000&#8243;][vc_column_text]Il pezzo di ricambio per il ventilatore pu\u00f2 essere acquistato presso lo stesso negozio in cui \u00e8 stato acquistato il ventilatore o presso un altro negozio della stessa catena.[\/vc_column_text][vc_empty_space][wyde_info_box icon=&#8221;fa fa-check&#8221; icon_position=&#8221;left&#8221; title=&#8221;LAMPADINA + PIATTO LED&#8221;][\/wyde_info_box][wyde_info_box icon=&#8221;fa fa-check&#8221; icon_position=&#8221;left&#8221; title=&#8221;CONTROLLO REMOTO&#8221;][\/wyde_info_box][wyde_info_box icon=&#8221;fa fa-check&#8221; icon_position=&#8221;left&#8221; title=&#8221;CONTROLLORE&#8221;][\/wyde_info_box][vc_empty_space height=&#8221;20px&#8221;][\/vc_column_inner][vc_column_inner text_align=&#8221;center&#8221; width=&#8221;1\/3&#8243; background_color=&#8221;#ffffff&#8221;][vc_empty_space height=&#8221;20px&#8221;][vc_column_text]<em>Per qualsiasi domanda potete contattarci attraverso il modulo di contatto:<\/em>[\/vc_column_text][vc_empty_space height=&#8221;20px&#8221;][wyde_link_button icon_set=&#8221;simple_line&#8221; icon_simple_line=&#8221;sl-bubbles&#8221; style=&#8221;outline round&#8221; title=&#8221;Consulta&#8221; link=&#8221;url:https%3A%2F%2Farteconfort.com%2Fcontacto%2F|||&#8221; color=&#8221;#61b4e4&#8243; hover_color=&#8221;#ffffff&#8221;][vc_empty_space height=&#8221;40px&#8221;][vc_single_image alignment=&#8221;center&#8221; image=&#8221;24267&#8243;][\/vc_column_inner][\/vc_row_inner][\/vc_column][\/vc_row][vc_row][vc_column][vc_empty_space height=&#8221;80px&#8221;][\/vc_column][\/vc_row]<\/p>\n<\/div>","protected":false},"excerpt":{"rendered":"<p>Il ventilatore da soffitto a pale nascoste o retrattili ACAN M \u00e8 dotato di luce LED, memoria della temperatura di colore e una seconda luce LED orientata verso il soffitto. Ha un corpo in metallo e PP bianco, \u00e8 facile da installare e adatto a soffitti con un&#8217;inclinazione massima di 15\u00ba. Include un telecomando e un motore a corrente continua altamente efficiente e silenzioso. Le sue lame possono essere regolate su 6 livelli e la sua illuminazione a LED di diversa intensit\u00e0 gradualmente in tre diverse temperature.<br \/>\n<strong>Ref.: ACANMBL21<\/strong><\/p>\n<ul style=\"list-style-type: circle; padding-left: 80px;\">\n<li>Ventilatore a pale retrattili<\/li>\n<li>Ampio flusso d&#8217;aria<\/li>\n<li>6 velocit\u00e0 e intensit\u00e0 luminosa graduale<\/li>\n<\/ul>\n<p>[vc_row][vc_column offset=&#8221;vc_hidden-xs&#8221;][vc_empty_space height=&#8221;60px&#8221;][\/vc_column][\/vc_row][vc_row][vc_column width=&#8221;1\/3&#8243;][wyde_link_button icon_set=&#8221;simple_line&#8221; icon_simple_line=&#8221;sl-settings&#8221; style=&#8221;round&#8221; title=&#8221;Istruzioni&#8221; link=&#8221;url:https%3A%2F%2Farteconfort.com%2Fwp-content%2Fuploads%2F2025%2F04%2Fim-ACAN-FTv1-v1-contornos-2.pdf||target:%20_blank|rel:nofollow&#8221; color=&#8221;#ffffff&#8221; bg_color=&#8221;#222222&#8243;][\/vc_column][\/vc_row]<\/p>\n","protected":false},"featured_media":47127,"template":"","meta":[],"product_brand":[],"product_cat":[1482,1481],"product_tag":[],"class_list":{"0":"post-47214","1":"product","2":"type-product","3":"status-publish","4":"has-post-thumbnail","6":"product_cat-climatizzazione","7":"product_cat-ventilatori-a-soffitto","9":"first","10":"instock","11":"shipping-taxable","12":"product-type-simple"},"yoast_head":"<!-- This site is optimized with the Yoast SEO plugin v26.5 - https:\/\/yoast.com\/wordpress\/plugins\/seo\/ -->\n<title>ACAN M - Climatizzazione, Ventilatori a soffitto - Arteconfort<\/title>\n<meta name=\"description\" content=\"Il ventilatore da soffitto a pale nascoste o retrattili ACAN M \u00e8 dotato di luce LED, memoria della temperatura di colore e una seconda luce LED orientata verso il soffitto. Ha un corpo in metallo e PP bianco, \u00e8 facile da installare e adatto a soffitti con un&#039;inclinazione massima di 15\u00ba. Include un telecomando e un motore a corrente continua altamente efficiente e silenzioso. Le sue lame possono essere regolate su 6 livelli e la sua illuminazione a LED di diversa intensit\u00e0 gradualmente in tre diverse temperature. Ref.: ACANMBL21   Ventilatore a pale retrattili  Ampio flusso d&#039;aria  6 velocit\u00e0 e intensit\u00e0 luminosa graduale\" \/>\n<meta name=\"robots\" content=\"index, follow, max-snippet:-1, max-image-preview:large, max-video-preview:-1\" \/>\n<link rel=\"canonical\" href=\"https:\/\/arteconfort.com\/it\/producto\/acan-m\/\" \/>\n<meta property=\"og:locale\" content=\"it_IT\" \/>\n<meta property=\"og:type\" content=\"article\" \/>\n<meta property=\"og:title\" content=\"ACAN M - Climatizzazione, Ventilatori a soffitto - Arteconfort\" \/>\n<meta property=\"og:description\" content=\"Il ventilatore da soffitto a pale nascoste o retrattili ACAN M \u00e8 dotato di luce LED, memoria della temperatura di colore e una seconda luce LED orientata verso il soffitto. Ha un corpo in metallo e PP bianco, \u00e8 facile da installare e adatto a soffitti con un&#039;inclinazione massima di 15\u00ba. Include un telecomando e un motore a corrente continua altamente efficiente e silenzioso. Le sue lame possono essere regolate su 6 livelli e la sua illuminazione a LED di diversa intensit\u00e0 gradualmente in tre diverse temperature. Ref.: ACANMBL21   Ventilatore a pale retrattili  Ampio flusso d&#039;aria  6 velocit\u00e0 e intensit\u00e0 luminosa graduale\" \/>\n<meta property=\"og:url\" content=\"https:\/\/arteconfort.com\/it\/producto\/acan-m\/\" \/>\n<meta property=\"og:site_name\" content=\"Arteconfort\" \/>\n<meta property=\"article:modified_time\" content=\"2025-04-23T11:32:36+00:00\" \/>\n<meta property=\"og:image\" content=\"https:\/\/arteconfort.com\/wp-content\/uploads\/2025\/04\/ACAN-M-mando.webp\" \/>\n\t<meta property=\"og:image:width\" content=\"1024\" \/>\n\t<meta property=\"og:image:height\" content=\"1024\" \/>\n\t<meta property=\"og:image:type\" content=\"image\/webp\" \/>\n<meta name=\"twitter:card\" content=\"summary_large_image\" \/>\n<meta name=\"twitter:label1\" content=\"Tempo di lettura stimato\" \/>\n\t<meta name=\"twitter:data1\" content=\"2 minuti\" \/>\n<!-- \/ Yoast SEO plugin. -->","yoast_head_json":{"title":"ACAN M - Climatizzazione, Ventilatori a soffitto - Arteconfort","description":"Il ventilatore da soffitto a pale nascoste o retrattili ACAN M \u00e8 dotato di luce LED, memoria della temperatura di colore e una seconda luce LED orientata verso il soffitto. Ha un corpo in metallo e PP bianco, \u00e8 facile da installare e adatto a soffitti con un'inclinazione massima di 15\u00ba. Include un telecomando e un motore a corrente continua altamente efficiente e silenzioso. Le sue lame possono essere regolate su 6 livelli e la sua illuminazione a LED di diversa intensit\u00e0 gradualmente in tre diverse temperature. Ref.: ACANMBL21   Ventilatore a pale retrattili  Ampio flusso d'aria  6 velocit\u00e0 e intensit\u00e0 luminosa graduale","robots":{"index":"index","follow":"follow","max-snippet":"max-snippet:-1","max-image-preview":"max-image-preview:large","max-video-preview":"max-video-preview:-1"},"canonical":"https:\/\/arteconfort.com\/it\/producto\/acan-m\/","og_locale":"it_IT","og_type":"article","og_title":"ACAN M - Climatizzazione, Ventilatori a soffitto - Arteconfort","og_description":"Il ventilatore da soffitto a pale nascoste o retrattili ACAN M \u00e8 dotato di luce LED, memoria della temperatura di colore e una seconda luce LED orientata verso il soffitto. Ha un corpo in metallo e PP bianco, \u00e8 facile da installare e adatto a soffitti con un'inclinazione massima di 15\u00ba. Include un telecomando e un motore a corrente continua altamente efficiente e silenzioso. Le sue lame possono essere regolate su 6 livelli e la sua illuminazione a LED di diversa intensit\u00e0 gradualmente in tre diverse temperature. Ref.: ACANMBL21   Ventilatore a pale retrattili  Ampio flusso d'aria  6 velocit\u00e0 e intensit\u00e0 luminosa graduale","og_url":"https:\/\/arteconfort.com\/it\/producto\/acan-m\/","og_site_name":"Arteconfort","article_modified_time":"2025-04-23T11:32:36+00:00","og_image":[{"width":1024,"height":1024,"url":"https:\/\/arteconfort.com\/wp-content\/uploads\/2025\/04\/ACAN-M-mando.webp","type":"image\/webp"}],"twitter_card":"summary_large_image","twitter_misc":{"Tempo di lettura stimato":"2 minuti"},"schema":{"@context":"https:\/\/schema.org","@graph":[{"@type":"WebPage","@id":"https:\/\/arteconfort.com\/it\/producto\/acan-m\/","url":"https:\/\/arteconfort.com\/it\/producto\/acan-m\/","name":"ACAN M - Climatizzazione, Ventilatori a soffitto - Arteconfort","isPartOf":{"@id":"https:\/\/arteconfort.com\/it\/#website"},"primaryImageOfPage":{"@id":"https:\/\/arteconfort.com\/it\/producto\/acan-m\/#primaryimage"},"image":{"@id":"https:\/\/arteconfort.com\/it\/producto\/acan-m\/#primaryimage"},"thumbnailUrl":"https:\/\/arteconfort.com\/wp-content\/uploads\/2025\/04\/ACAN-M-mando.webp","datePublished":"2025-04-23T11:28:59+00:00","dateModified":"2025-04-23T11:32:36+00:00","description":"Il ventilatore da soffitto a pale nascoste o retrattili ACAN M \u00e8 dotato di luce LED, memoria della temperatura di colore e una seconda luce LED orientata verso il soffitto. Ha un corpo in metallo e PP bianco, \u00e8 facile da installare e adatto a soffitti con un'inclinazione massima di 15\u00ba. Include un telecomando e un motore a corrente continua altamente efficiente e silenzioso. Le sue lame possono essere regolate su 6 livelli e la sua illuminazione a LED di diversa intensit\u00e0 gradualmente in tre diverse temperature. Ref.: ACANMBL21 Ventilatore a pale retrattili Ampio flusso d'aria 6 velocit\u00e0 e intensit\u00e0 luminosa graduale","breadcrumb":{"@id":"https:\/\/arteconfort.com\/it\/producto\/acan-m\/#breadcrumb"},"inLanguage":"it-IT","potentialAction":[{"@type":"ReadAction","target":["https:\/\/arteconfort.com\/it\/producto\/acan-m\/"]}]},{"@type":"ImageObject","inLanguage":"it-IT","@id":"https:\/\/arteconfort.com\/it\/producto\/acan-m\/#primaryimage","url":"https:\/\/arteconfort.com\/wp-content\/uploads\/2025\/04\/ACAN-M-mando.webp","contentUrl":"https:\/\/arteconfort.com\/wp-content\/uploads\/2025\/04\/ACAN-M-mando.webp","width":1024,"height":1024},{"@type":"BreadcrumbList","@id":"https:\/\/arteconfort.com\/it\/producto\/acan-m\/#breadcrumb","itemListElement":[{"@type":"ListItem","position":1,"name":"Inicio","item":"https:\/\/arteconfort.com\/it\/"},{"@type":"ListItem","position":2,"name":"Tienda","item":"https:\/\/arteconfort.com\/?page_id=36319"},{"@type":"ListItem","position":3,"name":"ACAN M"}]},{"@type":"WebSite","@id":"https:\/\/arteconfort.com\/it\/#website","url":"https:\/\/arteconfort.com\/it\/","name":"Arteconfort","description":"Especialistas en productos del hogar","publisher":{"@id":"https:\/\/arteconfort.com\/it\/#organization"},"potentialAction":[{"@type":"SearchAction","target":{"@type":"EntryPoint","urlTemplate":"https:\/\/arteconfort.com\/it\/?s={search_term_string}"},"query-input":{"@type":"PropertyValueSpecification","valueRequired":true,"valueName":"search_term_string"}}],"inLanguage":"it-IT"},{"@type":"Organization","@id":"https:\/\/arteconfort.com\/it\/#organization","name":"Arteconfort","url":"https:\/\/arteconfort.com\/it\/","logo":{"@type":"ImageObject","inLanguage":"it-IT","@id":"https:\/\/arteconfort.com\/it\/#\/schema\/logo\/image\/","url":"https:\/\/arteconfort.com\/wp-content\/uploads\/2019\/07\/logo-arteconfort.png","contentUrl":"https:\/\/arteconfort.com\/wp-content\/uploads\/2019\/07\/logo-arteconfort.png","width":230,"height":88,"caption":"Arteconfort"},"image":{"@id":"https:\/\/arteconfort.com\/it\/#\/schema\/logo\/image\/"}}]}},"_links":{"self":[{"href":"https:\/\/arteconfort.com\/it\/wp-json\/wp\/v2\/product\/47214","targetHints":{"allow":["GET"]}}],"collection":[{"href":"https:\/\/arteconfort.com\/it\/wp-json\/wp\/v2\/product"}],"about":[{"href":"https:\/\/arteconfort.com\/it\/wp-json\/wp\/v2\/types\/product"}],"wp:featuredmedia":[{"embeddable":true,"href":"https:\/\/arteconfort.com\/it\/wp-json\/wp\/v2\/media\/47127"}],"wp:attachment":[{"href":"https:\/\/arteconfort.com\/it\/wp-json\/wp\/v2\/media?parent=47214"}],"wp:term":[{"taxonomy":"product_brand","embeddable":true,"href":"https:\/\/arteconfort.com\/it\/wp-json\/wp\/v2\/product_brand?post=47214"},{"taxonomy":"product_cat","embeddable":true,"href":"https:\/\/arteconfort.com\/it\/wp-json\/wp\/v2\/product_cat?post=47214"},{"taxonomy":"product_tag","embeddable":true,"href":"https:\/\/arteconfort.com\/it\/wp-json\/wp\/v2\/product_tag?post=47214"}],"curies":[{"name":"wp","href":"https:\/\/api.w.org\/{rel}","templated":true}]}}