{"id":10852,"date":"2019-07-30T09:24:32","date_gmt":"2019-07-30T07:24:32","guid":{"rendered":"https:\/\/arteconfort.com\/sobre-nosotros\/"},"modified":"2025-10-22T14:03:54","modified_gmt":"2025-10-22T12:03:54","slug":"sobre-nosotros","status":"publish","type":"page","link":"https:\/\/arteconfort.com\/pt-br\/sobre-nosotros\/","title":{"rendered":"Sobre n\u00f3s"},"content":{"rendered":"<div class=\"wpb-content-wrapper\"><p>[vc_row row_style=&#8221;full-width&#8221; padding_size=&#8221;no-padding&#8221; background_mode=&#8221;image&#8221; background_style=&#8221;cover&#8221; background_overlay=&#8221;color&#8221; overlay_color=&#8221;#ffffff&#8221; parallax=&#8221;parallax&#8221; background_image=&#8221;37016&#8243; bg_image_url=&#8221;https:\/\/arteconfort.com\/wp-content\/uploads\/2023\/10\/sobre-nosotros-fuerza-de-equipo.webp&#8221;][vc_column padding_size=&#8221;no-padding&#8221;][vc_empty_space height=&#8221;60px&#8221;][wyde_heading style=&#8221;11&#8243; text_align=&#8221;center&#8221; title=&#8221;Quem somos&#8221;][vc_empty_space height=&#8221;120px&#8221;][\/vc_column][\/vc_row][vc_row row_style=&#8221;full-width&#8221; padding_size=&#8221;no-padding&#8221;][vc_column offset=&#8221;vc_hidden-xs&#8221;][vc_empty_space height=&#8221;60px&#8221;][\/vc_column][\/vc_row][vc_row row_style=&#8221;full-width&#8221; vertical_align=&#8221;middle&#8221; padding_size=&#8221;no-padding&#8221;][vc_column width=&#8221;1\/6&#8243;][\/vc_column][vc_column width=&#8221;1\/3&#8243;][wyde_heading style=&#8221;2&#8243; title_tag=&#8221;h3&#8243; subheading_tag=&#8221;span&#8221; text_align=&#8221;center&#8221; title=&#8221;Grupo empresarial&#8221;][vc_column_text]A marca Arteconfort pertence a um grupo empresarial, estabelecido em 2003 e com capital 100% espanhol. Este grupo abrange os setores de efici\u00eancia energ\u00e9tica e produtos de consumo, e emprega mais de 150 profissionais.<\/p>\n<p>A experi\u00eancia e as sinergias obtidas como grupo abriram o caminho para que a Arteconfort se tornasse um l\u00edder nacional em produtos de conforto dom\u00e9stico.[\/vc_column_text][\/vc_column][vc_column width=&#8221;1\/3&#8243;][vc_row_inner][vc_column_inner width=&#8221;1\/2&#8243;][wyde_counter_box icon_set=&#8221;stroke_gap&#8221; icon_stroke_gap=&#8221;sg-CompassTool&#8221; value=&#8221;30&#8243; format=&#8221;#.###,&#8221; title=&#8221;Engenheiros&#8221; unit=&#8221;+&#8221;][\/vc_column_inner][vc_column_inner width=&#8221;1\/2&#8243;][wyde_counter_box icon_set=&#8221;stroke_gap&#8221; icon_stroke_gap=&#8221;sg-Users&#8221; value=&#8221;150&#8243; format=&#8221;#.###,&#8221; title=&#8221;Profissionais&#8221; unit=&#8221;+&#8221;][\/vc_column_inner][\/vc_row_inner][\/vc_column][vc_column width=&#8221;1\/6&#8243;][\/vc_column][\/vc_row][vc_row row_style=&#8221;full-width&#8221; padding_size=&#8221;no-padding&#8221;][vc_column offset=&#8221;vc_hidden-xs&#8221;][vc_empty_space height=&#8221;80px&#8221;][\/vc_column][\/vc_row][vc_row row_style=&#8221;full-width&#8221; padding_size=&#8221;no-padding&#8221;][vc_column][wyde_separator text_align=&#8221;center&#8221; el_width=&#8221;40%&#8221; color=&#8221;#cccccc&#8221;][\/vc_column][\/vc_row][vc_row row_style=&#8221;full-width&#8221; padding_size=&#8221;no-padding&#8221;][vc_column offset=&#8221;vc_hidden-xs&#8221;][vc_empty_space height=&#8221;80px&#8221;][\/vc_column][\/vc_row][vc_row row_style=&#8221;full-width&#8221; vertical_align=&#8221;middle&#8221; padding_size=&#8221;no-padding&#8221;][vc_column width=&#8221;1\/6&#8243;][\/vc_column][vc_column width=&#8221;1\/3&#8243; css=&#8221;.vc_custom_1598345411407{padding-right: 30px !important;padding-left: 30px !important;}&#8221;][wyde_testimonials_slider posts_query=&#8221;order_by:date|order:DESC|tax_query:67&#8243;][\/vc_column][vc_column width=&#8221;1\/3&#8243;][wyde_heading style=&#8221;2&#8243; title_tag=&#8221;h3&#8243; subheading_tag=&#8221;span&#8221; text_align=&#8221;center&#8221; title=&#8221;For\u00e7a da equipe&#8221;][vc_column_text]O crescimento cont\u00ednuo da marca e de seu pessoal nos permitiu ter os melhores profissionais do setor, incluindo mais de 30 engenheiros de diferentes espeacialidades, fortalecendo cada departamento que a comp\u00f5e.<\/p>\n<p>Como especialistas, projetamos e desenvolvemos produtos inovadores, na vanguarda da tecnologia, com o \u00fanico objetivo de melhorar a qualidade de vida das pessoas.[\/vc_column_text][\/vc_column][vc_column width=&#8221;1\/6&#8243;][\/vc_column][\/vc_row][vc_row row_style=&#8221;full-width&#8221; padding_size=&#8221;no-padding&#8221;][vc_column][vc_empty_space height=&#8221;120px&#8221;][\/vc_column][\/vc_row][vc_row row_style=&#8221;full-width&#8221; padding_size=&#8221;no-padding&#8221;][vc_column padding_size=&#8221;no-padding&#8221; background_color=&#8221;#f5f5f5&#8243;][wyde_section_separator style=&#8221;3&#8243; background_color=&#8221;#f5f5f5&#8243;][\/vc_column][\/vc_row][vc_row row_style=&#8221;full-width&#8221; padding_size=&#8221;no-padding&#8221;][vc_column background_color=&#8221;#f5f5f5&#8243;][wyde_heading style=&#8221;11&#8243; text_align=&#8221;center&#8221; title=&#8221;Instala\u00e7\u00f5es&#8221;][vc_row_inner][vc_column_inner offset=&#8221;vc_hidden-xs&#8221;][vc_empty_space height=&#8221;60px&#8221;][\/vc_column_inner][\/vc_row_inner][vc_row_inner][vc_column_inner width=&#8221;1\/6&#8243;][\/vc_column_inner][vc_column_inner width=&#8221;1\/3&#8243;][vc_single_image img_size=&#8221;aoraki-medium&#8221; style=&#8221;circle&#8221; alignment=&#8221;center&#8221; image=&#8221;36991&#8243;][vc_empty_space][wyde_heading style=&#8221;2&#8243; title_tag=&#8221;h3&#8243; subheading_tag=&#8221;span&#8221; text_align=&#8221;center&#8221; title=&#8221;Sede&#8221;][vc_column_text]Temos um centro log\u00edstico de 20.000m2 em uma localiza\u00e7\u00e3o privilegiada, atrav\u00e9s do qual oferecemos a maior velocidade de gest\u00e3o.<\/p>\n<p>Al\u00e9m disso, temos armaz\u00e9ns externos de mais de 18.000m2 para garantir um estoque permanente de produtos de alta rotatividade.[\/vc_column_text][\/vc_column_inner][vc_column_inner width=&#8221;1\/3&#8243;][vc_single_image img_size=&#8221;aoraki-medium&#8221; style=&#8221;circle&#8221; alignment=&#8221;center&#8221; image=&#8221;37011&#8243;][vc_empty_space][wyde_heading style=&#8221;2&#8243; title_tag=&#8221;h3&#8243; subheading_tag=&#8221;span&#8221; text_align=&#8221;center&#8221; title=&#8221;Showroom e laborat\u00f3rio&#8221;][vc_column_text]Nosso showroom possui mais de 150m2 onde mostramos nossa linha de produtos.<\/p>\n<p>Temos controle total da rastreabilidade do produto. Al\u00e9m dos controles de qualidade na fonte, testamos o produto na chegada em nosso laborat\u00f3rio, garantindo a m\u00e1xima efici\u00eancia e confiabilidade.[\/vc_column_text][\/vc_column_inner][vc_column_inner width=&#8221;1\/6&#8243;][\/vc_column_inner][\/vc_row_inner][vc_row_inner][vc_column_inner offset=&#8221;vc_hidden-xs&#8221;][vc_empty_space height=&#8221;60px&#8221;][\/vc_column_inner][\/vc_row_inner][\/vc_column][\/vc_row][vc_row row_style=&#8221;full-width&#8221; padding_size=&#8221;no-padding&#8221;][vc_column padding_size=&#8221;no-padding&#8221; background_color=&#8221;#f5f5f5&#8243;][wyde_section_separator style=&#8221;3&#8243; overlap=&#8221;bottom&#8221; background_color=&#8221;#f5f5f5&#8243;][\/vc_column][\/vc_row][vc_row][vc_column][wyde_heading style=&#8221;11&#8243; text_align=&#8221;center&#8221; title=&#8221;Desenvolvimento de produtos&#8221;][vc_empty_space height=&#8221;60px&#8221;][vc_row_inner][vc_column_inner width=&#8221;1\/2&#8243;][vc_single_image img_size=&#8221;aoraki-medium&#8221; style=&#8221;circle&#8221; alignment=&#8221;center&#8221; image=&#8221;37001&#8243;][vc_empty_space][wyde_heading style=&#8221;2&#8243; title_tag=&#8221;h3&#8243; subheading_tag=&#8221;span&#8221; text_align=&#8221;center&#8221; title=&#8221;I + D&#8221;][vc_column_text]Estamos em um procaesso constante de desenvolvimento de solu\u00e7\u00f5es para a casa, no qual temos controle total do processo de produ\u00e7\u00e3o de todos os componentes. Desde o projeto do prot\u00f3tipo at\u00e9 a produ\u00e7\u00e3o final.<\/p>\n<p>Nossos produtos s\u00e3o submetidos a rigorosos controles de qualidade para verificar sua efici\u00eancia e seguran\u00e7a.[\/vc_column_text][\/vc_column_inner][vc_column_inner width=&#8221;1\/2&#8243;][vc_single_image img_size=&#8221;aoraki-medium&#8221; style=&#8221;circle&#8221; alignment=&#8221;center&#8221; image=&#8221;36996&#8243;][vc_empty_space][wyde_heading style=&#8221;2&#8243; title_tag=&#8221;h3&#8243; subheading_tag=&#8221;span&#8221; text_align=&#8221;center&#8221; title=&#8221;Treinamento de produtos&#8221;][vc_column_text]A comunica\u00e7\u00e3o e as sinergias s\u00e3o um fator-chave para a melhoria, oferecendo assim produtos que atendam \u00e0s necessidades das pessoas. Dias de treinamento para nossa equipe s\u00e3o um elemento chave para melhorar esta comunica\u00e7\u00e3o.[\/vc_column_text][\/vc_column_inner][\/vc_row_inner][\/vc_column][\/vc_row][vc_row row_style=&#8221;full-width&#8221; padding_size=&#8221;no-padding&#8221;][vc_column offset=&#8221;vc_hidden-xs&#8221;][vc_empty_space height=&#8221;100px&#8221;][\/vc_column][\/vc_row][vc_row row_style=&#8221;full-width&#8221; padding_size=&#8221;no-padding&#8221;][vc_column padding_size=&#8221;no-padding&#8221; background_color=&#8221;#f5f5f5&#8243;][wyde_section_separator style=&#8221;3&#8243; background_color=&#8221;#f5f5f5&#8243;][\/vc_column][\/vc_row][vc_row row_style=&#8221;full-width&#8221; padding_size=&#8221;no-padding&#8221;][vc_column background_color=&#8221;#f5f5f5&#8243;][wyde_heading style=&#8221;11&#8243; text_align=&#8221;center&#8221; title=&#8221;Valor agregado&#8221;][vc_row_inner][vc_column_inner offset=&#8221;vc_hidden-xs&#8221;][vc_empty_space height=&#8221;60px&#8221;][\/vc_column_inner][\/vc_row_inner][vc_row_inner vertical_align=&#8221;middle&#8221;][vc_column_inner width=&#8221;1\/6&#8243;][\/vc_column_inner][vc_column_inner width=&#8221;1\/3&#8243;][vc_single_image img_size=&#8221;aoraki-medium&#8221; style=&#8221;circle&#8221; alignment=&#8221;center&#8221; image=&#8221;36986&#8243;][\/vc_column_inner][vc_column_inner width=&#8221;1\/3&#8243;][wyde_heading style=&#8221;2&#8243; title_tag=&#8221;h3&#8243; subheading_tag=&#8221;span&#8221; text_align=&#8221;center&#8221; title=&#8221;Miss\u00e3o e vis\u00e3o&#8221;][vc_column_text]Nossa longa experi\u00eancia nos posicionou como l\u00edder nacional no setor de ventila\u00e7\u00e3o de telhados e ilumina\u00e7\u00e3o solar. Isso tamb\u00e9m nos d\u00e1 a capacidade de inovar, fabricar e distribuir nosso produto em larga escala.[\/vc_column_text][vc_column_text]Atenci\u00f3n personalizada al cliente final para resoluci\u00f3n de dudas, manteniendo una buena relaci\u00f3n y mejorando su experiencia.[\/vc_column_text][\/vc_column_inner][vc_column_inner width=&#8221;1\/6&#8243;][\/vc_column_inner][\/vc_row_inner][vc_empty_space height=&#8221;60px&#8221;][\/vc_column][\/vc_row]<\/p>\n<\/div>","protected":false},"excerpt":{"rendered":"<p>[vc_row row_style=&#8221;full-width&#8221; padding_size=&#8221;no-padding&#8221; background_mode=&#8221;image&#8221; background_style=&#8221;cover&#8221; background_overlay=&#8221;color&#8221; overlay_color=&#8221;#ffffff&#8221; parallax=&#8221;parallax&#8221; background_image=&#8221;37016&#8243; bg_image_url=&#8221;https:\/\/arteconfort.com\/wp-content\/uploads\/2023\/10\/sobre-nosotros-fuerza-de-equipo.webp&#8221;][vc_column padding_size=&#8221;no-padding&#8221;][vc_empty_space height=&#8221;60px&#8221;][wyde_heading style=&#8221;11&#8243; text_align=&#8221;center&#8221; title=&#8221;Quem somos&#8221;][vc_empty_space height=&#8221;120px&#8221;][\/vc_column][\/vc_row][vc_row row_style=&#8221;full-width&#8221; padding_size=&#8221;no-padding&#8221;][vc_column offset=&#8221;vc_hidden-xs&#8221;][vc_empty_space height=&#8221;60px&#8221;][\/vc_column][\/vc_row][vc_row row_style=&#8221;full-width&#8221; vertical_align=&#8221;middle&#8221; padding_size=&#8221;no-padding&#8221;][vc_column width=&#8221;1\/6&#8243;][\/vc_column][vc_column width=&#8221;1\/3&#8243;][wyde_heading style=&#8221;2&#8243; title_tag=&#8221;h3&#8243; subheading_tag=&#8221;span&#8221; text_align=&#8221;center&#8221; title=&#8221;Grupo empresarial&#8221;][vc_column_text]A marca Arteconfort pertence a um grupo empresarial, estabelecido em 2003 e com capital 100% espanhol. Este grupo abrange os setores de efici\u00eancia energ\u00e9tica [&hellip;]<\/p>\n","protected":false},"author":1,"featured_media":0,"parent":0,"menu_order":0,"comment_status":"closed","ping_status":"closed","template":"","meta":{"footnotes":""},"class_list":["post-10852","page","type-page","status-publish","hentry"],"yoast_head":"<!-- This site is optimized with the Yoast SEO plugin v26.5 - https:\/\/yoast.com\/wordpress\/plugins\/seo\/ -->\n<title>Sobre n\u00f3s - Arteconfort<\/title>\n<meta name=\"description\" content=\"A marca Arteconfort pertence a um grupo empresarial, estabelecido em 2003 e com capital 100% espanhol. Este grupo abrange os setores de efici\u00eancia\" \/>\n<meta name=\"robots\" content=\"index, follow, max-snippet:-1, max-image-preview:large, max-video-preview:-1\" \/>\n<link rel=\"canonical\" href=\"https:\/\/arteconfort.com\/pt-br\/sobre-nosotros\/\" \/>\n<meta property=\"og:locale\" content=\"pt_BR\" \/>\n<meta property=\"og:type\" content=\"article\" \/>\n<meta property=\"og:title\" content=\"Sobre n\u00f3s - Arteconfort\" \/>\n<meta property=\"og:description\" content=\"A marca Arteconfort pertence a um grupo empresarial, estabelecido em 2003 e com capital 100% espanhol. Este grupo abrange os setores de efici\u00eancia\" \/>\n<meta property=\"og:url\" content=\"https:\/\/arteconfort.com\/pt-br\/sobre-nosotros\/\" \/>\n<meta property=\"og:site_name\" content=\"Arteconfort\" \/>\n<meta property=\"article:modified_time\" content=\"2025-10-22T12:03:54+00:00\" \/>\n<meta name=\"twitter:card\" content=\"summary_large_image\" \/>\n<meta name=\"twitter:label1\" content=\"Est. tempo de leitura\" \/>\n\t<meta name=\"twitter:data1\" content=\"3 minutos\" \/>\n<!-- \/ Yoast SEO plugin. -->","yoast_head_json":{"title":"Sobre n\u00f3s - Arteconfort","description":"A marca Arteconfort pertence a um grupo empresarial, estabelecido em 2003 e com capital 100% espanhol. Este grupo abrange os setores de efici\u00eancia","robots":{"index":"index","follow":"follow","max-snippet":"max-snippet:-1","max-image-preview":"max-image-preview:large","max-video-preview":"max-video-preview:-1"},"canonical":"https:\/\/arteconfort.com\/pt-br\/sobre-nosotros\/","og_locale":"pt_BR","og_type":"article","og_title":"Sobre n\u00f3s - Arteconfort","og_description":"A marca Arteconfort pertence a um grupo empresarial, estabelecido em 2003 e com capital 100% espanhol. Este grupo abrange os setores de efici\u00eancia","og_url":"https:\/\/arteconfort.com\/pt-br\/sobre-nosotros\/","og_site_name":"Arteconfort","article_modified_time":"2025-10-22T12:03:54+00:00","twitter_card":"summary_large_image","twitter_misc":{"Est. tempo de leitura":"3 minutos"},"schema":{"@context":"https:\/\/schema.org","@graph":[{"@type":"WebPage","@id":"https:\/\/arteconfort.com\/pt-br\/sobre-nosotros\/","url":"https:\/\/arteconfort.com\/pt-br\/sobre-nosotros\/","name":"Sobre n\u00f3s - Arteconfort","isPartOf":{"@id":"https:\/\/arteconfort.com\/pt-br\/#website"},"datePublished":"2019-07-30T07:24:32+00:00","dateModified":"2025-10-22T12:03:54+00:00","description":"A marca Arteconfort pertence a um grupo empresarial, estabelecido em 2003 e com capital 100% espanhol. Este grupo abrange os setores de efici\u00eancia","breadcrumb":{"@id":"https:\/\/arteconfort.com\/pt-br\/sobre-nosotros\/#breadcrumb"},"inLanguage":"pt-BR","potentialAction":[{"@type":"ReadAction","target":["https:\/\/arteconfort.com\/pt-br\/sobre-nosotros\/"]}]},{"@type":"BreadcrumbList","@id":"https:\/\/arteconfort.com\/pt-br\/sobre-nosotros\/#breadcrumb","itemListElement":[{"@type":"ListItem","position":1,"name":"Inicio","item":"https:\/\/arteconfort.com\/pt-br\/"},{"@type":"ListItem","position":2,"name":"Sobre n\u00f3s"}]},{"@type":"WebSite","@id":"https:\/\/arteconfort.com\/pt-br\/#website","url":"https:\/\/arteconfort.com\/pt-br\/","name":"Arteconfort","description":"Especialistas en productos del hogar","publisher":{"@id":"https:\/\/arteconfort.com\/pt-br\/#organization"},"potentialAction":[{"@type":"SearchAction","target":{"@type":"EntryPoint","urlTemplate":"https:\/\/arteconfort.com\/pt-br\/?s={search_term_string}"},"query-input":{"@type":"PropertyValueSpecification","valueRequired":true,"valueName":"search_term_string"}}],"inLanguage":"pt-BR"},{"@type":"Organization","@id":"https:\/\/arteconfort.com\/pt-br\/#organization","name":"Arteconfort","url":"https:\/\/arteconfort.com\/pt-br\/","logo":{"@type":"ImageObject","inLanguage":"pt-BR","@id":"https:\/\/arteconfort.com\/pt-br\/#\/schema\/logo\/image\/","url":"https:\/\/arteconfort.com\/wp-content\/uploads\/2019\/07\/logo-arteconfort.png","contentUrl":"https:\/\/arteconfort.com\/wp-content\/uploads\/2019\/07\/logo-arteconfort.png","width":230,"height":88,"caption":"Arteconfort"},"image":{"@id":"https:\/\/arteconfort.com\/pt-br\/#\/schema\/logo\/image\/"}}]}},"_links":{"self":[{"href":"https:\/\/arteconfort.com\/pt-br\/wp-json\/wp\/v2\/pages\/10852","targetHints":{"allow":["GET"]}}],"collection":[{"href":"https:\/\/arteconfort.com\/pt-br\/wp-json\/wp\/v2\/pages"}],"about":[{"href":"https:\/\/arteconfort.com\/pt-br\/wp-json\/wp\/v2\/types\/page"}],"author":[{"embeddable":true,"href":"https:\/\/arteconfort.com\/pt-br\/wp-json\/wp\/v2\/users\/1"}],"replies":[{"embeddable":true,"href":"https:\/\/arteconfort.com\/pt-br\/wp-json\/wp\/v2\/comments?post=10852"}],"version-history":[{"count":2,"href":"https:\/\/arteconfort.com\/pt-br\/wp-json\/wp\/v2\/pages\/10852\/revisions"}],"predecessor-version":[{"id":51020,"href":"https:\/\/arteconfort.com\/pt-br\/wp-json\/wp\/v2\/pages\/10852\/revisions\/51020"}],"wp:attachment":[{"href":"https:\/\/arteconfort.com\/pt-br\/wp-json\/wp\/v2\/media?parent=10852"}],"curies":[{"name":"wp","href":"https:\/\/api.w.org\/{rel}","templated":true}]}}