{"id":12284,"date":"2020-12-15T10:37:32","date_gmt":"2020-12-15T09:37:32","guid":{"rendered":"https:\/\/arteconfort.com\/politica-de-sostenibilidad\/"},"modified":"2024-09-05T09:23:28","modified_gmt":"2024-09-05T07:23:28","slug":"politica-de-sostenibilidad","status":"publish","type":"page","link":"https:\/\/arteconfort.com\/pt-br\/politica-de-sostenibilidad\/","title":{"rendered":"Pol\u00edtica de sustentabilidade"},"content":{"rendered":"<div class=\"wpb-content-wrapper\"><p>[vc_row][vc_column][vc_column_text]Nosso compromisso com a qualidade, o meio ambiente, o desempenho energ\u00e9tico e a seguran\u00e7a ocupacional.[\/vc_column_text][vc_empty_space height=&#8221;60px&#8221;][wyde_heading style=&#8221;2&#8243; title_tag=&#8221;h3&#8243; subheading_tag=&#8221;span&#8221; text_align=&#8221;center&#8221; title=&#8221;Sistema de gest\u00e3o&#8221;][vc_column_text]A qualidade se manifesta em cada uma de nossas a\u00e7\u00f5es e nos acompanha em tudo o que fazemos. Assim, cada membro de nossa empresa assume sua miss\u00e3o como pr\u00f3pria, com o objetivo de garantir a promessa de qualidade em nossos produtos.<\/p>\n<p>Como resultado de estos compromisos, Arteconfort se encuentra en proceso de implantaci\u00f3n de forma estrat\u00e9gica en todas las actividades de nuestra organizaci\u00f3n un sistema de calidad, medioambiente, energ\u00eda y seguridad laboral, dentro del \u201cDise\u00f1o y comercializaci\u00f3n de la tecnolog\u00eda del hogar y decoraci\u00f3n\u201d y de acuerdo con las normas:[\/vc_column_text][vc_empty_space height=&#8221;60px&#8221;][vc_row_inner][vc_column_inner text_align=&#8221;center&#8221; width=&#8221;1\/3&#8243;][vc_empty_space][vc_single_image img_size=&#8221;medium&#8221; alignment=&#8221;center&#8221; onclick=&#8221;custom_link&#8221; link_target=&#8221;_blank&#8221; image=&#8221;14341&#8243; link=&#8221;https:\/\/www.sgs.com\/en\/certified-clients-and-products&#8221;][vc_empty_space height=&#8221;60px&#8221;][vc_column_text]<\/p>\n<p style=\"text-align: center;\"><a href=\"https:\/\/www.sgs.com\/en\/certified-clients-and-products\" target=\"_blank\" rel=\"noopener noreferrer\"><strong>ISO 9001:2015<\/strong><\/a><\/p>\n<p>[\/vc_column_text][vc_empty_space][vc_column_text]<\/p>\n<p style=\"text-align: center;\"><a href=\"https:\/\/www.sgs.com\/en\/certified-clients-and-products\" target=\"_blank\" rel=\"noopener noreferrer\"><strong>Sistemas de gest\u00e3o de qualidade<\/strong><\/a><\/p>\n<p>[\/vc_column_text][vc_empty_space][vc_column_text]<\/p>\n<p style=\"text-align: center;\">O objectivo desta norma ISO \u00e9 assegurar que a empresa atinja a satisfa\u00e7\u00e3o do cliente atrav\u00e9s de processos de melhoria. Portanto, uma empresa que tenha recebido este certificado significa que cumpre realmente os padr\u00f5es de qualidade.<\/p>\n<p>[\/vc_column_text][vc_empty_space height=&#8221;60px&#8221;][wyde_link_button style=&#8221;outline round&#8221; size=&#8221;large&#8221; title=&#8221;Ver certificado&#8221; link=&#8221;url:https%3A%2F%2Farteconfort.com%2Fwp-content%2Fuploads%2F2021%2F09%2FISO-9001.2015-21.09.24.pdf||target:%20_blank|&#8221; color=&#8221;#222222&#8243;][vc_empty_space height=&#8221;100px&#8221;][\/vc_column_inner][vc_column_inner text_align=&#8221;center&#8221; width=&#8221;1\/3&#8243;][vc_empty_space][vc_single_image img_size=&#8221;medium&#8221; alignment=&#8221;center&#8221; onclick=&#8221;custom_link&#8221; link_target=&#8221;_blank&#8221; image=&#8221;14346&#8243; link=&#8221;https:\/\/www.sgs.com\/en\/certified-clients-and-products&#8221;][vc_empty_space height=&#8221;60px&#8221;][vc_column_text]<\/p>\n<p style=\"text-align: center;\"><a href=\"https:\/\/www.sgs.com\/en\/certified-clients-and-products\" target=\"_blank\" rel=\"noopener noreferrer\"><strong>ISO 50001:2018<\/strong><\/a><\/p>\n<p>[\/vc_column_text][vc_empty_space][vc_column_text]<\/p>\n<p style=\"text-align: center;\"><a href=\"https:\/\/www.sgs.com\/en\/certified-clients-and-products\" target=\"_blank\" rel=\"noopener noreferrer\"><strong>Sistemas de gest\u00e3o de energia<\/strong><\/a><\/p>\n<p>[\/vc_column_text][vc_empty_space][vc_column_text]<\/p>\n<p style=\"text-align: center;\">O objectivo desta norma \u00e9 que qualquer empresa que receba o certificado possa demonstrar que trabalha para reduzir o consumo de energia e as emiss\u00f5es de CO2, optimiza os seus recursos de uma perspectiva energ\u00e9tica e promove as boas pr\u00e1ticas de gest\u00e3o de energia estabelecidas pela organiza\u00e7\u00e3o, entre outros objectivos.<\/p>\n<p>[\/vc_column_text][vc_empty_space height=&#8221;60px&#8221;][wyde_link_button style=&#8221;outline round&#8221; size=&#8221;large&#8221; title=&#8221;Ver certificado&#8221; link=&#8221;url:https%3A%2F%2Farteconfort.com%2Fwp-content%2Fuploads%2F2021%2F09%2FISO-50001.2018-21.09.24.pdf||target:%20_blank|&#8221; color=&#8221;#222222&#8243;][vc_empty_space height=&#8221;100px&#8221;][\/vc_column_inner][vc_column_inner text_align=&#8221;center&#8221; width=&#8221;1\/3&#8243;][vc_empty_space][vc_single_image img_size=&#8221;medium&#8221; alignment=&#8221;center&#8221; onclick=&#8221;custom_link&#8221; link_target=&#8221;_blank&#8221; image=&#8221;14331&#8243; link=&#8221;https:\/\/www.sgs.com\/en\/certified-clients-and-products&#8221;][vc_empty_space height=&#8221;60px&#8221;][vc_column_text]<\/p>\n<p style=\"text-align: center;\"><a href=\"https:\/\/www.sgs.com\/en\/certified-clients-and-products\" target=\"_blank\" rel=\"noopener noreferrer\"><strong>ISO 14001:2015<\/strong><\/a><\/p>\n<p>[\/vc_column_text][vc_empty_space][vc_column_text]<\/p>\n<p style=\"text-align: center;\"><a href=\"https:\/\/www.sgs.com\/en\/certified-clients-and-products\" target=\"_blank\" rel=\"noopener noreferrer\"><strong>Sistemas de gest\u00e3o ambiental<\/strong><\/a><\/p>\n<p>[\/vc_column_text][vc_empty_space][vc_column_text]<\/p>\n<p style=\"text-align: center;\">A prioridade desta norma \u00e9 identificar e gerenciar os riscos ambientais potenciais que podem ser gerados pela empresa. Sua implementa\u00e7\u00e3o posiciona a empresa como socialmente respons\u00e1vel, pois demonstra que \u00e9 capaz de otimizar a gest\u00e3o de recursos e res\u00edduos, conseguindo reduzir o impacto ambiental negativo de sua atividade.<\/p>\n<p>[\/vc_column_text][vc_empty_space height=&#8221;60px&#8221;][wyde_link_button style=&#8221;outline round&#8221; size=&#8221;large&#8221; title=&#8221;Ver certificado&#8221; link=&#8221;url:https%3A%2F%2Farteconfort.com%2Fwp-content%2Fuploads%2F2021%2F09%2FISO-14001.2015-21.09.2024.pdf||target:%20_blank|&#8221; color=&#8221;#222222&#8243;][vc_empty_space height=&#8221;100px&#8221;][\/vc_column_inner][\/vc_row_inner][vc_row_inner][vc_column_inner text_align=&#8221;center&#8221; width=&#8221;1\/3&#8243;][vc_empty_space][vc_single_image img_size=&#8221;medium&#8221; alignment=&#8221;center&#8221; onclick=&#8221;custom_link&#8221; link_target=&#8221;_blank&#8221; image=&#8221;14336&#8243; link=&#8221;https:\/\/www.sgs.com\/en\/certified-clients-and-products&#8221;][vc_empty_space height=&#8221;60px&#8221;][vc_column_text]<\/p>\n<p style=\"text-align: center;\"><a href=\"https:\/\/www.sgs.com\/en\/certified-clients-and-products\" target=\"_blank\" rel=\"noopener noreferrer\"><strong>ISO 45001:2018<\/strong><\/a><\/p>\n<p>[\/vc_column_text][vc_empty_space][vc_column_text]<\/p>\n<p style=\"text-align: center;\"><a href=\"https:\/\/www.sgs.com\/en\/certified-clients-and-products\" target=\"_blank\" rel=\"noopener noreferrer\"><strong>Sistemas de gest\u00e3o de sa\u00fade e seguran\u00e7a ocupacional<\/strong><\/a><\/p>\n<p>[\/vc_column_text][vc_empty_space][vc_column_text]<\/p>\n<p style=\"text-align: center;\">Como as outras, esta norma \u00e9 essencial, pois estabelece uma estrutura para gerenciar a seguran\u00e7a e a sa\u00fade dos trabalhadores. Tamb\u00e9m fornece os requisitos para estabelecer um sistema apropriado de gest\u00e3o de sa\u00fade e seguran\u00e7a ocupacional para proteger as pessoas de potenciais riscos ocupacionais.<\/p>\n<p>[\/vc_column_text][vc_empty_space height=&#8221;60px&#8221;][wyde_link_button style=&#8221;outline round&#8221; size=&#8221;large&#8221; title=&#8221;Ver certificado&#8221; link=&#8221;url:https%3A%2F%2Farteconfort.com%2Fwp-content%2Fuploads%2F2021%2F09%2FISO-45001.2018-22.09.24.pdf||target:%20_blank|&#8221; color=&#8221;#222222&#8243;][vc_empty_space height=&#8221;100px&#8221;][\/vc_column_inner][vc_column_inner text_align=&#8221;center&#8221; width=&#8221;1\/3&#8243; offset=&#8221;vc_hidden-lg vc_hidden-md vc_hidden-sm vc_hidden-xs&#8221;][vc_empty_space][vc_single_image alignment=&#8221;center&#8221; onclick=&#8221;custom_link&#8221; link_target=&#8221;_blank&#8221; image=&#8221;43291&#8243; link=&#8221;https:\/\/www.sgs.com\/en\/certified-clients-and-products&#8221;][vc_empty_space height=&#8221;60px&#8221;][vc_column_text]<\/p>\n<p style=\"text-align: center;\"><a href=\"https:\/\/www.sgs.com\/en\/certified-clients-and-products\" target=\"_blank\" rel=\"noopener noreferrer\"><strong>FORESTRY<\/strong><\/a><\/p>\n<p>[\/vc_column_text][vc_empty_space][vc_column_text]<\/p>\n<p style=\"text-align: center;\"><a href=\"https:\/\/www.sgs.com\/en\/certified-clients-and-products\" target=\"_blank\" rel=\"noopener noreferrer\"><strong>Certificado de cadeia de cust\u00f3dia FSC\u00ae<\/strong><\/a><\/p>\n<p>[\/vc_column_text][vc_empty_space][vc_column_text]<\/p>\n<p style=\"text-align: center;\">Esse certificado garante que a rastreabilidade dos produtos da empresa provenientes de florestas certificadas pelo FSC\u00ae foi verificada e comprovada. Do in\u00edcio ao fim, da floresta ao consumidor. Assim, garante que os requisitos de rastreabilidade dos produtos certificados pelo FSC\u00ae sejam atendidos.<\/p>\n<p>[\/vc_column_text][vc_empty_space height=&#8221;60px&#8221;][wyde_link_button style=&#8221;outline round&#8221; size=&#8221;large&#8221; title=&#8221;Ver certificado&#8221; link=&#8221;url:https%3A%2F%2Farteconfort.com%2Fwp-content%2Fuploads%2F2024%2F08%2Fcertificado-FSC-Arteconfort-ESMAD-000844-CertificateFSC.pdf|target:_blank&#8221; color=&#8221;#222222&#8243;][vc_empty_space height=&#8221;100px&#8221;][\/vc_column_inner][vc_column_inner text_align=&#8221;center&#8221; width=&#8221;1\/3&#8243;][\/vc_column_inner][\/vc_row_inner][\/vc_column][\/vc_row][vc_row][vc_column][wyde_heading style=&#8221;2&#8243; title_tag=&#8221;h3&#8243; subheading_tag=&#8221;span&#8221; text_align=&#8221;center&#8221; title=&#8221;Sustentabilidade&#8221;][vc_column_text]Qualidade e compromisso com o meio ambiente, desempenho energ\u00e9tico e seguran\u00e7a no trabalho s\u00e3o elementos diferenciadores e reconhecidos pela Arteconfort desde o in\u00edcio de sua atividade, integrando em sua estrutura um sistema de gest\u00e3o integral, como um requisito indispens\u00e1vel para garantir seus resultados de forma consistente, com foco na sustentabilidade em toda nossa atividade, levando em conta os aspectos econ\u00f4micos, ambientais e sociais, com uma vis\u00e3o permanente para a melhoria cont\u00ednua de todos os processos.<\/p>\n<p>Na Arteconfort, definimos nossa pol\u00edtica de Qualidade, Meio Ambiente, Energia e Seguran\u00e7a no Trabalho, aplicando-a a todas as nossas atividades. Com ela buscamos alcan\u00e7ar a lideran\u00e7a no mercado de decora\u00e7\u00e3o de tecnologia dom\u00e9stica, promovendo a cultura de melhoria cont\u00ednua e excel\u00eancia na gest\u00e3o com o objetivo de aumentar a competitividade e a cria\u00e7\u00e3o de valor, oferecendo solu\u00e7\u00f5es adaptadas \u00e0s necessidades de nossos clientes, sempre sob a premissa de prote\u00e7\u00e3o ambiental, melhoria do desempenho energ\u00e9tico e preven\u00e7\u00e3o de riscos ocupacionais.[\/vc_column_text][vc_empty_space height=&#8221;60px&#8221;][\/vc_column][\/vc_row][vc_row][vc_column][wyde_action_box style=&#8221;outline round&#8221; title=&#8221;Pol\u00edtica de Compromisso da Cadeia de Cust\u00f3dia do FSC\u00ae&#8221; button_text=&#8221;VER O DOCUMENTO&#8221; color=&#8221;#61b4e4&#8243; hover_color=&#8221;#ffffff&#8221; bg_color=&#8221;#f5f5f5&#8243; link=&#8221;url:https%3A%2F%2Farteconfort.com%2Fwp-content%2Fuploads%2F2024%2F08%2Fpolitica-FSC-2024.pdf|target:_blank&#8221; css=&#8221;.vc_custom_1724755837394{background-color: #f5f5f5 !important;}&#8221;][\/wyde_action_box][vc_empty_space height=&#8221;60px&#8221;][\/vc_column][\/vc_row][vc_row][vc_column][wyde_heading style=&#8221;2&#8243; title_tag=&#8221;h3&#8243; subheading_tag=&#8221;span&#8221; text_align=&#8221;center&#8221; title=&#8221;Compromissos&#8221;][vc_column_text]<\/p>\n<ul>\n<li><strong>Identificar as necessidades e expectativas de nossos clientes<\/strong>, com o compromisso de que nossos produtos, servi\u00e7os, sistemas e processos estejam sempre orientados para alcan\u00e7ar a plena satisfa\u00e7\u00e3o de nossos clientes.<\/li>\n<li><strong>Garantir a conserva\u00e7\u00e3o e prote\u00e7\u00e3o do meio ambiente<\/strong>, minimizando os poss\u00edveis impactos ambientais das atividades da organiza\u00e7\u00e3o.<\/li>\n<li>Apoiar a aquisi\u00e7\u00e3o de produtos e<strong> servi\u00e7os energeticamente eficientes<\/strong> e o projeto para melhorar o desempenho energ\u00e9tico.<\/li>\n<li>Para garantir <strong>a sa\u00fade e a seguran\u00e7a das pessoas<\/strong> que fazem parte da Organiza\u00e7\u00e3o.<\/li>\n<\/ul>\n<p>[\/vc_column_text][vc_empty_space height=&#8221;60px&#8221;][\/vc_column][\/vc_row][vc_row][vc_column][wyde_action_box style=&#8221;outline round&#8221; title=&#8221;Pol\u00edtica IMS&#8221; button_text=&#8221;VER O DOCUMENTO&#8221; color=&#8221;#61b4e4&#8243; hover_color=&#8221;#ffffff&#8221; bg_color=&#8221;#f5f5f5&#8243; link=&#8221;url:https%3A%2F%2Farteconfort.com%2Fwp-content%2Fuploads%2F2023%2F06%2Fpolitica-del-SGI-SG-AH-PGQ-001-Rev01-1.pdf||target:%20_blank|&#8221; css=&#8221;.vc_custom_1686776492454{background-color: #f5f5f5 !important;}&#8221;][\/wyde_action_box][vc_empty_space height=&#8221;60px&#8221;][\/vc_column][\/vc_row][vc_row][vc_column][wyde_heading style=&#8221;2&#8243; title_tag=&#8221;h3&#8243; subheading_tag=&#8221;span&#8221; text_align=&#8221;center&#8221; title=&#8221;Taxas de REEE&#8221;][vc_row_inner][vc_column_inner width=&#8221;2\/3&#8243;][vc_column_text]O Decreto Real 110\/2015, de 20 de fevereiro, sobre res\u00edduos de equipamentos el\u00e9tricos e eletr\u00f4nicos, visa, entre outras coisas, controlar a gera\u00e7\u00e3o de res\u00edduos deste tipo de equipamento e garantir sua correta gest\u00e3o ambiental uma vez que sua vida \u00fatil tenha terminado.<\/p>\n<p>O s\u00edmbolo que indica a coleta separada de EEE \u00e9 mostrado abaixo. Este s\u00edmbolo ser\u00e1 vis\u00edvel em nossos produtos.[\/vc_column_text][\/vc_column_inner][vc_column_inner width=&#8221;1\/3&#8243;][vc_single_image alignment=&#8221;center&#8221; image=&#8221;8511&#8243;][\/vc_column_inner][\/vc_row_inner][vc_empty_space][vc_column_text]Nossa tecnologia dom\u00e9stica \u00e9 feita de materiais que podemos recuperar e reciclar no interesse do meio ambiente.<\/p>\n<p>A Arteconfort \u00e9 aderida a um Sistema de Gest\u00e3o Integrado (IMS), atrav\u00e9s do qual gerenciamos a coleta, tratamento e descarte dos REEE gerados por nossa atividade de forma sustent\u00e1vel. Al\u00e9m disso, inclu\u00edmos o custo deste servi\u00e7o em nosso pre\u00e7o, nossos clientes n\u00e3o t\u00eam que adicionar nenhum custo adicional aos nossos produtos, n\u00f3s os assumimos.[\/vc_column_text][\/vc_column][\/vc_row]<\/p>\n<\/div>","protected":false},"excerpt":{"rendered":"<p>[vc_row][vc_column][vc_column_text]Nosso compromisso com a qualidade, o meio ambiente, o desempenho energ\u00e9tico e a seguran\u00e7a ocupacional.[\/vc_column_text][vc_empty_space height=&#8221;60px&#8221;][wyde_heading style=&#8221;2&#8243; title_tag=&#8221;h3&#8243; subheading_tag=&#8221;span&#8221; text_align=&#8221;center&#8221; title=&#8221;Sistema de gest\u00e3o&#8221;][vc_column_text]A qualidade se manifesta em cada uma de nossas a\u00e7\u00f5es e nos acompanha em tudo o que fazemos. Assim, cada membro de nossa empresa assume sua miss\u00e3o como pr\u00f3pria, com o objetivo de [&hellip;]<\/p>\n","protected":false},"author":1,"featured_media":0,"parent":0,"menu_order":0,"comment_status":"closed","ping_status":"closed","template":"","meta":{"footnotes":""},"class_list":["post-12284","page","type-page","status-publish","hentry"],"yoast_head":"<!-- This site is optimized with the Yoast SEO plugin v26.5 - https:\/\/yoast.com\/wordpress\/plugins\/seo\/ -->\n<title>Pol\u00edtica de sustentabilidade - Arteconfort<\/title>\n<meta name=\"description\" content=\"Nosso compromisso com a qualidade, o meio ambiente, o desempenho energ\u00e9tico e a seguran\u00e7a ocupacional.A qualidade se manifesta em cada uma de nossas a\u00e7\u00f5es\" \/>\n<meta name=\"robots\" content=\"index, follow, max-snippet:-1, max-image-preview:large, max-video-preview:-1\" \/>\n<link rel=\"canonical\" href=\"https:\/\/arteconfort.com\/pt-br\/politica-de-sostenibilidad\/\" \/>\n<meta property=\"og:locale\" content=\"pt_BR\" \/>\n<meta property=\"og:type\" content=\"article\" \/>\n<meta property=\"og:title\" content=\"Pol\u00edtica de sustentabilidade - Arteconfort\" \/>\n<meta property=\"og:description\" content=\"Nosso compromisso com a qualidade, o meio ambiente, o desempenho energ\u00e9tico e a seguran\u00e7a ocupacional.A qualidade se manifesta em cada uma de nossas a\u00e7\u00f5es\" \/>\n<meta property=\"og:url\" content=\"https:\/\/arteconfort.com\/pt-br\/politica-de-sostenibilidad\/\" \/>\n<meta property=\"og:site_name\" content=\"Arteconfort\" \/>\n<meta property=\"article:modified_time\" content=\"2024-09-05T07:23:28+00:00\" \/>\n<meta name=\"twitter:card\" content=\"summary_large_image\" \/>\n<meta name=\"twitter:label1\" content=\"Est. tempo de leitura\" \/>\n\t<meta name=\"twitter:data1\" content=\"6 minutos\" \/>\n<!-- \/ Yoast SEO plugin. -->","yoast_head_json":{"title":"Pol\u00edtica de sustentabilidade - Arteconfort","description":"Nosso compromisso com a qualidade, o meio ambiente, o desempenho energ\u00e9tico e a seguran\u00e7a ocupacional.A qualidade se manifesta em cada uma de nossas a\u00e7\u00f5es","robots":{"index":"index","follow":"follow","max-snippet":"max-snippet:-1","max-image-preview":"max-image-preview:large","max-video-preview":"max-video-preview:-1"},"canonical":"https:\/\/arteconfort.com\/pt-br\/politica-de-sostenibilidad\/","og_locale":"pt_BR","og_type":"article","og_title":"Pol\u00edtica de sustentabilidade - Arteconfort","og_description":"Nosso compromisso com a qualidade, o meio ambiente, o desempenho energ\u00e9tico e a seguran\u00e7a ocupacional.A qualidade se manifesta em cada uma de nossas a\u00e7\u00f5es","og_url":"https:\/\/arteconfort.com\/pt-br\/politica-de-sostenibilidad\/","og_site_name":"Arteconfort","article_modified_time":"2024-09-05T07:23:28+00:00","twitter_card":"summary_large_image","twitter_misc":{"Est. tempo de leitura":"6 minutos"},"schema":{"@context":"https:\/\/schema.org","@graph":[{"@type":"WebPage","@id":"https:\/\/arteconfort.com\/pt-br\/politica-de-sostenibilidad\/","url":"https:\/\/arteconfort.com\/pt-br\/politica-de-sostenibilidad\/","name":"Pol\u00edtica de sustentabilidade - Arteconfort","isPartOf":{"@id":"https:\/\/arteconfort.com\/pt-br\/#website"},"datePublished":"2020-12-15T09:37:32+00:00","dateModified":"2024-09-05T07:23:28+00:00","description":"Nosso compromisso com a qualidade, o meio ambiente, o desempenho energ\u00e9tico e a seguran\u00e7a ocupacional.A qualidade se manifesta em cada uma de nossas a\u00e7\u00f5es","breadcrumb":{"@id":"https:\/\/arteconfort.com\/pt-br\/politica-de-sostenibilidad\/#breadcrumb"},"inLanguage":"pt-BR","potentialAction":[{"@type":"ReadAction","target":["https:\/\/arteconfort.com\/pt-br\/politica-de-sostenibilidad\/"]}]},{"@type":"BreadcrumbList","@id":"https:\/\/arteconfort.com\/pt-br\/politica-de-sostenibilidad\/#breadcrumb","itemListElement":[{"@type":"ListItem","position":1,"name":"Inicio","item":"https:\/\/arteconfort.com\/pt-br\/"},{"@type":"ListItem","position":2,"name":"Pol\u00edtica de sustentabilidade"}]},{"@type":"WebSite","@id":"https:\/\/arteconfort.com\/pt-br\/#website","url":"https:\/\/arteconfort.com\/pt-br\/","name":"Arteconfort","description":"Especialistas en productos del hogar","publisher":{"@id":"https:\/\/arteconfort.com\/pt-br\/#organization"},"potentialAction":[{"@type":"SearchAction","target":{"@type":"EntryPoint","urlTemplate":"https:\/\/arteconfort.com\/pt-br\/?s={search_term_string}"},"query-input":{"@type":"PropertyValueSpecification","valueRequired":true,"valueName":"search_term_string"}}],"inLanguage":"pt-BR"},{"@type":"Organization","@id":"https:\/\/arteconfort.com\/pt-br\/#organization","name":"Arteconfort","url":"https:\/\/arteconfort.com\/pt-br\/","logo":{"@type":"ImageObject","inLanguage":"pt-BR","@id":"https:\/\/arteconfort.com\/pt-br\/#\/schema\/logo\/image\/","url":"https:\/\/arteconfort.com\/wp-content\/uploads\/2019\/07\/logo-arteconfort.png","contentUrl":"https:\/\/arteconfort.com\/wp-content\/uploads\/2019\/07\/logo-arteconfort.png","width":230,"height":88,"caption":"Arteconfort"},"image":{"@id":"https:\/\/arteconfort.com\/pt-br\/#\/schema\/logo\/image\/"}}]}},"_links":{"self":[{"href":"https:\/\/arteconfort.com\/pt-br\/wp-json\/wp\/v2\/pages\/12284","targetHints":{"allow":["GET"]}}],"collection":[{"href":"https:\/\/arteconfort.com\/pt-br\/wp-json\/wp\/v2\/pages"}],"about":[{"href":"https:\/\/arteconfort.com\/pt-br\/wp-json\/wp\/v2\/types\/page"}],"author":[{"embeddable":true,"href":"https:\/\/arteconfort.com\/pt-br\/wp-json\/wp\/v2\/users\/1"}],"replies":[{"embeddable":true,"href":"https:\/\/arteconfort.com\/pt-br\/wp-json\/wp\/v2\/comments?post=12284"}],"version-history":[{"count":0,"href":"https:\/\/arteconfort.com\/pt-br\/wp-json\/wp\/v2\/pages\/12284\/revisions"}],"wp:attachment":[{"href":"https:\/\/arteconfort.com\/pt-br\/wp-json\/wp\/v2\/media?parent=12284"}],"curies":[{"name":"wp","href":"https:\/\/api.w.org\/{rel}","templated":true}]}}