{"id":12759,"date":"2020-09-08T11:43:25","date_gmt":"2020-09-08T09:43:25","guid":{"rendered":"https:\/\/arteconfort.com\/preguntas-frecuentes\/"},"modified":"2021-08-10T08:00:32","modified_gmt":"2021-08-10T06:00:32","slug":"preguntas-frecuentes","status":"publish","type":"page","link":"https:\/\/arteconfort.com\/pt-br\/preguntas-frecuentes\/","title":{"rendered":"Perguntas mais freq\u00fcentes"},"content":{"rendered":"<div class=\"wpb-content-wrapper\"><p>[vc_row padding_size=&#8221;no-padding&#8221;][vc_column][vc_empty_space height=&#8221;60px&#8221;][wyde_tabs][wyde_tab icon_set=&#8221;simple_line&#8221; icon_simple_line=&#8221;sl-info&#8221; title=&#8221;Informa\u00e7\u00f5es gerais&#8221; tab_id=&#8221;1599131858190-6&#8243;][vc_empty_space][vc_row_inner][vc_column_inner][wyde_toggle title=&#8221;ATENDIMENTO AO CLIENTE&#8221;][wyde_heading style=&#8221;5&#8243; title_tag=&#8221;h4&#8243; title=&#8221;Como posso entrar em contato com voc\u00ea?&#8221; subheading=&#8221;01 &#8220;]<\/p>\n<p>Buscamos melhorar a qualidade de vida e o conforto das pessoas em suas casas e valorizamos sua satisfa\u00e7\u00e3o. Por este motivo, temos dois canais de comunica\u00e7\u00e3o direta atrav\u00e9s dos quais voc\u00ea pode entrar em contato conosco:<\/p>\n<p>&nbsp;<\/p>\n<ul>\n<li><strong>E-mail<\/strong>: atrav\u00e9s do <a href=\"https:\/\/arteconfort.com\/pt-br\/contacto\/\" target=\"_blank\" rel=\"noopener noreferrer\">formul\u00e1rio de contato<\/a> em nosso site.<\/li>\n<li><strong>Telefone<\/strong>: atrav\u00e9s do n\u00famero 91 801 25 76.<\/li>\n<\/ul>\n<p>&nbsp;<\/p>\n<p>[wyde_heading style=&#8221;5&#8243; title_tag=&#8221;h4&#8243; title=&#8221;Voc\u00ea tem servi\u00e7o t\u00e9cnico no local?&#8221; subheading=&#8221;02 &#8220;]<\/p>\n<p>Como empresa fabricante, vendemos nossos produtos atrav\u00e9s de grandes supermercados, e \u00e9 por isso que n\u00e3o temos um servi\u00e7o t\u00e9cnico em casa.[\/wyde_toggle][wyde_toggle title=&#8221;COMPRAR&#8221;][wyde_heading style=&#8221;5&#8243; title_tag=&#8221;h4&#8243; title=&#8221;Como posso comprar produtos Arteconfort?&#8221; subheading=&#8221;01 &#8220;]<\/p>\n<p>Voc\u00ea pode adquirir nossos produtos de maneira \u00fanica e exclusiva nas lojas LEROY MERLIN, BAUHAUS ou CONFORAMA.[\/wyde_toggle][\/vc_column_inner][\/vc_row_inner][\/wyde_tab][wyde_tab icon_set=&#8221;simple_line&#8221; icon_simple_line=&#8221;sl-bulb&#8221; title=&#8221;Iluminaci\u00f3n LED&#8221; tab_id=&#8221;1599133323358-3-3&#8243;][vc_empty_space][vc_row_inner][vc_column_inner][wyde_toggle title=&#8221;CARACTER\u00cdSTICAS&#8221;][wyde_heading style=&#8221;5&#8243; title_tag=&#8221;h4&#8243; title=&#8221;O que \u00e9 ilumina\u00e7\u00e3o LED?&#8221; subheading=&#8221;01 &#8220;]<\/p>\n<p>Uma fonte de luz LED \u00e9 um <strong>diodo emissor de luz<\/strong> (LED) que consiste em um material semicondutor capaz de gerar luz quando uma corrente el\u00e9trica \u00e9 aplicada a ele. Os primeiros LEDs emitiam uma luz fraca e eram utilizados em componentes eletr\u00f4nicos como indicadores. A evolu\u00e7\u00e3o e o desenvolvimento desta tecnologia melhorou a qualidade da luz emitida, tornando-a o sistema de ilumina\u00e7\u00e3o predominante utilizado em uma variedade de aplica\u00e7\u00f5es.<\/p>\n<p>&nbsp;<\/p>\n<p>A ilumina\u00e7\u00e3o LED se destaca por sua <strong>efici\u00eancia<\/strong> com menor consumo de energia e maior durabilidade em compara\u00e7\u00e3o \u00e0s fontes de luz convencionais, al\u00e9m de ser menos poluente e gerar menos calor. Isto permitiu que os LEDs empurrassem outras tecnologias obsoletas para fora do mercado.<\/p>\n<p>&nbsp;<\/p>\n<p>Gra\u00e7as aos LEDs, termos como<strong> temperatura de cor, fluxo luminoso, renderiza\u00e7\u00e3o de cor e l\u00famens se tornaram difundidos e bem conhecidos<\/strong>. Isto permite que todos fa\u00e7am melhor uso da ilumina\u00e7\u00e3o em suas casas.<\/p>\n<p>&nbsp;<\/p>\n<p>[wyde_heading style=&#8221;5&#8243; title_tag=&#8221;h4&#8243; title=&#8221;Quais s\u00e3o as vantagens dos LEDs em rela\u00e7\u00e3o a outros sistemas de ilumina\u00e7\u00e3o?&#8221; subheading=&#8221;02 &#8220;]<\/p>\n<ul>\n<li>Maior economia de energia, elas emitem mais luz com menor consumo de energia.<\/li>\n<li>Vida mais longa.<\/li>\n<li>Alta reprodu\u00e7\u00e3o de cores.<\/li>\n<li>Baixa manuten\u00e7\u00e3o.<\/li>\n<li>Vibra\u00e7\u00e3o, impacto e resistente a choques.<\/li>\n<li>Maior tempo de garantia.<\/li>\n<li>Igni\u00e7\u00e3o imediata e sem cintila\u00e7\u00e3o.<\/li>\n<li>Tornou-se mais econ\u00f4mico nos \u00faltimos anos.<\/li>\n<li>Sem ru\u00eddo.<\/li>\n<li>\u00d3timo funcionamento a baixas temperaturas.<\/li>\n<li>Sem emiss\u00e3o de calor.<\/li>\n<li>Permite criar ilumina\u00e7\u00f5es diferentes que n\u00e3o poderiam ser alcan\u00e7adas com outros sistemas.<\/li>\n<li>Mais amig\u00e1veis ao meio ambiente, pois n\u00e3o cont\u00eam subst\u00e2ncias t\u00f3xicas ou poluentes.<\/li>\n<\/ul>\n<p>&nbsp;<\/p>\n<p>[wyde_heading style=&#8221;5&#8243; title_tag=&#8221;h4&#8243; title=&#8221;O que \u00e9 temperatura de cor e como ela afeta meu humor?&#8221; subheading=&#8221;03 &#8220;]<\/p>\n<p>A temperatura de cor \u00e9 definida como a tonalidade da luz emitida e \u00e9 expressa em Kelvin como uma unidade de medida. Ela pode ser agrupada em tr\u00eas faixas de temperatura:<\/p>\n<ul>\n<li><strong>Luz quente<\/strong>: at\u00e9 3500K<\/li>\n<li><strong>Luz neutra<\/strong>: entre 4000K e 5000K<\/li>\n<li><strong>Luz fria<\/strong>: mais de 5500K<\/li>\n<\/ul>\n<p>Os ritmos circadianos s\u00e3o mudan\u00e7as biol\u00f3gicas que afetam nosso corpo regularmente, tanto f\u00edsica quanto emocionalmente, e respondem principalmente \u00e0 luz e \u00e0 escurid\u00e3o que percebemos. Em outras palavras, a luz que percebemos em diferentes momentos do dia, bem como a escurid\u00e3o \u00e0 noite, estabelecem uma s\u00e9rie de padr\u00f5es em nosso corpo. Portanto, a temperatura da cor da luz que percebemos afeta os ritmos circadianos de nosso corpo, seja a luz natural ou artificial.<\/p>\n<p>Assim, a altera\u00e7\u00e3o dos ciclos circadianos de nosso corpo afeta negativamente nossa sa\u00fade.<\/p>\n<p>&nbsp;<\/p>\n<p>[wyde_heading style=&#8221;5&#8243; title_tag=&#8221;h4&#8243; title=&#8221;O que \u00e9 fluxo luminoso e o que s\u00e3o l\u00famens?&#8221; subheading=&#8221;04&#8243;]<\/p>\n<p>O fluxo luminoso \u00e9 a quantidade de luz vis\u00edvel emitida por uma fonte de luz em todas as dire\u00e7\u00f5es, e a unidade de medida \u00e9 o l\u00famen (lm).<\/p>\n<p>&nbsp;<\/p>\n<p>[wyde_heading style=&#8221;5&#8243; title_tag=&#8221;h4&#8243; title=&#8221;Qual \u00e9 o \u00e2ngulo de abertura da luz?&#8221; subheading=&#8221;04&#8243;]<\/p>\n<p>O \u00e2ngulo de abertura da luz nos diz qual \u00e9 o \u00e2ngulo do feixe de luz, o que nos permite saber o tamanho da \u00e1rea que ele iluminar\u00e1. Assim, um \u00e2ngulo menor criar\u00e1 uma luz focalizada enquanto um \u00e2ngulo maior permitir\u00e1 uma ilumina\u00e7\u00e3o geral.[\/wyde_toggle][\/vc_column_inner][\/vc_row_inner][\/wyde_tab][wyde_tab icon_set=&#8221;bigmug_line&#8221; icon_bigmug_line=&#8221;bigmug-line-winds&#8221; title=&#8221;Ventiladores&#8221; tab_id=&#8221;1599131858214-7&#8243;][vc_empty_space][vc_row_inner][vc_column_inner][wyde_toggle title=&#8221;INSTALA\u00c7\u00c3O&#8221;][wyde_heading style=&#8221;5&#8243; title_tag=&#8221;h4&#8243; title=&#8221;A que altura devo instalar meu ventilador de teto?&#8221; subheading=&#8221;01 &#8220;]<\/p>\n<p>A <strong>dist\u00e2ncia m\u00ednima<\/strong> entre as l\u00e2minas de um ventilador de teto e o piso \u00e9 de 2,3 m por raz\u00f5es de seguran\u00e7a. Alguns de nossos modelos possuem um eixo adicional. Para verificar se este est\u00e1 dispon\u00edvel, favor ir para a se\u00e7\u00e3o Produtos &gt; Ar condicionado &gt; Ventiladores de teto, escolhendo o modelo desejado na se\u00e7\u00e3o &#8220;Caracter\u00edsticas mec\u00e2nicas&#8221; &gt; &#8220;Acess\u00f3rios&#8221;.<\/p>\n<p>&nbsp;<\/p>\n<p>[wyde_heading style=&#8221;5&#8243; title_tag=&#8221;h4&#8243; title=&#8221;Posso instalar um ventilador em um telhado inclinado?&#8221; subheading=&#8221;02 &#8220;]<\/p>\n<p>Na maioria de nossos modelos, se poss\u00edvel, voc\u00ea pode verific\u00e1-lo clicando em um modelo espec\u00edfico, em sua descri\u00e7\u00e3o. <strong>Passo m\u00e1ximo do telhado 20\u00ba<\/strong>.<\/p>\n<p>&nbsp;<\/p>\n<p>[wyde_heading style=&#8221;5&#8243; title_tag=&#8221;h4&#8243; title=&#8221;Posso instalar um ventilador em um teto de gesso cartonado ou em um teto falso?&#8221; subheading=&#8221;03 &#8220;]<\/p>\n<p>Se poss\u00edvel, no entanto, voc\u00ea deve verificar sua for\u00e7a para ver se ela pode suportar o peso do ventilador. No caso de placas de gesso cartonado, h\u00e1 um tamp\u00e3o especial que espalharia o peso sobre a superf\u00edcie.<\/p>\n<p>O ideal, no entanto, \u00e9 que ele seja fixado de forma ideal ao teto real.[\/wyde_toggle][wyde_toggle title=&#8221;PE\u00c7AS E PE\u00c7AS DE REPOSI\u00c7\u00c3O&#8221;][wyde_heading style=&#8221;5&#8243; title_tag=&#8221;h4&#8243; title=&#8221;\u00c9 poss\u00edvel comprar pe\u00e7as de reposi\u00e7\u00e3o para meu ventilador?&#8221; subheading=&#8221;01 &#8220;]<\/p>\n<p>Voc\u00ea pode solicitar pe\u00e7as de reposi\u00e7\u00e3o indo \u00e0 loja onde as comprou ou a outra loja da mesma cadeia. Se o ventilador estiver sob garantia, apresentar o recibo de compra ou fatura.<\/p>\n<p>&nbsp;<\/p>\n<p>[wyde_heading style=&#8221;5&#8243; title_tag=&#8221;h4&#8243; title=&#8221;Estou instalando meu ventilador e faltam pe\u00e7as, o que eu fa\u00e7o?&#8221; subheading=&#8221;02 &#8220;]<\/p>\n<p>Voc\u00ea deve relatar o incidente \u00e0 loja onde o adquiriu, para que eles possam lhe fornecer uma solu\u00e7\u00e3o.[\/wyde_toggle][wyde_toggle title=&#8221;CONTROLE REMOTO&#8221;][wyde_heading style=&#8221;5&#8243; title_tag=&#8221;h4&#8243; title=&#8221;Eles t\u00eam um controle remoto?&#8221; subheading=&#8221;01 &#8220;]<\/p>\n<p>Todos os nossos ventiladores de teto s\u00e3o operados por controle remoto exceto os modelos HAWAII e FIJI.<\/p>\n<p>&nbsp;<\/p>\n<p>[wyde_heading style=&#8221;5&#8243; title_tag=&#8221;h4&#8243; title=&#8221;Com que freq\u00fc\u00eancia os controles funcionam?&#8221; subheading=&#8221;02 &#8220;]<\/p>\n<p>A maioria dos modelos de <strong>433 Mhz<\/strong>, exceto os modelos FAST FAN que funcionam a <strong>2,4Ghz<\/strong>.<\/p>\n<p>&nbsp;<\/p>\n<p>[wyde_heading style=&#8221;5&#8243; title_tag=&#8221;h4&#8243; title=&#8221;V\u00e1rios ventiladores podem ser operados com um \u00fanico controlador?&#8221; subheading=&#8221;03 &#8220;]<\/p>\n<p><strong>Sim<\/strong>, seria poss\u00edvel, desde que os ventiladores compartilhassem as mesmas caracter\u00edsticas de controle. Voc\u00ea deve ter em mente que se eles estivessem em inst\u00e2ncias diferentes ao ligar, todos eles receberiam o comando de ligar e\/ou desligar.<\/p>\n<p>&nbsp;<\/p>\n<p>[wyde_heading style=&#8221;5&#8243; title_tag=&#8221;h4&#8243; title=&#8221;\u00c9 poss\u00edvel controlar um ventilador com dois controladores?&#8221; subheading=&#8221;04 &#8220;]<\/p>\n<p><strong>N\u00e3o<\/strong>, n\u00e3o \u00e9 poss\u00edvel, o receptor recebe ordens de um \u00fanico comando.<\/p>\n<p>&nbsp;<\/p>\n<p>[wyde_heading style=&#8221;5&#8243; title_tag=&#8221;h4&#8243; title=&#8221;N\u00e3o consigo acender minha luz do ventilador do interruptor de parede.&#8221; subheading=&#8221;05 &#8220;]<\/p>\n<p>A maioria de nossos ventiladores tem uma caracter\u00edstica de &#8220;<strong>Prefer\u00eancia de Comando<\/strong>&#8220;, o que significa que o comando que voc\u00ea deu com o controle remoto \u00e9 aquele de que o ventilador se lembra. Primeiro, verifique se o interruptor de parede est\u00e1 pressionado e permite a passagem de energia, depois acenda a luz com o controle remoto. Voc\u00ea poder\u00e1 ent\u00e3o controlar a luz do ventilador atrav\u00e9s do interruptor de parede.<\/p>\n<p>&nbsp;<\/p>\n<p>Se a luz ainda n\u00e3o acender, continue lendo a se\u00e7\u00e3o &#8220;Mau funcionamento&#8221;.[\/wyde_toggle][wyde_toggle title=&#8221;FUNCIONAMENTO AN\u00d4MALO&#8221;][wyde_heading style=&#8221;5&#8243; title_tag=&#8221;h4&#8243; title=&#8221;Minha luz de ventilador n\u00e3o funciona, o que h\u00e1 de errado com ela?&#8221; subheading=&#8221;01 &#8220;]<\/p>\n<ul>\n<li><strong>O ventilador funciona, mas a luz n\u00e3o funciona<\/strong>: o problema est\u00e1 na placa LED, para poder comprar um substituto \u00e9 necess\u00e1rio ir at\u00e9 a loja onde voc\u00ea comprou.<\/li>\n<li><strong>A luz funciona com o interruptor de parede mas n\u00e3o com o controle remoto<\/strong>: \u00e9 importante que a bateria do controle remoto tenha uma carga \u00f3tima, caso contr\u00e1rio, pode ter ocorrido uma dessincroniza\u00e7\u00e3o entre o controle remoto e o controlador. Para sincroniz\u00e1-lo novamente, \u00e9 necess\u00e1rio seguir as instru\u00e7\u00f5es de sincroniza\u00e7\u00e3o em seu manual de instru\u00e7\u00f5es.<\/li>\n<\/ul>\n<p>&nbsp;<\/p>\n<p>[wyde_heading style=&#8221;5&#8243; title_tag=&#8221;h4&#8243; title=&#8221;\u00c9 normal que o ventilador se mova?&#8221; subheading=&#8221;02&#8243;]<\/p>\n<p><strong>N\u00e3o<\/strong>, n\u00e3o \u00e9 normal. O movimento \u00e9 geralmente causado por m\u00e1 instala\u00e7\u00e3o. Recomendamos que voc\u00ea verifique a estanqueidade dos parafusos.[\/wyde_toggle][wyde_toggle title=&#8221;FUN\u00c7\u00d5ES E CARACTER\u00cdSTICAS&#8221;][wyde_heading style=&#8221;5&#8243; title_tag=&#8221;h4&#8243; title=&#8221;Como posso ativar a fun\u00e7\u00e3o anti-mosquito?&#8221; subheading=&#8221;01 &#8220;]<\/p>\n<p>N\u00e3o \u00e9 uma fun\u00e7\u00e3o como tal, \u00e9 uma caracter\u00edstica dos ventiladores de teto. A corrente de ar produzida pelo ventilador, al\u00e9m de dificultar o v\u00f4o dos mosquitos, ajuda a mover o CO2 que expelimos quando respiramos e o \u00e1cido l\u00e1ctico quando transpiramos. Isto evita as picadas de mosquitos at\u00e9 certo ponto, pois eles n\u00e3o s\u00e3o capazes de encontrar o usu\u00e1rio para morder.<\/p>\n<p>&nbsp;<\/p>\n<p>[wyde_heading style=&#8221;5&#8243; title_tag=&#8221;h4&#8243; title=&#8221;O que \u00e9 o modo inverno-ver\u00e3o?&#8221; subheading=&#8221;02 &#8220;]<\/p>\n<p>O modo de <strong>ver\u00e3o<\/strong> permite que o ventilador gire no sentido anti-hor\u00e1rio para gerar uma brisa descendente.<\/p>\n<p>O modo de <strong>inverno<\/strong> ser\u00e1 a dire\u00e7\u00e3o oposta de rota\u00e7\u00e3o e o ventilador soprar\u00e1 o ar para cima, assim perceberemos o ar quente.<\/p>\n<p>&nbsp;<\/p>\n<p>[wyde_heading style=&#8221;5&#8243; title_tag=&#8221;h4&#8243; title=&#8221;Como posso mudar o modo inverno-ver\u00e3o?&#8221; subheading=&#8221;03 &#8220;]<\/p>\n<p>Dependendo do modelo do ventilador, <a href=\"https:\/\/arteconfort.com\/pt-br\/ventilador-de-techo-pt-br\/como-funciona-el-modo-invierno-de-un-ventilador-de-techo\/\" target=\"_blank\" rel=\"noopener noreferrer\">clique aqui<\/a> para ver cada um deles.<\/p>\n<p>&nbsp;<\/p>\n<p>[wyde_heading style=&#8221;5&#8243; title_tag=&#8221;h4&#8243; title=&#8221;Posso programar meu ventilador de teto para se desligar?&#8221; subheading=&#8221;04 &#8220;]<\/p>\n<p>Dependendo do modelo, voc\u00ea pode verificar se o ventilador tem ou n\u00e3o esta caracter\u00edstica, na se\u00e7\u00e3o Produtos &gt; Ar condicionado &gt; Ventiladores de teto, escolhendo o modelo desejado, na se\u00e7\u00e3o &#8220;Controle&#8221; &gt; &#8220;Tempo program\u00e1vel&#8221;. Se voc\u00ea n\u00e3o encontrar esta op\u00e7\u00e3o, isso significa que o modelo n\u00e3o tem esta caracter\u00edstica.<\/p>\n<p>&nbsp;<\/p>\n<p>[wyde_heading style=&#8221;5&#8243; title_tag=&#8221;h4&#8243; title=&#8221;Qual \u00e9 o grau de prote\u00e7\u00e3o IP?&#8221; subheading=&#8221;05 &#8220;]<\/p>\n<p>O grau de prote\u00e7\u00e3o IP indica o n\u00edvel de prote\u00e7\u00e3o do dispositivo contra agentes externos, sejam objetos s\u00f3lidos ou \u00e1gua. \u00c9 representado por dois d\u00edgitos, onde o primeiro d\u00edgito indica o grau de prote\u00e7\u00e3o contra objetos s\u00f3lidos e o segundo d\u00edgito indica a prote\u00e7\u00e3o contra a \u00e1gua. Quanto mais alto for cada d\u00edgito, maior ser\u00e1 a prote\u00e7\u00e3o contra cada elemento.[\/wyde_toggle][\/vc_column_inner][\/vc_row_inner][\/wyde_tab][wyde_tab icon_set=&#8221;bigmug_line&#8221; icon_bigmug_line=&#8221;bigmug-line-sun&#8221; title=&#8221;Iluminaci\u00f3n solar&#8221; tab_id=&#8221;1599133274904-2-0&#8243;][vc_empty_space][vc_row_inner][vc_column_inner][wyde_toggle title=&#8221;CARACTER\u00cdSTICAS&#8221;][wyde_heading style=&#8221;5&#8243; title_tag=&#8221;h4&#8243; title=&#8221;Qual \u00e9 a diferen\u00e7a entre os pain\u00e9is monocristalinos e policristalinos?&#8221; subheading=&#8221;01 &#8220;]<\/p>\n<p>A principal diferen\u00e7a entre um painel monocristalino e um policristalino \u00e9 a efici\u00eancia na convers\u00e3o da luz solar em eletricidade. Um painel solar monocristalino \u00e9 mais eficiente do que um painel policristalino, mas esta diferen\u00e7a tamb\u00e9m se reflete no custo de fabrica\u00e7\u00e3o, com o painel monocristalino sendo mais caro.<\/p>\n<p>Fisicamente, eles s\u00e3o f\u00e1ceis de distinguir: pain\u00e9is monocristalinos t\u00eam cantos biselados e uma cor escura, quase preta. Os pain\u00e9is policristalinos t\u00eam cantos em \u00e2ngulo reto e s\u00e3o de cor mais azul.<\/p>\n<p>&nbsp;<\/p>\n<p>[wyde_heading style=&#8221;5&#8243; title_tag=&#8221;h4&#8243; title=&#8221;Que tipo de bateria nossas l\u00e2mpadas solares utilizam?&#8221; subheading=&#8221;02 &#8220;]<\/p>\n<p>Equipamos nossas lumin\u00e1rias solares com baterias de alta capacidade que garantem a mais alta confiabilidade e seguran\u00e7a no uso. Entre elas voc\u00ea pode encontrar baterias Ni-MH, Lithium-ion ou Lithium-Iron.<\/p>\n<p>&nbsp;<\/p>\n<p>[wyde_heading style=&#8221;5&#8243; title_tag=&#8221;h4&#8243; title=&#8221;Qual \u00e9 o grau de prote\u00e7\u00e3o IP?&#8221; subheading=&#8221;03 &#8220;]<\/p>\n<p>O grau de prote\u00e7\u00e3o IP indica o n\u00edvel de prote\u00e7\u00e3o do dispositivo contra agentes externos, sejam objetos s\u00f3lidos ou \u00e1gua. \u00c9 representado por dois d\u00edgitos, onde o primeiro d\u00edgito indica o grau de prote\u00e7\u00e3o contra objetos s\u00f3lidos e o segundo d\u00edgito indica a prote\u00e7\u00e3o contra a \u00e1gua. Quanto mais alto for cada d\u00edgito, maior ser\u00e1 a prote\u00e7\u00e3o contra cada elemento.[\/wyde_toggle][wyde_toggle title=&#8221;MODOS DE IGNITION&#8221;][wyde_heading style=&#8221;5&#8243; title_tag=&#8221;h4&#8243; title=&#8221;Como posso mudar o modo de comuta\u00e7\u00e3o da minha l\u00e2mpada solar?&#8221; subheading=&#8221;01 &#8220;]<\/p>\n<p>Voc\u00ea pode mudar o modo de alimenta\u00e7\u00e3o pressionando o bot\u00e3o &#8220;ON\/OFF&#8221;. Se voc\u00ea tiver mais de um bot\u00e3o, pressione o bot\u00e3o &#8220;MODE&#8221;.[\/wyde_toggle][\/vc_column_inner][\/vc_row_inner][\/wyde_tab][\/wyde_tabs][\/vc_column][\/vc_row][vc_row row_style=&#8221;full-width&#8221; padding_size=&#8221;no-padding&#8221;][vc_column padding_size=&#8221;no-padding&#8221;][vc_single_image alignment=&#8221;right&#8221; image=&#8221;8263&#8243;][\/vc_column][\/vc_row]<\/p>\n<\/div>","protected":false},"excerpt":{"rendered":"<p>[vc_row padding_size=&#8221;no-padding&#8221;][vc_column][vc_empty_space height=&#8221;60px&#8221;][wyde_tabs][wyde_tab icon_set=&#8221;simple_line&#8221; icon_simple_line=&#8221;sl-info&#8221; title=&#8221;Informa\u00e7\u00f5es gerais&#8221; tab_id=&#8221;1599131858190-6&#8243;][vc_empty_space][vc_row_inner][vc_column_inner][wyde_toggle title=&#8221;ATENDIMENTO AO CLIENTE&#8221;][wyde_heading style=&#8221;5&#8243; title_tag=&#8221;h4&#8243; title=&#8221;Como posso entrar em contato com voc\u00ea?&#8221; subheading=&#8221;01 &#8220;] Buscamos melhorar a qualidade de vida e o conforto das pessoas em suas casas e valorizamos sua satisfa\u00e7\u00e3o. Por este motivo, temos dois canais de comunica\u00e7\u00e3o direta atrav\u00e9s dos quais voc\u00ea pode entrar [&hellip;]<\/p>\n","protected":false},"author":1,"featured_media":0,"parent":0,"menu_order":0,"comment_status":"closed","ping_status":"closed","template":"","meta":{"footnotes":""},"class_list":["post-12759","page","type-page","status-publish","hentry"],"yoast_head":"<!-- This site is optimized with the Yoast SEO plugin v26.5 - https:\/\/yoast.com\/wordpress\/plugins\/seo\/ -->\n<title>Perguntas mais freq\u00fcentes - Arteconfort<\/title>\n<meta name=\"description\" content=\"Buscamos melhorar a qualidade de vida e o conforto das pessoas em suas casas e valorizamos sua satisfa\u00e7\u00e3o. Por este motivo, temos dois canais de\" \/>\n<meta name=\"robots\" content=\"index, follow, max-snippet:-1, max-image-preview:large, max-video-preview:-1\" \/>\n<link rel=\"canonical\" href=\"https:\/\/arteconfort.com\/pt-br\/preguntas-frecuentes\/\" \/>\n<meta property=\"og:locale\" content=\"pt_BR\" \/>\n<meta property=\"og:type\" content=\"article\" \/>\n<meta property=\"og:title\" content=\"Perguntas mais freq\u00fcentes - Arteconfort\" \/>\n<meta property=\"og:description\" content=\"Buscamos melhorar a qualidade de vida e o conforto das pessoas em suas casas e valorizamos sua satisfa\u00e7\u00e3o. Por este motivo, temos dois canais de\" \/>\n<meta property=\"og:url\" content=\"https:\/\/arteconfort.com\/pt-br\/preguntas-frecuentes\/\" \/>\n<meta property=\"og:site_name\" content=\"Arteconfort\" \/>\n<meta property=\"article:modified_time\" content=\"2021-08-10T06:00:32+00:00\" \/>\n<meta name=\"twitter:card\" content=\"summary_large_image\" \/>\n<meta name=\"twitter:label1\" content=\"Est. tempo de leitura\" \/>\n\t<meta name=\"twitter:data1\" content=\"12 minutos\" \/>\n<!-- \/ Yoast SEO plugin. -->","yoast_head_json":{"title":"Perguntas mais freq\u00fcentes - Arteconfort","description":"Buscamos melhorar a qualidade de vida e o conforto das pessoas em suas casas e valorizamos sua satisfa\u00e7\u00e3o. Por este motivo, temos dois canais de","robots":{"index":"index","follow":"follow","max-snippet":"max-snippet:-1","max-image-preview":"max-image-preview:large","max-video-preview":"max-video-preview:-1"},"canonical":"https:\/\/arteconfort.com\/pt-br\/preguntas-frecuentes\/","og_locale":"pt_BR","og_type":"article","og_title":"Perguntas mais freq\u00fcentes - Arteconfort","og_description":"Buscamos melhorar a qualidade de vida e o conforto das pessoas em suas casas e valorizamos sua satisfa\u00e7\u00e3o. Por este motivo, temos dois canais de","og_url":"https:\/\/arteconfort.com\/pt-br\/preguntas-frecuentes\/","og_site_name":"Arteconfort","article_modified_time":"2021-08-10T06:00:32+00:00","twitter_card":"summary_large_image","twitter_misc":{"Est. tempo de leitura":"12 minutos"},"schema":{"@context":"https:\/\/schema.org","@graph":[{"@type":"WebPage","@id":"https:\/\/arteconfort.com\/pt-br\/preguntas-frecuentes\/","url":"https:\/\/arteconfort.com\/pt-br\/preguntas-frecuentes\/","name":"Perguntas mais freq\u00fcentes - Arteconfort","isPartOf":{"@id":"https:\/\/arteconfort.com\/pt-br\/#website"},"datePublished":"2020-09-08T09:43:25+00:00","dateModified":"2021-08-10T06:00:32+00:00","description":"Buscamos melhorar a qualidade de vida e o conforto das pessoas em suas casas e valorizamos sua satisfa\u00e7\u00e3o. Por este motivo, temos dois canais de","breadcrumb":{"@id":"https:\/\/arteconfort.com\/pt-br\/preguntas-frecuentes\/#breadcrumb"},"inLanguage":"pt-BR","potentialAction":[{"@type":"ReadAction","target":["https:\/\/arteconfort.com\/pt-br\/preguntas-frecuentes\/"]}]},{"@type":"BreadcrumbList","@id":"https:\/\/arteconfort.com\/pt-br\/preguntas-frecuentes\/#breadcrumb","itemListElement":[{"@type":"ListItem","position":1,"name":"Inicio","item":"https:\/\/arteconfort.com\/pt-br\/"},{"@type":"ListItem","position":2,"name":"Perguntas mais freq\u00fcentes"}]},{"@type":"WebSite","@id":"https:\/\/arteconfort.com\/pt-br\/#website","url":"https:\/\/arteconfort.com\/pt-br\/","name":"Arteconfort","description":"Especialistas en productos del hogar","publisher":{"@id":"https:\/\/arteconfort.com\/pt-br\/#organization"},"potentialAction":[{"@type":"SearchAction","target":{"@type":"EntryPoint","urlTemplate":"https:\/\/arteconfort.com\/pt-br\/?s={search_term_string}"},"query-input":{"@type":"PropertyValueSpecification","valueRequired":true,"valueName":"search_term_string"}}],"inLanguage":"pt-BR"},{"@type":"Organization","@id":"https:\/\/arteconfort.com\/pt-br\/#organization","name":"Arteconfort","url":"https:\/\/arteconfort.com\/pt-br\/","logo":{"@type":"ImageObject","inLanguage":"pt-BR","@id":"https:\/\/arteconfort.com\/pt-br\/#\/schema\/logo\/image\/","url":"https:\/\/arteconfort.com\/wp-content\/uploads\/2019\/07\/logo-arteconfort.png","contentUrl":"https:\/\/arteconfort.com\/wp-content\/uploads\/2019\/07\/logo-arteconfort.png","width":230,"height":88,"caption":"Arteconfort"},"image":{"@id":"https:\/\/arteconfort.com\/pt-br\/#\/schema\/logo\/image\/"}}]}},"_links":{"self":[{"href":"https:\/\/arteconfort.com\/pt-br\/wp-json\/wp\/v2\/pages\/12759","targetHints":{"allow":["GET"]}}],"collection":[{"href":"https:\/\/arteconfort.com\/pt-br\/wp-json\/wp\/v2\/pages"}],"about":[{"href":"https:\/\/arteconfort.com\/pt-br\/wp-json\/wp\/v2\/types\/page"}],"author":[{"embeddable":true,"href":"https:\/\/arteconfort.com\/pt-br\/wp-json\/wp\/v2\/users\/1"}],"replies":[{"embeddable":true,"href":"https:\/\/arteconfort.com\/pt-br\/wp-json\/wp\/v2\/comments?post=12759"}],"version-history":[{"count":0,"href":"https:\/\/arteconfort.com\/pt-br\/wp-json\/wp\/v2\/pages\/12759\/revisions"}],"wp:attachment":[{"href":"https:\/\/arteconfort.com\/pt-br\/wp-json\/wp\/v2\/media?parent=12759"}],"curies":[{"name":"wp","href":"https:\/\/api.w.org\/{rel}","templated":true}]}}