{"id":13230,"date":"2019-07-30T13:20:08","date_gmt":"2019-07-30T11:20:08","guid":{"rendered":"https:\/\/arteconfort.com\/politica-de-cookies\/"},"modified":"2024-08-26T14:14:21","modified_gmt":"2024-08-26T12:14:21","slug":"politica-de-cookies","status":"publish","type":"page","link":"https:\/\/arteconfort.com\/pt-br\/politica-de-cookies\/","title":{"rendered":"Pol\u00edtica de cookies"},"content":{"rendered":"<div class=\"wpb-content-wrapper\"><p>[vc_row][vc_column][vc_column_text]O objetivo desta pol\u00edtica \u00e9 definir o uso de cookies no site http:\/\/www.arteconfort.com, bem como fornecer informa\u00e7\u00f5es aos usu\u00e1rios e visitantes do site http:\/\/www.arteconfort.com em rela\u00e7\u00e3o ao uso de cookies e aos meios de configura\u00e7\u00e3o de seus navegadores.<\/p>\n<p>O uso dos servi\u00e7os oferecidos pelo site https:\/\/www.arteconfort.com implica a aceita\u00e7\u00e3o total e sem reservas desta pol\u00edtica de uso de cookies.<\/p>\n<p>ARTECONFORT HOTEL, S.L. pode coletar informa\u00e7\u00f5es atrav\u00e9s de arquivos como cookies ou arquivos de registro sobre a navega\u00e7\u00e3o dos usu\u00e1rios em https:\/\/www.arteconfort.com. Esses dispositivos est\u00e3o associados exclusivamente a um \u00fanico usu\u00e1rio e ao seu pr\u00f3prio dispositivo de acesso.[\/vc_column_text][vc_empty_space height=&#8221;60px&#8221;][vc_accordion collapsible=&#8221;true&#8221; active_tab=&#8221;false&#8221;][vc_accordion_tab title=&#8221;1 &#8211; O que \u00e9 um cookie?&#8221;][vc_column_text]Cookies s\u00e3o arquivos que cont\u00eam pequenas quantidades de informa\u00e7\u00f5es que s\u00e3o baixadas para o dispositivo do usu\u00e1rio usado ao visitar um site.<\/p>\n<p>Os cookies s\u00e3o uma ferramenta usada pelos servidores da Web para armazenar e recuperar informa\u00e7\u00f5es sobre seus usu\u00e1rios. Nada mais \u00e9 do que um arquivo de texto que alguns servidores solicitam ao navegador para gravar no disco r\u00edgido, com informa\u00e7\u00f5es sobre o que o usu\u00e1rio fez no site. Eles t\u00eam uma data de validade, que pode variar desde a dura\u00e7\u00e3o da sess\u00e3o at\u00e9 uma data futura especificada, ap\u00f3s a qual deixam de ser operacionais.<\/p>\n<p>Os cookies s\u00e3o essenciais para o funcionamento da Internet; eles n\u00e3o podem danificar o equipamento\/dispositivo do usu\u00e1rio e, se estiverem ativados na configura\u00e7\u00e3o do seu navegador, eles nos ajudam a identificar e resolver poss\u00edveis erros no funcionamento do https:\/\/www.arteconfort.com.[\/vc_column_text][\/vc_accordion_tab][vc_accordion_tab title=&#8221;2.- Tipos de cookies&#8221;][vc_column_text]Os cookies s\u00e3o divididos em v\u00e1rios tipos de classifica\u00e7\u00f5es: por quem os utiliza, pela finalidade de seu uso e pelo tempo em que permanecem ativos.<\/p>\n<ol>\n<li style=\"list-style-type: none;\">\n<ol>\n<li><strong>De acordo com quem as possui<\/strong>, elas s\u00e3o classificadas em:\n<ul>\n<li><strong>Cookies pr\u00f3prios<\/strong>: aqueles que enviamos para seu computador ou terminal a partir de nosso site.<\/li>\n<li><strong>Cookies de terceiros<\/strong>: aqueles que s\u00e3o enviados ao seu computador ou terminal a partir de um dom\u00ednio ou p\u00e1gina da Web que n\u00e3o \u00e9 gerenciado por n\u00f3s, mas por outra entidade que processa os dados obtidos por meio dos cookies.<\/li>\n<\/ul>\n<\/li>\n<li><strong>Por finalidade<\/strong>, eles s\u00e3o classificados da seguinte forma:\n<ul>\n<li><strong>Cookies funcionais<\/strong>: s\u00e3o aqueles que permitem que o usu\u00e1rio navegue em um site e use as diferentes op\u00e7\u00f5es ou servi\u00e7os existentes nele.<\/li>\n<li><strong>Cookies de personaliza\u00e7\u00e3o<\/strong>: esses cookies permitem que o usu\u00e1rio acesse o servi\u00e7o com determinadas caracter\u00edsticas gerais predefinidas, dependendo de uma s\u00e9rie de crit\u00e9rios no terminal do usu\u00e1rio, como, por exemplo, o idioma, o tipo de navegador usado para acessar o servi\u00e7o, a configura\u00e7\u00e3o regional de onde o servi\u00e7o \u00e9 acessado etc.<\/li>\n<li><strong>Cookies de an\u00e1lise<\/strong>: s\u00e3o cookies processados por n\u00f3s ou por terceiros e nos permitem quantificar o n\u00famero de usu\u00e1rios e realizar a medi\u00e7\u00e3o e a an\u00e1lise estat\u00edstica do uso que os usu\u00e1rios fazem do nosso site. Para isso, analisamos a navega\u00e7\u00e3o em nosso site a fim de melhorar a gama de produtos ou servi\u00e7os que oferecemos.<\/li>\n<li><strong>Cookies de publicidade comportamental<\/strong>: s\u00e3o cookies que armazenam informa\u00e7\u00f5es sobre o comportamento dos usu\u00e1rios obtidas por meio da observa\u00e7\u00e3o cont\u00ednua de seus h\u00e1bitos de navega\u00e7\u00e3o, o que permite desenvolver um perfil espec\u00edfico para exibir publicidade com base nele.<\/li>\n<\/ul>\n<\/li>\n<li><strong>Quanto \u00e0 perman\u00eancia<\/strong>, eles s\u00e3o classificados em\n<ul>\n<li><strong>Cookies de sess\u00e3o<\/strong>: s\u00e3o projetados para coletar e armazenar dados enquanto o usu\u00e1rio acessa uma p\u00e1gina da Web. Eles desaparecem ao final da sess\u00e3o do usu\u00e1rio.<\/li>\n<li><strong>Cookies persistentes<\/strong>: S\u00e3o cookies nos quais os dados permanecem armazenados no terminal e podem ser acessados e processados por um per\u00edodo de tempo definido pela parte respons\u00e1vel pelo cookie, que pode variar de alguns minutos a v\u00e1rios anos.<\/li>\n<\/ul>\n<\/li>\n<\/ol>\n<\/li>\n<\/ol>\n<p>[\/vc_column_text][\/vc_accordion_tab][vc_accordion_tab title=&#8221;3.- Uso de cookies por http:\/\/www.arteconfort.com&#8221;][vc_column_text]O ARTECONFORT HOTEL, S.L. utiliza em seu site https:\/\/www.arteconfort.com cookies funcionais, que s\u00e3o necess\u00e1rios para exibir corretamente o site e garantir o funcionamento correto do https:\/\/www.arteconfort.com e cookies anal\u00edticos, que s\u00e3o usados para analisar o comportamento do usu\u00e1rio de forma agregada e an\u00f4nima, incluindo o n\u00famero de visitantes do site e de diferentes p\u00e1ginas internas, a origem da visita, dia e hora, plataforma, palavras de pesquisa usadas por um usu\u00e1rio para encontrar o conte\u00fado desejado.<\/p>\n<p>As finalidades para as quais usamos cookies s\u00e3o as seguintes:<\/p>\n<ul>\n<li>Para personalizar a experi\u00eancia de navega\u00e7\u00e3o do usu\u00e1rio, para reconhecer o idioma do usu\u00e1rio e para equilibrar a carga do site.<\/li>\n<li>Para poder fazer melhorias no site e saber qual conte\u00fado ou design \u00e9 mais relevante para o usu\u00e1rio.<\/li>\n<\/ul>\n<p>O ARTECONFORT HOTEL, S.L. n\u00e3o pode ler os cookies implementados no disco r\u00edgido do computador\/terminal do usu\u00e1rio de outros servidores web que n\u00e3o sejam os seus pr\u00f3prios.<\/p>\n<p>Na tabela a seguir, voc\u00ea pode consultar os cookies utilizados em http:\/\/www.arteconfort.com, sua finalidade, se s\u00e3o pr\u00f3prios ou de terceiros e sua dura\u00e7\u00e3o.[\/vc_column_text][vc_empty_space][vc_row_inner vertical_align=&#8221;middle&#8221; background_mode=&#8221;color&#8221; background_color=&#8221;#f5f5f5&#8243;][vc_column_inner padding_size=&#8221;l-padding&#8221;][wyde_separator border_width=&#8221;3px&#8221; el_width=&#8221;100%&#8221; color=&#8221;#000000&#8243; css=&#8221;.vc_custom_1724413197538{padding-bottom: 10px !important;}&#8221;][wyde_heading style=&#8221;5&#8243; title_tag=&#8221;h5&#8243; title=&#8221;Anal\u00edtica&#8221; heading_color=&#8221;#000000&#8243; subheading_color=&#8221;#61b4e4&#8243;][vc_column_text]Os cookies anal\u00edticos s\u00e3o usados para entender como os visitantes interagem com o site. Esses cookies ajudam a fornecer informa\u00e7\u00f5es sobre m\u00e9tricas, como n\u00famero de visitantes, taxa de rejei\u00e7\u00e3o, origem do tr\u00e1fego etc.[\/vc_column_text][wyde_separator el_width=&#8221;100%&#8221; color=&#8221;#000000&#8243; css=&#8221;.vc_custom_1724413225912{padding-top: 10px !important;padding-bottom: 10px !important;}&#8221;][vc_column_text]<strong>Cookie<\/strong> tk_ai<br \/>\n<strong>Duration<\/strong> Session<br \/>\n<strong>Descri\u00e7\u00e3o<\/strong> O JetPack define esse cookie para armazenar uma ID an\u00f4nima gerada aleatoriamente que \u00e9 usada somente na \u00e1rea de administra\u00e7\u00e3o e para rastreamento anal\u00edtico geral.[\/vc_column_text][wyde_separator el_width=&#8221;100%&#8221; color=&#8221;#000000&#8243; css=&#8221;.vc_custom_1724413225912{padding-top: 10px !important;padding-bottom: 10px !important;}&#8221;][vc_column_text]<strong>Cookie<\/strong> _gat_gtag_UA_145147454_1<br \/>\n<strong>Dura\u00e7\u00e3o<\/strong> 1 minuto<br \/>\n<strong>Descri\u00e7\u00e3o<\/strong> Definido pelo Google para distinguir os usu\u00e1rios.[\/vc_column_text][wyde_separator el_width=&#8221;100%&#8221; color=&#8221;#000000&#8243; css=&#8221;.vc_custom_1724413225912{padding-top: 10px !important;padding-bottom: 10px !important;}&#8221;][vc_column_text]<strong>Cookie<\/strong> _gid<br \/>\n<strong>Dura\u00e7\u00e3o<\/strong> 1 dia<br \/>\n<strong>Descri\u00e7\u00e3o<\/strong> Definido pelo Google Analytics, o cookie _gid armazena informa\u00e7\u00f5es sobre como os visitantes usam um site, enquanto cria um relat\u00f3rio anal\u00edtico sobre o desempenho do site. Alguns dos dados coletados incluem o n\u00famero de visitantes, de onde eles v\u00eam e as p\u00e1ginas que visitam anonimamente.[\/vc_column_text][wyde_separator el_width=&#8221;100%&#8221; color=&#8221;#000000&#8243; css=&#8221;.vc_custom_1724413225912{padding-top: 10px !important;padding-bottom: 10px !important;}&#8221;][vc_column_text]<strong>Cookie<\/strong> _ga<br \/>\n<strong>Dura\u00e7\u00e3o<\/strong> 2 anos<br \/>\n<strong>Descri\u00e7\u00e3o<\/strong> O cookie _ga, definido pelo Google Analytics, calcula os dados do visitante, da sess\u00e3o e da campanha e tamb\u00e9m rastreia o uso do site para relat\u00f3rios de an\u00e1lise do site. O cookie armazena informa\u00e7\u00f5es de forma an\u00f4nima e atribui um n\u00famero gerado aleatoriamente para reconhecer visitantes \u00fanicos.[\/vc_column_text][wyde_separator border_width=&#8221;3px&#8221; el_width=&#8221;100%&#8221; color=&#8221;#000000&#8243; css=&#8221;.vc_custom_1724413517375{padding-top: 10px !important;padding-bottom: 10px !important;}&#8221;][wyde_heading style=&#8221;5&#8243; title_tag=&#8221;h5&#8243; title=&#8221;Necess\u00e1rio&#8221; heading_color=&#8221;#000000&#8243; subheading_color=&#8221;#61b4e4&#8243;][vc_column_text]Os cookies necess\u00e1rios s\u00e3o absolutamente essenciais para que o site funcione corretamente. Essa categoria inclui apenas cookies que garantem as funcionalidades b\u00e1sicas e os recursos de seguran\u00e7a do site. Esses cookies n\u00e3o armazenam nenhuma informa\u00e7\u00e3o pessoal.[\/vc_column_text][wyde_separator el_width=&#8221;100%&#8221; color=&#8221;#000000&#8243; css=&#8221;.vc_custom_1724413225912{padding-top: 10px !important;padding-bottom: 10px !important;}&#8221;][vc_column_text]<strong>Cookie<\/strong> _GRECAPTCHA<br \/>\n<strong>Dura\u00e7\u00e3o<\/strong> 5 meses 27 dias<br \/>\n<strong>Descri\u00e7\u00e3o<\/strong> Esse cookie \u00e9 definido pelo servi\u00e7o recaptcha do Google para identificar bots e proteger o site contra ataques maliciosos de spam.[\/vc_column_text][wyde_separator el_width=&#8221;100%&#8221; color=&#8221;#000000&#8243; css=&#8221;.vc_custom_1724413225912{padding-top: 10px !important;padding-bottom: 10px !important;}&#8221;][vc_column_text]<strong>Cookie<\/strong> cookielawinfo-checkbox-others<br \/>\n<strong>Dura\u00e7\u00e3o<\/strong> 1 ano<br \/>\n<strong>Descri\u00e7\u00e3o<\/strong> Definido pelo plug-in de consentimento de cookies do GDPR, esse cookie \u00e9 usado para armazenar o consentimento do usu\u00e1rio para cookies da categoria \u201cOutros\u201d.[\/vc_column_text][wyde_separator el_width=&#8221;100%&#8221; color=&#8221;#000000&#8243; css=&#8221;.vc_custom_1724413225912{padding-top: 10px !important;padding-bottom: 10px !important;}&#8221;][vc_column_text]<strong>Cookie<\/strong> cookielawinfo-checkbox-advertisement<br \/>\n<strong>Dura\u00e7\u00e3o<\/strong> 1 ano<br \/>\n<strong>Descri\u00e7\u00e3o<\/strong> Definido pelo plug-in GDPR Cookie Consent, esse cookie \u00e9 usado para registrar o consentimento do usu\u00e1rio para cookies na categoria \u201cAdvertising\u201d.[\/vc_column_text][wyde_separator el_width=&#8221;100%&#8221; color=&#8221;#000000&#8243; css=&#8221;.vc_custom_1724413225912{padding-top: 10px !important;padding-bottom: 10px !important;}&#8221;][vc_column_text]<strong>Cookie<\/strong> cookielawinfo-checkbox-analytics<br \/>\n<strong>Dura\u00e7\u00e3o<\/strong> 1 ano<br \/>\n<strong>Descri\u00e7\u00e3o<\/strong> Definido pelo plug-in de consentimento de cookies do GDPR, esse cookie \u00e9 usado para registrar o consentimento do usu\u00e1rio para cookies na categoria \u201cAnalytics\u201d.[\/vc_column_text][wyde_separator el_width=&#8221;100%&#8221; color=&#8221;#000000&#8243; css=&#8221;.vc_custom_1724413225912{padding-top: 10px !important;padding-bottom: 10px !important;}&#8221;][vc_column_text]<strong>Cookie<\/strong> cookielawinfo-checkbox-performance<br \/>\n<strong>Dura\u00e7\u00e3o<\/strong> 1 ano<br \/>\n<strong>Descri\u00e7\u00e3o<\/strong> Definido pelo plug-in de consentimento de cookies do GDPR, esse cookie \u00e9 usado para armazenar o consentimento do usu\u00e1rio para cookies na categoria \u201cDesempenho\u201d.[\/vc_column_text][wyde_separator el_width=&#8221;100%&#8221; color=&#8221;#000000&#8243; css=&#8221;.vc_custom_1724413225912{padding-top: 10px !important;padding-bottom: 10px !important;}&#8221;][vc_column_text]<strong>Cookie<\/strong> CookieLawInfoConsent<br \/>\n<strong>Dura\u00e7\u00e3o<\/strong> 1 ano<br \/>\n<strong>Descri\u00e7\u00e3o<\/strong> Registra o status do bot\u00e3o padr\u00e3o da categoria correspondente e o status do CCPA. Funciona somente em coordena\u00e7\u00e3o com o cookie principal.[\/vc_column_text][wyde_separator el_width=&#8221;100%&#8221; color=&#8221;#000000&#8243; css=&#8221;.vc_custom_1724413225912{padding-top: 10px !important;padding-bottom: 10px !important;}&#8221;][vc_column_text]<strong>Cookie<\/strong> cookielawinfo-checkbox-functional<br \/>\n<strong>Dura\u00e7\u00e3o<\/strong> 1 ano<br \/>\n<strong>Descri\u00e7\u00e3o<\/strong> O cookie \u00e9 definido pelo plug-in de consentimento de cookies do GDPR para registrar o consentimento do usu\u00e1rio para cookies na categoria \u201cFuncional\u201d.[\/vc_column_text][wyde_separator el_width=&#8221;100%&#8221; color=&#8221;#000000&#8243; css=&#8221;.vc_custom_1724413225912{padding-top: 10px !important;padding-bottom: 10px !important;}&#8221;][vc_column_text]<strong>Cookie<\/strong> cookielawinfo-checkbox-necessary<br \/>\n<strong>Dura\u00e7\u00e3o<\/strong> 1 ano<br \/>\n<strong>Descri\u00e7\u00e3o<\/strong> Definido pelo plug-in de consentimento de cookies do GDPR, esse cookie \u00e9 usado para registrar o consentimento do usu\u00e1rio para cookies na categoria \u201cNecess\u00e1rio\u201d.[\/vc_column_text][wyde_separator border_width=&#8221;3px&#8221; el_width=&#8221;100%&#8221; color=&#8221;#000000&#8243; css=&#8221;.vc_custom_1724413526343{padding-top: 10px !important;padding-bottom: 10px !important;}&#8221;][\/vc_column_inner][\/vc_row_inner][\/vc_accordion_tab][vc_accordion_tab title=&#8221;4.- Uso de cookies de an\u00e1lise do Google Analytics&#8221;][vc_column_text]O site http:\/\/www.arteconfort.com usa cookies anal\u00edticos do Google Analytics (1600 Amphitheatre Parkway, Mountain View. Calif\u00f3rnia. CA 94043, Estados Unidos). Esses cookies n\u00e3o coletam informa\u00e7\u00f5es pessoalmente identific\u00e1veis sobre um visitante. Todas as informa\u00e7\u00f5es coletadas por esses cookies s\u00e3o agregadas e, portanto, an\u00f4nimas. Elas s\u00e3o usadas apenas para melhorar o funcionamento do site. Mais informa\u00e7\u00f5es sobre os cookies do Google Analytics podem ser encontradas em:<\/p>\n<ul>\n<li><a href=\"https:\/\/developers.google.com\/analytics\/devguides\/collection\/analyticsjs\/cookie-usage\" target=\"_blank\" rel=\"noopener\">https:\/\/developers.google.com\/analytics\/devguides\/collection\/analyticsjs\/cookie-usage<\/a><\/li>\n<\/ul>\n<p>Voc\u00ea pode impedir o uso do Google Analytics em rela\u00e7\u00e3o ao seu uso do site http:\/\/www.arteconfort.com baixando e instalando o complemento do navegador dispon\u00edvel neste link:<\/p>\n<ul>\n<li><a href=\"https:\/\/tools.google.com\/dlpage\/gaoptout?hl=es_ES\" target=\"_blank\" rel=\"noopener\">https:\/\/tools.google.com\/dlpage\/gaoptout?hl=es_ES<\/a><\/li>\n<\/ul>\n<p>[\/vc_column_text][\/vc_accordion_tab][vc_accordion_tab title=&#8221;5.- Configura\u00e7\u00f5es de cookies&#8221;][vc_column_text]O usu\u00e1rio pode bloquear os cookies por meio das ferramentas de configura\u00e7\u00e3o do navegador ou pode configurar seu navegador para avis\u00e1-lo quando um servidor quiser salvar um cookie.<\/p>\n<ul>\n<li>Se voc\u00ea usa o Microsoft Internet Explorer, encontrar\u00e1 a op\u00e7\u00e3o no menu Ferramentas &gt; Op\u00e7\u00f5es da Internet &gt; Privacidade &gt; Configura\u00e7\u00f5es.<\/li>\n<\/ul>\n<p>Mais informa\u00e7\u00f5es em <a href=\"http:\/\/windows.microsoft.com\/es-es\/\" target=\"_blank\" rel=\"noopener\">http:\/\/windows.microsoft.com\/es-es\/<\/a><\/p>\n<ul>\n<li>Se voc\u00ea usa o Firefox, encontrar\u00e1 a op\u00e7\u00e3o no menu Ferramentas &gt; Op\u00e7\u00f5es &gt; Privacidade &gt; Cookies.<\/li>\n<\/ul>\n<p>Mais informa\u00e7\u00f5es em <a href=\"http:\/\/support.mozilla.org\/es\/kb\/habilitar-y-deshabilitar-Cookies-que-los-sitios-we\" target=\"_blank\" rel=\"noopener\">http:\/\/support.mozilla.org\/es\/kb\/habilitar-y-deshabilitar-Cookies-que-los-sitios-we<\/a><\/p>\n<ul>\n<li>Se voc\u00ea usa o Chrome, em Op\u00e7\u00f5es &gt; Op\u00e7\u00f5es avan\u00e7adas &gt; Privacidad.<\/li>\n<\/ul>\n<p>Mais informa\u00e7\u00f5es em <a href=\"https:\/\/support.google.com\/accounts\/answer\/61416?hl=es\" target=\"_blank\" rel=\"noopener\">https:\/\/support.google.com\/accounts\/answer\/61416?hl=es<\/a><\/p>\n<ul>\n<li>Se voc\u00ea usa o Opera, na op\u00e7\u00e3o Seguran\u00e7a e privacidade, pode configurar o navegador.<\/li>\n<\/ul>\n<p>Mais informa\u00e7\u00f5es em <a href=\"http:\/\/help.opera.com\/Windows\/11.50\/es-ES\/cookies.html\" target=\"_blank\" rel=\"noopener\">http:\/\/help.opera.com\/Windows\/11.50\/es-ES\/cookies.html<\/a><\/p>\n<ul>\n<li>Se voc\u00ea usa o Safari, encontrar\u00e1 a op\u00e7\u00e3o no menu Preferences\/Privacy (Prefer\u00eancias\/Privacidade).<\/li>\n<\/ul>\n<p>Mais informa\u00e7\u00f5es em: <a href=\"http:\/\/support.apple.com\/kb\/HT1677?viewlocale=es_ES\" target=\"_blank\" rel=\"noopener\">http:\/\/support.apple.com\/kb\/HT1677?viewlocale=es_ES<\/a>[\/vc_column_text][\/vc_accordion_tab][\/vc_accordion][\/vc_column][\/vc_row]<\/p>\n<\/div>","protected":false},"excerpt":{"rendered":"<p>[vc_row][vc_column][vc_column_text]O objetivo desta pol\u00edtica \u00e9 definir o uso de cookies no site http:\/\/www.arteconfort.com, bem como fornecer informa\u00e7\u00f5es aos usu\u00e1rios e visitantes do site http:\/\/www.arteconfort.com em rela\u00e7\u00e3o ao uso de cookies e aos meios de configura\u00e7\u00e3o de seus navegadores. O uso dos servi\u00e7os oferecidos pelo site https:\/\/www.arteconfort.com implica a aceita\u00e7\u00e3o total e sem reservas desta pol\u00edtica [&hellip;]<\/p>\n","protected":false},"author":1,"featured_media":0,"parent":0,"menu_order":0,"comment_status":"closed","ping_status":"closed","template":"","meta":{"footnotes":""},"class_list":["post-13230","page","type-page","status-publish","hentry"],"yoast_head":"<!-- This site is optimized with the Yoast SEO plugin v26.5 - https:\/\/yoast.com\/wordpress\/plugins\/seo\/ -->\n<title>Pol\u00edtica de cookies - Arteconfort<\/title>\n<meta name=\"description\" content=\"O objetivo desta pol\u00edtica \u00e9 definir o uso de cookies no site http:\/\/www.arteconfort.com, bem como fornecer informa\u00e7\u00f5es aos usu\u00e1rios e visitantes do site\" \/>\n<meta name=\"robots\" content=\"noindex, nofollow\" \/>\n<meta property=\"og:locale\" content=\"pt_BR\" \/>\n<meta property=\"og:type\" content=\"article\" \/>\n<meta property=\"og:title\" content=\"Pol\u00edtica de cookies - Arteconfort\" \/>\n<meta property=\"og:description\" content=\"O objetivo desta pol\u00edtica \u00e9 definir o uso de cookies no site http:\/\/www.arteconfort.com, bem como fornecer informa\u00e7\u00f5es aos usu\u00e1rios e visitantes do site\" \/>\n<meta property=\"og:url\" content=\"https:\/\/arteconfort.com\/pt-br\/politica-de-cookies\/\" \/>\n<meta property=\"og:site_name\" content=\"Arteconfort\" \/>\n<meta property=\"article:modified_time\" content=\"2024-08-26T12:14:21+00:00\" \/>\n<meta name=\"twitter:card\" content=\"summary_large_image\" \/>\n<meta name=\"twitter:label1\" content=\"Est. tempo de leitura\" \/>\n\t<meta name=\"twitter:data1\" content=\"8 minutos\" \/>\n<!-- \/ Yoast SEO plugin. -->","yoast_head_json":{"title":"Pol\u00edtica de cookies - Arteconfort","description":"O objetivo desta pol\u00edtica \u00e9 definir o uso de cookies no site http:\/\/www.arteconfort.com, bem como fornecer informa\u00e7\u00f5es aos usu\u00e1rios e visitantes do site","robots":{"index":"noindex","follow":"nofollow"},"og_locale":"pt_BR","og_type":"article","og_title":"Pol\u00edtica de cookies - Arteconfort","og_description":"O objetivo desta pol\u00edtica \u00e9 definir o uso de cookies no site http:\/\/www.arteconfort.com, bem como fornecer informa\u00e7\u00f5es aos usu\u00e1rios e visitantes do site","og_url":"https:\/\/arteconfort.com\/pt-br\/politica-de-cookies\/","og_site_name":"Arteconfort","article_modified_time":"2024-08-26T12:14:21+00:00","twitter_card":"summary_large_image","twitter_misc":{"Est. tempo de leitura":"8 minutos"},"schema":{"@context":"https:\/\/schema.org","@graph":[{"@type":"WebPage","@id":"https:\/\/arteconfort.com\/pt-br\/politica-de-cookies\/","url":"https:\/\/arteconfort.com\/pt-br\/politica-de-cookies\/","name":"Pol\u00edtica de cookies - Arteconfort","isPartOf":{"@id":"https:\/\/arteconfort.com\/pt-br\/#website"},"datePublished":"2019-07-30T11:20:08+00:00","dateModified":"2024-08-26T12:14:21+00:00","description":"O objetivo desta pol\u00edtica \u00e9 definir o uso de cookies no site http:\/\/www.arteconfort.com, bem como fornecer informa\u00e7\u00f5es aos usu\u00e1rios e visitantes do site","breadcrumb":{"@id":"https:\/\/arteconfort.com\/pt-br\/politica-de-cookies\/#breadcrumb"},"inLanguage":"pt-BR","potentialAction":[{"@type":"ReadAction","target":["https:\/\/arteconfort.com\/pt-br\/politica-de-cookies\/"]}]},{"@type":"BreadcrumbList","@id":"https:\/\/arteconfort.com\/pt-br\/politica-de-cookies\/#breadcrumb","itemListElement":[{"@type":"ListItem","position":1,"name":"Inicio","item":"https:\/\/arteconfort.com\/pt-br\/"},{"@type":"ListItem","position":2,"name":"Pol\u00edtica de cookies"}]},{"@type":"WebSite","@id":"https:\/\/arteconfort.com\/pt-br\/#website","url":"https:\/\/arteconfort.com\/pt-br\/","name":"Arteconfort","description":"Especialistas en productos del hogar","publisher":{"@id":"https:\/\/arteconfort.com\/pt-br\/#organization"},"potentialAction":[{"@type":"SearchAction","target":{"@type":"EntryPoint","urlTemplate":"https:\/\/arteconfort.com\/pt-br\/?s={search_term_string}"},"query-input":{"@type":"PropertyValueSpecification","valueRequired":true,"valueName":"search_term_string"}}],"inLanguage":"pt-BR"},{"@type":"Organization","@id":"https:\/\/arteconfort.com\/pt-br\/#organization","name":"Arteconfort","url":"https:\/\/arteconfort.com\/pt-br\/","logo":{"@type":"ImageObject","inLanguage":"pt-BR","@id":"https:\/\/arteconfort.com\/pt-br\/#\/schema\/logo\/image\/","url":"https:\/\/arteconfort.com\/wp-content\/uploads\/2019\/07\/logo-arteconfort.png","contentUrl":"https:\/\/arteconfort.com\/wp-content\/uploads\/2019\/07\/logo-arteconfort.png","width":230,"height":88,"caption":"Arteconfort"},"image":{"@id":"https:\/\/arteconfort.com\/pt-br\/#\/schema\/logo\/image\/"}}]}},"_links":{"self":[{"href":"https:\/\/arteconfort.com\/pt-br\/wp-json\/wp\/v2\/pages\/13230","targetHints":{"allow":["GET"]}}],"collection":[{"href":"https:\/\/arteconfort.com\/pt-br\/wp-json\/wp\/v2\/pages"}],"about":[{"href":"https:\/\/arteconfort.com\/pt-br\/wp-json\/wp\/v2\/types\/page"}],"author":[{"embeddable":true,"href":"https:\/\/arteconfort.com\/pt-br\/wp-json\/wp\/v2\/users\/1"}],"replies":[{"embeddable":true,"href":"https:\/\/arteconfort.com\/pt-br\/wp-json\/wp\/v2\/comments?post=13230"}],"version-history":[{"count":0,"href":"https:\/\/arteconfort.com\/pt-br\/wp-json\/wp\/v2\/pages\/13230\/revisions"}],"wp:attachment":[{"href":"https:\/\/arteconfort.com\/pt-br\/wp-json\/wp\/v2\/media?parent=13230"}],"curies":[{"name":"wp","href":"https:\/\/api.w.org\/{rel}","templated":true}]}}