{"id":13232,"date":"2019-07-30T10:09:31","date_gmt":"2019-07-30T08:09:31","guid":{"rendered":"https:\/\/arteconfort.com\/aviso-legal\/"},"modified":"2024-09-12T11:10:56","modified_gmt":"2024-09-12T09:10:56","slug":"aviso-legal","status":"publish","type":"page","link":"https:\/\/arteconfort.com\/pt-br\/aviso-legal\/","title":{"rendered":"Aviso legal"},"content":{"rendered":"<div class=\"wpb-content-wrapper\"><p>[vc_row][vc_column][vc_column_text]Para acessar nossos servi\u00e7os, voc\u00ea declara que \u00e9 <strong>maior de idade<\/strong> e que tem capacidade legal suficiente para usar nossos servi\u00e7os, de acordo com a legisla\u00e7\u00e3o nacional. O acesso e a navega\u00e7\u00e3o no site, ou o uso de seus servi\u00e7os, implicam a aceita\u00e7\u00e3o expressa e integral de todas e cada uma destas Condi\u00e7\u00f5es Gerais, incluindo as Condi\u00e7\u00f5es Especiais estabelecidas para determinadas promo\u00e7\u00f5es, bem como as Pol\u00edticas de Privacidade e de Cookies, relacionadas aos regulamentos em vigor sobre o assunto de Prote\u00e7\u00e3o de Dados Pessoais. Recomendamos que voc\u00ea as leia atentamente para saber que tipo de dados s\u00e3o coletados por meio de nosso site, para quais finalidades e quais direitos relacionados a eles lhe dizem respeito.[\/vc_column_text][vc_empty_space height=&#8221;20px&#8221;][vc_accordion collapsible=&#8221;true&#8221;][vc_accordion_tab title=&#8221;1 &#8211; Informa\u00e7\u00f5es legais&#8221;][vc_column_text]Em conformidade com a Lei 34\/2002, de 11 de julho, de Servi\u00e7os da Sociedade da Informa\u00e7\u00e3o e Com\u00e9rcio Eletr\u00f4nico, os dados de identifica\u00e7\u00e3o do propriet\u00e1rio do Portal da Web s\u00e3o: ARTECONFORT HOTEL, S.L. C\/ Homero, 30, bloque 1, Planta 1 28341 Valdemoro (Madrid) CIF B87621975 Registro Mercantil de Madrid: Tomo 35.166; Folio 174; Secci\u00f3n 8; Hoja M-632365; Inscripci\u00f3n 1 Para qualquer d\u00favida ou consulta, entre em contato conosco pelo telefone 918012576 ou pelo e-mail: info(arroba)arteconfort. com O acesso \u00e0 Web implica a aceita\u00e7\u00e3o expressa pelo usu\u00e1rio das presentes Condi\u00e7\u00f5es Gerais de Uso, que podem ser total ou parcialmente modificadas ou substitu\u00eddas por outras, por seu propriet\u00e1rio e a qualquer momento, sem aviso pr\u00e9vio. Recomendamos que voc\u00ea acesse as presentes condi\u00e7\u00f5es periodicamente para verificar poss\u00edveis modifica\u00e7\u00f5es, que ser\u00e3o publicadas na mesma se\u00e7\u00e3o.[\/vc_column_text][\/vc_accordion_tab][vc_accordion_tab title=&#8221;2.- Condi\u00e7\u00f5es gerais de uso&#8221;][vc_column_text]As seguintes Condi\u00e7\u00f5es Gerais regulam o uso e o acesso ao site, com o objetivo de estabelecer diretrizes para seu uso e comportamento adequados. O ARTECONFORT HOTEL, S.L., fornece aos usu\u00e1rios informa\u00e7\u00f5es sobre o uso, os servi\u00e7os e os conte\u00fados hospedados no site. Por meio dele, o usu\u00e1rio tem acesso a informa\u00e7\u00f5es sobre produtos e servi\u00e7os espec\u00edficos, ferramentas e aplicativos. Os dados e informa\u00e7\u00f5es sobre produtos ou servi\u00e7os, pre\u00e7os e caracter\u00edsticas ou outros dados relevantes oferecidos por meio do site s\u00e3o realizados, fornecidos e atualizados por Fornecedores e empresas terceirizadas. O ARTECONFORT HOTEL, S.L. n\u00e3o \u00e9, em nenhum caso, respons\u00e1vel por esses dados e informa\u00e7\u00f5es, nem assume nenhuma obriga\u00e7\u00e3o com rela\u00e7\u00e3o aos mesmos. O Usu\u00e1rio se compromete a fazer uso adequado dos conte\u00fados, servi\u00e7os, aplicativos e ferramentas acess\u00edveis, sujeito \u00e0 Lei e \u00e0s presentes Condi\u00e7\u00f5es Gerais de Uso e, se for o caso, \u00e0s Condi\u00e7\u00f5es Particulares que possam ser estabelecidas para o acesso a determinados servi\u00e7os e aplicativos, respeitando sempre os demais Usu\u00e1rios dos mesmos. Em caso de descumprimento total e\/ou parcial por parte do Usu\u00e1rio das presentes Condi\u00e7\u00f5es Gerais de Uso, ARTECONFORT HOTEL, S.L. se reserva o direito de negar o acesso ao Site, sem aviso pr\u00e9vio ao Usu\u00e1rio.[\/vc_column_text][\/vc_accordion_tab][vc_accordion_tab title=&#8221;3.- Obriga\u00e7\u00f5es gerais do usu\u00e1rio&#8221;][vc_column_text]Ao aceitar estas Condi\u00e7\u00f5es Gerais de Uso, o Usu\u00e1rio concorda expressamente em: <\/p>\n<ul>\n<li>N\u00e3o realizar qualquer a\u00e7\u00e3o que vise a danificar, bloquear, prejudicar, inutilizar, sobrecarregar, tempor\u00e1ria ou permanentemente, as funcionalidades, ferramentas, conte\u00fados e\/ou infraestrutura do site, de forma a impedir sua normal utiliza\u00e7\u00e3o.<\/li>\n<li>Proteger e manter a confidencialidade dos c\u00f3digos de acesso associados ao seu nome de usu\u00e1rio, sendo respons\u00e1vel pelo uso de tais c\u00f3digos de acesso pessoais e intransfer\u00edveis por terceiros.<\/li>\n<li>N\u00e3o introduzir ou realizar conte\u00fados caluniosos ou difamat\u00f3rios, tanto de outros Usu\u00e1rios como de empresas terceiras alheias \u00e0 ARTECONFORT HOTEL, S.L.<\/li>\n<li>N\u00e3o utilizar nenhum dos materiais e informa\u00e7\u00f5es contidos neste Site com fins il\u00edcitos e\/ou expressamente proibidos nas presentes Condi\u00e7\u00f5es Gerais de Uso, bem como nas condi\u00e7\u00f5es particulares que, se for o caso, sejam estabelecidas para determinadas aplica\u00e7\u00f5es e\/ou utilidades e que sejam contr\u00e1rias aos direitos e interesses do ARTECONFORT HOTEL, S.L., de seus usu\u00e1rios e\/ou de terceiros.<\/li>\n<li>N\u00e3o oferecer ou distribuir produtos e servi\u00e7os, nem realizar publicidade ou comunica\u00e7\u00f5es comerciais n\u00e3o solicitadas a outros Usu\u00e1rios e visitantes do ARTECONFORT HOTEL, S.L.<\/li>\n<\/ul>\n<p> O Usu\u00e1rio ser\u00e1 respons\u00e1vel por todos os danos e preju\u00edzos de qualquer natureza que a ARTECONFORT HOTEL, S.L. ou qualquer terceiro possa sofrer como consequ\u00eancia do descumprimento de qualquer uma das obriga\u00e7\u00f5es \u00e0s quais esteja sujeito em virtude das presentes \u201cCondi\u00e7\u00f5es Gerais de Uso\u201d ou da lei em rela\u00e7\u00e3o ao acesso e\/ou utiliza\u00e7\u00e3o da p\u00e1gina.[\/vc_column_text][\/vc_accordion_tab][vc_accordion_tab title=&#8221;4.- Propriedade intelectual e industrial&#8221;][vc_column_text]O site, as p\u00e1ginas que o comp\u00f5em e as informa\u00e7\u00f5es ou elementos contidos nele (incluindo textos, documentos, fotografias, desenhos, representa\u00e7\u00f5es gr\u00e1ficas, que s\u00e3o de propriedade ou de terceiros que autorizam o propriet\u00e1rio a us\u00e1-los, entre outros, bem como logotipos, marcas, nomes comerciais ou outros sinais distintivos, s\u00e3o protegidos por direitos de propriedade intelectual e\/ou industrial, dos quais ARTECONFORT HOTEL, S.L. \u00e9 o propriet\u00e1rio ou possui autoriza\u00e7\u00e3o para seu uso e comunica\u00e7\u00e3o p\u00fablica dos leg\u00edtimos propriet\u00e1rios dos mesmos. O usu\u00e1rio est\u00e1 obrigado a utilizar os conte\u00fados de forma diligente e correta, de acordo com a lei, a moral e a ordem p\u00fablica. ARTECONFORT HOTEL, S.L. autoriza o usu\u00e1rio a visualizar as informa\u00e7\u00f5es contidas neste site, bem como a fazer reprodu\u00e7\u00f5es privadas (simples atividade de download e armazenamento em seus sistemas inform\u00e1ticos), desde que os elementos sejam destinados exclusivamente para uso pessoal. Em nenhum caso isso implica qualquer autoriza\u00e7\u00e3o ou licen\u00e7a sobre os direitos de propriedade da ARTECONFORT HOTEL, S.L. ou dos leg\u00edtimos propriet\u00e1rios dos mesmos. O usu\u00e1rio n\u00e3o est\u00e1 autorizado a proceder \u00e0 distribui\u00e7\u00e3o, modifica\u00e7\u00e3o, transfer\u00eancia ou comunica\u00e7\u00e3o p\u00fablica das informa\u00e7\u00f5es contidas neste site, sob qualquer forma e para qualquer finalidade.[\/vc_column_text][\/vc_accordion_tab][vc_accordion_tab title=&#8221;5.- Links&#8221;][vc_column_text]As conex\u00f5es e links para sites ou p\u00e1ginas da Web de terceiros foram estabelecidos apenas como uma utilidade para o usu\u00e1rio. O ARTECONFORT HOTEL, S.L. n\u00e3o se responsabiliza de forma alguma por eles ou por seu conte\u00fado. O ARTECONFORT HOTEL, S.L. n\u00e3o assume qualquer responsabilidade derivada da exist\u00eancia de links entre os conte\u00fados deste site e conte\u00fados localizados fora do mesmo ou qualquer outra men\u00e7\u00e3o de conte\u00fados externos a este site. Tais links ou men\u00e7\u00f5es t\u00eam car\u00e1ter meramente informativo e n\u00e3o implicam, em nenhum caso, apoio, aprova\u00e7\u00e3o, comercializa\u00e7\u00e3o ou qualquer rela\u00e7\u00e3o entre o ARTECONFORT HOTEL, S.L. e as pessoas ou entidades autoras e\/ou gestoras de tais conte\u00fados ou propriet\u00e1rias dos sites em que se encontram. Para a cria\u00e7\u00e3o de links para o site, ser\u00e1 necess\u00e1ria a autoriza\u00e7\u00e3o expressa e por escrito dos propriet\u00e1rios do portal.[\/vc_column_text][\/vc_accordion_tab][vc_accordion_tab title=&#8221;6.- Responsabilidade&#8221;][vc_column_text]O ARTECONFORT HOTEL, S.L. n\u00e3o garante o acesso cont\u00ednuo, nem a correta visualiza\u00e7\u00e3o, download ou utiliza\u00e7\u00e3o dos elementos e informa\u00e7\u00f5es contidos nas p\u00e1ginas do portal, que podem ser impedidos, dificultados ou interrompidos por fatores ou circunst\u00e2ncias alheios ou fora de seu controle, nem aqueles causados pela exist\u00eancia de v\u00edrus inform\u00e1ticos na Internet. O ARTECONFORT HOTEL, S.L. n\u00e3o assume qualquer responsabilidade por danos, perdas, reclama\u00e7\u00f5es ou despesas causadas por:  <\/p>\n<ol>\n<li>Interfer\u00eancias, interrup\u00e7\u00f5es, falhas, omiss\u00f5es, atrasos, bloqueios ou desconex\u00f5es causadas por erros nas linhas e redes de telecomunica\u00e7\u00f5es ou por qualquer outra causa fora do controle do ARTECONFORT HOTEL, S.L.<\/li>\n<li>Interfer\u00eancia ilegal por meio do uso de software malicioso de qualquer tipo e por qualquer meio de comunica\u00e7\u00e3o, como v\u00edrus de computador ou qualquer outro meio;<\/li>\n<li>Uso indevido ou inadequado do site da ARTECONFORT HOTEL, S.L.<\/li>\n<li>Erros de seguran\u00e7a ou de navega\u00e7\u00e3o causados por um mau funcionamento do navegador ou pelo uso de vers\u00f5es desatualizadas.<\/li>\n<\/ol>\n<p> O ARTECONFORT HOTEL, S.L. n\u00e3o se responsabiliza e, em nenhum caso, responder\u00e1 perante os usu\u00e1rios e terceiros pelas a\u00e7\u00f5es de terceiros n\u00e3o relacionados com o ARTECONFORT HOTEL, S.L. que impliquem ou possam implicar a realiza\u00e7\u00e3o de atos de concorr\u00eancia desleal e publicidade il\u00edcita ou a viola\u00e7\u00e3o de direitos de propriedade intelectual e industrial, segredos empresariais, compromissos contratuais de qualquer tipo, direitos \u00e0 honra, \u00e0 intimidade pessoal e familiar e \u00e0 imagem, direitos de propriedade e quaisquer outros direitos pertencentes a terceiros pela transmiss\u00e3o, difus\u00e3o, armazenamento, disponibiliza\u00e7\u00e3o, recep\u00e7\u00e3o, obten\u00e7\u00e3o ou acesso aos conte\u00fados.[\/vc_column_text][\/vc_accordion_tab][vc_accordion_tab title=&#8221;7.- Prote\u00e7\u00e3o de dados pessoais&#8221;][vc_column_text]Toda a pol\u00edtica de processamento de dados pessoais pode ser encontrada na Pol\u00edtica de Privacidade, que \u00e9 parte integrante destas Condi\u00e7\u00f5es Gerais, mas que, para simplificar, foi colocada em um documento separado: <a href=\"https:\/\/arteconfort.com\/pt-br\/politica-de-privacidad\/\">Pol\u00edtica de Privacidade<\/a>.[\/vc_column_text][\/vc_accordion_tab][vc_accordion_tab title=&#8221;8 &#8211; Legisla\u00e7\u00e3o&#8221;][vc_column_text]Este Aviso Legal e seus termos e condi\u00e7\u00f5es ser\u00e3o regidos e interpretados de acordo com a legisla\u00e7\u00e3o espanhola. O usu\u00e1rio, pelo simples fato de acessar o site ou de obter o status de usu\u00e1rio registrado, concede irrevogavelmente seu consentimento aos Tribunais competentes para julgar qualquer a\u00e7\u00e3o legal decorrente ou relacionada a estas condi\u00e7\u00f5es, ou ao seu uso deste Site ou navega\u00e7\u00e3o no mesmo. Se qualquer cl\u00e1usula ou se\u00e7\u00e3o destas Condi\u00e7\u00f5es Gerais, que n\u00e3o seja de natureza essencial para a exist\u00eancia das mesmas, for declarada nula e sem efeito ou inaplic\u00e1vel, a validade das cl\u00e1usulas restantes n\u00e3o ser\u00e1 afetada.[\/vc_column_text][\/vc_accordion_tab][vc_accordion_tab title=&#8221;9.- Pol\u00edtica de compras&#8221;][vc_column_text]O ARTECONFORT HOTEL, S.L. comunica seu conhecimento da Diretiva Europeia de Efici\u00eancia Energ\u00e9tica 2012\/27\/UE, de modo que, para a aquisi\u00e7\u00e3o de produtos, equipamentos e\/ou servi\u00e7os que possam ter impacto nas instala\u00e7\u00f5es e equipamentos do ARTECONFORT HOTEL, S.L., ser\u00e1 levada em considera\u00e7\u00e3o uma s\u00e9rie de requisitos de efici\u00eancia energ\u00e9tica, que ser\u00e3o comunicados ao fornecedor. Em conformidade com a norma UNE-EN-ISO 9001:2015, os fornecedores de materiais e servi\u00e7os prestados ser\u00e3o monitorados para garantir o cumprimento dos requisitos especificados. Os crit\u00e9rios de avalia\u00e7\u00e3o dos fornecedores s\u00e3o:   <\/p>\n<ul>\n<li>Com certificado (ISO 9001, ISO 14001, ISO 50001 e ISO 45001) ser\u00e1 classificado como CLASSE A.<\/li>\n<li>Se o fornecedor\/subcontratado for o \u00fanico\/subcontratado imposto pelo cliente, ele dever\u00e1 ser classificado como CLASSE A.<\/li>\n<li>O fornecedor\/subcontratado com refer\u00eancias externas deve ser classificado como CLASSE A.<\/li>\n<li>Se nenhuma das tr\u00eas caracter\u00edsticas anteriores for atendida, ser\u00e1 a Arteconfort Hotel que avaliar\u00e1 os fornecedores com uma pontua\u00e7\u00e3o de 0 a 10, sendo 0 o m\u00ednimo e 10 o m\u00e1ximo. Avaliando a qualidade do servi\u00e7o prestado, o pre\u00e7o, o cumprimento do prazo de entrega e a entrega da documenta\u00e7\u00e3o. Dependendo dos resultados, eles ser\u00e3o classificados:\n<ul>\n<li>Os fornecedores\/subcontratados cuja pontua\u00e7\u00e3o for &lt;20, s\u00e3o considerados fornecedores\/subcontratados <strong>n\u00e3o aprovados<\/strong>.<\/li>\n<li>Os fornecedores\/subcontratados com uma pontua\u00e7\u00e3o entre 20 e 30 s\u00e3o considerados fornecedores\/subcontratados <strong>Classe B<\/strong>.<\/li>\n<li>Os fornecedores\/subcontratados cuja pontua\u00e7\u00e3o \u00e9 &gt;30, s\u00e3o considerados fornecedores\/subcontratados <strong>Classe A<\/strong>.<\/li>\n<\/ul>\n<\/li>\n<\/ul>\n<p> Em conformidade com a norma UNE-EN-ISO 50.001:2018 para a aquisi\u00e7\u00e3o de produtos, equipamentos e\/ou instala\u00e7\u00f5es, o Arteconfort Hotel levar\u00e1 em conta os requisitos dessa norma para melhorar a economia de energia.[\/vc_column_text][\/vc_accordion_tab][\/vc_accordion][\/vc_column][\/vc_row]<\/p>\n<\/div>","protected":false},"excerpt":{"rendered":"<p>[vc_row][vc_column][vc_column_text]Para acessar nossos servi\u00e7os, voc\u00ea declara que \u00e9 maior de idade e que tem capacidade legal suficiente para usar nossos servi\u00e7os, de acordo com a legisla\u00e7\u00e3o nacional. O acesso e a navega\u00e7\u00e3o no site, ou o uso de seus servi\u00e7os, implicam a aceita\u00e7\u00e3o expressa e integral de todas e cada uma destas Condi\u00e7\u00f5es Gerais, incluindo [&hellip;]<\/p>\n","protected":false},"author":1,"featured_media":0,"parent":0,"menu_order":0,"comment_status":"closed","ping_status":"closed","template":"","meta":{"footnotes":""},"class_list":["post-13232","page","type-page","status-publish","hentry"],"yoast_head":"<!-- This site is optimized with the Yoast SEO plugin v26.5 - https:\/\/yoast.com\/wordpress\/plugins\/seo\/ -->\n<title>Aviso legal - Arteconfort<\/title>\n<meta name=\"description\" content=\"Para acessar nossos servi\u00e7os, voc\u00ea declara que \u00e9 maior de idade e que tem capacidade legal suficiente para usar nossos servi\u00e7os, de acordo com a\" \/>\n<meta name=\"robots\" content=\"noindex, nofollow\" \/>\n<meta property=\"og:locale\" content=\"pt_BR\" \/>\n<meta property=\"og:type\" content=\"article\" \/>\n<meta property=\"og:title\" content=\"Aviso legal - Arteconfort\" \/>\n<meta property=\"og:description\" content=\"Para acessar nossos servi\u00e7os, voc\u00ea declara que \u00e9 maior de idade e que tem capacidade legal suficiente para usar nossos servi\u00e7os, de acordo com a\" \/>\n<meta property=\"og:url\" content=\"https:\/\/arteconfort.com\/pt-br\/aviso-legal\/\" \/>\n<meta property=\"og:site_name\" content=\"Arteconfort\" \/>\n<meta property=\"article:modified_time\" content=\"2024-09-12T09:10:56+00:00\" \/>\n<meta name=\"twitter:card\" content=\"summary_large_image\" \/>\n<meta name=\"twitter:label1\" content=\"Est. tempo de leitura\" \/>\n\t<meta name=\"twitter:data1\" content=\"15 minutos\" \/>\n<!-- \/ Yoast SEO plugin. -->","yoast_head_json":{"title":"Aviso legal - Arteconfort","description":"Para acessar nossos servi\u00e7os, voc\u00ea declara que \u00e9 maior de idade e que tem capacidade legal suficiente para usar nossos servi\u00e7os, de acordo com a","robots":{"index":"noindex","follow":"nofollow"},"og_locale":"pt_BR","og_type":"article","og_title":"Aviso legal - Arteconfort","og_description":"Para acessar nossos servi\u00e7os, voc\u00ea declara que \u00e9 maior de idade e que tem capacidade legal suficiente para usar nossos servi\u00e7os, de acordo com a","og_url":"https:\/\/arteconfort.com\/pt-br\/aviso-legal\/","og_site_name":"Arteconfort","article_modified_time":"2024-09-12T09:10:56+00:00","twitter_card":"summary_large_image","twitter_misc":{"Est. tempo de leitura":"15 minutos"},"schema":{"@context":"https:\/\/schema.org","@graph":[{"@type":"WebPage","@id":"https:\/\/arteconfort.com\/pt-br\/aviso-legal\/","url":"https:\/\/arteconfort.com\/pt-br\/aviso-legal\/","name":"Aviso legal - Arteconfort","isPartOf":{"@id":"https:\/\/arteconfort.com\/pt-br\/#website"},"datePublished":"2019-07-30T08:09:31+00:00","dateModified":"2024-09-12T09:10:56+00:00","description":"Para acessar nossos servi\u00e7os, voc\u00ea declara que \u00e9 maior de idade e que tem capacidade legal suficiente para usar nossos servi\u00e7os, de acordo com a","breadcrumb":{"@id":"https:\/\/arteconfort.com\/pt-br\/aviso-legal\/#breadcrumb"},"inLanguage":"pt-BR","potentialAction":[{"@type":"ReadAction","target":["https:\/\/arteconfort.com\/pt-br\/aviso-legal\/"]}]},{"@type":"BreadcrumbList","@id":"https:\/\/arteconfort.com\/pt-br\/aviso-legal\/#breadcrumb","itemListElement":[{"@type":"ListItem","position":1,"name":"Inicio","item":"https:\/\/arteconfort.com\/pt-br\/"},{"@type":"ListItem","position":2,"name":"Aviso legal"}]},{"@type":"WebSite","@id":"https:\/\/arteconfort.com\/pt-br\/#website","url":"https:\/\/arteconfort.com\/pt-br\/","name":"Arteconfort","description":"Especialistas en productos del hogar","publisher":{"@id":"https:\/\/arteconfort.com\/pt-br\/#organization"},"potentialAction":[{"@type":"SearchAction","target":{"@type":"EntryPoint","urlTemplate":"https:\/\/arteconfort.com\/pt-br\/?s={search_term_string}"},"query-input":{"@type":"PropertyValueSpecification","valueRequired":true,"valueName":"search_term_string"}}],"inLanguage":"pt-BR"},{"@type":"Organization","@id":"https:\/\/arteconfort.com\/pt-br\/#organization","name":"Arteconfort","url":"https:\/\/arteconfort.com\/pt-br\/","logo":{"@type":"ImageObject","inLanguage":"pt-BR","@id":"https:\/\/arteconfort.com\/pt-br\/#\/schema\/logo\/image\/","url":"https:\/\/arteconfort.com\/wp-content\/uploads\/2019\/07\/logo-arteconfort.png","contentUrl":"https:\/\/arteconfort.com\/wp-content\/uploads\/2019\/07\/logo-arteconfort.png","width":230,"height":88,"caption":"Arteconfort"},"image":{"@id":"https:\/\/arteconfort.com\/pt-br\/#\/schema\/logo\/image\/"}}]}},"_links":{"self":[{"href":"https:\/\/arteconfort.com\/pt-br\/wp-json\/wp\/v2\/pages\/13232","targetHints":{"allow":["GET"]}}],"collection":[{"href":"https:\/\/arteconfort.com\/pt-br\/wp-json\/wp\/v2\/pages"}],"about":[{"href":"https:\/\/arteconfort.com\/pt-br\/wp-json\/wp\/v2\/types\/page"}],"author":[{"embeddable":true,"href":"https:\/\/arteconfort.com\/pt-br\/wp-json\/wp\/v2\/users\/1"}],"replies":[{"embeddable":true,"href":"https:\/\/arteconfort.com\/pt-br\/wp-json\/wp\/v2\/comments?post=13232"}],"version-history":[{"count":0,"href":"https:\/\/arteconfort.com\/pt-br\/wp-json\/wp\/v2\/pages\/13232\/revisions"}],"wp:attachment":[{"href":"https:\/\/arteconfort.com\/pt-br\/wp-json\/wp\/v2\/media?parent=13232"}],"curies":[{"name":"wp","href":"https:\/\/api.w.org\/{rel}","templated":true}]}}