{"id":43219,"date":"2024-08-01T09:30:08","date_gmt":"2024-08-01T07:30:08","guid":{"rendered":"https:\/\/arteconfort.com\/politica-de-privacidad\/"},"modified":"2024-08-20T11:16:27","modified_gmt":"2024-08-20T09:16:27","slug":"politica-de-privacidad","status":"publish","type":"page","link":"https:\/\/arteconfort.com\/pt-br\/politica-de-privacidad\/","title":{"rendered":"Pol\u00edtica de privacidade"},"content":{"rendered":"<div class=\"wpb-content-wrapper\"><p>[vc_row][vc_column][vc_column_text]A Pol\u00edtica de Privacidade faz parte das Condi\u00e7\u00f5es Gerais que regem este site. <\/p>\n<h3>Quem \u00e9 respons\u00e1vel pelo processamento de seus dados?<\/h3>\n<p> ARTECONFORT HOTEL, S.L. <\/p>\n<ul>\n<li>Calle Homero, 30 Bloque 1, Puerta 1 \u2013 28341 Valdemoro (Madrid)<\/li>\n<li>CIF B87621975<\/li>\n<li>Telefone: +34 91 801 25 76<\/li>\n<li>Correio eletr\u00f4nico: info(at)arteconfort.com<\/li>\n<\/ul>\n<p> Voc\u00ea pode entrar em contato conosco da maneira que desejar. Reservamo-nos o direito de modificar ou adaptar esta Pol\u00edtica de Privacidade a qualquer momento. Recomendamos que voc\u00ea a revise e, se tiver se registrado e feito login em sua conta ou perfil, ser\u00e1 informado sobre quaisquer altera\u00e7\u00f5es. Se voc\u00ea pertence a um dos grupos a seguir, consulte as informa\u00e7\u00f5es no menu suspenso:[\/vc_column_text][vc_empty_space height=&#8221;20px&#8221;][vc_accordion collapsible=&#8221;true&#8221; active_tab=&#8221;false&#8221;][vc_accordion_tab title=&#8221;CONTATOS DA WEB OU DE E-MAIL&#8221;][vc_column_text]<\/p>\n<h4>Quais dados coletamos por meio do site?<\/h4>\n<p> Podemos processar seu endere\u00e7o IP, o sistema operacional ou o navegador que voc\u00ea usa e at\u00e9 mesmo a dura\u00e7\u00e3o da sua visita, de forma an\u00f4nima. Se nos fornecer dados no formul\u00e1rio de contato, voc\u00ea ser\u00e1 identificado para que possamos entrar em contato com voc\u00ea, se necess\u00e1rio.  <\/p>\n<h4>Para que fins processaremos seus dados pessoais?<\/h4>\n<ul>\n<li>Responder \u00e0s suas d\u00favidas, solicita\u00e7\u00f5es ou peti\u00e7\u00f5es.<\/li>\n<li>Gerenciar o servi\u00e7o solicitado, responder \u00e0 sua solicita\u00e7\u00e3o ou processar sua solicita\u00e7\u00e3o.<\/li>\n<li>Informa\u00e7\u00f5es por meios eletr\u00f4nicos sobre sua solicita\u00e7\u00e3o.<\/li>\n<li>Informa\u00e7\u00f5es comerciais ou de eventos por meios eletr\u00f4nicos, mediante autoriza\u00e7\u00e3o expressa.<\/li>\n<li>Realizar an\u00e1lises e melhorias na Web, em nossos produtos e servi\u00e7os. Aprimorar nossa estrat\u00e9gia comercial. <\/li>\n<\/ul>\n<h4>Qual \u00e9 a legitimidade para o processamento de seus dados?<\/h4>\n<p> A aceita\u00e7\u00e3o e o consentimento da parte interessada, concedidos por meio de uma a\u00e7\u00e3o volunt\u00e1ria, como nos casos em que para fazer uma solicita\u00e7\u00e3o \u00e9 necess\u00e1rio preencher um formul\u00e1rio e clicar no bot\u00e3o enviar, o preenchimento do mesmo implicar\u00e1 necessariamente que ela foi informada e deu seu consentimento expresso ao conte\u00fado da cl\u00e1usula anexa ao formul\u00e1rio ou \u00e0 aceita\u00e7\u00e3o da pol\u00edtica de privacidade. Todos os nossos formul\u00e1rios possuem o s\u00edmbolo * nos dados obrigat\u00f3rios. Caso voc\u00ea n\u00e3o forne\u00e7a esses campos ou n\u00e3o marque a caixa de sele\u00e7\u00e3o para aceita\u00e7\u00e3o da pol\u00edtica de privacidade, n\u00e3o ser\u00e1 permitido o envio das informa\u00e7\u00f5es.   <\/p>\n<h4>Por quanto tempo manteremos os dados pessoais?<\/h4>\n<p> At\u00e9 a revoga\u00e7\u00e3o do consentimento dado.[\/vc_column_text][\/vc_accordion_tab][vc_accordion_tab title=&#8221;CONTATOS DO BOLETIM INFORMATIVO&#8221;][vc_column_text]<\/p>\n<h4>Quais dados coletamos por meio do boletim informativo?<\/h4>\n<p> Na Web, voc\u00ea pode assinar o boletim informativo se nos fornecer um endere\u00e7o de e-mail, para o qual o boletim informativo ser\u00e1 enviado. Armazenaremos apenas o seu endere\u00e7o de e-mail em nosso banco de dados e enviaremos e-mails peri\u00f3dicos at\u00e9 que voc\u00ea cancele a assinatura ou que paremos de enviar e-mails. Voc\u00ea sempre ter\u00e1 a op\u00e7\u00e3o de cancelar a assinatura em qualquer comunica\u00e7\u00e3o.   <\/p>\n<h4>Para que fins processaremos seus dados pessoais?<\/h4>\n<ul>\n<li>Gerenciar o servi\u00e7o solicitado.<\/li>\n<li>Informa\u00e7\u00f5es por meios eletr\u00f4nicos sobre sua solicita\u00e7\u00e3o.<\/li>\n<li>Informa\u00e7\u00f5es comerciais ou de eventos por meios eletr\u00f4nicos, mediante autoriza\u00e7\u00e3o expressa.<\/li>\n<li>Realizar an\u00e1lises e melhorias no mailing, a fim de aprimorar nossa estrat\u00e9gia comercial.<\/li>\n<\/ul>\n<h4>Qual \u00e9 a legitimidade para o processamento de seus dados?<\/h4>\n<p> A aceita\u00e7\u00e3o e o consentimento da parte interessada. Nos casos em que voc\u00ea se inscrever, ser\u00e1 necess\u00e1rio aceitar uma caixa de sele\u00e7\u00e3o e clicar no bot\u00e3o enviar. Isso implicar\u00e1 necessariamente que voc\u00ea foi informado e deu seu consentimento expresso para receber o boletim informativo.   <\/p>\n<h4>Por quanto tempo manteremos os dados pessoais?<\/h4>\n<p> At\u00e9 a revoga\u00e7\u00e3o do consentimento dado.[\/vc_column_text][\/vc_accordion_tab][vc_accordion_tab title=&#8221;CLIENTES&#8221;][vc_column_text]<\/p>\n<h4>Para que fins processaremos seus dados pessoais?<\/h4>\n<ul>\n<li>Prepara\u00e7\u00e3o do or\u00e7amento e seu acompanhamento por meio de comunica\u00e7\u00f5es entre ambas as partes.<\/li>\n<li>Informa\u00e7\u00f5es por meios eletr\u00f4nicos sobre sua solicita\u00e7\u00e3o.<\/li>\n<li>Informa\u00e7\u00f5es comerciais ou de eventos por meios eletr\u00f4nicos, mediante autoriza\u00e7\u00e3o expressa.<\/li>\n<li>Gerenciar os servi\u00e7os administrativos, de comunica\u00e7\u00e3o e log\u00edsticos fornecidos pela Diretoria.<\/li>\n<li>Faturamento e declara\u00e7\u00e3o dos impostos apropriados.<\/li>\n<li>Realizar as transa\u00e7\u00f5es relevantes.<\/li>\n<li>Gerenciamento de controle e recupera\u00e7\u00e3o.<\/li>\n<\/ul>\n<h4>Qual \u00e9 a legitimidade para o processamento de seus dados?<\/h4>\n<p> A exist\u00eancia de uma rela\u00e7\u00e3o contratual entre as partes. O processamento \u00e9 necess\u00e1rio para a execu\u00e7\u00e3o de um contrato do qual o titular dos dados \u00e9 parte ou para a implementa\u00e7\u00e3o de medidas pr\u00e9-contratuais a pedido do titular dos dados.  <\/p>\n<h4>Por quanto tempo manteremos os dados pessoais?<\/h4>\n<p> Pela dura\u00e7\u00e3o das rela\u00e7\u00f5es entre as partes e pelos prazos de prescri\u00e7\u00e3o delas decorrentes.[\/vc_column_text][\/vc_accordion_tab][vc_accordion_tab title=&#8221;PESQUISAS DE QUALIDADE&#8221;][vc_column_text]<\/p>\n<h4>Para que fins processaremos seus dados pessoais?<\/h4>\n<ul>\n<li>Avaliar o grau de qualidade do servi\u00e7o prestado.<\/li>\n<li>Melhorar os servi\u00e7os oferecidos, em virtude da conformidade com as normas ISO<\/li>\n<\/ul>\n<h4>Qual \u00e9 a legitimidade para o processamento de seus dados?<\/h4>\n<p> A base legal \u00e9 o consentimento expresso do entrevistado. <\/p>\n<h4>Por quanto tempo manteremos os dados pessoais?<\/h4>\n<p> At\u00e9 a revoga\u00e7\u00e3o do consentimento dado.[\/vc_column_text][\/vc_accordion_tab][vc_accordion_tab title=&#8221;FORNECEDORES&#8221;][vc_column_text]<\/p>\n<h4><strong>Para que fins processaremos seus dados pessoais?<\/strong><\/h4>\n<ul>\n<li>Informa\u00e7\u00f5es por meios eletr\u00f4nicos sobre sua solicita\u00e7\u00e3o.<\/li>\n<li>Informa\u00e7\u00f5es comerciais ou de eventos por meios eletr\u00f4nicos, mediante autoriza\u00e7\u00e3o expressa.<\/li>\n<li>Gerenciar os servi\u00e7os administrativos, de comunica\u00e7\u00e3o e log\u00edsticos fornecidos pela Diretoria.<\/li>\n<li>Faturamento.<\/li>\n<li>Realizar as transa\u00e7\u00f5es relevantes.<\/li>\n<li>Faturamento e declara\u00e7\u00e3o dos impostos apropriados.<\/li>\n<li>Gerenciamento de controle e recupera\u00e7\u00e3o.<\/li>\n<\/ul>\n<h4><strong>Qual \u00e9 a legitimidade para o processamento de seus dados?<\/strong><\/h4>\n<p> A base legal \u00e9 a aceita\u00e7\u00e3o de uma rela\u00e7\u00e3o contratual ou, alternativamente, o seu consentimento para entrar em contato conosco ou nos oferecer seus produtos por qualquer meio. <\/p>\n<h4><strong>Por quanto tempo manteremos os dados pessoais?<\/strong><\/h4>\n<p> Pela dura\u00e7\u00e3o das rela\u00e7\u00f5es entre as partes e pelos prazos de prescri\u00e7\u00e3o delas decorrentes.[\/vc_column_text][\/vc_accordion_tab][vc_accordion_tab title=&#8221;CONTATOS DE M\u00cdDIA SOCIAL&#8221;][vc_column_text]<\/p>\n<h4>Para que fins processaremos seus dados pessoais?<\/h4>\n<ul>\n<li>Responder \u00e0s suas d\u00favidas, solicita\u00e7\u00f5es ou peti\u00e7\u00f5es.<\/li>\n<li>Gerenciar o servi\u00e7o solicitado, responder \u00e0 sua solicita\u00e7\u00e3o ou processar sua solicita\u00e7\u00e3o.<\/li>\n<li>Envolva-se com voc\u00ea e crie uma comunidade de seguidores.<\/li>\n<\/ul>\n<h4>Qual \u00e9 a legitimidade para o processamento de seus dados?<\/h4>\n<p> As bases que legitimam o processamento s\u00e3o o consentimento volunt\u00e1rio da parte interessada em entrar em contato e, quando apropriado, a aceita\u00e7\u00e3o de uma rela\u00e7\u00e3o contratual no ambiente da rede social correspondente. O processamento de dados dentro da rede social ser\u00e1 realizado de acordo com suas pol\u00edticas de privacidade.  <\/p>\n<h4>Por quanto tempo manteremos os dados pessoais?<\/h4>\n<p> S\u00f3 podemos consultar ou cancelar a assinatura de seus dados de forma restrita quando voc\u00ea tiver um perfil espec\u00edfico. N\u00f3s os trataremos desde que voc\u00ea nos permita ao nos seguir, ser amigo ou dar \u201clike\u201d, \u201cfollow\u201d ou bot\u00f5es similares. Qualquer retifica\u00e7\u00e3o de seus dados ou restri\u00e7\u00e3o de informa\u00e7\u00f5es ou publica\u00e7\u00f5es deve ser feita por meio da configura\u00e7\u00e3o de seu perfil ou usu\u00e1rio na pr\u00f3pria rede social.[\/vc_column_text][\/vc_accordion_tab][vc_accordion_tab title=&#8221;CANDIDATOS A EMPREGO&#8221;][vc_column_text]<\/p>\n<h4>Para que fins processaremos seus dados pessoais?<\/h4>\n<ul>\n<li>Organiza\u00e7\u00e3o de processos seletivos para o recrutamento de funcion\u00e1rios.<\/li>\n<li>Chamar voc\u00ea para entrevistas de emprego e avaliar sua candidatura.<\/li>\n<li>Se voc\u00ea nos deu seu consentimento, poderemos repass\u00e1-lo a empresas colaboradoras ou relacionadas com o \u00fanico objetivo de ajud\u00e1-lo a encontrar emprego.<\/li>\n<li>Se voc\u00ea marcar a caixa de sele\u00e7\u00e3o para aceitar a pol\u00edtica de privacidade, estar\u00e1 nos dando seu consentimento para transferir sua candidatura a emprego para as entidades que comp\u00f5em o grupo de empresas, a fim de inclu\u00ed-lo em seus processos de recrutamento.<\/li>\n<\/ul>\n<p> Informamos tamb\u00e9m que, um ano ap\u00f3s o recebimento do seu curr\u00edculo, procederemos \u00e0 sua destrui\u00e7\u00e3o segura. <\/p>\n<h4>Qual \u00e9 a legitimidade para o processamento de seus dados?<\/h4>\n<p> A base leg\u00edtima para o processamento de seus dados pessoais \u00e9 a implementa\u00e7\u00e3o de medidas pr\u00e9-contratuais a pedido do titular dos dados, seja quando voc\u00ea se candidata a uma de nossas ofertas de emprego ou quando envia voluntariamente sua candidatura n\u00e3o solicitada. <\/p>\n<h4>Por quanto tempo manteremos os dados pessoais?<\/h4>\n<p> Por um per\u00edodo m\u00ednimo de 1 ano ou at\u00e9 a revoga\u00e7\u00e3o do consentimento dado.[\/vc_column_text][\/vc_accordion_tab][vc_accordion_tab title=&#8221;INFORMA\u00c7\u00d5ES ADICIONAIS SOBRE O PROCESSAMENTO DE DADOS PESSOAIS&#8221;][vc_column_text]<\/p>\n<h4>Inclu\u00edmos dados pessoais de terceiros?<\/h4>\n<p> N\u00e3o, como regra geral, processamos apenas os dados que nos s\u00e3o fornecidos pelos propriet\u00e1rios. Se voc\u00ea nos fornecer dados de terceiros, dever\u00e1 informar e solicitar o consentimento deles com anteced\u00eancia, caso contr\u00e1rio, estaremos isentos de qualquer responsabilidade pelo n\u00e3o cumprimento desse requisito.  <\/p>\n<h4>E quanto aos dados sobre menores de idade?<\/h4>\n<p> N\u00e3o processamos dados de crian\u00e7as com menos de 14 anos de idade. Portanto, pedimos que n\u00e3o os forne\u00e7a se n\u00e3o tiver essa idade ou, se for o caso, n\u00e3o forne\u00e7a dados de terceiros que n\u00e3o tenham a idade mencionada. O ARTECONFORT HOTEL, S.L. se exime de qualquer responsabilidade pelo n\u00e3o cumprimento desta disposi\u00e7\u00e3o.   <\/p>\n<h4>Vamos nos comunicar eletronicamente?<\/h4>\n<ul>\n<li>Eles ser\u00e3o usados apenas para processar sua solicita\u00e7\u00e3o, se esse for um dos meios de contato que voc\u00ea nos forneceu.<\/li>\n<li>Se realizarmos comunica\u00e7\u00f5es comerciais, elas ter\u00e3o sido pr\u00e9via e expressamente autorizadas por voc\u00ea.<\/li>\n<\/ul>\n<h4>Quais s\u00e3o as medidas de seguran\u00e7a que aplicamos?<\/h4>\n<p> Voc\u00ea pode ficar tranquilo: adotamos um n\u00edvel ideal de prote\u00e7\u00e3o para os Dados Pessoais que tratamos e instalamos todos os meios e medidas t\u00e9cnicas \u00e0 nossa disposi\u00e7\u00e3o, de acordo com o estado da tecnologia, para evitar a perda, o uso indevido, a altera\u00e7\u00e3o, o acesso n\u00e3o autorizado e o roubo de Dados Pessoais. <\/p>\n<h4>Para quais destinat\u00e1rios seus dados ser\u00e3o comunicados?<\/h4>\n<p> Seus dados n\u00e3o ser\u00e3o divulgados a terceiros, a menos que seja legalmente obrigado a faz\u00ea-lo. Especificamente, eles ser\u00e3o comunicados \u00e0 Ag\u00eancia Estadual de Administra\u00e7\u00e3o Tribut\u00e1ria e a bancos e institui\u00e7\u00f5es financeiras para a cobran\u00e7a do servi\u00e7o prestado ou produto adquirido, bem como aos processadores de dados necess\u00e1rios para a execu\u00e7\u00e3o do contrato. Em caso de compra ou pagamento, se voc\u00ea escolher algum aplicativo, site, plataforma, cart\u00e3o banc\u00e1rio ou qualquer outro servi\u00e7o on-line, seus dados ser\u00e3o transferidos para essa plataforma ou ser\u00e3o processados em seu ambiente, sempre com a m\u00e1xima seguran\u00e7a. Quando fizermos o pedido, a empresa de desenvolvimento e manuten\u00e7\u00e3o de sites, hospedagem\/hospedagem de sites, ter\u00e1 acesso ao nosso site. Eles ter\u00e3o assinado um contrato de servi\u00e7o que os obriga a manter o mesmo n\u00edvel de privacidade que n\u00f3s.     <\/p>\n<h4>Que direitos voc\u00ea tem?<\/h4>\n<ul>\n<li>Para saber se estamos processando seus dados ou n\u00e3o.<\/li>\n<li>Para acessar seus dados pessoais.<\/li>\n<li>Para solicitar a retifica\u00e7\u00e3o de seus dados se eles estiverem incorretos.<\/li>\n<li>Para solicitar a exclus\u00e3o de seus dados se eles n\u00e3o forem mais necess\u00e1rios para os fins para os quais foram coletados ou se voc\u00ea retirar seu consentimento.<\/li>\n<li>Para solicitar a limita\u00e7\u00e3o do processamento de seus dados, em determinados casos, caso em que somente os manteremos de acordo com os regulamentos em vigor.<\/li>\n<li>Para enviar seus dados, que lhe ser\u00e3o fornecidos em um formato estruturado, comumente usado ou leg\u00edvel por m\u00e1quina. Se preferir, podemos envi\u00e1-los \u00e0 nova pessoa respons\u00e1vel designada por voc\u00ea. Isso s\u00f3 \u00e9 v\u00e1lido em alguns casos.  <\/li>\n<li>Para registrar uma reclama\u00e7\u00e3o junto \u00e0 Ag\u00eancia Espanhola de Prote\u00e7\u00e3o de Dados ou \u00e0 autoridade supervisora competente, caso acredite que n\u00e3o o tratamos corretamente.<\/li>\n<li>Retirar o consentimento para qualquer processamento para o qual voc\u00ea tenha consentido, a qualquer momento.<\/li>\n<\/ul>\n<p> Se voc\u00ea alterar algum dado, informe-nos para que possamos mant\u00ea-lo atualizado. <\/p>\n<h4>Deseja um formul\u00e1rio para exercer seus direitos?<\/h4>\n<ul>\n<li>Temos formul\u00e1rios para o exerc\u00edcio de seus direitos, solicite-os por e-mail ou, se preferir, use os formul\u00e1rios preparados pela Ag\u00eancia Espanhola de Prote\u00e7\u00e3o de Dados ou por terceiros.<\/li>\n<li>Esses formul\u00e1rios devem ser assinados eletronicamente ou acompanhados de uma fotoc\u00f3pia da carteira de identidade.<\/li>\n<li>Se algu\u00e9m o estiver representando, \u00e9 necess\u00e1rio anexar uma c\u00f3pia da carteira de identidade ou pedir que ele assine com sua assinatura eletr\u00f4nica.<\/li>\n<li>Os formul\u00e1rios podem ser enviados pessoalmente, por carta ou pelo correio para o endere\u00e7o do Respons\u00e1vel no in\u00edcio deste texto.<\/li>\n<\/ul>\n<h4>Quanto tempo leva para entrar em contato com voc\u00ea sobre o Exerc\u00edcio de Direitos?<\/h4>\n<p> Depende da lei, mas, no m\u00e1ximo, dentro de um m\u00eas a partir de sua solicita\u00e7\u00e3o, e dois meses se a quest\u00e3o for muito complexa e n\u00f3s o notificarmos de que precisamos de mais tempo. <\/p>\n<h4>N\u00f3s processamos cookies?<\/h4>\n<p> Se usarmos outros tipos de cookies que n\u00e3o sejam necess\u00e1rios, voc\u00ea poder\u00e1 consultar a pol\u00edtica de cookies no link correspondente na parte superior do nosso site. <\/p>\n<h4>Por quanto tempo manteremos seus dados pessoais?<\/h4>\n<ul>\n<li>Os dados pessoais ser\u00e3o mantidos pelo tempo em que voc\u00ea permanecer conectado a n\u00f3s.<\/li>\n<li>Ap\u00f3s o cancelamento da assinatura, os dados pessoais processados para cada finalidade ser\u00e3o mantidos pelos per\u00edodos legalmente estipulados, incluindo o per\u00edodo em que um juiz ou tribunal possa exigi-los de acordo com o estatuto de limita\u00e7\u00f5es para a\u00e7\u00f5es legais.<\/li>\n<li>Os dados processados ser\u00e3o mantidos at\u00e9 a expira\u00e7\u00e3o dos per\u00edodos legais acima mencionados, se houver uma obriga\u00e7\u00e3o legal de mant\u00ea-los, ou, se n\u00e3o houver tal per\u00edodo legal, at\u00e9 que o titular dos dados solicite sua exclus\u00e3o ou revogue o consentimento concedido.<\/li>\n<li>Reteremos todas as informa\u00e7\u00f5es e comunica\u00e7\u00f5es relacionadas \u00e0 sua compra ou \u00e0 presta\u00e7\u00e3o de nossos servi\u00e7os, durante a vig\u00eancia das garantias de produtos ou servi\u00e7os, para atender a poss\u00edveis reclama\u00e7\u00f5es.<\/li>\n<\/ul>\n<p>[\/vc_column_text][\/vc_accordion_tab][\/vc_accordion][\/vc_column][\/vc_row]<\/p>\n<\/div>","protected":false},"excerpt":{"rendered":"<p>[vc_row][vc_column][vc_column_text]A Pol\u00edtica de Privacidade faz parte das Condi\u00e7\u00f5es Gerais que regem este site. Quem \u00e9 respons\u00e1vel pelo processamento de seus dados? ARTECONFORT HOTEL, S.L. Calle Homero, 30 Bloque 1, Puerta 1 \u2013 28341 Valdemoro (Madrid) CIF B87621975 Telefone: +34 91 801 25 76 Correio eletr\u00f4nico: info(at)arteconfort.com Voc\u00ea pode entrar em contato conosco da maneira que [&hellip;]<\/p>\n","protected":false},"author":1,"featured_media":0,"parent":0,"menu_order":0,"comment_status":"closed","ping_status":"closed","template":"","meta":{"footnotes":""},"class_list":["post-43219","page","type-page","status-publish","hentry"],"yoast_head":"<!-- This site is optimized with the Yoast SEO plugin v26.5 - https:\/\/yoast.com\/wordpress\/plugins\/seo\/ -->\n<title>Pol\u00edtica de privacidade - Arteconfort<\/title>\n<meta name=\"description\" content=\"A Pol\u00edtica de Privacidade faz parte das Condi\u00e7\u00f5es Gerais que regem este site. Quem \u00e9 respons\u00e1vel pelo processamento de seus dados? ARTECONFORT HOTEL, S.L.\" \/>\n<meta name=\"robots\" content=\"index, follow, max-snippet:-1, max-image-preview:large, max-video-preview:-1\" \/>\n<link rel=\"canonical\" href=\"https:\/\/arteconfort.com\/pt-br\/politica-de-privacidad\/\" \/>\n<meta property=\"og:locale\" content=\"pt_BR\" \/>\n<meta property=\"og:type\" content=\"article\" \/>\n<meta property=\"og:title\" content=\"Pol\u00edtica de privacidade - Arteconfort\" \/>\n<meta property=\"og:description\" content=\"A Pol\u00edtica de Privacidade faz parte das Condi\u00e7\u00f5es Gerais que regem este site. Quem \u00e9 respons\u00e1vel pelo processamento de seus dados? ARTECONFORT HOTEL, S.L.\" \/>\n<meta property=\"og:url\" content=\"https:\/\/arteconfort.com\/pt-br\/politica-de-privacidad\/\" \/>\n<meta property=\"og:site_name\" content=\"Arteconfort\" \/>\n<meta property=\"article:modified_time\" content=\"2024-08-20T09:16:27+00:00\" \/>\n<meta name=\"twitter:card\" content=\"summary_large_image\" \/>\n<meta name=\"twitter:label1\" content=\"Est. tempo de leitura\" \/>\n\t<meta name=\"twitter:data1\" content=\"12 minutos\" \/>\n<!-- \/ Yoast SEO plugin. -->","yoast_head_json":{"title":"Pol\u00edtica de privacidade - Arteconfort","description":"A Pol\u00edtica de Privacidade faz parte das Condi\u00e7\u00f5es Gerais que regem este site. Quem \u00e9 respons\u00e1vel pelo processamento de seus dados? ARTECONFORT HOTEL, S.L.","robots":{"index":"index","follow":"follow","max-snippet":"max-snippet:-1","max-image-preview":"max-image-preview:large","max-video-preview":"max-video-preview:-1"},"canonical":"https:\/\/arteconfort.com\/pt-br\/politica-de-privacidad\/","og_locale":"pt_BR","og_type":"article","og_title":"Pol\u00edtica de privacidade - Arteconfort","og_description":"A Pol\u00edtica de Privacidade faz parte das Condi\u00e7\u00f5es Gerais que regem este site. Quem \u00e9 respons\u00e1vel pelo processamento de seus dados? ARTECONFORT HOTEL, S.L.","og_url":"https:\/\/arteconfort.com\/pt-br\/politica-de-privacidad\/","og_site_name":"Arteconfort","article_modified_time":"2024-08-20T09:16:27+00:00","twitter_card":"summary_large_image","twitter_misc":{"Est. tempo de leitura":"12 minutos"},"schema":{"@context":"https:\/\/schema.org","@graph":[{"@type":"WebPage","@id":"https:\/\/arteconfort.com\/pt-br\/politica-de-privacidad\/","url":"https:\/\/arteconfort.com\/pt-br\/politica-de-privacidad\/","name":"Pol\u00edtica de privacidade - Arteconfort","isPartOf":{"@id":"https:\/\/arteconfort.com\/pt-br\/#website"},"datePublished":"2024-08-01T07:30:08+00:00","dateModified":"2024-08-20T09:16:27+00:00","description":"A Pol\u00edtica de Privacidade faz parte das Condi\u00e7\u00f5es Gerais que regem este site. Quem \u00e9 respons\u00e1vel pelo processamento de seus dados? ARTECONFORT HOTEL, S.L.","breadcrumb":{"@id":"https:\/\/arteconfort.com\/pt-br\/politica-de-privacidad\/#breadcrumb"},"inLanguage":"pt-BR","potentialAction":[{"@type":"ReadAction","target":["https:\/\/arteconfort.com\/pt-br\/politica-de-privacidad\/"]}]},{"@type":"BreadcrumbList","@id":"https:\/\/arteconfort.com\/pt-br\/politica-de-privacidad\/#breadcrumb","itemListElement":[{"@type":"ListItem","position":1,"name":"Inicio","item":"https:\/\/arteconfort.com\/pt-br\/"},{"@type":"ListItem","position":2,"name":"Pol\u00edtica de privacidade"}]},{"@type":"WebSite","@id":"https:\/\/arteconfort.com\/pt-br\/#website","url":"https:\/\/arteconfort.com\/pt-br\/","name":"Arteconfort","description":"Especialistas en productos del hogar","publisher":{"@id":"https:\/\/arteconfort.com\/pt-br\/#organization"},"potentialAction":[{"@type":"SearchAction","target":{"@type":"EntryPoint","urlTemplate":"https:\/\/arteconfort.com\/pt-br\/?s={search_term_string}"},"query-input":{"@type":"PropertyValueSpecification","valueRequired":true,"valueName":"search_term_string"}}],"inLanguage":"pt-BR"},{"@type":"Organization","@id":"https:\/\/arteconfort.com\/pt-br\/#organization","name":"Arteconfort","url":"https:\/\/arteconfort.com\/pt-br\/","logo":{"@type":"ImageObject","inLanguage":"pt-BR","@id":"https:\/\/arteconfort.com\/pt-br\/#\/schema\/logo\/image\/","url":"https:\/\/arteconfort.com\/wp-content\/uploads\/2019\/07\/logo-arteconfort.png","contentUrl":"https:\/\/arteconfort.com\/wp-content\/uploads\/2019\/07\/logo-arteconfort.png","width":230,"height":88,"caption":"Arteconfort"},"image":{"@id":"https:\/\/arteconfort.com\/pt-br\/#\/schema\/logo\/image\/"}}]}},"_links":{"self":[{"href":"https:\/\/arteconfort.com\/pt-br\/wp-json\/wp\/v2\/pages\/43219","targetHints":{"allow":["GET"]}}],"collection":[{"href":"https:\/\/arteconfort.com\/pt-br\/wp-json\/wp\/v2\/pages"}],"about":[{"href":"https:\/\/arteconfort.com\/pt-br\/wp-json\/wp\/v2\/types\/page"}],"author":[{"embeddable":true,"href":"https:\/\/arteconfort.com\/pt-br\/wp-json\/wp\/v2\/users\/1"}],"replies":[{"embeddable":true,"href":"https:\/\/arteconfort.com\/pt-br\/wp-json\/wp\/v2\/comments?post=43219"}],"version-history":[{"count":0,"href":"https:\/\/arteconfort.com\/pt-br\/wp-json\/wp\/v2\/pages\/43219\/revisions"}],"wp:attachment":[{"href":"https:\/\/arteconfort.com\/pt-br\/wp-json\/wp\/v2\/media?parent=43219"}],"curies":[{"name":"wp","href":"https:\/\/api.w.org\/{rel}","templated":true}]}}