{"id":12641,"date":"2021-08-06T08:51:10","date_gmt":"2021-08-06T06:51:10","guid":{"rendered":"https:\/\/arteconfort.com\/?post_type=product&#038;p=12641"},"modified":"2022-06-13T14:24:16","modified_gmt":"2022-06-13T12:24:16","slug":"marajo","status":"publish","type":"product","link":"https:\/\/arteconfort.com\/pt-br\/producto\/marajo\/","title":{"rendered":"MARAJ\u00d3"},"content":{"rendered":"<div class=\"wpb-content-wrapper\"><p>[vc_row][vc_column][vc_row_inner][vc_column_inner width=&#8221;1\/4&#8243; offset=&#8221;vc_col-xs-6&#8243;][wyde_info_box icon_set=&#8221;simple_line&#8221; icon_simple_line=&#8221;sl-power&#8221; title=&#8221;COMANDAR MEM\u00d3RIA DE PREFER\u00caNCIAS&#8221;]Para facilitar o uso[\/wyde_info_box][\/vc_column_inner][vc_column_inner width=&#8221;1\/4&#8243; offset=&#8221;vc_col-xs-6&#8243;][wyde_info_box icon_set=&#8221;simple_line&#8221; icon_simple_line=&#8221;bigmug-line-foggy-moon&#8221; title=&#8221;MODO SLEEP&#8221;]Aclimatize sua casa enquanto descansa, sem barulho[\/wyde_info_box][\/vc_column_inner][vc_column_inner width=&#8221;1\/4&#8243; offset=&#8221;vc_col-xs-6&#8243;][wyde_info_box icon_set=&#8221;simple_line&#8221; icon_simple_line=&#8221;sl-home&#8221; title=&#8221;ADEQUADO PARA TELHADOS INCLINADOS&#8221;]At\u00e9 15\u00ba de inclina\u00e7\u00e3o[\/wyde_info_box][\/vc_column_inner][vc_column_inner width=&#8221;1\/4&#8243; offset=&#8221;vc_col-xs-6&#8243;][wyde_info_box icon_set=&#8221;simple_line&#8221; icon_simple_line=&#8221;sl-wrench&#8221; title=&#8221;F\u00c1CIL INSTALA\u00c7\u00c3O&#8221;]Monte seu ventilador em apenas algumas etapas[\/wyde_info_box][\/vc_column_inner][\/vc_row_inner][vc_row_inner][vc_column_inner offset=&#8221;vc_hidden-xs&#8221;][vc_empty_space][\/vc_column_inner][\/vc_row_inner][vc_row_inner][vc_column_inner width=&#8221;1\/4&#8243; offset=&#8221;vc_col-xs-6&#8243;][wyde_info_box icon_set=&#8221;simple_line&#8221; icon_simple_line=&#8221;sl-clock&#8221; title=&#8221;PROGRAMAM\u00c1VEL&#8221;]1h\/4h\/8h[\/wyde_info_box][\/vc_column_inner][vc_column_inner width=&#8221;1\/4&#8243; offset=&#8221;vc_col-xs-6&#8243;][wyde_info_box icon_set=&#8221;simple_line&#8221; icon_simple_line=&#8221;sl-speedometer&#8221; title=&#8221;6 VELOCIDADE&#8221;]Aumento da faixa de velocidade[\/wyde_info_box][\/vc_column_inner][vc_column_inner width=&#8221;1\/4&#8243; offset=&#8221;vc_col-xs-6&#8243;][wyde_info_box icon_set=&#8221;simple_line&#8221; icon_simple_line=&#8221;bigmug-line-winds&#8221; title=&#8221;MODO BRISA&#8221;]Cria uma sensa\u00e7\u00e3o de uma brisa natural suave[\/wyde_info_box][\/vc_column_inner][vc_column_inner width=&#8221;1\/4&#8243; offset=&#8221;vc_col-xs-6&#8243;][wyde_info_box icon_set=&#8221;simple_line&#8221; icon_simple_line=&#8221;sl-mouse&#8221; title=&#8221;CONTROLE INCLU\u00cdDO&#8221;]Para facilidade de uso (sem bipes)[\/wyde_info_box][\/vc_column_inner][\/vc_row_inner][vc_row_inner][vc_column_inner offset=&#8221;vc_hidden-xs&#8221;][vc_empty_space height=&#8221;60px&#8221;][\/vc_column_inner][\/vc_row_inner][\/vc_column][\/vc_row][vc_row][vc_column width=&#8221;1\/2&#8243;][vc_accordion collapsible=&#8221;true&#8221; active_tab=&#8221;false&#8221;][vc_accordion_tab title=&#8221;Caracter\u00edsticas mec\u00e2nicas&#8221;][vc_column_text]<strong>Alto<\/strong> 36cm<br \/>\n<strong>Di\u00e2metro<\/strong> 165cm<br \/>\n<strong>Peso<\/strong> 5,7kg<br \/>\n<strong>Material<\/strong> Metal<br \/>\n<strong>Acabamento<\/strong> Prata brilhante<br \/>\n<strong>Ru\u00eddo emitido <\/strong>20dBs na velocidade 1<br \/>\n<strong>Dist\u00e2ncia de seguran\u00e7a<\/strong> 2,3m<br \/>\n<strong>Superf\u00edcie recomendada<\/strong> &gt;40m<sup>2<\/sup><br \/>\n<strong>Passo m\u00e1ximo do telhado<\/strong> 15\u00ba<br \/>\n<strong>IP<\/strong> 20<br \/>\n<strong>Isolamento el\u00e9trico<\/strong> Classe I<br \/>\n<strong>N\u00ba de velocidades<\/strong> 6<br \/>\n<strong>Acess\u00f3rios<\/strong> Estabilizador e espig\u00e3o\u00a0adicional de 25cm<br \/>\n<strong>Garantia<\/strong> Motor 2 anos[\/vc_column_text][\/vc_accordion_tab][vc_accordion_tab title=&#8221;L\u00e2minas&#8221;][vc_column_text]<strong>Material<\/strong> Madeira<br \/>\n<strong>Acabamento<\/strong> Madeira natura<br \/>\n<strong>Revers\u00edvel<\/strong> N\u00e3o<br \/>\n<strong>N\u00ba de l\u00e2minas <\/strong>3<br \/>\n<strong>Fun\u00e7\u00e3o Inverno\/Ver\u00e3o<\/strong> Sim[\/vc_column_text][\/vc_accordion_tab][vc_accordion_tab title=&#8221;Caracter\u00edsticas el\u00e9tricas&#8221;][vc_column_text]<strong>Tipo de motor<\/strong> DC<br \/>\n<strong>Energia <\/strong>40W<br \/>\n<strong>Tens\u00e3o <\/strong>BiVolt 127V-220V[\/vc_column_text][\/vc_accordion_tab][vc_accordion_tab title=&#8221;Comando&#8221;][vc_column_text]<strong>Baterias inclu\u00eddas<\/strong> N\u00e3o<br \/>\n<strong>Freq\u00fc\u00eancia<\/strong> 60Hz<br \/>\n<strong>Tipo de bateria<\/strong> AAA x2<br \/>\n<strong>Prefer\u00eancia de comando<\/strong> Sim<br \/>\n<strong>Desligamento autom\u00e1tico<\/strong> Sim<br \/>\n<strong>Tempo program\u00e1vel<\/strong> 1h\/4h\/8h[\/vc_column_text][\/vc_accordion_tab][\/vc_accordion][\/vc_column][vc_column width=&#8221;1\/2&#8243;][vc_single_image image=&#8221;23083&#8243;][\/vc_column][\/vc_row]<\/p>\n<\/div>","protected":false},"excerpt":{"rendered":"<p>Acrescente estilo extra aos seus quartos com este ventilador de teto sem luz com um design original de tr\u00eas l\u00e2minas de madeira e um corpo de metal. Este ventilador com motor DC manter\u00e1 a sala fria sem que voc\u00ea perceba e com quase nenhum consumo de energia. \u00c9 um ventilador de teto com controle remoto e seis velocidades de rota\u00e7\u00e3o program\u00e1veis.<br \/>\n<strong>Ref. MARAJ\u00d3NIQ21<\/strong>[vc_row][vc_column offset=&#8221;vc_hidden-xs&#8221;][vc_empty_space height=&#8221;30px&#8221;][\/vc_column][\/vc_row][vc_row][vc_column][vc_row_inner][vc_column_inner][wyde_info_box icon_set=&#8221;simple_line&#8221; icon_simple_line=&#8221;sl-loop&#8221; icon_position=&#8221;left&#8221; title=&#8221;QUARTO &gt;40M<sup>2<\/sup>&#8220;]Tamanho recomendado da sala[\/wyde_info_box][vc_empty_space height=&#8221;15px&#8221;][\/vc_column_inner][\/vc_row_inner][vc_row_inner][vc_column_inner][wyde_info_box icon_set=&#8221;simple_line&#8221; icon_simple_line=&#8221;sl-volume-2&#8243; icon_position=&#8221;left&#8221; title=&#8221;M\u00c1X. 20DBS (RU\u00cdDO EMITIDO NA VELOCIDADE 1)&#8221;]Ventilador de teto silencioso para dormir[\/wyde_info_box][vc_empty_space height=&#8221;15px&#8221;][\/vc_column_inner][\/vc_row_inner][vc_row_inner][vc_column_inner][wyde_info_box icon_set=&#8221;simple_line&#8221; icon_simple_line=&#8221;sl-settings&#8221; icon_position=&#8221;left&#8221; title=&#8221;MOTOR DC&#8221;]Mais silencioso, mais eficiente e energeticamente mais eficiente[\/wyde_info_box][vc_empty_space height=&#8221;15px&#8221;][\/vc_column_inner][\/vc_row_inner][vc_row_inner][vc_column_inner][wyde_info_box icon_set=&#8221;simple_line&#8221; icon_simple_line=&#8221;sl-energy&#8221; icon_position=&#8221;left&#8221; title=&#8221;BiVOLT&#8221;]Auto-regula\u00e7\u00e3o para opera\u00e7\u00e3o entre 127V-220V[\/wyde_info_box][vc_empty_space height=&#8221;15px&#8221;][\/vc_column_inner][\/vc_row_inner][vc_row_inner][vc_column_inner][wyde_info_box icon_set=&#8221;simple_line&#8221; icon_simple_line=&#8221;sl-home&#8221; icon_position=&#8221;left&#8221; title=&#8221;ESPIG\u00c3O ADICIONAL&#8221;]Para instala\u00e7\u00e3o em tetos altos[\/wyde_info_box][vc_empty_space height=&#8221;15px&#8221;][\/vc_column_inner][\/vc_row_inner][vc_row_inner][vc_column_inner][wyde_info_box icon_set=&#8221;simple_line&#8221; icon_simple_line=&#8221;fa fa-tree&#8221; icon_position=&#8221;left&#8221; title=&#8221;MADEIRA REAL&#8221;]L\u00e2minas leves de madeira[\/wyde_info_box][vc_empty_space height=&#8221;15px&#8221;][\/vc_column_inner][\/vc_row_inner][\/vc_column][\/vc_row][vc_row][vc_column offset=&#8221;vc_hidden-xs&#8221;][vc_empty_space height=&#8221;60px&#8221;][\/vc_column][\/vc_row][vc_row][vc_column width=&#8221;1\/3&#8243;][wyde_link_button icon_set=&#8221;simple_line&#8221; icon_simple_line=&#8221;sl-settings&#8221; style=&#8221;round&#8221; title=&#8221;Instru\u00e7\u00f5es&#8221; link=&#8221;url:http%3A%2F%2Farteconfort.com%2Fwp-content\/uploads\/2021\/09\/91054012-8435486119403-MARAJ\u00d3NIQ21-im.pdf||target:%20_blank|rel:nofollow&#8221; color=&#8221;#ffffff&#8221; bg_color=&#8221;#222222&#8243;][\/vc_column][\/vc_row][vc_row][vc_column offset=&#8221;vc_hidden-xs&#8221;][vc_empty_space][\/vc_column][\/vc_row][vc_row][vc_column][vc_empty_space height=&#8221;20px&#8221;][\/vc_column][\/vc_row][vc_row background_mode=&#8221;color&#8221; background_color=&#8221;#f5f5f5&#8243;][vc_column text_align=&#8221;center&#8221;][vc_row_inner padding_size=&#8221;m-padding&#8221;][vc_column_inner text_align=&#8221;center&#8221;][vc_single_image alignment=&#8221;center&#8221; image=&#8221;1046&#8243;][vc_column_text]Encontre este ventilador de teto para venda exclusivamente na LEROY MERLIN[\/vc_column_text][vc_empty_space height=&#8221;15px&#8221;][wyde_link_button icon_set=&#8221;simple_line&#8221; icon_simple_line=&#8221;sl-login&#8221; style=&#8221;outline round&#8221; title=&#8221;Fazer login em Leroy Merlin&#8221; link=&#8221;url:https%3A%2F%2Fwww.leroymerlin.com.br%2Fventilador-de-teto-marajo-sem-luz-3p-165cm-bivolt-artec_91054012||target:%20_blank|rel:nofollow&#8221; color=&#8221;#61b4e4&#8243; hover_color=&#8221;#ffffff&#8221;][\/vc_column_inner][\/vc_row_inner][\/vc_column][\/vc_row]<\/p>\n","protected":false},"featured_media":23078,"template":"","meta":[],"product_brand":[],"product_cat":[981,405],"product_tag":[],"class_list":{"0":"post-12641","1":"product","2":"type-product","3":"status-publish","4":"has-post-thumbnail","6":"product_cat-novedades-pt-br","7":"product_cat-ventiladores-de-teto-brasil","9":"first","10":"instock","11":"shipping-taxable","12":"product-type-simple"},"yoast_head":"<!-- This site is optimized with the Yoast SEO plugin v26.5 - https:\/\/yoast.com\/wordpress\/plugins\/seo\/ -->\n<title>MARAJ\u00d3 - Novedades, Ventiladores de teto BRASIL - Arteconfort<\/title>\n<meta name=\"description\" content=\"Acrescente estilo extra aos seus quartos com este ventilador de teto sem luz com um design original de tr\u00eas l\u00e2minas de madeira e um corpo de metal. Este ventilador com motor DC manter\u00e1 a sala fria sem que voc\u00ea perceba e com quase nenhum consumo de energia. \u00c9 um ventilador de teto com controle remoto e seis velocidades de rota\u00e7\u00e3o program\u00e1veis. Ref. MARAJ\u00d3NIQ21Tamanho recomendado da salaVentilador de teto silencioso para dormirMais silencioso, mais eficiente e energeticamente mais eficienteAuto-regula\u00e7\u00e3o para opera\u00e7\u00e3o entre 127V-220VPara instala\u00e7\u00e3o em tetos altosL\u00e2minas leves de madeiraEncontre este ventilador de teto para venda exclusivamente na LEROY MERLIN\" \/>\n<meta name=\"robots\" content=\"index, follow, max-snippet:-1, max-image-preview:large, max-video-preview:-1\" \/>\n<link rel=\"canonical\" href=\"https:\/\/arteconfort.com\/pt-br\/producto\/marajo\/\" \/>\n<meta property=\"og:locale\" content=\"pt_BR\" \/>\n<meta property=\"og:type\" content=\"article\" \/>\n<meta property=\"og:title\" content=\"MARAJ\u00d3 - Novedades, Ventiladores de teto BRASIL - Arteconfort\" \/>\n<meta property=\"og:description\" content=\"Acrescente estilo extra aos seus quartos com este ventilador de teto sem luz com um design original de tr\u00eas l\u00e2minas de madeira e um corpo de metal. Este ventilador com motor DC manter\u00e1 a sala fria sem que voc\u00ea perceba e com quase nenhum consumo de energia. \u00c9 um ventilador de teto com controle remoto e seis velocidades de rota\u00e7\u00e3o program\u00e1veis. Ref. MARAJ\u00d3NIQ21Tamanho recomendado da salaVentilador de teto silencioso para dormirMais silencioso, mais eficiente e energeticamente mais eficienteAuto-regula\u00e7\u00e3o para opera\u00e7\u00e3o entre 127V-220VPara instala\u00e7\u00e3o em tetos altosL\u00e2minas leves de madeiraEncontre este ventilador de teto para venda exclusivamente na LEROY MERLIN\" \/>\n<meta property=\"og:url\" content=\"https:\/\/arteconfort.com\/pt-br\/producto\/marajo\/\" \/>\n<meta property=\"og:site_name\" content=\"Arteconfort\" \/>\n<meta property=\"article:modified_time\" content=\"2022-06-13T12:24:16+00:00\" \/>\n<meta property=\"og:image\" content=\"https:\/\/arteconfort.com\/wp-content\/uploads\/2021\/08\/MAJAR\u00d3.jpg\" \/>\n\t<meta property=\"og:image:width\" content=\"1024\" \/>\n\t<meta property=\"og:image:height\" content=\"1024\" \/>\n\t<meta property=\"og:image:type\" content=\"image\/jpeg\" \/>\n<meta name=\"twitter:card\" content=\"summary_large_image\" \/>\n<meta name=\"twitter:label1\" content=\"Est. tempo de leitura\" \/>\n\t<meta name=\"twitter:data1\" content=\"3 minutos\" \/>\n<!-- \/ Yoast SEO plugin. -->","yoast_head_json":{"title":"MARAJ\u00d3 - Novedades, Ventiladores de teto BRASIL - Arteconfort","description":"Acrescente estilo extra aos seus quartos com este ventilador de teto sem luz com um design original de tr\u00eas l\u00e2minas de madeira e um corpo de metal. Este ventilador com motor DC manter\u00e1 a sala fria sem que voc\u00ea perceba e com quase nenhum consumo de energia. \u00c9 um ventilador de teto com controle remoto e seis velocidades de rota\u00e7\u00e3o program\u00e1veis. Ref. MARAJ\u00d3NIQ21Tamanho recomendado da salaVentilador de teto silencioso para dormirMais silencioso, mais eficiente e energeticamente mais eficienteAuto-regula\u00e7\u00e3o para opera\u00e7\u00e3o entre 127V-220VPara instala\u00e7\u00e3o em tetos altosL\u00e2minas leves de madeiraEncontre este ventilador de teto para venda exclusivamente na LEROY MERLIN","robots":{"index":"index","follow":"follow","max-snippet":"max-snippet:-1","max-image-preview":"max-image-preview:large","max-video-preview":"max-video-preview:-1"},"canonical":"https:\/\/arteconfort.com\/pt-br\/producto\/marajo\/","og_locale":"pt_BR","og_type":"article","og_title":"MARAJ\u00d3 - Novedades, Ventiladores de teto BRASIL - Arteconfort","og_description":"Acrescente estilo extra aos seus quartos com este ventilador de teto sem luz com um design original de tr\u00eas l\u00e2minas de madeira e um corpo de metal. Este ventilador com motor DC manter\u00e1 a sala fria sem que voc\u00ea perceba e com quase nenhum consumo de energia. \u00c9 um ventilador de teto com controle remoto e seis velocidades de rota\u00e7\u00e3o program\u00e1veis. Ref. MARAJ\u00d3NIQ21Tamanho recomendado da salaVentilador de teto silencioso para dormirMais silencioso, mais eficiente e energeticamente mais eficienteAuto-regula\u00e7\u00e3o para opera\u00e7\u00e3o entre 127V-220VPara instala\u00e7\u00e3o em tetos altosL\u00e2minas leves de madeiraEncontre este ventilador de teto para venda exclusivamente na LEROY MERLIN","og_url":"https:\/\/arteconfort.com\/pt-br\/producto\/marajo\/","og_site_name":"Arteconfort","article_modified_time":"2022-06-13T12:24:16+00:00","og_image":[{"width":1024,"height":1024,"url":"https:\/\/arteconfort.com\/wp-content\/uploads\/2021\/08\/MAJAR\u00d3.jpg","type":"image\/jpeg"}],"twitter_card":"summary_large_image","twitter_misc":{"Est. tempo de leitura":"3 minutos"},"schema":{"@context":"https:\/\/schema.org","@graph":[{"@type":"WebPage","@id":"https:\/\/arteconfort.com\/pt-br\/producto\/marajo\/","url":"https:\/\/arteconfort.com\/pt-br\/producto\/marajo\/","name":"MARAJ\u00d3 - Novedades, Ventiladores de teto BRASIL - Arteconfort","isPartOf":{"@id":"https:\/\/arteconfort.com\/pt-br\/#website"},"primaryImageOfPage":{"@id":"https:\/\/arteconfort.com\/pt-br\/producto\/marajo\/#primaryimage"},"image":{"@id":"https:\/\/arteconfort.com\/pt-br\/producto\/marajo\/#primaryimage"},"thumbnailUrl":"https:\/\/arteconfort.com\/wp-content\/uploads\/2021\/08\/MAJAR\u00d3.jpg","datePublished":"2021-08-06T06:51:10+00:00","dateModified":"2022-06-13T12:24:16+00:00","description":"Acrescente estilo extra aos seus quartos com este ventilador de teto sem luz com um design original de tr\u00eas l\u00e2minas de madeira e um corpo de metal. Este ventilador com motor DC manter\u00e1 a sala fria sem que voc\u00ea perceba e com quase nenhum consumo de energia. \u00c9 um ventilador de teto com controle remoto e seis velocidades de rota\u00e7\u00e3o program\u00e1veis. Ref. MARAJ\u00d3NIQ21Tamanho recomendado da salaVentilador de teto silencioso para dormirMais silencioso, mais eficiente e energeticamente mais eficienteAuto-regula\u00e7\u00e3o para opera\u00e7\u00e3o entre 127V-220VPara instala\u00e7\u00e3o em tetos altosL\u00e2minas leves de madeiraEncontre este ventilador de teto para venda exclusivamente na LEROY MERLIN","breadcrumb":{"@id":"https:\/\/arteconfort.com\/pt-br\/producto\/marajo\/#breadcrumb"},"inLanguage":"pt-BR","potentialAction":[{"@type":"ReadAction","target":["https:\/\/arteconfort.com\/pt-br\/producto\/marajo\/"]}]},{"@type":"ImageObject","inLanguage":"pt-BR","@id":"https:\/\/arteconfort.com\/pt-br\/producto\/marajo\/#primaryimage","url":"https:\/\/arteconfort.com\/wp-content\/uploads\/2021\/08\/MAJAR\u00d3.jpg","contentUrl":"https:\/\/arteconfort.com\/wp-content\/uploads\/2021\/08\/MAJAR\u00d3.jpg","width":1024,"height":1024,"caption":"Ventilador de techo Majar\u00f3"},{"@type":"BreadcrumbList","@id":"https:\/\/arteconfort.com\/pt-br\/producto\/marajo\/#breadcrumb","itemListElement":[{"@type":"ListItem","position":1,"name":"Inicio","item":"https:\/\/arteconfort.com\/pt-br\/"},{"@type":"ListItem","position":2,"name":"Loja","item":"https:\/\/arteconfort.com\/pt-br\/loja\/"},{"@type":"ListItem","position":3,"name":"MARAJ\u00d3"}]},{"@type":"WebSite","@id":"https:\/\/arteconfort.com\/pt-br\/#website","url":"https:\/\/arteconfort.com\/pt-br\/","name":"Arteconfort","description":"Especialistas en productos del hogar","publisher":{"@id":"https:\/\/arteconfort.com\/pt-br\/#organization"},"potentialAction":[{"@type":"SearchAction","target":{"@type":"EntryPoint","urlTemplate":"https:\/\/arteconfort.com\/pt-br\/?s={search_term_string}"},"query-input":{"@type":"PropertyValueSpecification","valueRequired":true,"valueName":"search_term_string"}}],"inLanguage":"pt-BR"},{"@type":"Organization","@id":"https:\/\/arteconfort.com\/pt-br\/#organization","name":"Arteconfort","url":"https:\/\/arteconfort.com\/pt-br\/","logo":{"@type":"ImageObject","inLanguage":"pt-BR","@id":"https:\/\/arteconfort.com\/pt-br\/#\/schema\/logo\/image\/","url":"https:\/\/arteconfort.com\/wp-content\/uploads\/2019\/07\/logo-arteconfort.png","contentUrl":"https:\/\/arteconfort.com\/wp-content\/uploads\/2019\/07\/logo-arteconfort.png","width":230,"height":88,"caption":"Arteconfort"},"image":{"@id":"https:\/\/arteconfort.com\/pt-br\/#\/schema\/logo\/image\/"}}]}},"_links":{"self":[{"href":"https:\/\/arteconfort.com\/pt-br\/wp-json\/wp\/v2\/product\/12641","targetHints":{"allow":["GET"]}}],"collection":[{"href":"https:\/\/arteconfort.com\/pt-br\/wp-json\/wp\/v2\/product"}],"about":[{"href":"https:\/\/arteconfort.com\/pt-br\/wp-json\/wp\/v2\/types\/product"}],"wp:featuredmedia":[{"embeddable":true,"href":"https:\/\/arteconfort.com\/pt-br\/wp-json\/wp\/v2\/media\/23078"}],"wp:attachment":[{"href":"https:\/\/arteconfort.com\/pt-br\/wp-json\/wp\/v2\/media?parent=12641"}],"wp:term":[{"taxonomy":"product_brand","embeddable":true,"href":"https:\/\/arteconfort.com\/pt-br\/wp-json\/wp\/v2\/product_brand?post=12641"},{"taxonomy":"product_cat","embeddable":true,"href":"https:\/\/arteconfort.com\/pt-br\/wp-json\/wp\/v2\/product_cat?post=12641"},{"taxonomy":"product_tag","embeddable":true,"href":"https:\/\/arteconfort.com\/pt-br\/wp-json\/wp\/v2\/product_tag?post=12641"}],"curies":[{"name":"wp","href":"https:\/\/api.w.org\/{rel}","templated":true}]}}