{"id":10840,"date":"2020-09-29T12:45:44","date_gmt":"2020-09-29T10:45:44","guid":{"rendered":"https:\/\/arteconfort.com\/guias-y-consejos\/"},"modified":"2023-08-21T13:09:18","modified_gmt":"2023-08-21T11:09:18","slug":"guias-y-consejos","status":"publish","type":"page","link":"https:\/\/arteconfort.com\/pt-pt\/guias-y-consejos\/","title":{"rendered":"Guias e conselhos"},"content":{"rendered":"<div class=\"wpb-content-wrapper\"><p>[vc_row][vc_column][vc_row_inner][vc_column_inner width=&#8221;1\/4&#8243;][\/vc_column_inner][vc_column_inner width=&#8221;1\/2&#8243;][wyde_heading style=&#8221;2&#8243; subheading_tag=&#8221;p&#8221; text_align=&#8221;center&#8221; title=&#8221;Ajudamo-lo a conhecer melhor a sua ventoinha de tecto&#8221; subheading=&#8221;Crie a sua zona de conforto&#8221;][\/vc_column_inner][vc_column_inner width=&#8221;1\/4&#8243;][\/vc_column_inner][\/vc_row_inner][vc_empty_space][wyde_blog_posts view=&#8221;masonry&#8221; count=&#8221;30&#8243; excerpt_length=&#8221;15&#8243; excerpt_more=&#8221;1&#8243; pagination=&#8221;2&#8243; posts_query=&#8221;order_by:date|order:DESC|categories:128&#8243;][vc_empty_space height=&#8221;60px&#8221;][\/vc_column][\/vc_row][vc_row][vc_column][vc_row_inner][vc_column_inner width=&#8221;1\/4&#8243;][\/vc_column_inner][vc_column_inner width=&#8221;1\/2&#8243;][wyde_heading style=&#8221;2&#8243; subheading_tag=&#8221;p&#8221; text_align=&#8221;center&#8221; title=&#8221;Inspira\u00e7\u00e3o e ideias para iluminar o seu jardim&#8221; subheading=&#8221;Fa\u00e7a do seu jardim a inveja de todos&#8221;][\/vc_column_inner][vc_column_inner width=&#8221;1\/4&#8243;][\/vc_column_inner][\/vc_row_inner][vc_empty_space][wyde_blog_posts view=&#8221;masonry&#8221; count=&#8221;30&#8243; excerpt_length=&#8221;15&#8243; excerpt_more=&#8221;1&#8243; pagination=&#8221;2&#8243; posts_query=&#8221;order_by:date|order:DESC|categories:149&#8243;][vc_empty_space height=&#8221;60px&#8221;][\/vc_column][\/vc_row]<\/p>\n<\/div>","protected":false},"excerpt":{"rendered":"<p>[vc_row][vc_column][vc_row_inner][vc_column_inner width=&#8221;1\/4&#8243;][\/vc_column_inner][vc_column_inner width=&#8221;1\/2&#8243;][wyde_heading style=&#8221;2&#8243; subheading_tag=&#8221;p&#8221; text_align=&#8221;center&#8221; title=&#8221;Ajudamo-lo a conhecer melhor a sua ventoinha de tecto&#8221; subheading=&#8221;Crie a sua zona de conforto&#8221;][\/vc_column_inner][vc_column_inner width=&#8221;1\/4&#8243;][\/vc_column_inner][\/vc_row_inner][vc_empty_space][wyde_blog_posts view=&#8221;masonry&#8221; count=&#8221;30&#8243; excerpt_length=&#8221;15&#8243; excerpt_more=&#8221;1&#8243; pagination=&#8221;2&#8243; posts_query=&#8221;order_by:date|order:DESC|categories:128&#8243;][vc_empty_space height=&#8221;60px&#8221;][\/vc_column][\/vc_row][vc_row][vc_column][vc_row_inner][vc_column_inner width=&#8221;1\/4&#8243;][\/vc_column_inner][vc_column_inner width=&#8221;1\/2&#8243;][wyde_heading style=&#8221;2&#8243; subheading_tag=&#8221;p&#8221; text_align=&#8221;center&#8221; title=&#8221;Inspira\u00e7\u00e3o e ideias para iluminar o seu jardim&#8221; subheading=&#8221;Fa\u00e7a do seu jardim a inveja de todos&#8221;][\/vc_column_inner][vc_column_inner width=&#8221;1\/4&#8243;][\/vc_column_inner][\/vc_row_inner][vc_empty_space][wyde_blog_posts view=&#8221;masonry&#8221; count=&#8221;30&#8243; excerpt_length=&#8221;15&#8243; excerpt_more=&#8221;1&#8243; [&hellip;]<\/p>\n","protected":false},"author":1,"featured_media":0,"parent":0,"menu_order":0,"comment_status":"closed","ping_status":"closed","template":"","meta":{"footnotes":""},"class_list":["post-10840","page","type-page","status-publish","hentry"],"yoast_head":"<!-- This site is optimized with the Yoast SEO plugin v26.5 - https:\/\/yoast.com\/wordpress\/plugins\/seo\/ -->\n<title>Guias e conselhos - Arteconfort<\/title>\n<meta name=\"robots\" content=\"index, follow, max-snippet:-1, max-image-preview:large, max-video-preview:-1\" \/>\n<link rel=\"canonical\" href=\"https:\/\/arteconfort.com\/pt-pt\/guias-y-consejos\/\" \/>\n<meta property=\"og:locale\" content=\"pt_PT\" \/>\n<meta property=\"og:type\" content=\"article\" \/>\n<meta property=\"og:title\" content=\"Guias e conselhos - Arteconfort\" \/>\n<meta property=\"og:url\" content=\"https:\/\/arteconfort.com\/pt-pt\/guias-y-consejos\/\" \/>\n<meta property=\"og:site_name\" content=\"Arteconfort\" \/>\n<meta property=\"article:modified_time\" content=\"2023-08-21T11:09:18+00:00\" \/>\n<meta name=\"twitter:card\" content=\"summary_large_image\" \/>\n<meta name=\"twitter:label1\" content=\"Tempo estimado de leitura\" \/>\n\t<meta name=\"twitter:data1\" content=\"1 minuto\" \/>\n<!-- \/ Yoast SEO plugin. -->","yoast_head_json":{"title":"Guias e conselhos - Arteconfort","robots":{"index":"index","follow":"follow","max-snippet":"max-snippet:-1","max-image-preview":"max-image-preview:large","max-video-preview":"max-video-preview:-1"},"canonical":"https:\/\/arteconfort.com\/pt-pt\/guias-y-consejos\/","og_locale":"pt_PT","og_type":"article","og_title":"Guias e conselhos - Arteconfort","og_url":"https:\/\/arteconfort.com\/pt-pt\/guias-y-consejos\/","og_site_name":"Arteconfort","article_modified_time":"2023-08-21T11:09:18+00:00","twitter_card":"summary_large_image","twitter_misc":{"Tempo estimado de leitura":"1 minuto"},"schema":{"@context":"https:\/\/schema.org","@graph":[{"@type":"WebPage","@id":"https:\/\/arteconfort.com\/pt-pt\/guias-y-consejos\/","url":"https:\/\/arteconfort.com\/pt-pt\/guias-y-consejos\/","name":"Guias e conselhos - Arteconfort","isPartOf":{"@id":"https:\/\/arteconfort.com\/pt-pt\/#website"},"datePublished":"2020-09-29T10:45:44+00:00","dateModified":"2023-08-21T11:09:18+00:00","breadcrumb":{"@id":"https:\/\/arteconfort.com\/pt-pt\/guias-y-consejos\/#breadcrumb"},"inLanguage":"pt-PT","potentialAction":[{"@type":"ReadAction","target":["https:\/\/arteconfort.com\/pt-pt\/guias-y-consejos\/"]}]},{"@type":"BreadcrumbList","@id":"https:\/\/arteconfort.com\/pt-pt\/guias-y-consejos\/#breadcrumb","itemListElement":[{"@type":"ListItem","position":1,"name":"Inicio","item":"https:\/\/arteconfort.com\/pt-pt\/"},{"@type":"ListItem","position":2,"name":"Guias e conselhos"}]},{"@type":"WebSite","@id":"https:\/\/arteconfort.com\/pt-pt\/#website","url":"https:\/\/arteconfort.com\/pt-pt\/","name":"Arteconfort","description":"Especialistas en productos del hogar","publisher":{"@id":"https:\/\/arteconfort.com\/pt-pt\/#organization"},"potentialAction":[{"@type":"SearchAction","target":{"@type":"EntryPoint","urlTemplate":"https:\/\/arteconfort.com\/pt-pt\/?s={search_term_string}"},"query-input":{"@type":"PropertyValueSpecification","valueRequired":true,"valueName":"search_term_string"}}],"inLanguage":"pt-PT"},{"@type":"Organization","@id":"https:\/\/arteconfort.com\/pt-pt\/#organization","name":"Arteconfort","url":"https:\/\/arteconfort.com\/pt-pt\/","logo":{"@type":"ImageObject","inLanguage":"pt-PT","@id":"https:\/\/arteconfort.com\/pt-pt\/#\/schema\/logo\/image\/","url":"https:\/\/arteconfort.com\/wp-content\/uploads\/2019\/07\/logo-arteconfort.png","contentUrl":"https:\/\/arteconfort.com\/wp-content\/uploads\/2019\/07\/logo-arteconfort.png","width":230,"height":88,"caption":"Arteconfort"},"image":{"@id":"https:\/\/arteconfort.com\/pt-pt\/#\/schema\/logo\/image\/"}}]}},"_links":{"self":[{"href":"https:\/\/arteconfort.com\/pt-pt\/wp-json\/wp\/v2\/pages\/10840","targetHints":{"allow":["GET"]}}],"collection":[{"href":"https:\/\/arteconfort.com\/pt-pt\/wp-json\/wp\/v2\/pages"}],"about":[{"href":"https:\/\/arteconfort.com\/pt-pt\/wp-json\/wp\/v2\/types\/page"}],"author":[{"embeddable":true,"href":"https:\/\/arteconfort.com\/pt-pt\/wp-json\/wp\/v2\/users\/1"}],"replies":[{"embeddable":true,"href":"https:\/\/arteconfort.com\/pt-pt\/wp-json\/wp\/v2\/comments?post=10840"}],"version-history":[{"count":0,"href":"https:\/\/arteconfort.com\/pt-pt\/wp-json\/wp\/v2\/pages\/10840\/revisions"}],"wp:attachment":[{"href":"https:\/\/arteconfort.com\/pt-pt\/wp-json\/wp\/v2\/media?parent=10840"}],"curies":[{"name":"wp","href":"https:\/\/api.w.org\/{rel}","templated":true}]}}