{"id":11944,"date":"2019-07-30T10:09:31","date_gmt":"2019-07-30T08:09:31","guid":{"rendered":"https:\/\/arteconfort.com\/aviso-legal\/"},"modified":"2024-09-12T11:10:57","modified_gmt":"2024-09-12T09:10:57","slug":"aviso-legal","status":"publish","type":"page","link":"https:\/\/arteconfort.com\/pt-pt\/aviso-legal\/","title":{"rendered":"Aviso legal"},"content":{"rendered":"<div class=\"wpb-content-wrapper\"><p>[vc_row][vc_column][vc_column_text]Para aceder aos nossos servi\u00e7os, o utilizador declara que \u00e9 <strong>maior de idade<\/strong> e que tem capacidade jur\u00eddica suficiente para utilizar os nossos servi\u00e7os, de acordo com a legisla\u00e7\u00e3o nacional. O acesso e a navega\u00e7\u00e3o no s\u00edtio Web, ou a utiliza\u00e7\u00e3o dos seus servi\u00e7os, implica a aceita\u00e7\u00e3o expressa e plena de todas e cada uma das presentes Condi\u00e7\u00f5es Gerais, incluindo as Condi\u00e7\u00f5es Especiais estabelecidas para determinadas promo\u00e7\u00f5es, bem como as Pol\u00edticas de Privacidade e de Cookies, relacionadas com a regulamenta\u00e7\u00e3o em vigor em mat\u00e9ria de Prote\u00e7\u00e3o de Dados Pessoais. Recomendamos que as leia atentamente para saber que tipo de dados s\u00e3o recolhidos atrav\u00e9s do nosso s\u00edtio Web, para que fins e quais os direitos que lhe dizem respeito.[\/vc_column_text][vc_empty_space height=&#8221;20px&#8221;][vc_accordion collapsible=&#8221;true&#8221;][vc_accordion_tab title=&#8221;1.- Informa\u00e7\u00f5es jur\u00eddicas&#8221;][vc_column_text]Em cumprimento da Lei 34\/2002, de 11 de julho, de Servi\u00e7os da Sociedade da Informa\u00e7\u00e3o e Com\u00e9rcio Eletr\u00f3nico, os dados identificativos do propriet\u00e1rio do Portal Web s\u00e3o: ARTECONFORT HOTEL, S.L. C\/ Homero, 30, bloque 1, Planta 1 28341 Valdemoro (Madrid) CIF B87621975 Registo Mercantil de Madrid: Tomo 35.166; Folio 174; Secci\u00f3n 8; Hoja M-632365; Inscripci\u00f3n 1 Para qualquer d\u00favida ou consulta, contacte-nos atrav\u00e9s do telefone +34 918012576 ou do correio eletr\u00f3nico: info(at)arteconfort. com O acesso \u00e0 Web implica a aceita\u00e7\u00e3o expressa pelo Utilizador das presentes Condi\u00e7\u00f5es Gerais de Utiliza\u00e7\u00e3o, que poder\u00e3o ser modificadas ou substitu\u00eddas, total ou parcialmente, por outras, pelo seu titular e em qualquer momento, sem aviso pr\u00e9vio. Recomendamos que aceda periodicamente \u00e0s presentes condi\u00e7\u00f5es para verificar poss\u00edveis modifica\u00e7\u00f5es, que ser\u00e3o publicadas na mesma sec\u00e7\u00e3o.[\/vc_column_text][\/vc_accordion_tab][vc_accordion_tab title=&#8221;2.- Condi\u00e7\u00f5es gerais de utiliza\u00e7\u00e3o&#8221;][vc_column_text]As presentes Condi\u00e7\u00f5es Gerais regulam a utiliza\u00e7\u00e3o e o acesso ao s\u00edtio Web, com o objetivo de estabelecer as diretrizes para a sua correta utiliza\u00e7\u00e3o e comportamento. ARTECONFORT HOTEL, S.L., coloca \u00e0 disposi\u00e7\u00e3o dos utilizadores informa\u00e7\u00e3o sobre a utiliza\u00e7\u00e3o, servi\u00e7os e conte\u00fados alojados no s\u00edtio Web. Atrav\u00e9s dele, o utilizador tem acesso a informa\u00e7\u00f5es sobre produtos e servi\u00e7os espec\u00edficos, ferramentas e aplica\u00e7\u00f5es. Os dados e informa\u00e7\u00f5es sobre produtos ou servi\u00e7os, pre\u00e7os e carater\u00edsticas ou outros dados relevantes oferecidos atrav\u00e9s do site s\u00e3o realizados, fornecidos e actualizados por fornecedores e empresas terceiras. O ARTECONFORT HOTEL, S.L. n\u00e3o \u00e9, em caso algum, respons\u00e1vel pelos referidos dados e informa\u00e7\u00f5es nem assume qualquer obriga\u00e7\u00e3o relativamente aos mesmos. O Utilizador compromete-se a fazer um uso adequado dos conte\u00fados, servi\u00e7os, aplica\u00e7\u00f5es e ferramentas acess\u00edveis, sujeito \u00e0 Lei e \u00e0s presentes Condi\u00e7\u00f5es Gerais de Utiliza\u00e7\u00e3o e, se for caso disso, \u00e0s Condi\u00e7\u00f5es Particulares que possam ser estabelecidas para o acesso a determinados servi\u00e7os e aplica\u00e7\u00f5es, respeitando sempre os restantes Utilizadores dos mesmos. Em caso de incumprimento total e\/ou parcial por parte do Utilizador das presentes Condi\u00e7\u00f5es Gerais de Utiliza\u00e7\u00e3o, o ARTECONFORT HOTEL, S.L. reserva-se o direito de negar o acesso ao Site, sem aviso pr\u00e9vio ao Utilizador.[\/vc_column_text][\/vc_accordion_tab][vc_accordion_tab title=&#8221;3.- Obriga\u00e7\u00f5es gerais do utilizador&#8221;][vc_column_text]Ao aceitar as presentes Condi\u00e7\u00f5es Gerais de Utiliza\u00e7\u00e3o, o Utilizador concorda expressamente em: <\/p>\n<ul>\n<li>N\u00e3o realizar qualquer a\u00e7\u00e3o destinada a danificar, bloquear, deteriorar, inutilizar, sobrecarregar, de forma tempor\u00e1ria ou permanente, as funcionalidades, ferramentas, conte\u00fados e\/ou infra-estruturas do s\u00edtio Web, de modo a impedir a sua utiliza\u00e7\u00e3o normal.<\/li>\n<li>Salvaguardar e manter a confidencialidade dos c\u00f3digos de acesso associados ao seu nome de Utilizador, sendo respons\u00e1vel pela utiliza\u00e7\u00e3o dos referidos c\u00f3digos de acesso pessoais e intransmiss\u00edveis por terceiros.<\/li>\n<li>N\u00e3o introduzir ou realizar conte\u00fados caluniosos ou difamat\u00f3rios, tanto de outros Utilizadores como de terceiros alheios \u00e0 ARTECONFORT HOTEL, S.L.<\/li>\n<li>N\u00e3o utilizar nenhum dos materiais e informa\u00e7\u00f5es contidos neste Site para fins il\u00edcitos e\/ou expressamente proibidos nas presentes Condi\u00e7\u00f5es Gerais de Utiliza\u00e7\u00e3o, bem como nas condi\u00e7\u00f5es particulares que, se for caso disso, sejam estabelecidas para determinadas aplica\u00e7\u00f5es e\/ou utilidades e que sejam contr\u00e1rias aos direitos e interesses do ARTECONFORT HOTEL, S.L., dos seus utilizadores e\/ou de terceiros.<\/li>\n<li>N\u00e3o oferecer ou distribuir produtos e servi\u00e7os, nem realizar publicidade ou comunica\u00e7\u00f5es comerciais n\u00e3o solicitadas a outros Utilizadores e visitantes do ARTECONFORT HOTEL, S.L.<\/li>\n<\/ul>\n<p> O Utilizador ser\u00e1 respons\u00e1vel por todos os danos e preju\u00edzos de qualquer natureza que a ARTECONFORT HOTEL, S.L. ou qualquer terceiro possa sofrer como consequ\u00eancia do incumprimento de qualquer uma das obriga\u00e7\u00f5es a que est\u00e1 sujeito em virtude das presentes \u201cCondi\u00e7\u00f5es Gerais de Utiliza\u00e7\u00e3o\u201d ou da lei em rela\u00e7\u00e3o ao acesso e\/ou utiliza\u00e7\u00e3o da p\u00e1gina.[\/vc_column_text][\/vc_accordion_tab][vc_accordion_tab title=&#8221;4.- Propriedade intelectual e industrial&#8221;][vc_column_text]O site, as p\u00e1ginas que o comp\u00f5em e as informa\u00e7\u00f5es ou elementos contidos no mesmo (incluindo textos, documentos, fotografias, desenhos, representa\u00e7\u00f5es gr\u00e1ficas, que s\u00e3o propriedade ou pertencem a terceiros que autorizam o propriet\u00e1rio a utiliz\u00e1-los, entre outros, bem como log\u00f3tipos, marcas, nomes comerciais ou outros sinais distintivos, est\u00e3o protegidos por direitos de propriedade intelectual e\/ou industrial, dos quais o ARTECONFORT HOTEL, S.L. \u00e9 propriet\u00e1rio ou det\u00e9m autoriza\u00e7\u00e3o para a sua utiliza\u00e7\u00e3o e comunica\u00e7\u00e3o p\u00fablica dos leg\u00edtimos propriet\u00e1rios dos mesmos. O utilizador est\u00e1 obrigado a utilizar os conte\u00fados de forma diligente e correta, em conformidade com a lei, a moral e a ordem p\u00fablica. ARTECONFORT HOTEL, S.L. autoriza o Utilizador a visualizar a informa\u00e7\u00e3o contida neste s\u00edtio Web, bem como a realizar reprodu\u00e7\u00f5es privadas (simples descarregamento e atividade de armazenamento nos seus sistemas inform\u00e1ticos), sempre que os elementos se destinem exclusivamente a uso pessoal. Isto n\u00e3o implica, em caso algum, qualquer autoriza\u00e7\u00e3o ou licen\u00e7a sobre os direitos de propriedade da ARTECONFORT HOTEL, S.L. ou dos leg\u00edtimos propriet\u00e1rios dos mesmos. O utilizador n\u00e3o est\u00e1 autorizado a proceder \u00e0 distribui\u00e7\u00e3o, modifica\u00e7\u00e3o, transfer\u00eancia ou comunica\u00e7\u00e3o p\u00fablica da informa\u00e7\u00e3o contida neste site, sob qualquer forma e para qualquer fim.[\/vc_column_text][\/vc_accordion_tab][vc_accordion_tab title=&#8221;5.- Liga\u00e7\u00f5es&#8221;][vc_column_text]As liga\u00e7\u00f5es e links para sites ou p\u00e1ginas web de terceiros foram estabelecidos unicamente como uma utilidade para o utilizador. O ARTECONFORT HOTEL, S.L. n\u00e3o \u00e9 de forma alguma respons\u00e1vel por eles ou pelo seu conte\u00fado. O ARTECONFORT HOTEL, S.L. n\u00e3o assume qualquer responsabilidade derivada da exist\u00eancia de liga\u00e7\u00f5es entre os conte\u00fados deste s\u00edtio e conte\u00fados situados fora do mesmo ou qualquer outra men\u00e7\u00e3o de conte\u00fados externos a este s\u00edtio. Tais liga\u00e7\u00f5es ou men\u00e7\u00f5es t\u00eam um car\u00e1cter meramente informativo e n\u00e3o implicam, em caso algum, apoio, aprova\u00e7\u00e3o, comercializa\u00e7\u00e3o ou qualquer rela\u00e7\u00e3o entre o ARTECONFORT HOTEL, S.L. e as pessoas ou entidades autoras e\/ou gestoras de tais conte\u00fados ou propriet\u00e1rias dos sites onde se encontram. Para a cria\u00e7\u00e3o de liga\u00e7\u00f5es ao s\u00edtio web, ser\u00e1 necess\u00e1ria a autoriza\u00e7\u00e3o expressa e por escrito dos propriet\u00e1rios do portal.[\/vc_column_text][\/vc_accordion_tab][vc_accordion_tab title=&#8221;6.- Responsabilidade&#8221;][vc_column_text]O ARTECONFORT HOTEL, S.L. n\u00e3o garante o acesso cont\u00ednuo, nem a correta visualiza\u00e7\u00e3o, descarregamento ou utiliza\u00e7\u00e3o dos elementos e informa\u00e7\u00f5es contidos nas p\u00e1ginas do portal, que podem ser impedidos, dificultados ou interrompidos por factores ou circunst\u00e2ncias alheios ou fora do seu controlo, nem os causados pela exist\u00eancia de v\u00edrus inform\u00e1ticos na Internet. ARTECONFORT HOTEL, S.L. n\u00e3o assume qualquer responsabilidade por danos, perdas, reclama\u00e7\u00f5es ou despesas causadas por:  <\/p>\n<ol>\n<li>Interfer\u00eancias, interrup\u00e7\u00f5es, falhas, omiss\u00f5es, atrasos, bloqueios ou desconex\u00f5es causadas por erros nas linhas e redes de telecomunica\u00e7\u00f5es ou por qualquer outra causa fora do controlo do ARTECONFORT HOTEL, S.L.<\/li>\n<li>Interfer\u00eancia il\u00edcita atrav\u00e9s da utiliza\u00e7\u00e3o de software malicioso de qualquer tipo e por qualquer meio de comunica\u00e7\u00e3o, como v\u00edrus inform\u00e1ticos ou qualquer outro meio;<\/li>\n<li>Utiliza\u00e7\u00e3o indevida ou inadequada do s\u00edtio web do ARTECONFORT HOTEL, S.L.<\/li>\n<li>Erros de seguran\u00e7a ou de navega\u00e7\u00e3o causados por um mau funcionamento do navegador ou pela utiliza\u00e7\u00e3o de vers\u00f5es desactualizadas.<\/li>\n<\/ol>\n<p> O ARTECONFORT HOTEL, S.L. n\u00e3o se responsabiliza e em nenhum caso responder\u00e1 perante os utilizadores e terceiros pelas ac\u00e7\u00f5es de terceiros alheios ao ARTECONFORT HOTEL, S.L. que impliquem ou possam implicar a realiza\u00e7\u00e3o de actos de concorr\u00eancia desleal e publicidade il\u00edcita ou a viola\u00e7\u00e3o de direitos de propriedade intelectual e industrial, segredos comerciais, compromissos contratuais de qualquer tipo, direitos \u00e0 honra, \u00e0 intimidade pessoal e familiar e \u00e0 imagem, direitos de propriedade e quaisquer outros direitos pertencentes a terceiros devido \u00e0 transmiss\u00e3o, difus\u00e3o, armazenamento, disponibiliza\u00e7\u00e3o, rece\u00e7\u00e3o, obten\u00e7\u00e3o ou acesso aos conte\u00fados.[\/vc_column_text][\/vc_accordion_tab][vc_accordion_tab title=&#8221;7.- Prote\u00e7\u00e3o dos dados pessoais&#8221;][vc_column_text]Toda a pol\u00edtica de tratamento de dados pessoais pode ser consultada na Pol\u00edtica de Privacidade, que faz parte integrante das presentes Condi\u00e7\u00f5es Gerais, mas que, por uma quest\u00e3o de simplicidade, coloc\u00e1mos num documento separado: <a href=\"https:\/\/arteconfort.com\/pt-pt\/politica-de-privacidad\/\">Pol\u00edtica de Privacidade<\/a>.[\/vc_column_text][\/vc_accordion_tab][vc_accordion_tab title=&#8221;8.- Legisla\u00e7\u00e3o&#8221;][vc_column_text]O presente Aviso Legal e os seus termos e condi\u00e7\u00f5es reger-se-\u00e3o e ser\u00e3o interpretados de acordo com a legisla\u00e7\u00e3o espanhola. O utilizador, pelo simples facto de aceder ao site ou de obter a condi\u00e7\u00e3o de utilizador registado, outorga de forma irrevog\u00e1vel o seu consentimento aos Tribunais competentes para conhecer por defeito de qualquer a\u00e7\u00e3o judicial derivada ou relacionada com as presentes condi\u00e7\u00f5es, ou com a sua utiliza\u00e7\u00e3o deste Site ou navega\u00e7\u00e3o no mesmo. Se alguma cl\u00e1usula ou sec\u00e7\u00e3o das presentes Condi\u00e7\u00f5es Gerais, que n\u00e3o seja de natureza essencial para a exist\u00eancia das mesmas, for declarada nula ou inaplic\u00e1vel, a validade das restantes cl\u00e1usulas n\u00e3o ser\u00e1 afetada.[\/vc_column_text][\/vc_accordion_tab][vc_accordion_tab title=&#8221;9.- Pol\u00edtica de compras&#8221;][vc_column_text]O ARTECONFORT HOTEL, S.L. comunica a sua sensibiliza\u00e7\u00e3o para a Diretiva Europeia de Efici\u00eancia Energ\u00e9tica 2012\/27\/UE, pelo que, para a aquisi\u00e7\u00e3o de produtos, equipamentos e\/ou servi\u00e7os que possam ter impacto nas instala\u00e7\u00f5es e equipamentos do ARTECONFORT HOTEL, S.L., ser\u00e1 tida em conta uma s\u00e9rie de requisitos de efici\u00eancia energ\u00e9tica, que ser\u00e3o comunicados ao fornecedor. Em conformidade com a norma UNE-EN-ISO 9001:2015, os fornecedores de materiais e servi\u00e7os prestados ser\u00e3o monitorizados para garantir o cumprimento dos requisitos especificados. Os crit\u00e9rios de avalia\u00e7\u00e3o dos fornecedores s\u00e3o:   <\/p>\n<ul>\n<li>Os produtos que disp\u00f5em de um certificado (ISO 9001, ISO 14001, ISO 50001 e ISO 45001) s\u00e3o classificados na CLASSE A.<\/li>\n<li>Se o fornecedor\/subcontratante for um \u00fanico\/subcontratante imposto pelo cliente, ser\u00e1 classificado como CLASSE A.<\/li>\n<li>O fornecedor\/subcontratante com refer\u00eancias externas ser\u00e1 classificado como CLASSE A.<\/li>\n<li>Se nenhuma das tr\u00eas carater\u00edsticas anteriores for cumprida, ser\u00e1 a Arteconfort Hotel que avaliar\u00e1 os fornecedores com uma pontua\u00e7\u00e3o de 0-10, sendo 0 o m\u00ednimo e 10 o m\u00e1ximo. Avaliando a qualidade do servi\u00e7o prestado, o pre\u00e7o, o cumprimento do prazo de entrega e a entrega da documenta\u00e7\u00e3o. Em fun\u00e7\u00e3o dos resultados, ser\u00e3o classificados:\n<ul>\n<li>Os fornecedores\/subcontratantes cuja pontua\u00e7\u00e3o seja &lt;20, s\u00e3o considerados fornecedores\/subcontratantes <strong>n\u00e3o aprovados<\/strong>.<\/li>\n<li>Os fornecedores\/subcontratantes com uma pontua\u00e7\u00e3o entre 20 e 30 s\u00e3o considerados fornecedores\/subcontratantes de <strong>classe B<\/strong>.<\/li>\n<li>Os fornecedores\/subcontratantes cuja pontua\u00e7\u00e3o \u00e9 &gt;30, s\u00e3o considerados fornecedores\/subcontratantes de <strong>classe A<\/strong>.<\/li>\n<\/ul>\n<\/li>\n<\/ul>\n<p> Em conformidade com a norma UNE-EN-ISO 50.001:2018 para a aquisi\u00e7\u00e3o de produtos, equipamentos e\/ou instala\u00e7\u00f5es, a Arteconfort Hotel ter\u00e1 em conta os requisitos desta norma para melhorar a poupan\u00e7a energ\u00e9tica.[\/vc_column_text][\/vc_accordion_tab][\/vc_accordion][\/vc_column][\/vc_row]<\/p>\n<\/div>","protected":false},"excerpt":{"rendered":"<p>[vc_row][vc_column][vc_column_text]Para aceder aos nossos servi\u00e7os, o utilizador declara que \u00e9 maior de idade e que tem capacidade jur\u00eddica suficiente para utilizar os nossos servi\u00e7os, de acordo com a legisla\u00e7\u00e3o nacional. O acesso e a navega\u00e7\u00e3o no s\u00edtio Web, ou a utiliza\u00e7\u00e3o dos seus servi\u00e7os, implica a aceita\u00e7\u00e3o expressa e plena de todas e cada uma [&hellip;]<\/p>\n","protected":false},"author":1,"featured_media":0,"parent":0,"menu_order":0,"comment_status":"closed","ping_status":"closed","template":"","meta":{"footnotes":""},"class_list":["post-11944","page","type-page","status-publish","hentry"],"yoast_head":"<!-- This site is optimized with the Yoast SEO plugin v26.5 - https:\/\/yoast.com\/wordpress\/plugins\/seo\/ -->\n<title>Aviso legal - Arteconfort<\/title>\n<meta name=\"description\" content=\"Para aceder aos nossos servi\u00e7os, o utilizador declara que \u00e9 maior de idade e que tem capacidade jur\u00eddica suficiente para utilizar os nossos servi\u00e7os, de\" \/>\n<meta name=\"robots\" content=\"noindex, nofollow\" \/>\n<meta property=\"og:locale\" content=\"pt_PT\" \/>\n<meta property=\"og:type\" content=\"article\" \/>\n<meta property=\"og:title\" content=\"Aviso legal - Arteconfort\" \/>\n<meta property=\"og:description\" content=\"Para aceder aos nossos servi\u00e7os, o utilizador declara que \u00e9 maior de idade e que tem capacidade jur\u00eddica suficiente para utilizar os nossos servi\u00e7os, de\" \/>\n<meta property=\"og:url\" content=\"https:\/\/arteconfort.com\/pt-pt\/aviso-legal\/\" \/>\n<meta property=\"og:site_name\" content=\"Arteconfort\" \/>\n<meta property=\"article:modified_time\" content=\"2024-09-12T09:10:57+00:00\" \/>\n<meta name=\"twitter:card\" content=\"summary_large_image\" \/>\n<meta name=\"twitter:label1\" content=\"Tempo estimado de leitura\" \/>\n\t<meta name=\"twitter:data1\" content=\"15 minutos\" \/>\n<!-- \/ Yoast SEO plugin. -->","yoast_head_json":{"title":"Aviso legal - Arteconfort","description":"Para aceder aos nossos servi\u00e7os, o utilizador declara que \u00e9 maior de idade e que tem capacidade jur\u00eddica suficiente para utilizar os nossos servi\u00e7os, de","robots":{"index":"noindex","follow":"nofollow"},"og_locale":"pt_PT","og_type":"article","og_title":"Aviso legal - Arteconfort","og_description":"Para aceder aos nossos servi\u00e7os, o utilizador declara que \u00e9 maior de idade e que tem capacidade jur\u00eddica suficiente para utilizar os nossos servi\u00e7os, de","og_url":"https:\/\/arteconfort.com\/pt-pt\/aviso-legal\/","og_site_name":"Arteconfort","article_modified_time":"2024-09-12T09:10:57+00:00","twitter_card":"summary_large_image","twitter_misc":{"Tempo estimado de leitura":"15 minutos"},"schema":{"@context":"https:\/\/schema.org","@graph":[{"@type":"WebPage","@id":"https:\/\/arteconfort.com\/pt-pt\/aviso-legal\/","url":"https:\/\/arteconfort.com\/pt-pt\/aviso-legal\/","name":"Aviso legal - Arteconfort","isPartOf":{"@id":"https:\/\/arteconfort.com\/pt-pt\/#website"},"datePublished":"2019-07-30T08:09:31+00:00","dateModified":"2024-09-12T09:10:57+00:00","description":"Para aceder aos nossos servi\u00e7os, o utilizador declara que \u00e9 maior de idade e que tem capacidade jur\u00eddica suficiente para utilizar os nossos servi\u00e7os, de","breadcrumb":{"@id":"https:\/\/arteconfort.com\/pt-pt\/aviso-legal\/#breadcrumb"},"inLanguage":"pt-PT","potentialAction":[{"@type":"ReadAction","target":["https:\/\/arteconfort.com\/pt-pt\/aviso-legal\/"]}]},{"@type":"BreadcrumbList","@id":"https:\/\/arteconfort.com\/pt-pt\/aviso-legal\/#breadcrumb","itemListElement":[{"@type":"ListItem","position":1,"name":"Inicio","item":"https:\/\/arteconfort.com\/pt-pt\/"},{"@type":"ListItem","position":2,"name":"Aviso legal"}]},{"@type":"WebSite","@id":"https:\/\/arteconfort.com\/pt-pt\/#website","url":"https:\/\/arteconfort.com\/pt-pt\/","name":"Arteconfort","description":"Especialistas en productos del hogar","publisher":{"@id":"https:\/\/arteconfort.com\/pt-pt\/#organization"},"potentialAction":[{"@type":"SearchAction","target":{"@type":"EntryPoint","urlTemplate":"https:\/\/arteconfort.com\/pt-pt\/?s={search_term_string}"},"query-input":{"@type":"PropertyValueSpecification","valueRequired":true,"valueName":"search_term_string"}}],"inLanguage":"pt-PT"},{"@type":"Organization","@id":"https:\/\/arteconfort.com\/pt-pt\/#organization","name":"Arteconfort","url":"https:\/\/arteconfort.com\/pt-pt\/","logo":{"@type":"ImageObject","inLanguage":"pt-PT","@id":"https:\/\/arteconfort.com\/pt-pt\/#\/schema\/logo\/image\/","url":"https:\/\/arteconfort.com\/wp-content\/uploads\/2019\/07\/logo-arteconfort.png","contentUrl":"https:\/\/arteconfort.com\/wp-content\/uploads\/2019\/07\/logo-arteconfort.png","width":230,"height":88,"caption":"Arteconfort"},"image":{"@id":"https:\/\/arteconfort.com\/pt-pt\/#\/schema\/logo\/image\/"}}]}},"_links":{"self":[{"href":"https:\/\/arteconfort.com\/pt-pt\/wp-json\/wp\/v2\/pages\/11944","targetHints":{"allow":["GET"]}}],"collection":[{"href":"https:\/\/arteconfort.com\/pt-pt\/wp-json\/wp\/v2\/pages"}],"about":[{"href":"https:\/\/arteconfort.com\/pt-pt\/wp-json\/wp\/v2\/types\/page"}],"author":[{"embeddable":true,"href":"https:\/\/arteconfort.com\/pt-pt\/wp-json\/wp\/v2\/users\/1"}],"replies":[{"embeddable":true,"href":"https:\/\/arteconfort.com\/pt-pt\/wp-json\/wp\/v2\/comments?post=11944"}],"version-history":[{"count":0,"href":"https:\/\/arteconfort.com\/pt-pt\/wp-json\/wp\/v2\/pages\/11944\/revisions"}],"wp:attachment":[{"href":"https:\/\/arteconfort.com\/pt-pt\/wp-json\/wp\/v2\/media?parent=11944"}],"curies":[{"name":"wp","href":"https:\/\/api.w.org\/{rel}","templated":true}]}}