{"id":11950,"date":"2019-07-30T13:20:08","date_gmt":"2019-07-30T11:20:08","guid":{"rendered":"https:\/\/arteconfort.com\/politica-de-cookies\/"},"modified":"2024-08-26T18:18:46","modified_gmt":"2024-08-26T16:18:46","slug":"politica-de-cookies","status":"publish","type":"page","link":"https:\/\/arteconfort.com\/pt-pt\/politica-de-cookies\/","title":{"rendered":"Pol\u00edtica de cookies"},"content":{"rendered":"<div class=\"wpb-content-wrapper\"><p>[vc_row][vc_column][vc_column_text]O objetivo desta pol\u00edtica \u00e9 definir a utiliza\u00e7\u00e3o de cookies em http:\/\/www.arteconfort.com, bem como fornecer informa\u00e7\u00f5es aos utilizadores e visitantes de http:\/\/www.arteconfort.com em rela\u00e7\u00e3o \u00e0 utiliza\u00e7\u00e3o de cookies e aos meios de configura\u00e7\u00e3o dos seus navegadores.<\/p>\n<p>A utiliza\u00e7\u00e3o dos servi\u00e7os oferecidos por https:\/\/www.arteconfort.com, implica a aceita\u00e7\u00e3o plena e sem reservas desta pol\u00edtica de utiliza\u00e7\u00e3o de cookies.<\/p>\n<p>ARTECONFORT HOTEL, S.L. pode recolher informa\u00e7\u00f5es atrav\u00e9s de ficheiros como cookies ou ficheiros de registo sobre a navega\u00e7\u00e3o dos utilizadores em https:\/\/www.arteconfort.com. Estes dispositivos est\u00e3o associados exclusivamente a um \u00fanico utilizador e ao seu pr\u00f3prio dispositivo de acesso.[\/vc_column_text][vc_empty_space height=&#8221;60px&#8221;][vc_accordion collapsible=&#8221;true&#8221; active_tab=&#8221;false&#8221;][vc_accordion_tab title=&#8221;1.- O que \u00e9 um cookie?&#8221;][vc_column_text]Os cookies s\u00e3o ficheiros que cont\u00eam pequenas quantidades de informa\u00e7\u00e3o que s\u00e3o descarregados para o dispositivo do utilizador utilizado quando este visita um s\u00edtio Web.<\/p>\n<p>Os cookies s\u00e3o uma ferramenta utilizada pelos servidores Web para armazenar e recuperar informa\u00e7\u00f5es sobre os seus utilizadores. N\u00e3o \u00e9 mais do que um ficheiro de texto que alguns servidores pedem ao browser para gravar no disco r\u00edgido, com informa\u00e7\u00f5es sobre o que o utilizador fez no s\u00edtio Web. T\u00eam uma data de validade, que pode ir desde a dura\u00e7\u00e3o da sess\u00e3o at\u00e9 uma data futura especificada, ap\u00f3s a qual deixam de estar operacionais.<\/p>\n<p>Os cookies s\u00e3o essenciais para o funcionamento da Internet; n\u00e3o podem danificar o equipamento\/dispositivo do utilizador e, se estiverem activados na configura\u00e7\u00e3o do seu navegador, ajudam-nos a identificar e resolver poss\u00edveis erros no funcionamento de https:\/\/www.arteconfort.com.[\/vc_column_text][\/vc_accordion_tab][vc_accordion_tab title=&#8221;2.- Tipos de cookies&#8221;][vc_column_text]Os cookies dividem-se em v\u00e1rios tipos de classifica\u00e7\u00f5es: por quem os utiliza, pela finalidade da sua utiliza\u00e7\u00e3o e pelo per\u00edodo de tempo em que permanecem activos.<\/p>\n<ol>\n<li style=\"list-style-type: none;\">\n<ol>\n<li><strong>De acordo com o seu propriet\u00e1rio<\/strong>, s\u00e3o classificados em:\n<ul>\n<li><strong>Cookies pr\u00f3prios<\/strong>: S\u00e3o aqueles que enviamos para o seu computador ou terminal a partir do nosso s\u00edtio Web.<\/li>\n<li><strong>Cookies de terceiros<\/strong>: S\u00e3o aqueles que s\u00e3o enviados para o seu computador ou terminal a partir de um dom\u00ednio ou p\u00e1gina web que n\u00e3o \u00e9 gerido por n\u00f3s, mas por outra entidade que processa os dados obtidos atrav\u00e9s dos cookies.<\/li>\n<\/ul>\n<\/li>\n<li><strong>Por objetivo<\/strong>, s\u00e3o classificados da seguinte forma:\n<ul>\n<li><strong>Cookies funcionais<\/strong>: s\u00e3o aqueles que permitem ao utilizador navegar atrav\u00e9s de um s\u00edtio Web e utilizar as diferentes op\u00e7\u00f5es ou servi\u00e7os existentes no mesmo.<\/li>\n<li><strong>Cookies de personaliza\u00e7\u00e3o<\/strong>: Estes cookies permitem ao utilizador aceder ao servi\u00e7o com determinadas carater\u00edsticas gerais predefinidas em fun\u00e7\u00e3o de uma s\u00e9rie de crit\u00e9rios no terminal do utilizador, como, por exemplo, a l\u00edngua, o tipo de navegador utilizado para aceder ao servi\u00e7o, a configura\u00e7\u00e3o regional a partir da qual se acede ao servi\u00e7o, etc.<\/li>\n<li><strong>Cookies de an\u00e1lise<\/strong>: S\u00e3o cookies tratados por n\u00f3s ou por terceiros e que nos permitem quantificar o n\u00famero de utilizadores e efetuar a medi\u00e7\u00e3o e an\u00e1lise estat\u00edstica da utiliza\u00e7\u00e3o que os utilizadores fazem do nosso s\u00edtio Web. Para tal, analisamos a navega\u00e7\u00e3o no nosso s\u00edtio Web com o objetivo de melhorar a gama de produtos ou servi\u00e7os que oferecemos.<\/li>\n<li><strong>Cookies de publicidade comportamental<\/strong>: S\u00e3o cookies que armazenam informa\u00e7\u00f5es sobre o comportamento dos utilizadores obtidas atrav\u00e9s da observa\u00e7\u00e3o cont\u00ednua dos seus h\u00e1bitos de navega\u00e7\u00e3o, o que permite desenvolver um perfil espec\u00edfico para apresentar publicidade com base no mesmo.<\/li>\n<\/ul>\n<\/li>\n<li><strong>Quanto \u00e0 perman\u00eancia<\/strong>, classificam-se em\n<ul>\n<li><strong>Cookies de sess\u00e3o<\/strong>: s\u00e3o concebidos para recolher e armazenar dados enquanto o utilizador acede a uma p\u00e1gina Web. Desaparecem no final da sess\u00e3o do utilizador.<\/li>\n<li><strong>Cookies persistentes<\/strong>: S\u00e3o cookies em que os dados ficam armazenados no terminal, podendo ser acedidos e tratados durante um per\u00edodo de tempo definido pelo respons\u00e1vel pelo cookie, que pode ir de alguns minutos a v\u00e1rios anos.<\/li>\n<\/ul>\n<\/li>\n<\/ol>\n<\/li>\n<\/ol>\n<p>[\/vc_column_text][\/vc_accordion_tab][vc_accordion_tab title=&#8221;3.- Utiliza\u00e7\u00e3o de cookies por http:\/\/www.arteconfort.com&#8221;][vc_column_text]ARTECONFORT HOTEL, S.L. utiliza no seu site https:\/\/www.arteconfort.com cookies funcionais, necess\u00e1rios para a correta visualiza\u00e7\u00e3o do site e para garantir o correto funcionamento de https:\/\/www.arteconfort.com e cookies anal\u00edticos, utilizados para analisar o comportamento dos utilizadores de forma agregada e an\u00f3nima, incluindo o n\u00famero de visitantes do site e das diferentes p\u00e1ginas internas, a origem da visita, o dia e a hora, a plataforma, as palavras de pesquisa utilizadas por um utilizador para encontrar o conte\u00fado desejado.<\/p>\n<p>Os objectivos para os quais utilizamos cookies s\u00e3o os seguintes:<\/p>\n<ul>\n<li>Para personalizar a experi\u00eancia de navega\u00e7\u00e3o do utilizador, para reconhecer a l\u00edngua do utilizador e para equilibrar a carga do s\u00edtio Web.<\/li>\n<li>Para poder melhorar o s\u00edtio Web e saber que conte\u00fado ou design \u00e9 mais relevante para o utilizador.<\/li>\n<\/ul>\n<p>ARTECONFORT HOTEL, S.L. n\u00e3o pode ler as cookies implementadas no disco duro do computador\/terminal do utilizador de outros servidores web que n\u00e3o sejam os seus.<\/p>\n<p>Na seguinte tabela pode consultar os cookies utilizados em http:\/\/www.arteconfort.com, a sua finalidade, se s\u00e3o pr\u00f3prios ou de terceiros e a sua dura\u00e7\u00e3o.[\/vc_column_text][vc_empty_space][vc_row_inner vertical_align=&#8221;middle&#8221; background_mode=&#8221;color&#8221; background_color=&#8221;#f5f5f5&#8243;][vc_column_inner padding_size=&#8221;l-padding&#8221;][wyde_separator border_width=&#8221;3px&#8221; el_width=&#8221;100%&#8221; color=&#8221;#000000&#8243; css=&#8221;.vc_custom_1724413197538{padding-bottom: 10px !important;}&#8221;][wyde_heading style=&#8221;5&#8243; title_tag=&#8221;h5&#8243; title=&#8221;An\u00e1lise&#8221; heading_color=&#8221;#000000&#8243; subheading_color=&#8221;#61b4e4&#8243;][vc_column_text]Os cookies anal\u00edticos s\u00e3o utilizados para compreender a forma como os visitantes interagem com o s\u00edtio Web. Estes cookies ajudam a fornecer informa\u00e7\u00f5es sobre m\u00e9tricas como o n\u00famero de visitantes, a taxa de rejei\u00e7\u00e3o, a origem do tr\u00e1fego, etc.[\/vc_column_text][wyde_separator el_width=&#8221;100%&#8221; color=&#8221;#000000&#8243; css=&#8221;.vc_custom_1724413225912{padding-top: 10px !important;padding-bottom: 10px !important;}&#8221;][vc_column_text]<strong>Cookie<\/strong> tk_ai<br \/>\n<strong>Dura\u00e7\u00e3o<\/strong> Sess\u00e3o<br \/>\n<strong>Descri\u00e7\u00e3o<\/strong> O JetPack define este cookie para armazenar uma ID an\u00f3nima gerada aleatoriamente, que \u00e9 utilizada apenas na \u00e1rea de administra\u00e7\u00e3o e para acompanhamento anal\u00edtico geral.[\/vc_column_text][wyde_separator el_width=&#8221;100%&#8221; color=&#8221;#000000&#8243; css=&#8221;.vc_custom_1724413225912{padding-top: 10px !important;padding-bottom: 10px !important;}&#8221;][vc_column_text]<strong>Cookie<\/strong> _gat_gtag_UA_145147454_1<br \/>\n<strong>Dura\u00e7\u00e3o<\/strong> 1 minuto<br \/>\n<strong>Descri\u00e7\u00e3o<\/strong> Definido pela Google para distinguir os utilizadores.[\/vc_column_text][wyde_separator el_width=&#8221;100%&#8221; color=&#8221;#000000&#8243; css=&#8221;.vc_custom_1724413225912{padding-top: 10px !important;padding-bottom: 10px !important;}&#8221;][vc_column_text]<strong>Cookie<\/strong> _gid<br \/>\n<strong>Dura\u00e7\u00e3o<\/strong> 1 dia<br \/>\n<strong>Descri\u00e7\u00e3o<\/strong> Definido pelo Google Analytics, o cookie _gid armazena informa\u00e7\u00f5es sobre a forma como os visitantes utilizam um s\u00edtio Web, criando simultaneamente um relat\u00f3rio anal\u00edtico sobre o desempenho do s\u00edtio. Alguns dos dados recolhidos incluem o n\u00famero de visitantes, a sua proveni\u00eancia e as p\u00e1ginas que visitam de forma an\u00f3nima.[\/vc_column_text][wyde_separator el_width=&#8221;100%&#8221; color=&#8221;#000000&#8243; css=&#8221;.vc_custom_1724413225912{padding-top: 10px !important;padding-bottom: 10px !important;}&#8221;][vc_column_text]<strong>Cookie<\/strong> _ga<br \/>\n<strong>Dura\u00e7\u00e3o<\/strong> 2 anos<br \/>\n<strong>Descri\u00e7\u00e3o<\/strong> O cookie _ga, definido pelo Google Analytics, calcula os dados do visitante, da sess\u00e3o e da campanha e tamb\u00e9m regista a utiliza\u00e7\u00e3o do s\u00edtio para relat\u00f3rios anal\u00edticos do s\u00edtio. O cookie armazena informa\u00e7\u00f5es de forma an\u00f3nima e atribui um n\u00famero gerado aleatoriamente para reconhecer os visitantes \u00fanicos.<\/p>\n<p>[\/vc_column_text][wyde_separator border_width=&#8221;3px&#8221; el_width=&#8221;100%&#8221; color=&#8221;#000000&#8243; css=&#8221;.vc_custom_1724413517375{padding-top: 10px !important;padding-bottom: 10px !important;}&#8221;][wyde_heading style=&#8221;5&#8243; title_tag=&#8221;h5&#8243; title=&#8221;Necess\u00e1rio&#8221; heading_color=&#8221;#000000&#8243; subheading_color=&#8221;#61b4e4&#8243;][vc_column_text]Os cookies necess\u00e1rios s\u00e3o absolutamente essenciais para que o s\u00edtio Web funcione corretamente. Esta categoria inclui apenas os cookies que asseguram as funcionalidades b\u00e1sicas e as carater\u00edsticas de seguran\u00e7a do s\u00edtio Web. Estes cookies n\u00e3o armazenam quaisquer informa\u00e7\u00f5es pessoais.[\/vc_column_text][wyde_separator el_width=&#8221;100%&#8221; color=&#8221;#000000&#8243; css=&#8221;.vc_custom_1724413225912{padding-top: 10px !important;padding-bottom: 10px !important;}&#8221;][vc_column_text]<strong>Cookie<\/strong> _GRECAPTCHA<br \/>\n<strong>Dura\u00e7\u00e3o<\/strong> 5 meses 27 dias<br \/>\n<strong>Descri\u00e7\u00e3o<\/strong> Este cookie \u00e9 definido pelo servi\u00e7o recaptcha do Google para identificar bots e proteger o s\u00edtio Web contra ataques maliciosos de spam.[\/vc_column_text][wyde_separator el_width=&#8221;100%&#8221; color=&#8221;#000000&#8243; css=&#8221;.vc_custom_1724413225912{padding-top: 10px !important;padding-bottom: 10px !important;}&#8221;][vc_column_text]<strong>Cookie<\/strong> cookielawinfo-checkbox-others<br \/>\n<strong>Dura\u00e7\u00e3o<\/strong> 1 ano<br \/>\n<strong>Descri\u00e7\u00e3o<\/strong> Definido pelo plugin GDPR Cookie Consent, este cookie \u00e9 utilizado para armazenar o consentimento do utilizador para cookies da categoria \u201cOutros\u201d.[\/vc_column_text][wyde_separator el_width=&#8221;100%&#8221; color=&#8221;#000000&#8243; css=&#8221;.vc_custom_1724413225912{padding-top: 10px !important;padding-bottom: 10px !important;}&#8221;][vc_column_text]<strong>Cookie<\/strong> cookielawinfo-checkbox-advertisement<br \/>\n<strong>Dura\u00e7\u00e3o<\/strong> 1 ano<br \/>\n<strong>Descri\u00e7\u00e3o<\/strong> Definido pelo plug-in GDPR Cookie Consent, este cookie \u00e9 utilizado para registar o consentimento do utilizador para cookies na categoria \u201cPublicidade\u201d.[\/vc_column_text][wyde_separator el_width=&#8221;100%&#8221; color=&#8221;#000000&#8243; css=&#8221;.vc_custom_1724413225912{padding-top: 10px !important;padding-bottom: 10px !important;}&#8221;][vc_column_text]<strong>Cookie<\/strong> cookielawinfo-checkbox-analytics<br \/>\n<strong>Dura\u00e7\u00e3o<\/strong> 1 ano<br \/>\n<strong>Descri\u00e7\u00e3o<\/strong> Definido pelo plugin GDPR Cookie Consent, este cookie \u00e9 utilizado para registar o consentimento do utilizador para cookies na categoria \u201cAnalytics\u201d.[\/vc_column_text][wyde_separator el_width=&#8221;100%&#8221; color=&#8221;#000000&#8243; css=&#8221;.vc_custom_1724413225912{padding-top: 10px !important;padding-bottom: 10px !important;}&#8221;][vc_column_text]<strong>Cookie<\/strong> cookielawinfo-checkbox-performance<br \/>\n<strong>Dura\u00e7\u00e3o<\/strong> 1 ano<br \/>\n<strong>Descri\u00e7\u00e3o<\/strong> Definido pelo plugin GDPR Cookie Consent, este cookie \u00e9 utilizado para armazenar o consentimento do utilizador para cookies na categoria \u201cPerformance\u201d.[\/vc_column_text][wyde_separator el_width=&#8221;100%&#8221; color=&#8221;#000000&#8243; css=&#8221;.vc_custom_1724413225912{padding-top: 10px !important;padding-bottom: 10px !important;}&#8221;][vc_column_text]<strong>Cookie<\/strong> CookieLawInfoConsent<br \/>\n<strong>Dura\u00e7\u00e3o<\/strong> 1 ano<br \/>\n<strong>Descri\u00e7\u00e3o<\/strong> Regista o estado do bot\u00e3o predefinido da categoria correspondente e o estado da CCPA. Funciona apenas em coordena\u00e7\u00e3o com o cookie principal.[\/vc_column_text][wyde_separator el_width=&#8221;100%&#8221; color=&#8221;#000000&#8243; css=&#8221;.vc_custom_1724413225912{padding-top: 10px !important;padding-bottom: 10px !important;}&#8221;][vc_column_text]<strong>Cookie<\/strong> cookielawinfo-checkbox-functional<br \/>\n<strong>Dura\u00e7\u00e3o<\/strong> 1 ano<br \/>\n<strong>Descri\u00e7\u00e3o<\/strong> O cookie \u00e9 definido pelo plug-in GDPR Cookie Consent para registar o consentimento do utilizador para cookies na categoria \u201cFuncional\u201d.[\/vc_column_text][wyde_separator el_width=&#8221;100%&#8221; color=&#8221;#000000&#8243; css=&#8221;.vc_custom_1724413225912{padding-top: 10px !important;padding-bottom: 10px !important;}&#8221;][vc_column_text]<strong>Cookie<\/strong> cookielawinfo-checkbox-necessary<br \/>\n<strong>Dura\u00e7\u00e3o<\/strong> 1 ano<br \/>\n<strong>Descri\u00e7\u00e3o<\/strong> Definido pelo plugin GDPR Cookie Consent, este cookie \u00e9 utilizado para registar o consentimento do utilizador para cookies na categoria \u201cNecess\u00e1rio\u201d.[\/vc_column_text][wyde_separator border_width=&#8221;3px&#8221; el_width=&#8221;100%&#8221; color=&#8221;#000000&#8243; css=&#8221;.vc_custom_1724413526343{padding-top: 10px !important;padding-bottom: 10px !important;}&#8221;][\/vc_column_inner][\/vc_row_inner][\/vc_accordion_tab][vc_accordion_tab title=&#8221;4.- Utiliza\u00e7\u00e3o de cookies anal\u00edticos do Google Analytics&#8221;][vc_column_text]O s\u00edtio Web http:\/\/www.arteconfort.com utiliza cookies anal\u00edticos do Google Analytics (1600 Amphitheatre Parkway, Mountain View. Calif\u00f3rnia. CA 94043, Estados Unidos). Estes cookies n\u00e3o recolhem informa\u00e7\u00f5es pessoais identific\u00e1veis sobre um visitante. Todas as informa\u00e7\u00f5es recolhidas por estes cookies s\u00e3o agregadas e, por conseguinte, an\u00f3nimas. S\u00e3o utilizadas apenas para melhorar o funcionamento do s\u00edtio. Mais informa\u00e7\u00f5es sobre os cookies do Google Analytics podem ser encontradas em:<\/p>\n<ul>\n<li><a href=\"https:\/\/developers.google.com\/analytics\/devguides\/collection\/analyticsjs\/cookie-usage\" target=\"_blank\" rel=\"noopener\">https:\/\/developers.google.com\/analytics\/devguides\/collection\/analyticsjs\/cookie-usage<\/a><\/li>\n<\/ul>\n<p>Pode impedir a utiliza\u00e7\u00e3o do Google Analytics em liga\u00e7\u00e3o com a sua utiliza\u00e7\u00e3o de http:\/\/www.arteconfort.com descarregando e instalando o suplemento do navegador dispon\u00edvel atrav\u00e9s desta liga\u00e7\u00e3o:<\/p>\n<ul>\n<li><a href=\"https:\/\/tools.google.com\/dlpage\/gaoptout?hl=es_ES\" target=\"_blank\" rel=\"noopener\">https:\/\/tools.google.com\/dlpage\/gaoptout?hl=es_ES<\/a><\/li>\n<\/ul>\n<p>[\/vc_column_text][\/vc_accordion_tab][vc_accordion_tab title=&#8221;5.- Defini\u00e7\u00f5es de cookies&#8221;][vc_column_text]O utilizador pode bloquear os cookies atrav\u00e9s das ferramentas de configura\u00e7\u00e3o do navegador, ou pode configurar o seu navegador para o avisar quando um servidor pretende guardar um cookie.<\/p>\n<ul>\n<li>Se utilizar o Microsoft Internet Explorer, encontrar\u00e1 a op\u00e7\u00e3o no menu Ferramentas &gt; Op\u00e7\u00f5es da Internet &gt; Privacidade &gt; Defini\u00e7\u00f5es.<\/li>\n<\/ul>\n<p>Mais informa\u00e7\u00f5es em <a href=\"http:\/\/windows.microsoft.com\/es-es\/\" target=\"_blank\" rel=\"noopener\">http:\/\/windows.microsoft.com\/es-es\/<\/a><\/p>\n<ul>\n<li>Se utilizar o Firefox, encontrar\u00e1 a op\u00e7\u00e3o no menu Ferramentas &gt; Op\u00e7\u00f5es &gt; Privacidade &gt; Cookies.<\/li>\n<\/ul>\n<p>Mais informa\u00e7\u00f5es em <a href=\"http:\/\/support.mozilla.org\/es\/kb\/habilitar-y-deshabilitar-Cookies-que-los-sitios-we\" target=\"_blank\" rel=\"noopener\">http:\/\/support.mozilla.org\/es\/kb\/habilitar-y-deshabilitar-Cookies-que-los-sitios-we<\/a><\/p>\n<ul>\n<li>Se utilizar o Chrome, em Op\u00e7\u00f5es &gt; Op\u00e7\u00f5es avan\u00e7adas &gt; Privacidade.<\/li>\n<\/ul>\n<p>Mais informa\u00e7\u00f5es em <a href=\"https:\/\/support.google.com\/accounts\/answer\/61416?hl=es\" target=\"_blank\" rel=\"noopener\">https:\/\/support.google.com\/accounts\/answer\/61416?hl=es<\/a><\/p>\n<ul>\n<li>Se utilizar o Opera, na op\u00e7\u00e3o Seguran\u00e7a e privacidade, pode configurar o browser.<\/li>\n<\/ul>\n<p>Mais informa\u00e7\u00f5es em <a href=\"http:\/\/help.opera.com\/Windows\/11.50\/es-ES\/cookies.html\" target=\"_blank\" rel=\"noopener\">http:\/\/help.opera.com\/Windows\/11.50\/es-ES\/cookies.html<\/a><\/p>\n<ul>\n<li>Se utilizar o Safari, encontrar\u00e1 a op\u00e7\u00e3o no menu Prefer\u00eancias\/Privacidade.<\/li>\n<\/ul>\n<p>Mais informa\u00e7\u00f5es em: <a href=\"http:\/\/support.apple.com\/kb\/HT1677?viewlocale=es_ES\" target=\"_blank\" rel=\"noopener\">http:\/\/support.apple.com\/kb\/HT1677?viewlocale=es_ES<\/a>[\/vc_column_text][\/vc_accordion_tab][\/vc_accordion][\/vc_column][\/vc_row]<\/p>\n<\/div>","protected":false},"excerpt":{"rendered":"<p>[vc_row][vc_column][vc_column_text]O objetivo desta pol\u00edtica \u00e9 definir a utiliza\u00e7\u00e3o de cookies em http:\/\/www.arteconfort.com, bem como fornecer informa\u00e7\u00f5es aos utilizadores e visitantes de http:\/\/www.arteconfort.com em rela\u00e7\u00e3o \u00e0 utiliza\u00e7\u00e3o de cookies e aos meios de configura\u00e7\u00e3o dos seus navegadores. A utiliza\u00e7\u00e3o dos servi\u00e7os oferecidos por https:\/\/www.arteconfort.com, implica a aceita\u00e7\u00e3o plena e sem reservas desta pol\u00edtica de utiliza\u00e7\u00e3o de [&hellip;]<\/p>\n","protected":false},"author":1,"featured_media":0,"parent":0,"menu_order":0,"comment_status":"closed","ping_status":"closed","template":"","meta":{"footnotes":""},"class_list":["post-11950","page","type-page","status-publish","hentry"],"yoast_head":"<!-- This site is optimized with the Yoast SEO plugin v26.5 - https:\/\/yoast.com\/wordpress\/plugins\/seo\/ -->\n<title>Pol\u00edtica de cookies - Arteconfort<\/title>\n<meta name=\"description\" content=\"O objetivo desta pol\u00edtica \u00e9 definir a utiliza\u00e7\u00e3o de cookies em http:\/\/www.arteconfort.com, bem como fornecer informa\u00e7\u00f5es aos utilizadores e visitantes de\" \/>\n<meta name=\"robots\" content=\"noindex, nofollow\" \/>\n<meta property=\"og:locale\" content=\"pt_PT\" \/>\n<meta property=\"og:type\" content=\"article\" \/>\n<meta property=\"og:title\" content=\"Pol\u00edtica de cookies - Arteconfort\" \/>\n<meta property=\"og:description\" content=\"O objetivo desta pol\u00edtica \u00e9 definir a utiliza\u00e7\u00e3o de cookies em http:\/\/www.arteconfort.com, bem como fornecer informa\u00e7\u00f5es aos utilizadores e visitantes de\" \/>\n<meta property=\"og:url\" content=\"https:\/\/arteconfort.com\/pt-pt\/politica-de-cookies\/\" \/>\n<meta property=\"og:site_name\" content=\"Arteconfort\" \/>\n<meta property=\"article:modified_time\" content=\"2024-08-26T16:18:46+00:00\" \/>\n<meta name=\"twitter:card\" content=\"summary_large_image\" \/>\n<meta name=\"twitter:label1\" content=\"Tempo estimado de leitura\" \/>\n\t<meta name=\"twitter:data1\" content=\"8 minutos\" \/>\n<!-- \/ Yoast SEO plugin. -->","yoast_head_json":{"title":"Pol\u00edtica de cookies - Arteconfort","description":"O objetivo desta pol\u00edtica \u00e9 definir a utiliza\u00e7\u00e3o de cookies em http:\/\/www.arteconfort.com, bem como fornecer informa\u00e7\u00f5es aos utilizadores e visitantes de","robots":{"index":"noindex","follow":"nofollow"},"og_locale":"pt_PT","og_type":"article","og_title":"Pol\u00edtica de cookies - Arteconfort","og_description":"O objetivo desta pol\u00edtica \u00e9 definir a utiliza\u00e7\u00e3o de cookies em http:\/\/www.arteconfort.com, bem como fornecer informa\u00e7\u00f5es aos utilizadores e visitantes de","og_url":"https:\/\/arteconfort.com\/pt-pt\/politica-de-cookies\/","og_site_name":"Arteconfort","article_modified_time":"2024-08-26T16:18:46+00:00","twitter_card":"summary_large_image","twitter_misc":{"Tempo estimado de leitura":"8 minutos"},"schema":{"@context":"https:\/\/schema.org","@graph":[{"@type":"WebPage","@id":"https:\/\/arteconfort.com\/pt-pt\/politica-de-cookies\/","url":"https:\/\/arteconfort.com\/pt-pt\/politica-de-cookies\/","name":"Pol\u00edtica de cookies - Arteconfort","isPartOf":{"@id":"https:\/\/arteconfort.com\/pt-pt\/#website"},"datePublished":"2019-07-30T11:20:08+00:00","dateModified":"2024-08-26T16:18:46+00:00","description":"O objetivo desta pol\u00edtica \u00e9 definir a utiliza\u00e7\u00e3o de cookies em http:\/\/www.arteconfort.com, bem como fornecer informa\u00e7\u00f5es aos utilizadores e visitantes de","breadcrumb":{"@id":"https:\/\/arteconfort.com\/pt-pt\/politica-de-cookies\/#breadcrumb"},"inLanguage":"pt-PT","potentialAction":[{"@type":"ReadAction","target":["https:\/\/arteconfort.com\/pt-pt\/politica-de-cookies\/"]}]},{"@type":"BreadcrumbList","@id":"https:\/\/arteconfort.com\/pt-pt\/politica-de-cookies\/#breadcrumb","itemListElement":[{"@type":"ListItem","position":1,"name":"Inicio","item":"https:\/\/arteconfort.com\/pt-pt\/"},{"@type":"ListItem","position":2,"name":"Pol\u00edtica de cookies"}]},{"@type":"WebSite","@id":"https:\/\/arteconfort.com\/pt-pt\/#website","url":"https:\/\/arteconfort.com\/pt-pt\/","name":"Arteconfort","description":"Especialistas en productos del hogar","publisher":{"@id":"https:\/\/arteconfort.com\/pt-pt\/#organization"},"potentialAction":[{"@type":"SearchAction","target":{"@type":"EntryPoint","urlTemplate":"https:\/\/arteconfort.com\/pt-pt\/?s={search_term_string}"},"query-input":{"@type":"PropertyValueSpecification","valueRequired":true,"valueName":"search_term_string"}}],"inLanguage":"pt-PT"},{"@type":"Organization","@id":"https:\/\/arteconfort.com\/pt-pt\/#organization","name":"Arteconfort","url":"https:\/\/arteconfort.com\/pt-pt\/","logo":{"@type":"ImageObject","inLanguage":"pt-PT","@id":"https:\/\/arteconfort.com\/pt-pt\/#\/schema\/logo\/image\/","url":"https:\/\/arteconfort.com\/wp-content\/uploads\/2019\/07\/logo-arteconfort.png","contentUrl":"https:\/\/arteconfort.com\/wp-content\/uploads\/2019\/07\/logo-arteconfort.png","width":230,"height":88,"caption":"Arteconfort"},"image":{"@id":"https:\/\/arteconfort.com\/pt-pt\/#\/schema\/logo\/image\/"}}]}},"_links":{"self":[{"href":"https:\/\/arteconfort.com\/pt-pt\/wp-json\/wp\/v2\/pages\/11950","targetHints":{"allow":["GET"]}}],"collection":[{"href":"https:\/\/arteconfort.com\/pt-pt\/wp-json\/wp\/v2\/pages"}],"about":[{"href":"https:\/\/arteconfort.com\/pt-pt\/wp-json\/wp\/v2\/types\/page"}],"author":[{"embeddable":true,"href":"https:\/\/arteconfort.com\/pt-pt\/wp-json\/wp\/v2\/users\/1"}],"replies":[{"embeddable":true,"href":"https:\/\/arteconfort.com\/pt-pt\/wp-json\/wp\/v2\/comments?post=11950"}],"version-history":[{"count":0,"href":"https:\/\/arteconfort.com\/pt-pt\/wp-json\/wp\/v2\/pages\/11950\/revisions"}],"wp:attachment":[{"href":"https:\/\/arteconfort.com\/pt-pt\/wp-json\/wp\/v2\/media?parent=11950"}],"curies":[{"name":"wp","href":"https:\/\/api.w.org\/{rel}","templated":true}]}}