{"id":12490,"date":"2021-01-07T14:35:01","date_gmt":"2021-01-07T13:35:01","guid":{"rendered":"https:\/\/arteconfort.com\/climatizacion\/ventiladores-de-techo\/ventiladores-de-techo-con-cadena\/"},"modified":"2025-07-21T09:50:58","modified_gmt":"2025-07-21T07:50:58","slug":"ventiladores-de-techo-con-cadena","status":"publish","type":"page","link":"https:\/\/arteconfort.com\/pt-pt\/climatizacion\/ventiladores-de-techo\/ventiladores-de-techo-con-cadena\/","title":{"rendered":"Ventiladores de tecto com cadeia"},"content":{"rendered":"<div class=\"wpb-content-wrapper\"><p>[vc_row padding_size=&#8221;m-padding&#8221;][vc_column][vc_column_text]<div class=\"woocommerce columns-4 \"><\/div>[\/vc_column_text][\/vc_column][\/vc_row][vc_row padding_size=&#8221;no-padding&#8221;][vc_column][vc_column_text]Considera-se uma pessoa com gostos cl\u00e1ssicos? Sem d\u00favida, os f\u00e3s das correntes nunca sair\u00e3o de moda no mundo do lar. S\u00e3o muito f\u00e1ceis de usar, pois s\u00e3o<strong> operados por uma simples corrente<\/strong>, no caso de um ventilador sem luz. Se o dispositivo tiver uma luz incorporada, s\u00e3o utilizadas duas correntes.<\/p>\n<p>Outro ponto essencial que far\u00e1 do seu leque um cl\u00e1ssico que todos querer\u00e3o possuir \u00e9 a cor. Os ventiladores HAWAII e FUJI oferecem tonalidades diferentes para se adaptarem \u00e0s necessidades do seu quarto. De tons brancos, pretos, madeira ou metal que ir\u00e3o dar um toque distinto ao seu quarto.[\/vc_column_text][vc_empty_space height=&#8221;60px&#8221;][\/vc_column][\/vc_row][vc_row vertical_align=&#8221;middle&#8221; padding_size=&#8221;m-padding&#8221; background_mode=&#8221;color&#8221; background_color=&#8221;#f5f5f5&#8243;][vc_column][vc_row_inner][vc_column_inner width=&#8221;1\/3&#8243; offset=&#8221;vc_col-xs-12&#8243; el_class=&#8221;banner-home&#8221;][wyde_heading style=&#8221;3&#8243; title_tag=&#8221;h3&#8243; subheading_tag=&#8221;span&#8221; title=&#8221;Tamanho do quarto&#8221; subheading=&#8221;Escolha o seu ventilador de acordo com o tamanho do quarto&#8221;][\/vc_column_inner][vc_column_inner width=&#8221;1\/6&#8243; el_class=&#8221;banner-home&#8221; offset=&#8221;vc_col-xs-6&#8243;][wyde_banner title_tag=&#8221;h5&#8243; banner_style=&#8221;2&#8243; title=&#8221;Ventiladores de <strong>QUARTOS PEQUENOS<\/strong>&#8221; image=&#8221;28353&#8243; link=&#8221;url:https%3A%2F%2Farteconfort.com%2Fpt-pt%2Fclimatizacion%2Fventiladores-de-techo%2Fventiladores-de-techo-para-habitaciones-pequenas%2F|title:Pol%C3%ADtica%20de%20sostenibilidad||&#8221; heading_color=&#8221;#ffffff&#8221;][\/vc_column_inner][vc_column_inner width=&#8221;1\/6&#8243; el_class=&#8221;banner-home&#8221; offset=&#8221;vc_col-xs-6&#8243;][wyde_banner title_tag=&#8221;h5&#8243; banner_style=&#8221;2&#8243; title=&#8221;Ventiladores de <strong>QUARTOS DE TAMANHO M\u00c9DIO<\/strong>&#8221; image=&#8221;28348&#8243; link=&#8221;url:https%3A%2F%2Farteconfort.com%2Fpt-pt%2Fclimatizacion%2Fventiladores-de-techo%2Fventiladores-de-techo-para-habitaciones-medianas%2F|title:Ventiladores%20de%20techo%20para%20habitaciones%20medianas||&#8221; heading_color=&#8221;#ffffff&#8221;][\/vc_column_inner][vc_column_inner width=&#8221;1\/6&#8243; offset=&#8221;vc_col-xs-6&#8243; el_class=&#8221;banner-home&#8221;][wyde_banner title_tag=&#8221;h5&#8243; banner_style=&#8221;2&#8243; title=&#8221;Ventiladores de <strong>QUARTOS GRANDES<\/strong>&#8221; image=&#8221;28343&#8243; link=&#8221;url:https%3A%2F%2Farteconfort.com%2Fpt-pt%2Fclimatizacion%2Fventiladores-de-techo%2Fventiladores-de-techo-para-habitaciones-grandes%2F|title:Ventiladores%20de%20techo%20para%20habitaciones%20grandes||&#8221; heading_color=&#8221;#ffffff&#8221;][\/vc_column_inner][vc_column_inner width=&#8221;1\/6&#8243; offset=&#8221;vc_col-xs-6&#8243; el_class=&#8221;banner-home&#8221;][wyde_banner title_tag=&#8221;h5&#8243; banner_style=&#8221;2&#8243; title=&#8221;Ventiladores de <strong>UTILIZA\u00c7\u00c3O NO EXTERIOR<\/strong>&#8221; image=&#8221;28358&#8243; link=&#8221;url:https%3A%2F%2Farteconfort.com%2Fpt-pt%2Fclimatizacion%2Fventiladores-de-techo%2Fventiladores-de-techo-para-uso-exterior%2F|title:Ventiladores%20de%20techo%20para%20uso%20exterior||&#8221; heading_color=&#8221;#ffffff&#8221;][\/vc_column_inner][\/vc_row_inner][vc_empty_space height=&#8221;40px&#8221;][vc_row_inner][vc_column_inner width=&#8221;1\/3&#8243; offset=&#8221;vc_col-xs-12&#8243; el_class=&#8221;banner-home&#8221;][wyde_heading style=&#8221;3&#8243; title_tag=&#8221;h3&#8243; subheading_tag=&#8221;span&#8221; title=&#8221;Modo de comuta\u00e7\u00e3o&#8221; subheading=&#8221;H\u00e1 diferentes maneiras de operar o seu ventilador&#8221;][\/vc_column_inner][vc_column_inner width=&#8221;1\/6&#8243; el_class=&#8221;banner-home&#8221; offset=&#8221;vc_col-xs-6&#8243;][wyde_banner title_tag=&#8221;h5&#8243; banner_style=&#8221;2&#8243; title=&#8221;Ventiladores com <strong>VOZ OU CONTROLO DE APLICA\u00c7\u00c3O<\/strong>&#8221; image=&#8221;28323&#8243; link=&#8221;url:https%3A%2F%2Farteconfort.com%2Fpt-pt%2Fclimatizacion%2Fventiladores-de-techo%2Fventiladores-de-techo-con-control-por-voz-o-app%2F|title:Pol%C3%ADtica%20de%20sostenibilidad||&#8221; heading_color=&#8221;#ffffff&#8221;][\/vc_column_inner][vc_column_inner width=&#8221;1\/6&#8243; el_class=&#8221;banner-home&#8221; offset=&#8221;vc_col-xs-6&#8243;][wyde_banner title_tag=&#8221;h5&#8243; banner_style=&#8221;2&#8243; title=&#8221;Ventiladores com <strong>CONTROLO REMOTO<\/strong>&#8221; image=&#8221;28333&#8243; link=&#8221;url:https%3A%2F%2Farteconfort.com%2Fpt-pt%2Fclimatizacion%2Fventiladores-de-techo%2Fventiladores-de-techo-con-mando-a-distancia%2F|title:Ventiladores%20de%20techo%20con%20mando%20a%20distancia||&#8221; heading_color=&#8221;#ffffff&#8221;][\/vc_column_inner][vc_column_inner width=&#8221;1\/6&#8243; offset=&#8221;vc_col-xs-6&#8243; el_class=&#8221;banner-home&#8221;][\/vc_column_inner][vc_column_inner width=&#8221;1\/6&#8243; offset=&#8221;vc_col-xs-6&#8243; el_class=&#8221;banner-home&#8221;][\/vc_column_inner][\/vc_row_inner][vc_empty_space height=&#8221;40px&#8221;][vc_row_inner][vc_column_inner width=&#8221;1\/3&#8243; offset=&#8221;vc_col-xs-12&#8243; el_class=&#8221;banner-home&#8221;][wyde_heading style=&#8221;3&#8243; title_tag=&#8221;h3&#8243; subheading_tag=&#8221;span&#8221; title=&#8221;Tipo de ilumina\u00e7\u00e3o&#8221; subheading=&#8221;O seu ventilador de tecto com ou sem luz&#8221;][\/vc_column_inner][vc_column_inner width=&#8221;1\/6&#8243; el_class=&#8221;banner-home&#8221; offset=&#8221;vc_col-xs-6&#8243;][wyde_banner title_tag=&#8221;h5&#8243; banner_style=&#8221;2&#8243; title=&#8221;Ventiladores com <strong>LUZ LED INTEGRADA<\/strong>&#8221; image=&#8221;28328&#8243; link=&#8221;url:https%3A%2F%2Farteconfort.com%2Fpt-pt%2Fclimatizacion%2Fventiladores-de-techo%2Fventiladores-de-techo-con-luz-led-integrada%2F|title:Pol%C3%ADtica%20de%20sostenibilidad||&#8221; heading_color=&#8221;#ffffff&#8221;][\/vc_column_inner][vc_column_inner width=&#8221;1\/6&#8243; el_class=&#8221;banner-home&#8221; offset=&#8221;vc_col-xs-6&#8243;][wyde_banner title_tag=&#8221;h5&#8243; banner_style=&#8221;2&#8243; title=&#8221;Ventiladores com <strong>CASQUILHO<\/strong>&#8221; image=&#8221;28318&#8243; link=&#8221;url:https%3A%2F%2Farteconfort.com%2Fpt-pt%2Fclimatizacion%2Fventiladores-de-techo%2Fventiladores-de-techo-con-casquillo%2F|title:Ventiladores%20de%20techo%20con%20casquillo||&#8221; heading_color=&#8221;#ffffff&#8221;][\/vc_column_inner][vc_column_inner width=&#8221;1\/6&#8243; offset=&#8221;vc_col-xs-6&#8243; el_class=&#8221;banner-home&#8221;][wyde_banner title_tag=&#8221;h5&#8243; banner_style=&#8221;2&#8243; title=&#8221;Ventiladores <strong>SEM LUZ<\/strong>&#8221; image=&#8221;28363&#8243; link=&#8221;url:https%3A%2F%2Farteconfort.com%2Fpt-pt%2Fclimatizacion%2Fventiladores-de-techo%2Fventiladores-de-techo-sin-luz%2F|title:Ventiladores%20de%20techo%20sin%20luz||&#8221; heading_color=&#8221;#ffffff&#8221;][\/vc_column_inner][vc_column_inner width=&#8221;1\/6&#8243; offset=&#8221;vc_col-xs-6&#8243; el_class=&#8221;banner-home&#8221;][\/vc_column_inner][\/vc_row_inner][vc_empty_space height=&#8221;40px&#8221;][vc_row_inner][vc_column_inner width=&#8221;1\/3&#8243; offset=&#8221;vc_col-xs-12&#8243; el_class=&#8221;banner-home&#8221;][wyde_heading style=&#8221;3&#8243; title_tag=&#8221;h3&#8243; subheading_tag=&#8221;span&#8221; title=&#8221;Caracter\u00edsticas especiais&#8221; subheading=&#8221;Uma vantagem extra para a sua casa&#8221;][\/vc_column_inner][vc_column_inner width=&#8221;1\/6&#8243; el_class=&#8221;banner-home&#8221; offset=&#8221;vc_col-xs-6&#8243;][wyde_banner title_tag=&#8221;h5&#8243; banner_style=&#8221;2&#8243; title=&#8221;Ventiladores com <strong>ALTIFALANTE BLUETOOTH INTEGRADO<\/strong>&#8221; image=&#8221;28298&#8243; link=&#8221;url:https%3A%2F%2Farteconfort.com%2Fpt-pt%2Fclimatizacion%2Fventiladores-de-techo%2Fventiladores-de-techo-con-altavoz-bluetooth-integrado%2F|title:Pol%C3%ADtica%20de%20sostenibilidad||&#8221; heading_color=&#8221;#ffffff&#8221;][\/vc_column_inner][vc_column_inner width=&#8221;1\/6&#8243; el_class=&#8221;banner-home&#8221; offset=&#8221;vc_col-xs-6&#8243;][wyde_banner title_tag=&#8221;h5&#8243; banner_style=&#8221;2&#8243; title=&#8221;Ventiladores com <strong>L\u00c2MINAS REVERS\u00cdVEIS<\/strong>&#8221; image=&#8221;28308&#8243; link=&#8221;url:https%3A%2F%2Farteconfort.com%2Fpt-pt%2Fclimatizacion%2Fventiladores-de-techo%2Fventiladores-de-techo-con-aspas-reversibles%2F|title:Ventiladores%20de%20techo%20con%20aspas%20reversibles||&#8221; heading_color=&#8221;#ffffff&#8221;][\/vc_column_inner][vc_column_inner width=&#8221;1\/6&#8243; offset=&#8221;vc_col-xs-6&#8243; el_class=&#8221;banner-home&#8221;][wyde_banner title_tag=&#8221;h5&#8243; banner_style=&#8221;2&#8243; title=&#8221;Ventiladores com <strong>L\u00c2MINAS OCULTAS OU RETR\u00c1CTEIS<\/strong>&#8221; image=&#8221;28303&#8243; link=&#8221;url:https%3A%2F%2Farteconfort.com%2Fpt-pt%2Fclimatizacion%2Fventiladores-de-techo%2Fventiladores-de-techo-con-aspas-ocultas-o-retractiles%2F|title:Ventiladores%20de%20techo%20con%20aspas%20ocultas||&#8221; heading_color=&#8221;#ffffff&#8221;][\/vc_column_inner][vc_column_inner width=&#8221;1\/6&#8243; offset=&#8221;vc_col-xs-6&#8243; el_class=&#8221;banner-home&#8221;][wyde_banner title_tag=&#8221;h5&#8243; banner_style=&#8221;2&#8243; title=&#8221;Ventiladores com <strong>TERM\u00d3STATO<\/strong>&#8221; image=&#8221;28338&#8243; link=&#8221;url:https%3A%2F%2Farteconfort.com%2Fpt-pt%2Fclimatizacion%2Fventiladores-de-techo%2Fventiladores-de-techo-con-termostato%2F|title:Ventiladores%20de%20techo%20con%20aspas%20ocultas||&#8221; heading_color=&#8221;#ffffff&#8221;][\/vc_column_inner][\/vc_row_inner][\/vc_column][\/vc_row][vc_row][vc_column][\/vc_column][\/vc_row]<\/p>\n<\/div>","protected":false},"excerpt":{"rendered":"<p>[vc_row padding_size=&#8221;m-padding&#8221;][vc_column][vc_column_text][\/vc_column_text][\/vc_column][\/vc_row][vc_row padding_size=&#8221;no-padding&#8221;][vc_column][vc_column_text]Considera-se uma pessoa com gostos cl\u00e1ssicos? Sem d\u00favida, os f\u00e3s das correntes nunca sair\u00e3o de moda no mundo do lar. S\u00e3o muito f\u00e1ceis de usar, pois s\u00e3o operados por uma simples corrente, no caso de um ventilador sem luz. Se o dispositivo tiver uma luz incorporada, s\u00e3o utilizadas duas correntes. Outro ponto essencial [&hellip;]<\/p>\n","protected":false},"author":1,"featured_media":0,"parent":11261,"menu_order":0,"comment_status":"closed","ping_status":"closed","template":"","meta":{"footnotes":""},"class_list":["post-12490","page","type-page","status-publish","hentry"],"yoast_head":"<!-- This site is optimized with the Yoast SEO plugin v26.5 - https:\/\/yoast.com\/wordpress\/plugins\/seo\/ -->\n<title>Ventiladores de tecto com cadeia - Arteconfort<\/title>\n<meta name=\"description\" content=\"Considera-se uma pessoa com gostos cl\u00e1ssicos? Sem d\u00favida, os f\u00e3s das correntes nunca sair\u00e3o de moda no mundo do lar. S\u00e3o muito f\u00e1ceis de usar, pois s\u00e3o\" \/>\n<meta name=\"robots\" content=\"index, follow, max-snippet:-1, max-image-preview:large, max-video-preview:-1\" \/>\n<link rel=\"canonical\" href=\"https:\/\/arteconfort.com\/pt-pt\/climatizacion\/ventiladores-de-techo\/ventiladores-de-techo-con-cadena\/\" \/>\n<meta property=\"og:locale\" content=\"pt_PT\" \/>\n<meta property=\"og:type\" content=\"article\" \/>\n<meta property=\"og:title\" content=\"Ventiladores de tecto com cadeia - Arteconfort\" \/>\n<meta property=\"og:description\" content=\"Considera-se uma pessoa com gostos cl\u00e1ssicos? Sem d\u00favida, os f\u00e3s das correntes nunca sair\u00e3o de moda no mundo do lar. S\u00e3o muito f\u00e1ceis de usar, pois s\u00e3o\" \/>\n<meta property=\"og:url\" content=\"https:\/\/arteconfort.com\/pt-pt\/climatizacion\/ventiladores-de-techo\/ventiladores-de-techo-con-cadena\/\" \/>\n<meta property=\"og:site_name\" content=\"Arteconfort\" \/>\n<meta property=\"article:modified_time\" content=\"2025-07-21T07:50:58+00:00\" \/>\n<meta name=\"twitter:card\" content=\"summary_large_image\" \/>\n<meta name=\"twitter:label1\" content=\"Tempo estimado de leitura\" \/>\n\t<meta name=\"twitter:data1\" content=\"5 minutos\" \/>\n<!-- \/ Yoast SEO plugin. -->","yoast_head_json":{"title":"Ventiladores de tecto com cadeia - Arteconfort","description":"Considera-se uma pessoa com gostos cl\u00e1ssicos? Sem d\u00favida, os f\u00e3s das correntes nunca sair\u00e3o de moda no mundo do lar. S\u00e3o muito f\u00e1ceis de usar, pois s\u00e3o","robots":{"index":"index","follow":"follow","max-snippet":"max-snippet:-1","max-image-preview":"max-image-preview:large","max-video-preview":"max-video-preview:-1"},"canonical":"https:\/\/arteconfort.com\/pt-pt\/climatizacion\/ventiladores-de-techo\/ventiladores-de-techo-con-cadena\/","og_locale":"pt_PT","og_type":"article","og_title":"Ventiladores de tecto com cadeia - Arteconfort","og_description":"Considera-se uma pessoa com gostos cl\u00e1ssicos? Sem d\u00favida, os f\u00e3s das correntes nunca sair\u00e3o de moda no mundo do lar. S\u00e3o muito f\u00e1ceis de usar, pois s\u00e3o","og_url":"https:\/\/arteconfort.com\/pt-pt\/climatizacion\/ventiladores-de-techo\/ventiladores-de-techo-con-cadena\/","og_site_name":"Arteconfort","article_modified_time":"2025-07-21T07:50:58+00:00","twitter_card":"summary_large_image","twitter_misc":{"Tempo estimado de leitura":"5 minutos"},"schema":{"@context":"https:\/\/schema.org","@graph":[{"@type":"WebPage","@id":"https:\/\/arteconfort.com\/pt-pt\/climatizacion\/ventiladores-de-techo\/ventiladores-de-techo-con-cadena\/","url":"https:\/\/arteconfort.com\/pt-pt\/climatizacion\/ventiladores-de-techo\/ventiladores-de-techo-con-cadena\/","name":"Ventiladores de tecto com cadeia - Arteconfort","isPartOf":{"@id":"https:\/\/arteconfort.com\/pt-pt\/#website"},"datePublished":"2021-01-07T13:35:01+00:00","dateModified":"2025-07-21T07:50:58+00:00","description":"Considera-se uma pessoa com gostos cl\u00e1ssicos? Sem d\u00favida, os f\u00e3s das correntes nunca sair\u00e3o de moda no mundo do lar. S\u00e3o muito f\u00e1ceis de usar, pois s\u00e3o","breadcrumb":{"@id":"https:\/\/arteconfort.com\/pt-pt\/climatizacion\/ventiladores-de-techo\/ventiladores-de-techo-con-cadena\/#breadcrumb"},"inLanguage":"pt-PT","potentialAction":[{"@type":"ReadAction","target":["https:\/\/arteconfort.com\/pt-pt\/climatizacion\/ventiladores-de-techo\/ventiladores-de-techo-con-cadena\/"]}]},{"@type":"BreadcrumbList","@id":"https:\/\/arteconfort.com\/pt-pt\/climatizacion\/ventiladores-de-techo\/ventiladores-de-techo-con-cadena\/#breadcrumb","itemListElement":[{"@type":"ListItem","position":1,"name":"Inicio","item":"https:\/\/arteconfort.com\/pt-pt\/"},{"@type":"ListItem","position":2,"name":"Climatiza\u00e7\u00e3o","item":"https:\/\/arteconfort.com\/pt-pt\/climatizacion\/"},{"@type":"ListItem","position":3,"name":"Ventiladores de tecto","item":"https:\/\/arteconfort.com\/pt-pt\/climatizacion\/ventiladores-de-techo\/"},{"@type":"ListItem","position":4,"name":"Ventiladores de tecto com cadeia"}]},{"@type":"WebSite","@id":"https:\/\/arteconfort.com\/pt-pt\/#website","url":"https:\/\/arteconfort.com\/pt-pt\/","name":"Arteconfort","description":"Especialistas en productos del hogar","publisher":{"@id":"https:\/\/arteconfort.com\/pt-pt\/#organization"},"potentialAction":[{"@type":"SearchAction","target":{"@type":"EntryPoint","urlTemplate":"https:\/\/arteconfort.com\/pt-pt\/?s={search_term_string}"},"query-input":{"@type":"PropertyValueSpecification","valueRequired":true,"valueName":"search_term_string"}}],"inLanguage":"pt-PT"},{"@type":"Organization","@id":"https:\/\/arteconfort.com\/pt-pt\/#organization","name":"Arteconfort","url":"https:\/\/arteconfort.com\/pt-pt\/","logo":{"@type":"ImageObject","inLanguage":"pt-PT","@id":"https:\/\/arteconfort.com\/pt-pt\/#\/schema\/logo\/image\/","url":"https:\/\/arteconfort.com\/wp-content\/uploads\/2019\/07\/logo-arteconfort.png","contentUrl":"https:\/\/arteconfort.com\/wp-content\/uploads\/2019\/07\/logo-arteconfort.png","width":230,"height":88,"caption":"Arteconfort"},"image":{"@id":"https:\/\/arteconfort.com\/pt-pt\/#\/schema\/logo\/image\/"}}]}},"_links":{"self":[{"href":"https:\/\/arteconfort.com\/pt-pt\/wp-json\/wp\/v2\/pages\/12490","targetHints":{"allow":["GET"]}}],"collection":[{"href":"https:\/\/arteconfort.com\/pt-pt\/wp-json\/wp\/v2\/pages"}],"about":[{"href":"https:\/\/arteconfort.com\/pt-pt\/wp-json\/wp\/v2\/types\/page"}],"author":[{"embeddable":true,"href":"https:\/\/arteconfort.com\/pt-pt\/wp-json\/wp\/v2\/users\/1"}],"replies":[{"embeddable":true,"href":"https:\/\/arteconfort.com\/pt-pt\/wp-json\/wp\/v2\/comments?post=12490"}],"version-history":[{"count":0,"href":"https:\/\/arteconfort.com\/pt-pt\/wp-json\/wp\/v2\/pages\/12490\/revisions"}],"up":[{"embeddable":true,"href":"https:\/\/arteconfort.com\/pt-pt\/wp-json\/wp\/v2\/pages\/11261"}],"wp:attachment":[{"href":"https:\/\/arteconfort.com\/pt-pt\/wp-json\/wp\/v2\/media?parent=12490"}],"curies":[{"name":"wp","href":"https:\/\/api.w.org\/{rel}","templated":true}]}}