{"id":43220,"date":"2024-08-01T09:30:08","date_gmt":"2024-08-01T07:30:08","guid":{"rendered":"https:\/\/arteconfort.com\/politica-de-privacidad\/"},"modified":"2024-08-20T12:00:45","modified_gmt":"2024-08-20T10:00:45","slug":"politica-de-privacidad","status":"publish","type":"page","link":"https:\/\/arteconfort.com\/pt-pt\/politica-de-privacidad\/","title":{"rendered":"Pol\u00edtica de privacidade"},"content":{"rendered":"<div class=\"wpb-content-wrapper\"><p>[vc_row][vc_column][vc_column_text]A Pol\u00edtica de Privacidade faz parte das Condi\u00e7\u00f5es Gerais que regem este s\u00edtio Web. <\/p>\n<h3>Quem \u00e9 respons\u00e1vel pelo tratamento dos seus dados?<\/h3>\n<p> ARTECONFORT HOTEL, S.L. <\/p>\n<ul>\n<li>Calle Homero, 30 Bloque 1, Puerta 1 \u2013 28341 Valdemoro (Madrid)<\/li>\n<li>CIF B87621975<\/li>\n<li>Telefone: +34 91 801 25 76<\/li>\n<li>Correio eletr\u00f3nico: info(at)arteconfort.com<\/li>\n<\/ul>\n<p> Pode contactar-nos da forma que desejar. Reservamo-nos o direito de modificar ou adaptar a presente Pol\u00edtica de Privacidade em qualquer altura. Recomendamos que a reveja e, se se tiver registado e iniciar sess\u00e3o na sua conta ou perfil, ser\u00e1 informado de quaisquer altera\u00e7\u00f5es. Se pertencer a um dos seguintes grupos, consulte as informa\u00e7\u00f5es no menu pendente:[\/vc_column_text][vc_empty_space height=&#8221;20px&#8221;][vc_accordion collapsible=&#8221;true&#8221; active_tab=&#8221;false&#8221;][vc_accordion_tab title=&#8221;CONTACTOS WEB OU E-MAIL&#8221;][vc_column_text]<\/p>\n<h4>Que dados recolhemos atrav\u00e9s do s\u00edtio Web?<\/h4>\n<p> Podemos processar o seu endere\u00e7o IP, o sistema operativo ou o browser que utiliza e at\u00e9 a dura\u00e7\u00e3o da sua visita, de forma an\u00f3nima. Se nos fornecer dados atrav\u00e9s do formul\u00e1rio de contacto, ser\u00e1 identificado para que o possamos contactar, se necess\u00e1rio.  <\/p>\n<h4>Para que fins processamos os seus dados pessoais?<\/h4>\n<ul>\n<li>Responder \u00e0s suas perguntas, pedidos ou peti\u00e7\u00f5es.<\/li>\n<li>Gerir o servi\u00e7o solicitado, responder ao seu pedido ou processar o seu pedido.<\/li>\n<li>Informa\u00e7\u00f5es por via eletr\u00f3nica relativas \u00e0 sua candidatura.<\/li>\n<li>Informa\u00e7\u00f5es comerciais ou sobre eventos por via eletr\u00f3nica, mediante autoriza\u00e7\u00e3o expressa.<\/li>\n<li>Efetuar an\u00e1lises e melhorias na Web, nos nossos produtos e servi\u00e7os. Melhorar a nossa estrat\u00e9gia comercial. <\/li>\n<\/ul>\n<h4>Qual \u00e9 a legitimidade do tratamento dos seus dados?<\/h4>\n<p> A aceita\u00e7\u00e3o e o consentimento do interessado, concedidos atrav\u00e9s de uma a\u00e7\u00e3o volunt\u00e1ria, como nos casos em que para efetuar um pedido \u00e9 necess\u00e1rio preencher um formul\u00e1rio e clicar no bot\u00e3o enviar, o preenchimento do mesmo implicar\u00e1 necessariamente que foi informado e deu expressamente o seu consentimento ao conte\u00fado da cl\u00e1usula anexa ao formul\u00e1rio ou \u00e0 aceita\u00e7\u00e3o da pol\u00edtica de privacidade. Todos os nossos formul\u00e1rios t\u00eam o s\u00edmbolo * nos dados obrigat\u00f3rios. Se o utilizador n\u00e3o preencher estes campos, ou n\u00e3o assinalar a caixa de verifica\u00e7\u00e3o de aceita\u00e7\u00e3o da pol\u00edtica de privacidade, n\u00e3o ser\u00e1 permitido o envio da informa\u00e7\u00e3o.   <\/p>\n<h4>Durante quanto tempo conservamos os dados pessoais?<\/h4>\n<p> At\u00e9 \u00e0 revoga\u00e7\u00e3o do consentimento dado.[\/vc_column_text][\/vc_accordion_tab][vc_accordion_tab title=&#8221;CONTACTOS DO BOLETIM INFORMATIVO&#8221;][vc_column_text]<\/p>\n<h4>Que dados recolhemos atrav\u00e9s da Newsletter?<\/h4>\n<p> Na Web, o utilizador pode subscrever a Newsletter, se nos fornecer um endere\u00e7o de correio eletr\u00f3nico, para o qual a Newsletter ser\u00e1 enviada. Apenas armazenaremos o seu endere\u00e7o de correio eletr\u00f3nico na nossa base de dados e enviar-lhe-emos mensagens de correio eletr\u00f3nico peri\u00f3dicas, at\u00e9 que cancele a sua subscri\u00e7\u00e3o ou deixemos de enviar mensagens de correio eletr\u00f3nico. O utilizador ter\u00e1 sempre a op\u00e7\u00e3o de cancelar a subscri\u00e7\u00e3o, em qualquer comunica\u00e7\u00e3o.   <\/p>\n<h4>Para que fins processamos os seus dados pessoais?<\/h4>\n<ul>\n<li>Gerir o servi\u00e7o solicitado.<\/li>\n<li>Informa\u00e7\u00f5es por via eletr\u00f3nica relativas \u00e0 sua candidatura.<\/li>\n<li>Informa\u00e7\u00f5es comerciais ou sobre eventos por via eletr\u00f3nica, mediante autoriza\u00e7\u00e3o expressa.<\/li>\n<li>Efetuar an\u00e1lises e melhorias no mailing, a fim de melhorar a nossa estrat\u00e9gia comercial.<\/li>\n<\/ul>\n<h4>Qual \u00e9 a legitimidade do tratamento dos seus dados?<\/h4>\n<p> A aceita\u00e7\u00e3o e o consentimento do interessado. Nos casos em que subscrever, ser\u00e1 necess\u00e1rio aceitar uma caixa de verifica\u00e7\u00e3o e clicar no bot\u00e3o enviar. Isto implicar\u00e1 necessariamente que o utilizador foi informado e deu o seu consentimento expresso para receber a newsletter.   <\/p>\n<h4>Durante quanto tempo conservamos os dados pessoais?<\/h4>\n<p> At\u00e9 \u00e0 revoga\u00e7\u00e3o do consentimento dado.[\/vc_column_text][\/vc_accordion_tab][vc_accordion_tab title=&#8221;CLIENTES&#8221;][vc_column_text]<\/p>\n<h4>Para que fins processamos os seus dados pessoais?<\/h4>\n<ul>\n<li>Prepara\u00e7\u00e3o do or\u00e7amento e controlo do or\u00e7amento atrav\u00e9s de comunica\u00e7\u00f5es entre as duas partes.<\/li>\n<li>Informa\u00e7\u00f5es por via eletr\u00f3nica relativas \u00e0 sua candidatura.<\/li>\n<li>Informa\u00e7\u00f5es comerciais ou sobre eventos por via eletr\u00f3nica, mediante autoriza\u00e7\u00e3o expressa.<\/li>\n<li>Gerir os servi\u00e7os administrativos, de comunica\u00e7\u00e3o e log\u00edsticos prestados pelo Diretor.<\/li>\n<li>Fatura\u00e7\u00e3o e declara\u00e7\u00e3o dos impostos adequados.<\/li>\n<li>Efetuar as transac\u00e7\u00f5es pertinentes.<\/li>\n<li>Gest\u00e3o do controlo e da recupera\u00e7\u00e3o.<\/li>\n<\/ul>\n<h4>Qual \u00e9 a legitimidade do tratamento dos seus dados?<\/h4>\n<p> A exist\u00eancia de uma rela\u00e7\u00e3o contratual entre as partes. O tratamento \u00e9 necess\u00e1rio para a execu\u00e7\u00e3o de um contrato no qual a pessoa em causa \u00e9 parte ou para a execu\u00e7\u00e3o de medidas pr\u00e9-contratuais a pedido da pessoa em causa.  <\/p>\n<h4>Durante quanto tempo conservamos os dados pessoais?<\/h4>\n<p> Pela dura\u00e7\u00e3o das rela\u00e7\u00f5es entre as partes e pelos prazos de prescri\u00e7\u00e3o delas decorrentes.[\/vc_column_text][\/vc_accordion_tab][vc_accordion_tab title=&#8221;INQU\u00c9RITOS DE QUALIDADE&#8221;][vc_column_text]<\/p>\n<h4>Para que fins processamos os seus dados pessoais?<\/h4>\n<ul>\n<li>Avaliar o grau de qualidade do servi\u00e7o prestado<\/li>\n<li>Melhorar os servi\u00e7os oferecidos, gra\u00e7as \u00e0 conformidade com as normas ISO<\/li>\n<\/ul>\n<h4>Qual \u00e9 a legitimidade do tratamento dos seus dados?<\/h4>\n<p> A base jur\u00eddica \u00e9 o consentimento expresso do inquirido. <\/p>\n<h4>Durante quanto tempo conservamos os dados pessoais?<\/h4>\n<p> At\u00e9 \u00e0 revoga\u00e7\u00e3o do consentimento dado.[\/vc_column_text][\/vc_accordion_tab][vc_accordion_tab title=&#8221;FORNECEDORES&#8221;][vc_column_text]<\/p>\n<h4><strong>Para que fins processamos os seus dados pessoais?<\/strong><\/h4>\n<ul>\n<li>Informa\u00e7\u00f5es por via eletr\u00f3nica relativas \u00e0 sua candidatura.<\/li>\n<li>Informa\u00e7\u00f5es comerciais ou sobre eventos por via eletr\u00f3nica, mediante autoriza\u00e7\u00e3o expressa.<\/li>\n<li>Gerir os servi\u00e7os administrativos, de comunica\u00e7\u00e3o e log\u00edsticos prestados pelo Diretor.<\/li>\n<li>Fatura\u00e7\u00e3o.<\/li>\n<li>Efetuar as transac\u00e7\u00f5es pertinentes.<\/li>\n<li>Fatura\u00e7\u00e3o e declara\u00e7\u00e3o dos impostos adequados.<\/li>\n<li>Gest\u00e3o do controlo e da recupera\u00e7\u00e3o.<\/li>\n<\/ul>\n<h4><strong>Qual \u00e9 a legitimidade do tratamento dos seus dados?<\/strong><\/h4>\n<p> A base jur\u00eddica \u00e9 a aceita\u00e7\u00e3o de uma rela\u00e7\u00e3o contratual ou, em alternativa, o seu consentimento para nos contactar ou nos oferecer os seus produtos por qualquer meio. <\/p>\n<h4><strong>Durante quanto tempo conservamos os dados pessoais?<\/strong><\/h4>\n<p> Pela dura\u00e7\u00e3o das rela\u00e7\u00f5es entre as partes e pelos prazos de prescri\u00e7\u00e3o delas decorrentes.[\/vc_column_text][\/vc_accordion_tab][vc_accordion_tab title=&#8221;CONTACTOS NAS REDES SOCIAIS&#8221;][vc_column_text]<\/p>\n<h4>Para que fins processamos os seus dados pessoais?<\/h4>\n<ul>\n<li>Responder \u00e0s suas perguntas, pedidos ou peti\u00e7\u00f5es.<\/li>\n<li>Gerir o servi\u00e7o solicitado, responder ao seu pedido ou processar o seu pedido.<\/li>\n<li>Envolver-se consigo e criar uma comunidade de seguidores.<\/li>\n<\/ul>\n<h4>Qual \u00e9 a legitimidade do tratamento dos seus dados?<\/h4>\n<p> As bases que legitimam o tratamento s\u00e3o o consentimento volunt\u00e1rio do interessado em contactar e, se for caso disso, a aceita\u00e7\u00e3o de uma rela\u00e7\u00e3o contratual no ambiente da rede social correspondente. O tratamento dos dados no \u00e2mbito da Rede Social ser\u00e1 efectuado de acordo com as suas pol\u00edticas de privacidade.  <\/p>\n<h4>Durante quanto tempo conservamos os dados pessoais?<\/h4>\n<p> S\u00f3 podemos consultar ou anular a subscri\u00e7\u00e3o dos seus dados de forma restrita quando tiver um perfil espec\u00edfico. Trat\u00e1-los-emos desde que nos permita ao seguir-nos, ao ser amigo ou ao dar \u201cgosto\u201d, \u201cseguir\u201d ou bot\u00f5es semelhantes. Qualquer retifica\u00e7\u00e3o dos seus dados ou restri\u00e7\u00e3o de informa\u00e7\u00f5es ou publica\u00e7\u00f5es deve ser feita atrav\u00e9s da configura\u00e7\u00e3o do seu perfil ou utilizador na pr\u00f3pria rede social.[\/vc_column_text][\/vc_accordion_tab][vc_accordion_tab title=&#8221;CANDIDATOS A EMPREGO&#8221;][vc_column_text]<\/p>\n<h4>Para que fins processamos os seus dados pessoais?<\/h4>\n<ul>\n<li>Organiza\u00e7\u00e3o dos processos de sele\u00e7\u00e3o para o recrutamento de trabalhadores.<\/li>\n<li>Convoc\u00e1-lo para entrevistas de emprego e avaliar a sua candidatura.<\/li>\n<li>Se nos tiver dado o seu consentimento, poderemos transmiti-lo a empresas colaboradoras ou relacionadas com o \u00fanico objetivo de o ajudar a encontrar emprego.<\/li>\n<li>Se assinalar a caixa de verifica\u00e7\u00e3o para aceitar a pol\u00edtica de privacidade, est\u00e1 a dar-nos o seu consentimento para transferir a sua candidatura a emprego para as entidades que comp\u00f5em o grupo de empresas, a fim de o incluir nos seus processos de recrutamento.<\/li>\n<\/ul>\n<p> Informamos tamb\u00e9m que, um ano ap\u00f3s a rece\u00e7\u00e3o do seu curriculum vitae, procederemos \u00e0 sua destrui\u00e7\u00e3o segura. <\/p>\n<h4>Qual \u00e9 a legitimidade do tratamento dos seus dados?<\/h4>\n<p> A base leg\u00edtima para o tratamento dos seus dados pessoais \u00e9 a aplica\u00e7\u00e3o de medidas pr\u00e9-contratuais a pedido do titular dos dados, quer quando se candidata a uma das nossas ofertas de emprego, quer quando apresenta voluntariamente a sua candidatura n\u00e3o solicitada. <\/p>\n<h4>Durante quanto tempo conservamos os dados pessoais?<\/h4>\n<p> Por um per\u00edodo m\u00ednimo de 1 ano ou at\u00e9 \u00e0 revoga\u00e7\u00e3o do consentimento dado.[\/vc_column_text][\/vc_accordion_tab][vc_accordion_tab title=&#8221;INFORMA\u00c7\u00d5ES ADICIONAIS SOBRE O TRATAMENTO DE DADOS PESSOAIS&#8221;][vc_column_text]<\/p>\n<h4>Inclu\u00edmos dados pessoais de terceiros?<\/h4>\n<p> N\u00e3o, regra geral, apenas tratamos os dados que nos s\u00e3o fornecidos pelos propriet\u00e1rios. Se nos fornecer dados de terceiros, deve informar e solicitar previamente o seu consentimento, sob pena de nos isentar de qualquer responsabilidade pelo n\u00e3o cumprimento deste requisito.  <\/p>\n<h4>E quanto aos dados sobre menores?<\/h4>\n<p> N\u00e3o processamos dados de crian\u00e7as com menos de 14 anos de idade. Por conseguinte, pedimos-lhe que se abstenha de os fornecer se n\u00e3o tiver essa idade ou, se for caso disso, de fornecer dados de terceiros que n\u00e3o tenham a idade mencionada. A ARTECONFORT HOTEL, S.L. declina qualquer responsabilidade pelo incumprimento desta disposi\u00e7\u00e3o.   <\/p>\n<h4>Vamos comunicar por via eletr\u00f3nica?<\/h4>\n<ul>\n<li>S\u00f3 ser\u00e3o feitas para processar o seu pedido, se for um dos meios de contacto que nos forneceu.<\/li>\n<li>Se efectuarmos comunica\u00e7\u00f5es comerciais, estas ter\u00e3o sido pr\u00e9via e expressamente autorizadas pelo utilizador.<\/li>\n<\/ul>\n<h4>Que medidas de seguran\u00e7a aplicamos?<\/h4>\n<p> Pode ficar descansado: Adopt\u00e1mos um n\u00edvel \u00f3timo de prote\u00e7\u00e3o dos Dados Pessoais que tratamos e instal\u00e1mos todos os meios e medidas t\u00e9cnicas ao nosso dispor, de acordo com o estado da tecnologia, para evitar a perda, utiliza\u00e7\u00e3o indevida, altera\u00e7\u00e3o, acesso n\u00e3o autorizado e roubo de Dados Pessoais. <\/p>\n<h4>A que destinat\u00e1rios ser\u00e3o comunicados os seus dados?<\/h4>\n<p> Os dados do utilizador n\u00e3o ser\u00e3o comunicados a terceiros, salvo obriga\u00e7\u00e3o legal. Especificamente, ser\u00e3o comunicados \u00e0 Ag\u00eancia Estatal de Administra\u00e7\u00e3o Tribut\u00e1ria e aos bancos e institui\u00e7\u00f5es financeiras para a cobran\u00e7a do servi\u00e7o prestado ou do produto adquirido, bem como aos processadores de dados necess\u00e1rios para a execu\u00e7\u00e3o do contrato. Em caso de compra ou pagamento, se escolher alguma aplica\u00e7\u00e3o, site, plataforma, cart\u00e3o banc\u00e1rio ou qualquer outro servi\u00e7o online, os seus dados ser\u00e3o transferidos para essa plataforma ou ser\u00e3o processados no seu ambiente, sempre com a m\u00e1xima seguran\u00e7a. Quando o encomendamos, a empresa de desenvolvimento e manuten\u00e7\u00e3o web, alojamento web\/hospedagem, ter\u00e1 acesso ao nosso s\u00edtio Web. Eles ter\u00e3o assinado um contrato de servi\u00e7o que os obriga a manter o mesmo n\u00edvel de privacidade que n\u00f3s.     <\/p>\n<h4>Quais s\u00e3o os vossos direitos?<\/h4>\n<ul>\n<li>Para saber se estamos a processar os seus dados ou n\u00e3o.<\/li>\n<li>Para aceder aos seus dados pessoais.<\/li>\n<li>Para solicitar a retifica\u00e7\u00e3o dos seus dados se estes estiverem incorrectos.<\/li>\n<li>Para solicitar a elimina\u00e7\u00e3o dos seus dados se estes j\u00e1 n\u00e3o forem necess\u00e1rios para os fins para os quais foram recolhidos ou se retirar o seu consentimento.<\/li>\n<li>Para solicitar a limita\u00e7\u00e3o do tratamento dos seus dados, em certos casos, caso em que apenas os conservaremos em conformidade com a regulamenta\u00e7\u00e3o em vigor.<\/li>\n<li>Para enviar os seus dados, que lhe ser\u00e3o fornecidos num formato estruturado, de uso corrente ou leg\u00edvel por m\u00e1quina. Se preferir, podemos envi\u00e1-los ao novo respons\u00e1vel por si designado. Esta possibilidade s\u00f3 \u00e9 v\u00e1lida em determinados casos.  <\/li>\n<li>Para apresentar uma queixa \u00e0 Ag\u00eancia Espanhola de Prote\u00e7\u00e3o de Dados ou \u00e0 autoridade de controlo competente, se considerar que n\u00e3o o trat\u00e1mos corretamente.<\/li>\n<li>Retirar o consentimento para qualquer tratamento para o qual tenha dado o seu consentimento, em qualquer altura.<\/li>\n<\/ul>\n<p> Se alterar algum dado, por favor informe-nos para que possamos mant\u00ea-lo atualizado. <\/p>\n<h4>Deseja um formul\u00e1rio para exercer os seus direitos?<\/h4>\n<ul>\n<li>Dispomos de formul\u00e1rios para o exerc\u00edcio dos seus direitos, solicite-nos por correio eletr\u00f3nico ou, se preferir, pode utilizar os formul\u00e1rios elaborados pela Ag\u00eancia Espanhola de Prote\u00e7\u00e3o de Dados ou por terceiros.<\/li>\n<li>Estes formul\u00e1rios devem ser assinados eletronicamente ou acompanhados de uma fotoc\u00f3pia do bilhete de identidade.<\/li>\n<li>Se algu\u00e9m o representar, deve anexar uma c\u00f3pia do seu bilhete de identidade ou pedir-lhe que assine com a sua assinatura eletr\u00f3nica.<\/li>\n<li>Os formul\u00e1rios podem ser apresentados pessoalmente, por carta ou por correio para o endere\u00e7o do Respons\u00e1vel no in\u00edcio do presente texto.<\/li>\n<\/ul>\n<h4>Quanto tempo demora a resposta ao Exerc\u00edcio de Direitos?<\/h4>\n<p> Depende da lei, mas, no m\u00e1ximo, no prazo de um m\u00eas a contar do seu pedido, e de dois meses se a quest\u00e3o for muito complexa e o notificarmos de que precisamos de mais tempo. <\/p>\n<h4>Processamos cookies?<\/h4>\n<p> Se utilizarmos outros tipos de cookies que n\u00e3o sejam necess\u00e1rios, pode consultar a pol\u00edtica de cookies na liga\u00e7\u00e3o correspondente no topo do nosso s\u00edtio Web. <\/p>\n<h4>Durante quanto tempo conservaremos os seus dados pessoais?<\/h4>\n<ul>\n<li>Os dados pessoais ser\u00e3o conservados enquanto o utilizador se mantiver ligado a n\u00f3s.<\/li>\n<li>Uma vez cancelada a subscri\u00e7\u00e3o, os dados pessoais tratados para cada finalidade ser\u00e3o conservados durante os prazos legalmente previstos, incluindo o per\u00edodo em que um juiz ou tribunal os possa exigir, de acordo com os prazos de prescri\u00e7\u00e3o das ac\u00e7\u00f5es judiciais.<\/li>\n<li>Os dados tratados ser\u00e3o conservados at\u00e9 ao termo dos prazos legais acima referidos, caso exista uma obriga\u00e7\u00e3o legal de os conservar, ou, caso n\u00e3o exista tal prazo legal, at\u00e9 que o titular dos dados solicite a sua elimina\u00e7\u00e3o ou revogue o consentimento concedido.<\/li>\n<li>Conservaremos todas as informa\u00e7\u00f5es e comunica\u00e7\u00f5es relacionadas com a sua compra ou com a presta\u00e7\u00e3o do nosso servi\u00e7o, durante a vig\u00eancia das garantias do produto ou do servi\u00e7o, para responder a eventuais reclama\u00e7\u00f5es.<\/li>\n<\/ul>\n<p>[\/vc_column_text][\/vc_accordion_tab][\/vc_accordion][\/vc_column][\/vc_row]<\/p>\n<\/div>","protected":false},"excerpt":{"rendered":"<p>[vc_row][vc_column][vc_column_text]A Pol\u00edtica de Privacidade faz parte das Condi\u00e7\u00f5es Gerais que regem este s\u00edtio Web. Quem \u00e9 respons\u00e1vel pelo tratamento dos seus dados? ARTECONFORT HOTEL, S.L. Calle Homero, 30 Bloque 1, Puerta 1 \u2013 28341 Valdemoro (Madrid) CIF B87621975 Telefone: +34 91 801 25 76 Correio eletr\u00f3nico: info(at)arteconfort.com Pode contactar-nos da forma que desejar. Reservamo-nos o [&hellip;]<\/p>\n","protected":false},"author":1,"featured_media":0,"parent":0,"menu_order":0,"comment_status":"closed","ping_status":"closed","template":"","meta":{"footnotes":""},"class_list":["post-43220","page","type-page","status-publish","hentry"],"yoast_head":"<!-- This site is optimized with the Yoast SEO plugin v26.5 - https:\/\/yoast.com\/wordpress\/plugins\/seo\/ -->\n<title>Pol\u00edtica de privacidade - Arteconfort<\/title>\n<meta name=\"description\" content=\"A Pol\u00edtica de Privacidade faz parte das Condi\u00e7\u00f5es Gerais que regem este s\u00edtio Web. Quem \u00e9 respons\u00e1vel pelo tratamento dos seus dados? ARTECONFORT HOTEL,\" \/>\n<meta name=\"robots\" content=\"index, follow, max-snippet:-1, max-image-preview:large, max-video-preview:-1\" \/>\n<link rel=\"canonical\" href=\"https:\/\/arteconfort.com\/pt-pt\/politica-de-privacidad\/\" \/>\n<meta property=\"og:locale\" content=\"pt_PT\" \/>\n<meta property=\"og:type\" content=\"article\" \/>\n<meta property=\"og:title\" content=\"Pol\u00edtica de privacidade - Arteconfort\" \/>\n<meta property=\"og:description\" content=\"A Pol\u00edtica de Privacidade faz parte das Condi\u00e7\u00f5es Gerais que regem este s\u00edtio Web. Quem \u00e9 respons\u00e1vel pelo tratamento dos seus dados? ARTECONFORT HOTEL,\" \/>\n<meta property=\"og:url\" content=\"https:\/\/arteconfort.com\/pt-pt\/politica-de-privacidad\/\" \/>\n<meta property=\"og:site_name\" content=\"Arteconfort\" \/>\n<meta property=\"article:modified_time\" content=\"2024-08-20T10:00:45+00:00\" \/>\n<meta name=\"twitter:card\" content=\"summary_large_image\" \/>\n<meta name=\"twitter:label1\" content=\"Tempo estimado de leitura\" \/>\n\t<meta name=\"twitter:data1\" content=\"12 minutos\" \/>\n<!-- \/ Yoast SEO plugin. -->","yoast_head_json":{"title":"Pol\u00edtica de privacidade - Arteconfort","description":"A Pol\u00edtica de Privacidade faz parte das Condi\u00e7\u00f5es Gerais que regem este s\u00edtio Web. Quem \u00e9 respons\u00e1vel pelo tratamento dos seus dados? ARTECONFORT HOTEL,","robots":{"index":"index","follow":"follow","max-snippet":"max-snippet:-1","max-image-preview":"max-image-preview:large","max-video-preview":"max-video-preview:-1"},"canonical":"https:\/\/arteconfort.com\/pt-pt\/politica-de-privacidad\/","og_locale":"pt_PT","og_type":"article","og_title":"Pol\u00edtica de privacidade - Arteconfort","og_description":"A Pol\u00edtica de Privacidade faz parte das Condi\u00e7\u00f5es Gerais que regem este s\u00edtio Web. Quem \u00e9 respons\u00e1vel pelo tratamento dos seus dados? ARTECONFORT HOTEL,","og_url":"https:\/\/arteconfort.com\/pt-pt\/politica-de-privacidad\/","og_site_name":"Arteconfort","article_modified_time":"2024-08-20T10:00:45+00:00","twitter_card":"summary_large_image","twitter_misc":{"Tempo estimado de leitura":"12 minutos"},"schema":{"@context":"https:\/\/schema.org","@graph":[{"@type":"WebPage","@id":"https:\/\/arteconfort.com\/pt-pt\/politica-de-privacidad\/","url":"https:\/\/arteconfort.com\/pt-pt\/politica-de-privacidad\/","name":"Pol\u00edtica de privacidade - Arteconfort","isPartOf":{"@id":"https:\/\/arteconfort.com\/pt-pt\/#website"},"datePublished":"2024-08-01T07:30:08+00:00","dateModified":"2024-08-20T10:00:45+00:00","description":"A Pol\u00edtica de Privacidade faz parte das Condi\u00e7\u00f5es Gerais que regem este s\u00edtio Web. Quem \u00e9 respons\u00e1vel pelo tratamento dos seus dados? ARTECONFORT HOTEL,","breadcrumb":{"@id":"https:\/\/arteconfort.com\/pt-pt\/politica-de-privacidad\/#breadcrumb"},"inLanguage":"pt-PT","potentialAction":[{"@type":"ReadAction","target":["https:\/\/arteconfort.com\/pt-pt\/politica-de-privacidad\/"]}]},{"@type":"BreadcrumbList","@id":"https:\/\/arteconfort.com\/pt-pt\/politica-de-privacidad\/#breadcrumb","itemListElement":[{"@type":"ListItem","position":1,"name":"Inicio","item":"https:\/\/arteconfort.com\/pt-pt\/"},{"@type":"ListItem","position":2,"name":"Pol\u00edtica de privacidade"}]},{"@type":"WebSite","@id":"https:\/\/arteconfort.com\/pt-pt\/#website","url":"https:\/\/arteconfort.com\/pt-pt\/","name":"Arteconfort","description":"Especialistas en productos del hogar","publisher":{"@id":"https:\/\/arteconfort.com\/pt-pt\/#organization"},"potentialAction":[{"@type":"SearchAction","target":{"@type":"EntryPoint","urlTemplate":"https:\/\/arteconfort.com\/pt-pt\/?s={search_term_string}"},"query-input":{"@type":"PropertyValueSpecification","valueRequired":true,"valueName":"search_term_string"}}],"inLanguage":"pt-PT"},{"@type":"Organization","@id":"https:\/\/arteconfort.com\/pt-pt\/#organization","name":"Arteconfort","url":"https:\/\/arteconfort.com\/pt-pt\/","logo":{"@type":"ImageObject","inLanguage":"pt-PT","@id":"https:\/\/arteconfort.com\/pt-pt\/#\/schema\/logo\/image\/","url":"https:\/\/arteconfort.com\/wp-content\/uploads\/2019\/07\/logo-arteconfort.png","contentUrl":"https:\/\/arteconfort.com\/wp-content\/uploads\/2019\/07\/logo-arteconfort.png","width":230,"height":88,"caption":"Arteconfort"},"image":{"@id":"https:\/\/arteconfort.com\/pt-pt\/#\/schema\/logo\/image\/"}}]}},"_links":{"self":[{"href":"https:\/\/arteconfort.com\/pt-pt\/wp-json\/wp\/v2\/pages\/43220","targetHints":{"allow":["GET"]}}],"collection":[{"href":"https:\/\/arteconfort.com\/pt-pt\/wp-json\/wp\/v2\/pages"}],"about":[{"href":"https:\/\/arteconfort.com\/pt-pt\/wp-json\/wp\/v2\/types\/page"}],"author":[{"embeddable":true,"href":"https:\/\/arteconfort.com\/pt-pt\/wp-json\/wp\/v2\/users\/1"}],"replies":[{"embeddable":true,"href":"https:\/\/arteconfort.com\/pt-pt\/wp-json\/wp\/v2\/comments?post=43220"}],"version-history":[{"count":0,"href":"https:\/\/arteconfort.com\/pt-pt\/wp-json\/wp\/v2\/pages\/43220\/revisions"}],"wp:attachment":[{"href":"https:\/\/arteconfort.com\/pt-pt\/wp-json\/wp\/v2\/media?parent=43220"}],"curies":[{"name":"wp","href":"https:\/\/api.w.org\/{rel}","templated":true}]}}