{"id":11087,"date":"2019-08-09T07:53:22","date_gmt":"2019-08-09T05:53:22","guid":{"rendered":"https:\/\/arteconfort.com\/producto\/sem%20categoria\/acrux\/"},"modified":"2022-09-26T13:18:26","modified_gmt":"2022-09-26T11:18:26","slug":"acrux","status":"publish","type":"product","link":"https:\/\/arteconfort.com\/pt-pt\/producto\/acrux\/","title":{"rendered":"ACRUX"},"content":{"rendered":"<div class=\"wpb-content-wrapper\"><p>[vc_row][vc_column width=&#8221;1\/2&#8243;][vc_accordion collapsible=&#8221;true&#8221; active_tab=&#8221;false&#8221;][vc_accordion_tab title=&#8221;Caracter\u00edsticas gerais&#8221;][vc_column_text]<strong>Dimens\u00f5es<\/strong> 290x95x350mm<br \/>\n<strong>Material<\/strong> ABS<br \/>\n<strong>Terminar<\/strong> Preto<br \/>\n<strong>IP<\/strong> 55<br \/>\n<strong>Garantia<\/strong> 2 anos[\/vc_column_text][\/vc_accordion_tab][vc_accordion_tab title=&#8221;Painel solar&#8221;][vc_column_text]<strong>Material<\/strong> Sil\u00edcio policristalino<br \/>\n<strong>Tipo de encapsulamento <\/strong>PET<br \/>\n<strong>Energia<\/strong> 2W 5V 400mA[\/vc_column_text][\/vc_accordion_tab][vc_accordion_tab title=&#8221;Bateria&#8221;][vc_column_text]<strong>Bateria tipo<\/strong> Li-ion 18650<br \/>\n<strong>Tens\u00e3o de carregamento<\/strong> 3,7V<br \/>\n<strong>Capacidade<\/strong> 2.200mAh<br \/>\n<strong>Tempo de carregamento<\/strong> 8h<br \/>\n<strong>Autonomia<\/strong> 15h[\/vc_column_text][\/vc_accordion_tab][vc_accordion_tab title=&#8221;LED&#8221;][vc_column_text]<strong>N\u00famero de LED<\/strong> 6<br \/>\n<strong>Tipo de LED<\/strong> SMD 2835<br \/>\n<strong>\u00c2ngulo de abertura<\/strong> 120\u00ba<br \/>\n<strong>CCT<\/strong> 6000K<br \/>\n<strong>Fluxo luminoso<\/strong> 300lm[\/vc_column_text][\/vc_accordion_tab][vc_accordion_tab title=&#8221;Modos de funcionamiento&#8221;][vc_column_text]<strong>Modo 1<\/strong> Em 10lm. Muda para 300lm ao detectar a presen\u00e7a[\/vc_column_text][\/vc_accordion_tab][vc_accordion_tab title=&#8221;Sensor&#8221;][vc_column_text]<strong>Sensor<\/strong> Sim<br \/>\n<strong>Dist\u00e2ncia de detec\u00e7\u00e3o<\/strong> 8m<br \/>\n<strong>Tempo de cortesia<\/strong> 60s[\/vc_column_text][\/vc_accordion_tab][\/vc_accordion][\/vc_column][vc_column width=&#8221;1\/2&#8243;][vc_single_image image=&#8221;5064&#8243;][\/vc_column][\/vc_row]<\/p>\n<\/div>","protected":false},"excerpt":{"rendered":"<p>Espig\u00e3o\/bal\u00e3o de jardim solar com alto fluxo luminoso. Tem um sensor de movimento que permite optimizar a carga da bateria quando esta n\u00e3o \u00e9 necess\u00e1ria. Gra\u00e7as ao seu design discreto, \u00e9 perfeito para ser utilizado como ilumina\u00e7\u00e3o de acentua\u00e7\u00e3o.<br \/>\nEste espig\u00e3o pode ser montado de duas maneiras: como uma luz de parede e como um farol.<br \/>\n<strong>Ref. EACRUX-002T60SD220LINGR45D<\/strong>[vc_row][vc_column offset=&#8221;vc_hidden-xs&#8221;][vc_empty_space height=&#8221;30px&#8221;][\/vc_column][\/vc_row][vc_row][vc_column][vc_row_inner][vc_column_inner][wyde_info_box icon_set=&#8221;simple_line&#8221; icon_simple_line=&#8221;sl-grid&#8221; icon_position=&#8221;left&#8221; title=&#8221;N\u00daMERO MAIOR DE LED&#8221;]Atinge um maior fluxo luminoso[\/wyde_info_box][vc_empty_space height=&#8221;15px&#8221;][\/vc_column_inner][\/vc_row_inner][vc_row_inner][vc_column_inner][wyde_info_box icon_set=&#8221;stroke_gap&#8221; icon_stroke_gap=&#8221;sg-Antenna2&#8243; icon_position=&#8221;left&#8221; title=&#8221;SENSOR DE PRESEN\u00c7A&#8221;]Detec\u00e7\u00e3o de movimento e acendimento autom\u00e1tico da luz[\/wyde_info_box][vc_empty_space height=&#8221;15px&#8221;][\/vc_column_inner][\/vc_row_inner][vc_row_inner][vc_column_inner][wyde_info_box icon_set=&#8221;simple_line&#8221; icon_simple_line=&#8221;sl-wrench&#8221; icon_position=&#8221;left&#8221; title=&#8221;2 OP\u00c7\u00d5ES DE MONTAGEM&#8221;]Pode ser instalado como uma luz de parede ou farol[\/wyde_info_box][vc_empty_space height=&#8221;15px&#8221;][\/vc_column_inner][\/vc_row_inner][\/vc_column][\/vc_row][vc_row][vc_column offset=&#8221;vc_hidden-xs&#8221;][vc_empty_space height=&#8221;60px&#8221;][\/vc_column][\/vc_row][vc_row][vc_column width=&#8221;1\/3&#8243;][wyde_link_button icon_set=&#8221;simple_line&#8221; icon_simple_line=&#8221;sl-settings&#8221; style=&#8221;round&#8221; title=&#8221;Instru\u00e7\u00f5es&#8221; link=&#8221;url:http%3A%2F%2Farteconfort.com%2Fwp-content%2Fuploads%2F2020%2F01%2Fim-ACRUX.pdf||target:%20_blank|rel:nofollow&#8221; color=&#8221;#ffffff&#8221; bg_color=&#8221;#222222&#8243;][\/vc_column][vc_column width=&#8221;1\/3&#8243;][wyde_link_button icon_set=&#8221;simple_line&#8221; icon_simple_line=&#8221;sl-social-youtube&#8221; style=&#8221;outline round&#8221; title=&#8221;V\u00eddeo&#8221; link=&#8221;url:https%3A%2F%2Fwww.youtube.com%2Fwatch%3Fv%3D0iT7qQ5UBak||target:%20_blank|rel:nofollow&#8221; color=&#8221;#222222&#8243; hover_color=&#8221;#ffffff&#8221;][\/vc_column][\/vc_row]<\/p>\n","protected":false},"featured_media":34808,"template":"","meta":[],"product_brand":[],"product_cat":[407],"product_tag":[],"class_list":{"0":"post-11087","1":"product","2":"type-product","3":"status-publish","4":"has-post-thumbnail","6":"product_cat-descatalogados-pt-pt","8":"first","9":"instock","10":"shipping-taxable","11":"product-type-external"},"yoast_head":"<!-- This site is optimized with the Yoast SEO plugin v26.5 - https:\/\/yoast.com\/wordpress\/plugins\/seo\/ -->\n<title>ACRUX - Descatalogados - Arteconfort<\/title>\n<meta name=\"description\" content=\"Espig\u00e3o\/bal\u00e3o de jardim solar com alto fluxo luminoso. Tem um sensor de movimento que permite optimizar a carga da bateria quando esta n\u00e3o \u00e9 necess\u00e1ria. Gra\u00e7as ao seu design discreto, \u00e9 perfeito para ser utilizado como ilumina\u00e7\u00e3o de acentua\u00e7\u00e3o. Este espig\u00e3o pode ser montado de duas maneiras: como uma luz de parede e como um farol. Ref. EACRUX-002T60SD220LINGR45DAtinge um maior fluxo luminosoDetec\u00e7\u00e3o de movimento e acendimento autom\u00e1tico da luzPode ser instalado como uma luz de parede ou farol\" \/>\n<meta name=\"robots\" content=\"index, follow, max-snippet:-1, max-image-preview:large, max-video-preview:-1\" \/>\n<link rel=\"canonical\" href=\"https:\/\/arteconfort.com\/pt-pt\/producto\/acrux\/\" \/>\n<meta property=\"og:locale\" content=\"pt_PT\" \/>\n<meta property=\"og:type\" content=\"article\" \/>\n<meta property=\"og:title\" content=\"ACRUX - Descatalogados - Arteconfort\" \/>\n<meta property=\"og:description\" content=\"Espig\u00e3o\/bal\u00e3o de jardim solar com alto fluxo luminoso. Tem um sensor de movimento que permite optimizar a carga da bateria quando esta n\u00e3o \u00e9 necess\u00e1ria. Gra\u00e7as ao seu design discreto, \u00e9 perfeito para ser utilizado como ilumina\u00e7\u00e3o de acentua\u00e7\u00e3o. Este espig\u00e3o pode ser montado de duas maneiras: como uma luz de parede e como um farol. Ref. EACRUX-002T60SD220LINGR45DAtinge um maior fluxo luminosoDetec\u00e7\u00e3o de movimento e acendimento autom\u00e1tico da luzPode ser instalado como uma luz de parede ou farol\" \/>\n<meta property=\"og:url\" content=\"https:\/\/arteconfort.com\/pt-pt\/producto\/acrux\/\" \/>\n<meta property=\"og:site_name\" content=\"Arteconfort\" \/>\n<meta property=\"article:modified_time\" content=\"2022-09-26T11:18:26+00:00\" \/>\n<meta property=\"og:image\" content=\"https:\/\/arteconfort.com\/wp-content\/uploads\/2023\/10\/ACRUX-2.webp\" \/>\n\t<meta property=\"og:image:width\" content=\"1024\" \/>\n\t<meta property=\"og:image:height\" content=\"1024\" \/>\n\t<meta property=\"og:image:type\" content=\"image\/webp\" \/>\n<meta name=\"twitter:card\" content=\"summary_large_image\" \/>\n<meta name=\"twitter:label1\" content=\"Tempo estimado de leitura\" \/>\n\t<meta name=\"twitter:data1\" content=\"1 minuto\" \/>\n<!-- \/ Yoast SEO plugin. -->","yoast_head_json":{"title":"ACRUX - Descatalogados - Arteconfort","description":"Espig\u00e3o\/bal\u00e3o de jardim solar com alto fluxo luminoso. Tem um sensor de movimento que permite optimizar a carga da bateria quando esta n\u00e3o \u00e9 necess\u00e1ria. Gra\u00e7as ao seu design discreto, \u00e9 perfeito para ser utilizado como ilumina\u00e7\u00e3o de acentua\u00e7\u00e3o. Este espig\u00e3o pode ser montado de duas maneiras: como uma luz de parede e como um farol. Ref. EACRUX-002T60SD220LINGR45DAtinge um maior fluxo luminosoDetec\u00e7\u00e3o de movimento e acendimento autom\u00e1tico da luzPode ser instalado como uma luz de parede ou farol","robots":{"index":"index","follow":"follow","max-snippet":"max-snippet:-1","max-image-preview":"max-image-preview:large","max-video-preview":"max-video-preview:-1"},"canonical":"https:\/\/arteconfort.com\/pt-pt\/producto\/acrux\/","og_locale":"pt_PT","og_type":"article","og_title":"ACRUX - Descatalogados - Arteconfort","og_description":"Espig\u00e3o\/bal\u00e3o de jardim solar com alto fluxo luminoso. Tem um sensor de movimento que permite optimizar a carga da bateria quando esta n\u00e3o \u00e9 necess\u00e1ria. Gra\u00e7as ao seu design discreto, \u00e9 perfeito para ser utilizado como ilumina\u00e7\u00e3o de acentua\u00e7\u00e3o. Este espig\u00e3o pode ser montado de duas maneiras: como uma luz de parede e como um farol. Ref. EACRUX-002T60SD220LINGR45DAtinge um maior fluxo luminosoDetec\u00e7\u00e3o de movimento e acendimento autom\u00e1tico da luzPode ser instalado como uma luz de parede ou farol","og_url":"https:\/\/arteconfort.com\/pt-pt\/producto\/acrux\/","og_site_name":"Arteconfort","article_modified_time":"2022-09-26T11:18:26+00:00","og_image":[{"width":1024,"height":1024,"url":"https:\/\/arteconfort.com\/wp-content\/uploads\/2023\/10\/ACRUX-2.webp","type":"image\/webp"}],"twitter_card":"summary_large_image","twitter_misc":{"Tempo estimado de leitura":"1 minuto"},"schema":{"@context":"https:\/\/schema.org","@graph":[{"@type":"WebPage","@id":"https:\/\/arteconfort.com\/pt-pt\/producto\/acrux\/","url":"https:\/\/arteconfort.com\/pt-pt\/producto\/acrux\/","name":"ACRUX - Descatalogados - Arteconfort","isPartOf":{"@id":"https:\/\/arteconfort.com\/pt-pt\/#website"},"primaryImageOfPage":{"@id":"https:\/\/arteconfort.com\/pt-pt\/producto\/acrux\/#primaryimage"},"image":{"@id":"https:\/\/arteconfort.com\/pt-pt\/producto\/acrux\/#primaryimage"},"thumbnailUrl":"https:\/\/arteconfort.com\/wp-content\/uploads\/2023\/10\/ACRUX-2.webp","datePublished":"2019-08-09T05:53:22+00:00","dateModified":"2022-09-26T11:18:26+00:00","description":"Espig\u00e3o\/bal\u00e3o de jardim solar com alto fluxo luminoso. Tem um sensor de movimento que permite optimizar a carga da bateria quando esta n\u00e3o \u00e9 necess\u00e1ria. Gra\u00e7as ao seu design discreto, \u00e9 perfeito para ser utilizado como ilumina\u00e7\u00e3o de acentua\u00e7\u00e3o. Este espig\u00e3o pode ser montado de duas maneiras: como uma luz de parede e como um farol. Ref. EACRUX-002T60SD220LINGR45DAtinge um maior fluxo luminosoDetec\u00e7\u00e3o de movimento e acendimento autom\u00e1tico da luzPode ser instalado como uma luz de parede ou farol","breadcrumb":{"@id":"https:\/\/arteconfort.com\/pt-pt\/producto\/acrux\/#breadcrumb"},"inLanguage":"pt-PT","potentialAction":[{"@type":"ReadAction","target":["https:\/\/arteconfort.com\/pt-pt\/producto\/acrux\/"]}]},{"@type":"ImageObject","inLanguage":"pt-PT","@id":"https:\/\/arteconfort.com\/pt-pt\/producto\/acrux\/#primaryimage","url":"https:\/\/arteconfort.com\/wp-content\/uploads\/2023\/10\/ACRUX-2.webp","contentUrl":"https:\/\/arteconfort.com\/wp-content\/uploads\/2023\/10\/ACRUX-2.webp","width":1024,"height":1024,"caption":"Baliza solar ACRUX perfil izquierdo"},{"@type":"BreadcrumbList","@id":"https:\/\/arteconfort.com\/pt-pt\/producto\/acrux\/#breadcrumb","itemListElement":[{"@type":"ListItem","position":1,"name":"Inicio","item":"https:\/\/arteconfort.com\/pt-pt\/"},{"@type":"ListItem","position":2,"name":"Tienda","item":"https:\/\/arteconfort.com\/pt-pt\/tienda-2\/"},{"@type":"ListItem","position":3,"name":"ACRUX"}]},{"@type":"WebSite","@id":"https:\/\/arteconfort.com\/pt-pt\/#website","url":"https:\/\/arteconfort.com\/pt-pt\/","name":"Arteconfort","description":"Especialistas en productos del hogar","publisher":{"@id":"https:\/\/arteconfort.com\/pt-pt\/#organization"},"potentialAction":[{"@type":"SearchAction","target":{"@type":"EntryPoint","urlTemplate":"https:\/\/arteconfort.com\/pt-pt\/?s={search_term_string}"},"query-input":{"@type":"PropertyValueSpecification","valueRequired":true,"valueName":"search_term_string"}}],"inLanguage":"pt-PT"},{"@type":"Organization","@id":"https:\/\/arteconfort.com\/pt-pt\/#organization","name":"Arteconfort","url":"https:\/\/arteconfort.com\/pt-pt\/","logo":{"@type":"ImageObject","inLanguage":"pt-PT","@id":"https:\/\/arteconfort.com\/pt-pt\/#\/schema\/logo\/image\/","url":"https:\/\/arteconfort.com\/wp-content\/uploads\/2019\/07\/logo-arteconfort.png","contentUrl":"https:\/\/arteconfort.com\/wp-content\/uploads\/2019\/07\/logo-arteconfort.png","width":230,"height":88,"caption":"Arteconfort"},"image":{"@id":"https:\/\/arteconfort.com\/pt-pt\/#\/schema\/logo\/image\/"}}]}},"_links":{"self":[{"href":"https:\/\/arteconfort.com\/pt-pt\/wp-json\/wp\/v2\/product\/11087","targetHints":{"allow":["GET"]}}],"collection":[{"href":"https:\/\/arteconfort.com\/pt-pt\/wp-json\/wp\/v2\/product"}],"about":[{"href":"https:\/\/arteconfort.com\/pt-pt\/wp-json\/wp\/v2\/types\/product"}],"wp:featuredmedia":[{"embeddable":true,"href":"https:\/\/arteconfort.com\/pt-pt\/wp-json\/wp\/v2\/media\/34808"}],"wp:attachment":[{"href":"https:\/\/arteconfort.com\/pt-pt\/wp-json\/wp\/v2\/media?parent=11087"}],"wp:term":[{"taxonomy":"product_brand","embeddable":true,"href":"https:\/\/arteconfort.com\/pt-pt\/wp-json\/wp\/v2\/product_brand?post=11087"},{"taxonomy":"product_cat","embeddable":true,"href":"https:\/\/arteconfort.com\/pt-pt\/wp-json\/wp\/v2\/product_cat?post=11087"},{"taxonomy":"product_tag","embeddable":true,"href":"https:\/\/arteconfort.com\/pt-pt\/wp-json\/wp\/v2\/product_tag?post=11087"}],"curies":[{"name":"wp","href":"https:\/\/api.w.org\/{rel}","templated":true}]}}