{"id":11093,"date":"2019-08-12T08:24:59","date_gmt":"2019-08-12T06:24:59","guid":{"rendered":"https:\/\/arteconfort.com\/producto\/sem%20categoria\/alcor\/"},"modified":"2022-04-21T09:49:59","modified_gmt":"2022-04-21T07:49:59","slug":"alcor","status":"publish","type":"product","link":"https:\/\/arteconfort.com\/pt-pt\/producto\/alcor\/","title":{"rendered":"ALCOR"},"content":{"rendered":"<div class=\"wpb-content-wrapper\"><p>[vc_row][vc_column width=&#8221;1\/2&#8243;][vc_accordion collapsible=&#8221;true&#8221; active_tab=&#8221;false&#8221;][vc_accordion_tab title=&#8221;Caracter\u00edsticas gerais&#8221;][vc_column_text]<strong>Dimens\u00f5es<\/strong> 180x43x90mm<br \/>\n<strong>Material<\/strong> Alum\u00ednio<br \/>\n<b>Terminar <\/b>Prata<br \/>\n<strong>IP<\/strong> 65<br \/>\n<strong>Garantia<\/strong> 2 anos[\/vc_column_text][\/vc_accordion_tab][vc_accordion_tab title=&#8221;Painel solar&#8221;][vc_column_text]<strong>Material<\/strong> Sil\u00edcio policristalino<br \/>\n<strong>Tipo de encapsulamento <\/strong>PET[\/vc_column_text][\/vc_accordion_tab][vc_accordion_tab title=&#8221;Bateria&#8221;][vc_column_text]<strong>Tipo de bateria <\/strong>LiFePO4<br \/>\n<strong>Tens\u00e3o de carregamento <\/strong>3,2V<br \/>\n<strong>Capacidade<\/strong> 3.000mAh<br \/>\n<strong>Tempo de carregamento <\/strong>8h<br \/>\n<strong>Autonomia<\/strong> 10h[\/vc_column_text][\/vc_accordion_tab][vc_accordion_tab title=&#8221;LED&#8221;][vc_column_text]<strong>Tipo de LED<\/strong> SMD<br \/>\n<strong>\u00c2ngulo de abertura <\/strong>120\u00ba<br \/>\n<strong>CCT<\/strong> 6000K<br \/>\n<strong>Fluxo luminoso <\/strong>760lm[\/vc_column_text][\/vc_accordion_tab][vc_accordion_tab title=&#8221;Modos de funcionamento&#8221;][vc_column_text]<strong>Modo 1<\/strong> Ligado a 50lm. Muda para 760lm quando a presen\u00e7a \u00e9 detectada<br \/>\n<strong>Modo 2<\/strong> Desligado. Muda para 760lm quando a presen\u00e7a \u00e9 detectada<br \/>\n<strong>Modo 3<\/strong> Fixado a 300lm sem sensor<br \/>\n<strong>Modo 4<\/strong> Manter-se a 760lm sem sensor durante 30 minutos[\/vc_column_text][\/vc_accordion_tab][vc_accordion_tab title=&#8221;Sensor&#8221;][vc_column_text]<strong>Sensor<\/strong> Sim (PIR)<br \/>\n<strong>Dist\u00e2ncia de detec\u00e7\u00e3o <\/strong>8m<br \/>\n<strong>Tempo de cortesia <\/strong>10s[\/vc_column_text][\/vc_accordion_tab][\/vc_accordion][\/vc_column][vc_column width=&#8221;1\/2&#8243;][vc_single_image image=&#8221;4808&#8243;][\/vc_column][\/vc_row]<\/p>\n<\/div>","protected":false},"excerpt":{"rendered":"<p>Lumin\u00e1ria de parede solar com um design discreto que proporciona um elevado fluxo luminoso. Gra\u00e7as a um painel de alta qualidade e a uma bateria de maior desempenho, pode fornecer at\u00e9 dez horas cont\u00ednuas de luz. Este holofote incorpora um sensor de movimento.<br \/>\n<strong>Ref. EALCOR-5P6T60SD300LIBLCD<\/strong>[vc_row][vc_column offset=&#8221;vc_hidden-xs&#8221;][vc_empty_space height=&#8221;30px&#8221;][\/vc_column][\/vc_row][vc_row][vc_column][vc_row_inner][vc_column_inner][wyde_info_box icon_set=&#8221;stroke_gap&#8221; icon_stroke_gap=&#8221;sg-Antenna2&#8243; icon_position=&#8221;left&#8221; title=&#8221;SENSOR DE PRESEN\u00c7A&#8221;]Detec\u00e7\u00e3o de movimento e acendimento autom\u00e1tico da luz<br \/>\n[\/wyde_info_box][vc_empty_space height=&#8221;15px&#8221;][\/vc_column_inner][\/vc_row_inner][vc_row_inner][vc_column_inner][wyde_info_box icon_set=&#8221;stroke_gap&#8221; icon_stroke_gap=&#8221;sg-Bulb&#8221; icon_position=&#8221;left&#8221; title=&#8221;ALTA LUMINOSIDADE&#8221;]Permite-lhe iluminar grandes \u00e1reas do jardim[\/wyde_info_box][vc_empty_space height=&#8221;15px&#8221;][\/vc_column_inner][\/vc_row_inner][vc_row_inner][vc_column_inner][wyde_info_box icon_set=&#8221;bigmug_line&#8221; icon_bigmug_line=&#8221;bigmug-line-equalizar2&#8243; icon_position=&#8221;left&#8221; title=&#8221;4 MODOS DE ILUMINA\u00c7\u00c3O&#8221;]Escolha entre diferentes modos de funcionamento com ou sem sensor de presen\u00e7a[\/wyde_info_box][vc_empty_space height=&#8221;15px&#8221;][\/vc_column_inner][\/vc_row_inner][\/vc_column][\/vc_row][vc_row][vc_column offset=&#8221;vc_hidden-xs&#8221;][vc_empty_space height=&#8221;60px&#8221;][\/vc_column][\/vc_row][vc_row][vc_column width=&#8221;1\/3&#8243;][wyde_link_button icon_set=&#8221;simple_line&#8221; icon_simple_line=&#8221;sl-settings&#8221; style=&#8221;round&#8221; title=&#8221;Instru\u00e7\u00f5es&#8221; link=&#8221;url:http%3A%2F%2Farteconfort.com%2Fwp-content%2Fuploads%2F2020%2F01%2Fim-ALCOR.pdf||target:%20_blank|rel:nofollow&#8221; color=&#8221;#ffffff&#8221; bg_color=&#8221;#222222&#8243;][\/vc_column][\/vc_row][vc_row][vc_column offset=&#8221;vc_hidden-xs&#8221;][vc_empty_space][\/vc_column][\/vc_row]<\/p>\n","protected":false},"featured_media":30908,"template":"","meta":[],"product_brand":[],"product_cat":[407],"product_tag":[],"class_list":{"0":"post-11093","1":"product","2":"type-product","3":"status-publish","4":"has-post-thumbnail","6":"product_cat-descatalogados-pt-pt","8":"first","9":"instock","10":"shipping-taxable","11":"product-type-external"},"yoast_head":"<!-- This site is optimized with the Yoast SEO plugin v26.5 - https:\/\/yoast.com\/wordpress\/plugins\/seo\/ -->\n<title>ALCOR - Descatalogados - Arteconfort<\/title>\n<meta name=\"description\" content=\"Lumin\u00e1ria de parede solar com um design discreto que proporciona um elevado fluxo luminoso. Gra\u00e7as a um painel de alta qualidade e a uma bateria de maior desempenho, pode fornecer at\u00e9 dez horas cont\u00ednuas de luz. Este holofote incorpora um sensor de movimento. Ref. EALCOR-5P6T60SD300LIBLCDDetec\u00e7\u00e3o de movimento e acendimento autom\u00e1tico da luz Permite-lhe iluminar grandes \u00e1reas do jardimEscolha entre diferentes modos de funcionamento com ou sem sensor de presen\u00e7a\" \/>\n<meta name=\"robots\" content=\"index, follow, max-snippet:-1, max-image-preview:large, max-video-preview:-1\" \/>\n<link rel=\"canonical\" href=\"https:\/\/arteconfort.com\/pt-pt\/producto\/alcor\/\" \/>\n<meta property=\"og:locale\" content=\"pt_PT\" \/>\n<meta property=\"og:type\" content=\"article\" \/>\n<meta property=\"og:title\" content=\"ALCOR - Descatalogados - Arteconfort\" \/>\n<meta property=\"og:description\" content=\"Lumin\u00e1ria de parede solar com um design discreto que proporciona um elevado fluxo luminoso. Gra\u00e7as a um painel de alta qualidade e a uma bateria de maior desempenho, pode fornecer at\u00e9 dez horas cont\u00ednuas de luz. Este holofote incorpora um sensor de movimento. Ref. EALCOR-5P6T60SD300LIBLCDDetec\u00e7\u00e3o de movimento e acendimento autom\u00e1tico da luz Permite-lhe iluminar grandes \u00e1reas do jardimEscolha entre diferentes modos de funcionamento com ou sem sensor de presen\u00e7a\" \/>\n<meta property=\"og:url\" content=\"https:\/\/arteconfort.com\/pt-pt\/producto\/alcor\/\" \/>\n<meta property=\"og:site_name\" content=\"Arteconfort\" \/>\n<meta property=\"article:modified_time\" content=\"2022-04-21T07:49:59+00:00\" \/>\n<meta property=\"og:image\" content=\"https:\/\/arteconfort.com\/wp-content\/uploads\/2023\/10\/ALCOR.webp\" \/>\n\t<meta property=\"og:image:width\" content=\"1024\" \/>\n\t<meta property=\"og:image:height\" content=\"1024\" \/>\n\t<meta property=\"og:image:type\" content=\"image\/webp\" \/>\n<meta name=\"twitter:card\" content=\"summary_large_image\" \/>\n<meta name=\"twitter:label1\" content=\"Tempo estimado de leitura\" \/>\n\t<meta name=\"twitter:data1\" content=\"1 minuto\" \/>\n<!-- \/ Yoast SEO plugin. -->","yoast_head_json":{"title":"ALCOR - Descatalogados - Arteconfort","description":"Lumin\u00e1ria de parede solar com um design discreto que proporciona um elevado fluxo luminoso. Gra\u00e7as a um painel de alta qualidade e a uma bateria de maior desempenho, pode fornecer at\u00e9 dez horas cont\u00ednuas de luz. Este holofote incorpora um sensor de movimento. Ref. EALCOR-5P6T60SD300LIBLCDDetec\u00e7\u00e3o de movimento e acendimento autom\u00e1tico da luz Permite-lhe iluminar grandes \u00e1reas do jardimEscolha entre diferentes modos de funcionamento com ou sem sensor de presen\u00e7a","robots":{"index":"index","follow":"follow","max-snippet":"max-snippet:-1","max-image-preview":"max-image-preview:large","max-video-preview":"max-video-preview:-1"},"canonical":"https:\/\/arteconfort.com\/pt-pt\/producto\/alcor\/","og_locale":"pt_PT","og_type":"article","og_title":"ALCOR - Descatalogados - Arteconfort","og_description":"Lumin\u00e1ria de parede solar com um design discreto que proporciona um elevado fluxo luminoso. Gra\u00e7as a um painel de alta qualidade e a uma bateria de maior desempenho, pode fornecer at\u00e9 dez horas cont\u00ednuas de luz. Este holofote incorpora um sensor de movimento. Ref. EALCOR-5P6T60SD300LIBLCDDetec\u00e7\u00e3o de movimento e acendimento autom\u00e1tico da luz Permite-lhe iluminar grandes \u00e1reas do jardimEscolha entre diferentes modos de funcionamento com ou sem sensor de presen\u00e7a","og_url":"https:\/\/arteconfort.com\/pt-pt\/producto\/alcor\/","og_site_name":"Arteconfort","article_modified_time":"2022-04-21T07:49:59+00:00","og_image":[{"width":1024,"height":1024,"url":"https:\/\/arteconfort.com\/wp-content\/uploads\/2023\/10\/ALCOR.webp","type":"image\/webp"}],"twitter_card":"summary_large_image","twitter_misc":{"Tempo estimado de leitura":"1 minuto"},"schema":{"@context":"https:\/\/schema.org","@graph":[{"@type":"WebPage","@id":"https:\/\/arteconfort.com\/pt-pt\/producto\/alcor\/","url":"https:\/\/arteconfort.com\/pt-pt\/producto\/alcor\/","name":"ALCOR - Descatalogados - Arteconfort","isPartOf":{"@id":"https:\/\/arteconfort.com\/pt-pt\/#website"},"primaryImageOfPage":{"@id":"https:\/\/arteconfort.com\/pt-pt\/producto\/alcor\/#primaryimage"},"image":{"@id":"https:\/\/arteconfort.com\/pt-pt\/producto\/alcor\/#primaryimage"},"thumbnailUrl":"https:\/\/arteconfort.com\/wp-content\/uploads\/2023\/10\/ALCOR.webp","datePublished":"2019-08-12T06:24:59+00:00","dateModified":"2022-04-21T07:49:59+00:00","description":"Lumin\u00e1ria de parede solar com um design discreto que proporciona um elevado fluxo luminoso. Gra\u00e7as a um painel de alta qualidade e a uma bateria de maior desempenho, pode fornecer at\u00e9 dez horas cont\u00ednuas de luz. Este holofote incorpora um sensor de movimento. Ref. EALCOR-5P6T60SD300LIBLCDDetec\u00e7\u00e3o de movimento e acendimento autom\u00e1tico da luz Permite-lhe iluminar grandes \u00e1reas do jardimEscolha entre diferentes modos de funcionamento com ou sem sensor de presen\u00e7a","breadcrumb":{"@id":"https:\/\/arteconfort.com\/pt-pt\/producto\/alcor\/#breadcrumb"},"inLanguage":"pt-PT","potentialAction":[{"@type":"ReadAction","target":["https:\/\/arteconfort.com\/pt-pt\/producto\/alcor\/"]}]},{"@type":"ImageObject","inLanguage":"pt-PT","@id":"https:\/\/arteconfort.com\/pt-pt\/producto\/alcor\/#primaryimage","url":"https:\/\/arteconfort.com\/wp-content\/uploads\/2023\/10\/ALCOR.webp","contentUrl":"https:\/\/arteconfort.com\/wp-content\/uploads\/2023\/10\/ALCOR.webp","width":1024,"height":1024,"caption":"Foco solar ALCOR"},{"@type":"BreadcrumbList","@id":"https:\/\/arteconfort.com\/pt-pt\/producto\/alcor\/#breadcrumb","itemListElement":[{"@type":"ListItem","position":1,"name":"Inicio","item":"https:\/\/arteconfort.com\/pt-pt\/"},{"@type":"ListItem","position":2,"name":"Tienda","item":"https:\/\/arteconfort.com\/pt-pt\/tienda-2\/"},{"@type":"ListItem","position":3,"name":"ALCOR"}]},{"@type":"WebSite","@id":"https:\/\/arteconfort.com\/pt-pt\/#website","url":"https:\/\/arteconfort.com\/pt-pt\/","name":"Arteconfort","description":"Especialistas en productos del hogar","publisher":{"@id":"https:\/\/arteconfort.com\/pt-pt\/#organization"},"potentialAction":[{"@type":"SearchAction","target":{"@type":"EntryPoint","urlTemplate":"https:\/\/arteconfort.com\/pt-pt\/?s={search_term_string}"},"query-input":{"@type":"PropertyValueSpecification","valueRequired":true,"valueName":"search_term_string"}}],"inLanguage":"pt-PT"},{"@type":"Organization","@id":"https:\/\/arteconfort.com\/pt-pt\/#organization","name":"Arteconfort","url":"https:\/\/arteconfort.com\/pt-pt\/","logo":{"@type":"ImageObject","inLanguage":"pt-PT","@id":"https:\/\/arteconfort.com\/pt-pt\/#\/schema\/logo\/image\/","url":"https:\/\/arteconfort.com\/wp-content\/uploads\/2019\/07\/logo-arteconfort.png","contentUrl":"https:\/\/arteconfort.com\/wp-content\/uploads\/2019\/07\/logo-arteconfort.png","width":230,"height":88,"caption":"Arteconfort"},"image":{"@id":"https:\/\/arteconfort.com\/pt-pt\/#\/schema\/logo\/image\/"}}]}},"_links":{"self":[{"href":"https:\/\/arteconfort.com\/pt-pt\/wp-json\/wp\/v2\/product\/11093","targetHints":{"allow":["GET"]}}],"collection":[{"href":"https:\/\/arteconfort.com\/pt-pt\/wp-json\/wp\/v2\/product"}],"about":[{"href":"https:\/\/arteconfort.com\/pt-pt\/wp-json\/wp\/v2\/types\/product"}],"wp:featuredmedia":[{"embeddable":true,"href":"https:\/\/arteconfort.com\/pt-pt\/wp-json\/wp\/v2\/media\/30908"}],"wp:attachment":[{"href":"https:\/\/arteconfort.com\/pt-pt\/wp-json\/wp\/v2\/media?parent=11093"}],"wp:term":[{"taxonomy":"product_brand","embeddable":true,"href":"https:\/\/arteconfort.com\/pt-pt\/wp-json\/wp\/v2\/product_brand?post=11093"},{"taxonomy":"product_cat","embeddable":true,"href":"https:\/\/arteconfort.com\/pt-pt\/wp-json\/wp\/v2\/product_cat?post=11093"},{"taxonomy":"product_tag","embeddable":true,"href":"https:\/\/arteconfort.com\/pt-pt\/wp-json\/wp\/v2\/product_tag?post=11093"}],"curies":[{"name":"wp","href":"https:\/\/api.w.org\/{rel}","templated":true}]}}