{"id":11099,"date":"2020-02-03T17:57:26","date_gmt":"2020-02-03T16:57:26","guid":{"rendered":"https:\/\/arteconfort.com\/producto\/sem%20categoria\/borealis\/"},"modified":"2022-04-21T10:00:59","modified_gmt":"2022-04-21T08:00:59","slug":"borealis","status":"publish","type":"product","link":"https:\/\/arteconfort.com\/pt-pt\/producto\/borealis\/","title":{"rendered":"BOREALIS"},"content":{"rendered":"<div class=\"wpb-content-wrapper\"><p>[vc_row][vc_column][vc_row_inner][vc_column_inner width=&#8221;1\/4&#8243; offset=&#8221;vc_col-xs-6&#8243;][wyde_info_box icon_set=&#8221;bigmug_line&#8221; icon_bigmug_line=&#8221;bigmug-line-foggy-sun&#8221; title=&#8221;PAINEL SOLAR COM MAIOR \u00c1REA DE SUPERF\u00cdCIE&#8221;]Melhor carregamento devido a uma maior recolha solar e qualidade do painel com maior convers\u00e3o energ\u00e9tica[\/wyde_info_box][\/vc_column_inner][vc_column_inner width=&#8221;1\/4&#8243; offset=&#8221;vc_col-xs-6&#8243;][wyde_info_box icon_set=&#8221;simple_line&#8221; icon_simple_line=&#8221;sl-rocket&#8221; title=&#8221;MAIOR EFICI\u00caNCIA E CAPACIDADE DA BATERIA&#8221;]Para uma autonomia mais longa[\/wyde_info_box][\/vc_column_inner][vc_column_inner width=&#8221;1\/4&#8243; offset=&#8221;vc_col-xs-6&#8243;][wyde_info_box icon_set=&#8221;simple_line&#8221; icon_simple_line=&#8221;sl-power&#8221; title=&#8221;F\u00c1CIL DE LIGAR&#8221;]Est\u00e3o dispon\u00edveis dois bot\u00f5es: ON\/OFF e mudan\u00e7a do modo de funcionamento [\/wyde_info_box][\/vc_column_inner][vc_column_inner width=&#8221;1\/4&#8243; offset=&#8221;vc_col-xs-6&#8243;][wyde_info_box icon_set=&#8221;simple_line&#8221; icon_simple_line=&#8221;sl-like&#8221; title=&#8221;F\u00c1CIL INSTALA\u00c7\u00c3O&#8221;]Basta enfiar o painel solar no ch\u00e3o e pendurar a grinalda, sem necessidade de liga\u00e7\u00f5es el\u00e9ctricas[\/wyde_info_box][\/vc_column_inner][\/vc_row_inner][vc_row_inner][vc_column_inner offset=&#8221;vc_hidden-xs&#8221;][vc_empty_space][\/vc_column_inner][\/vc_row_inner][vc_row_inner][vc_column_inner offset=&#8221;vc_hidden-xs&#8221;][vc_empty_space height=&#8221;60px&#8221;][\/vc_column_inner][\/vc_row_inner][\/vc_column][\/vc_row][vc_row][vc_column width=&#8221;1\/2&#8243;][vc_accordion collapsible=&#8221;true&#8221; active_tab=&#8221;false&#8221;][vc_accordion_tab title=&#8221;Caracter\u00edsticas Gerais&#8221;][vc_column_text]<strong>Dimens\u00f5es<\/strong> 6,1m (2m cabo)<br \/>\n<strong>Material<\/strong> ABS+ vidro<br \/>\n<strong>L\u00e2mpada<\/strong> G40 Filamento LED<br \/>\n<strong>Acabamento<\/strong> preto<br \/>\n<strong>IP<\/strong> 65<br \/>\n<strong>Garantia<\/strong> 3 anos[\/vc_column_text][\/vc_accordion_tab][vc_accordion_tab title=&#8221;Painel solar&#8221;][vc_column_text]<strong>Material<\/strong> policristalino<br \/>\n<strong>Tipo de encapsulamento<\/strong> PET<br \/>\n<strong>Voltagem<\/strong> 5,5V [\/vc_column_text][\/vc_accordion_tab][vc_accordion_tab title=&#8221;Bateria&#8221;][vc_column_text]<strong>Bateria tipo<\/strong> Li-ion 18650<br \/>\n<strong>Capacidade<\/strong> 2.000mAh<br \/>\n<strong>Tempo de carregamento<\/strong> 8h-12h<br \/>\n<strong>Autonomia<\/strong> 8h[\/vc_column_text][\/vc_accordion_tab][vc_accordion_tab title=&#8221;LED&#8221;][vc_column_text]<strong>N\u00famero de LEDs<\/strong> 10<br \/>\n<strong>\u00c2ngulo de abertura<\/strong> 120\u00ba<br \/>\n<strong>CCT<\/strong> 2700k<br \/>\n[\/vc_column_text][\/vc_accordion_tab][vc_accordion_tab title=&#8221;Modos de funcionamento&#8221;][vc_column_text]<strong>4 modos de ilumina\u00e7\u00e3o<\/strong>[\/vc_column_text][\/vc_accordion_tab][vc_accordion_tab title=&#8221;Sensor&#8221;][vc_column_text]<strong>Sensor<\/strong> N\u00e3o[\/vc_column_text][\/vc_accordion_tab][\/vc_accordion][\/vc_column][vc_column width=&#8221;1\/2&#8243;][vc_single_image image=&#8221;5876&#8243;][\/vc_column][\/vc_row]<\/p>\n<\/div>","protected":false},"excerpt":{"rendered":"<p>A grinalda solar BOREALIS tem um desenho composto por 10 l\u00e2mpadas cristalinas. Crie o seu pr\u00f3prio ambiente colocando-os no seu terra\u00e7o ou jardim, enquanto alterna os seus 4 modos de ilumina\u00e7\u00e3o para conseguir um belo efeito no seu terra\u00e7o ou jardim.<br \/>\n<strong>Ref. BOREALISTR31<\/strong>[vc_row][vc_column offset=&#8221;vc_hidden-xs&#8221;][vc_empty_space height=&#8221;30px&#8221;][\/vc_column][\/vc_row][vc_row][vc_column][vc_row_inner][vc_column_inner][wyde_info_box icon_set=&#8221;bigmug_line&#8221; icon_bigmug_line=&#8221;bigmug-line-equalizar2&#8243; icon_position=&#8221;left&#8221; title=&#8221;4 MODOS DE ILUMINA\u00c7\u00c3O&#8221;]Escolha entre diferentes modos de funcionamento[\/wyde_info_box][vc_empty_space height=&#8221;15px&#8221;][\/vc_column_inner][\/vc_row_inner][vc_row_inner][vc_column_inner][wyde_info_box icon_set=&#8221;simple_line&#8221; icon_simple_line=&#8221;sl-eye&#8221; icon_position=&#8221;left&#8221; title=&#8221;DECORATIVA ILUMINA\u00c7\u00c3O &#8220;]Cria uma atmosfera quente gra\u00e7as \u00e0 ilumina\u00e7\u00e3o decorativa LED[\/wyde_info_box][vc_empty_space height=&#8221;15px&#8221;][\/vc_column_inner][\/vc_row_inner][vc_row_inner][vc_column_inner][wyde_info_box icon_set=&#8221;simple_line&#8221; icon_simple_line=&#8221;sl-wrench&#8221; icon_position=&#8221;left&#8221; title=&#8221;2 OP\u00c7\u00d5ES DE MONTAGEM&#8221;]Instalar o painel solar suspenso ou como um farol[\/wyde_info_box][vc_empty_space height=&#8221;15px&#8221;][\/vc_column_inner][\/vc_row_inner][\/vc_column][\/vc_row][vc_row][vc_column offset=&#8221;vc_hidden-xs&#8221;][vc_empty_space height=&#8221;60px&#8221;][\/vc_column][\/vc_row][vc_row][vc_column width=&#8221;1\/3&#8243;][wyde_link_button icon_set=&#8221;simple_line&#8221; icon_simple_line=&#8221;sl-settings&#8221; style=&#8221;round&#8221; title=&#8221;Instru\u00e7\u00f5es&#8221; link=&#8221;url:http%3A%2F%2Farteconfort.com%2Fwp-content%2Fuploads%2F2020%2F01%2Fim-BOREALIS.pdf||target:%20_blank|rel:nofollow&#8221; color=&#8221;#ffffff&#8221; bg_color=&#8221;#222222&#8243;][\/vc_column][vc_column width=&#8221;1\/3&#8243;][wyde_link_button icon_set=&#8221;simple_line&#8221; icon_simple_line=&#8221;sl-social-youtube&#8221; style=&#8221;outline round&#8221; title=&#8221;V\u00eddeo montaje&#8221; link=&#8221;url:https%3A%2F%2Fwww.youtube.com%2Fwatch%3Fv%3DfcnO17iTV6E||target:%20_blank|rel:nofollow&#8221; color=&#8221;#222222&#8243; hover_color=&#8221;#ffffff&#8221;][\/vc_column][\/vc_row][vc_row][vc_column offset=&#8221;vc_hidden-xs&#8221;][vc_empty_space][\/vc_column][\/vc_row][vc_row][vc_column][vc_empty_space height=&#8221;20px&#8221;][\/vc_column][\/vc_row][vc_row background_mode=&#8221;color&#8221; background_color=&#8221;#f5f5f5&#8243;][vc_column text_align=&#8221;center&#8221;][vc_row_inner padding_size=&#8221;m-padding&#8221;][vc_column_inner text_align=&#8221;center&#8221;][vc_single_image alignment=&#8221;center&#8221; image=&#8221;1046&#8243;][vc_column_text]Encontre esta grinalda solar \u00e0 venda exclusivamente na LEROY MERLINAccede a Leroy Merlin[\/vc_column_text][vc_empty_space height=&#8221;15px&#8221;][wyde_link_button icon_set=&#8221;simple_line&#8221; icon_simple_line=&#8221;sl-login&#8221; style=&#8221;outline round&#8221; title=&#8221;Ir para Leroy Merlin&#8221; link=&#8221;url:https%3A%2F%2Fwww.leroymerlin.es%2Ffp%2F82433680%2Fguirnalda-solar-de-10-luces-borealis-de-5-5m-y-2700k||target:%20_blank|rel:nofollow&#8221; color=&#8221;#61b4e4&#8243; hover_color=&#8221;#ffffff&#8221;][\/vc_column_inner][\/vc_row_inner][\/vc_column][\/vc_row]<\/p>\n","protected":false},"featured_media":31143,"template":"","meta":[],"product_brand":[],"product_cat":[407],"product_tag":[],"class_list":{"0":"post-11099","1":"product","2":"type-product","3":"status-publish","4":"has-post-thumbnail","6":"product_cat-descatalogados-pt-pt","8":"first","9":"instock","10":"shipping-taxable","11":"product-type-simple"},"yoast_head":"<!-- This site is optimized with the Yoast SEO plugin v26.5 - https:\/\/yoast.com\/wordpress\/plugins\/seo\/ -->\n<title>BOREALIS - Descatalogados - Arteconfort<\/title>\n<meta name=\"description\" content=\"A grinalda solar BOREALIS tem um desenho composto por 10 l\u00e2mpadas cristalinas. Crie o seu pr\u00f3prio ambiente colocando-os no seu terra\u00e7o ou jardim, enquanto alterna os seus 4 modos de ilumina\u00e7\u00e3o para conseguir um belo efeito no seu terra\u00e7o ou jardim. Ref. BOREALISTR31Escolha entre diferentes modos de funcionamentoCria uma atmosfera quente gra\u00e7as \u00e0 ilumina\u00e7\u00e3o decorativa LEDInstalar o painel solar suspenso ou como um farolEncontre esta grinalda solar \u00e0 venda exclusivamente na LEROY MERLINAccede a Leroy Merlin\" \/>\n<meta name=\"robots\" content=\"index, follow, max-snippet:-1, max-image-preview:large, max-video-preview:-1\" \/>\n<link rel=\"canonical\" href=\"https:\/\/arteconfort.com\/pt-pt\/producto\/borealis\/\" \/>\n<meta property=\"og:locale\" content=\"pt_PT\" \/>\n<meta property=\"og:type\" content=\"article\" \/>\n<meta property=\"og:title\" content=\"BOREALIS - Descatalogados - Arteconfort\" \/>\n<meta property=\"og:description\" content=\"A grinalda solar BOREALIS tem um desenho composto por 10 l\u00e2mpadas cristalinas. Crie o seu pr\u00f3prio ambiente colocando-os no seu terra\u00e7o ou jardim, enquanto alterna os seus 4 modos de ilumina\u00e7\u00e3o para conseguir um belo efeito no seu terra\u00e7o ou jardim. Ref. BOREALISTR31Escolha entre diferentes modos de funcionamentoCria uma atmosfera quente gra\u00e7as \u00e0 ilumina\u00e7\u00e3o decorativa LEDInstalar o painel solar suspenso ou como um farolEncontre esta grinalda solar \u00e0 venda exclusivamente na LEROY MERLINAccede a Leroy Merlin\" \/>\n<meta property=\"og:url\" content=\"https:\/\/arteconfort.com\/pt-pt\/producto\/borealis\/\" \/>\n<meta property=\"og:site_name\" content=\"Arteconfort\" \/>\n<meta property=\"article:modified_time\" content=\"2022-04-21T08:00:59+00:00\" \/>\n<meta property=\"og:image\" content=\"https:\/\/arteconfort.com\/wp-content\/uploads\/2023\/10\/BOREALIS-ambientes.webp\" \/>\n\t<meta property=\"og:image:width\" content=\"1024\" \/>\n\t<meta property=\"og:image:height\" content=\"1024\" \/>\n\t<meta property=\"og:image:type\" content=\"image\/webp\" \/>\n<meta name=\"twitter:card\" content=\"summary_large_image\" \/>\n<meta name=\"twitter:label1\" content=\"Tempo estimado de leitura\" \/>\n\t<meta name=\"twitter:data1\" content=\"2 minutos\" \/>\n<!-- \/ Yoast SEO plugin. -->","yoast_head_json":{"title":"BOREALIS - Descatalogados - Arteconfort","description":"A grinalda solar BOREALIS tem um desenho composto por 10 l\u00e2mpadas cristalinas. Crie o seu pr\u00f3prio ambiente colocando-os no seu terra\u00e7o ou jardim, enquanto alterna os seus 4 modos de ilumina\u00e7\u00e3o para conseguir um belo efeito no seu terra\u00e7o ou jardim. Ref. BOREALISTR31Escolha entre diferentes modos de funcionamentoCria uma atmosfera quente gra\u00e7as \u00e0 ilumina\u00e7\u00e3o decorativa LEDInstalar o painel solar suspenso ou como um farolEncontre esta grinalda solar \u00e0 venda exclusivamente na LEROY MERLINAccede a Leroy Merlin","robots":{"index":"index","follow":"follow","max-snippet":"max-snippet:-1","max-image-preview":"max-image-preview:large","max-video-preview":"max-video-preview:-1"},"canonical":"https:\/\/arteconfort.com\/pt-pt\/producto\/borealis\/","og_locale":"pt_PT","og_type":"article","og_title":"BOREALIS - Descatalogados - Arteconfort","og_description":"A grinalda solar BOREALIS tem um desenho composto por 10 l\u00e2mpadas cristalinas. Crie o seu pr\u00f3prio ambiente colocando-os no seu terra\u00e7o ou jardim, enquanto alterna os seus 4 modos de ilumina\u00e7\u00e3o para conseguir um belo efeito no seu terra\u00e7o ou jardim. Ref. BOREALISTR31Escolha entre diferentes modos de funcionamentoCria uma atmosfera quente gra\u00e7as \u00e0 ilumina\u00e7\u00e3o decorativa LEDInstalar o painel solar suspenso ou como um farolEncontre esta grinalda solar \u00e0 venda exclusivamente na LEROY MERLINAccede a Leroy Merlin","og_url":"https:\/\/arteconfort.com\/pt-pt\/producto\/borealis\/","og_site_name":"Arteconfort","article_modified_time":"2022-04-21T08:00:59+00:00","og_image":[{"width":1024,"height":1024,"url":"https:\/\/arteconfort.com\/wp-content\/uploads\/2023\/10\/BOREALIS-ambientes.webp","type":"image\/webp"}],"twitter_card":"summary_large_image","twitter_misc":{"Tempo estimado de leitura":"2 minutos"},"schema":{"@context":"https:\/\/schema.org","@graph":[{"@type":"WebPage","@id":"https:\/\/arteconfort.com\/pt-pt\/producto\/borealis\/","url":"https:\/\/arteconfort.com\/pt-pt\/producto\/borealis\/","name":"BOREALIS - Descatalogados - Arteconfort","isPartOf":{"@id":"https:\/\/arteconfort.com\/pt-pt\/#website"},"primaryImageOfPage":{"@id":"https:\/\/arteconfort.com\/pt-pt\/producto\/borealis\/#primaryimage"},"image":{"@id":"https:\/\/arteconfort.com\/pt-pt\/producto\/borealis\/#primaryimage"},"thumbnailUrl":"https:\/\/arteconfort.com\/wp-content\/uploads\/2023\/10\/BOREALIS-ambientes.webp","datePublished":"2020-02-03T16:57:26+00:00","dateModified":"2022-04-21T08:00:59+00:00","description":"A grinalda solar BOREALIS tem um desenho composto por 10 l\u00e2mpadas cristalinas. Crie o seu pr\u00f3prio ambiente colocando-os no seu terra\u00e7o ou jardim, enquanto alterna os seus 4 modos de ilumina\u00e7\u00e3o para conseguir um belo efeito no seu terra\u00e7o ou jardim. Ref. BOREALISTR31Escolha entre diferentes modos de funcionamentoCria uma atmosfera quente gra\u00e7as \u00e0 ilumina\u00e7\u00e3o decorativa LEDInstalar o painel solar suspenso ou como um farolEncontre esta grinalda solar \u00e0 venda exclusivamente na LEROY MERLINAccede a Leroy Merlin","breadcrumb":{"@id":"https:\/\/arteconfort.com\/pt-pt\/producto\/borealis\/#breadcrumb"},"inLanguage":"pt-PT","potentialAction":[{"@type":"ReadAction","target":["https:\/\/arteconfort.com\/pt-pt\/producto\/borealis\/"]}]},{"@type":"ImageObject","inLanguage":"pt-PT","@id":"https:\/\/arteconfort.com\/pt-pt\/producto\/borealis\/#primaryimage","url":"https:\/\/arteconfort.com\/wp-content\/uploads\/2023\/10\/BOREALIS-ambientes.webp","contentUrl":"https:\/\/arteconfort.com\/wp-content\/uploads\/2023\/10\/BOREALIS-ambientes.webp","width":1024,"height":1024,"caption":"BOREALIS ambiente"},{"@type":"BreadcrumbList","@id":"https:\/\/arteconfort.com\/pt-pt\/producto\/borealis\/#breadcrumb","itemListElement":[{"@type":"ListItem","position":1,"name":"Inicio","item":"https:\/\/arteconfort.com\/pt-pt\/"},{"@type":"ListItem","position":2,"name":"Tienda","item":"https:\/\/arteconfort.com\/pt-pt\/tienda-2\/"},{"@type":"ListItem","position":3,"name":"BOREALIS"}]},{"@type":"WebSite","@id":"https:\/\/arteconfort.com\/pt-pt\/#website","url":"https:\/\/arteconfort.com\/pt-pt\/","name":"Arteconfort","description":"Especialistas en productos del hogar","publisher":{"@id":"https:\/\/arteconfort.com\/pt-pt\/#organization"},"potentialAction":[{"@type":"SearchAction","target":{"@type":"EntryPoint","urlTemplate":"https:\/\/arteconfort.com\/pt-pt\/?s={search_term_string}"},"query-input":{"@type":"PropertyValueSpecification","valueRequired":true,"valueName":"search_term_string"}}],"inLanguage":"pt-PT"},{"@type":"Organization","@id":"https:\/\/arteconfort.com\/pt-pt\/#organization","name":"Arteconfort","url":"https:\/\/arteconfort.com\/pt-pt\/","logo":{"@type":"ImageObject","inLanguage":"pt-PT","@id":"https:\/\/arteconfort.com\/pt-pt\/#\/schema\/logo\/image\/","url":"https:\/\/arteconfort.com\/wp-content\/uploads\/2019\/07\/logo-arteconfort.png","contentUrl":"https:\/\/arteconfort.com\/wp-content\/uploads\/2019\/07\/logo-arteconfort.png","width":230,"height":88,"caption":"Arteconfort"},"image":{"@id":"https:\/\/arteconfort.com\/pt-pt\/#\/schema\/logo\/image\/"}}]}},"_links":{"self":[{"href":"https:\/\/arteconfort.com\/pt-pt\/wp-json\/wp\/v2\/product\/11099","targetHints":{"allow":["GET"]}}],"collection":[{"href":"https:\/\/arteconfort.com\/pt-pt\/wp-json\/wp\/v2\/product"}],"about":[{"href":"https:\/\/arteconfort.com\/pt-pt\/wp-json\/wp\/v2\/types\/product"}],"wp:featuredmedia":[{"embeddable":true,"href":"https:\/\/arteconfort.com\/pt-pt\/wp-json\/wp\/v2\/media\/31143"}],"wp:attachment":[{"href":"https:\/\/arteconfort.com\/pt-pt\/wp-json\/wp\/v2\/media?parent=11099"}],"wp:term":[{"taxonomy":"product_brand","embeddable":true,"href":"https:\/\/arteconfort.com\/pt-pt\/wp-json\/wp\/v2\/product_brand?post=11099"},{"taxonomy":"product_cat","embeddable":true,"href":"https:\/\/arteconfort.com\/pt-pt\/wp-json\/wp\/v2\/product_cat?post=11099"},{"taxonomy":"product_tag","embeddable":true,"href":"https:\/\/arteconfort.com\/pt-pt\/wp-json\/wp\/v2\/product_tag?post=11099"}],"curies":[{"name":"wp","href":"https:\/\/api.w.org\/{rel}","templated":true}]}}