{"id":11111,"date":"2019-08-12T08:30:21","date_gmt":"2019-08-12T06:30:21","guid":{"rendered":"https:\/\/arteconfort.com\/producto\/sem%20categoria\/corvus-rgb\/"},"modified":"2023-04-24T09:54:26","modified_gmt":"2023-04-24T07:54:26","slug":"corvus-rgb","status":"publish","type":"product","link":"https:\/\/arteconfort.com\/pt-pt\/producto\/corvus-rgb\/","title":{"rendered":"CORVUS RGB"},"content":{"rendered":"<div class=\"wpb-content-wrapper\"><p>[vc_row][vc_column width=&#8221;1\/2&#8243;][vc_accordion collapsible=&#8221;true&#8221; active_tab=&#8221;false&#8221;][vc_accordion_tab title=&#8221;Caracter\u00edsticas gerais&#8221;][vc_column_text]<strong>Dimens\u00f5es<\/strong> 320x95x270mm<br \/>\n<strong>Material<\/strong> ABS+PC<br \/>\n<b>Terminar <\/b>Preto<br \/>\n<strong>IP<\/strong> 44<br \/>\n<strong>Garantia<\/strong> 3 anos[\/vc_column_text][\/vc_accordion_tab][vc_accordion_tab title=&#8221;Painel solar&#8221;][vc_column_text]<strong>Material<\/strong> Sil\u00edcio policristalino<br \/>\n<strong>Tipo de encapsulamento <\/strong>PET[\/vc_column_text][\/vc_accordion_tab][vc_accordion_tab title=&#8221;Bateria&#8221;][vc_column_text]<strong>Tipo de bateria<\/strong> Li-ion 18650<br \/>\n<strong>Tens\u00e3o de carregamento <\/strong>3,7V<br \/>\n<strong>Capacidade<\/strong> 2.200mAh<br \/>\n<strong>Tempo de carregamento <\/strong>6h<br \/>\n<strong>Autonomia<\/strong> 8h[\/vc_column_text][\/vc_accordion_tab][vc_accordion_tab title=&#8221;LED&#8221;][vc_column_text]<strong>Tipo de LED<\/strong> SMD<br \/>\n<strong>\u00c2ngulo de abertura <\/strong>120\u00ba<br \/>\n<strong>CCT<\/strong> RGB<br \/>\n<strong>Fluxo luminoso<\/strong> 210lm[\/vc_column_text][\/vc_accordion_tab][vc_accordion_tab title=&#8221;Modos de funcionamento&#8221;][vc_column_text]<strong>Modo 1<\/strong> Ilumina\u00e7\u00e3o fixa a 210lm<br \/>\n<strong>Modo 2<\/strong> Ilumina\u00e7\u00e3o fixa a 120lm[\/vc_column_text][\/vc_accordion_tab][vc_accordion_tab title=&#8221;Sensor&#8221;][vc_column_text]<strong>Sensor<\/strong> No[\/vc_column_text][\/vc_accordion_tab][\/vc_accordion][\/vc_column][vc_column width=&#8221;1\/2&#8243;][vc_single_image image=&#8221;6744&#8243;][\/vc_column][\/vc_row]<\/p>\n<\/div>","protected":false},"excerpt":{"rendered":"<p>Acrescente cor ao exterior da sua casa com o farol solar CORVUS RGB com um design discreto que oferece uma ilumina\u00e7\u00e3o de acentua\u00e7\u00e3o colorida e divertida gra\u00e7as \u00e0s suas luzes LED que pode colocar em diferentes cores. Este projector solar pode ser montado de duas maneiras: como uma luz de parede ou como um farol.<br \/>\n<strong>Ref. ECORVUS-002RGBA3220LINGRD<\/strong>[vc_row][vc_column offset=&#8221;vc_hidden-xs&#8221;][vc_empty_space height=&#8221;30px&#8221;][\/vc_column][\/vc_row][vc_row][vc_column][vc_row_inner][vc_column_inner][wyde_info_box icon_set=&#8221;simple_line&#8221; icon_simple_line=&#8221;sl-eye&#8221; icon_position=&#8221;left&#8221; title=&#8221;LUZ RGB&#8221;]Criar ambiente com luz colorida[\/wyde_info_box][vc_empty_space height=&#8221;15px&#8221;][\/vc_column_inner][\/vc_row_inner][vc_row_inner][vc_column_inner][wyde_info_box icon_set=&#8221;simple_line&#8221; icon_simple_line=&#8221;sl-wrench&#8221; icon_position=&#8221;left&#8221; title=&#8221;2 OPCIONES DE MONTAGEM&#8221;]Instalar o painel solar suspenso ou como um farol[\/wyde_info_box][vc_empty_space height=&#8221;15px&#8221;][\/vc_column_inner][\/vc_row_inner][\/vc_column][\/vc_row][vc_row][vc_column offset=&#8221;vc_hidden-xs&#8221;][vc_empty_space height=&#8221;60px&#8221;][\/vc_column][\/vc_row][vc_row][vc_column width=&#8221;1\/3&#8243;][wyde_link_button icon_set=&#8221;simple_line&#8221; icon_simple_line=&#8221;sl-settings&#8221; style=&#8221;round&#8221; title=&#8221;Instru\u00e7\u00f5es&#8221; link=&#8221;url:http%3A%2F%2Farteconfort.com%2Fwp-content%2Fuploads%2F2020%2F01%2Fim-CORVUS.pdf||target:%20_blank|rel:nofollow&#8221; color=&#8221;#ffffff&#8221; bg_color=&#8221;#222222&#8243;][\/vc_column][\/vc_row][vc_row][vc_column offset=&#8221;vc_hidden-xs&#8221;][vc_empty_space][\/vc_column][\/vc_row]<\/p>\n","protected":false},"featured_media":35018,"template":"","meta":[],"product_brand":[],"product_cat":[407],"product_tag":[],"class_list":{"0":"post-11111","1":"product","2":"type-product","3":"status-publish","4":"has-post-thumbnail","6":"product_cat-descatalogados-pt-pt","8":"first","9":"instock","10":"shipping-taxable","11":"product-type-external"},"yoast_head":"<!-- This site is optimized with the Yoast SEO plugin v26.5 - https:\/\/yoast.com\/wordpress\/plugins\/seo\/ -->\n<title>CORVUS RGB - Descatalogados - Arteconfort<\/title>\n<meta name=\"description\" content=\"Acrescente cor ao exterior da sua casa com o farol solar CORVUS RGB com um design discreto que oferece uma ilumina\u00e7\u00e3o de acentua\u00e7\u00e3o colorida e divertida gra\u00e7as \u00e0s suas luzes LED que pode colocar em diferentes cores. Este projector solar pode ser montado de duas maneiras: como uma luz de parede ou como um farol. Ref. ECORVUS-002RGBA3220LINGRDCriar ambiente com luz coloridaInstalar o painel solar suspenso ou como um farol\" \/>\n<meta name=\"robots\" content=\"index, follow, max-snippet:-1, max-image-preview:large, max-video-preview:-1\" \/>\n<link rel=\"canonical\" href=\"https:\/\/arteconfort.com\/pt-pt\/producto\/corvus-rgb\/\" \/>\n<meta property=\"og:locale\" content=\"pt_PT\" \/>\n<meta property=\"og:type\" content=\"article\" \/>\n<meta property=\"og:title\" content=\"CORVUS RGB - Descatalogados - Arteconfort\" \/>\n<meta property=\"og:description\" content=\"Acrescente cor ao exterior da sua casa com o farol solar CORVUS RGB com um design discreto que oferece uma ilumina\u00e7\u00e3o de acentua\u00e7\u00e3o colorida e divertida gra\u00e7as \u00e0s suas luzes LED que pode colocar em diferentes cores. Este projector solar pode ser montado de duas maneiras: como uma luz de parede ou como um farol. Ref. ECORVUS-002RGBA3220LINGRDCriar ambiente com luz coloridaInstalar o painel solar suspenso ou como um farol\" \/>\n<meta property=\"og:url\" content=\"https:\/\/arteconfort.com\/pt-pt\/producto\/corvus-rgb\/\" \/>\n<meta property=\"og:site_name\" content=\"Arteconfort\" \/>\n<meta property=\"article:modified_time\" content=\"2023-04-24T07:54:26+00:00\" \/>\n<meta property=\"og:image\" content=\"https:\/\/arteconfort.com\/wp-content\/uploads\/2023\/10\/CORVUS.webp\" \/>\n\t<meta property=\"og:image:width\" content=\"1024\" \/>\n\t<meta property=\"og:image:height\" content=\"1024\" \/>\n\t<meta property=\"og:image:type\" content=\"image\/webp\" \/>\n<meta name=\"twitter:card\" content=\"summary_large_image\" \/>\n<meta name=\"twitter:label1\" content=\"Tempo estimado de leitura\" \/>\n\t<meta name=\"twitter:data1\" content=\"1 minuto\" \/>\n<!-- \/ Yoast SEO plugin. -->","yoast_head_json":{"title":"CORVUS RGB - Descatalogados - Arteconfort","description":"Acrescente cor ao exterior da sua casa com o farol solar CORVUS RGB com um design discreto que oferece uma ilumina\u00e7\u00e3o de acentua\u00e7\u00e3o colorida e divertida gra\u00e7as \u00e0s suas luzes LED que pode colocar em diferentes cores. Este projector solar pode ser montado de duas maneiras: como uma luz de parede ou como um farol. Ref. ECORVUS-002RGBA3220LINGRDCriar ambiente com luz coloridaInstalar o painel solar suspenso ou como um farol","robots":{"index":"index","follow":"follow","max-snippet":"max-snippet:-1","max-image-preview":"max-image-preview:large","max-video-preview":"max-video-preview:-1"},"canonical":"https:\/\/arteconfort.com\/pt-pt\/producto\/corvus-rgb\/","og_locale":"pt_PT","og_type":"article","og_title":"CORVUS RGB - Descatalogados - Arteconfort","og_description":"Acrescente cor ao exterior da sua casa com o farol solar CORVUS RGB com um design discreto que oferece uma ilumina\u00e7\u00e3o de acentua\u00e7\u00e3o colorida e divertida gra\u00e7as \u00e0s suas luzes LED que pode colocar em diferentes cores. Este projector solar pode ser montado de duas maneiras: como uma luz de parede ou como um farol. Ref. ECORVUS-002RGBA3220LINGRDCriar ambiente com luz coloridaInstalar o painel solar suspenso ou como um farol","og_url":"https:\/\/arteconfort.com\/pt-pt\/producto\/corvus-rgb\/","og_site_name":"Arteconfort","article_modified_time":"2023-04-24T07:54:26+00:00","og_image":[{"width":1024,"height":1024,"url":"https:\/\/arteconfort.com\/wp-content\/uploads\/2023\/10\/CORVUS.webp","type":"image\/webp"}],"twitter_card":"summary_large_image","twitter_misc":{"Tempo estimado de leitura":"1 minuto"},"schema":{"@context":"https:\/\/schema.org","@graph":[{"@type":"WebPage","@id":"https:\/\/arteconfort.com\/pt-pt\/producto\/corvus-rgb\/","url":"https:\/\/arteconfort.com\/pt-pt\/producto\/corvus-rgb\/","name":"CORVUS RGB - Descatalogados - Arteconfort","isPartOf":{"@id":"https:\/\/arteconfort.com\/pt-pt\/#website"},"primaryImageOfPage":{"@id":"https:\/\/arteconfort.com\/pt-pt\/producto\/corvus-rgb\/#primaryimage"},"image":{"@id":"https:\/\/arteconfort.com\/pt-pt\/producto\/corvus-rgb\/#primaryimage"},"thumbnailUrl":"https:\/\/arteconfort.com\/wp-content\/uploads\/2023\/10\/CORVUS.webp","datePublished":"2019-08-12T06:30:21+00:00","dateModified":"2023-04-24T07:54:26+00:00","description":"Acrescente cor ao exterior da sua casa com o farol solar CORVUS RGB com um design discreto que oferece uma ilumina\u00e7\u00e3o de acentua\u00e7\u00e3o colorida e divertida gra\u00e7as \u00e0s suas luzes LED que pode colocar em diferentes cores. Este projector solar pode ser montado de duas maneiras: como uma luz de parede ou como um farol. Ref. ECORVUS-002RGBA3220LINGRDCriar ambiente com luz coloridaInstalar o painel solar suspenso ou como um farol","breadcrumb":{"@id":"https:\/\/arteconfort.com\/pt-pt\/producto\/corvus-rgb\/#breadcrumb"},"inLanguage":"pt-PT","potentialAction":[{"@type":"ReadAction","target":["https:\/\/arteconfort.com\/pt-pt\/producto\/corvus-rgb\/"]}]},{"@type":"ImageObject","inLanguage":"pt-PT","@id":"https:\/\/arteconfort.com\/pt-pt\/producto\/corvus-rgb\/#primaryimage","url":"https:\/\/arteconfort.com\/wp-content\/uploads\/2023\/10\/CORVUS.webp","contentUrl":"https:\/\/arteconfort.com\/wp-content\/uploads\/2023\/10\/CORVUS.webp","width":1024,"height":1024,"caption":"Baliza solar CORVUS"},{"@type":"BreadcrumbList","@id":"https:\/\/arteconfort.com\/pt-pt\/producto\/corvus-rgb\/#breadcrumb","itemListElement":[{"@type":"ListItem","position":1,"name":"Inicio","item":"https:\/\/arteconfort.com\/pt-pt\/"},{"@type":"ListItem","position":2,"name":"Tienda","item":"https:\/\/arteconfort.com\/pt-pt\/tienda-2\/"},{"@type":"ListItem","position":3,"name":"CORVUS RGB"}]},{"@type":"WebSite","@id":"https:\/\/arteconfort.com\/pt-pt\/#website","url":"https:\/\/arteconfort.com\/pt-pt\/","name":"Arteconfort","description":"Especialistas en productos del hogar","publisher":{"@id":"https:\/\/arteconfort.com\/pt-pt\/#organization"},"potentialAction":[{"@type":"SearchAction","target":{"@type":"EntryPoint","urlTemplate":"https:\/\/arteconfort.com\/pt-pt\/?s={search_term_string}"},"query-input":{"@type":"PropertyValueSpecification","valueRequired":true,"valueName":"search_term_string"}}],"inLanguage":"pt-PT"},{"@type":"Organization","@id":"https:\/\/arteconfort.com\/pt-pt\/#organization","name":"Arteconfort","url":"https:\/\/arteconfort.com\/pt-pt\/","logo":{"@type":"ImageObject","inLanguage":"pt-PT","@id":"https:\/\/arteconfort.com\/pt-pt\/#\/schema\/logo\/image\/","url":"https:\/\/arteconfort.com\/wp-content\/uploads\/2019\/07\/logo-arteconfort.png","contentUrl":"https:\/\/arteconfort.com\/wp-content\/uploads\/2019\/07\/logo-arteconfort.png","width":230,"height":88,"caption":"Arteconfort"},"image":{"@id":"https:\/\/arteconfort.com\/pt-pt\/#\/schema\/logo\/image\/"}}]}},"_links":{"self":[{"href":"https:\/\/arteconfort.com\/pt-pt\/wp-json\/wp\/v2\/product\/11111","targetHints":{"allow":["GET"]}}],"collection":[{"href":"https:\/\/arteconfort.com\/pt-pt\/wp-json\/wp\/v2\/product"}],"about":[{"href":"https:\/\/arteconfort.com\/pt-pt\/wp-json\/wp\/v2\/types\/product"}],"wp:featuredmedia":[{"embeddable":true,"href":"https:\/\/arteconfort.com\/pt-pt\/wp-json\/wp\/v2\/media\/35018"}],"wp:attachment":[{"href":"https:\/\/arteconfort.com\/pt-pt\/wp-json\/wp\/v2\/media?parent=11111"}],"wp:term":[{"taxonomy":"product_brand","embeddable":true,"href":"https:\/\/arteconfort.com\/pt-pt\/wp-json\/wp\/v2\/product_brand?post=11111"},{"taxonomy":"product_cat","embeddable":true,"href":"https:\/\/arteconfort.com\/pt-pt\/wp-json\/wp\/v2\/product_cat?post=11111"},{"taxonomy":"product_tag","embeddable":true,"href":"https:\/\/arteconfort.com\/pt-pt\/wp-json\/wp\/v2\/product_tag?post=11111"}],"curies":[{"name":"wp","href":"https:\/\/api.w.org\/{rel}","templated":true}]}}