{"id":11114,"date":"2019-08-09T07:51:20","date_gmt":"2019-08-09T05:51:20","guid":{"rendered":"https:\/\/arteconfort.com\/producto\/sem%20categoria\/draco\/"},"modified":"2022-04-21T10:26:34","modified_gmt":"2022-04-21T08:26:34","slug":"draco","status":"publish","type":"product","link":"https:\/\/arteconfort.com\/pt-pt\/producto\/draco\/","title":{"rendered":"DRACO"},"content":{"rendered":"<div class=\"wpb-content-wrapper\"><p>[vc_row][vc_column][vc_row_inner][vc_column_inner width=&#8221;1\/4&#8243; offset=&#8221;vc_col-xs-6&#8243;][wyde_info_box icon_set=&#8221;bigmug_line&#8221; icon_bigmug_line=&#8221;bigmug-line-foggy-sun&#8221; title=&#8221;PAINEL SOLAR COM MAIOR \u00c1REA DE SUPERF\u00cdCIE&#8221;]Melhor carregamento devido a uma maior recolha solar e qualidade do painel para uma maior convers\u00e3o energ\u00e9tica[\/wyde_info_box][\/vc_column_inner][vc_column_inner width=&#8221;1\/4&#8243; offset=&#8221;vc_col-xs-6&#8243;][wyde_info_box icon_set=&#8221;simple_line&#8221; icon_simple_line=&#8221;sl-rocket&#8221; title=&#8221;MAIOR EFICI\u00caNCIA E CAPACIDADE DA BATERIA&#8221;]Para uma autonomia mais duradoura[\/wyde_info_box][\/vc_column_inner][vc_column_inner width=&#8221;1\/4&#8243; offset=&#8221;vc_col-xs-6&#8243;][wyde_info_box icon_set=&#8221;simple_line&#8221; icon_simple_line=&#8221;sl-fire&#8221; title=&#8221;EFEITO DE LUGAR&#8221;]3 tipos de ilumina\u00e7\u00e3o (chama, luz fixa e gradiente)[\/wyde_info_box][\/vc_column_inner][vc_column_inner width=&#8221;1\/4&#8243; offset=&#8221;vc_col-xs-6&#8243;][wyde_info_box icon_set=&#8221;simple_line&#8221; icon_simple_line=&#8221;sl-power&#8221; title=&#8221;F\u00c1CIL IGNI\u00c7\u00c3O&#8221;]Comutado por dupla prensa[\/wyde_info_box][\/vc_column_inner][\/vc_row_inner][vc_row_inner][vc_column_inner offset=&#8221;vc_hidden-xs&#8221;][vc_empty_space height=&#8221;60px&#8221;][\/vc_column_inner][\/vc_row_inner][\/vc_column][\/vc_row][vc_row][vc_column width=&#8221;1\/2&#8243;][vc_accordion collapsible=&#8221;true&#8221; active_tab=&#8221;false&#8221;][vc_accordion_tab title=&#8221;Caracter\u00edsticas gerais&#8221;][vc_column_text]<strong>Dimensiones<\/strong> 725\/320\/330x121x121mm<br \/>\n<strong>Material<\/strong> ABS resistente a choques<br \/>\n<strong>Acabamento<\/strong> preto<br \/>\n<strong>IP<\/strong> 65<br \/>\n<strong>Garantia<\/strong>\u00a03 anos[\/vc_column_text][\/vc_accordion_tab][vc_accordion_tab title=&#8221;Painel solar&#8221;][vc_column_text]<strong>Material<\/strong> Sil\u00edcio policristalino<br \/>\n<strong>Tipo de encapsulamento<\/strong> PET<br \/>\n<strong>Pot\u00eancia<\/strong> 0,88W (17% de efici\u00eancia)[\/vc_column_text][\/vc_accordion_tab][vc_accordion_tab title=&#8221;Bateria&#8221;][vc_column_text]<strong>Bateria tipo<\/strong> Li-ion<br \/>\n<strong>Tens\u00e3o de carregamento<\/strong> 3.7V<br \/>\n<strong>Capacidade<\/strong> 2.200mAh<br \/>\n<strong>Tempo de carregamento<\/strong> 6h<br \/>\n<strong>Autonomia<\/strong> 36h[\/vc_column_text][\/vc_accordion_tab][vc_accordion_tab title=&#8221;LED&#8221;][vc_column_text]<strong>N\u00famero de LEDs<\/strong> 96<br \/>\n<strong>Tipo de LED<\/strong> SMD 2835<br \/>\n<strong>\u00c2ngulo de abertura<\/strong> 360<br \/>\n<strong>CCT<\/strong> 1700-1800K<br \/>\n<strong>Fluxo luminoso<\/strong> 30-40lm[\/vc_column_text][\/vc_accordion_tab][vc_accordion_tab title=&#8221;Modos de funcionamento&#8221;][vc_column_text]<strong>Modo 1<\/strong> Efeito de chama<br \/>\n<strong>Modo 2<\/strong> Luz fixa<br \/>\n<strong>Modo 3<\/strong> Gradiente[\/vc_column_text][\/vc_accordion_tab][vc_accordion_tab title=&#8221;Sensor&#8221;][vc_column_text]<strong>Sensor<\/strong> N\u00e3o[\/vc_column_text][\/vc_accordion_tab][\/vc_accordion][\/vc_column][vc_column width=&#8221;1\/2&#8243;][vc_single_image image=&#8221;9839&#8243;][\/vc_column][\/vc_row]<\/p>\n<\/div>","protected":false},"excerpt":{"rendered":"<p>O farol solar DRACO tem um design original e inovador que far\u00e1 sobressair o seu jardim ou terra\u00e7o em qualquer altura do ano. Tem 3 tipos de ilumina\u00e7\u00e3o: modo chama, luz fixa ou gradiente com o qual se pode dar um toque original aos seus exteriores. Tamb\u00e9m pode ser montado de 3 maneiras: como uma luz de parede, numa parede e como um farol para conseguir um efeito de tocha.<\/p>\n<p><strong>Ref. EDRACO-001T17SR220LINGR65D<\/strong>[vc_row][vc_column offset=&#8221;vc_hidden-xs&#8221;][vc_empty_space height=&#8221;30px&#8221;][\/vc_column][\/vc_row][vc_row][vc_column][vc_row_inner][vc_column_inner][wyde_info_box icon_set=&#8221;simple_line&#8221; icon_simple_line=&#8221;sl-shield&#8221; icon_position=&#8221;left&#8221; title=&#8221;RESISTENTE AO CHOQUE&#8221;]Material altamente resistente[\/wyde_info_box][vc_empty_space height=&#8221;15px&#8221;][\/vc_column_inner][\/vc_row_inner][vc_row_inner][vc_column_inner][wyde_info_box icon_set=&#8221;stroke_gap&#8221; icon_stroke_gap=&#8221;sg-BatteryFull&#8221; icon_position=&#8221;left&#8221; title=&#8221;CARREGAR VIA USB&#8221;]Para o ter sempre pronto a usar[\/wyde_info_box][vc_empty_space height=&#8221;15px&#8221;][\/vc_column_inner][\/vc_row_inner][vc_row_inner][vc_column_inner][wyde_info_box icon_set=&#8221;simple_line&#8221; icon_simple_line=&#8221;sl-wrench&#8221; icon_position=&#8221;left&#8221; title=&#8221;MONTAGEM 3 EM 1&#8243;]Inclui acess\u00f3rios para instalar de 3 formas diferentes[\/wyde_info_box][vc_empty_space height=&#8221;15px&#8221;][\/vc_column_inner][\/vc_row_inner][\/vc_column][\/vc_row][vc_row][vc_column offset=&#8221;vc_hidden-xs&#8221;][vc_empty_space height=&#8221;60px&#8221;][\/vc_column][\/vc_row][vc_row][vc_column width=&#8221;1\/3&#8243;][wyde_link_button icon_set=&#8221;simple_line&#8221; icon_simple_line=&#8221;sl-settings&#8221; style=&#8221;round&#8221; title=&#8221;Instru\u00e7\u00f5es&#8221; link=&#8221;url:http%3A%2F%2Farteconfort.com%2Fwp-content%2Fuploads%2F2020%2F01%2Fim-DRACO.pdf||target:%20_blank|rel:nofollow&#8221; color=&#8221;#ffffff&#8221; bg_color=&#8221;#222222&#8243;][\/vc_column][vc_column width=&#8221;1\/3&#8243;][wyde_link_button icon_set=&#8221;simple_line&#8221; icon_simple_line=&#8221;sl-social-youtube&#8221; style=&#8221;outline round&#8221; title=&#8221;V\u00eddeo de uso&#8221; link=&#8221;url:https%3A%2F%2Fwww.youtube.com%2Fwatch%3Fv%3Dbcf7JFKLnFE||target:%20_blank|rel:nofollow&#8221; color=&#8221;#222222&#8243; hover_color=&#8221;#ffffff&#8221;][\/vc_column][\/vc_row][vc_row][vc_column offset=&#8221;vc_hidden-xs&#8221;][vc_empty_space][\/vc_column][\/vc_row][vc_row][vc_column][vc_empty_space height=&#8221;20px&#8221;][\/vc_column][\/vc_row][vc_row background_mode=&#8221;color&#8221; background_color=&#8221;#f5f5f5&#8243;][vc_column text_align=&#8221;center&#8221;][vc_row_inner padding_size=&#8221;m-padding&#8221;][vc_column_inner text_align=&#8221;center&#8221;][vc_single_image alignment=&#8221;center&#8221; image=&#8221;1046&#8243;][vc_column_text]Encontre este farol solar para venda exclusivamente em LEROY MERLIN[\/vc_column_text][vc_empty_space height=&#8221;15px&#8221;][wyde_link_button icon_set=&#8221;simple_line&#8221; icon_simple_line=&#8221;sl-login&#8221; style=&#8221;outline round&#8221; title=&#8221;Ir para Leroy Merlin&#8221;link=&#8221;url:http%3A%2F%2Fwww.leroymerlin.es%2Ffp%2F82041519%2Fbaliza-solar-arte-antorch-sol-fire||target:%20_blank|rel:nofollow&#8221; color=&#8221;#61b4e4&#8243; hover_color=&#8221;#ffffff&#8221;][\/vc_column_inner][\/vc_row_inner][\/vc_column][\/vc_row]<\/p>\n","protected":false},"featured_media":35218,"template":"","meta":[],"product_brand":[],"product_cat":[338,339],"product_tag":[],"class_list":{"0":"post-11114","1":"product","2":"type-product","3":"status-publish","4":"has-post-thumbnail","6":"product_cat-solar-pt-pt","7":"product_cat-iluminacion-solar-de-suelo-pt-pt","9":"first","10":"instock","11":"shipping-taxable","12":"product-type-external"},"yoast_head":"<!-- This site is optimized with the Yoast SEO plugin v26.5 - https:\/\/yoast.com\/wordpress\/plugins\/seo\/ -->\n<title>DRACO - Solar, Suelo - Arteconfort<\/title>\n<meta name=\"description\" content=\"O farol solar DRACO tem um design original e inovador que far\u00e1 sobressair o seu jardim ou terra\u00e7o em qualquer altura do ano. Tem 3 tipos de ilumina\u00e7\u00e3o: modo chama, luz fixa ou gradiente com o qual se pode dar um toque original aos seus exteriores. Tamb\u00e9m pode ser montado de 3 maneiras: como uma luz de parede, numa parede e como um farol para conseguir um efeito de tocha.  Ref. EDRACO-001T17SR220LINGR65DMaterial altamente resistentePara o ter sempre pronto a usarInclui acess\u00f3rios para instalar de 3 formas diferentesEncontre este farol solar para venda exclusivamente em LEROY MERLIN\" \/>\n<meta name=\"robots\" content=\"index, follow, max-snippet:-1, max-image-preview:large, max-video-preview:-1\" \/>\n<link rel=\"canonical\" href=\"https:\/\/arteconfort.com\/pt-pt\/producto\/draco\/\" \/>\n<meta property=\"og:locale\" content=\"pt_PT\" \/>\n<meta property=\"og:type\" content=\"article\" \/>\n<meta property=\"og:title\" content=\"DRACO - Solar, Suelo - Arteconfort\" \/>\n<meta property=\"og:description\" content=\"O farol solar DRACO tem um design original e inovador que far\u00e1 sobressair o seu jardim ou terra\u00e7o em qualquer altura do ano. Tem 3 tipos de ilumina\u00e7\u00e3o: modo chama, luz fixa ou gradiente com o qual se pode dar um toque original aos seus exteriores. Tamb\u00e9m pode ser montado de 3 maneiras: como uma luz de parede, numa parede e como um farol para conseguir um efeito de tocha.  Ref. EDRACO-001T17SR220LINGR65DMaterial altamente resistentePara o ter sempre pronto a usarInclui acess\u00f3rios para instalar de 3 formas diferentesEncontre este farol solar para venda exclusivamente em LEROY MERLIN\" \/>\n<meta property=\"og:url\" content=\"https:\/\/arteconfort.com\/pt-pt\/producto\/draco\/\" \/>\n<meta property=\"og:site_name\" content=\"Arteconfort\" \/>\n<meta property=\"article:modified_time\" content=\"2022-04-21T08:26:34+00:00\" \/>\n<meta property=\"og:image\" content=\"https:\/\/arteconfort.com\/wp-content\/uploads\/2023\/10\/DRACO.webp\" \/>\n\t<meta property=\"og:image:width\" content=\"1024\" \/>\n\t<meta property=\"og:image:height\" content=\"1024\" \/>\n\t<meta property=\"og:image:type\" content=\"image\/webp\" \/>\n<meta name=\"twitter:card\" content=\"summary_large_image\" \/>\n<meta name=\"twitter:label1\" content=\"Tempo estimado de leitura\" \/>\n\t<meta name=\"twitter:data1\" content=\"2 minutos\" \/>\n<!-- \/ Yoast SEO plugin. -->","yoast_head_json":{"title":"DRACO - Solar, Suelo - Arteconfort","description":"O farol solar DRACO tem um design original e inovador que far\u00e1 sobressair o seu jardim ou terra\u00e7o em qualquer altura do ano. Tem 3 tipos de ilumina\u00e7\u00e3o: modo chama, luz fixa ou gradiente com o qual se pode dar um toque original aos seus exteriores. Tamb\u00e9m pode ser montado de 3 maneiras: como uma luz de parede, numa parede e como um farol para conseguir um efeito de tocha.  Ref. EDRACO-001T17SR220LINGR65DMaterial altamente resistentePara o ter sempre pronto a usarInclui acess\u00f3rios para instalar de 3 formas diferentesEncontre este farol solar para venda exclusivamente em LEROY MERLIN","robots":{"index":"index","follow":"follow","max-snippet":"max-snippet:-1","max-image-preview":"max-image-preview:large","max-video-preview":"max-video-preview:-1"},"canonical":"https:\/\/arteconfort.com\/pt-pt\/producto\/draco\/","og_locale":"pt_PT","og_type":"article","og_title":"DRACO - Solar, Suelo - Arteconfort","og_description":"O farol solar DRACO tem um design original e inovador que far\u00e1 sobressair o seu jardim ou terra\u00e7o em qualquer altura do ano. Tem 3 tipos de ilumina\u00e7\u00e3o: modo chama, luz fixa ou gradiente com o qual se pode dar um toque original aos seus exteriores. Tamb\u00e9m pode ser montado de 3 maneiras: como uma luz de parede, numa parede e como um farol para conseguir um efeito de tocha.  Ref. EDRACO-001T17SR220LINGR65DMaterial altamente resistentePara o ter sempre pronto a usarInclui acess\u00f3rios para instalar de 3 formas diferentesEncontre este farol solar para venda exclusivamente em LEROY MERLIN","og_url":"https:\/\/arteconfort.com\/pt-pt\/producto\/draco\/","og_site_name":"Arteconfort","article_modified_time":"2022-04-21T08:26:34+00:00","og_image":[{"width":1024,"height":1024,"url":"https:\/\/arteconfort.com\/wp-content\/uploads\/2023\/10\/DRACO.webp","type":"image\/webp"}],"twitter_card":"summary_large_image","twitter_misc":{"Tempo estimado de leitura":"2 minutos"},"schema":{"@context":"https:\/\/schema.org","@graph":[{"@type":"WebPage","@id":"https:\/\/arteconfort.com\/pt-pt\/producto\/draco\/","url":"https:\/\/arteconfort.com\/pt-pt\/producto\/draco\/","name":"DRACO - Solar, Suelo - Arteconfort","isPartOf":{"@id":"https:\/\/arteconfort.com\/pt-pt\/#website"},"primaryImageOfPage":{"@id":"https:\/\/arteconfort.com\/pt-pt\/producto\/draco\/#primaryimage"},"image":{"@id":"https:\/\/arteconfort.com\/pt-pt\/producto\/draco\/#primaryimage"},"thumbnailUrl":"https:\/\/arteconfort.com\/wp-content\/uploads\/2023\/10\/DRACO.webp","datePublished":"2019-08-09T05:51:20+00:00","dateModified":"2022-04-21T08:26:34+00:00","description":"O farol solar DRACO tem um design original e inovador que far\u00e1 sobressair o seu jardim ou terra\u00e7o em qualquer altura do ano. Tem 3 tipos de ilumina\u00e7\u00e3o: modo chama, luz fixa ou gradiente com o qual se pode dar um toque original aos seus exteriores. Tamb\u00e9m pode ser montado de 3 maneiras: como uma luz de parede, numa parede e como um farol para conseguir um efeito de tocha. Ref. EDRACO-001T17SR220LINGR65DMaterial altamente resistentePara o ter sempre pronto a usarInclui acess\u00f3rios para instalar de 3 formas diferentesEncontre este farol solar para venda exclusivamente em LEROY MERLIN","breadcrumb":{"@id":"https:\/\/arteconfort.com\/pt-pt\/producto\/draco\/#breadcrumb"},"inLanguage":"pt-PT","potentialAction":[{"@type":"ReadAction","target":["https:\/\/arteconfort.com\/pt-pt\/producto\/draco\/"]}]},{"@type":"ImageObject","inLanguage":"pt-PT","@id":"https:\/\/arteconfort.com\/pt-pt\/producto\/draco\/#primaryimage","url":"https:\/\/arteconfort.com\/wp-content\/uploads\/2023\/10\/DRACO.webp","contentUrl":"https:\/\/arteconfort.com\/wp-content\/uploads\/2023\/10\/DRACO.webp","width":1024,"height":1024,"caption":"Baliza solar DRACO"},{"@type":"BreadcrumbList","@id":"https:\/\/arteconfort.com\/pt-pt\/producto\/draco\/#breadcrumb","itemListElement":[{"@type":"ListItem","position":1,"name":"Inicio","item":"https:\/\/arteconfort.com\/pt-pt\/"},{"@type":"ListItem","position":2,"name":"Tienda","item":"https:\/\/arteconfort.com\/pt-pt\/tienda-2\/"},{"@type":"ListItem","position":3,"name":"DRACO"}]},{"@type":"WebSite","@id":"https:\/\/arteconfort.com\/pt-pt\/#website","url":"https:\/\/arteconfort.com\/pt-pt\/","name":"Arteconfort","description":"Especialistas en productos del hogar","publisher":{"@id":"https:\/\/arteconfort.com\/pt-pt\/#organization"},"potentialAction":[{"@type":"SearchAction","target":{"@type":"EntryPoint","urlTemplate":"https:\/\/arteconfort.com\/pt-pt\/?s={search_term_string}"},"query-input":{"@type":"PropertyValueSpecification","valueRequired":true,"valueName":"search_term_string"}}],"inLanguage":"pt-PT"},{"@type":"Organization","@id":"https:\/\/arteconfort.com\/pt-pt\/#organization","name":"Arteconfort","url":"https:\/\/arteconfort.com\/pt-pt\/","logo":{"@type":"ImageObject","inLanguage":"pt-PT","@id":"https:\/\/arteconfort.com\/pt-pt\/#\/schema\/logo\/image\/","url":"https:\/\/arteconfort.com\/wp-content\/uploads\/2019\/07\/logo-arteconfort.png","contentUrl":"https:\/\/arteconfort.com\/wp-content\/uploads\/2019\/07\/logo-arteconfort.png","width":230,"height":88,"caption":"Arteconfort"},"image":{"@id":"https:\/\/arteconfort.com\/pt-pt\/#\/schema\/logo\/image\/"}}]}},"_links":{"self":[{"href":"https:\/\/arteconfort.com\/pt-pt\/wp-json\/wp\/v2\/product\/11114","targetHints":{"allow":["GET"]}}],"collection":[{"href":"https:\/\/arteconfort.com\/pt-pt\/wp-json\/wp\/v2\/product"}],"about":[{"href":"https:\/\/arteconfort.com\/pt-pt\/wp-json\/wp\/v2\/types\/product"}],"wp:featuredmedia":[{"embeddable":true,"href":"https:\/\/arteconfort.com\/pt-pt\/wp-json\/wp\/v2\/media\/35218"}],"wp:attachment":[{"href":"https:\/\/arteconfort.com\/pt-pt\/wp-json\/wp\/v2\/media?parent=11114"}],"wp:term":[{"taxonomy":"product_brand","embeddable":true,"href":"https:\/\/arteconfort.com\/pt-pt\/wp-json\/wp\/v2\/product_brand?post=11114"},{"taxonomy":"product_cat","embeddable":true,"href":"https:\/\/arteconfort.com\/pt-pt\/wp-json\/wp\/v2\/product_cat?post=11114"},{"taxonomy":"product_tag","embeddable":true,"href":"https:\/\/arteconfort.com\/pt-pt\/wp-json\/wp\/v2\/product_tag?post=11114"}],"curies":[{"name":"wp","href":"https:\/\/api.w.org\/{rel}","templated":true}]}}