{"id":11117,"date":"2019-08-12T09:30:23","date_gmt":"2019-08-12T07:30:23","guid":{"rendered":"https:\/\/arteconfort.com\/producto\/sem%20categoria\/blop\/"},"modified":"2022-03-10T10:45:14","modified_gmt":"2022-03-10T09:45:14","slug":"blop","status":"publish","type":"product","link":"https:\/\/arteconfort.com\/pt-pt\/producto\/blop\/","title":{"rendered":"BLOP"},"content":{"rendered":"<div class=\"wpb-content-wrapper\"><p>[vc_row][vc_column][vc_row_inner][vc_column_inner width=&#8221;1\/4&#8243; offset=&#8221;vc_col-xs-6&#8243;][wyde_info_box icon_set=&#8221;simple_line&#8221; icon_simple_line=&#8221;sl-drop&#8221; title=&#8221; RESISTENTE \u00c0 \u00c1GUA&#8221;]Para uso interior e exterior[\/wyde_info_box][\/vc_column_inner][vc_column_inner width=&#8221;1\/4&#8243; offset=&#8221;vc_col-xs-6&#8243;][wyde_info_box icon_set=&#8221;simple_line&#8221; icon_simple_line=&#8221;sl-shield&#8221; title=&#8221;RESISTENTE AO CHOQUE&#8221;]Material altamente resistente[\/wyde_info_box][\/vc_column_inner][vc_column_inner width=&#8221;1\/4&#8243; offset=&#8221;vc_col-xs-6&#8243;][wyde_info_box icon_set=&#8221;simple_line&#8221; icon_simple_line=&#8221;sl-rocket&#8221; title=&#8221;BATERIA DE MAIOR EFICI\u00caNCIA&#8221;]Para maior dura\u00e7\u00e3o da bateria[\/wyde_info_box][\/vc_column_inner][\/vc_row_inner][vc_row_inner][vc_column_inner offset=&#8221;vc_hidden-xs&#8221;][vc_empty_space height=&#8221;60px&#8221;][\/vc_column_inner][\/vc_row_inner][\/vc_column][\/vc_row][vc_row][vc_column width=&#8221;1\/2&#8243;][vc_accordion collapsible=&#8221;true&#8221; active_tab=&#8221;false&#8221;][vc_accordion_tab title=&#8221;Caracter\u00edsticas gerais&#8221;][vc_column_text]<strong>Dimens\u00f5es<\/strong> 98x165mm<br \/>\n<strong>Material<\/strong> ABS resistente ao choque<br \/>\n<b>Terminar <\/b>Preto<br \/>\n<strong>IP<\/strong> 65<br \/>\n<strong>Garantia<\/strong> 2 anos[\/vc_column_text][\/vc_accordion_tab][vc_accordion_tab title=&#8221;Bateria&#8221;][vc_column_text]<strong>Tipo de bateria<\/strong> Li-ion<br \/>\n<strong>Tens\u00e3o de carregamento<\/strong> 3,7V<br \/>\n<strong>Capacidade<\/strong> 2.200mAh<br \/>\n<strong>Tempo de carregamento<\/strong> 5h<br \/>\n<strong>Autonomia<\/strong> M\u00e1x. 22h[\/vc_column_text][\/vc_accordion_tab][vc_accordion_tab title=&#8221;LED&#8221;][vc_column_text]<strong>Tipo de LED<\/strong> SMD<br \/>\n<strong>CCT<\/strong> 1700K<br \/>\n<strong>Fluco luminoso<\/strong> 60lm[\/vc_column_text][\/vc_accordion_tab][vc_accordion_tab title=&#8221;Modes de funcionamento&#8221;][vc_column_text]<strong>Modo 1<\/strong> Efeito de chama[\/vc_column_text][\/vc_accordion_tab][vc_accordion_tab title=&#8221;Altifalante &#8220;][vc_column_text]<strong>Bluetooth<\/strong> Sim (5.0)<br \/>\n<strong>Pot\u00eancia sonora<\/strong> M\u00e1x. 85dB<br \/>\n<strong>Nome do dispositivo<\/strong> Blop Arteconfort[\/vc_column_text][\/vc_accordion_tab][vc_accordion_tab title=&#8221;Portos de carregamento&#8221;][vc_column_text]<strong>USB<\/strong> Sim (5V DC)[\/vc_column_text][\/vc_accordion_tab][vc_accordion_tab title=&#8221;Acess\u00f3rios&#8221;][vc_column_text]<strong>Trip\u00e9<\/strong> M6 standard 1\/4 (n\u00e3o inclu\u00eddo)<br \/>\n<strong>Cabo USB<\/strong> Inclu\u00eddo[\/vc_column_text][\/vc_accordion_tab][\/vc_accordion][\/vc_column][vc_column width=&#8221;1\/2&#8243;][vc_single_image image=&#8221;8280&#8243;][\/vc_column][\/vc_row]<\/p>\n<\/div>","protected":false},"excerpt":{"rendered":"<p>Candeeiro de mesa port\u00e1til com luz LED de efeito de chama e altifalante bluetooth. Com grande autonomia, dependendo do modo de funcionamento, pode durar at\u00e9 22 horas. Pode lev\u00e1-lo para onde quiser, pois \u00e9 resistente \u00e0 \u00e1gua. Inclui cabo USB e pode ser complementado com um trip\u00e9 M6 (n\u00e3o inclu\u00eddo).<br \/>\n<strong>Ref. BLOPNG113<\/strong>[vc_row][vc_column offset=&#8221;vc_hidden-xs&#8221;][vc_empty_space height=&#8221;30px&#8221;][\/vc_column][\/vc_row][vc_row][vc_column][vc_row_inner][vc_column_inner][wyde_info_box icon_set=&#8221;simple_line&#8221; icon_simple_line=&#8221;sl-music-tone-alt&#8221; icon_position=&#8221;left&#8221; title=&#8221;SINCRONIZA 2 ALTIFALANTES AO MESMO TEMPO&#8221;]Melhora a experi\u00eancia sonora[\/wyde_info_box][vc_empty_space height=&#8221;15px&#8221;][\/vc_column_inner][\/vc_row_inner][vc_row_inner][vc_column_inner][wyde_info_box icon_set=&#8221;simple_line&#8221; icon_simple_line=&#8221;sl-volume-2&#8243; icon_position=&#8221;left&#8221; title=&#8221;ALTIFALANTES 85dBs&#8221;]Liga\u00e7\u00e3o Bluetooth 5.0 com alcance at\u00e9 10m[\/wyde_info_box][vc_empty_space height=&#8221;15px&#8221;][\/vc_column_inner][\/vc_row_inner][vc_row_inner][vc_column_inner][wyde_info_box icon_set=&#8221;simple_line&#8221; icon_simple_line=&#8221;sl-fire&#8221; icon_position=&#8221;left&#8221; title=&#8221;EFEITO DE LUGAR&#8221;]Cria uma atmosfera quente e acolhedora[\/wyde_info_box][vc_empty_space height=&#8221;15px&#8221;][\/vc_column_inner][\/vc_row_inner][vc_row_inner][vc_column_inner][wyde_info_box icon_set=&#8221;stroke_gap&#8221; icon_stroke_gap=&#8221;sg-BatteryFull&#8221; icon_position=&#8221;left&#8221; title=&#8221;CARREGAMENTO VIA USB 5V DC&#8221;]Cabo inclu\u00eddo para que o tenha sempre pronto a partir[\/wyde_info_box][vc_empty_space height=&#8221;15px&#8221;][\/vc_column_inner][\/vc_row_inner][\/vc_column][\/vc_row][vc_row][vc_column offset=&#8221;vc_hidden-xs&#8221;][vc_empty_space height=&#8221;60px&#8221;][\/vc_column][\/vc_row][vc_row][vc_column width=&#8221;1\/3&#8243;][wyde_link_button icon_set=&#8221;simple_line&#8221; icon_simple_line=&#8221;sl-settings&#8221; style=&#8221;round&#8221; title=&#8221;Instru\u00e7\u00f5es&#8221; link=&#8221;url:http%3A%2F%2Farteconfort.com%2Fwp-content%2Fuploads%2F2019%2F10%2Fim-BLOP.pdf||target:%20_blank|rel:nofollow&#8221; color=&#8221;#ffffff&#8221; bg_color=&#8221;#222222&#8243;][\/vc_column][\/vc_row][vc_row][vc_column offset=&#8221;vc_hidden-xs&#8221;][vc_empty_space][\/vc_column][\/vc_row][vc_row][vc_column][vc_empty_space height=&#8221;20px&#8221;][\/vc_column][\/vc_row][vc_row background_mode=&#8221;color&#8221; background_color=&#8221;#f5f5f5&#8243;][vc_column text_align=&#8221;center&#8221;][vc_row_inner padding_size=&#8221;m-padding&#8221;][vc_column_inner text_align=&#8221;center&#8221;][vc_single_image alignment=&#8221;center&#8221; image=&#8221;1046&#8243;][vc_column_text]Encontre este orador para venda exclusivamente em LEROY MERLIN[\/vc_column_text][vc_empty_space height=&#8221;15px&#8221;][wyde_link_button icon_set=&#8221;simple_line&#8221; icon_simple_line=&#8221;sl-login&#8221; style=&#8221;outline round&#8221; title=&#8221;Ir para Leroy Merlin&#8221; link=&#8221;url:https%3A%2F%2Fwww.leroymerlin.es%2Ffp%2F82077174%2Fsobremesa-exterior-blop-altavoz-bluetooth-inalambrico||target:%20_blank|rel:nofollow&#8221; color=&#8221;#61b4e4&#8243; hover_color=&#8221;#ffffff&#8221;][\/vc_column_inner][\/vc_row_inner][\/vc_column][\/vc_row]<\/p>\n","protected":false},"featured_media":36503,"template":"","meta":[],"product_brand":[],"product_cat":[348,349],"product_tag":[],"class_list":{"0":"post-11117","1":"product","2":"type-product","3":"status-publish","4":"has-post-thumbnail","6":"product_cat-flexos-pt-pt","7":"product_cat-iluminacion-pt-pt","9":"first","10":"instock","11":"shipping-taxable","12":"product-type-external"},"yoast_head":"<!-- This site is optimized with the Yoast SEO plugin v26.5 - https:\/\/yoast.com\/wordpress\/plugins\/seo\/ -->\n<title>BLOP - Flexos, Iluminaci\u00f3n - Arteconfort<\/title>\n<meta name=\"description\" content=\"Candeeiro de mesa port\u00e1til com luz LED de efeito de chama e altifalante bluetooth. Com grande autonomia, dependendo do modo de funcionamento, pode durar at\u00e9 22 horas. Pode lev\u00e1-lo para onde quiser, pois \u00e9 resistente \u00e0 \u00e1gua. Inclui cabo USB e pode ser complementado com um trip\u00e9 M6 (n\u00e3o inclu\u00eddo). Ref. BLOPNG113Melhora a experi\u00eancia sonoraLiga\u00e7\u00e3o Bluetooth 5.0 com alcance at\u00e9 10mCria uma atmosfera quente e acolhedoraCabo inclu\u00eddo para que o tenha sempre pronto a partirEncontre este orador para venda exclusivamente em LEROY MERLIN\" \/>\n<meta name=\"robots\" content=\"index, follow, max-snippet:-1, max-image-preview:large, max-video-preview:-1\" \/>\n<link rel=\"canonical\" href=\"https:\/\/arteconfort.com\/pt-pt\/producto\/blop\/\" \/>\n<meta property=\"og:locale\" content=\"pt_PT\" \/>\n<meta property=\"og:type\" content=\"article\" \/>\n<meta property=\"og:title\" content=\"BLOP - Flexos, Iluminaci\u00f3n - Arteconfort\" \/>\n<meta property=\"og:description\" content=\"Candeeiro de mesa port\u00e1til com luz LED de efeito de chama e altifalante bluetooth. Com grande autonomia, dependendo do modo de funcionamento, pode durar at\u00e9 22 horas. Pode lev\u00e1-lo para onde quiser, pois \u00e9 resistente \u00e0 \u00e1gua. Inclui cabo USB e pode ser complementado com um trip\u00e9 M6 (n\u00e3o inclu\u00eddo). Ref. BLOPNG113Melhora a experi\u00eancia sonoraLiga\u00e7\u00e3o Bluetooth 5.0 com alcance at\u00e9 10mCria uma atmosfera quente e acolhedoraCabo inclu\u00eddo para que o tenha sempre pronto a partirEncontre este orador para venda exclusivamente em LEROY MERLIN\" \/>\n<meta property=\"og:url\" content=\"https:\/\/arteconfort.com\/pt-pt\/producto\/blop\/\" \/>\n<meta property=\"og:site_name\" content=\"Arteconfort\" \/>\n<meta property=\"article:modified_time\" content=\"2022-03-10T09:45:14+00:00\" \/>\n<meta property=\"og:image\" content=\"https:\/\/arteconfort.com\/wp-content\/uploads\/2023\/10\/BLOP-general-1.webp\" \/>\n\t<meta property=\"og:image:width\" content=\"1024\" \/>\n\t<meta property=\"og:image:height\" content=\"1024\" \/>\n\t<meta property=\"og:image:type\" content=\"image\/webp\" \/>\n<meta name=\"twitter:card\" content=\"summary_large_image\" \/>\n<meta name=\"twitter:label1\" content=\"Tempo estimado de leitura\" \/>\n\t<meta name=\"twitter:data1\" content=\"2 minutos\" \/>\n<!-- \/ Yoast SEO plugin. -->","yoast_head_json":{"title":"BLOP - Flexos, Iluminaci\u00f3n - Arteconfort","description":"Candeeiro de mesa port\u00e1til com luz LED de efeito de chama e altifalante bluetooth. Com grande autonomia, dependendo do modo de funcionamento, pode durar at\u00e9 22 horas. Pode lev\u00e1-lo para onde quiser, pois \u00e9 resistente \u00e0 \u00e1gua. Inclui cabo USB e pode ser complementado com um trip\u00e9 M6 (n\u00e3o inclu\u00eddo). Ref. BLOPNG113Melhora a experi\u00eancia sonoraLiga\u00e7\u00e3o Bluetooth 5.0 com alcance at\u00e9 10mCria uma atmosfera quente e acolhedoraCabo inclu\u00eddo para que o tenha sempre pronto a partirEncontre este orador para venda exclusivamente em LEROY MERLIN","robots":{"index":"index","follow":"follow","max-snippet":"max-snippet:-1","max-image-preview":"max-image-preview:large","max-video-preview":"max-video-preview:-1"},"canonical":"https:\/\/arteconfort.com\/pt-pt\/producto\/blop\/","og_locale":"pt_PT","og_type":"article","og_title":"BLOP - Flexos, Iluminaci\u00f3n - Arteconfort","og_description":"Candeeiro de mesa port\u00e1til com luz LED de efeito de chama e altifalante bluetooth. Com grande autonomia, dependendo do modo de funcionamento, pode durar at\u00e9 22 horas. Pode lev\u00e1-lo para onde quiser, pois \u00e9 resistente \u00e0 \u00e1gua. Inclui cabo USB e pode ser complementado com um trip\u00e9 M6 (n\u00e3o inclu\u00eddo). Ref. BLOPNG113Melhora a experi\u00eancia sonoraLiga\u00e7\u00e3o Bluetooth 5.0 com alcance at\u00e9 10mCria uma atmosfera quente e acolhedoraCabo inclu\u00eddo para que o tenha sempre pronto a partirEncontre este orador para venda exclusivamente em LEROY MERLIN","og_url":"https:\/\/arteconfort.com\/pt-pt\/producto\/blop\/","og_site_name":"Arteconfort","article_modified_time":"2022-03-10T09:45:14+00:00","og_image":[{"width":1024,"height":1024,"url":"https:\/\/arteconfort.com\/wp-content\/uploads\/2023\/10\/BLOP-general-1.webp","type":"image\/webp"}],"twitter_card":"summary_large_image","twitter_misc":{"Tempo estimado de leitura":"2 minutos"},"schema":{"@context":"https:\/\/schema.org","@graph":[{"@type":"WebPage","@id":"https:\/\/arteconfort.com\/pt-pt\/producto\/blop\/","url":"https:\/\/arteconfort.com\/pt-pt\/producto\/blop\/","name":"BLOP - Flexos, Iluminaci\u00f3n - Arteconfort","isPartOf":{"@id":"https:\/\/arteconfort.com\/pt-pt\/#website"},"primaryImageOfPage":{"@id":"https:\/\/arteconfort.com\/pt-pt\/producto\/blop\/#primaryimage"},"image":{"@id":"https:\/\/arteconfort.com\/pt-pt\/producto\/blop\/#primaryimage"},"thumbnailUrl":"https:\/\/arteconfort.com\/wp-content\/uploads\/2023\/10\/BLOP-general-1.webp","datePublished":"2019-08-12T07:30:23+00:00","dateModified":"2022-03-10T09:45:14+00:00","description":"Candeeiro de mesa port\u00e1til com luz LED de efeito de chama e altifalante bluetooth. Com grande autonomia, dependendo do modo de funcionamento, pode durar at\u00e9 22 horas. Pode lev\u00e1-lo para onde quiser, pois \u00e9 resistente \u00e0 \u00e1gua. Inclui cabo USB e pode ser complementado com um trip\u00e9 M6 (n\u00e3o inclu\u00eddo). Ref. BLOPNG113Melhora a experi\u00eancia sonoraLiga\u00e7\u00e3o Bluetooth 5.0 com alcance at\u00e9 10mCria uma atmosfera quente e acolhedoraCabo inclu\u00eddo para que o tenha sempre pronto a partirEncontre este orador para venda exclusivamente em LEROY MERLIN","breadcrumb":{"@id":"https:\/\/arteconfort.com\/pt-pt\/producto\/blop\/#breadcrumb"},"inLanguage":"pt-PT","potentialAction":[{"@type":"ReadAction","target":["https:\/\/arteconfort.com\/pt-pt\/producto\/blop\/"]}]},{"@type":"ImageObject","inLanguage":"pt-PT","@id":"https:\/\/arteconfort.com\/pt-pt\/producto\/blop\/#primaryimage","url":"https:\/\/arteconfort.com\/wp-content\/uploads\/2023\/10\/BLOP-general-1.webp","contentUrl":"https:\/\/arteconfort.com\/wp-content\/uploads\/2023\/10\/BLOP-general-1.webp","width":1024,"height":1024},{"@type":"BreadcrumbList","@id":"https:\/\/arteconfort.com\/pt-pt\/producto\/blop\/#breadcrumb","itemListElement":[{"@type":"ListItem","position":1,"name":"Inicio","item":"https:\/\/arteconfort.com\/pt-pt\/"},{"@type":"ListItem","position":2,"name":"Tienda","item":"https:\/\/arteconfort.com\/pt-pt\/tienda-2\/"},{"@type":"ListItem","position":3,"name":"BLOP"}]},{"@type":"WebSite","@id":"https:\/\/arteconfort.com\/pt-pt\/#website","url":"https:\/\/arteconfort.com\/pt-pt\/","name":"Arteconfort","description":"Especialistas en productos del hogar","publisher":{"@id":"https:\/\/arteconfort.com\/pt-pt\/#organization"},"potentialAction":[{"@type":"SearchAction","target":{"@type":"EntryPoint","urlTemplate":"https:\/\/arteconfort.com\/pt-pt\/?s={search_term_string}"},"query-input":{"@type":"PropertyValueSpecification","valueRequired":true,"valueName":"search_term_string"}}],"inLanguage":"pt-PT"},{"@type":"Organization","@id":"https:\/\/arteconfort.com\/pt-pt\/#organization","name":"Arteconfort","url":"https:\/\/arteconfort.com\/pt-pt\/","logo":{"@type":"ImageObject","inLanguage":"pt-PT","@id":"https:\/\/arteconfort.com\/pt-pt\/#\/schema\/logo\/image\/","url":"https:\/\/arteconfort.com\/wp-content\/uploads\/2019\/07\/logo-arteconfort.png","contentUrl":"https:\/\/arteconfort.com\/wp-content\/uploads\/2019\/07\/logo-arteconfort.png","width":230,"height":88,"caption":"Arteconfort"},"image":{"@id":"https:\/\/arteconfort.com\/pt-pt\/#\/schema\/logo\/image\/"}}]}},"_links":{"self":[{"href":"https:\/\/arteconfort.com\/pt-pt\/wp-json\/wp\/v2\/product\/11117","targetHints":{"allow":["GET"]}}],"collection":[{"href":"https:\/\/arteconfort.com\/pt-pt\/wp-json\/wp\/v2\/product"}],"about":[{"href":"https:\/\/arteconfort.com\/pt-pt\/wp-json\/wp\/v2\/types\/product"}],"wp:featuredmedia":[{"embeddable":true,"href":"https:\/\/arteconfort.com\/pt-pt\/wp-json\/wp\/v2\/media\/36503"}],"wp:attachment":[{"href":"https:\/\/arteconfort.com\/pt-pt\/wp-json\/wp\/v2\/media?parent=11117"}],"wp:term":[{"taxonomy":"product_brand","embeddable":true,"href":"https:\/\/arteconfort.com\/pt-pt\/wp-json\/wp\/v2\/product_brand?post=11117"},{"taxonomy":"product_cat","embeddable":true,"href":"https:\/\/arteconfort.com\/pt-pt\/wp-json\/wp\/v2\/product_cat?post=11117"},{"taxonomy":"product_tag","embeddable":true,"href":"https:\/\/arteconfort.com\/pt-pt\/wp-json\/wp\/v2\/product_tag?post=11117"}],"curies":[{"name":"wp","href":"https:\/\/api.w.org\/{rel}","templated":true}]}}