{"id":11127,"date":"2019-08-08T14:33:35","date_gmt":"2019-08-08T12:33:35","guid":{"rendered":"https:\/\/arteconfort.com\/producto\/sem%20categoria\/era\/"},"modified":"2023-04-24T11:15:15","modified_gmt":"2023-04-24T09:15:15","slug":"era","status":"publish","type":"product","link":"https:\/\/arteconfort.com\/pt-pt\/producto\/era\/","title":{"rendered":"ERA"},"content":{"rendered":"<div class=\"wpb-content-wrapper\"><p>[vc_row][vc_column][vc_row_inner][vc_column_inner width=&#8221;1\/4&#8243; offset=&#8221;vc_col-xs-6&#8243;][wyde_info_box icon_set=&#8221;bigmug_line&#8221; icon_bigmug_line=&#8221;bigmug-line-foggy-sun&#8221; title=&#8221;PAINEL SOLAR COM MAIOR \u00c1REA DE SUPERF\u00cdCIE&#8221;]Melhor carregamento devido ao aumento da recolha solar e maior qualidade do painel com maior convers\u00e3o energ\u00e9tica[\/wyde_info_box][\/vc_column_inner][vc_column_inner width=&#8221;1\/4&#8243; offset=&#8221;vc_col-xs-6&#8243;][wyde_info_box icon_set=&#8221;simple_line&#8221; icon_simple_line=&#8221;sl-rocket&#8221; title=&#8221;MAIOR EFICI\u00caNCIA E CAPACIDADE DA BATERIA&#8221;]Para uma autonomia mais longa[\/wyde_info_box][\/vc_column_inner][\/vc_row_inner][vc_row_inner][vc_column_inner offset=&#8221;vc_hidden-xs&#8221;][vc_empty_space height=&#8221;60px&#8221;][\/vc_column_inner][\/vc_row_inner][\/vc_column][\/vc_row][vc_row][vc_column width=&#8221;1\/2&#8243;][vc_accordion collapsible=&#8221;true&#8221; active_tab=&#8221;false&#8221;][vc_accordion_tab title=&#8221;Caracter\u00edsticas gerais&#8221;][vc_column_text]<strong>Dimens\u00f5es\u00a0<\/strong>100x28x83mm<br \/>\n<strong>Material<\/strong> PC, a\u00e7o inoxid\u00e1vel e ABS<br \/>\n<b>Terminar <\/b>A\u00e7o<br \/>\n<strong>IP<\/strong> 44<br \/>\n<strong>Garantia<\/strong> 2 anos[\/vc_column_text][\/vc_accordion_tab][vc_accordion_tab title=&#8221;Painel solar&#8221;][vc_column_text]<strong>Material<\/strong> Monocristalino<br \/>\n<strong>Tipo de encapsulamento <\/strong>PET<br \/>\n<strong>Voltagem<\/strong> 2V\/120mA[\/vc_column_text][\/vc_accordion_tab][vc_accordion_tab title=&#8221;Bateria&#8221;][vc_column_text]<strong>Tipo de bateria<\/strong> AAA Ni-MH<br \/>\n<strong>Tens\u00e3o de carregamento <\/strong>1,2V<br \/>\n<strong>Capacidade<\/strong> 700mAh<br \/>\n<strong>Tempo de carregamento <\/strong>4,5h<br \/>\n<strong>Autonomia<\/strong> 8h[\/vc_column_text][\/vc_accordion_tab][vc_accordion_tab title=&#8221;LED&#8221;][vc_column_text]<strong>Tipo de LED<\/strong> SMD<br \/>\n<strong>CCT<\/strong> 6000K<br \/>\n<strong>Fluxo luminoso<\/strong> 25lm[\/vc_column_text][\/vc_accordion_tab][vc_accordion_tab title=&#8221;Modos de funcionamento&#8221;][vc_column_text]<strong>Modo 1<\/strong> Fixado a 100%[\/vc_column_text][\/vc_accordion_tab][vc_accordion_tab title=&#8221;Sensor&#8221;][vc_column_text]<strong>Sensor<\/strong> N\u00e3o[\/vc_column_text][\/vc_accordion_tab][\/vc_accordion][\/vc_column][vc_column width=&#8221;1\/2&#8243;][vc_single_image image=&#8221;6348&#8243;][\/vc_column][\/vc_row]<\/p>\n<\/div>","protected":false},"excerpt":{"rendered":"<p>Lumin\u00e1ria solar perfeita para a sinaliza\u00e7\u00e3o de escadas, gra\u00e7as ao seu painel de alta qualidade e maior superf\u00edcie, bem como uma maior inclina\u00e7\u00e3o da mesma executa uma melhor carga de luz solar proporcionando mais horas de ilumina\u00e7\u00e3o. Fabricado em a\u00e7o inoxid\u00e1vel para evitar a corros\u00e3o.<br \/>\n<strong>Ref. EERA64-1P2T60SR070NIALU64D<\/strong>[vc_row][vc_column offset=&#8221;vc_hidden-xs&#8221;][vc_empty_space height=&#8221;30px&#8221;][\/vc_column][\/vc_row][vc_row][vc_column][vc_row_inner][vc_column_inner][wyde_info_box icon_set=&#8221;simple_line&#8221; icon_simple_line=&#8221;sl-home&#8221; icon_position=&#8221;left&#8221; title=&#8221;UTILIZA\u00c7\u00c3O EM ESCADARIAS&#8221;]Perfeito para marca\u00e7\u00e3o de passos[\/wyde_info_box][vc_empty_space height=&#8221;15px&#8221;][\/vc_column_inner][\/vc_row_inner][vc_row_inner][vc_column_inner][wyde_info_box icon_set=&#8221;simple_line&#8221; icon_simple_line=&#8221;sl-graph&#8221; icon_position=&#8221;left&#8221; title=&#8221;MAIOR INCLINA\u00c7\u00c3O DO PAINEL&#8221;]Optimiza a carga devido ao \u00e2ngulo de inclina\u00e7\u00e3o[\/wyde_info_box][vc_empty_space height=&#8221;15px&#8221;][\/vc_column_inner][\/vc_row_inner][vc_row_inner][vc_column_inner][wyde_info_box icon_set=&#8221;simple_line&#8221; icon_simple_line=&#8221;sl-chemistry&#8221; icon_position=&#8221;left&#8221; title=&#8221;ANTI CORROSIVO&#8221;]Corpo em a\u00e7o inoxid\u00e1vel[\/wyde_info_box][vc_empty_space height=&#8221;15px&#8221;][\/vc_column_inner][\/vc_row_inner][\/vc_column][\/vc_row][vc_row][vc_column offset=&#8221;vc_hidden-xs&#8221;][vc_empty_space height=&#8221;60px&#8221;][\/vc_column][\/vc_row][vc_row][vc_column width=&#8221;1\/3&#8243;][wyde_link_button icon_set=&#8221;simple_line&#8221; icon_simple_line=&#8221;sl-settings&#8221; style=&#8221;round&#8221; title=&#8221;Instru\u00e7\u00f5es&#8221; link=&#8221;url:http%3A%2F%2Farteconfort.com%2Fwp-content%2Fuploads%2F2020%2F01%2Fim-ERA.pdf||target:%20_blank|rel:nofollow&#8221; color=&#8221;#ffffff&#8221; bg_color=&#8221;#222222&#8243;][\/vc_column][vc_column width=&#8221;1\/3&#8243;][wyde_link_button icon_set=&#8221;simple_line&#8221; icon_simple_line=&#8221;sl-social-youtube&#8221; style=&#8221;outline round&#8221; title=&#8221;V\u00eddeo&#8221; link=&#8221;url:https%3A%2F%2Fwww.youtube.com%2Fwatch%3Fv%3DD4L1BfRbyks||target:%20_blank|rel:nofollow&#8221; color=&#8221;#222222&#8243; hover_color=&#8221;#ffffff&#8221;][\/vc_column][\/vc_row][vc_row][vc_column offset=&#8221;vc_hidden-xs&#8221;][vc_empty_space][\/vc_column][\/vc_row][vc_row][vc_column][vc_empty_space height=&#8221;20px&#8221;][\/vc_column][\/vc_row]<\/p>\n","protected":false},"featured_media":31788,"template":"","meta":[],"product_brand":[],"product_cat":[407],"product_tag":[],"class_list":{"0":"post-11127","1":"product","2":"type-product","3":"status-publish","4":"has-post-thumbnail","6":"product_cat-descatalogados-pt-pt","8":"first","9":"instock","10":"shipping-taxable","11":"product-type-external"},"yoast_head":"<!-- This site is optimized with the Yoast SEO plugin v26.5 - https:\/\/yoast.com\/wordpress\/plugins\/seo\/ -->\n<title>ERA - Descatalogados - Arteconfort<\/title>\n<meta name=\"description\" content=\"Lumin\u00e1ria solar perfeita para a sinaliza\u00e7\u00e3o de escadas, gra\u00e7as ao seu painel de alta qualidade e maior superf\u00edcie, bem como uma maior inclina\u00e7\u00e3o da mesma executa uma melhor carga de luz solar proporcionando mais horas de ilumina\u00e7\u00e3o. Fabricado em a\u00e7o inoxid\u00e1vel para evitar a corros\u00e3o. Ref. EERA64-1P2T60SR070NIALU64DPerfeito para marca\u00e7\u00e3o de passosOptimiza a carga devido ao \u00e2ngulo de inclina\u00e7\u00e3oCorpo em a\u00e7o inoxid\u00e1vel\" \/>\n<meta name=\"robots\" content=\"index, follow, max-snippet:-1, max-image-preview:large, max-video-preview:-1\" \/>\n<link rel=\"canonical\" href=\"https:\/\/arteconfort.com\/pt-pt\/producto\/era\/\" \/>\n<meta property=\"og:locale\" content=\"pt_PT\" \/>\n<meta property=\"og:type\" content=\"article\" \/>\n<meta property=\"og:title\" content=\"ERA - Descatalogados - Arteconfort\" \/>\n<meta property=\"og:description\" content=\"Lumin\u00e1ria solar perfeita para a sinaliza\u00e7\u00e3o de escadas, gra\u00e7as ao seu painel de alta qualidade e maior superf\u00edcie, bem como uma maior inclina\u00e7\u00e3o da mesma executa uma melhor carga de luz solar proporcionando mais horas de ilumina\u00e7\u00e3o. Fabricado em a\u00e7o inoxid\u00e1vel para evitar a corros\u00e3o. Ref. EERA64-1P2T60SR070NIALU64DPerfeito para marca\u00e7\u00e3o de passosOptimiza a carga devido ao \u00e2ngulo de inclina\u00e7\u00e3oCorpo em a\u00e7o inoxid\u00e1vel\" \/>\n<meta property=\"og:url\" content=\"https:\/\/arteconfort.com\/pt-pt\/producto\/era\/\" \/>\n<meta property=\"og:site_name\" content=\"Arteconfort\" \/>\n<meta property=\"article:modified_time\" content=\"2023-04-24T09:15:15+00:00\" \/>\n<meta property=\"og:image\" content=\"https:\/\/arteconfort.com\/wp-content\/uploads\/2023\/10\/ERA.webp\" \/>\n\t<meta property=\"og:image:width\" content=\"1024\" \/>\n\t<meta property=\"og:image:height\" content=\"1024\" \/>\n\t<meta property=\"og:image:type\" content=\"image\/webp\" \/>\n<meta name=\"twitter:card\" content=\"summary_large_image\" \/>\n<meta name=\"twitter:label1\" content=\"Tempo estimado de leitura\" \/>\n\t<meta name=\"twitter:data1\" content=\"2 minutos\" \/>\n<!-- \/ Yoast SEO plugin. -->","yoast_head_json":{"title":"ERA - Descatalogados - Arteconfort","description":"Lumin\u00e1ria solar perfeita para a sinaliza\u00e7\u00e3o de escadas, gra\u00e7as ao seu painel de alta qualidade e maior superf\u00edcie, bem como uma maior inclina\u00e7\u00e3o da mesma executa uma melhor carga de luz solar proporcionando mais horas de ilumina\u00e7\u00e3o. Fabricado em a\u00e7o inoxid\u00e1vel para evitar a corros\u00e3o. Ref. EERA64-1P2T60SR070NIALU64DPerfeito para marca\u00e7\u00e3o de passosOptimiza a carga devido ao \u00e2ngulo de inclina\u00e7\u00e3oCorpo em a\u00e7o inoxid\u00e1vel","robots":{"index":"index","follow":"follow","max-snippet":"max-snippet:-1","max-image-preview":"max-image-preview:large","max-video-preview":"max-video-preview:-1"},"canonical":"https:\/\/arteconfort.com\/pt-pt\/producto\/era\/","og_locale":"pt_PT","og_type":"article","og_title":"ERA - Descatalogados - Arteconfort","og_description":"Lumin\u00e1ria solar perfeita para a sinaliza\u00e7\u00e3o de escadas, gra\u00e7as ao seu painel de alta qualidade e maior superf\u00edcie, bem como uma maior inclina\u00e7\u00e3o da mesma executa uma melhor carga de luz solar proporcionando mais horas de ilumina\u00e7\u00e3o. Fabricado em a\u00e7o inoxid\u00e1vel para evitar a corros\u00e3o. Ref. EERA64-1P2T60SR070NIALU64DPerfeito para marca\u00e7\u00e3o de passosOptimiza a carga devido ao \u00e2ngulo de inclina\u00e7\u00e3oCorpo em a\u00e7o inoxid\u00e1vel","og_url":"https:\/\/arteconfort.com\/pt-pt\/producto\/era\/","og_site_name":"Arteconfort","article_modified_time":"2023-04-24T09:15:15+00:00","og_image":[{"width":1024,"height":1024,"url":"https:\/\/arteconfort.com\/wp-content\/uploads\/2023\/10\/ERA.webp","type":"image\/webp"}],"twitter_card":"summary_large_image","twitter_misc":{"Tempo estimado de leitura":"2 minutos"},"schema":{"@context":"https:\/\/schema.org","@graph":[{"@type":"WebPage","@id":"https:\/\/arteconfort.com\/pt-pt\/producto\/era\/","url":"https:\/\/arteconfort.com\/pt-pt\/producto\/era\/","name":"ERA - Descatalogados - Arteconfort","isPartOf":{"@id":"https:\/\/arteconfort.com\/pt-pt\/#website"},"primaryImageOfPage":{"@id":"https:\/\/arteconfort.com\/pt-pt\/producto\/era\/#primaryimage"},"image":{"@id":"https:\/\/arteconfort.com\/pt-pt\/producto\/era\/#primaryimage"},"thumbnailUrl":"https:\/\/arteconfort.com\/wp-content\/uploads\/2023\/10\/ERA.webp","datePublished":"2019-08-08T12:33:35+00:00","dateModified":"2023-04-24T09:15:15+00:00","description":"Lumin\u00e1ria solar perfeita para a sinaliza\u00e7\u00e3o de escadas, gra\u00e7as ao seu painel de alta qualidade e maior superf\u00edcie, bem como uma maior inclina\u00e7\u00e3o da mesma executa uma melhor carga de luz solar proporcionando mais horas de ilumina\u00e7\u00e3o. Fabricado em a\u00e7o inoxid\u00e1vel para evitar a corros\u00e3o. Ref. EERA64-1P2T60SR070NIALU64DPerfeito para marca\u00e7\u00e3o de passosOptimiza a carga devido ao \u00e2ngulo de inclina\u00e7\u00e3oCorpo em a\u00e7o inoxid\u00e1vel","breadcrumb":{"@id":"https:\/\/arteconfort.com\/pt-pt\/producto\/era\/#breadcrumb"},"inLanguage":"pt-PT","potentialAction":[{"@type":"ReadAction","target":["https:\/\/arteconfort.com\/pt-pt\/producto\/era\/"]}]},{"@type":"ImageObject","inLanguage":"pt-PT","@id":"https:\/\/arteconfort.com\/pt-pt\/producto\/era\/#primaryimage","url":"https:\/\/arteconfort.com\/wp-content\/uploads\/2023\/10\/ERA.webp","contentUrl":"https:\/\/arteconfort.com\/wp-content\/uploads\/2023\/10\/ERA.webp","width":1024,"height":1024,"caption":"Empotrable solar ERA"},{"@type":"BreadcrumbList","@id":"https:\/\/arteconfort.com\/pt-pt\/producto\/era\/#breadcrumb","itemListElement":[{"@type":"ListItem","position":1,"name":"Inicio","item":"https:\/\/arteconfort.com\/pt-pt\/"},{"@type":"ListItem","position":2,"name":"Tienda","item":"https:\/\/arteconfort.com\/pt-pt\/tienda-2\/"},{"@type":"ListItem","position":3,"name":"ERA"}]},{"@type":"WebSite","@id":"https:\/\/arteconfort.com\/pt-pt\/#website","url":"https:\/\/arteconfort.com\/pt-pt\/","name":"Arteconfort","description":"Especialistas en productos del hogar","publisher":{"@id":"https:\/\/arteconfort.com\/pt-pt\/#organization"},"potentialAction":[{"@type":"SearchAction","target":{"@type":"EntryPoint","urlTemplate":"https:\/\/arteconfort.com\/pt-pt\/?s={search_term_string}"},"query-input":{"@type":"PropertyValueSpecification","valueRequired":true,"valueName":"search_term_string"}}],"inLanguage":"pt-PT"},{"@type":"Organization","@id":"https:\/\/arteconfort.com\/pt-pt\/#organization","name":"Arteconfort","url":"https:\/\/arteconfort.com\/pt-pt\/","logo":{"@type":"ImageObject","inLanguage":"pt-PT","@id":"https:\/\/arteconfort.com\/pt-pt\/#\/schema\/logo\/image\/","url":"https:\/\/arteconfort.com\/wp-content\/uploads\/2019\/07\/logo-arteconfort.png","contentUrl":"https:\/\/arteconfort.com\/wp-content\/uploads\/2019\/07\/logo-arteconfort.png","width":230,"height":88,"caption":"Arteconfort"},"image":{"@id":"https:\/\/arteconfort.com\/pt-pt\/#\/schema\/logo\/image\/"}}]}},"_links":{"self":[{"href":"https:\/\/arteconfort.com\/pt-pt\/wp-json\/wp\/v2\/product\/11127","targetHints":{"allow":["GET"]}}],"collection":[{"href":"https:\/\/arteconfort.com\/pt-pt\/wp-json\/wp\/v2\/product"}],"about":[{"href":"https:\/\/arteconfort.com\/pt-pt\/wp-json\/wp\/v2\/types\/product"}],"wp:featuredmedia":[{"embeddable":true,"href":"https:\/\/arteconfort.com\/pt-pt\/wp-json\/wp\/v2\/media\/31788"}],"wp:attachment":[{"href":"https:\/\/arteconfort.com\/pt-pt\/wp-json\/wp\/v2\/media?parent=11127"}],"wp:term":[{"taxonomy":"product_brand","embeddable":true,"href":"https:\/\/arteconfort.com\/pt-pt\/wp-json\/wp\/v2\/product_brand?post=11127"},{"taxonomy":"product_cat","embeddable":true,"href":"https:\/\/arteconfort.com\/pt-pt\/wp-json\/wp\/v2\/product_cat?post=11127"},{"taxonomy":"product_tag","embeddable":true,"href":"https:\/\/arteconfort.com\/pt-pt\/wp-json\/wp\/v2\/product_tag?post=11127"}],"curies":[{"name":"wp","href":"https:\/\/api.w.org\/{rel}","templated":true}]}}