{"id":11145,"date":"2020-12-18T10:39:05","date_gmt":"2020-12-18T09:39:05","guid":{"rendered":"https:\/\/arteconfort.com\/producto\/sem%20categoria\/lira\/"},"modified":"2022-04-21T11:49:04","modified_gmt":"2022-04-21T09:49:04","slug":"lira","status":"publish","type":"product","link":"https:\/\/arteconfort.com\/pt-pt\/producto\/lira\/","title":{"rendered":"LIRA"},"content":{"rendered":"<div class=\"wpb-content-wrapper\"><p>[vc_row][vc_column width=&#8221;1\/2&#8243;][vc_accordion collapsible=&#8221;true&#8221; active_tab=&#8221;false&#8221;][vc_accordion_tab title=&#8221;Caracter\u00edsticas gerais&#8221;][vc_column_text]<strong>Dimens\u00f5es<\/strong> 16m<br \/>\n<strong>Material<\/strong> ABS<br \/>\n<b>Terminar <\/b>Transparente<br \/>\n<strong>IP<\/strong> 65<br \/>\n<strong>Garantia<\/strong> 3 anos[\/vc_column_text][\/vc_accordion_tab][vc_accordion_tab title=&#8221;Painel solar&#8221;][vc_column_text]<strong>Material<\/strong> Policristalino<br \/>\n<strong>Tipo de encapsulamento <\/strong>Sil\u00edcona<br \/>\n<strong>Voltagem<\/strong> 2V [\/vc_column_text][\/vc_accordion_tab][vc_accordion_tab title=&#8221;Bateria&#8221;][vc_column_text]<strong>Tipo de bateria<\/strong> AA Ni-MH<br \/>\n<strong>Tens\u00e3o de carregamento <\/strong>1,2V<br \/>\n<strong>Capacidade<\/strong> 1.800mAh<br \/>\n<strong>Tempo de carregamento <\/strong>8-12h<br \/>\n<strong>Autonomia<\/strong> M\u00e1x. 8h[\/vc_column_text][\/vc_accordion_tab][vc_accordion_tab title=&#8221;LED&#8221;][vc_column_text]<strong>N\u00famero de LED<\/strong> 200<br \/>\n<strong>\u00c2ngulo de abertura <\/strong>360\u00ba<br \/>\n<strong>CCT<\/strong> 2700K[\/vc_column_text][\/vc_accordion_tab][vc_accordion_tab title=&#8221;Modos de funcionamento&#8221;][vc_column_text]<strong>Modos de ilumina\u00e7\u00e3o\u00a0 <\/strong>8 modos[\/vc_column_text][\/vc_accordion_tab][vc_accordion_tab title=&#8221;Sensor&#8221;][vc_column_text]<strong>Sensor<\/strong> N\u00e3o[\/vc_column_text][\/vc_accordion_tab][\/vc_accordion][\/vc_column][vc_column width=&#8221;1\/2&#8243;][vc_single_image image=&#8221;9833&#8243;][\/vc_column][\/vc_row]<\/p>\n<\/div>","protected":false},"excerpt":{"rendered":"<p>Decore o seu jardim, alpendre ou terra\u00e7o com esta grinalda solar com 200 luzes LED. Com 16m de comprimento permitir-lhe-\u00e1 criar ambientes quentes e agrad\u00e1veis em qualquer espa\u00e7o e para qualquer evento ou \u00e9poca do ano. Tem protec\u00e7\u00e3o IP65 contra agentes externos.<br \/>\n<strong>Ref.LIRA200TR31<\/strong>[vc_row][vc_column offset=&#8221;vc_hidden-xs&#8221;][vc_empty_space height=&#8221;30px&#8221;][\/vc_column][\/vc_row][vc_row][vc_column][vc_row_inner][vc_column_inner][wyde_info_box icon_set=&#8221;bigmug_line&#8221; icon_bigmug_line=&#8221;bigmug-line-equalizar2&#8243; icon_position=&#8221;left&#8221; title=&#8221; 8 MODOS DE ILUMINA\u00c7\u00c3O&#8221;]Escolha o modo de funcionamento da sua escolha[\/wyde_info_box][vc_empty_space height=&#8221;15px&#8221;][\/vc_column_inner][\/vc_row_inner][vc_row_inner][vc_column_inner][wyde_info_box icon_set=&#8221;simple_line&#8221; icon_simple_line=&#8221;sl-eye&#8221; icon_position=&#8221;left&#8221; title=&#8221;ILUMINA\u00c7\u00c3O DECORATIVA&#8221;]Cria uma atmosfera quente gra\u00e7as \u00e0 ilumina\u00e7\u00e3o decorativa[\/wyde_info_box][vc_empty_space height=&#8221;15px&#8221;][\/vc_column_inner][\/vc_row_inner][\/vc_column][\/vc_row][vc_row][vc_column offset=&#8221;vc_hidden-xs&#8221;][vc_empty_space height=&#8221;60px&#8221;][\/vc_column][\/vc_row][vc_row][vc_column width=&#8221;1\/3&#8243;][wyde_link_button icon_set=&#8221;simple_line&#8221; icon_simple_line=&#8221;sl-settings&#8221; style=&#8221;round&#8221; title=&#8221;Instrucciones&#8221; link=&#8221;url:https%3A%2F%2Farteconfort.com%2Fwp-content%2Fuploads%2F2020%2F12%2Fim-LIRA.pdf||target:%20_blank|rel:nofollow&#8221; color=&#8221;#ffffff&#8221; bg_color=&#8221;#222222&#8243;][\/vc_column][\/vc_row][vc_row][vc_column offset=&#8221;vc_hidden-xs&#8221;][vc_empty_space][\/vc_column][\/vc_row][vc_row][vc_column][vc_empty_space height=&#8221;20px&#8221;][\/vc_column][\/vc_row][vc_row background_mode=&#8221;color&#8221; background_color=&#8221;#f5f5f5&#8243;][vc_column text_align=&#8221;center&#8221;][vc_row_inner padding_size=&#8221;m-padding&#8221;][vc_column_inner text_align=&#8221;center&#8221;][vc_single_image alignment=&#8221;center&#8221; image=&#8221;1046&#8243;][vc_column_text]Encontre esta grinalda solar para venda exclusivamente em LEROY MERLIN[\/vc_column_text][vc_empty_space height=&#8221;15px&#8221;][wyde_link_button icon_set=&#8221;simple_line&#8221; icon_simple_line=&#8221;sl-login&#8221; style=&#8221;outline round&#8221; title=&#8221;Ir para Leroy Merlin&#8221; link=&#8221;url:https%3A%2F%2Fwww.leroymerlin.es%2Ffp%2F83211523%2Fguirnalda-solar-lira-2700k||target:%20_blank|rel:nofollow&#8221; color=&#8221;#61b4e4&#8243; hover_color=&#8221;#ffffff&#8221;][\/vc_column_inner][\/vc_row_inner][\/vc_column][\/vc_row]<\/p>\n","protected":false},"featured_media":32758,"template":"","meta":[],"product_brand":[],"product_cat":[341,338],"product_tag":[],"class_list":{"0":"post-11145","1":"product","2":"type-product","3":"status-publish","4":"has-post-thumbnail","6":"product_cat-iluminacion-solar-de-pared-pt-pt","7":"product_cat-solar-pt-pt","9":"first","10":"instock","11":"shipping-taxable","12":"product-type-external"},"yoast_head":"<!-- This site is optimized with the Yoast SEO plugin v26.5 - https:\/\/yoast.com\/wordpress\/plugins\/seo\/ -->\n<title>LIRA - Pared, Solar - Arteconfort<\/title>\n<meta name=\"description\" content=\"Decore o seu jardim, alpendre ou terra\u00e7o com esta grinalda solar com 200 luzes LED. Com 16m de comprimento permitir-lhe-\u00e1 criar ambientes quentes e agrad\u00e1veis em qualquer espa\u00e7o e para qualquer evento ou \u00e9poca do ano. Tem protec\u00e7\u00e3o IP65 contra agentes externos. Ref.LIRA200TR31Escolha o modo de funcionamento da sua escolhaCria uma atmosfera quente gra\u00e7as \u00e0 ilumina\u00e7\u00e3o decorativaEncontre esta grinalda solar para venda exclusivamente em LEROY MERLIN\" \/>\n<meta name=\"robots\" content=\"index, follow, max-snippet:-1, max-image-preview:large, max-video-preview:-1\" \/>\n<link rel=\"canonical\" href=\"https:\/\/arteconfort.com\/pt-pt\/producto\/lira\/\" \/>\n<meta property=\"og:locale\" content=\"pt_PT\" \/>\n<meta property=\"og:type\" content=\"article\" \/>\n<meta property=\"og:title\" content=\"LIRA - Pared, Solar - Arteconfort\" \/>\n<meta property=\"og:description\" content=\"Decore o seu jardim, alpendre ou terra\u00e7o com esta grinalda solar com 200 luzes LED. Com 16m de comprimento permitir-lhe-\u00e1 criar ambientes quentes e agrad\u00e1veis em qualquer espa\u00e7o e para qualquer evento ou \u00e9poca do ano. Tem protec\u00e7\u00e3o IP65 contra agentes externos. Ref.LIRA200TR31Escolha o modo de funcionamento da sua escolhaCria uma atmosfera quente gra\u00e7as \u00e0 ilumina\u00e7\u00e3o decorativaEncontre esta grinalda solar para venda exclusivamente em LEROY MERLIN\" \/>\n<meta property=\"og:url\" content=\"https:\/\/arteconfort.com\/pt-pt\/producto\/lira\/\" \/>\n<meta property=\"og:site_name\" content=\"Arteconfort\" \/>\n<meta property=\"article:modified_time\" content=\"2022-04-21T09:49:04+00:00\" \/>\n<meta property=\"og:image\" content=\"https:\/\/arteconfort.com\/wp-content\/uploads\/2023\/10\/LIRA-ambiente-principal.webp\" \/>\n\t<meta property=\"og:image:width\" content=\"1024\" \/>\n\t<meta property=\"og:image:height\" content=\"1024\" \/>\n\t<meta property=\"og:image:type\" content=\"image\/webp\" \/>\n<meta name=\"twitter:card\" content=\"summary_large_image\" \/>\n<meta name=\"twitter:label1\" content=\"Tempo estimado de leitura\" \/>\n\t<meta name=\"twitter:data1\" content=\"1 minuto\" \/>\n<!-- \/ Yoast SEO plugin. -->","yoast_head_json":{"title":"LIRA - Pared, Solar - Arteconfort","description":"Decore o seu jardim, alpendre ou terra\u00e7o com esta grinalda solar com 200 luzes LED. Com 16m de comprimento permitir-lhe-\u00e1 criar ambientes quentes e agrad\u00e1veis em qualquer espa\u00e7o e para qualquer evento ou \u00e9poca do ano. Tem protec\u00e7\u00e3o IP65 contra agentes externos. Ref.LIRA200TR31Escolha o modo de funcionamento da sua escolhaCria uma atmosfera quente gra\u00e7as \u00e0 ilumina\u00e7\u00e3o decorativaEncontre esta grinalda solar para venda exclusivamente em LEROY MERLIN","robots":{"index":"index","follow":"follow","max-snippet":"max-snippet:-1","max-image-preview":"max-image-preview:large","max-video-preview":"max-video-preview:-1"},"canonical":"https:\/\/arteconfort.com\/pt-pt\/producto\/lira\/","og_locale":"pt_PT","og_type":"article","og_title":"LIRA - Pared, Solar - Arteconfort","og_description":"Decore o seu jardim, alpendre ou terra\u00e7o com esta grinalda solar com 200 luzes LED. Com 16m de comprimento permitir-lhe-\u00e1 criar ambientes quentes e agrad\u00e1veis em qualquer espa\u00e7o e para qualquer evento ou \u00e9poca do ano. Tem protec\u00e7\u00e3o IP65 contra agentes externos. Ref.LIRA200TR31Escolha o modo de funcionamento da sua escolhaCria uma atmosfera quente gra\u00e7as \u00e0 ilumina\u00e7\u00e3o decorativaEncontre esta grinalda solar para venda exclusivamente em LEROY MERLIN","og_url":"https:\/\/arteconfort.com\/pt-pt\/producto\/lira\/","og_site_name":"Arteconfort","article_modified_time":"2022-04-21T09:49:04+00:00","og_image":[{"width":1024,"height":1024,"url":"https:\/\/arteconfort.com\/wp-content\/uploads\/2023\/10\/LIRA-ambiente-principal.webp","type":"image\/webp"}],"twitter_card":"summary_large_image","twitter_misc":{"Tempo estimado de leitura":"1 minuto"},"schema":{"@context":"https:\/\/schema.org","@graph":[{"@type":"WebPage","@id":"https:\/\/arteconfort.com\/pt-pt\/producto\/lira\/","url":"https:\/\/arteconfort.com\/pt-pt\/producto\/lira\/","name":"LIRA - Pared, Solar - Arteconfort","isPartOf":{"@id":"https:\/\/arteconfort.com\/pt-pt\/#website"},"primaryImageOfPage":{"@id":"https:\/\/arteconfort.com\/pt-pt\/producto\/lira\/#primaryimage"},"image":{"@id":"https:\/\/arteconfort.com\/pt-pt\/producto\/lira\/#primaryimage"},"thumbnailUrl":"https:\/\/arteconfort.com\/wp-content\/uploads\/2023\/10\/LIRA-ambiente-principal.webp","datePublished":"2020-12-18T09:39:05+00:00","dateModified":"2022-04-21T09:49:04+00:00","description":"Decore o seu jardim, alpendre ou terra\u00e7o com esta grinalda solar com 200 luzes LED. Com 16m de comprimento permitir-lhe-\u00e1 criar ambientes quentes e agrad\u00e1veis em qualquer espa\u00e7o e para qualquer evento ou \u00e9poca do ano. Tem protec\u00e7\u00e3o IP65 contra agentes externos. Ref.LIRA200TR31Escolha o modo de funcionamento da sua escolhaCria uma atmosfera quente gra\u00e7as \u00e0 ilumina\u00e7\u00e3o decorativaEncontre esta grinalda solar para venda exclusivamente em LEROY MERLIN","breadcrumb":{"@id":"https:\/\/arteconfort.com\/pt-pt\/producto\/lira\/#breadcrumb"},"inLanguage":"pt-PT","potentialAction":[{"@type":"ReadAction","target":["https:\/\/arteconfort.com\/pt-pt\/producto\/lira\/"]}]},{"@type":"ImageObject","inLanguage":"pt-PT","@id":"https:\/\/arteconfort.com\/pt-pt\/producto\/lira\/#primaryimage","url":"https:\/\/arteconfort.com\/wp-content\/uploads\/2023\/10\/LIRA-ambiente-principal.webp","contentUrl":"https:\/\/arteconfort.com\/wp-content\/uploads\/2023\/10\/LIRA-ambiente-principal.webp","width":1024,"height":1024,"caption":"Guirnalda LIRA en forma curva iluminada"},{"@type":"BreadcrumbList","@id":"https:\/\/arteconfort.com\/pt-pt\/producto\/lira\/#breadcrumb","itemListElement":[{"@type":"ListItem","position":1,"name":"Inicio","item":"https:\/\/arteconfort.com\/pt-pt\/"},{"@type":"ListItem","position":2,"name":"Tienda","item":"https:\/\/arteconfort.com\/pt-pt\/tienda-2\/"},{"@type":"ListItem","position":3,"name":"LIRA"}]},{"@type":"WebSite","@id":"https:\/\/arteconfort.com\/pt-pt\/#website","url":"https:\/\/arteconfort.com\/pt-pt\/","name":"Arteconfort","description":"Especialistas en productos del hogar","publisher":{"@id":"https:\/\/arteconfort.com\/pt-pt\/#organization"},"potentialAction":[{"@type":"SearchAction","target":{"@type":"EntryPoint","urlTemplate":"https:\/\/arteconfort.com\/pt-pt\/?s={search_term_string}"},"query-input":{"@type":"PropertyValueSpecification","valueRequired":true,"valueName":"search_term_string"}}],"inLanguage":"pt-PT"},{"@type":"Organization","@id":"https:\/\/arteconfort.com\/pt-pt\/#organization","name":"Arteconfort","url":"https:\/\/arteconfort.com\/pt-pt\/","logo":{"@type":"ImageObject","inLanguage":"pt-PT","@id":"https:\/\/arteconfort.com\/pt-pt\/#\/schema\/logo\/image\/","url":"https:\/\/arteconfort.com\/wp-content\/uploads\/2019\/07\/logo-arteconfort.png","contentUrl":"https:\/\/arteconfort.com\/wp-content\/uploads\/2019\/07\/logo-arteconfort.png","width":230,"height":88,"caption":"Arteconfort"},"image":{"@id":"https:\/\/arteconfort.com\/pt-pt\/#\/schema\/logo\/image\/"}}]}},"_links":{"self":[{"href":"https:\/\/arteconfort.com\/pt-pt\/wp-json\/wp\/v2\/product\/11145","targetHints":{"allow":["GET"]}}],"collection":[{"href":"https:\/\/arteconfort.com\/pt-pt\/wp-json\/wp\/v2\/product"}],"about":[{"href":"https:\/\/arteconfort.com\/pt-pt\/wp-json\/wp\/v2\/types\/product"}],"wp:featuredmedia":[{"embeddable":true,"href":"https:\/\/arteconfort.com\/pt-pt\/wp-json\/wp\/v2\/media\/32758"}],"wp:attachment":[{"href":"https:\/\/arteconfort.com\/pt-pt\/wp-json\/wp\/v2\/media?parent=11145"}],"wp:term":[{"taxonomy":"product_brand","embeddable":true,"href":"https:\/\/arteconfort.com\/pt-pt\/wp-json\/wp\/v2\/product_brand?post=11145"},{"taxonomy":"product_cat","embeddable":true,"href":"https:\/\/arteconfort.com\/pt-pt\/wp-json\/wp\/v2\/product_cat?post=11145"},{"taxonomy":"product_tag","embeddable":true,"href":"https:\/\/arteconfort.com\/pt-pt\/wp-json\/wp\/v2\/product_tag?post=11145"}],"curies":[{"name":"wp","href":"https:\/\/api.w.org\/{rel}","templated":true}]}}