{"id":11158,"date":"2019-08-12T08:32:45","date_gmt":"2019-08-12T06:32:45","guid":{"rendered":"https:\/\/arteconfort.com\/producto\/sem%20categoria\/naire\/"},"modified":"2022-04-21T12:10:22","modified_gmt":"2022-04-21T10:10:22","slug":"naire","status":"publish","type":"product","link":"https:\/\/arteconfort.com\/pt-pt\/producto\/naire\/","title":{"rendered":"NAIRE"},"content":{"rendered":"<div class=\"wpb-content-wrapper\"><p>[vc_row][vc_column width=&#8221;1\/2&#8243;][vc_accordion collapsible=&#8221;true&#8221; active_tab=&#8221;false&#8221;][vc_accordion_tab title=&#8221;Caracter\u00edsticas gerais&#8221;][vc_column_text]<strong>Dimens\u00f5es<\/strong> 105x30x171mm<br \/>\n<strong>Material<\/strong> ABS+PC<br \/>\n<b>Terminar <\/b>Branco\/Preto<br \/>\n<strong>IP<\/strong> 65<br \/>\n<strong>Garantia<\/strong> 3 anos[\/vc_column_text][\/vc_accordion_tab][vc_accordion_tab title=&#8221;Painel solar&#8221;][vc_column_text]<strong>Material<\/strong> Sil\u00edcio policristalino<br \/>\n<strong>Tipo de encapsulamento <\/strong>PET[\/vc_column_text][\/vc_accordion_tab][vc_accordion_tab title=&#8221;Bateria&#8221;][vc_column_text]<strong>Tipo de bateria<\/strong> Li-ion<br \/>\n<strong>Tens\u00e3o de carregamento <\/strong>3,7V<br \/>\n<strong>Capacidade<\/strong> 2.200mAh<br \/>\n<strong>Tempo de carregamento <\/strong>6h<br \/>\n<strong>Autonomia<\/strong> 8h[\/vc_column_text][\/vc_accordion_tab][vc_accordion_tab title=&#8221;LED&#8221;][vc_column_text]<strong>Tipo de LED<\/strong> SMD<br \/>\n<strong>\u00c2ngulo de abertura <\/strong>120\u00ba<br \/>\n<strong>CCT<\/strong> 6000K<br \/>\n<strong>Fluxo luminoso<\/strong> 500lm[\/vc_column_text][\/vc_accordion_tab][vc_accordion_tab title=&#8221;Modos de funcionamento&#8221;][vc_column_text]<strong>Modo 1<\/strong> Em 50lm. Muda para 500lm quando a presen\u00e7a \u00e9 detectada<br \/>\n<strong>Modo 2<\/strong> Desligado. Luzes a 500lm quando a presen\u00e7a \u00e9 detectada<br \/>\n<strong>Modo 3<\/strong> Fixado a 300lm sem sensor[\/vc_column_text][\/vc_accordion_tab][vc_accordion_tab title=&#8221;Sensor&#8221;][vc_column_text]<strong>Sensor<\/strong> Sim (PIR)<br \/>\n<strong>Dist\u00e2ncia de detec\u00e7\u00e3o <\/strong>10m<br \/>\n<strong>Tempo de cortesia <\/strong>10s[\/vc_column_text][\/vc_accordion_tab][\/vc_accordion][\/vc_column][vc_column width=&#8221;1\/2&#8243;][vc_single_image image=&#8221;5092&#8243;][\/vc_column][\/vc_row]<\/p>\n<\/div>","protected":false},"excerpt":{"rendered":"<p>Desfrute do seu jardim \u00e0 noite com a luz deste reflector solar LED. Inclui um detector de presen\u00e7a e uma placa LED de alto fluxo luminoso. Dispon\u00edvel em preto e branco, \u00e9 uma solu\u00e7\u00e3o vers\u00e1til e discreta para iluminar qualquer \u00e1rea exterior.<br \/>\n<strong>Ref. modelo branco ENAIRE-3P5T60SD220LIBLCD<\/strong><br \/>\n<strong>Ref. modelo preto ENAIRE-3P5T60SD220LINGRD<\/strong>[vc_row][vc_column offset=&#8221;vc_hidden-xs&#8221;][vc_empty_space height=&#8221;30px&#8221;][\/vc_column][\/vc_row][vc_row][vc_column][vc_row_inner][vc_column_inner][wyde_info_box icon_set=&#8221;stroke_gap&#8221; icon_stroke_gap=&#8221;sg-Antenna2&#8243; icon_position=&#8221;left&#8221; title=&#8221;SENSOR DE PRESEN\u00c7A&#8221;]Detec\u00e7\u00e3o de movimento e acendimento autom\u00e1tico da luz[\/wyde_info_box][vc_empty_space height=&#8221;15px&#8221;][\/vc_column_inner][\/vc_row_inner][vc_row_inner][vc_column_inner][wyde_info_box icon_set=&#8221;bigmug_line&#8221; icon_bigmug_line=&#8221;bigmug-line-equalizar2&#8243; icon_position=&#8221;left&#8221; title=&#8221;3 MODOS DE ILUMINA\u00c7\u00c3O&#8221;]Escolha entre diferentes modos de funcionamento com ou sem sensor de presen\u00e7a[\/wyde_info_box][vc_empty_space height=&#8221;15px&#8221;][\/vc_column_inner][\/vc_row_inner][vc_row_inner][vc_column_inner][wyde_info_box icon_set=&#8221;bigmug_line&#8221; icon_bigmug_line=&#8221;bigmug-line-foggy-sun&#8221; icon_position=&#8221;left&#8221; title=&#8221;PAINEL SOLAR COM MAIOR \u00c1REA DE SUPERF\u00cdCIE&#8221;]Carga melhorada devido ao aumento da recolha da luz solar e painel de maior qualidade para maior convers\u00e3o energ\u00e9tica[\/wyde_info_box][vc_empty_space height=&#8221;15px&#8221;][\/vc_column_inner][\/vc_row_inner][\/vc_column][\/vc_row][vc_row][vc_column offset=&#8221;vc_hidden-xs&#8221;][vc_empty_space height=&#8221;60px&#8221;][\/vc_column][\/vc_row][vc_row][vc_column width=&#8221;1\/3&#8243;][wyde_link_button icon_set=&#8221;simple_line&#8221; icon_simple_line=&#8221;sl-settings&#8221; style=&#8221;round&#8221; title=&#8221;Instru\u00e7\u00f5es&#8221; link=&#8221;url:http%3A%2F%2Farteconfort.com%2Fwp-content%2Fuploads%2F2020%2F01%2Fim-NAIRE.pdf||target:%20_blank|rel:nofollow&#8221; color=&#8221;#ffffff&#8221; bg_color=&#8221;#222222&#8243;][\/vc_column][\/vc_row][vc_row][vc_column offset=&#8221;vc_hidden-xs&#8221;][vc_empty_space][\/vc_column][\/vc_row]<\/p>\n","protected":false},"featured_media":32938,"template":"","meta":[],"product_brand":[],"product_cat":[407],"product_tag":[],"class_list":{"0":"post-11158","1":"product","2":"type-product","3":"status-publish","4":"has-post-thumbnail","6":"product_cat-descatalogados-pt-pt","8":"first","9":"instock","10":"shipping-taxable","11":"product-type-external"},"yoast_head":"<!-- This site is optimized with the Yoast SEO plugin v26.5 - https:\/\/yoast.com\/wordpress\/plugins\/seo\/ -->\n<title>NAIRE - Descatalogados - Arteconfort<\/title>\n<meta name=\"description\" content=\"Desfrute do seu jardim \u00e0 noite com a luz deste reflector solar LED. Inclui um detector de presen\u00e7a e uma placa LED de alto fluxo luminoso. Dispon\u00edvel em preto e branco, \u00e9 uma solu\u00e7\u00e3o vers\u00e1til e discreta para iluminar qualquer \u00e1rea exterior. Ref. modelo branco ENAIRE-3P5T60SD220LIBLCD Ref. modelo preto ENAIRE-3P5T60SD220LINGRDDetec\u00e7\u00e3o de movimento e acendimento autom\u00e1tico da luzEscolha entre diferentes modos de funcionamento com ou sem sensor de presen\u00e7aCarga melhorada devido ao aumento da recolha da luz solar e painel de maior qualidade para maior convers\u00e3o energ\u00e9tica\" \/>\n<meta name=\"robots\" content=\"index, follow, max-snippet:-1, max-image-preview:large, max-video-preview:-1\" \/>\n<link rel=\"canonical\" href=\"https:\/\/arteconfort.com\/pt-pt\/producto\/naire\/\" \/>\n<meta property=\"og:locale\" content=\"pt_PT\" \/>\n<meta property=\"og:type\" content=\"article\" \/>\n<meta property=\"og:title\" content=\"NAIRE - Descatalogados - Arteconfort\" \/>\n<meta property=\"og:description\" content=\"Desfrute do seu jardim \u00e0 noite com a luz deste reflector solar LED. Inclui um detector de presen\u00e7a e uma placa LED de alto fluxo luminoso. Dispon\u00edvel em preto e branco, \u00e9 uma solu\u00e7\u00e3o vers\u00e1til e discreta para iluminar qualquer \u00e1rea exterior. Ref. modelo branco ENAIRE-3P5T60SD220LIBLCD Ref. modelo preto ENAIRE-3P5T60SD220LINGRDDetec\u00e7\u00e3o de movimento e acendimento autom\u00e1tico da luzEscolha entre diferentes modos de funcionamento com ou sem sensor de presen\u00e7aCarga melhorada devido ao aumento da recolha da luz solar e painel de maior qualidade para maior convers\u00e3o energ\u00e9tica\" \/>\n<meta property=\"og:url\" content=\"https:\/\/arteconfort.com\/pt-pt\/producto\/naire\/\" \/>\n<meta property=\"og:site_name\" content=\"Arteconfort\" \/>\n<meta property=\"article:modified_time\" content=\"2022-04-21T10:10:22+00:00\" \/>\n<meta property=\"og:image\" content=\"https:\/\/arteconfort.com\/wp-content\/uploads\/2023\/10\/NAIRE.webp\" \/>\n\t<meta property=\"og:image:width\" content=\"1024\" \/>\n\t<meta property=\"og:image:height\" content=\"1024\" \/>\n\t<meta property=\"og:image:type\" content=\"image\/webp\" \/>\n<meta name=\"twitter:card\" content=\"summary_large_image\" \/>\n<meta name=\"twitter:label1\" content=\"Tempo estimado de leitura\" \/>\n\t<meta name=\"twitter:data1\" content=\"1 minuto\" \/>\n<!-- \/ Yoast SEO plugin. -->","yoast_head_json":{"title":"NAIRE - Descatalogados - Arteconfort","description":"Desfrute do seu jardim \u00e0 noite com a luz deste reflector solar LED. Inclui um detector de presen\u00e7a e uma placa LED de alto fluxo luminoso. Dispon\u00edvel em preto e branco, \u00e9 uma solu\u00e7\u00e3o vers\u00e1til e discreta para iluminar qualquer \u00e1rea exterior. Ref. modelo branco ENAIRE-3P5T60SD220LIBLCD Ref. modelo preto ENAIRE-3P5T60SD220LINGRDDetec\u00e7\u00e3o de movimento e acendimento autom\u00e1tico da luzEscolha entre diferentes modos de funcionamento com ou sem sensor de presen\u00e7aCarga melhorada devido ao aumento da recolha da luz solar e painel de maior qualidade para maior convers\u00e3o energ\u00e9tica","robots":{"index":"index","follow":"follow","max-snippet":"max-snippet:-1","max-image-preview":"max-image-preview:large","max-video-preview":"max-video-preview:-1"},"canonical":"https:\/\/arteconfort.com\/pt-pt\/producto\/naire\/","og_locale":"pt_PT","og_type":"article","og_title":"NAIRE - Descatalogados - Arteconfort","og_description":"Desfrute do seu jardim \u00e0 noite com a luz deste reflector solar LED. Inclui um detector de presen\u00e7a e uma placa LED de alto fluxo luminoso. Dispon\u00edvel em preto e branco, \u00e9 uma solu\u00e7\u00e3o vers\u00e1til e discreta para iluminar qualquer \u00e1rea exterior. Ref. modelo branco ENAIRE-3P5T60SD220LIBLCD Ref. modelo preto ENAIRE-3P5T60SD220LINGRDDetec\u00e7\u00e3o de movimento e acendimento autom\u00e1tico da luzEscolha entre diferentes modos de funcionamento com ou sem sensor de presen\u00e7aCarga melhorada devido ao aumento da recolha da luz solar e painel de maior qualidade para maior convers\u00e3o energ\u00e9tica","og_url":"https:\/\/arteconfort.com\/pt-pt\/producto\/naire\/","og_site_name":"Arteconfort","article_modified_time":"2022-04-21T10:10:22+00:00","og_image":[{"width":1024,"height":1024,"url":"https:\/\/arteconfort.com\/wp-content\/uploads\/2023\/10\/NAIRE.webp","type":"image\/webp"}],"twitter_card":"summary_large_image","twitter_misc":{"Tempo estimado de leitura":"1 minuto"},"schema":{"@context":"https:\/\/schema.org","@graph":[{"@type":"WebPage","@id":"https:\/\/arteconfort.com\/pt-pt\/producto\/naire\/","url":"https:\/\/arteconfort.com\/pt-pt\/producto\/naire\/","name":"NAIRE - Descatalogados - Arteconfort","isPartOf":{"@id":"https:\/\/arteconfort.com\/pt-pt\/#website"},"primaryImageOfPage":{"@id":"https:\/\/arteconfort.com\/pt-pt\/producto\/naire\/#primaryimage"},"image":{"@id":"https:\/\/arteconfort.com\/pt-pt\/producto\/naire\/#primaryimage"},"thumbnailUrl":"https:\/\/arteconfort.com\/wp-content\/uploads\/2023\/10\/NAIRE.webp","datePublished":"2019-08-12T06:32:45+00:00","dateModified":"2022-04-21T10:10:22+00:00","description":"Desfrute do seu jardim \u00e0 noite com a luz deste reflector solar LED. Inclui um detector de presen\u00e7a e uma placa LED de alto fluxo luminoso. Dispon\u00edvel em preto e branco, \u00e9 uma solu\u00e7\u00e3o vers\u00e1til e discreta para iluminar qualquer \u00e1rea exterior. Ref. modelo branco ENAIRE-3P5T60SD220LIBLCD Ref. modelo preto ENAIRE-3P5T60SD220LINGRDDetec\u00e7\u00e3o de movimento e acendimento autom\u00e1tico da luzEscolha entre diferentes modos de funcionamento com ou sem sensor de presen\u00e7aCarga melhorada devido ao aumento da recolha da luz solar e painel de maior qualidade para maior convers\u00e3o energ\u00e9tica","breadcrumb":{"@id":"https:\/\/arteconfort.com\/pt-pt\/producto\/naire\/#breadcrumb"},"inLanguage":"pt-PT","potentialAction":[{"@type":"ReadAction","target":["https:\/\/arteconfort.com\/pt-pt\/producto\/naire\/"]}]},{"@type":"ImageObject","inLanguage":"pt-PT","@id":"https:\/\/arteconfort.com\/pt-pt\/producto\/naire\/#primaryimage","url":"https:\/\/arteconfort.com\/wp-content\/uploads\/2023\/10\/NAIRE.webp","contentUrl":"https:\/\/arteconfort.com\/wp-content\/uploads\/2023\/10\/NAIRE.webp","width":1024,"height":1024},{"@type":"BreadcrumbList","@id":"https:\/\/arteconfort.com\/pt-pt\/producto\/naire\/#breadcrumb","itemListElement":[{"@type":"ListItem","position":1,"name":"Inicio","item":"https:\/\/arteconfort.com\/pt-pt\/"},{"@type":"ListItem","position":2,"name":"Tienda","item":"https:\/\/arteconfort.com\/pt-pt\/tienda-2\/"},{"@type":"ListItem","position":3,"name":"NAIRE"}]},{"@type":"WebSite","@id":"https:\/\/arteconfort.com\/pt-pt\/#website","url":"https:\/\/arteconfort.com\/pt-pt\/","name":"Arteconfort","description":"Especialistas en productos del hogar","publisher":{"@id":"https:\/\/arteconfort.com\/pt-pt\/#organization"},"potentialAction":[{"@type":"SearchAction","target":{"@type":"EntryPoint","urlTemplate":"https:\/\/arteconfort.com\/pt-pt\/?s={search_term_string}"},"query-input":{"@type":"PropertyValueSpecification","valueRequired":true,"valueName":"search_term_string"}}],"inLanguage":"pt-PT"},{"@type":"Organization","@id":"https:\/\/arteconfort.com\/pt-pt\/#organization","name":"Arteconfort","url":"https:\/\/arteconfort.com\/pt-pt\/","logo":{"@type":"ImageObject","inLanguage":"pt-PT","@id":"https:\/\/arteconfort.com\/pt-pt\/#\/schema\/logo\/image\/","url":"https:\/\/arteconfort.com\/wp-content\/uploads\/2019\/07\/logo-arteconfort.png","contentUrl":"https:\/\/arteconfort.com\/wp-content\/uploads\/2019\/07\/logo-arteconfort.png","width":230,"height":88,"caption":"Arteconfort"},"image":{"@id":"https:\/\/arteconfort.com\/pt-pt\/#\/schema\/logo\/image\/"}}]}},"_links":{"self":[{"href":"https:\/\/arteconfort.com\/pt-pt\/wp-json\/wp\/v2\/product\/11158","targetHints":{"allow":["GET"]}}],"collection":[{"href":"https:\/\/arteconfort.com\/pt-pt\/wp-json\/wp\/v2\/product"}],"about":[{"href":"https:\/\/arteconfort.com\/pt-pt\/wp-json\/wp\/v2\/types\/product"}],"wp:featuredmedia":[{"embeddable":true,"href":"https:\/\/arteconfort.com\/pt-pt\/wp-json\/wp\/v2\/media\/32938"}],"wp:attachment":[{"href":"https:\/\/arteconfort.com\/pt-pt\/wp-json\/wp\/v2\/media?parent=11158"}],"wp:term":[{"taxonomy":"product_brand","embeddable":true,"href":"https:\/\/arteconfort.com\/pt-pt\/wp-json\/wp\/v2\/product_brand?post=11158"},{"taxonomy":"product_cat","embeddable":true,"href":"https:\/\/arteconfort.com\/pt-pt\/wp-json\/wp\/v2\/product_cat?post=11158"},{"taxonomy":"product_tag","embeddable":true,"href":"https:\/\/arteconfort.com\/pt-pt\/wp-json\/wp\/v2\/product_tag?post=11158"}],"curies":[{"name":"wp","href":"https:\/\/api.w.org\/{rel}","templated":true}]}}